{"id":35304,"date":"2021-10-06T12:24:01","date_gmt":"2021-10-06T10:24:01","guid":{"rendered":"https:\/\/www.he-arc.ch\/?p=35304"},"modified":"2025-04-24T13:36:25","modified_gmt":"2025-04-24T11:36:25","slug":"mobility-and-international-relations","status":"publish","type":"page","link":"https:\/\/www.he-arc.ch\/en\/he-arc-en\/mobility-and-international-relations\/","title":{"rendered":"Mobility and international relations"},"content":{"rendered":"<header class=\"hero-section is-simple page-max is-wide\">\n  <div class=\"hero\">\n    <div class=\"hero-nav page-max\">\n      \n  <div class=\"breadcrumb hidden-print\">\n    <div class=\"breadcrumb-house\"><img decoding=\"async\" src=\"https:\/\/www.he-arc.ch\/wp-content\/themes\/he-arc\/static\/images\/icon-house.svg\" loading=\"lazy\" alt=\"\" height=\"12\"><\/div>\n    <a href=\"https:\/\/www.he-arc.ch\/en\/\" class=\"breadcrumb-link\">HE-Arc<\/a>\n    <div class=\"breadcrumb-bullet\"><\/div>\n\n          <a href=\"\/\/\" class=\"breadcrumb-link\"><\/a>\n      <div class=\"breadcrumb-bullet\"><\/div>\n    \n    \n              \n    \n    \n    \n    <span class=\"breadcrumb-link is-active pointer-none\">Mobility and international relations<\/span>\n  <\/div>\n\n          <\/div>\n    <div class=\"hero-row is-simple page-max\">\n      <div>\n        <span class=\"hero__overline display-block\"><\/span>\n        <h1 class=\"hero__title is-small\">Mobility and International Relations<\/h1>\n      <\/div>\n    <\/div>\n  <\/div>\n<\/header>\n\n\n<section class=\"page-section\">\n\n  <div class=\"page-menu--mobile is-shadowed--bold\">\n    <a href=\"#sidebar_contact\" class=\"btn-link border-none w-inline-block\">\n      <span class=\"btn-link__title is-goto\">Contact and Infos<\/span>\n    <\/a>\n  <\/div>\n\n  <div class=\"page-section__inner page-max\">\n\n    <div class=\"article__content is-with-aside\">\n\n      <div class=\"rich-text w-richtext\">\n                \n<div class=\"article__intro rich-text is-large w-richtext\">\n      <p>The Haute Ecole Arc is a globally connected university. It is developing exciting partnerships with numerous international academic institutions around the world. The mobility of teachers and students is strongly encouraged through training projects (Bachelor&#8217;s and Master&#8217;s Degrees) and Applied Research and Development projects.<\/p>\n\n  <\/div>\n\n\n\n<h4 class=\"wp-block-heading\">HE\u2010Arc mobility partnerships:<\/h4>\n\n\n\n<figure class=\"wp-block-image size-full is-style-default\"><a href=\"https:\/\/www.google.com\/maps\/d\/viewer?mid=1X_tIMIkjCvW2yGR0D-pqBCy3riZ4G-GS&amp;ll=29.66743110228232%2C38.66400484999997&amp;z=2\" target=\"_blank\" rel=\"noopener\"><img decoding=\"async\" src=\"https:\/\/www.he-arc.ch\/wp-content\/uploads\/2021\/10\/MobiliteCarte-scaled.jpg\" alt=\"\" class=\"wp-image-30504\"\/><\/a><\/figure>\n\n\n\n<h2 class=\"wp-block-heading\" id=\"title1\">Students&#8217; experiences of mobility<\/h2>\n\n\n\n<div class=\"cta-cards is-contained \">\n\n  \n  \n    \n\t      <ul class=\"flex-row mt-3 w-list-unstyled\">\n              <li class=\"size-1-2 size-full-mobile\">\n  \n    <a href=\"https:\/\/www.youtube.com\/watch?v=2Wr_gfUvqcI\"  class=\"cta-card is-shadowed \">\n  \n              <div class=\"cta-card__image  \" style=\"background-image: url(https:\/\/www.he-arc.ch\/wp-content\/uploads\/2021\/10\/MobiliteTemoignage1-300x203.png)\"><\/div>\n    \n    <div class=\"cta-card__inner is-with-arrow\">\n            <h3 class=\"cta-card__title pretty-underline is-large\">Two HE\u2010Arc Health students in Canada<\/h3>\n      <p class=\"cta-card__description\"><\/p>\n              <span class=\"icon-arrow-right cta-card__arrow\" \/>\n          <\/div>\n    <\/a>\n  <\/li>\n              <li class=\"size-1-2 size-full-mobile\">\n  \n    <a href=\"https:\/\/player.vimeo.com\/video\/657827167\"  class=\"cta-card is-shadowed \">\n  \n              <div class=\"cta-card__image  \" style=\"background-image: url(https:\/\/www.he-arc.ch\/wp-content\/uploads\/2021\/12\/MobiliteOutElzingre-e1641546141105-300x243.jpg)\"><\/div>\n    \n    <div class=\"cta-card__inner is-with-arrow\">\n            <h3 class=\"cta-card__title pretty-underline is-large\">A student from HE-Arc Engineering in Spain<\/h3>\n      <p class=\"cta-card__description\"><\/p>\n              <span class=\"icon-arrow-right cta-card__arrow\" \/>\n          <\/div>\n    <\/a>\n  <\/li>\n          <\/ul>\n\n    \n  \n<\/div>\n\n\n\n<h2 class=\"wp-block-heading\">Support for mobility<\/h2>\n\n\n\n<p>The Haute Ecole Arc offers comprehensive support to candidates for mobility:<\/p>\n\n\n\n<div class=\"mb-2-5 \">\n    <div id=\"accordion-block_a5b7b0110e8243c9832fba7018ea7735\"\n      class=\" accordion-item collapsed is-shadowed is-compact\"\n      data-toggle=\"collapse\" data-target=\"#accordion-pane-block_a5b7b0110e8243c9832fba7018ea7735\">\n    <div class=\"accordion-item__heading\">\n      <h2 class=\"accordion-item__title  is-small\">How can I find accommodation?<\/h2>\n    <\/div>\n    <span class=\"accordion-item__toggle hidden-print collapsed w-inline-block\">\n      <span class=\"plus-bar-1\"><\/span>\n      <span class=\"plus-bar-2\"><\/span>\n    <\/span>\n  <\/div>\n\n  <div id=\"accordion-pane-block_a5b7b0110e8243c9832fba7018ea7735\" class=\"accordion-pane show-print collapse \">\n    <div class=\"rich-text mt-2 w-richtext\">\n\n      \n\n<p>The Haute Ecole Arc offers accommodation in partnership with <a href=\"https:\/\/alfen.ch\/\" target=\"_blank\" rel=\"noreferrer noopener\">Alfen <\/a>at subsidised rates (approx. 400 CHF \/ month) to students on mobility programmes, subject to availability.<\/p>\n\n\n\n<p>To apply for this type of accommodation, please specify your needs on the application form.<\/p>\n\n\n\n<p>You can also carry out your own accommodation search.<\/p>\n\n\n    <\/div>\n  <\/div>\n<\/div>\n\n\n\n<div class=\"mb-2-5 \">\n    <div id=\"accordion-block_9306f9fe984f966759f50cde53f4e6e6\"\n      class=\" accordion-item collapsed is-shadowed is-compact\"\n      data-toggle=\"collapse\" data-target=\"#accordion-pane-block_9306f9fe984f966759f50cde53f4e6e6\">\n    <div class=\"accordion-item__heading\">\n      <h2 class=\"accordion-item__title  is-small\">How do I find a scholarship?<\/h2>\n    <\/div>\n    <span class=\"accordion-item__toggle hidden-print collapsed w-inline-block\">\n      <span class=\"plus-bar-1\"><\/span>\n      <span class=\"plus-bar-2\"><\/span>\n    <\/span>\n  <\/div>\n\n  <div id=\"accordion-pane-block_9306f9fe984f966759f50cde53f4e6e6\" class=\"accordion-pane show-print collapse \">\n    <div class=\"rich-text mt-2 w-richtext\">\n\n      \n\n<p>Switzerland is now considered a third country in the framework of Erasmus. The Confederation offers, through the SEMP programme, scholarships similar to those used in the Erasmus + programme. The scholarships are detailed in <a href=\"https:\/\/www.he-arc.ch\/wp-content\/uploads\/2021\/08\/ET_Subventions_2021_EBAUCHE.pdf\" target=\"_blank\" rel=\"noreferrer noopener\">this table<\/a>.<\/p>\n\n\n\n<p>In addition, complementary scholarships to the &#8220;classical&#8221; funding systems are being developed.<\/p>\n\n\n\n<p>Depending on the case, additional support is granted (Swiss health insurance, transport, assistance, etc.).<br>The Mobility Office will be happy to provide details of the assistance available.<\/p>\n\n\n\n<h4 class=\"wp-block-heading\">Grants from the Communaut\u00e9 du savoir<\/h4>\n\n\n\n<p>The Communaut\u00e9 du savoir offers internship grants ranging from CHF 550 to CHF 2&#8217;200 for students attached to the institutions in the swiss-french Jura Arc (SUPMICROTECH-ENSMM, Universit\u00e9 de Franche-Comt\u00e9, UTBM, HEIG-VD, UniNE, HEP-Bejune et Haute Ecole Arc).<\/p>\n\n\n\n<p>Applications are possible all year round.<\/p>\n\n\n\n<p><a href=\"https:\/\/www.communautedusavoir.org\/dispositifs-financiers\/\" target=\"_blank\" rel=\"noreferrer noopener\">Information and regulations<\/a><\/p>\n\n\n\n<p>Contact: <a href=\"mailto:info@communautedusavoir.org\" target=\"_blank\" rel=\"noreferrer noopener\">info@communautedusavoir.o<\/a><\/p>\n\n\n    <\/div>\n  <\/div>\n<\/div>\n\n\n\n<div class=\"mb-2-5 \">\n    <div id=\"accordion-block_9293223d09161e5ef594ffb0e580b25a\"\n      class=\" accordion-item collapsed is-shadowed is-compact\"\n      data-toggle=\"collapse\" data-target=\"#accordion-pane-block_9293223d09161e5ef594ffb0e580b25a\">\n    <div class=\"accordion-item__heading\">\n      <h2 class=\"accordion-item__title  is-small\">Integration support: how am I welcomed?<\/h2>\n    <\/div>\n    <span class=\"accordion-item__toggle hidden-print collapsed w-inline-block\">\n      <span class=\"plus-bar-1\"><\/span>\n      <span class=\"plus-bar-2\"><\/span>\n    <\/span>\n  <\/div>\n\n  <div id=\"accordion-pane-block_9293223d09161e5ef594ffb0e580b25a\" class=\"accordion-pane show-print collapse \">\n    <div class=\"rich-text mt-2 w-richtext\">\n\n      \n\n<p>The Haute Ecole Arc offers its mobility students the opportunity to take part in an integration course lasting ten days before the start of the academic year in partnership with the International Exchange Erasmus Student Network. This is an opportunity to discover the region and its main institutions through a programme of visits, outings and culinary and student festivities, as well as, making contact with other students.<br>Our partnership with the University of Neuch\u00e2tel (UniNE) also allows students to benefit from French language courses during immersion courses during the academic year. The mobility office is at your disposal for further information.<\/p>\n\n\n\n<figure class=\"wp-block-image size-thumbnail\"><a href=\"https:\/\/www.he-arc.ch\/wp-content\/uploads\/2022\/06\/mobilite-150x150.png\"><img decoding=\"async\" width=\"150\" height=\"150\" src=\"https:\/\/www.he-arc.ch\/wp-content\/uploads\/2022\/06\/mobilite-150x150.png\" alt=\"\" class=\"wp-image-34738\"\/><\/a><figcaption class=\"wp-element-caption\">Sustainability without borders<\/figcaption><\/figure>\n\n\n    <\/div>\n  <\/div>\n<\/div>\n\n\n\n<div class=\"mb-2-5 \">\n    <div id=\"accordion-block_41a90d9beb204d5e0f79d4bf4c0c3be1\"\n      class=\" accordion-item collapsed is-shadowed is-compact\"\n      data-toggle=\"collapse\" data-target=\"#accordion-pane-block_41a90d9beb204d5e0f79d4bf4c0c3be1\">\n    <div class=\"accordion-item__heading\">\n      <h2 class=\"accordion-item__title  is-small\">Student mobility community<\/h2>\n    <\/div>\n    <span class=\"accordion-item__toggle hidden-print collapsed w-inline-block\">\n      <span class=\"plus-bar-1\"><\/span>\n      <span class=\"plus-bar-2\"><\/span>\n    <\/span>\n  <\/div>\n\n  <div id=\"accordion-pane-block_41a90d9beb204d5e0f79d4bf4c0c3be1\" class=\"accordion-pane show-print collapse \">\n    <div class=\"rich-text mt-2 w-richtext\">\n\n      \n\n<p>Throughout their stay, mobility students have the opportunity to participate in special events, organised by the HE-Arc and Erasmus Student Network (ESN) teams in Neuch\u00e2tel. Sports activities, visits to cities or museums, hikes and weekends around Switzerland are among the services available to our mobile student community. It also benefits from special events on the HE-Arc campuses, for example, meetings with the mobility delegates are organised and an end-of-semester aperitif is held to share experience. The community of mobility students also lives online via social networks. A WhatsApp group is set up during the integration week and the students&#8217; journey is illustrated on the HE-Arc Instagram and Facebook pages.<\/p>\n\n\n    <\/div>\n  <\/div>\n<\/div>\n\n\n\n<h2 class=\"wp-block-heading\">Strategic partners<\/h2>\n\n\n\n<p>The Haute Ecole Arc is co-president of the <a href=\"https:\/\/www.communautedusavoir.org\/\" target=\"_blank\" rel=\"noreferrer noopener\">Communaut\u00e9 du savoir <\/a>until 2024. This network originally brought together seven French and Swiss higher education and\/or research institutions. Its aim is to promote and support Franco-Swiss cooperation in research, innovation and training in the Franco-Swiss Jura Arc region. By pursuing its objectives, the Knowledge Community contributes to strengthening the attractiveness and competitiveness of the French-Swiss Jura Arc. It contributes to the dissemination of innovations to the socio-economic fabric of this territory.<\/p>\n\n\n\n<figure class=\"wp-block-image size-full is-resized\"><img decoding=\"async\" width=\"433\" height=\"212\" src=\"https:\/\/www.he-arc.ch\/wp-content\/uploads\/2021\/10\/CDSLogo.png\" alt=\"\" class=\"wp-image-30500\" style=\"width:254px;height:124px\" srcset=\"https:\/\/www.he-arc.ch\/wp-content\/uploads\/2021\/10\/CDSLogo.png 433w, https:\/\/www.he-arc.ch\/wp-content\/uploads\/2021\/10\/CDSLogo-300x147.png 300w\" sizes=\"(max-width: 433px) 100vw, 433px\" \/><\/figure>\n\n\n            <\/div>\n\n    <\/div>\n\n    <div class=\"article__aside w-100p\" id=\"sidebar_contact\">\n\n  <aside class=\"page-section__aside\">\n      <nav class=\"page-menu hidden-print is-shadowed--bold mt-1  w-list-unstyled\" aria-label=\"Raccourcis sur la page\">\n        <span class=\"page-menu__heading mt-0\">Mobility<\/span>\n                    \n            <a href=\"https:\/\/www.he-arc.ch\/en\/he-arc-en\/mobility-and-international-relations\/\"  class=\"btn-link is-current is-with-arrow \">\n        <span class=\"simple-link no-decoration\">Mobility and international relations<\/span>\n      <\/a>\n                      \n            <a href=\"https:\/\/www.he-arc.ch\/en\/he-arc-en\/studying-abroad\/\"  class=\"btn-link  is-with-arrow \">\n        <span class=\"simple-link no-decoration\">Studying in Switzerland or abroad<\/span>\n      <\/a>\n                      \n            <a href=\"https:\/\/www.he-arc.ch\/en\/he-arc-en\/making-an-inward-move\/\"  class=\"btn-link  is-with-arrow \">\n        <span class=\"simple-link no-decoration\">Making an inward mobility<\/span>\n      <\/a>\n                      \n            <a href=\"https:\/\/www.he-arc.ch\/en\/he-arc-en\/teacher-mobility\/\"  class=\"btn-link  is-with-arrow border-none\">\n        <span class=\"simple-link no-decoration\">Teacher mobility<\/span>\n      <\/a>\n            <\/nav>\n  <\/aside>\n\n      <div class=\"mt-4 w-100p\">\n              <h4 class=\"link-list__title\">Contact person<\/h4>\n        \n<div id=\"contact-card-block_b82e60d518a0b5e043488a309c070acf\" class=\"contact-card is-shadowed  is-not-contained\">\n  <div class=\"contact-card__inner\">\n                <div class=\"contact-entry mb-1\">\n        Cl\u00e9a Bene\n      <\/div>\n                      <div class=\"contact-entry mb-1\">\n        Administrative Assistant Mobility\n      <\/div>\n                      <div class=\"contact-entry mb-1\">\n        <a href=\"tel:+41329301151\"  class=\"simple-link contact-entry mb-1\">+ 41 32 930 11 51<\/a>\n      <\/div>\n                      <div class=\"contact-entry \">\n        <a href=\"mailto:clea.bene@he-arc.ch\"  class=\"simple-link contact-entry mb-1\">Email<\/a>\n      <\/div>\n            <\/div>\n<\/div>\n          <\/div>\n\n      <div class=\"mt-4 w-100p\">\n              <div id=\"download-links-block_b82e60d518a0b5e043488a309c070acf\" class=\"\">\n  <div class=\"link-list\">\n\n        <h4 class=\"link-list__title\">Mobility by domain<\/h4>\n    \n    \n      <div class=\"link-list__item\">\n\t            <a href=\"https:\/\/www.he-arc.ch\/conservation-restauration\/mobilite-stages-etudes\/\" class=\"simple-link\" >\n          Conservation-restoration\n        <\/a>\n            <\/div>\n\n    \n      <div class=\"link-list__item\">\n\t            <a href=\"\" class=\"simple-link\" >\n          Management\n        <\/a>\n            <\/div>\n\n    \n      <div class=\"link-list__item\">\n\t            <a href=\"\/en\/engineering\/bachelors\/mobility-and-exchanges\/\" class=\"simple-link\" >\n          Engineering\n        <\/a>\n            <\/div>\n\n    \n      <div class=\"link-list__item\">\n\t            <a href=\"https:\/\/www.he-arc.ch\/domaine\/sante\/#mobilites\" class=\"simple-link\" >\n          Health\n        <\/a>\n            <\/div>\n\n      <\/div>\n<\/div>\n          <\/div>\n\n  <\/div>\n\n  <\/div>\n<\/section>\n","protected":false},"excerpt":{"rendered":"","protected":false},"author":13,"featured_media":0,"parent":0,"menu_order":79,"comment_status":"closed","ping_status":"closed","template":"","meta":{"_acf_changed":false,"footnotes":""},"he-arc_domain":[154],"class_list":["post-35304","page","type-page","status-publish","hentry","he-arc_domain-he-arc-en"],"acf":[],"yoast_head":"<!-- This site is optimized with the Yoast SEO plugin v26.6 - https:\/\/yoast.com\/wordpress\/plugins\/seo\/ -->\n<title>Mobility and international relations - Haute-Ecole Arc<\/title>\n<meta name=\"robots\" content=\"index, follow, max-snippet:-1, max-image-preview:large, max-video-preview:-1\" \/>\n<link rel=\"canonical\" href=\"https:\/\/www.he-arc.ch\/en\/he-arc-en\/mobility-and-international-relations\/\" \/>\n<meta property=\"og:locale\" content=\"en_US\" \/>\n<meta property=\"og:type\" content=\"article\" \/>\n<meta property=\"og:title\" content=\"Mobility and international relations - Haute-Ecole Arc\" \/>\n<meta property=\"og:url\" content=\"https:\/\/www.he-arc.ch\/en\/he-arc-en\/mobility-and-international-relations\/\" \/>\n<meta property=\"og:site_name\" content=\"Haute-Ecole Arc\" \/>\n<meta property=\"article:modified_time\" content=\"2025-04-24T11:36:25+00:00\" \/>\n<meta property=\"og:image\" content=\"https:\/\/www.he-arc.ch\/wp-content\/uploads\/2021\/10\/MobiliteCarte-scaled.jpg\" \/>\n<meta name=\"twitter:card\" content=\"summary_large_image\" \/>\n<meta name=\"twitter:label1\" content=\"Est. reading time\" \/>\n\t<meta name=\"twitter:data1\" content=\"4 minutes\" \/>\n<script type=\"application\/ld+json\" class=\"yoast-schema-graph\">{\"@context\":\"https:\/\/schema.org\",\"@graph\":[{\"@type\":\"WebPage\",\"@id\":\"https:\/\/www.he-arc.ch\/en\/he-arc-en\/mobility-and-international-relations\/\",\"url\":\"https:\/\/www.he-arc.ch\/en\/he-arc-en\/mobility-and-international-relations\/\",\"name\":\"Mobility and international relations - Haute-Ecole Arc\",\"isPartOf\":{\"@id\":\"https:\/\/www.he-arc.ch\/en\/#website\"},\"primaryImageOfPage\":{\"@id\":\"https:\/\/www.he-arc.ch\/en\/he-arc-en\/mobility-and-international-relations\/#primaryimage\"},\"image\":{\"@id\":\"https:\/\/www.he-arc.ch\/en\/he-arc-en\/mobility-and-international-relations\/#primaryimage\"},\"thumbnailUrl\":\"https:\/\/www.he-arc.ch\/wp-content\/uploads\/2021\/10\/MobiliteCarte-scaled.jpg\",\"datePublished\":\"2021-10-06T10:24:01+00:00\",\"dateModified\":\"2025-04-24T11:36:25+00:00\",\"breadcrumb\":{\"@id\":\"https:\/\/www.he-arc.ch\/en\/he-arc-en\/mobility-and-international-relations\/#breadcrumb\"},\"inLanguage\":\"en-US\",\"potentialAction\":[{\"@type\":\"ReadAction\",\"target\":[\"https:\/\/www.he-arc.ch\/en\/he-arc-en\/mobility-and-international-relations\/\"]}]},{\"@type\":\"ImageObject\",\"inLanguage\":\"en-US\",\"@id\":\"https:\/\/www.he-arc.ch\/en\/he-arc-en\/mobility-and-international-relations\/#primaryimage\",\"url\":\"https:\/\/www.he-arc.ch\/wp-content\/uploads\/2021\/10\/MobiliteCarte-scaled.jpg\",\"contentUrl\":\"https:\/\/www.he-arc.ch\/wp-content\/uploads\/2021\/10\/MobiliteCarte-scaled.jpg\"},{\"@type\":\"BreadcrumbList\",\"@id\":\"https:\/\/www.he-arc.ch\/en\/he-arc-en\/mobility-and-international-relations\/#breadcrumb\",\"itemListElement\":[{\"@type\":\"ListItem\",\"position\":1,\"name\":\"Accueil\",\"item\":\"https:\/\/www.he-arc.ch\/en\/\"},{\"@type\":\"ListItem\",\"position\":2,\"name\":\"Mobility and international relations\"}]},{\"@type\":\"WebSite\",\"@id\":\"https:\/\/www.he-arc.ch\/en\/#website\",\"url\":\"https:\/\/www.he-arc.ch\/en\/\",\"name\":\"Haute-Ecole Arc\",\"description\":\"Haute \u00e9cole sp\u00e9cialis\u00e9e Suisse. Gestion, Ing\u00e9nierie, Sant\u00e9, Conservation-\u200brestauration.\",\"publisher\":{\"@id\":\"https:\/\/www.he-arc.ch\/en\/#organization\"},\"potentialAction\":[{\"@type\":\"SearchAction\",\"target\":{\"@type\":\"EntryPoint\",\"urlTemplate\":\"https:\/\/www.he-arc.ch\/en\/?s={search_term_string}\"},\"query-input\":{\"@type\":\"PropertyValueSpecification\",\"valueRequired\":true,\"valueName\":\"search_term_string\"}}],\"inLanguage\":\"en-US\"},{\"@type\":\"Organization\",\"@id\":\"https:\/\/www.he-arc.ch\/en\/#organization\",\"name\":\"Haute Ecole Arc\",\"url\":\"https:\/\/www.he-arc.ch\/en\/\",\"logo\":{\"@type\":\"ImageObject\",\"inLanguage\":\"en-US\",\"@id\":\"https:\/\/www.he-arc.ch\/en\/#\/schema\/logo\/image\/\",\"url\":\"https:\/\/www.he-arc.ch\/wp-content\/uploads\/2022\/01\/logo-he-arc.svg\",\"contentUrl\":\"https:\/\/www.he-arc.ch\/wp-content\/uploads\/2022\/01\/logo-he-arc.svg\",\"width\":140,\"height\":42,\"caption\":\"Haute Ecole Arc\"},\"image\":{\"@id\":\"https:\/\/www.he-arc.ch\/en\/#\/schema\/logo\/image\/\"}}]}<\/script>\n<!-- \/ Yoast SEO plugin. -->","yoast_head_json":{"title":"Mobility and international relations - Haute-Ecole Arc","robots":{"index":"index","follow":"follow","max-snippet":"max-snippet:-1","max-image-preview":"max-image-preview:large","max-video-preview":"max-video-preview:-1"},"canonical":"https:\/\/www.he-arc.ch\/en\/he-arc-en\/mobility-and-international-relations\/","og_locale":"en_US","og_type":"article","og_title":"Mobility and international relations - Haute-Ecole Arc","og_url":"https:\/\/www.he-arc.ch\/en\/he-arc-en\/mobility-and-international-relations\/","og_site_name":"Haute-Ecole Arc","article_modified_time":"2025-04-24T11:36:25+00:00","og_image":[{"url":"https:\/\/www.he-arc.ch\/wp-content\/uploads\/2021\/10\/MobiliteCarte-scaled.jpg","type":"","width":"","height":""}],"twitter_card":"summary_large_image","twitter_misc":{"Est. reading time":"4 minutes"},"schema":{"@context":"https:\/\/schema.org","@graph":[{"@type":"WebPage","@id":"https:\/\/www.he-arc.ch\/en\/he-arc-en\/mobility-and-international-relations\/","url":"https:\/\/www.he-arc.ch\/en\/he-arc-en\/mobility-and-international-relations\/","name":"Mobility and international relations - Haute-Ecole Arc","isPartOf":{"@id":"https:\/\/www.he-arc.ch\/en\/#website"},"primaryImageOfPage":{"@id":"https:\/\/www.he-arc.ch\/en\/he-arc-en\/mobility-and-international-relations\/#primaryimage"},"image":{"@id":"https:\/\/www.he-arc.ch\/en\/he-arc-en\/mobility-and-international-relations\/#primaryimage"},"thumbnailUrl":"https:\/\/www.he-arc.ch\/wp-content\/uploads\/2021\/10\/MobiliteCarte-scaled.jpg","datePublished":"2021-10-06T10:24:01+00:00","dateModified":"2025-04-24T11:36:25+00:00","breadcrumb":{"@id":"https:\/\/www.he-arc.ch\/en\/he-arc-en\/mobility-and-international-relations\/#breadcrumb"},"inLanguage":"en-US","potentialAction":[{"@type":"ReadAction","target":["https:\/\/www.he-arc.ch\/en\/he-arc-en\/mobility-and-international-relations\/"]}]},{"@type":"ImageObject","inLanguage":"en-US","@id":"https:\/\/www.he-arc.ch\/en\/he-arc-en\/mobility-and-international-relations\/#primaryimage","url":"https:\/\/www.he-arc.ch\/wp-content\/uploads\/2021\/10\/MobiliteCarte-scaled.jpg","contentUrl":"https:\/\/www.he-arc.ch\/wp-content\/uploads\/2021\/10\/MobiliteCarte-scaled.jpg"},{"@type":"BreadcrumbList","@id":"https:\/\/www.he-arc.ch\/en\/he-arc-en\/mobility-and-international-relations\/#breadcrumb","itemListElement":[{"@type":"ListItem","position":1,"name":"Accueil","item":"https:\/\/www.he-arc.ch\/en\/"},{"@type":"ListItem","position":2,"name":"Mobility and international relations"}]},{"@type":"WebSite","@id":"https:\/\/www.he-arc.ch\/en\/#website","url":"https:\/\/www.he-arc.ch\/en\/","name":"Haute-Ecole Arc","description":"Haute \u00e9cole sp\u00e9cialis\u00e9e Suisse. Gestion, Ing\u00e9nierie, Sant\u00e9, Conservation-\u200brestauration.","publisher":{"@id":"https:\/\/www.he-arc.ch\/en\/#organization"},"potentialAction":[{"@type":"SearchAction","target":{"@type":"EntryPoint","urlTemplate":"https:\/\/www.he-arc.ch\/en\/?s={search_term_string}"},"query-input":{"@type":"PropertyValueSpecification","valueRequired":true,"valueName":"search_term_string"}}],"inLanguage":"en-US"},{"@type":"Organization","@id":"https:\/\/www.he-arc.ch\/en\/#organization","name":"Haute Ecole Arc","url":"https:\/\/www.he-arc.ch\/en\/","logo":{"@type":"ImageObject","inLanguage":"en-US","@id":"https:\/\/www.he-arc.ch\/en\/#\/schema\/logo\/image\/","url":"https:\/\/www.he-arc.ch\/wp-content\/uploads\/2022\/01\/logo-he-arc.svg","contentUrl":"https:\/\/www.he-arc.ch\/wp-content\/uploads\/2022\/01\/logo-he-arc.svg","width":140,"height":42,"caption":"Haute Ecole Arc"},"image":{"@id":"https:\/\/www.he-arc.ch\/en\/#\/schema\/logo\/image\/"}}]}},"_links":{"self":[{"href":"https:\/\/www.he-arc.ch\/en\/wp-json\/wp\/v2\/pages\/35304","targetHints":{"allow":["GET"]}}],"collection":[{"href":"https:\/\/www.he-arc.ch\/en\/wp-json\/wp\/v2\/pages"}],"about":[{"href":"https:\/\/www.he-arc.ch\/en\/wp-json\/wp\/v2\/types\/page"}],"author":[{"embeddable":true,"href":"https:\/\/www.he-arc.ch\/en\/wp-json\/wp\/v2\/users\/13"}],"replies":[{"embeddable":true,"href":"https:\/\/www.he-arc.ch\/en\/wp-json\/wp\/v2\/comments?post=35304"}],"version-history":[{"count":55,"href":"https:\/\/www.he-arc.ch\/en\/wp-json\/wp\/v2\/pages\/35304\/revisions"}],"predecessor-version":[{"id":67126,"href":"https:\/\/www.he-arc.ch\/en\/wp-json\/wp\/v2\/pages\/35304\/revisions\/67126"}],"wp:attachment":[{"href":"https:\/\/www.he-arc.ch\/en\/wp-json\/wp\/v2\/media?parent=35304"}],"wp:term":[{"taxonomy":"he-arc_domain","embeddable":true,"href":"https:\/\/www.he-arc.ch\/en\/wp-json\/wp\/v2\/he-arc_domain?post=35304"}],"curies":[{"name":"wp","href":"https:\/\/api.w.org\/{rel}","templated":true}]}}