{"id":35342,"date":"2021-07-30T08:45:33","date_gmt":"2021-07-30T06:45:33","guid":{"rendered":"https:\/\/www.he-arc.ch\/?p=35342"},"modified":"2025-04-24T13:37:00","modified_gmt":"2025-04-24T11:37:00","slug":"studying-abroad","status":"publish","type":"page","link":"https:\/\/www.he-arc.ch\/en\/he-arc-en\/studying-abroad\/","title":{"rendered":"Studying in Switzerland or abroad"},"content":{"rendered":"<header class=\"hero-section is-simple page-max is-wide\">\n  <div class=\"hero\">\n    <div class=\"hero-nav page-max\">\n      \n  <div class=\"breadcrumb hidden-print\">\n    <div class=\"breadcrumb-house\"><img decoding=\"async\" src=\"https:\/\/www.he-arc.ch\/wp-content\/themes\/he-arc\/static\/images\/icon-house.svg\" loading=\"lazy\" alt=\"\" height=\"12\"><\/div>\n    <a href=\"https:\/\/www.he-arc.ch\/en\/\" class=\"breadcrumb-link\">HE-Arc<\/a>\n    <div class=\"breadcrumb-bullet\"><\/div>\n\n          <a href=\"\/\/\" class=\"breadcrumb-link\"><\/a>\n      <div class=\"breadcrumb-bullet\"><\/div>\n    \n    \n              \n    \n    \n    \n    <span class=\"breadcrumb-link is-active pointer-none\">Studying in Switzerland or abroad<\/span>\n  <\/div>\n\n          <\/div>\n    <div class=\"hero-row is-simple page-max\">\n      <div>\n        <span class=\"hero__overline display-block\"><\/span>\n        <h1 class=\"hero__title is-small\">Studying in Switzerland or Abroad<\/h1>\n      <\/div>\n    <\/div>\n  <\/div>\n<\/header>\n\n\n<section class=\"page-section\">\n\n  <div class=\"page-menu--mobile is-shadowed--bold\">\n    <a href=\"#sidebar_contact\" class=\"btn-link border-none w-inline-block\">\n      <span class=\"btn-link__title is-goto\">Contact and Infos<\/span>\n    <\/a>\n  <\/div>\n\n  <div class=\"page-section__inner page-max\">\n\n    <div class=\"article__content is-with-aside\">\n\n      <div class=\"rich-text w-richtext\">\n                \n\n<div class=\"full-quote\" id=\"full-quote-block_7585a53f8f1fb3cc8ecaf791c3c0a27f\">\n  <blockquote class=\"full-quote__body\">\n    &#8220;Amazing: students who have completed an international mobility project have positively increased their skills in six months, whereas this progress in a classic study cycle without mobility would have taken four years!&#8221;\n  <\/blockquote>\n    <div class=\"full-quote__cite\">\n    <div class=\"full-quote__author mr-tiny\">Source: &#8220;The erasmus impact study regional analysis: A Comparative Analysis of the Effects of Erasmus on the Personality, Skills and Career of students of European Regions and Selected Countries.&#8221; Luxembourg: Publications Office of the European Union, 2016<\/div>\n      <\/div>\n  <\/div>\n\n\n<div class=\"article__intro rich-text is-large w-richtext\">\n      <p><strong data-rich-text-format-boundary=\"true\">An enriching personal experience!<\/strong><\/p>\n<p>The HE-Arc encourages its students to acquire additional skills by giving them the opportunity to study in Switzerland or abroad during study semesters and internships. The credits obtained during these stays are recognised as part of their qualification.<\/p>\n<p>&nbsp;<\/p>\n\n  <\/div>\n\n\n\n<h3 class=\"wp-block-heading\">HE\u2010Arc partnerships around the world<\/h3>\n\n\n\n<figure class=\"wp-block-image size-full is-style-default\"><a href=\"https:\/\/www.google.com\/maps\/d\/viewer?mid=1X_tIMIkjCvW2yGR0D-pqBCy3riZ4G-GS&amp;ll=29.66743110228232%2C38.66400484999997&amp;z=2\" target=\"_blank\" rel=\"noopener\"><img decoding=\"async\" src=\"https:\/\/www.he-arc.ch\/wp-content\/uploads\/2021\/10\/MobiliteCarte-scaled.jpg\" alt=\"\" class=\"wp-image-30504\"\/><\/a><\/figure>\n\n\n<div class=\"video-card-wrapper  is-not-contained \">\n                    <ul class=\"flex-row w-list-unstyled  \">\n                              <li class=\"size-full size-full-mobile\">\n              <a class=\"video-card is-shadowed js-open-video \" href=\"https:\/\/www.youtube.com\/watch?v=2Wr_gfUvqcI\">\n                <div class=\"image-wrapper--landscape\" style=\"background-image: url(https:\/\/www.he-arc.ch\/wp-content\/uploads\/2021\/08\/PartirALetranger.jpg)\">\n                  <div class=\"btn-play is-centered\">&nbsp;<\/div>\n                <\/div>\n                <div class=\"video-card__info\">\n                                    <div class=\"video-card__meta\">\n                    <h3 class=\"video-card__overline\">Haute Ecole Arc Sant\u00e9<\/h3>\n                  <\/div>\n                                    <h3 class=\"video-card__title\">Testimonial<\/h3>\n                <\/div>\n              <\/a>\n            <\/li>\n                                          <\/ul>\n      <\/div>\n\n\n\n\n<div class=\"accordion-wrapper mt-4 \">\n    <!--div class=\"page-max\">\n    <h2 class=\"section-subtitle is-large\"><\/h2>\n  <\/div-->\n  \n\n<div class=\"mb-2-5 \">\n    <div id=\"accordion-block_edc67c64ad2e2965ca5f45c314a3f05f\"\n      class=\" accordion-item collapsed is-shadowed is-compact\"\n      data-toggle=\"collapse\" data-target=\"#accordion-pane-block_edc67c64ad2e2965ca5f45c314a3f05f\">\n    <div class=\"accordion-item__heading\">\n      <h2 class=\"accordion-item__title  is-small\">How do I apply?<\/h2>\n    <\/div>\n    <span class=\"accordion-item__toggle hidden-print collapsed w-inline-block\">\n      <span class=\"plus-bar-1\"><\/span>\n      <span class=\"plus-bar-2\"><\/span>\n    <\/span>\n  <\/div>\n\n  <div id=\"accordion-pane-block_edc67c64ad2e2965ca5f45c314a3f05f\" class=\"accordion-pane show-print collapse \">\n    <div class=\"rich-text mt-2 w-richtext\">\n\n      \n\n<p><strong>1.Eligibility requirements<\/strong><\/p>\n\n\n\n<p>Ensure:<\/p>\n\n\n\n<ul class=\"wp-block-list\">\n<li>the opportunities offered by your field of study (level of study, modules acquired, period of stay)<\/li>\n<\/ul>\n\n\n\n<ul class=\"wp-block-list\">\n<li>the required language level. Your language level must correspond to the requirements of the host institution and your field of study.<\/li>\n<\/ul>\n\n\n\n<p><strong>2. Choice of host institution<\/strong><\/p>\n\n\n\n<p>You must choose the partner with which you wish to carry out your project. All partners are listed on the&nbsp;<a href=\"https:\/\/www.google.com\/maps\/d\/viewer?mid=1X_tIMIkjCvW2yGR0D-pqBCy3riZ4G-GS&amp;ll=29.66743110228232%2C38.66400484999997&amp;z=2\" target=\"_blank\" rel=\"noreferrer noopener\">interactive map<\/a>&nbsp;or directly on the website of the relevant course area. If your project concerns a country or partner which is not listed, please indicate this on your application form so that the feasibility of your mobility project can be determined.<\/p>\n\n\n\n<p><strong>3. What are the deadlines ?<\/strong><\/p>\n\n\n\n<p>Please contact the mobility office for more information. Please note: it can take several months to compile a mobility file, due to the conditions of entry into the countries.<\/p>\n\n\n\n<p><strong>4. Application form<\/strong><\/p>\n\n\n\n<p>You can contact Ms Cl\u00e9a Bene to obtain the application form.<br>The non-allocation of an exchange place is not subject to objection or appeal.<\/p>\n\n\n    <\/div>\n  <\/div>\n<\/div>\n\n\n<\/div>\n\n\n\n<div class=\"accordion-wrapper mt-4 \">\n    <!--div class=\"page-max\">\n    <h2 class=\"section-subtitle is-large\"><\/h2>\n  <\/div-->\n  \n\n<div class=\"mb-2-5 \">\n    <div id=\"accordion-block_909d30faeb634eaeac717f38d838a4f0\"\n      class=\" accordion-item collapsed is-shadowed is-compact\"\n      data-toggle=\"collapse\" data-target=\"#accordion-pane-block_909d30faeb634eaeac717f38d838a4f0\">\n    <div class=\"accordion-item__heading\">\n      <h2 class=\"accordion-item__title  is-small\">How can I get a grant?<\/h2>\n    <\/div>\n    <span class=\"accordion-item__toggle hidden-print collapsed w-inline-block\">\n      <span class=\"plus-bar-1\"><\/span>\n      <span class=\"plus-bar-2\"><\/span>\n    <\/span>\n  <\/div>\n\n  <div id=\"accordion-pane-block_909d30faeb634eaeac717f38d838a4f0\" class=\"accordion-pane show-print collapse \">\n    <div class=\"rich-text mt-2 w-richtext\">\n\n      \n\n<h4 class=\"wp-block-heading\">For european destinations<\/h4>\n\n\n\n<p>When your application is submitted, eligible financial aid is examined and awarded by the HE-Arc Mobility team. For information purposes, the table below shows the amounts for the current year:<\/p>\n\n\n\n<div id=\"resource-card-block_0479a82250a00394436e0b2f37e7ba17\" class=\" link-list is-padded mt-3\">\n  <div class=\"link-list__title\">Students mobility<\/div>\n  <div class=\"col-count-2\">\n          <div class=\"link-list__item\">\n                  <a href=\"https:\/\/www.he-arc.ch\/wp-content\/uploads\/2021\/08\/ET_Subventions_2021_EBAUCHE.pdf\" alt=\"\" class=\"simple-link is-doc\" target='_blank'>\n            Table of SEMP grants\n          <\/a>\n              <\/div>\n      <\/div>\n<\/div>\n\n\n\n<h4 class=\"wp-block-heading\">For mobility outside Europe<\/h4>\n\n\n\n<p>The grants are determined on a case-by-case basis. Information can be obtained from the HE-Arc Mobility team.<\/p>\n\n\n\n<h4 class=\"wp-block-heading\">Grants from the Communaut\u00e9 du savoir<\/h4>\n\n\n\n<p>The Communaut\u00e9 du savoir offers internship grants ranging from CHF 550 to CHF 2&#8217;200 for students attached to the institutions in the swiss-french Jura Arc (SUPMICROTECH-ENSMM, Universit\u00e9 de Franche-Comt\u00e9, UTBM, HEIG-VD, UniNE, HEP-Bejune et Haute Ecole Arc).<\/p>\n\n\n\n<p>Applications are possible all year round.<\/p>\n\n\n\n<p><a href=\"https:\/\/www.communautedusavoir.org\/dispositifs-financiers\/\" target=\"_blank\" rel=\"noreferrer noopener\">Information and regulations<\/a><\/p>\n\n\n\n<p>Contact: <a href=\"mailto:info@communautedusavoir.org\" target=\"_blank\" rel=\"noreferrer noopener\">info@communautedusavoir.org<\/a><\/p>\n\n\n    <\/div>\n  <\/div>\n<\/div>\n\n\n<\/div>\n\n\n            <\/div>\n\n    <\/div>\n\n    <div class=\"article__aside w-100p\" id=\"sidebar_contact\">\n\n  <aside class=\"page-section__aside\">\n      <nav class=\"page-menu hidden-print is-shadowed--bold mt-1  w-list-unstyled\" aria-label=\"Raccourcis sur la page\">\n        <span class=\"page-menu__heading mt-0\">Mobility<\/span>\n                    \n            <a href=\"https:\/\/www.he-arc.ch\/en\/he-arc-en\/mobility-and-international-relations\/\"  class=\"btn-link  is-with-arrow \">\n        <span class=\"simple-link no-decoration\">Mobility and international relations<\/span>\n      <\/a>\n                      \n            <a href=\"https:\/\/www.he-arc.ch\/en\/he-arc-en\/studying-abroad\/\"  class=\"btn-link is-current is-with-arrow \">\n        <span class=\"simple-link no-decoration\">Studying in Switzerland or abroad<\/span>\n      <\/a>\n                      \n            <a href=\"https:\/\/www.he-arc.ch\/en\/he-arc-en\/making-an-inward-move\/\"  class=\"btn-link  is-with-arrow \">\n        <span class=\"simple-link no-decoration\">Making an inward mobility<\/span>\n      <\/a>\n                      \n            <a href=\"https:\/\/www.he-arc.ch\/en\/he-arc-en\/teacher-mobility\/\"  class=\"btn-link  is-with-arrow border-none\">\n        <span class=\"simple-link no-decoration\">Teacher mobility<\/span>\n      <\/a>\n            <\/nav>\n  <\/aside>\n\n      <div class=\"mt-4 w-100p\">\n              <h4 class=\"link-list__title\">Contact person<\/h4>\n        \n<div id=\"contact-card-block_a54958080c86b047dc5b0f6b1db2be68\" class=\"contact-card is-shadowed  is-not-contained\">\n  <div class=\"contact-card__inner\">\n                <div class=\"contact-entry mb-1\">\n        Cl\u00e9a Bene\n      <\/div>\n                      <div class=\"contact-entry mb-1\">\n        Administrative Assistant Mobility\n      <\/div>\n                      <div class=\"contact-entry mb-1\">\n        <a href=\"\"  class=\"simple-link contact-entry mb-1\">+ 41 32 930 11 51<\/a>\n      <\/div>\n                      <div class=\"contact-entry \">\n        <a href=\"mailto:clea.bene@he-arc.ch\"  class=\"simple-link contact-entry mb-1\">Email<\/a>\n      <\/div>\n            <\/div>\n<\/div>\n          <\/div>\n\n      <div class=\"mt-4 w-100p\">\n              <div id=\"download-links-block_a54958080c86b047dc5b0f6b1db2be68\" class=\"\">\n  <div class=\"link-list\">\n\n        <h4 class=\"link-list__title\">Mobility by domain<\/h4>\n    \n    \n      <div class=\"link-list__item\">\n\t            <a href=\"https:\/\/www.he-arc.ch\/conservation-restauration\/mobilite-stages-etudes\/\" class=\"simple-link\" >\n          Conservation-restoration\n        <\/a>\n            <\/div>\n\n    \n      <div class=\"link-list__item\">\n\t            <a href=\"\" class=\"simple-link\" >\n          Management\n        <\/a>\n            <\/div>\n\n    \n      <div class=\"link-list__item\">\n\t            <a href=\"\" class=\"simple-link\" >\n          Engineering\n        <\/a>\n            <\/div>\n\n    \n      <div class=\"link-list__item\">\n\t            <a href=\"https:\/\/www.he-arc.ch\/domaine\/sante\/#mobilites\" class=\"simple-link\" >\n          Health\n        <\/a>\n            <\/div>\n\n      <\/div>\n<\/div>\n          <\/div>\n\n  <\/div>\n\n  <\/div>\n<\/section>\n","protected":false},"excerpt":{"rendered":"","protected":false},"author":13,"featured_media":0,"parent":0,"menu_order":192,"comment_status":"closed","ping_status":"closed","template":"","meta":{"_acf_changed":false,"footnotes":""},"he-arc_domain":[154],"class_list":["post-35342","page","type-page","status-publish","hentry","he-arc_domain-he-arc-en"],"acf":[],"yoast_head":"<!-- This site is optimized with the Yoast SEO plugin v26.6 - https:\/\/yoast.com\/wordpress\/plugins\/seo\/ -->\n<title>Studying in Switzerland or abroad - Haute-Ecole Arc<\/title>\n<meta name=\"description\" content=\"Connect\u00e9e au monde, la Haute Ecole Arc d\u00e9veloppe de passionnants partenariats avec de nombreuses institutions universitaires internationales.\" \/>\n<meta name=\"robots\" content=\"index, follow, max-snippet:-1, max-image-preview:large, max-video-preview:-1\" \/>\n<link rel=\"canonical\" href=\"https:\/\/www.he-arc.ch\/en\/he-arc-en\/studying-abroad\/\" \/>\n<meta property=\"og:locale\" content=\"en_US\" \/>\n<meta property=\"og:type\" content=\"article\" \/>\n<meta property=\"og:title\" content=\"Studying in Switzerland or abroad - Haute-Ecole Arc\" \/>\n<meta property=\"og:description\" content=\"Connect\u00e9e au monde, la Haute Ecole Arc d\u00e9veloppe de passionnants partenariats avec de nombreuses institutions universitaires internationales.\" \/>\n<meta property=\"og:url\" content=\"https:\/\/www.he-arc.ch\/en\/he-arc-en\/studying-abroad\/\" \/>\n<meta property=\"og:site_name\" content=\"Haute-Ecole Arc\" \/>\n<meta property=\"article:modified_time\" content=\"2025-04-24T11:37:00+00:00\" \/>\n<meta property=\"og:image\" content=\"https:\/\/www.he-arc.ch\/wp-content\/uploads\/2021\/10\/MobiliteCarte-scaled.jpg\" \/>\n<meta name=\"twitter:card\" content=\"summary_large_image\" \/>\n<meta name=\"twitter:label1\" content=\"Est. reading time\" \/>\n\t<meta name=\"twitter:data1\" content=\"2 minutes\" \/>\n<script type=\"application\/ld+json\" class=\"yoast-schema-graph\">{\"@context\":\"https:\/\/schema.org\",\"@graph\":[{\"@type\":\"WebPage\",\"@id\":\"https:\/\/www.he-arc.ch\/en\/he-arc-en\/studying-abroad\/\",\"url\":\"https:\/\/www.he-arc.ch\/en\/he-arc-en\/studying-abroad\/\",\"name\":\"Studying in Switzerland or abroad - Haute-Ecole Arc\",\"isPartOf\":{\"@id\":\"https:\/\/www.he-arc.ch\/en\/#website\"},\"primaryImageOfPage\":{\"@id\":\"https:\/\/www.he-arc.ch\/en\/he-arc-en\/studying-abroad\/#primaryimage\"},\"image\":{\"@id\":\"https:\/\/www.he-arc.ch\/en\/he-arc-en\/studying-abroad\/#primaryimage\"},\"thumbnailUrl\":\"https:\/\/www.he-arc.ch\/wp-content\/uploads\/2021\/10\/MobiliteCarte-scaled.jpg\",\"datePublished\":\"2021-07-30T06:45:33+00:00\",\"dateModified\":\"2025-04-24T11:37:00+00:00\",\"description\":\"Connect\u00e9e au monde, la Haute Ecole Arc d\u00e9veloppe de passionnants partenariats avec de nombreuses institutions universitaires internationales.\",\"breadcrumb\":{\"@id\":\"https:\/\/www.he-arc.ch\/en\/he-arc-en\/studying-abroad\/#breadcrumb\"},\"inLanguage\":\"en-US\",\"potentialAction\":[{\"@type\":\"ReadAction\",\"target\":[\"https:\/\/www.he-arc.ch\/en\/he-arc-en\/studying-abroad\/\"]}]},{\"@type\":\"ImageObject\",\"inLanguage\":\"en-US\",\"@id\":\"https:\/\/www.he-arc.ch\/en\/he-arc-en\/studying-abroad\/#primaryimage\",\"url\":\"https:\/\/www.he-arc.ch\/wp-content\/uploads\/2021\/10\/MobiliteCarte-scaled.jpg\",\"contentUrl\":\"https:\/\/www.he-arc.ch\/wp-content\/uploads\/2021\/10\/MobiliteCarte-scaled.jpg\"},{\"@type\":\"BreadcrumbList\",\"@id\":\"https:\/\/www.he-arc.ch\/en\/he-arc-en\/studying-abroad\/#breadcrumb\",\"itemListElement\":[{\"@type\":\"ListItem\",\"position\":1,\"name\":\"Accueil\",\"item\":\"https:\/\/www.he-arc.ch\/en\/\"},{\"@type\":\"ListItem\",\"position\":2,\"name\":\"Studying in Switzerland or abroad\"}]},{\"@type\":\"WebSite\",\"@id\":\"https:\/\/www.he-arc.ch\/en\/#website\",\"url\":\"https:\/\/www.he-arc.ch\/en\/\",\"name\":\"Haute-Ecole Arc\",\"description\":\"Haute \u00e9cole sp\u00e9cialis\u00e9e Suisse. Gestion, Ing\u00e9nierie, Sant\u00e9, Conservation-\u200brestauration.\",\"publisher\":{\"@id\":\"https:\/\/www.he-arc.ch\/en\/#organization\"},\"potentialAction\":[{\"@type\":\"SearchAction\",\"target\":{\"@type\":\"EntryPoint\",\"urlTemplate\":\"https:\/\/www.he-arc.ch\/en\/?s={search_term_string}\"},\"query-input\":{\"@type\":\"PropertyValueSpecification\",\"valueRequired\":true,\"valueName\":\"search_term_string\"}}],\"inLanguage\":\"en-US\"},{\"@type\":\"Organization\",\"@id\":\"https:\/\/www.he-arc.ch\/en\/#organization\",\"name\":\"Haute Ecole Arc\",\"url\":\"https:\/\/www.he-arc.ch\/en\/\",\"logo\":{\"@type\":\"ImageObject\",\"inLanguage\":\"en-US\",\"@id\":\"https:\/\/www.he-arc.ch\/en\/#\/schema\/logo\/image\/\",\"url\":\"https:\/\/www.he-arc.ch\/wp-content\/uploads\/2022\/01\/logo-he-arc.svg\",\"contentUrl\":\"https:\/\/www.he-arc.ch\/wp-content\/uploads\/2022\/01\/logo-he-arc.svg\",\"width\":140,\"height\":42,\"caption\":\"Haute Ecole Arc\"},\"image\":{\"@id\":\"https:\/\/www.he-arc.ch\/en\/#\/schema\/logo\/image\/\"}}]}<\/script>\n<!-- \/ Yoast SEO plugin. -->","yoast_head_json":{"title":"Studying in Switzerland or abroad - Haute-Ecole Arc","description":"Connect\u00e9e au monde, la Haute Ecole Arc d\u00e9veloppe de passionnants partenariats avec de nombreuses institutions universitaires internationales.","robots":{"index":"index","follow":"follow","max-snippet":"max-snippet:-1","max-image-preview":"max-image-preview:large","max-video-preview":"max-video-preview:-1"},"canonical":"https:\/\/www.he-arc.ch\/en\/he-arc-en\/studying-abroad\/","og_locale":"en_US","og_type":"article","og_title":"Studying in Switzerland or abroad - Haute-Ecole Arc","og_description":"Connect\u00e9e au monde, la Haute Ecole Arc d\u00e9veloppe de passionnants partenariats avec de nombreuses institutions universitaires internationales.","og_url":"https:\/\/www.he-arc.ch\/en\/he-arc-en\/studying-abroad\/","og_site_name":"Haute-Ecole Arc","article_modified_time":"2025-04-24T11:37:00+00:00","og_image":[{"url":"https:\/\/www.he-arc.ch\/wp-content\/uploads\/2021\/10\/MobiliteCarte-scaled.jpg","type":"","width":"","height":""}],"twitter_card":"summary_large_image","twitter_misc":{"Est. reading time":"2 minutes"},"schema":{"@context":"https:\/\/schema.org","@graph":[{"@type":"WebPage","@id":"https:\/\/www.he-arc.ch\/en\/he-arc-en\/studying-abroad\/","url":"https:\/\/www.he-arc.ch\/en\/he-arc-en\/studying-abroad\/","name":"Studying in Switzerland or abroad - Haute-Ecole Arc","isPartOf":{"@id":"https:\/\/www.he-arc.ch\/en\/#website"},"primaryImageOfPage":{"@id":"https:\/\/www.he-arc.ch\/en\/he-arc-en\/studying-abroad\/#primaryimage"},"image":{"@id":"https:\/\/www.he-arc.ch\/en\/he-arc-en\/studying-abroad\/#primaryimage"},"thumbnailUrl":"https:\/\/www.he-arc.ch\/wp-content\/uploads\/2021\/10\/MobiliteCarte-scaled.jpg","datePublished":"2021-07-30T06:45:33+00:00","dateModified":"2025-04-24T11:37:00+00:00","description":"Connect\u00e9e au monde, la Haute Ecole Arc d\u00e9veloppe de passionnants partenariats avec de nombreuses institutions universitaires internationales.","breadcrumb":{"@id":"https:\/\/www.he-arc.ch\/en\/he-arc-en\/studying-abroad\/#breadcrumb"},"inLanguage":"en-US","potentialAction":[{"@type":"ReadAction","target":["https:\/\/www.he-arc.ch\/en\/he-arc-en\/studying-abroad\/"]}]},{"@type":"ImageObject","inLanguage":"en-US","@id":"https:\/\/www.he-arc.ch\/en\/he-arc-en\/studying-abroad\/#primaryimage","url":"https:\/\/www.he-arc.ch\/wp-content\/uploads\/2021\/10\/MobiliteCarte-scaled.jpg","contentUrl":"https:\/\/www.he-arc.ch\/wp-content\/uploads\/2021\/10\/MobiliteCarte-scaled.jpg"},{"@type":"BreadcrumbList","@id":"https:\/\/www.he-arc.ch\/en\/he-arc-en\/studying-abroad\/#breadcrumb","itemListElement":[{"@type":"ListItem","position":1,"name":"Accueil","item":"https:\/\/www.he-arc.ch\/en\/"},{"@type":"ListItem","position":2,"name":"Studying in Switzerland or abroad"}]},{"@type":"WebSite","@id":"https:\/\/www.he-arc.ch\/en\/#website","url":"https:\/\/www.he-arc.ch\/en\/","name":"Haute-Ecole Arc","description":"Haute \u00e9cole sp\u00e9cialis\u00e9e Suisse. Gestion, Ing\u00e9nierie, Sant\u00e9, Conservation-\u200brestauration.","publisher":{"@id":"https:\/\/www.he-arc.ch\/en\/#organization"},"potentialAction":[{"@type":"SearchAction","target":{"@type":"EntryPoint","urlTemplate":"https:\/\/www.he-arc.ch\/en\/?s={search_term_string}"},"query-input":{"@type":"PropertyValueSpecification","valueRequired":true,"valueName":"search_term_string"}}],"inLanguage":"en-US"},{"@type":"Organization","@id":"https:\/\/www.he-arc.ch\/en\/#organization","name":"Haute Ecole Arc","url":"https:\/\/www.he-arc.ch\/en\/","logo":{"@type":"ImageObject","inLanguage":"en-US","@id":"https:\/\/www.he-arc.ch\/en\/#\/schema\/logo\/image\/","url":"https:\/\/www.he-arc.ch\/wp-content\/uploads\/2022\/01\/logo-he-arc.svg","contentUrl":"https:\/\/www.he-arc.ch\/wp-content\/uploads\/2022\/01\/logo-he-arc.svg","width":140,"height":42,"caption":"Haute Ecole Arc"},"image":{"@id":"https:\/\/www.he-arc.ch\/en\/#\/schema\/logo\/image\/"}}]}},"_links":{"self":[{"href":"https:\/\/www.he-arc.ch\/en\/wp-json\/wp\/v2\/pages\/35342","targetHints":{"allow":["GET"]}}],"collection":[{"href":"https:\/\/www.he-arc.ch\/en\/wp-json\/wp\/v2\/pages"}],"about":[{"href":"https:\/\/www.he-arc.ch\/en\/wp-json\/wp\/v2\/types\/page"}],"author":[{"embeddable":true,"href":"https:\/\/www.he-arc.ch\/en\/wp-json\/wp\/v2\/users\/13"}],"replies":[{"embeddable":true,"href":"https:\/\/www.he-arc.ch\/en\/wp-json\/wp\/v2\/comments?post=35342"}],"version-history":[{"count":37,"href":"https:\/\/www.he-arc.ch\/en\/wp-json\/wp\/v2\/pages\/35342\/revisions"}],"predecessor-version":[{"id":67127,"href":"https:\/\/www.he-arc.ch\/en\/wp-json\/wp\/v2\/pages\/35342\/revisions\/67127"}],"wp:attachment":[{"href":"https:\/\/www.he-arc.ch\/en\/wp-json\/wp\/v2\/media?parent=35342"}],"wp:term":[{"taxonomy":"he-arc_domain","embeddable":true,"href":"https:\/\/www.he-arc.ch\/en\/wp-json\/wp\/v2\/he-arc_domain?post=35342"}],"curies":[{"name":"wp","href":"https:\/\/api.w.org\/{rel}","templated":true}]}}