{"id":35540,"date":"2021-09-28T14:19:29","date_gmt":"2021-09-28T12:19:29","guid":{"rendered":"https:\/\/www.he-arc.ch\/?p=35540"},"modified":"2025-08-19T09:15:33","modified_gmt":"2025-08-19T07:15:33","slug":"strategic-positioning","status":"publish","type":"page","link":"https:\/\/www.he-arc.ch\/en\/engineering\/strategic-positioning\/","title":{"rendered":"Strategic Positioning"},"content":{"rendered":"<header class=\"hero-section is-simple page-max is-wide\">\n  <div class=\"hero\">\n    <div class=\"hero-nav page-max\">\n      \n  <div class=\"breadcrumb hidden-print\">\n    <div class=\"breadcrumb-house\"><img decoding=\"async\" src=\"https:\/\/www.he-arc.ch\/wp-content\/themes\/he-arc\/static\/images\/icon-house.svg\" loading=\"lazy\" alt=\"\" height=\"12\"><\/div>\n    <a href=\"https:\/\/www.he-arc.ch\/en\/\" class=\"breadcrumb-link\">HE-Arc<\/a>\n    <div class=\"breadcrumb-bullet\"><\/div>\n\n          <a href=\"\/\/\" class=\"breadcrumb-link\"><\/a>\n      <div class=\"breadcrumb-bullet\"><\/div>\n    \n    \n              \n    \n    \n    \n    <span class=\"breadcrumb-link is-active pointer-none\">Positionnement strat\u00e9gique<\/span>\n  <\/div>\n\n          <\/div>\n    <div class=\"hero-row is-simple page-max\">\n      <div>\n        <span class=\"hero__overline display-block\"><\/span>\n        <h1 class=\"hero__title is-small\">Strategic Positioning<\/h1>\n      <\/div>\n    <\/div>\n  <\/div>\n<\/header>\n\n\n<section class=\"page-section\">\n\n  <div class=\"page-menu--mobile is-shadowed--bold\">\n    <a href=\"#sidebar_contact\" class=\"btn-link border-none w-inline-block\">\n      <span class=\"btn-link__title is-goto\">Contact and Infos<\/span>\n    <\/a>\n  <\/div>\n\n  <div class=\"page-section__inner page-max\">\n\n    <div class=\"article__content is-with-aside\">\n\n      <div class=\"rich-text w-richtext\">\n                \n<div class=\"article__intro rich-text is-large w-richtext\">\n      <p><span style=\"font-weight: 400;\">The Arc School of Engineering supports a globally unique industrial environment and develops applied research in response to the needs of the economic and industrial fabric of the Jura Arc and beyond.<\/span><\/p>\n\n  <\/div>\n\n\n\n<p>The results of this research are constantly incorporated into the teaching programs offered at the Arc School of Engineering.<\/p>\n\n\n\n<p>Its strategic positioning is defined around three strategic application areas: Watchmaking &amp; Industrial Luxury, Health &amp; BioMedTech and Machines &amp; Automation.<\/p>\n\n\n\n<p>To respond directly to the industrial needs of the Jura Arc in terms of innovation and technology transfer, Arc School of Engineering provides four specialized <a href=\"https:\/\/www.he-arc.ch\/en\/engineering\/research-centers\/\">research centers<\/a>, designed to facilitate collaboration between researchers, students and industrial players, thus promoting the development of innovative solutions and the dissemination of advanced technologies.<\/p>\n\n\n\n<figure class=\"wp-block-image size-full\"><img decoding=\"async\" width=\"1022\" height=\"505\" src=\"https:\/\/www.he-arc.ch\/wp-content\/uploads\/2025\/06\/he_arc_ingenierie_research_centers.png\" alt=\"\" class=\"wp-image-69390\" srcset=\"https:\/\/www.he-arc.ch\/wp-content\/uploads\/2025\/06\/he_arc_ingenierie_research_centers.png 1022w, https:\/\/www.he-arc.ch\/wp-content\/uploads\/2025\/06\/he_arc_ingenierie_research_centers-300x148.png 300w, https:\/\/www.he-arc.ch\/wp-content\/uploads\/2025\/06\/he_arc_ingenierie_research_centers-768x379.png 768w\" sizes=\"(max-width: 1022px) 100vw, 1022px\" \/><figcaption class=\"wp-element-caption\">The research centers of the Arc School of Engineering<\/figcaption><\/figure>\n\n\n\n<p>Using a project-driven approach, the research centers activate the teams and infrastructures of the <a href=\"https:\/\/www.he-arc.ch\/en\/engineering\/research-groups\/\">research groups<\/a>.<\/p>\n\n\n            <\/div>\n\n    <\/div>\n\n    <div class=\"article__aside w-100p\" id=\"sidebar_contact\">\n\n  <aside class=\"page-section__aside\">\n      <nav class=\"page-menu hidden-print is-shadowed--bold mt-1  w-list-unstyled\" aria-label=\"Raccourcis sur la page\">\n        <span class=\"page-menu__heading mt-0\">About Us<\/span>\n                    \n            <a href=\"\/en\/engineering\/why-he-arc-engineering\/ \"  class=\"btn-link  is-with-arrow \">\n        <span class=\"simple-link no-decoration\">Why Choose Arc School of Engineering<\/span>\n      <\/a>\n                      \n            <a href=\"\"  class=\"btn-link is-current is-with-arrow \">\n        <span class=\"simple-link no-decoration\">Strategic Positioning<\/span>\n      <\/a>\n                      \n            <a href=\"\/en\/engineering\/vision-and-mission\/\"  class=\"btn-link  is-with-arrow \">\n        <span class=\"simple-link no-decoration\">Vision and Mission<\/span>\n      <\/a>\n                      \n            <a href=\"\/en\/engineering\/organization\/\"  class=\"btn-link  is-with-arrow \">\n        <span class=\"simple-link no-decoration\">Organization<\/span>\n      <\/a>\n                      \n            <a href=\"\/en\/engineering\/partnerships\/\"  class=\"btn-link  is-with-arrow border-none\">\n        <span class=\"simple-link no-decoration\">Partnerships<\/span>\n      <\/a>\n            <\/nav>\n  <\/aside>\n\n  <\/div>\n\n  <\/div>\n<\/section>\n","protected":false},"excerpt":{"rendered":"","protected":false},"author":6,"featured_media":0,"parent":0,"menu_order":270,"comment_status":"closed","ping_status":"closed","template":"","meta":{"_acf_changed":false,"footnotes":""},"he-arc_domain":[150],"class_list":["post-35540","page","type-page","status-publish","hentry","he-arc_domain-engineering"],"acf":[],"yoast_head":"<!-- This site is optimized with the Yoast SEO plugin v26.6 - https:\/\/yoast.com\/wordpress\/plugins\/seo\/ -->\n<title>Strategic Positioning - Haute-Ecole Arc<\/title>\n<meta name=\"description\" content=\"Arc School of Engineering: a strategy of excellence in education and applied research in the fields of watchmaking &amp; industrial luxury, health &amp; biomedtech, and machines &amp; automation.\" \/>\n<meta name=\"robots\" content=\"index, follow, max-snippet:-1, max-image-preview:large, max-video-preview:-1\" \/>\n<link rel=\"canonical\" href=\"https:\/\/www.he-arc.ch\/en\/engineering\/strategic-positioning\/\" \/>\n<meta property=\"og:locale\" content=\"en_US\" \/>\n<meta property=\"og:type\" content=\"article\" \/>\n<meta property=\"og:title\" content=\"Strategic Positioning - Haute-Ecole Arc\" \/>\n<meta property=\"og:description\" content=\"Arc School of Engineering: a strategy of excellence in education and applied research in the fields of watchmaking &amp; industrial luxury, health &amp; biomedtech, and machines &amp; automation.\" \/>\n<meta property=\"og:url\" content=\"https:\/\/www.he-arc.ch\/en\/engineering\/strategic-positioning\/\" \/>\n<meta property=\"og:site_name\" content=\"Haute-Ecole Arc\" \/>\n<meta property=\"article:modified_time\" content=\"2025-08-19T07:15:33+00:00\" \/>\n<meta property=\"og:image\" content=\"https:\/\/www.he-arc.ch\/wp-content\/uploads\/2025\/06\/he_arc_ingenierie_research_centers.png\" \/>\n<meta name=\"twitter:card\" content=\"summary_large_image\" \/>\n<meta name=\"twitter:label1\" content=\"Est. reading time\" \/>\n\t<meta name=\"twitter:data1\" content=\"1 minute\" \/>\n<script type=\"application\/ld+json\" class=\"yoast-schema-graph\">{\"@context\":\"https:\/\/schema.org\",\"@graph\":[{\"@type\":\"WebPage\",\"@id\":\"https:\/\/www.he-arc.ch\/en\/engineering\/strategic-positioning\/\",\"url\":\"https:\/\/www.he-arc.ch\/en\/engineering\/strategic-positioning\/\",\"name\":\"Strategic Positioning - Haute-Ecole Arc\",\"isPartOf\":{\"@id\":\"https:\/\/www.he-arc.ch\/en\/#website\"},\"primaryImageOfPage\":{\"@id\":\"https:\/\/www.he-arc.ch\/en\/engineering\/strategic-positioning\/#primaryimage\"},\"image\":{\"@id\":\"https:\/\/www.he-arc.ch\/en\/engineering\/strategic-positioning\/#primaryimage\"},\"thumbnailUrl\":\"https:\/\/www.he-arc.ch\/wp-content\/uploads\/2025\/06\/he_arc_ingenierie_research_centers.png\",\"datePublished\":\"2021-09-28T12:19:29+00:00\",\"dateModified\":\"2025-08-19T07:15:33+00:00\",\"description\":\"Arc School of Engineering: a strategy of excellence in education and applied research in the fields of watchmaking & industrial luxury, health & biomedtech, and machines & automation.\",\"breadcrumb\":{\"@id\":\"https:\/\/www.he-arc.ch\/en\/engineering\/strategic-positioning\/#breadcrumb\"},\"inLanguage\":\"en-US\",\"potentialAction\":[{\"@type\":\"ReadAction\",\"target\":[\"https:\/\/www.he-arc.ch\/en\/engineering\/strategic-positioning\/\"]}]},{\"@type\":\"ImageObject\",\"inLanguage\":\"en-US\",\"@id\":\"https:\/\/www.he-arc.ch\/en\/engineering\/strategic-positioning\/#primaryimage\",\"url\":\"https:\/\/www.he-arc.ch\/wp-content\/uploads\/2025\/06\/he_arc_ingenierie_research_centers.png\",\"contentUrl\":\"https:\/\/www.he-arc.ch\/wp-content\/uploads\/2025\/06\/he_arc_ingenierie_research_centers.png\"},{\"@type\":\"BreadcrumbList\",\"@id\":\"https:\/\/www.he-arc.ch\/en\/engineering\/strategic-positioning\/#breadcrumb\",\"itemListElement\":[{\"@type\":\"ListItem\",\"position\":1,\"name\":\"Accueil\",\"item\":\"https:\/\/www.he-arc.ch\/en\/\"},{\"@type\":\"ListItem\",\"position\":2,\"name\":\"Strategic Positioning\"}]},{\"@type\":\"WebSite\",\"@id\":\"https:\/\/www.he-arc.ch\/en\/#website\",\"url\":\"https:\/\/www.he-arc.ch\/en\/\",\"name\":\"Haute-Ecole Arc\",\"description\":\"Haute \u00e9cole sp\u00e9cialis\u00e9e Suisse. Gestion, Ing\u00e9nierie, Sant\u00e9, Conservation-\u200brestauration.\",\"publisher\":{\"@id\":\"https:\/\/www.he-arc.ch\/en\/#organization\"},\"potentialAction\":[{\"@type\":\"SearchAction\",\"target\":{\"@type\":\"EntryPoint\",\"urlTemplate\":\"https:\/\/www.he-arc.ch\/en\/?s={search_term_string}\"},\"query-input\":{\"@type\":\"PropertyValueSpecification\",\"valueRequired\":true,\"valueName\":\"search_term_string\"}}],\"inLanguage\":\"en-US\"},{\"@type\":\"Organization\",\"@id\":\"https:\/\/www.he-arc.ch\/en\/#organization\",\"name\":\"Haute Ecole Arc\",\"url\":\"https:\/\/www.he-arc.ch\/en\/\",\"logo\":{\"@type\":\"ImageObject\",\"inLanguage\":\"en-US\",\"@id\":\"https:\/\/www.he-arc.ch\/en\/#\/schema\/logo\/image\/\",\"url\":\"https:\/\/www.he-arc.ch\/wp-content\/uploads\/2022\/01\/logo-he-arc.svg\",\"contentUrl\":\"https:\/\/www.he-arc.ch\/wp-content\/uploads\/2022\/01\/logo-he-arc.svg\",\"width\":140,\"height\":42,\"caption\":\"Haute Ecole Arc\"},\"image\":{\"@id\":\"https:\/\/www.he-arc.ch\/en\/#\/schema\/logo\/image\/\"}}]}<\/script>\n<!-- \/ Yoast SEO plugin. -->","yoast_head_json":{"title":"Strategic Positioning - Haute-Ecole Arc","description":"Arc School of Engineering: a strategy of excellence in education and applied research in the fields of watchmaking & industrial luxury, health & biomedtech, and machines & automation.","robots":{"index":"index","follow":"follow","max-snippet":"max-snippet:-1","max-image-preview":"max-image-preview:large","max-video-preview":"max-video-preview:-1"},"canonical":"https:\/\/www.he-arc.ch\/en\/engineering\/strategic-positioning\/","og_locale":"en_US","og_type":"article","og_title":"Strategic Positioning - Haute-Ecole Arc","og_description":"Arc School of Engineering: a strategy of excellence in education and applied research in the fields of watchmaking & industrial luxury, health & biomedtech, and machines & automation.","og_url":"https:\/\/www.he-arc.ch\/en\/engineering\/strategic-positioning\/","og_site_name":"Haute-Ecole Arc","article_modified_time":"2025-08-19T07:15:33+00:00","og_image":[{"url":"https:\/\/www.he-arc.ch\/wp-content\/uploads\/2025\/06\/he_arc_ingenierie_research_centers.png","type":"","width":"","height":""}],"twitter_card":"summary_large_image","twitter_misc":{"Est. reading time":"1 minute"},"schema":{"@context":"https:\/\/schema.org","@graph":[{"@type":"WebPage","@id":"https:\/\/www.he-arc.ch\/en\/engineering\/strategic-positioning\/","url":"https:\/\/www.he-arc.ch\/en\/engineering\/strategic-positioning\/","name":"Strategic Positioning - Haute-Ecole Arc","isPartOf":{"@id":"https:\/\/www.he-arc.ch\/en\/#website"},"primaryImageOfPage":{"@id":"https:\/\/www.he-arc.ch\/en\/engineering\/strategic-positioning\/#primaryimage"},"image":{"@id":"https:\/\/www.he-arc.ch\/en\/engineering\/strategic-positioning\/#primaryimage"},"thumbnailUrl":"https:\/\/www.he-arc.ch\/wp-content\/uploads\/2025\/06\/he_arc_ingenierie_research_centers.png","datePublished":"2021-09-28T12:19:29+00:00","dateModified":"2025-08-19T07:15:33+00:00","description":"Arc School of Engineering: a strategy of excellence in education and applied research in the fields of watchmaking & industrial luxury, health & biomedtech, and machines & automation.","breadcrumb":{"@id":"https:\/\/www.he-arc.ch\/en\/engineering\/strategic-positioning\/#breadcrumb"},"inLanguage":"en-US","potentialAction":[{"@type":"ReadAction","target":["https:\/\/www.he-arc.ch\/en\/engineering\/strategic-positioning\/"]}]},{"@type":"ImageObject","inLanguage":"en-US","@id":"https:\/\/www.he-arc.ch\/en\/engineering\/strategic-positioning\/#primaryimage","url":"https:\/\/www.he-arc.ch\/wp-content\/uploads\/2025\/06\/he_arc_ingenierie_research_centers.png","contentUrl":"https:\/\/www.he-arc.ch\/wp-content\/uploads\/2025\/06\/he_arc_ingenierie_research_centers.png"},{"@type":"BreadcrumbList","@id":"https:\/\/www.he-arc.ch\/en\/engineering\/strategic-positioning\/#breadcrumb","itemListElement":[{"@type":"ListItem","position":1,"name":"Accueil","item":"https:\/\/www.he-arc.ch\/en\/"},{"@type":"ListItem","position":2,"name":"Strategic Positioning"}]},{"@type":"WebSite","@id":"https:\/\/www.he-arc.ch\/en\/#website","url":"https:\/\/www.he-arc.ch\/en\/","name":"Haute-Ecole Arc","description":"Haute \u00e9cole sp\u00e9cialis\u00e9e Suisse. Gestion, Ing\u00e9nierie, Sant\u00e9, Conservation-\u200brestauration.","publisher":{"@id":"https:\/\/www.he-arc.ch\/en\/#organization"},"potentialAction":[{"@type":"SearchAction","target":{"@type":"EntryPoint","urlTemplate":"https:\/\/www.he-arc.ch\/en\/?s={search_term_string}"},"query-input":{"@type":"PropertyValueSpecification","valueRequired":true,"valueName":"search_term_string"}}],"inLanguage":"en-US"},{"@type":"Organization","@id":"https:\/\/www.he-arc.ch\/en\/#organization","name":"Haute Ecole Arc","url":"https:\/\/www.he-arc.ch\/en\/","logo":{"@type":"ImageObject","inLanguage":"en-US","@id":"https:\/\/www.he-arc.ch\/en\/#\/schema\/logo\/image\/","url":"https:\/\/www.he-arc.ch\/wp-content\/uploads\/2022\/01\/logo-he-arc.svg","contentUrl":"https:\/\/www.he-arc.ch\/wp-content\/uploads\/2022\/01\/logo-he-arc.svg","width":140,"height":42,"caption":"Haute Ecole Arc"},"image":{"@id":"https:\/\/www.he-arc.ch\/en\/#\/schema\/logo\/image\/"}}]}},"_links":{"self":[{"href":"https:\/\/www.he-arc.ch\/en\/wp-json\/wp\/v2\/pages\/35540","targetHints":{"allow":["GET"]}}],"collection":[{"href":"https:\/\/www.he-arc.ch\/en\/wp-json\/wp\/v2\/pages"}],"about":[{"href":"https:\/\/www.he-arc.ch\/en\/wp-json\/wp\/v2\/types\/page"}],"author":[{"embeddable":true,"href":"https:\/\/www.he-arc.ch\/en\/wp-json\/wp\/v2\/users\/6"}],"replies":[{"embeddable":true,"href":"https:\/\/www.he-arc.ch\/en\/wp-json\/wp\/v2\/comments?post=35540"}],"version-history":[{"count":22,"href":"https:\/\/www.he-arc.ch\/en\/wp-json\/wp\/v2\/pages\/35540\/revisions"}],"predecessor-version":[{"id":70862,"href":"https:\/\/www.he-arc.ch\/en\/wp-json\/wp\/v2\/pages\/35540\/revisions\/70862"}],"wp:attachment":[{"href":"https:\/\/www.he-arc.ch\/en\/wp-json\/wp\/v2\/media?parent=35540"}],"wp:term":[{"taxonomy":"he-arc_domain","embeddable":true,"href":"https:\/\/www.he-arc.ch\/en\/wp-json\/wp\/v2\/he-arc_domain?post=35540"}],"curies":[{"name":"wp","href":"https:\/\/api.w.org\/{rel}","templated":true}]}}