{"id":35562,"date":"2021-09-29T08:38:42","date_gmt":"2021-09-29T06:38:42","guid":{"rendered":"https:\/\/www.he-arc.ch\/?p=35562"},"modified":"2026-01-05T16:27:05","modified_gmt":"2026-01-05T15:27:05","slug":"vision-and-mission","status":"publish","type":"page","link":"https:\/\/www.he-arc.ch\/en\/engineering\/vision-and-mission\/","title":{"rendered":"Vision and Mission"},"content":{"rendered":"<header class=\"hero-section is-simple page-max is-wide\">\n  <div class=\"hero\">\n    <div class=\"hero-nav page-max\">\n      \n  <div class=\"breadcrumb hidden-print\">\n    <div class=\"breadcrumb-house\"><img decoding=\"async\" src=\"https:\/\/www.he-arc.ch\/wp-content\/themes\/he-arc\/static\/images\/icon-house.svg\" loading=\"lazy\" alt=\"\" height=\"12\"><\/div>\n    <a href=\"https:\/\/www.he-arc.ch\/en\/\" class=\"breadcrumb-link\">HE-Arc<\/a>\n    <div class=\"breadcrumb-bullet\"><\/div>\n\n          <a href=\"\/\/\" class=\"breadcrumb-link\"><\/a>\n      <div class=\"breadcrumb-bullet\"><\/div>\n    \n    \n              \n    \n    \n    \n    <span class=\"breadcrumb-link is-active pointer-none\">Vision and Mission<\/span>\n  <\/div>\n\n          <\/div>\n    <div class=\"hero-row is-simple page-max\">\n      <div>\n        <span class=\"hero__overline display-block\"><\/span>\n        <h1 class=\"hero__title is-small\">Vision and Mission<\/h1>\n      <\/div>\n    <\/div>\n  <\/div>\n<\/header>\n\n\n<section class=\"page-section\">\n\n  <div class=\"page-menu--mobile is-shadowed--bold\">\n    <a href=\"#sidebar_contact\" class=\"btn-link border-none w-inline-block\">\n      <span class=\"btn-link__title is-goto\">Contact and Infos<\/span>\n    <\/a>\n  <\/div>\n\n  <div class=\"page-section__inner page-max\">\n\n    <div class=\"article__content is-with-aside\">\n\n      <div class=\"rich-text w-richtext\">\n                \n<div class=\"article__intro rich-text is-large w-richtext\">\n      <p><span style=\"font-weight: 400;\">The vision of Arc School of Engineering is summed up in its slogan &#8220;Dare&#8230; Think&#8230; Do!\u201d. These three words encapsulate the essence of the engineers which the school educates and the state of mind of its staff.<\/span><\/p>\n\n  <\/div>\n\n\n\n<h2 class=\"wp-block-heading\">The missions of Arc School of Engineering<\/h2>\n\n\n\n<div class=\"accordion-wrapper mt-4 \">\n    <!--div class=\"page-max\">\n    <h2 class=\"section-subtitle is-large\"><\/h2>\n  <\/div-->\n  \n\n<div class=\"mb-2-5 \">\n    <div id=\"accordion-block_e7d95606986308a6892bce32ad2291b8\"\n      class=\" accordion-item collapsed is-shadowed is-compact\"\n      data-toggle=\"collapse\" data-target=\"#accordion-pane-block_e7d95606986308a6892bce32ad2291b8\">\n    <div class=\"accordion-item__heading\">\n      <h2 class=\"accordion-item__title  is-small\">Bachelor&#8217;s and Master&#8217;s Programs<\/h2>\n    <\/div>\n    <span class=\"accordion-item__toggle hidden-print collapsed w-inline-block\">\n      <span class=\"plus-bar-1\"><\/span>\n      <span class=\"plus-bar-2\"><\/span>\n    <\/span>\n  <\/div>\n\n  <div id=\"accordion-pane-block_e7d95606986308a6892bce32ad2291b8\" class=\"accordion-pane show-print collapse \">\n    <div class=\"rich-text mt-2 w-richtext\">\n\n      \n\n<p>The Arc School of Engineering graduates outstanding engineers, which are immediately operational, ready to integrate an external team. They are trained to respond to the technological requirements, while meeting the challenges of sustainability. The engineers at the Arc School of Engineering bring an innovative vision by developing solutions that take into account the role and diversity of users to ensure a regional competitive advantage.<\/p>\n\n\n    <\/div>\n  <\/div>\n<\/div>\n\n\n\n<div class=\"mb-2-5 \">\n    <div id=\"accordion-block_06b4b64f136c6c15bfdcb8982f173fca\"\n      class=\" accordion-item collapsed is-shadowed is-compact\"\n      data-toggle=\"collapse\" data-target=\"#accordion-pane-block_06b4b64f136c6c15bfdcb8982f173fca\">\n    <div class=\"accordion-item__heading\">\n      <h2 class=\"accordion-item__title  is-small\">Continuing Education<\/h2>\n    <\/div>\n    <span class=\"accordion-item__toggle hidden-print collapsed w-inline-block\">\n      <span class=\"plus-bar-1\"><\/span>\n      <span class=\"plus-bar-2\"><\/span>\n    <\/span>\n  <\/div>\n\n  <div id=\"accordion-pane-block_06b4b64f136c6c15bfdcb8982f173fca\" class=\"accordion-pane show-print collapse \">\n    <div class=\"rich-text mt-2 w-richtext\">\n\n      \n\n<p>The Arc School of Engineering offers certified and federally recognized continuing education trainings, as well as short trainings adapted to specific needs.<\/p>\n\n\n    <\/div>\n  <\/div>\n<\/div>\n\n\n\n<div class=\"mb-2-5 \">\n    <div id=\"accordion-block_240c882471b12d351c1eabcf712a3bbd\"\n      class=\" accordion-item collapsed is-shadowed is-compact\"\n      data-toggle=\"collapse\" data-target=\"#accordion-pane-block_240c882471b12d351c1eabcf712a3bbd\">\n    <div class=\"accordion-item__heading\">\n      <h2 class=\"accordion-item__title  is-small\">Applied Research, Development and Services<\/h2>\n    <\/div>\n    <span class=\"accordion-item__toggle hidden-print collapsed w-inline-block\">\n      <span class=\"plus-bar-1\"><\/span>\n      <span class=\"plus-bar-2\"><\/span>\n    <\/span>\n  <\/div>\n\n  <div id=\"accordion-pane-block_240c882471b12d351c1eabcf712a3bbd\" class=\"accordion-pane show-print collapse \">\n    <div class=\"rich-text mt-2 w-richtext\">\n\n      \n\n<p>Thanks to its highly qualified staff and its state-of-the-art infrastructure, the Arc School of Engineering conducts applied research programs, ensures technology transfer and offers numerous services.<\/p>\n\n\n    <\/div>\n  <\/div>\n<\/div>\n\n\n\n<div class=\"mb-2-5 \">\n    <div id=\"accordion-block_693709214a2178d1f0972414d46f1993\"\n      class=\" accordion-item collapsed is-shadowed is-compact\"\n      data-toggle=\"collapse\" data-target=\"#accordion-pane-block_693709214a2178d1f0972414d46f1993\">\n    <div class=\"accordion-item__heading\">\n      <h2 class=\"accordion-item__title  is-small\">National and International Relations<\/h2>\n    <\/div>\n    <span class=\"accordion-item__toggle hidden-print collapsed w-inline-block\">\n      <span class=\"plus-bar-1\"><\/span>\n      <span class=\"plus-bar-2\"><\/span>\n    <\/span>\n  <\/div>\n\n  <div id=\"accordion-pane-block_693709214a2178d1f0972414d46f1993\" class=\"accordion-pane show-print collapse \">\n    <div class=\"rich-text mt-2 w-richtext\">\n\n      \n\n<p>The Arc School of Engineering develops partnerships with higher education and research institutions at national, cross-border and international levels. It encourages exchanges of students, professors and researchers, with the aim of mutual enrichment.<\/p>\n\n\n    <\/div>\n  <\/div>\n<\/div>\n\n\n\n<div class=\"mb-2-5 \">\n    <div id=\"accordion-block_f1de9637236b6df4494e5cab19e336db\"\n      class=\" accordion-item collapsed is-shadowed is-compact\"\n      data-toggle=\"collapse\" data-target=\"#accordion-pane-block_f1de9637236b6df4494e5cab19e336db\">\n    <div class=\"accordion-item__heading\">\n      <h2 class=\"accordion-item__title  is-small\">Sustainability<\/h2>\n    <\/div>\n    <span class=\"accordion-item__toggle hidden-print collapsed w-inline-block\">\n      <span class=\"plus-bar-1\"><\/span>\n      <span class=\"plus-bar-2\"><\/span>\n    <\/span>\n  <\/div>\n\n  <div id=\"accordion-pane-block_f1de9637236b6df4494e5cab19e336db\" class=\"accordion-pane show-print collapse \">\n    <div class=\"rich-text mt-2 w-richtext\">\n\n      \n\n<p>The Arc School of Engineering contributes to economic development by integrating sustainable development issues into its training courses. It aspires to an equitable social organization that does not tolerate any kind of discrimination.<\/p>\n\n\n    <\/div>\n  <\/div>\n<\/div>\n\n\n<\/div>\n\n\n            <\/div>\n\n    <\/div>\n\n    <div class=\"article__aside w-100p\" id=\"sidebar_contact\">\n\n  <aside class=\"page-section__aside\">\n      <nav class=\"page-menu hidden-print is-shadowed--bold mt-1  w-list-unstyled\" aria-label=\"Raccourcis sur la page\">\n        <span class=\"page-menu__heading mt-0\">About Us<\/span>\n                    \n            <a href=\"\/en\/engineering\/why-he-arc-engineering\/ \"  class=\"btn-link  is-with-arrow \">\n        <span class=\"simple-link no-decoration\">Why Choose Arc School of Engineering<\/span>\n      <\/a>\n                      \n            <a href=\"\/en\/engineering\/strategic-positioning\/\"  class=\"btn-link  is-with-arrow \">\n        <span class=\"simple-link no-decoration\">Strategic Positioninng<\/span>\n      <\/a>\n                      \n            <a href=\"\"  class=\"btn-link is-current is-with-arrow \">\n        <span class=\"simple-link no-decoration\">Vision and Mission<\/span>\n      <\/a>\n                      \n            <a href=\"\/en\/engineering\/organization\/\"  class=\"btn-link  is-with-arrow \">\n        <span class=\"simple-link no-decoration\">Organization<\/span>\n      <\/a>\n                      \n            <a href=\"\/en\/engineering\/partnerships\/\"  class=\"btn-link  is-with-arrow border-none\">\n        <span class=\"simple-link no-decoration\">Partnerships<\/span>\n      <\/a>\n            <\/nav>\n  <\/aside>\n\n  <\/div>\n\n  <\/div>\n<\/section>\n","protected":false},"excerpt":{"rendered":"","protected":false},"author":6,"featured_media":0,"parent":0,"menu_order":290,"comment_status":"closed","ping_status":"closed","template":"","meta":{"_acf_changed":false,"footnotes":""},"he-arc_domain":[150],"class_list":["post-35562","page","type-page","status-publish","hentry","he-arc_domain-engineering"],"acf":[],"yoast_head":"<!-- This site is optimized with the Yoast SEO plugin v26.6 - https:\/\/yoast.com\/wordpress\/plugins\/seo\/ -->\n<title>Vision and Mission - Haute-Ecole Arc<\/title>\n<meta name=\"description\" content=\"Arc School of Engineering in the Cantons of Neuch\u00e2tel, Bern, and Jura: Bachelor\u2019s, Master\u2019s, and continuing education programs, applied research and development.\" \/>\n<meta name=\"robots\" content=\"index, follow, max-snippet:-1, max-image-preview:large, max-video-preview:-1\" \/>\n<link rel=\"canonical\" href=\"https:\/\/www.he-arc.ch\/en\/engineering\/vision-and-mission\/\" \/>\n<meta property=\"og:locale\" content=\"en_US\" \/>\n<meta property=\"og:type\" content=\"article\" \/>\n<meta property=\"og:title\" content=\"Vision and Mission - Haute-Ecole Arc\" \/>\n<meta property=\"og:description\" content=\"Arc School of Engineering in the Cantons of Neuch\u00e2tel, Bern, and Jura: Bachelor\u2019s, Master\u2019s, and continuing education programs, applied research and development.\" \/>\n<meta property=\"og:url\" content=\"https:\/\/www.he-arc.ch\/en\/engineering\/vision-and-mission\/\" \/>\n<meta property=\"og:site_name\" content=\"Haute-Ecole Arc\" \/>\n<meta property=\"article:modified_time\" content=\"2026-01-05T15:27:05+00:00\" \/>\n<meta name=\"twitter:card\" content=\"summary_large_image\" \/>\n<meta name=\"twitter:label1\" content=\"Est. reading time\" \/>\n\t<meta name=\"twitter:data1\" content=\"1 minute\" \/>\n<script type=\"application\/ld+json\" class=\"yoast-schema-graph\">{\"@context\":\"https:\/\/schema.org\",\"@graph\":[{\"@type\":\"WebPage\",\"@id\":\"https:\/\/www.he-arc.ch\/en\/engineering\/vision-and-mission\/\",\"url\":\"https:\/\/www.he-arc.ch\/en\/engineering\/vision-and-mission\/\",\"name\":\"Vision and Mission - Haute-Ecole Arc\",\"isPartOf\":{\"@id\":\"https:\/\/www.he-arc.ch\/en\/#website\"},\"datePublished\":\"2021-09-29T06:38:42+00:00\",\"dateModified\":\"2026-01-05T15:27:05+00:00\",\"description\":\"Arc School of Engineering in the Cantons of Neuch\u00e2tel, Bern, and Jura: Bachelor\u2019s, Master\u2019s, and continuing education programs, applied research and development.\",\"breadcrumb\":{\"@id\":\"https:\/\/www.he-arc.ch\/en\/engineering\/vision-and-mission\/#breadcrumb\"},\"inLanguage\":\"en-US\",\"potentialAction\":[{\"@type\":\"ReadAction\",\"target\":[\"https:\/\/www.he-arc.ch\/en\/engineering\/vision-and-mission\/\"]}]},{\"@type\":\"BreadcrumbList\",\"@id\":\"https:\/\/www.he-arc.ch\/en\/engineering\/vision-and-mission\/#breadcrumb\",\"itemListElement\":[{\"@type\":\"ListItem\",\"position\":1,\"name\":\"Accueil\",\"item\":\"https:\/\/www.he-arc.ch\/en\/\"},{\"@type\":\"ListItem\",\"position\":2,\"name\":\"Vision and Mission\"}]},{\"@type\":\"WebSite\",\"@id\":\"https:\/\/www.he-arc.ch\/en\/#website\",\"url\":\"https:\/\/www.he-arc.ch\/en\/\",\"name\":\"Haute-Ecole Arc\",\"description\":\"Haute \u00e9cole sp\u00e9cialis\u00e9e Suisse. Gestion, Ing\u00e9nierie, Sant\u00e9, Conservation-\u200brestauration.\",\"publisher\":{\"@id\":\"https:\/\/www.he-arc.ch\/en\/#organization\"},\"potentialAction\":[{\"@type\":\"SearchAction\",\"target\":{\"@type\":\"EntryPoint\",\"urlTemplate\":\"https:\/\/www.he-arc.ch\/en\/?s={search_term_string}\"},\"query-input\":{\"@type\":\"PropertyValueSpecification\",\"valueRequired\":true,\"valueName\":\"search_term_string\"}}],\"inLanguage\":\"en-US\"},{\"@type\":\"Organization\",\"@id\":\"https:\/\/www.he-arc.ch\/en\/#organization\",\"name\":\"Haute Ecole Arc\",\"url\":\"https:\/\/www.he-arc.ch\/en\/\",\"logo\":{\"@type\":\"ImageObject\",\"inLanguage\":\"en-US\",\"@id\":\"https:\/\/www.he-arc.ch\/en\/#\/schema\/logo\/image\/\",\"url\":\"https:\/\/www.he-arc.ch\/wp-content\/uploads\/2022\/01\/logo-he-arc.svg\",\"contentUrl\":\"https:\/\/www.he-arc.ch\/wp-content\/uploads\/2022\/01\/logo-he-arc.svg\",\"width\":140,\"height\":42,\"caption\":\"Haute Ecole Arc\"},\"image\":{\"@id\":\"https:\/\/www.he-arc.ch\/en\/#\/schema\/logo\/image\/\"}}]}<\/script>\n<!-- \/ Yoast SEO plugin. -->","yoast_head_json":{"title":"Vision and Mission - Haute-Ecole Arc","description":"Arc School of Engineering in the Cantons of Neuch\u00e2tel, Bern, and Jura: Bachelor\u2019s, Master\u2019s, and continuing education programs, applied research and development.","robots":{"index":"index","follow":"follow","max-snippet":"max-snippet:-1","max-image-preview":"max-image-preview:large","max-video-preview":"max-video-preview:-1"},"canonical":"https:\/\/www.he-arc.ch\/en\/engineering\/vision-and-mission\/","og_locale":"en_US","og_type":"article","og_title":"Vision and Mission - Haute-Ecole Arc","og_description":"Arc School of Engineering in the Cantons of Neuch\u00e2tel, Bern, and Jura: Bachelor\u2019s, Master\u2019s, and continuing education programs, applied research and development.","og_url":"https:\/\/www.he-arc.ch\/en\/engineering\/vision-and-mission\/","og_site_name":"Haute-Ecole Arc","article_modified_time":"2026-01-05T15:27:05+00:00","twitter_card":"summary_large_image","twitter_misc":{"Est. reading time":"1 minute"},"schema":{"@context":"https:\/\/schema.org","@graph":[{"@type":"WebPage","@id":"https:\/\/www.he-arc.ch\/en\/engineering\/vision-and-mission\/","url":"https:\/\/www.he-arc.ch\/en\/engineering\/vision-and-mission\/","name":"Vision and Mission - Haute-Ecole Arc","isPartOf":{"@id":"https:\/\/www.he-arc.ch\/en\/#website"},"datePublished":"2021-09-29T06:38:42+00:00","dateModified":"2026-01-05T15:27:05+00:00","description":"Arc School of Engineering in the Cantons of Neuch\u00e2tel, Bern, and Jura: Bachelor\u2019s, Master\u2019s, and continuing education programs, applied research and development.","breadcrumb":{"@id":"https:\/\/www.he-arc.ch\/en\/engineering\/vision-and-mission\/#breadcrumb"},"inLanguage":"en-US","potentialAction":[{"@type":"ReadAction","target":["https:\/\/www.he-arc.ch\/en\/engineering\/vision-and-mission\/"]}]},{"@type":"BreadcrumbList","@id":"https:\/\/www.he-arc.ch\/en\/engineering\/vision-and-mission\/#breadcrumb","itemListElement":[{"@type":"ListItem","position":1,"name":"Accueil","item":"https:\/\/www.he-arc.ch\/en\/"},{"@type":"ListItem","position":2,"name":"Vision and Mission"}]},{"@type":"WebSite","@id":"https:\/\/www.he-arc.ch\/en\/#website","url":"https:\/\/www.he-arc.ch\/en\/","name":"Haute-Ecole Arc","description":"Haute \u00e9cole sp\u00e9cialis\u00e9e Suisse. Gestion, Ing\u00e9nierie, Sant\u00e9, Conservation-\u200brestauration.","publisher":{"@id":"https:\/\/www.he-arc.ch\/en\/#organization"},"potentialAction":[{"@type":"SearchAction","target":{"@type":"EntryPoint","urlTemplate":"https:\/\/www.he-arc.ch\/en\/?s={search_term_string}"},"query-input":{"@type":"PropertyValueSpecification","valueRequired":true,"valueName":"search_term_string"}}],"inLanguage":"en-US"},{"@type":"Organization","@id":"https:\/\/www.he-arc.ch\/en\/#organization","name":"Haute Ecole Arc","url":"https:\/\/www.he-arc.ch\/en\/","logo":{"@type":"ImageObject","inLanguage":"en-US","@id":"https:\/\/www.he-arc.ch\/en\/#\/schema\/logo\/image\/","url":"https:\/\/www.he-arc.ch\/wp-content\/uploads\/2022\/01\/logo-he-arc.svg","contentUrl":"https:\/\/www.he-arc.ch\/wp-content\/uploads\/2022\/01\/logo-he-arc.svg","width":140,"height":42,"caption":"Haute Ecole Arc"},"image":{"@id":"https:\/\/www.he-arc.ch\/en\/#\/schema\/logo\/image\/"}}]}},"_links":{"self":[{"href":"https:\/\/www.he-arc.ch\/en\/wp-json\/wp\/v2\/pages\/35562","targetHints":{"allow":["GET"]}}],"collection":[{"href":"https:\/\/www.he-arc.ch\/en\/wp-json\/wp\/v2\/pages"}],"about":[{"href":"https:\/\/www.he-arc.ch\/en\/wp-json\/wp\/v2\/types\/page"}],"author":[{"embeddable":true,"href":"https:\/\/www.he-arc.ch\/en\/wp-json\/wp\/v2\/users\/6"}],"replies":[{"embeddable":true,"href":"https:\/\/www.he-arc.ch\/en\/wp-json\/wp\/v2\/comments?post=35562"}],"version-history":[{"count":13,"href":"https:\/\/www.he-arc.ch\/en\/wp-json\/wp\/v2\/pages\/35562\/revisions"}],"predecessor-version":[{"id":77859,"href":"https:\/\/www.he-arc.ch\/en\/wp-json\/wp\/v2\/pages\/35562\/revisions\/77859"}],"wp:attachment":[{"href":"https:\/\/www.he-arc.ch\/en\/wp-json\/wp\/v2\/media?parent=35562"}],"wp:term":[{"taxonomy":"he-arc_domain","embeddable":true,"href":"https:\/\/www.he-arc.ch\/en\/wp-json\/wp\/v2\/he-arc_domain?post=35562"}],"curies":[{"name":"wp","href":"https:\/\/api.w.org\/{rel}","templated":true}]}}