{"id":35580,"date":"2021-09-29T09:19:11","date_gmt":"2021-09-29T07:19:11","guid":{"rendered":"https:\/\/www.he-arc.ch\/?p=35580"},"modified":"2026-01-05T16:28:39","modified_gmt":"2026-01-05T15:28:39","slug":"organization","status":"publish","type":"page","link":"https:\/\/www.he-arc.ch\/en\/engineering\/organization\/","title":{"rendered":"Organization &#8211; Engineering"},"content":{"rendered":"<header class=\"hero-section is-simple page-max is-wide\">\n  <div class=\"hero\">\n    <div class=\"hero-nav page-max\">\n      \n  <div class=\"breadcrumb hidden-print\">\n    <div class=\"breadcrumb-house\"><img decoding=\"async\" src=\"https:\/\/www.he-arc.ch\/wp-content\/themes\/he-arc\/static\/images\/icon-house.svg\" loading=\"lazy\" alt=\"\" height=\"12\"><\/div>\n    <a href=\"https:\/\/www.he-arc.ch\/en\/\" class=\"breadcrumb-link\">HE-Arc<\/a>\n    <div class=\"breadcrumb-bullet\"><\/div>\n\n          <a href=\"\/\/\" class=\"breadcrumb-link\"><\/a>\n      <div class=\"breadcrumb-bullet\"><\/div>\n    \n    \n              \n    \n    \n    \n    <span class=\"breadcrumb-link is-active pointer-none\">Organization<\/span>\n  <\/div>\n\n          <\/div>\n    <div class=\"hero-row is-simple page-max\">\n      <div>\n        <span class=\"hero__overline display-block\"><\/span>\n        <h1 class=\"hero__title is-small\">Organization<\/h1>\n      <\/div>\n    <\/div>\n  <\/div>\n<\/header>\n\n\n<section class=\"page-section\">\n\n  <div class=\"page-menu--mobile is-shadowed--bold\">\n    <a href=\"#sidebar_contact\" class=\"btn-link border-none w-inline-block\">\n      <span class=\"btn-link__title is-goto\">Contact and Infos<\/span>\n    <\/a>\n  <\/div>\n\n  <div class=\"page-section__inner page-max\">\n\n    <div class=\"article__content is-with-aside\">\n\n      <div class=\"rich-text w-richtext\">\n                \n<div class=\"article__intro rich-text is-large w-richtext\">\n      <p><span style=\"font-weight: 400;\">The Arc School of Engineering guarantees the coherence between its teaching and applied research and development (aR&amp;D) activities. One or more research groups are associated with each of the eight majors of our Bachelor&#8217;s degrees.<\/span><\/p>\n\n  <\/div>\n\n\n\n<figure class=\"wp-block-image size-full\"><img decoding=\"async\" width=\"553\" height=\"680\" src=\"https:\/\/www.he-arc.ch\/wp-content\/uploads\/2022\/09\/haute-ecole-arc-ingenierie-organizational-chart.png\" alt=\"\" class=\"wp-image-35773\" srcset=\"https:\/\/www.he-arc.ch\/wp-content\/uploads\/2022\/09\/haute-ecole-arc-ingenierie-organizational-chart.png 553w, https:\/\/www.he-arc.ch\/wp-content\/uploads\/2022\/09\/haute-ecole-arc-ingenierie-organizational-chart-244x300.png 244w\" sizes=\"(max-width: 553px) 100vw, 553px\" \/><figcaption class=\"wp-element-caption\">Organizational chart of the Arc School of Engineering<\/figcaption><\/figure>\n\n\n            <\/div>\n\n    <\/div>\n\n    <div class=\"article__aside w-100p\" id=\"sidebar_contact\">\n\n  <aside class=\"page-section__aside\">\n      <nav class=\"page-menu hidden-print is-shadowed--bold mt-1  w-list-unstyled\" aria-label=\"Raccourcis sur la page\">\n        <span class=\"page-menu__heading mt-0\">About Us<\/span>\n                    \n            <a href=\"\/en\/engineering\/why-he-arc-engineering\/ \"  class=\"btn-link  is-with-arrow \">\n        <span class=\"simple-link no-decoration\">Why Choose Arc School of Engineering<\/span>\n      <\/a>\n                      \n            <a href=\"\/en\/engineering\/strategic-positioning\/\"  class=\"btn-link  is-with-arrow \">\n        <span class=\"simple-link no-decoration\">Strategic Positioning<\/span>\n      <\/a>\n                      \n            <a href=\"\/en\/engineering\/vision-and-mission\/\"  class=\"btn-link  is-with-arrow \">\n        <span class=\"simple-link no-decoration\">Vision and Mission<\/span>\n      <\/a>\n                      \n            <a href=\"\"  class=\"btn-link is-current is-with-arrow \">\n        <span class=\"simple-link no-decoration\">Organization<\/span>\n      <\/a>\n                      \n            <a href=\"\/en\/engineering\/partnerships\/\"  class=\"btn-link  is-with-arrow border-none\">\n        <span class=\"simple-link no-decoration\">Partnerships<\/span>\n      <\/a>\n            <\/nav>\n  <\/aside>\n\n      <div class=\"mt-4 w-100p\">\n              <h4 class=\"link-list__title\">Contact<\/h4>\n        \n<div id=\"contact-card-block_ff54e88fa143f3ef81f3d7218e508c8f\" class=\"contact-card is-shadowed  is-not-contained\">\n  <div class=\"contact-card__inner\">\n                <div class=\"contact-entry mb-1\">\n        Academic Registry Neuch\u00e2tel\n      <\/div>\n                      <div class=\"contact-entry mb-1\">\n        <a href=\"tel:+41329301313\"  class=\"simple-link contact-entry mb-1\">+ 41 32 930 13 13<\/a>\n      <\/div>\n                      <div class=\"contact-entry \">\n        <a href=\"mailto:ingenierie@he-arc.ch\"  class=\"simple-link contact-entry mb-1\">ingenierie@he-arc.ch<\/a>\n      <\/div>\n            <\/div>\n<\/div>\n          <\/div>\n\n  <\/div>\n\n  <\/div>\n<\/section>\n","protected":false},"excerpt":{"rendered":"","protected":false},"author":6,"featured_media":0,"parent":0,"menu_order":267,"comment_status":"closed","ping_status":"closed","template":"","meta":{"_acf_changed":false,"footnotes":""},"he-arc_domain":[150],"class_list":["post-35580","page","type-page","status-publish","hentry","he-arc_domain-engineering"],"acf":[],"yoast_head":"<!-- This site is optimized with the Yoast SEO plugin v26.6 - https:\/\/yoast.com\/wordpress\/plugins\/seo\/ -->\n<title>Organization - Engineering - Haute-Ecole Arc<\/title>\n<meta name=\"description\" content=\"Through its organizational structure, the Arc School of Engineering ensures coherence between its Bachelor\u2019s programs and its applied research and development activities.\" \/>\n<meta name=\"robots\" content=\"index, follow, max-snippet:-1, max-image-preview:large, max-video-preview:-1\" \/>\n<link rel=\"canonical\" href=\"https:\/\/www.he-arc.ch\/en\/engineering\/organization\/\" \/>\n<meta property=\"og:locale\" content=\"en_US\" \/>\n<meta property=\"og:type\" content=\"article\" \/>\n<meta property=\"og:title\" content=\"Organization - Engineering - Haute-Ecole Arc\" \/>\n<meta property=\"og:description\" content=\"Through its organizational structure, the Arc School of Engineering ensures coherence between its Bachelor\u2019s programs and its applied research and development activities.\" \/>\n<meta property=\"og:url\" content=\"https:\/\/www.he-arc.ch\/en\/engineering\/organization\/\" \/>\n<meta property=\"og:site_name\" content=\"Haute-Ecole Arc\" \/>\n<meta property=\"article:modified_time\" content=\"2026-01-05T15:28:39+00:00\" \/>\n<meta property=\"og:image\" content=\"https:\/\/www.he-arc.ch\/wp-content\/uploads\/2022\/09\/haute-ecole-arc-ingenierie-organizational-chart.png\" \/>\n<meta name=\"twitter:card\" content=\"summary_large_image\" \/>\n<meta name=\"twitter:label1\" content=\"Est. reading time\" \/>\n\t<meta name=\"twitter:data1\" content=\"1 minute\" \/>\n<script type=\"application\/ld+json\" class=\"yoast-schema-graph\">{\"@context\":\"https:\/\/schema.org\",\"@graph\":[{\"@type\":\"WebPage\",\"@id\":\"https:\/\/www.he-arc.ch\/en\/engineering\/organization\/\",\"url\":\"https:\/\/www.he-arc.ch\/en\/engineering\/organization\/\",\"name\":\"Organization - Engineering - Haute-Ecole Arc\",\"isPartOf\":{\"@id\":\"https:\/\/www.he-arc.ch\/en\/#website\"},\"primaryImageOfPage\":{\"@id\":\"https:\/\/www.he-arc.ch\/en\/engineering\/organization\/#primaryimage\"},\"image\":{\"@id\":\"https:\/\/www.he-arc.ch\/en\/engineering\/organization\/#primaryimage\"},\"thumbnailUrl\":\"https:\/\/www.he-arc.ch\/wp-content\/uploads\/2022\/09\/haute-ecole-arc-ingenierie-organizational-chart.png\",\"datePublished\":\"2021-09-29T07:19:11+00:00\",\"dateModified\":\"2026-01-05T15:28:39+00:00\",\"description\":\"Through its organizational structure, the Arc School of Engineering ensures coherence between its Bachelor\u2019s programs and its applied research and development activities.\",\"breadcrumb\":{\"@id\":\"https:\/\/www.he-arc.ch\/en\/engineering\/organization\/#breadcrumb\"},\"inLanguage\":\"en-US\",\"potentialAction\":[{\"@type\":\"ReadAction\",\"target\":[\"https:\/\/www.he-arc.ch\/en\/engineering\/organization\/\"]}]},{\"@type\":\"ImageObject\",\"inLanguage\":\"en-US\",\"@id\":\"https:\/\/www.he-arc.ch\/en\/engineering\/organization\/#primaryimage\",\"url\":\"https:\/\/www.he-arc.ch\/wp-content\/uploads\/2022\/09\/haute-ecole-arc-ingenierie-organizational-chart.png\",\"contentUrl\":\"https:\/\/www.he-arc.ch\/wp-content\/uploads\/2022\/09\/haute-ecole-arc-ingenierie-organizational-chart.png\"},{\"@type\":\"BreadcrumbList\",\"@id\":\"https:\/\/www.he-arc.ch\/en\/engineering\/organization\/#breadcrumb\",\"itemListElement\":[{\"@type\":\"ListItem\",\"position\":1,\"name\":\"Accueil\",\"item\":\"https:\/\/www.he-arc.ch\/en\/\"},{\"@type\":\"ListItem\",\"position\":2,\"name\":\"Organization &#8211; Engineering\"}]},{\"@type\":\"WebSite\",\"@id\":\"https:\/\/www.he-arc.ch\/en\/#website\",\"url\":\"https:\/\/www.he-arc.ch\/en\/\",\"name\":\"Haute-Ecole Arc\",\"description\":\"Haute \u00e9cole sp\u00e9cialis\u00e9e Suisse. Gestion, Ing\u00e9nierie, Sant\u00e9, Conservation-\u200brestauration.\",\"publisher\":{\"@id\":\"https:\/\/www.he-arc.ch\/en\/#organization\"},\"potentialAction\":[{\"@type\":\"SearchAction\",\"target\":{\"@type\":\"EntryPoint\",\"urlTemplate\":\"https:\/\/www.he-arc.ch\/en\/?s={search_term_string}\"},\"query-input\":{\"@type\":\"PropertyValueSpecification\",\"valueRequired\":true,\"valueName\":\"search_term_string\"}}],\"inLanguage\":\"en-US\"},{\"@type\":\"Organization\",\"@id\":\"https:\/\/www.he-arc.ch\/en\/#organization\",\"name\":\"Haute Ecole Arc\",\"url\":\"https:\/\/www.he-arc.ch\/en\/\",\"logo\":{\"@type\":\"ImageObject\",\"inLanguage\":\"en-US\",\"@id\":\"https:\/\/www.he-arc.ch\/en\/#\/schema\/logo\/image\/\",\"url\":\"https:\/\/www.he-arc.ch\/wp-content\/uploads\/2022\/01\/logo-he-arc.svg\",\"contentUrl\":\"https:\/\/www.he-arc.ch\/wp-content\/uploads\/2022\/01\/logo-he-arc.svg\",\"width\":140,\"height\":42,\"caption\":\"Haute Ecole Arc\"},\"image\":{\"@id\":\"https:\/\/www.he-arc.ch\/en\/#\/schema\/logo\/image\/\"}}]}<\/script>\n<!-- \/ Yoast SEO plugin. -->","yoast_head_json":{"title":"Organization - Engineering - Haute-Ecole Arc","description":"Through its organizational structure, the Arc School of Engineering ensures coherence between its Bachelor\u2019s programs and its applied research and development activities.","robots":{"index":"index","follow":"follow","max-snippet":"max-snippet:-1","max-image-preview":"max-image-preview:large","max-video-preview":"max-video-preview:-1"},"canonical":"https:\/\/www.he-arc.ch\/en\/engineering\/organization\/","og_locale":"en_US","og_type":"article","og_title":"Organization - Engineering - Haute-Ecole Arc","og_description":"Through its organizational structure, the Arc School of Engineering ensures coherence between its Bachelor\u2019s programs and its applied research and development activities.","og_url":"https:\/\/www.he-arc.ch\/en\/engineering\/organization\/","og_site_name":"Haute-Ecole Arc","article_modified_time":"2026-01-05T15:28:39+00:00","og_image":[{"url":"https:\/\/www.he-arc.ch\/wp-content\/uploads\/2022\/09\/haute-ecole-arc-ingenierie-organizational-chart.png","type":"","width":"","height":""}],"twitter_card":"summary_large_image","twitter_misc":{"Est. reading time":"1 minute"},"schema":{"@context":"https:\/\/schema.org","@graph":[{"@type":"WebPage","@id":"https:\/\/www.he-arc.ch\/en\/engineering\/organization\/","url":"https:\/\/www.he-arc.ch\/en\/engineering\/organization\/","name":"Organization - Engineering - Haute-Ecole Arc","isPartOf":{"@id":"https:\/\/www.he-arc.ch\/en\/#website"},"primaryImageOfPage":{"@id":"https:\/\/www.he-arc.ch\/en\/engineering\/organization\/#primaryimage"},"image":{"@id":"https:\/\/www.he-arc.ch\/en\/engineering\/organization\/#primaryimage"},"thumbnailUrl":"https:\/\/www.he-arc.ch\/wp-content\/uploads\/2022\/09\/haute-ecole-arc-ingenierie-organizational-chart.png","datePublished":"2021-09-29T07:19:11+00:00","dateModified":"2026-01-05T15:28:39+00:00","description":"Through its organizational structure, the Arc School of Engineering ensures coherence between its Bachelor\u2019s programs and its applied research and development activities.","breadcrumb":{"@id":"https:\/\/www.he-arc.ch\/en\/engineering\/organization\/#breadcrumb"},"inLanguage":"en-US","potentialAction":[{"@type":"ReadAction","target":["https:\/\/www.he-arc.ch\/en\/engineering\/organization\/"]}]},{"@type":"ImageObject","inLanguage":"en-US","@id":"https:\/\/www.he-arc.ch\/en\/engineering\/organization\/#primaryimage","url":"https:\/\/www.he-arc.ch\/wp-content\/uploads\/2022\/09\/haute-ecole-arc-ingenierie-organizational-chart.png","contentUrl":"https:\/\/www.he-arc.ch\/wp-content\/uploads\/2022\/09\/haute-ecole-arc-ingenierie-organizational-chart.png"},{"@type":"BreadcrumbList","@id":"https:\/\/www.he-arc.ch\/en\/engineering\/organization\/#breadcrumb","itemListElement":[{"@type":"ListItem","position":1,"name":"Accueil","item":"https:\/\/www.he-arc.ch\/en\/"},{"@type":"ListItem","position":2,"name":"Organization &#8211; Engineering"}]},{"@type":"WebSite","@id":"https:\/\/www.he-arc.ch\/en\/#website","url":"https:\/\/www.he-arc.ch\/en\/","name":"Haute-Ecole Arc","description":"Haute \u00e9cole sp\u00e9cialis\u00e9e Suisse. Gestion, Ing\u00e9nierie, Sant\u00e9, Conservation-\u200brestauration.","publisher":{"@id":"https:\/\/www.he-arc.ch\/en\/#organization"},"potentialAction":[{"@type":"SearchAction","target":{"@type":"EntryPoint","urlTemplate":"https:\/\/www.he-arc.ch\/en\/?s={search_term_string}"},"query-input":{"@type":"PropertyValueSpecification","valueRequired":true,"valueName":"search_term_string"}}],"inLanguage":"en-US"},{"@type":"Organization","@id":"https:\/\/www.he-arc.ch\/en\/#organization","name":"Haute Ecole Arc","url":"https:\/\/www.he-arc.ch\/en\/","logo":{"@type":"ImageObject","inLanguage":"en-US","@id":"https:\/\/www.he-arc.ch\/en\/#\/schema\/logo\/image\/","url":"https:\/\/www.he-arc.ch\/wp-content\/uploads\/2022\/01\/logo-he-arc.svg","contentUrl":"https:\/\/www.he-arc.ch\/wp-content\/uploads\/2022\/01\/logo-he-arc.svg","width":140,"height":42,"caption":"Haute Ecole Arc"},"image":{"@id":"https:\/\/www.he-arc.ch\/en\/#\/schema\/logo\/image\/"}}]}},"_links":{"self":[{"href":"https:\/\/www.he-arc.ch\/en\/wp-json\/wp\/v2\/pages\/35580","targetHints":{"allow":["GET"]}}],"collection":[{"href":"https:\/\/www.he-arc.ch\/en\/wp-json\/wp\/v2\/pages"}],"about":[{"href":"https:\/\/www.he-arc.ch\/en\/wp-json\/wp\/v2\/types\/page"}],"author":[{"embeddable":true,"href":"https:\/\/www.he-arc.ch\/en\/wp-json\/wp\/v2\/users\/6"}],"replies":[{"embeddable":true,"href":"https:\/\/www.he-arc.ch\/en\/wp-json\/wp\/v2\/comments?post=35580"}],"version-history":[{"count":22,"href":"https:\/\/www.he-arc.ch\/en\/wp-json\/wp\/v2\/pages\/35580\/revisions"}],"predecessor-version":[{"id":77860,"href":"https:\/\/www.he-arc.ch\/en\/wp-json\/wp\/v2\/pages\/35580\/revisions\/77860"}],"wp:attachment":[{"href":"https:\/\/www.he-arc.ch\/en\/wp-json\/wp\/v2\/media?parent=35580"}],"wp:term":[{"taxonomy":"he-arc_domain","embeddable":true,"href":"https:\/\/www.he-arc.ch\/en\/wp-json\/wp\/v2\/he-arc_domain?post=35580"}],"curies":[{"name":"wp","href":"https:\/\/api.w.org\/{rel}","templated":true}]}}