{"id":35594,"date":"2021-09-29T10:59:35","date_gmt":"2021-09-29T08:59:35","guid":{"rendered":"https:\/\/www.he-arc.ch\/?p=35594"},"modified":"2026-01-05T15:52:14","modified_gmt":"2026-01-05T14:52:14","slug":"partnerships","status":"publish","type":"page","link":"https:\/\/www.he-arc.ch\/en\/engineering\/partnerships\/","title":{"rendered":"Partnerships"},"content":{"rendered":"<header class=\"hero-section is-simple page-max is-wide\">\n  <div class=\"hero\">\n    <div class=\"hero-nav page-max\">\n      \n  <div class=\"breadcrumb hidden-print\">\n    <div class=\"breadcrumb-house\"><img decoding=\"async\" src=\"https:\/\/www.he-arc.ch\/wp-content\/themes\/he-arc\/static\/images\/icon-house.svg\" loading=\"lazy\" alt=\"\" height=\"12\"><\/div>\n    <a href=\"https:\/\/www.he-arc.ch\/en\/\" class=\"breadcrumb-link\">HE-Arc<\/a>\n    <div class=\"breadcrumb-bullet\"><\/div>\n\n          <a href=\"\/\/\" class=\"breadcrumb-link\"><\/a>\n      <div class=\"breadcrumb-bullet\"><\/div>\n    \n    \n              \n    \n    \n    \n    <span class=\"breadcrumb-link is-active pointer-none\">Partnerships<\/span>\n  <\/div>\n\n          <\/div>\n    <div class=\"hero-row is-simple page-max\">\n      <div>\n        <span class=\"hero__overline display-block\"><\/span>\n        <h1 class=\"hero__title is-small\">Partnerships<\/h1>\n      <\/div>\n    <\/div>\n  <\/div>\n<\/header>\n\n\n<section class=\"page-section\">\n\n  <div class=\"page-menu--mobile is-shadowed--bold\">\n    <a href=\"#sidebar_contact\" class=\"btn-link border-none w-inline-block\">\n      <span class=\"btn-link__title is-goto\">Contact and Infos<\/span>\n    <\/a>\n  <\/div>\n\n  <div class=\"page-section__inner page-max\">\n\n    <div class=\"article__content is-with-aside\">\n\n      <div class=\"rich-text w-richtext\">\n                \n<div class=\"article__intro rich-text is-large w-richtext\">\n      <p><span style=\"font-weight: 400;\">The Arc School of Engineering collaborates with important economic players in the Bern-Jura-Neuch\u00e2tel region, as well as with institutions abroad.<\/span><\/p>\n\n  <\/div>\n\n\n\n<h2 class=\"wp-block-heading\" id=\"title1\">Academic Partners <\/h2>\n\n\n\n<figure class=\"wp-block-table is-style-logo\"><table class=\"has-fixed-layout\"><tbody><tr><td><a href=\"https:\/\/www.csem.ch\/Home\" target=\"_blank\" rel=\"noreferrer noopener\"><img decoding=\"async\" class=\"wp-image-10203\" style=\"width: 150px;\" src=\"https:\/\/www.he-arc.ch\/wp-content\/uploads\/\/2021\/11\/csem.svg\" alt=\"\"><\/a><\/td><td><a href=\"https:\/\/epfl.ch\" target=\"_blank\" rel=\"noreferrer noopener\"><img decoding=\"async\" class=\"wp-image-10202\" style=\"width: 150px;\" src=\"https:\/\/www.he-arc.ch\/wp-content\/uploads\/\/2021\/11\/epfl.svg\" alt=\"\"><\/a><\/td><td><a href=\"https:\/\/www.unine.ch\/\" target=\"_blank\" rel=\"noreferrer noopener\"><img decoding=\"async\" class=\"wp-image-10201\" style=\"width: 150px;\" src=\"https:\/\/www.he-arc.ch\/wp-content\/uploads\/\/2021\/11\/unine.svg\" alt=\"\"><\/a><\/td><\/tr><tr><td><a href=\"https:\/\/www.utbm.fr\/\" target=\"_blank\" rel=\"noreferrer noopener\"><img decoding=\"async\" class=\"wp-image-10204\" style=\"width: 150px;\" src=\"https:\/\/www.he-arc.ch\/wp-content\/uploads\/\/2021\/11\/utbm.svg\" alt=\"\"><\/a><\/td><td><a href=\"https:\/\/www.femto-st.fr\/fr\" target=\"_blank\" rel=\"noreferrer noopener\"><img decoding=\"async\" src=\"https:\/\/www.he-arc.ch\/wp-content\/uploads\/\/2021\/11\/femto.svg\" class=\"wp-image-10205\" style=\"width: 150px;\" alt=\"\"><\/a><\/td><td><a href=\"https:\/\/space-innovation.ch\/\" target=\"_blank\" rel=\"noreferrer noopener\"><img decoding=\"async\" class=\"wp-image-10200\" style=\"width: 150px;\" src=\"https:\/\/www.he-arc.ch\/wp-content\/uploads\/\/2021\/11\/space_innovation.svg\" alt=\"\"><\/a><\/td><\/tr><\/tbody><\/table><\/figure>\n\n\n\n<h2 class=\"wp-block-heading\">Industry Partners<\/h2>\n\n\n\n<figure class=\"wp-block-table is-style-logo\"><table class=\"has-fixed-layout\"><tbody><tr><td><a href=\"https:\/\/www.tornos.com\/fr\/content\/tornos-research-center\" target=\"_blank\" rel=\"noreferrer noopener\"><img decoding=\"async\" width=\"150\" height=\"80\" class=\"wp-image-30970\" style=\"width: 150px;\" src=\"https:\/\/www.he-arc.ch\/wp-content\/uploads\/\/2021\/12\/tornos.svg\" alt=\"\"><\/a><\/td><td><a href=\"http:\/\/www.fsrm.ch\/\" target=\"_blank\" rel=\"noreferrer noopener\"><img decoding=\"async\" width=\"150\" height=\"80\" class=\"wp-image-30969\" style=\"width: 150px;\" src=\"https:\/\/www.he-arc.ch\/wp-content\/uploads\/\/2021\/12\/fsrm.svg\" alt=\"\"><\/a><\/td><td><a href=\"http:\/\/www.asrh.ch\/\" target=\"_blank\" rel=\"noreferrer noopener\"><img decoding=\"async\" width=\"150\" height=\"80\" class=\"wp-image-30968\" style=\"width: 150px;\" src=\"https:\/\/www.he-arc.ch\/wp-content\/uploads\/\/2021\/12\/asrh.svg\" alt=\"\"><\/a><\/td><\/tr><\/tbody><\/table><\/figure>\n\n\n\n<h2 class=\"wp-block-heading\">Institutional Partners<\/h2>\n\n\n\n<figure class=\"wp-block-table is-style-logo\"><table class=\"has-fixed-layout\"><tbody><tr><td><a href=\"http:\/\/www.neuchateleconomie.ch\/\" target=\"_blank\" rel=\"noreferrer noopener\"><img decoding=\"async\" width=\"150\" height=\"80\" class=\"wp-image-30973\" style=\"width: 150px;\" src=\"https:\/\/www.he-arc.ch\/wp-content\/uploads\/\/2021\/12\/canton_ne.svg\" alt=\"\"><\/a><\/td><td><a href=\"http:\/\/www.berneinvest.com\/\" target=\"_blank\" rel=\"noreferrer noopener\"><img decoding=\"async\" width=\"150\" height=\"80\" class=\"wp-image-30971\" style=\"width: 150px;\" src=\"https:\/\/www.he-arc.ch\/wp-content\/uploads\/\/2021\/12\/canton_be.svg\" alt=\"\"><\/a><\/td><td><a href=\"https:\/\/eco.jura.ch\/fr\/Accueil\/Site-de-la-Promotion-Economique-du-Canton-du-Jura.html\" target=\"_blank\" rel=\"noreferrer noopener\"><img decoding=\"async\" width=\"150\" height=\"80\" class=\"wp-image-30972\" style=\"width: 150px;\" src=\"https:\/\/www.he-arc.ch\/wp-content\/uploads\/\/2021\/12\/canton_ju.svg\" alt=\"\"><\/a><\/td><\/tr><tr><td><a href=\"\/\/www.eda.admin.ch\/deza\/fr\/home.html\" target=\"_blank\" rel=\"noreferrer noopener\"><img decoding=\"async\" width=\"150\" height=\"80\" class=\"wp-image-30974\" style=\"width: 150px;\" src=\"https:\/\/www.he-arc.ch\/wp-content\/uploads\/\/2021\/12\/confederation_suisse.svg\" alt=\"\"><\/a><\/td><td><a href=\"http:\/\/www.creapole.ch\/\" target=\"_blank\" rel=\"noreferrer noopener\"><img decoding=\"async\" width=\"150\" height=\"80\" class=\"wp-image-30975\" style=\"width: 150px;\" src=\"https:\/\/www.he-arc.ch\/wp-content\/uploads\/\/2021\/12\/creapole.svg\" alt=\"\"><\/a><\/td><td><\/td><\/tr><\/tbody><\/table><\/figure>\n\n\n\n<h2 class=\"wp-block-heading\">Cultural Partners<\/h2>\n\n\n\n<figure class=\"wp-block-table is-style-logo\"><table class=\"has-fixed-layout\"><tbody><tr><td><a href=\"https:\/\/nifff.ch\/en\/\" target=\"_blank\" rel=\"noreferrer noopener\"><img decoding=\"async\" width=\"150\" height=\"80\" class=\"wp-image-30977\" style=\"width: 150px;\" src=\"https:\/\/www.he-arc.ch\/wp-content\/uploads\/\/2021\/12\/nifff.svg\" alt=\"\"><\/a><\/td><td><a href=\"http:\/\/www.mhl-monts.ch\/\" target=\"_blank\" rel=\"noreferrer noopener\"><img decoding=\"async\" width=\"150\" height=\"80\" class=\"wp-image-30997\" style=\"width: 150px;\" src=\"https:\/\/www.he-arc.ch\/wp-content\/uploads\/2021\/12\/mhl.png\" alt=\"\"><\/a><\/td><td><a href=\"http:\/\/www.ludesco.ch\/\" target=\"_blank\" rel=\"noreferrer noopener\"><img decoding=\"async\" width=\"150\" height=\"80\" class=\"wp-image-30998\" style=\"width: 150px;\" src=\"https:\/\/www.he-arc.ch\/wp-content\/uploads\/2021\/12\/ludesco.png\" alt=\"\"><\/a><\/td><\/tr><tr><td><a href=\"https:\/\/www.cdn.ch\/cdn\/fr\/home.html\" target=\"_blank\" rel=\"noreferrer noopener\"><img decoding=\"async\" width=\"150\" height=\"80\" class=\"wp-image-30976\" style=\"width: 150px;\" src=\"https:\/\/www.he-arc.ch\/wp-content\/uploads\/\/2021\/12\/cdn.svg\" alt=\"\"><\/a><\/td><td><\/td><td><\/td><\/tr><\/tbody><\/table><\/figure>\n\n\n\n<h2 class=\"wp-block-heading\">Platforms and Networks<\/h2>\n\n\n\n<figure class=\"wp-block-table is-style-logo\"><table class=\"has-fixed-layout\"><tbody><tr><td><a href=\"http:\/\/www.alliance-tt.ch\/\" target=\"_blank\" rel=\"noreferrer noopener\"><img decoding=\"async\" width=\"150\" height=\"80\" class=\"wp-image-12026\" style=\"width: 150px;\" src=\"https:\/\/www.he-arc.ch\/wp-content\/uploads\/\/2021\/12\/alliance.svg\" alt=\"\"><\/a><\/td><td><a href=\"http:\/\/www.micronarc.ch\/\" target=\"_blank\" rel=\"noreferrer noopener\"><img decoding=\"async\" width=\"150\" height=\"80\" class=\"wp-image-12088\" style=\"width: 150px;\" src=\"https:\/\/www.he-arc.ch\/wp-content\/uploads\/\/2021\/12\/micronarc.svg\" alt=\"\"><\/a><\/td><td><a href=\"http:\/\/www.bioalps.org\/\" target=\"_blank\" rel=\"noreferrer noopener\"><img decoding=\"async\" width=\"150\" height=\"80\" class=\"wp-image-12089\" style=\"width: 150px;\" src=\"https:\/\/www.he-arc.ch\/wp-content\/uploads\/\/2021\/12\/bioalps-1.svg\" alt=\"\"><\/a><\/td><\/tr><tr><td><a href=\"http:\/\/www.alpict.ch\/\" target=\"_blank\" rel=\"noreferrer noopener\"><img decoding=\"async\" width=\"150\" height=\"80\" class=\"wp-image-12097\" style=\"width: 150px;\" src=\"https:\/\/www.he-arc.ch\/wp-content\/uploads\/\/2021\/12\/alpict.svg\" alt=\"\"><\/a><\/td><td><a href=\"https:\/\/baselarea.swiss\/fr\/\" target=\"_blank\" rel=\"noreferrer noopener\"><img decoding=\"async\" width=\"150\" height=\"80\" class=\"wp-image-12108\" style=\"width: 150px;\" src=\"https:\/\/www.he-arc.ch\/wp-content\/uploads\/\/2021\/12\/basel_area.svg\" alt=\"\"><\/a><\/td><td><a href=\"https:\/\/www.sipbb.ch\/en\/forschung\/swiss-smart-factory\/\" target=\"_blank\" rel=\"noreferrer noopener\"><img decoding=\"async\" width=\"150\" height=\"80\" class=\"wp-image-12107\" style=\"width: 150px;\" src=\"https:\/\/www.he-arc.ch\/wp-content\/uploads\/\/2021\/12\/swiss_smart_factory.svg\" alt=\"\"><\/a><\/td><\/tr><tr><td><a href=\"http:\/\/www.swisspush.ch\/partenaires\/partenaires_fr\" target=\"_blank\" rel=\"noreferrer noopener\"><img decoding=\"async\" width=\"150\" height=\"80\" class=\"wp-image-12110\" style=\"width: 150px;\" src=\"https:\/\/www.he-arc.ch\/wp-content\/uploads\/\/2021\/12\/mnn.svg\" alt=\"\"><\/a><\/td><td><a href=\"https:\/\/www.microcity.ch\/\" target=\"_blank\" rel=\"noreferrer noopener\"><img decoding=\"async\" width=\"150\" height=\"80\" class=\"wp-image-12109\" style=\"width: 150px;\" src=\"https:\/\/www.he-arc.ch\/wp-content\/uploads\/\/2021\/12\/microcity.svg\" alt=\"\"><\/a><\/td><td><\/td><\/tr><\/tbody><\/table><\/figure>\n\n\n\n<p><\/p>\n\n\n            <\/div>\n\n    <\/div>\n\n    <div class=\"article__aside w-100p\" id=\"sidebar_contact\">\n\n  <aside class=\"page-section__aside\">\n      <nav class=\"page-menu hidden-print is-shadowed--bold mt-1  w-list-unstyled\" aria-label=\"Raccourcis sur la page\">\n        <span class=\"page-menu__heading mt-0\">About Us<\/span>\n                    \n            <a href=\"\/en\/engineering\/why-he-arc-engineering\/ \" target=\"_blank\" class=\"btn-link  is-with-arrow \">\n        <span class=\"simple-link no-decoration\">Why Choose Arc School of Engineering<\/span>\n      <\/a>\n                      \n            <a href=\"\/en\/engineering\/strategic-positioning\/\"  class=\"btn-link  is-with-arrow \">\n        <span class=\"simple-link no-decoration\">Strategic Positioning<\/span>\n      <\/a>\n                      \n            <a href=\"\/en\/engineering\/vision-and-mission\/\"  class=\"btn-link  is-with-arrow \">\n        <span class=\"simple-link no-decoration\">Vision and Mission<\/span>\n      <\/a>\n                      \n            <a href=\"\/en\/engineering\/organization\/\"  class=\"btn-link  is-with-arrow \">\n        <span class=\"simple-link no-decoration\">Organization<\/span>\n      <\/a>\n                      \n            <a href=\"\"  class=\"btn-link is-current is-with-arrow border-none\">\n        <span class=\"simple-link no-decoration\">Partnerships<\/span>\n      <\/a>\n            <\/nav>\n  <\/aside>\n\n      <div class=\"mt-4 w-100p\">\n              <h4 class=\"link-list__title\">Contact<\/h4>\n        \n<div id=\"contact-card-block_874456e8773b47b207f881186a1a61c5\" class=\"contact-card is-shadowed  is-not-contained\">\n  <div class=\"contact-card__inner\">\n                <div class=\"contact-entry mb-1\">\n        Partnerships and Valorisation Manager:\n      <\/div>\n                      <div class=\"contact-entry mb-1\">\n        Max Monti\n      <\/div>\n                      <div class=\"contact-entry mb-1\">\n        <a href=\"tel:+41329302267\"  class=\"simple-link contact-entry mb-1\">+ 41 32 930 22 67<\/a>\n      <\/div>\n                      <div class=\"contact-entry \">\n        <a href=\"mailto:massimo.monti@he-arc.ch\"  class=\"simple-link contact-entry mb-1\">massimo.monti@he-arc.ch<\/a>\n      <\/div>\n            <\/div>\n<\/div>\n          <\/div>\n\n  <\/div>\n\n  <\/div>\n<\/section>\n","protected":false},"excerpt":{"rendered":"","protected":false},"author":6,"featured_media":0,"parent":0,"menu_order":262,"comment_status":"closed","ping_status":"closed","template":"","meta":{"_acf_changed":false,"footnotes":""},"he-arc_domain":[150],"class_list":["post-35594","page","type-page","status-publish","hentry","he-arc_domain-engineering"],"acf":[],"yoast_head":"<!-- This site is optimized with the Yoast SEO plugin v26.6 - https:\/\/yoast.com\/wordpress\/plugins\/seo\/ -->\n<title>Partnerships - Haute-Ecole Arc<\/title>\n<meta name=\"description\" content=\"The Arc School of Engineering has numerous industrial, academic, and institutional partners in Switzerland and abroad, fostering innovation and collaboration.\" \/>\n<meta name=\"robots\" content=\"index, follow, max-snippet:-1, max-image-preview:large, max-video-preview:-1\" \/>\n<link rel=\"canonical\" href=\"https:\/\/www.he-arc.ch\/en\/engineering\/partnerships\/\" \/>\n<meta property=\"og:locale\" content=\"en_US\" \/>\n<meta property=\"og:type\" content=\"article\" \/>\n<meta property=\"og:title\" content=\"Partnerships - Haute-Ecole Arc\" \/>\n<meta property=\"og:description\" content=\"The Arc School of Engineering has numerous industrial, academic, and institutional partners in Switzerland and abroad, fostering innovation and collaboration.\" \/>\n<meta property=\"og:url\" content=\"https:\/\/www.he-arc.ch\/en\/engineering\/partnerships\/\" \/>\n<meta property=\"og:site_name\" content=\"Haute-Ecole Arc\" \/>\n<meta property=\"article:modified_time\" content=\"2026-01-05T14:52:14+00:00\" \/>\n<meta property=\"og:image\" content=\"https:\/\/www.he-arc.ch\/wp-content\/uploads\/\/2021\/11\/csem.svg\" \/>\n<meta name=\"twitter:card\" content=\"summary_large_image\" \/>\n<meta name=\"twitter:label1\" content=\"Est. reading time\" \/>\n\t<meta name=\"twitter:data1\" content=\"6 minutes\" \/>\n<script type=\"application\/ld+json\" class=\"yoast-schema-graph\">{\"@context\":\"https:\/\/schema.org\",\"@graph\":[{\"@type\":\"WebPage\",\"@id\":\"https:\/\/www.he-arc.ch\/en\/engineering\/partnerships\/\",\"url\":\"https:\/\/www.he-arc.ch\/en\/engineering\/partnerships\/\",\"name\":\"Partnerships - Haute-Ecole Arc\",\"isPartOf\":{\"@id\":\"https:\/\/www.he-arc.ch\/en\/#website\"},\"primaryImageOfPage\":{\"@id\":\"https:\/\/www.he-arc.ch\/en\/engineering\/partnerships\/#primaryimage\"},\"image\":{\"@id\":\"https:\/\/www.he-arc.ch\/en\/engineering\/partnerships\/#primaryimage\"},\"thumbnailUrl\":\"https:\/\/www.he-arc.ch\/wp-content\/uploads\/\/2021\/11\/csem.svg\",\"datePublished\":\"2021-09-29T08:59:35+00:00\",\"dateModified\":\"2026-01-05T14:52:14+00:00\",\"description\":\"The Arc School of Engineering has numerous industrial, academic, and institutional partners in Switzerland and abroad, fostering innovation and collaboration.\",\"breadcrumb\":{\"@id\":\"https:\/\/www.he-arc.ch\/en\/engineering\/partnerships\/#breadcrumb\"},\"inLanguage\":\"en-US\",\"potentialAction\":[{\"@type\":\"ReadAction\",\"target\":[\"https:\/\/www.he-arc.ch\/en\/engineering\/partnerships\/\"]}]},{\"@type\":\"ImageObject\",\"inLanguage\":\"en-US\",\"@id\":\"https:\/\/www.he-arc.ch\/en\/engineering\/partnerships\/#primaryimage\",\"url\":\"https:\/\/www.he-arc.ch\/wp-content\/uploads\/\/2021\/11\/csem.svg\",\"contentUrl\":\"https:\/\/www.he-arc.ch\/wp-content\/uploads\/\/2021\/11\/csem.svg\"},{\"@type\":\"BreadcrumbList\",\"@id\":\"https:\/\/www.he-arc.ch\/en\/engineering\/partnerships\/#breadcrumb\",\"itemListElement\":[{\"@type\":\"ListItem\",\"position\":1,\"name\":\"Accueil\",\"item\":\"https:\/\/www.he-arc.ch\/en\/\"},{\"@type\":\"ListItem\",\"position\":2,\"name\":\"Partnerships\"}]},{\"@type\":\"WebSite\",\"@id\":\"https:\/\/www.he-arc.ch\/en\/#website\",\"url\":\"https:\/\/www.he-arc.ch\/en\/\",\"name\":\"Haute-Ecole Arc\",\"description\":\"Haute \u00e9cole sp\u00e9cialis\u00e9e Suisse. Gestion, Ing\u00e9nierie, Sant\u00e9, Conservation-\u200brestauration.\",\"publisher\":{\"@id\":\"https:\/\/www.he-arc.ch\/en\/#organization\"},\"potentialAction\":[{\"@type\":\"SearchAction\",\"target\":{\"@type\":\"EntryPoint\",\"urlTemplate\":\"https:\/\/www.he-arc.ch\/en\/?s={search_term_string}\"},\"query-input\":{\"@type\":\"PropertyValueSpecification\",\"valueRequired\":true,\"valueName\":\"search_term_string\"}}],\"inLanguage\":\"en-US\"},{\"@type\":\"Organization\",\"@id\":\"https:\/\/www.he-arc.ch\/en\/#organization\",\"name\":\"Haute Ecole Arc\",\"url\":\"https:\/\/www.he-arc.ch\/en\/\",\"logo\":{\"@type\":\"ImageObject\",\"inLanguage\":\"en-US\",\"@id\":\"https:\/\/www.he-arc.ch\/en\/#\/schema\/logo\/image\/\",\"url\":\"https:\/\/www.he-arc.ch\/wp-content\/uploads\/2022\/01\/logo-he-arc.svg\",\"contentUrl\":\"https:\/\/www.he-arc.ch\/wp-content\/uploads\/2022\/01\/logo-he-arc.svg\",\"width\":140,\"height\":42,\"caption\":\"Haute Ecole Arc\"},\"image\":{\"@id\":\"https:\/\/www.he-arc.ch\/en\/#\/schema\/logo\/image\/\"}}]}<\/script>\n<!-- \/ Yoast SEO plugin. -->","yoast_head_json":{"title":"Partnerships - Haute-Ecole Arc","description":"The Arc School of Engineering has numerous industrial, academic, and institutional partners in Switzerland and abroad, fostering innovation and collaboration.","robots":{"index":"index","follow":"follow","max-snippet":"max-snippet:-1","max-image-preview":"max-image-preview:large","max-video-preview":"max-video-preview:-1"},"canonical":"https:\/\/www.he-arc.ch\/en\/engineering\/partnerships\/","og_locale":"en_US","og_type":"article","og_title":"Partnerships - Haute-Ecole Arc","og_description":"The Arc School of Engineering has numerous industrial, academic, and institutional partners in Switzerland and abroad, fostering innovation and collaboration.","og_url":"https:\/\/www.he-arc.ch\/en\/engineering\/partnerships\/","og_site_name":"Haute-Ecole Arc","article_modified_time":"2026-01-05T14:52:14+00:00","og_image":[{"url":"https:\/\/www.he-arc.ch\/wp-content\/uploads\/\/2021\/11\/csem.svg","type":"","width":"","height":""}],"twitter_card":"summary_large_image","twitter_misc":{"Est. reading time":"6 minutes"},"schema":{"@context":"https:\/\/schema.org","@graph":[{"@type":"WebPage","@id":"https:\/\/www.he-arc.ch\/en\/engineering\/partnerships\/","url":"https:\/\/www.he-arc.ch\/en\/engineering\/partnerships\/","name":"Partnerships - Haute-Ecole Arc","isPartOf":{"@id":"https:\/\/www.he-arc.ch\/en\/#website"},"primaryImageOfPage":{"@id":"https:\/\/www.he-arc.ch\/en\/engineering\/partnerships\/#primaryimage"},"image":{"@id":"https:\/\/www.he-arc.ch\/en\/engineering\/partnerships\/#primaryimage"},"thumbnailUrl":"https:\/\/www.he-arc.ch\/wp-content\/uploads\/\/2021\/11\/csem.svg","datePublished":"2021-09-29T08:59:35+00:00","dateModified":"2026-01-05T14:52:14+00:00","description":"The Arc School of Engineering has numerous industrial, academic, and institutional partners in Switzerland and abroad, fostering innovation and collaboration.","breadcrumb":{"@id":"https:\/\/www.he-arc.ch\/en\/engineering\/partnerships\/#breadcrumb"},"inLanguage":"en-US","potentialAction":[{"@type":"ReadAction","target":["https:\/\/www.he-arc.ch\/en\/engineering\/partnerships\/"]}]},{"@type":"ImageObject","inLanguage":"en-US","@id":"https:\/\/www.he-arc.ch\/en\/engineering\/partnerships\/#primaryimage","url":"https:\/\/www.he-arc.ch\/wp-content\/uploads\/\/2021\/11\/csem.svg","contentUrl":"https:\/\/www.he-arc.ch\/wp-content\/uploads\/\/2021\/11\/csem.svg"},{"@type":"BreadcrumbList","@id":"https:\/\/www.he-arc.ch\/en\/engineering\/partnerships\/#breadcrumb","itemListElement":[{"@type":"ListItem","position":1,"name":"Accueil","item":"https:\/\/www.he-arc.ch\/en\/"},{"@type":"ListItem","position":2,"name":"Partnerships"}]},{"@type":"WebSite","@id":"https:\/\/www.he-arc.ch\/en\/#website","url":"https:\/\/www.he-arc.ch\/en\/","name":"Haute-Ecole Arc","description":"Haute \u00e9cole sp\u00e9cialis\u00e9e Suisse. Gestion, Ing\u00e9nierie, Sant\u00e9, Conservation-\u200brestauration.","publisher":{"@id":"https:\/\/www.he-arc.ch\/en\/#organization"},"potentialAction":[{"@type":"SearchAction","target":{"@type":"EntryPoint","urlTemplate":"https:\/\/www.he-arc.ch\/en\/?s={search_term_string}"},"query-input":{"@type":"PropertyValueSpecification","valueRequired":true,"valueName":"search_term_string"}}],"inLanguage":"en-US"},{"@type":"Organization","@id":"https:\/\/www.he-arc.ch\/en\/#organization","name":"Haute Ecole Arc","url":"https:\/\/www.he-arc.ch\/en\/","logo":{"@type":"ImageObject","inLanguage":"en-US","@id":"https:\/\/www.he-arc.ch\/en\/#\/schema\/logo\/image\/","url":"https:\/\/www.he-arc.ch\/wp-content\/uploads\/2022\/01\/logo-he-arc.svg","contentUrl":"https:\/\/www.he-arc.ch\/wp-content\/uploads\/2022\/01\/logo-he-arc.svg","width":140,"height":42,"caption":"Haute Ecole Arc"},"image":{"@id":"https:\/\/www.he-arc.ch\/en\/#\/schema\/logo\/image\/"}}]}},"_links":{"self":[{"href":"https:\/\/www.he-arc.ch\/en\/wp-json\/wp\/v2\/pages\/35594","targetHints":{"allow":["GET"]}}],"collection":[{"href":"https:\/\/www.he-arc.ch\/en\/wp-json\/wp\/v2\/pages"}],"about":[{"href":"https:\/\/www.he-arc.ch\/en\/wp-json\/wp\/v2\/types\/page"}],"author":[{"embeddable":true,"href":"https:\/\/www.he-arc.ch\/en\/wp-json\/wp\/v2\/users\/6"}],"replies":[{"embeddable":true,"href":"https:\/\/www.he-arc.ch\/en\/wp-json\/wp\/v2\/comments?post=35594"}],"version-history":[{"count":16,"href":"https:\/\/www.he-arc.ch\/en\/wp-json\/wp\/v2\/pages\/35594\/revisions"}],"predecessor-version":[{"id":77849,"href":"https:\/\/www.he-arc.ch\/en\/wp-json\/wp\/v2\/pages\/35594\/revisions\/77849"}],"wp:attachment":[{"href":"https:\/\/www.he-arc.ch\/en\/wp-json\/wp\/v2\/media?parent=35594"}],"wp:term":[{"taxonomy":"he-arc_domain","embeddable":true,"href":"https:\/\/www.he-arc.ch\/en\/wp-json\/wp\/v2\/he-arc_domain?post=35594"}],"curies":[{"name":"wp","href":"https:\/\/api.w.org\/{rel}","templated":true}]}}