{"id":35718,"date":"2021-09-28T13:40:19","date_gmt":"2021-09-28T11:40:19","guid":{"rendered":"https:\/\/www.he-arc.ch\/?p=35718"},"modified":"2025-08-19T09:37:26","modified_gmt":"2025-08-19T07:37:26","slug":"research-groups","status":"publish","type":"page","link":"https:\/\/www.he-arc.ch\/en\/engineering\/research-groups\/","title":{"rendered":"Research Groups"},"content":{"rendered":"<header class=\"hero-section is-simple page-max is-wide\">\n  <div class=\"hero\">\n    <div class=\"hero-nav page-max\">\n      \n  <div class=\"breadcrumb hidden-print\">\n    <div class=\"breadcrumb-house\"><img decoding=\"async\" src=\"https:\/\/www.he-arc.ch\/wp-content\/themes\/he-arc\/static\/images\/icon-house.svg\" loading=\"lazy\" alt=\"\" height=\"12\"><\/div>\n    <a href=\"https:\/\/www.he-arc.ch\/en\/\" class=\"breadcrumb-link\">HE-Arc<\/a>\n    <div class=\"breadcrumb-bullet\"><\/div>\n\n          <a href=\"\/\/\" class=\"breadcrumb-link\"><\/a>\n      <div class=\"breadcrumb-bullet\"><\/div>\n    \n    \n              \n    \n    \n    \n    <span class=\"breadcrumb-link is-active pointer-none\">Research Groups<\/span>\n  <\/div>\n\n          <\/div>\n    <div class=\"hero-row is-simple page-max\">\n      <div>\n        <span class=\"hero__overline display-block\"><\/span>\n        <h1 class=\"hero__title is-small\">Research Groups<\/h1>\n      <\/div>\n    <\/div>\n  <\/div>\n<\/header>\n\n\n<section class=\"page-section\">\n\n  <div class=\"page-menu--mobile is-shadowed--bold\">\n    <a href=\"#sidebar_contact\" class=\"btn-link border-none w-inline-block\">\n      <span class=\"btn-link__title is-goto\">Contact and Infos<\/span>\n    <\/a>\n  <\/div>\n\n  <div class=\"page-section__inner page-max\">\n\n    <div class=\"article__content is-with-aside\">\n\n      <div class=\"rich-text w-richtext\">\n                \n<div class=\"article__intro rich-text is-large w-richtext\">\n      <p><span style=\"font-weight: 400;\">In order to respond to its positioning around its four application domains, the Arc School of Engineering offers you its know-how organized in research groups.<\/span><\/p>\n\n  <\/div>\n\n\n\n<div class=\"cta-cards is-contained \">\n\n  \n  \n    \n\t      <ul class=\"flex-row mt-3 w-list-unstyled\">\n              <li class=\"size-1-2 size-full-mobile\">\n  \n    <a href=\"https:\/\/www.he-arc.ch\/en\/engineering\/research-groups\/user-centered-product-design\/\"  class=\"cta-card is-shadowed flex-column\">\n  \n          <div class=\"image-wrapper--landscape\" style=\"background-image: url(https:\/\/www.he-arc.ch\/wp-content\/uploads\/2021\/10\/he_arc_ingenierie_idea-300x200.jpg)\"><\/div>\n        \n    <div class=\"cta-card__inner is-with-arrow\">\n            <h3 class=\"cta-card__title pretty-underline is-large\">User-Centered Product Design<\/h3>\n      <p class=\"cta-card__description\">from needs analysis to prototyping<\/p>\n              <span class=\"icon-arrow-right cta-card__arrow\" \/>\n          <\/div>\n    <\/a>\n  <\/li>\n              <li class=\"size-1-2 size-full-mobile\">\n  \n    <a href=\"https:\/\/www.he-arc.ch\/en\/engineering\/research-groups\/production-equipment-design\/\"  class=\"cta-card is-shadowed flex-column\">\n  \n          <div class=\"image-wrapper--landscape\" style=\"background-image: url(https:\/\/www.he-arc.ch\/wp-content\/uploads\/2021\/10\/he_arc_ingenierie_idec-300x201.jpg)\"><\/div>\n        \n    <div class=\"cta-card__inner is-with-arrow\">\n            <h3 class=\"cta-card__title pretty-underline is-large\">Production Equipment Design<\/h3>\n      <p class=\"cta-card__description\">supporting assembly and machine tools<\/p>\n              <span class=\"icon-arrow-right cta-card__arrow\" \/>\n          <\/div>\n    <\/a>\n  <\/li>\n          <\/ul>\n\n    \n  \n    \n\t      <ul class=\"flex-row  w-list-unstyled\">\n              <li class=\"size-1-2 size-full-mobile\">\n  \n    <a href=\"https:\/\/www.he-arc.ch\/en\/engineering\/research-groups\/industrial-autonomization\/\"  class=\"cta-card is-shadowed flex-column\">\n  \n          <div class=\"image-wrapper--landscape\" style=\"background-image: url(https:\/\/www.he-arc.ch\/wp-content\/uploads\/2022\/02\/he_arc_ingenierie_tice-300x201.jpg)\"><\/div>\n        \n    <div class=\"cta-card__inner is-with-arrow\">\n            <h3 class=\"cta-card__title pretty-underline is-large\">Industrial Autonomization<\/h3>\n      <p class=\"cta-card__description\">the Swiss Army knife for your ambitious mechatronic projects<\/p>\n              <span class=\"icon-arrow-right cta-card__arrow\" \/>\n          <\/div>\n    <\/a>\n  <\/li>\n              <li class=\"size-1-2 size-full-mobile\">\n  \n    <a href=\"https:\/\/www.he-arc.ch\/en\/engineering\/research-groups\/metrology-and-industrial-vision\/\"  class=\"cta-card is-shadowed flex-column\">\n  \n          <div class=\"image-wrapper--landscape\" style=\"background-image: url(https:\/\/www.he-arc.ch\/wp-content\/uploads\/2021\/10\/he_arc_ingenierie_igib-300x201.jpg)\"><\/div>\n        \n    <div class=\"cta-card__inner is-with-arrow\">\n            <h3 class=\"cta-card__title pretty-underline is-large\">Metrology And Industrial Vision<\/h3>\n      <p class=\"cta-card__description\">quality engineering<\/p>\n              <span class=\"icon-arrow-right cta-card__arrow\" \/>\n          <\/div>\n    <\/a>\n  <\/li>\n          <\/ul>\n\n    \n  \n    \n\t      <ul class=\"flex-row  w-list-unstyled\">\n              <li class=\"size-1-2 size-full-mobile\">\n  \n    <a href=\"https:\/\/www.he-arc.ch\/en\/engineering\/research-groups\/watch-and-precision-engineering\/\"  class=\"cta-card is-shadowed flex-column\">\n  \n          <div class=\"image-wrapper--landscape\" style=\"background-image: url(https:\/\/www.he-arc.ch\/wp-content\/uploads\/2021\/10\/he_arc_ingenierie_mica-300x201.jpg)\"><\/div>\n        \n    <div class=\"cta-card__inner is-with-arrow\">\n            <h3 class=\"cta-card__title pretty-underline is-large\">Watch and Precision Engineering<\/h3>\n      <p class=\"cta-card__description\">design, simulation, characterization and industrial production of clock and watch components<\/p>\n              <span class=\"icon-arrow-right cta-card__arrow\" \/>\n          <\/div>\n    <\/a>\n  <\/li>\n              <li class=\"size-1-2 size-full-mobile\">\n  \n    <a href=\"https:\/\/www.he-arc.ch\/en\/engineering\/research-groups\/medical-devices\/\"  class=\"cta-card is-shadowed flex-column\">\n  \n          <div class=\"image-wrapper--landscape\" style=\"background-image: url(https:\/\/www.he-arc.ch\/wp-content\/uploads\/2021\/10\/he_arc_ingenierie_micb-300x201.jpg)\"><\/div>\n        \n    <div class=\"cta-card__inner is-with-arrow\">\n            <h3 class=\"cta-card__title pretty-underline is-large\">Medical Devices<\/h3>\n      <p class=\"cta-card__description\">diagnostics and therapeutic microsystems for personalized, predictive and preventive medicine<\/p>\n              <span class=\"icon-arrow-right cta-card__arrow\" \/>\n          <\/div>\n    <\/a>\n  <\/li>\n          <\/ul>\n\n    \n  \n    \n\t      <ul class=\"flex-row  w-list-unstyled\">\n              <li class=\"size-1-2 size-full-mobile\">\n  \n    <a href=\"https:\/\/www.he-arc.ch\/en\/engineering\/research-groups\/surface-engineering\/\"  class=\"cta-card is-shadowed flex-column\">\n  \n          <div class=\"image-wrapper--landscape\" style=\"background-image: url(https:\/\/www.he-arc.ch\/wp-content\/uploads\/2021\/10\/he_arc_ingenierie_micd-300x201.jpg)\"><\/div>\n        \n    <div class=\"cta-card__inner is-with-arrow\">\n            <h3 class=\"cta-card__title pretty-underline is-large\">Surface Engineering<\/h3>\n      <p class=\"cta-card__description\">surface treatment, coating and surface characterization<\/p>\n              <span class=\"icon-arrow-right cta-card__arrow\" \/>\n          <\/div>\n    <\/a>\n  <\/li>\n              <li class=\"size-1-2 size-full-mobile\">\n  \n    <a href=\"https:\/\/www.he-arc.ch\/en\/engineering\/research-groups\/interaction-technologies\/\"  class=\"cta-card is-shadowed flex-column\">\n  \n          <div class=\"image-wrapper--landscape\" style=\"background-image: url(https:\/\/www.he-arc.ch\/wp-content\/uploads\/2021\/10\/he_arc_ingenierie_ticb-300x201.jpg)\"><\/div>\n        \n    <div class=\"cta-card__inner is-with-arrow\">\n            <h3 class=\"cta-card__title pretty-underline is-large\">Interaction Technologies<\/h3>\n      <p class=\"cta-card__description\">interactive, adaptive, reliable and secure solutions<\/p>\n              <span class=\"icon-arrow-right cta-card__arrow\" \/>\n          <\/div>\n    <\/a>\n  <\/li>\n          <\/ul>\n\n    \n  \n    \n\t      <ul class=\"flex-row  w-list-unstyled\">\n              <li class=\"size-1-2 size-full-mobile\">\n  \n    <a href=\"https:\/\/www.he-arc.ch\/en\/engineering\/research-groups\/data-analytics\/\"  class=\"cta-card is-shadowed flex-column\">\n  \n          <div class=\"image-wrapper--landscape\" style=\"background-image: url(https:\/\/www.he-arc.ch\/wp-content\/uploads\/2021\/10\/he_arc_ingenierie_ticc-300x201.jpg)\"><\/div>\n        \n    <div class=\"cta-card__inner is-with-arrow\">\n            <h3 class=\"cta-card__title pretty-underline is-large\">Data Analytics<\/h3>\n      <p class=\"cta-card__description\">Big Data, Deep Learning, Artificial Intelligence, Cloud Computing<\/p>\n              <span class=\"icon-arrow-right cta-card__arrow\" \/>\n          <\/div>\n    <\/a>\n  <\/li>\n              <li class=\"size-1-2 size-full-mobile\">\n  \n    <a href=\"https:\/\/www.he-arc.ch\/en\/engineering\/research-groups\/imaging\/\"  class=\"cta-card is-shadowed flex-column\">\n  \n          <div class=\"image-wrapper--landscape\" style=\"background-image: url(https:\/\/www.he-arc.ch\/wp-content\/uploads\/2021\/11\/he_arc_ingenierie_ticd-300x201.jpg)\"><\/div>\n        \n    <div class=\"cta-card__inner is-with-arrow\">\n            <h3 class=\"cta-card__title pretty-underline is-large\">Imaging<\/h3>\n      <p class=\"cta-card__description\">image acquisition and analysis, infographics, virtual and augmented reality, Serious Games<\/p>\n              <span class=\"icon-arrow-right cta-card__arrow\" \/>\n          <\/div>\n    <\/a>\n  <\/li>\n          <\/ul>\n\n    \n  \n    \n\t      <ul class=\"flex-row  w-list-unstyled\">\n              <li class=\"size-1-2 size-full-mobile\">\n  \n    <a href=\"https:\/\/www.he-arc.ch\/en\/engineering\/research-groups\/embedded-computing-systems\/\"  class=\"cta-card is-shadowed flex-column\">\n  \n          <div class=\"image-wrapper--landscape\" style=\"background-image: url(https:\/\/www.he-arc.ch\/wp-content\/uploads\/2021\/10\/he_arc_ingenierie_tica-300x201.jpg)\"><\/div>\n        \n    <div class=\"cta-card__inner is-with-arrow\">\n            <h3 class=\"cta-card__title pretty-underline is-large\">Embedded-Computing Systems<\/h3>\n      <p class=\"cta-card__description\">from signal processing to the Internet of Things<\/p>\n              <span class=\"icon-arrow-right cta-card__arrow\" \/>\n          <\/div>\n    <\/a>\n  <\/li>\n          <\/ul>\n\n    \n  \n<\/div>\n\n\n\n<p>Each of these groups is associated with one of the teaching programs in order to guarantee an effective link between the research activities and the engineering teaching programs.<\/p>\n\n\n\n<div id=\"resource-card-block_e41211fe5c74a9003820e7c0cf987b6c\" class=\" link-list is-padded mt-3\">\n  <div class=\"link-list__title\">Links and documents<\/div>\n  <div class=\"col-count-2\">\n          <div class=\"link-list__item\">\n                  <a href=\"https:\/\/www.he-arc.ch\/en\/engineering\/research-centers\/\" class=\"simple-link\" >\n            Research Centers\n          <\/a>\n              <\/div>\n          <div class=\"link-list__item\">\n                  <a href=\"https:\/\/www.he-arc.ch\/en\/engineering\/research-groups\/\" class=\"simple-link\" >\n            Research Groups\n          <\/a>\n              <\/div>\n          <div class=\"link-list__item\">\n                  <a href=\"https:\/\/www.he-arc.ch\/en\/engineering\/innovation-labs\/\" class=\"simple-link\" >\n            Innovation Labs\n          <\/a>\n              <\/div>\n          <div class=\"link-list__item\">\n                  <a href=\"https:\/\/www.he-arc.ch\/en\/rd-projects\/?_domain=ingenierie\" class=\"simple-link\" >\n            Research Projects\n          <\/a>\n              <\/div>\n          <div class=\"link-list__item\">\n                  <a href=\"https:\/\/www.he-arc.ch\/en\/engineering\/collaboration-and-funding\/\" class=\"simple-link\" >\n            Collaboration and funding\n          <\/a>\n              <\/div>\n          <div class=\"link-list__item\">\n                  <a href=\"https:\/\/www.he-arc.ch\/en\/publications\/?_domain=ingenierie\" class=\"simple-link\" >\n            Publications\n          <\/a>\n              <\/div>\n          <div class=\"link-list__item\">\n                  <a href=\"https:\/\/www.he-arc.ch\/wp-content\/uploads\/2021\/10\/haute_ecole_arc_ingenierie_brochure_rad_web.pdf\" alt=\"\" class=\"simple-link is-doc\" target='_blank'>\n            aR&#038;D Brochure (FR)\n          <\/a>\n              <\/div>\n      <\/div>\n<\/div>\n\n\n            <\/div>\n\n    <\/div>\n\n    <div class=\"article__aside w-100p\" id=\"sidebar_contact\">\n\n  <aside class=\"page-section__aside\">\n    <\/aside>\n\n      <div class=\" w-100p\">\n              <h4 class=\"link-list__title\">Contact<\/h4>\n        \n<div id=\"contact-card-block_b18f9547a3c4a5dcc36e1cdb16aa3763\" class=\"contact-card is-shadowed  is-not-contained\">\n  <div class=\"contact-card__inner\">\n                <div class=\"contact-entry mb-1\">\n        Deputy Director for aR&#038;D:\n      <\/div>\n                      <div class=\"contact-entry mb-1\">\n        Dr Nabil Ouerhani\n      <\/div>\n                      <div class=\"contact-entry mb-1\">\n        <a href=\"tel:+41329302208\"  class=\"simple-link contact-entry mb-1\">+ 41 32 930 22 08<\/a>\n      <\/div>\n                      <div class=\"contact-entry \">\n        <a href=\"mailto:Nabil.Ouerhani@he-arc.ch\"  class=\"simple-link contact-entry mb-1\">Nabil.Ouerhani@he-arc.ch<\/a>\n      <\/div>\n            <\/div>\n<\/div>\n          <\/div>\n\n  <\/div>\n\n  <\/div>\n<\/section>\n\n\n<section id_=\"page-section-block_619764c5d740f\"\n         class=\" bg-white page-section\">\n\n    <span id=\"agenda\" class=\"scrollto-offset\"><\/span>\n  \n  <h2 class=\"section-title page-max \">Agenda and News<\/h2>\n  <div class=\"page-section__inner page-max\">\n\n    <div class=\"page-section__content rich-text is-with-aside\">\n\n              \n      <p>No events are planned in the near future.<\/p>\n  \n\n\n  <div class=\"is-not-contained \">\n\n    \n              \n                <ul class=\"flex-row  margin-auto-mobile w-list-unstyled\">\n                                                      <li class=\"size-1-2  size-full-mobile \" data-theme=\"3\">\n              <a href=\"https:\/\/www.he-arc.ch\/en\/actualites\/siams-2024\/\" class=\"card has-image-header  margin-auto-mobile is-shadowed\">\n    <div class=\"card-image \">\n    <div class=\"card-image__thumb\" style=\"background-image: url(https:\/\/www.he-arc.ch\/wp-content\/uploads\/2024\/05\/P0A8285-scaled.jpg)\"><\/div>\n  <\/div>\n    <div class=\"news-card__meta\">\n    <time class=\"news-card__date\" datetime=\"2024-05-02 14:09:39\">02 may 2024<\/time>\n    <span class=\"tag is-bordered\">Ing\u00e9nierie<\/span>\n  <\/div>\n  <h3 class=\"card__title pretty-underline is-large\">Retour sur un \u00e9v\u00e9nement exceptionnel: le Salon SIAMS 2024 !<\/h3>\n  <div class=\"news-card__excerpt\">\n          \n      <\/div>\n  <span class=\"icon-arrow-right cta-card__arrow\" \/>\n<\/a>\n            <\/li>\n                                          <\/ul>\n    \n      <\/div>\n\n\n\n      \n    <\/div>\n\n    <div class=\"page-section__aside w-100p\" id=\"sidebar_contact\">\n\n  \n      <div class=\" w-100p\">\n              <div id=\"download-links-block_619764c5d740f\" class=\"\">\n  <div class=\"link-list\">\n\n        <h4 class=\"link-list__title\">Links and documents<\/h4>\n    \n    \n      <div class=\"link-list__item\">\n\t            <a href=\"https:\/\/www.he-arc.ch\/en\/events\/?_domain=ingenierie\" class=\"simple-link\" >\n          See all events\n        <\/a>\n            <\/div>\n\n    \n      <div class=\"link-list__item\">\n\t            <a href=\"https:\/\/www.he-arc.ch\/en\/he-arc-en\/news\/?_domain=ingenierie\" class=\"simple-link\" >\n          See all news\n        <\/a>\n            <\/div>\n\n      <\/div>\n<\/div>\n          <\/div>\n\n  <\/div>\n\n  <\/div>\n<\/section>\n","protected":false},"excerpt":{"rendered":"","protected":false},"author":6,"featured_media":0,"parent":0,"menu_order":229,"comment_status":"closed","ping_status":"closed","template":"","meta":{"_acf_changed":false,"footnotes":""},"he-arc_domain":[150],"class_list":["post-35718","page","type-page","status-publish","hentry","he-arc_domain-engineering"],"acf":[],"yoast_head":"<!-- This site is optimized with the Yoast SEO plugin v26.6 - https:\/\/yoast.com\/wordpress\/plugins\/seo\/ -->\n<title>Research Groups - Haute-Ecole Arc<\/title>\n<meta name=\"description\" content=\"The applied research groups at the Arc School of Engineering innovate with and for industry through R&amp;D projects in computer science, microengineering and industrial design.\" \/>\n<meta name=\"robots\" content=\"index, follow, max-snippet:-1, max-image-preview:large, max-video-preview:-1\" \/>\n<link rel=\"canonical\" href=\"https:\/\/www.he-arc.ch\/en\/engineering\/research-groups\/\" \/>\n<meta property=\"og:locale\" content=\"en_US\" \/>\n<meta property=\"og:type\" content=\"article\" \/>\n<meta property=\"og:title\" content=\"Research Groups - Haute-Ecole Arc\" \/>\n<meta property=\"og:description\" content=\"The applied research groups at the Arc School of Engineering innovate with and for industry through R&amp;D projects in computer science, microengineering and industrial design.\" \/>\n<meta property=\"og:url\" content=\"https:\/\/www.he-arc.ch\/en\/engineering\/research-groups\/\" \/>\n<meta property=\"og:site_name\" content=\"Haute-Ecole Arc\" \/>\n<meta property=\"article:modified_time\" content=\"2025-08-19T07:37:26+00:00\" \/>\n<meta name=\"twitter:card\" content=\"summary_large_image\" \/>\n<meta name=\"twitter:label1\" content=\"Est. reading time\" \/>\n\t<meta name=\"twitter:data1\" content=\"1 minute\" \/>\n<script type=\"application\/ld+json\" class=\"yoast-schema-graph\">{\"@context\":\"https:\/\/schema.org\",\"@graph\":[{\"@type\":\"WebPage\",\"@id\":\"https:\/\/www.he-arc.ch\/en\/engineering\/research-groups\/\",\"url\":\"https:\/\/www.he-arc.ch\/en\/engineering\/research-groups\/\",\"name\":\"Research Groups - Haute-Ecole Arc\",\"isPartOf\":{\"@id\":\"https:\/\/www.he-arc.ch\/en\/#website\"},\"datePublished\":\"2021-09-28T11:40:19+00:00\",\"dateModified\":\"2025-08-19T07:37:26+00:00\",\"description\":\"The applied research groups at the Arc School of Engineering innovate with and for industry through R&D projects in computer science, microengineering and industrial design.\",\"breadcrumb\":{\"@id\":\"https:\/\/www.he-arc.ch\/en\/engineering\/research-groups\/#breadcrumb\"},\"inLanguage\":\"en-US\",\"potentialAction\":[{\"@type\":\"ReadAction\",\"target\":[\"https:\/\/www.he-arc.ch\/en\/engineering\/research-groups\/\"]}]},{\"@type\":\"BreadcrumbList\",\"@id\":\"https:\/\/www.he-arc.ch\/en\/engineering\/research-groups\/#breadcrumb\",\"itemListElement\":[{\"@type\":\"ListItem\",\"position\":1,\"name\":\"Accueil\",\"item\":\"https:\/\/www.he-arc.ch\/en\/\"},{\"@type\":\"ListItem\",\"position\":2,\"name\":\"Research Groups\"}]},{\"@type\":\"WebSite\",\"@id\":\"https:\/\/www.he-arc.ch\/en\/#website\",\"url\":\"https:\/\/www.he-arc.ch\/en\/\",\"name\":\"Haute-Ecole Arc\",\"description\":\"Haute \u00e9cole sp\u00e9cialis\u00e9e Suisse. Gestion, Ing\u00e9nierie, Sant\u00e9, Conservation-\u200brestauration.\",\"publisher\":{\"@id\":\"https:\/\/www.he-arc.ch\/en\/#organization\"},\"potentialAction\":[{\"@type\":\"SearchAction\",\"target\":{\"@type\":\"EntryPoint\",\"urlTemplate\":\"https:\/\/www.he-arc.ch\/en\/?s={search_term_string}\"},\"query-input\":{\"@type\":\"PropertyValueSpecification\",\"valueRequired\":true,\"valueName\":\"search_term_string\"}}],\"inLanguage\":\"en-US\"},{\"@type\":\"Organization\",\"@id\":\"https:\/\/www.he-arc.ch\/en\/#organization\",\"name\":\"Haute Ecole Arc\",\"url\":\"https:\/\/www.he-arc.ch\/en\/\",\"logo\":{\"@type\":\"ImageObject\",\"inLanguage\":\"en-US\",\"@id\":\"https:\/\/www.he-arc.ch\/en\/#\/schema\/logo\/image\/\",\"url\":\"https:\/\/www.he-arc.ch\/wp-content\/uploads\/2022\/01\/logo-he-arc.svg\",\"contentUrl\":\"https:\/\/www.he-arc.ch\/wp-content\/uploads\/2022\/01\/logo-he-arc.svg\",\"width\":140,\"height\":42,\"caption\":\"Haute Ecole Arc\"},\"image\":{\"@id\":\"https:\/\/www.he-arc.ch\/en\/#\/schema\/logo\/image\/\"}}]}<\/script>\n<!-- \/ Yoast SEO plugin. -->","yoast_head_json":{"title":"Research Groups - Haute-Ecole Arc","description":"The applied research groups at the Arc School of Engineering innovate with and for industry through R&D projects in computer science, microengineering and industrial design.","robots":{"index":"index","follow":"follow","max-snippet":"max-snippet:-1","max-image-preview":"max-image-preview:large","max-video-preview":"max-video-preview:-1"},"canonical":"https:\/\/www.he-arc.ch\/en\/engineering\/research-groups\/","og_locale":"en_US","og_type":"article","og_title":"Research Groups - Haute-Ecole Arc","og_description":"The applied research groups at the Arc School of Engineering innovate with and for industry through R&D projects in computer science, microengineering and industrial design.","og_url":"https:\/\/www.he-arc.ch\/en\/engineering\/research-groups\/","og_site_name":"Haute-Ecole Arc","article_modified_time":"2025-08-19T07:37:26+00:00","twitter_card":"summary_large_image","twitter_misc":{"Est. reading time":"1 minute"},"schema":{"@context":"https:\/\/schema.org","@graph":[{"@type":"WebPage","@id":"https:\/\/www.he-arc.ch\/en\/engineering\/research-groups\/","url":"https:\/\/www.he-arc.ch\/en\/engineering\/research-groups\/","name":"Research Groups - Haute-Ecole Arc","isPartOf":{"@id":"https:\/\/www.he-arc.ch\/en\/#website"},"datePublished":"2021-09-28T11:40:19+00:00","dateModified":"2025-08-19T07:37:26+00:00","description":"The applied research groups at the Arc School of Engineering innovate with and for industry through R&D projects in computer science, microengineering and industrial design.","breadcrumb":{"@id":"https:\/\/www.he-arc.ch\/en\/engineering\/research-groups\/#breadcrumb"},"inLanguage":"en-US","potentialAction":[{"@type":"ReadAction","target":["https:\/\/www.he-arc.ch\/en\/engineering\/research-groups\/"]}]},{"@type":"BreadcrumbList","@id":"https:\/\/www.he-arc.ch\/en\/engineering\/research-groups\/#breadcrumb","itemListElement":[{"@type":"ListItem","position":1,"name":"Accueil","item":"https:\/\/www.he-arc.ch\/en\/"},{"@type":"ListItem","position":2,"name":"Research Groups"}]},{"@type":"WebSite","@id":"https:\/\/www.he-arc.ch\/en\/#website","url":"https:\/\/www.he-arc.ch\/en\/","name":"Haute-Ecole Arc","description":"Haute \u00e9cole sp\u00e9cialis\u00e9e Suisse. Gestion, Ing\u00e9nierie, Sant\u00e9, Conservation-\u200brestauration.","publisher":{"@id":"https:\/\/www.he-arc.ch\/en\/#organization"},"potentialAction":[{"@type":"SearchAction","target":{"@type":"EntryPoint","urlTemplate":"https:\/\/www.he-arc.ch\/en\/?s={search_term_string}"},"query-input":{"@type":"PropertyValueSpecification","valueRequired":true,"valueName":"search_term_string"}}],"inLanguage":"en-US"},{"@type":"Organization","@id":"https:\/\/www.he-arc.ch\/en\/#organization","name":"Haute Ecole Arc","url":"https:\/\/www.he-arc.ch\/en\/","logo":{"@type":"ImageObject","inLanguage":"en-US","@id":"https:\/\/www.he-arc.ch\/en\/#\/schema\/logo\/image\/","url":"https:\/\/www.he-arc.ch\/wp-content\/uploads\/2022\/01\/logo-he-arc.svg","contentUrl":"https:\/\/www.he-arc.ch\/wp-content\/uploads\/2022\/01\/logo-he-arc.svg","width":140,"height":42,"caption":"Haute Ecole Arc"},"image":{"@id":"https:\/\/www.he-arc.ch\/en\/#\/schema\/logo\/image\/"}}]}},"_links":{"self":[{"href":"https:\/\/www.he-arc.ch\/en\/wp-json\/wp\/v2\/pages\/35718","targetHints":{"allow":["GET"]}}],"collection":[{"href":"https:\/\/www.he-arc.ch\/en\/wp-json\/wp\/v2\/pages"}],"about":[{"href":"https:\/\/www.he-arc.ch\/en\/wp-json\/wp\/v2\/types\/page"}],"author":[{"embeddable":true,"href":"https:\/\/www.he-arc.ch\/en\/wp-json\/wp\/v2\/users\/6"}],"replies":[{"embeddable":true,"href":"https:\/\/www.he-arc.ch\/en\/wp-json\/wp\/v2\/comments?post=35718"}],"version-history":[{"count":34,"href":"https:\/\/www.he-arc.ch\/en\/wp-json\/wp\/v2\/pages\/35718\/revisions"}],"predecessor-version":[{"id":71103,"href":"https:\/\/www.he-arc.ch\/en\/wp-json\/wp\/v2\/pages\/35718\/revisions\/71103"}],"wp:attachment":[{"href":"https:\/\/www.he-arc.ch\/en\/wp-json\/wp\/v2\/media?parent=35718"}],"wp:term":[{"taxonomy":"he-arc_domain","embeddable":true,"href":"https:\/\/www.he-arc.ch\/en\/wp-json\/wp\/v2\/he-arc_domain?post=35718"}],"curies":[{"name":"wp","href":"https:\/\/api.w.org\/{rel}","templated":true}]}}