{"id":35729,"date":"2021-09-29T11:38:56","date_gmt":"2021-09-29T09:38:56","guid":{"rendered":"https:\/\/www.he-arc.ch\/?p=35729"},"modified":"2026-01-05T16:06:13","modified_gmt":"2026-01-05T15:06:13","slug":"collaboration-and-funding","status":"publish","type":"page","link":"https:\/\/www.he-arc.ch\/en\/engineering\/collaboration-and-funding\/","title":{"rendered":"Collaboration And Funding"},"content":{"rendered":"<header class=\"hero-section is-simple page-max is-wide\">\n  <div class=\"hero\">\n    <div class=\"hero-nav page-max\">\n      \n  <div class=\"breadcrumb hidden-print\">\n    <div class=\"breadcrumb-house\"><img decoding=\"async\" src=\"https:\/\/www.he-arc.ch\/wp-content\/themes\/he-arc\/static\/images\/icon-house.svg\" loading=\"lazy\" alt=\"\" height=\"12\"><\/div>\n    <a href=\"https:\/\/www.he-arc.ch\/en\/\" class=\"breadcrumb-link\">HE-Arc<\/a>\n    <div class=\"breadcrumb-bullet\"><\/div>\n\n          <a href=\"\/\/\" class=\"breadcrumb-link\"><\/a>\n      <div class=\"breadcrumb-bullet\"><\/div>\n    \n    \n              \n    \n    \n    \n    <span class=\"breadcrumb-link is-active pointer-none\">Collaboration And Funding<\/span>\n  <\/div>\n\n          <\/div>\n    <div class=\"hero-row is-simple page-max\">\n      <div>\n        <span class=\"hero__overline display-block\"><\/span>\n        <h1 class=\"hero__title is-small\">Collaboration And Funding<\/h1>\n      <\/div>\n    <\/div>\n  <\/div>\n<\/header>\n\n\n<section class=\"page-section\">\n\n  <div class=\"page-menu--mobile is-shadowed--bold\">\n    <a href=\"#sidebar_contact\" class=\"btn-link border-none w-inline-block\">\n      <span class=\"btn-link__title is-goto\">Contact and Infos<\/span>\n    <\/a>\n  <\/div>\n\n  <div class=\"page-section__inner page-max\">\n\n    <div class=\"article__content is-with-aside\">\n\n      <div class=\"rich-text w-richtext\">\n                \n<div class=\"article__intro rich-text is-large w-richtext\">\n      <p>There are various opportunities for collaboration with the research teams at the Arc School of Engineering.<\/p>\n\n  <\/div>\n\n\n\n<h2 class=\"wp-block-heading\" id=\"title1\">Specific Projects<\/h2>\n\n\n\n<p>These projects vary according to your expectations, deadlines, and budget, and can be carried out with our students, engineers, and professors.<\/p>\n\n\n\n<div class=\"accordion-wrapper mt-4 \">\n    <!--div class=\"page-max\">\n    <h2 class=\"section-subtitle is-large\"><\/h2>\n  <\/div-->\n  \n\n<div class=\"mb-2-5 \">\n    <div id=\"accordion-block_d081f05f056145a1698ad3171aca4ce8\"\n      class=\" accordion-item collapsed is-shadowed is-compact\"\n      data-toggle=\"collapse\" data-target=\"#accordion-pane-block_d081f05f056145a1698ad3171aca4ce8\">\n    <div class=\"accordion-item__heading\">\n      <h2 class=\"accordion-item__title  is-small\">Student Projects<\/h2>\n    <\/div>\n    <span class=\"accordion-item__toggle hidden-print collapsed w-inline-block\">\n      <span class=\"plus-bar-1\"><\/span>\n      <span class=\"plus-bar-2\"><\/span>\n    <\/span>\n  <\/div>\n\n  <div id=\"accordion-pane-block_d081f05f056145a1698ad3171aca4ce8\" class=\"accordion-pane show-print collapse \">\n    <div class=\"rich-text mt-2 w-richtext\">\n\n      \n\n<p>Well suited to exploratory projects and feasibility studies for new ideas, bachelor&#8217;s theses are completed over a two-month period, from mid-May to mid-July, and master&#8217;s theses over a six-month period, from September to February.<\/p>\n\n\n\n<p>They are free of charge for companies, which retain ownership of the results produced by the student. However, these results may be made public, subject to the confidentiality of the information provided by the company.<\/p>\n\n\n\n<p>At the beginning of the project, the company will have the option, if it so wishes, to request confidentiality of the results at a cost of 3 000 CHF. For two or more different projects with the same company, this amount is reduced to 1 500 CHF.<\/p>\n\n\n\n<p><a href=\"https:\/\/www.he-arc.ch\/wp-content\/uploads\/2022\/03\/ING-FOR3-MOD004-Contrat-Ecole-Etudiant-Entreprise-Resultats-Confidentiels.pdf\" target=\"_blank\" rel=\"noreferrer noopener\">Standard contract &#8211; confidential results (FR)<\/a><\/p>\n\n\n\n<p><a href=\"https:\/\/www.he-arc.ch\/wp-content\/uploads\/2022\/03\/ING-FOR3-MOD002-Contrat-Ecole-Etudiant-Entreprise-Resultats-Publics.pdf\">Standard contract &#8211; public results (FR)<\/a><\/p>\n\n\n\n<p><a href=\"https:\/\/www.he-arc.ch\/en\/engineering\/projets-de-bachelor-he-arc-ingenierie\/\">Submit a Bachelor&#8217;s thesis (FR)<\/a><\/p>\n\n\n\n<p><a href=\"\/projets-etudiants\/?_domain=ingenierie&amp;_training_level=travail-de-bachelor\">See examples of Bachelor&#8217;s thesis (FR)<\/a><\/p>\n\n\n    <\/div>\n  <\/div>\n<\/div>\n\n\n<\/div>\n\n\n\n<div class=\"mb-2-5 \">\n    <div id=\"accordion-block_9eac58a7675d5ddeea86627ccf6ebaf9\"\n      class=\" accordion-item collapsed is-shadowed is-compact\"\n      data-toggle=\"collapse\" data-target=\"#accordion-pane-block_9eac58a7675d5ddeea86627ccf6ebaf9\">\n    <div class=\"accordion-item__heading\">\n      <h2 class=\"accordion-item__title  is-small\">Direct Mandates<\/h2>\n    <\/div>\n    <span class=\"accordion-item__toggle hidden-print collapsed w-inline-block\">\n      <span class=\"plus-bar-1\"><\/span>\n      <span class=\"plus-bar-2\"><\/span>\n    <\/span>\n  <\/div>\n\n  <div id=\"accordion-pane-block_9eac58a7675d5ddeea86627ccf6ebaf9\" class=\"accordion-pane show-print collapse \">\n    <div class=\"rich-text mt-2 w-richtext\">\n\n      \n\n<p>Particularly desirable for projects addressing specific, short-term needs or problems, these mandates are carried out within our competence groups by our interdisciplinary teams of engineers and professional researchers.<\/p>\n\n\n\n<p>Expertise, high responsiveness, strict confidentiality, full intellectual property rights on results.<\/p>\n\n\n\n<p>Cost based on deliverables, in successive stages if necessary, or work on a time and materials basis.<\/p>\n\n\n    <\/div>\n  <\/div>\n<\/div>\n\n\n\n<div class=\"mb-2-5 \">\n    <div id=\"accordion-block_bb74ca98fa24c03b457f945d7b1dcc16\"\n      class=\" accordion-item collapsed is-shadowed is-compact\"\n      data-toggle=\"collapse\" data-target=\"#accordion-pane-block_bb74ca98fa24c03b457f945d7b1dcc16\">\n    <div class=\"accordion-item__heading\">\n      <h2 class=\"accordion-item__title  is-small\">Collaborations with public co-funding<\/h2>\n    <\/div>\n    <span class=\"accordion-item__toggle hidden-print collapsed w-inline-block\">\n      <span class=\"plus-bar-1\"><\/span>\n      <span class=\"plus-bar-2\"><\/span>\n    <\/span>\n  <\/div>\n\n  <div id=\"accordion-pane-block_bb74ca98fa24c03b457f945d7b1dcc16\" class=\"accordion-pane show-print collapse \">\n    <div class=\"rich-text mt-2 w-richtext\">\n\n      \n\n<p>With a view to partnership, these projects are an excellent way to benefit from significant public co-financing, which can be allocated by the cantons (NPR projects), the Confederation (Innosuisse projects), or even the European Union, for strategic projects with high innovative potential.<\/p>\n\n\n\n<p>Typically lasting 12 to 24 months, they are carried out by our professional engineers and researchers. We take care of setting up the project and drafting the application, with targeted contributions from you.<\/p>\n\n\n\n<p>Low direct cost but in-kind participation required (working hours or equipment). Intellectual property and exclusivity in a reserved field of application.<\/p>\n\n\n\n<p><a href=\"\/projets-recherche\/?_domain=ingenierie\">See examples of R&amp;D projects<\/a><\/p>\n\n\n    <\/div>\n  <\/div>\n<\/div>\n\n\n\n<div class=\"mb-2-5 \">\n    <div id=\"accordion-block_e5776f11fd36d1700ef8e7f6edb9a1fd\"\n      class=\" accordion-item collapsed is-shadowed is-compact\"\n      data-toggle=\"collapse\" data-target=\"#accordion-pane-block_e5776f11fd36d1700ef8e7f6edb9a1fd\">\n    <div class=\"accordion-item__heading\">\n      <h2 class=\"accordion-item__title  is-small\">Service Offer<\/h2>\n    <\/div>\n    <span class=\"accordion-item__toggle hidden-print collapsed w-inline-block\">\n      <span class=\"plus-bar-1\"><\/span>\n      <span class=\"plus-bar-2\"><\/span>\n    <\/span>\n  <\/div>\n\n  <div id=\"accordion-pane-block_e5776f11fd36d1700ef8e7f6edb9a1fd\" class=\"accordion-pane show-print collapse \">\n    <div class=\"rich-text mt-2 w-richtext\">\n\n      \n\n<p>Through occasional services, you can quickly and easily access all of our state-of-the-art equipment and expertise in many areas. Cost based on our hourly rates.<\/p>\n\n\n\n<p><a href=\"\/prestations-services-equipements\/?_domain=ingenierie\">See a sample of our services<\/a><\/p>\n\n\n    <\/div>\n  <\/div>\n<\/div>\n\n\n\n<div class=\"mb-2-5 \">\n    <div id=\"accordion-block_c0d215d2a5bfe331023aaaaa4157a894\"\n      class=\" accordion-item collapsed is-shadowed is-compact\"\n      data-toggle=\"collapse\" data-target=\"#accordion-pane-block_c0d215d2a5bfe331023aaaaa4157a894\">\n    <div class=\"accordion-item__heading\">\n      <h2 class=\"accordion-item__title  is-small\">Continuing Education<\/h2>\n    <\/div>\n    <span class=\"accordion-item__toggle hidden-print collapsed w-inline-block\">\n      <span class=\"plus-bar-1\"><\/span>\n      <span class=\"plus-bar-2\"><\/span>\n    <\/span>\n  <\/div>\n\n  <div id=\"accordion-pane-block_c0d215d2a5bfe331023aaaaa4157a894\" class=\"accordion-pane show-print collapse \">\n    <div class=\"rich-text mt-2 w-richtext\">\n\n      \n\n<p>Upon request, we can organize specific training courses led by our experts, with access to our laboratories.<\/p>\n\n\n\n<p><a href=\"https:\/\/www.he-arc.ch\/en\/engineering\/further-education\/\">See our continuing education programs<\/a><\/p>\n\n\n\n<p><a href=\"https:\/\/www.he-arc.ch\/en\/engineering\/innovation-labs\/\">See our Innovation Labs<\/a><\/p>\n\n\n    <\/div>\n  <\/div>\n<\/div>\n\n\n\n<div class=\"mb-2-5 \">\n    <div id=\"accordion-block_59964680d1653159b4c74be218ec7139\"\n      class=\" accordion-item collapsed is-shadowed is-compact\"\n      data-toggle=\"collapse\" data-target=\"#accordion-pane-block_59964680d1653159b4c74be218ec7139\">\n    <div class=\"accordion-item__heading\">\n      <h2 class=\"accordion-item__title  is-small\">Other Services<\/h2>\n    <\/div>\n    <span class=\"accordion-item__toggle hidden-print collapsed w-inline-block\">\n      <span class=\"plus-bar-1\"><\/span>\n      <span class=\"plus-bar-2\"><\/span>\n    <\/span>\n  <\/div>\n\n  <div id=\"accordion-pane-block_59964680d1653159b4c74be218ec7139\" class=\"accordion-pane show-print collapse \">\n    <div class=\"rich-text mt-2 w-richtext\">\n\n      \n\n<ul class=\"wp-block-list\">\n<li>Advice on innovation, project development, and financing options<\/li>\n\n\n\n<li>Assistance in finding third-party partners, whether academic or private<\/li>\n\n\n\n<li>Distribution of job offers to our graduates<\/li>\n\n\n\n<li>Seminars on our strategic areas of activity<\/li>\n<\/ul>\n\n\n    <\/div>\n  <\/div>\n<\/div>\n\n\n\n<h2 class=\"wp-block-heading\" id=\"contrat-cadre\">Framework agreement<\/h2>\n\n\n\n<p>Designed for our preferred partners with a view to long-term collaboration (minimum 3 years), the framework agreement allows for the annual optimization of structured project management, project portfolios, or ongoing services. In addition to simplifying administrative management and the rapid set-up of new projects, this mode of collaboration offers great agility and allows us to establish a strong link between our teams and our partners.<\/p>\n\n\n\n<p>The framework contract also provides for various additional services, such as recruitment assistance, preferential access to the school&#8217;s intellectual property, occasional consulting, and innovation advice.<\/p>\n\n\n\n<p>The framework agreement is based on fixed annual funding of between 50\u2019000 and 250\u2019000 CHF, which corresponds to an equivalent pre-allocation of resources from our skill groups. The terms and conditions for project management, set-up, and monitoring are defined on a case-by-case basis with our partners according to their specific needs.<\/p>\n\n\n\n<h2 class=\"wp-block-heading\" id=\"pepiniere-de-talents-et-transfert-technologique\">Talent pool and technology transfer<\/h2>\n\n\n\n<p>If you are looking for young talent, experienced staff, or want to optimize technology transfer following a development project, we can implement a range of support measures.<\/p>\n\n\n\n<p>We can help you select a young graduate, either after graduation or as part of their bachelor&#8217;s or master&#8217;s degree.<\/p>\n\n\n\n<p>We can hire a candidate ourselves to join our team working on a project in collaboration with you, with a view to, but without obligation, future employment on your part.<\/p>\n\n\n\n<p>We can also make various arrangements to facilitate the transfer, such as additional training or time in the company.<\/p>\n\n\n\n<p>These planned recruitments carried out as part of a development project are the best way to achieve effective technology transfer and real ownership of the results by our partners.<\/p>\n\n\n\n<h2 class=\"wp-block-heading\" id=\"mecenat\">Sponsorship<\/h2>\n\n\n\n<p>Sponsors often support fundamental research in order to promote the creation of long-term knowledge. But applied research, which aims to put this knowledge into practice in the short or medium term, also deserves to be recognized and supported.<\/p>\n\n\n\n<p>We gladly accept any private support for our approach, which directly serves our local economic and industrial fabric.<\/p>\n\n\n\n<p>This support will stimulate the emergence of new product-oriented ideas or rapidly applicable processes, contribute to the attractiveness of technical and scientific professions for young people, and support the long-term industrial momentum of our regions.<\/p>\n\n\n\n<p>You will thus benefit from first refusal rights on the intellectual property generated and will be able to participate in defining our strategic development priorities.<\/p>\n\n\n\n<div id=\"resource-card-block_2a55584a87614d8aa13c184c2fbdca80\" class=\" link-list is-padded mt-3\">\n  <div class=\"link-list__title\">Links and documents<\/div>\n  <div class=\"col-count-2\">\n          <div class=\"link-list__item\">\n                  <a href=\"https:\/\/www.he-arc.ch\/en\/engineering\/research-centers\/\" class=\"simple-link\" >\n            Research Centers\n          <\/a>\n              <\/div>\n          <div class=\"link-list__item\">\n                  <a href=\"https:\/\/www.he-arc.ch\/en\/engineering\/research-groups\/\" class=\"simple-link\" >\n            Research Groups\n          <\/a>\n              <\/div>\n          <div class=\"link-list__item\">\n                  <a href=\"https:\/\/www.he-arc.ch\/en\/engineering\/innovation-labs\/\" class=\"simple-link\" >\n            Innovation Labs\n          <\/a>\n              <\/div>\n          <div class=\"link-list__item\">\n                  <a href=\"https:\/\/www.he-arc.ch\/en\/rd-projects\/?_domain=ingenierie\" class=\"simple-link\" >\n            Research Projects\n          <\/a>\n              <\/div>\n          <div class=\"link-list__item\">\n                  <a href=\"https:\/\/www.he-arc.ch\/en\/engineering\/collaboration-and-funding\/\" class=\"simple-link\" >\n            Collaboration and funding\n          <\/a>\n              <\/div>\n          <div class=\"link-list__item\">\n                  <a href=\"https:\/\/www.he-arc.ch\/en\/publications\/?_domain=ingenierie\" class=\"simple-link\" >\n            Publications\n          <\/a>\n              <\/div>\n          <div class=\"link-list__item\">\n                  <a href=\"https:\/\/www.he-arc.ch\/wp-content\/uploads\/2021\/10\/haute_ecole_arc_ingenierie_brochure_rad_web.pdf\" alt=\"\" class=\"simple-link is-doc\" target='_blank'>\n            aR&#038;D Brochure (FR)\n          <\/a>\n              <\/div>\n      <\/div>\n<\/div>\n\n\n            <\/div>\n\n    <\/div>\n\n    <div class=\"article__aside w-100p\" id=\"sidebar_contact\">\n\n  <aside class=\"page-section__aside\">\n      <nav class=\"page-menu hidden-print is-shadowed--bold mt-1  w-list-unstyled\" aria-label=\"Raccourcis sur la page\">\n                    \n                        <a href=\"\/en\/engineering\/research-centers\/\"  class=\"btn-link  \">\n            <div class=\"btn-link__title\n                              is-external\n              \">Research centers<\/div>\n          <\/a>\n                              \n                        <a href=\"\/en\/engineering\/partnerships\/\"  class=\"btn-link  border-none\">\n            <div class=\"btn-link__title\n                              is-external\n              \">Partnerships<\/div>\n          <\/a>\n                    <\/nav>\n  <\/aside>\n\n      <div class=\"mt-4 w-100p\">\n              <h4 class=\"link-list__title\">Contact<\/h4>\n        \n<div id=\"contact-card-block_2ea5c87a2f9e168c7c885cf1c511ae4f\" class=\"contact-card is-shadowed  is-not-contained\">\n  <div class=\"contact-card__inner\">\n                <div class=\"contact-entry mb-1\">\n        Head of partnerships and valorisation: \n      <\/div>\n                      <div class=\"contact-entry mb-1\">\n        Max Monti\n      <\/div>\n                      <div class=\"contact-entry mb-1\">\n        <a href=\"tel:+41329302267\"  class=\"simple-link contact-entry mb-1\">+ 41 32 930 22 67<\/a>\n      <\/div>\n                      <div class=\"contact-entry \">\n        <a href=\"mailto:max.monti@he-arc.ch\"  class=\"simple-link contact-entry mb-1\">Max.Monti@he-arc.ch<\/a>\n      <\/div>\n            <\/div>\n<\/div>\n          <\/div>\n\n  <\/div>\n\n  <\/div>\n<\/section>\n\n\n\n<p><\/p>\n","protected":false},"excerpt":{"rendered":"","protected":false},"author":6,"featured_media":0,"parent":0,"menu_order":155,"comment_status":"closed","ping_status":"closed","template":"","meta":{"_acf_changed":false,"footnotes":""},"he-arc_domain":[150],"class_list":["post-35729","page","type-page","status-publish","hentry","he-arc_domain-engineering"],"acf":[],"yoast_head":"<!-- This site is optimized with the Yoast SEO plugin v26.6 - https:\/\/yoast.com\/wordpress\/plugins\/seo\/ -->\n<title>Collaboration And Funding - Haute-Ecole Arc<\/title>\n<meta name=\"description\" content=\"Collaboration with the Arc School of Engineering and funding opportunities: student and research projects, mandates, services, and framework contracts.\" \/>\n<meta name=\"robots\" content=\"index, follow, max-snippet:-1, max-image-preview:large, max-video-preview:-1\" \/>\n<link rel=\"canonical\" href=\"https:\/\/www.he-arc.ch\/en\/engineering\/collaboration-and-funding\/\" \/>\n<meta property=\"og:locale\" content=\"en_US\" \/>\n<meta property=\"og:type\" content=\"article\" \/>\n<meta property=\"og:title\" content=\"Collaboration And Funding - Haute-Ecole Arc\" \/>\n<meta property=\"og:description\" content=\"Collaboration with the Arc School of Engineering and funding opportunities: student and research projects, mandates, services, and framework contracts.\" \/>\n<meta property=\"og:url\" content=\"https:\/\/www.he-arc.ch\/en\/engineering\/collaboration-and-funding\/\" \/>\n<meta property=\"og:site_name\" content=\"Haute-Ecole Arc\" \/>\n<meta property=\"article:modified_time\" content=\"2026-01-05T15:06:13+00:00\" \/>\n<meta name=\"twitter:card\" content=\"summary_large_image\" \/>\n<meta name=\"twitter:label1\" content=\"Est. reading time\" \/>\n\t<meta name=\"twitter:data1\" content=\"9 minutes\" \/>\n<script type=\"application\/ld+json\" class=\"yoast-schema-graph\">{\"@context\":\"https:\/\/schema.org\",\"@graph\":[{\"@type\":\"WebPage\",\"@id\":\"https:\/\/www.he-arc.ch\/en\/engineering\/collaboration-and-funding\/\",\"url\":\"https:\/\/www.he-arc.ch\/en\/engineering\/collaboration-and-funding\/\",\"name\":\"Collaboration And Funding - Haute-Ecole Arc\",\"isPartOf\":{\"@id\":\"https:\/\/www.he-arc.ch\/en\/#website\"},\"datePublished\":\"2021-09-29T09:38:56+00:00\",\"dateModified\":\"2026-01-05T15:06:13+00:00\",\"description\":\"Collaboration with the Arc School of Engineering and funding opportunities: student and research projects, mandates, services, and framework contracts.\",\"breadcrumb\":{\"@id\":\"https:\/\/www.he-arc.ch\/en\/engineering\/collaboration-and-funding\/#breadcrumb\"},\"inLanguage\":\"en-US\",\"potentialAction\":[{\"@type\":\"ReadAction\",\"target\":[\"https:\/\/www.he-arc.ch\/en\/engineering\/collaboration-and-funding\/\"]}]},{\"@type\":\"BreadcrumbList\",\"@id\":\"https:\/\/www.he-arc.ch\/en\/engineering\/collaboration-and-funding\/#breadcrumb\",\"itemListElement\":[{\"@type\":\"ListItem\",\"position\":1,\"name\":\"Accueil\",\"item\":\"https:\/\/www.he-arc.ch\/en\/\"},{\"@type\":\"ListItem\",\"position\":2,\"name\":\"Collaboration And Funding\"}]},{\"@type\":\"WebSite\",\"@id\":\"https:\/\/www.he-arc.ch\/en\/#website\",\"url\":\"https:\/\/www.he-arc.ch\/en\/\",\"name\":\"Haute-Ecole Arc\",\"description\":\"Haute \u00e9cole sp\u00e9cialis\u00e9e Suisse. Gestion, Ing\u00e9nierie, Sant\u00e9, Conservation-\u200brestauration.\",\"publisher\":{\"@id\":\"https:\/\/www.he-arc.ch\/en\/#organization\"},\"potentialAction\":[{\"@type\":\"SearchAction\",\"target\":{\"@type\":\"EntryPoint\",\"urlTemplate\":\"https:\/\/www.he-arc.ch\/en\/?s={search_term_string}\"},\"query-input\":{\"@type\":\"PropertyValueSpecification\",\"valueRequired\":true,\"valueName\":\"search_term_string\"}}],\"inLanguage\":\"en-US\"},{\"@type\":\"Organization\",\"@id\":\"https:\/\/www.he-arc.ch\/en\/#organization\",\"name\":\"Haute Ecole Arc\",\"url\":\"https:\/\/www.he-arc.ch\/en\/\",\"logo\":{\"@type\":\"ImageObject\",\"inLanguage\":\"en-US\",\"@id\":\"https:\/\/www.he-arc.ch\/en\/#\/schema\/logo\/image\/\",\"url\":\"https:\/\/www.he-arc.ch\/wp-content\/uploads\/2022\/01\/logo-he-arc.svg\",\"contentUrl\":\"https:\/\/www.he-arc.ch\/wp-content\/uploads\/2022\/01\/logo-he-arc.svg\",\"width\":140,\"height\":42,\"caption\":\"Haute Ecole Arc\"},\"image\":{\"@id\":\"https:\/\/www.he-arc.ch\/en\/#\/schema\/logo\/image\/\"}}]}<\/script>\n<!-- \/ Yoast SEO plugin. -->","yoast_head_json":{"title":"Collaboration And Funding - Haute-Ecole Arc","description":"Collaboration with the Arc School of Engineering and funding opportunities: student and research projects, mandates, services, and framework contracts.","robots":{"index":"index","follow":"follow","max-snippet":"max-snippet:-1","max-image-preview":"max-image-preview:large","max-video-preview":"max-video-preview:-1"},"canonical":"https:\/\/www.he-arc.ch\/en\/engineering\/collaboration-and-funding\/","og_locale":"en_US","og_type":"article","og_title":"Collaboration And Funding - Haute-Ecole Arc","og_description":"Collaboration with the Arc School of Engineering and funding opportunities: student and research projects, mandates, services, and framework contracts.","og_url":"https:\/\/www.he-arc.ch\/en\/engineering\/collaboration-and-funding\/","og_site_name":"Haute-Ecole Arc","article_modified_time":"2026-01-05T15:06:13+00:00","twitter_card":"summary_large_image","twitter_misc":{"Est. reading time":"9 minutes"},"schema":{"@context":"https:\/\/schema.org","@graph":[{"@type":"WebPage","@id":"https:\/\/www.he-arc.ch\/en\/engineering\/collaboration-and-funding\/","url":"https:\/\/www.he-arc.ch\/en\/engineering\/collaboration-and-funding\/","name":"Collaboration And Funding - Haute-Ecole Arc","isPartOf":{"@id":"https:\/\/www.he-arc.ch\/en\/#website"},"datePublished":"2021-09-29T09:38:56+00:00","dateModified":"2026-01-05T15:06:13+00:00","description":"Collaboration with the Arc School of Engineering and funding opportunities: student and research projects, mandates, services, and framework contracts.","breadcrumb":{"@id":"https:\/\/www.he-arc.ch\/en\/engineering\/collaboration-and-funding\/#breadcrumb"},"inLanguage":"en-US","potentialAction":[{"@type":"ReadAction","target":["https:\/\/www.he-arc.ch\/en\/engineering\/collaboration-and-funding\/"]}]},{"@type":"BreadcrumbList","@id":"https:\/\/www.he-arc.ch\/en\/engineering\/collaboration-and-funding\/#breadcrumb","itemListElement":[{"@type":"ListItem","position":1,"name":"Accueil","item":"https:\/\/www.he-arc.ch\/en\/"},{"@type":"ListItem","position":2,"name":"Collaboration And Funding"}]},{"@type":"WebSite","@id":"https:\/\/www.he-arc.ch\/en\/#website","url":"https:\/\/www.he-arc.ch\/en\/","name":"Haute-Ecole Arc","description":"Haute \u00e9cole sp\u00e9cialis\u00e9e Suisse. Gestion, Ing\u00e9nierie, Sant\u00e9, Conservation-\u200brestauration.","publisher":{"@id":"https:\/\/www.he-arc.ch\/en\/#organization"},"potentialAction":[{"@type":"SearchAction","target":{"@type":"EntryPoint","urlTemplate":"https:\/\/www.he-arc.ch\/en\/?s={search_term_string}"},"query-input":{"@type":"PropertyValueSpecification","valueRequired":true,"valueName":"search_term_string"}}],"inLanguage":"en-US"},{"@type":"Organization","@id":"https:\/\/www.he-arc.ch\/en\/#organization","name":"Haute Ecole Arc","url":"https:\/\/www.he-arc.ch\/en\/","logo":{"@type":"ImageObject","inLanguage":"en-US","@id":"https:\/\/www.he-arc.ch\/en\/#\/schema\/logo\/image\/","url":"https:\/\/www.he-arc.ch\/wp-content\/uploads\/2022\/01\/logo-he-arc.svg","contentUrl":"https:\/\/www.he-arc.ch\/wp-content\/uploads\/2022\/01\/logo-he-arc.svg","width":140,"height":42,"caption":"Haute Ecole Arc"},"image":{"@id":"https:\/\/www.he-arc.ch\/en\/#\/schema\/logo\/image\/"}}]}},"_links":{"self":[{"href":"https:\/\/www.he-arc.ch\/en\/wp-json\/wp\/v2\/pages\/35729","targetHints":{"allow":["GET"]}}],"collection":[{"href":"https:\/\/www.he-arc.ch\/en\/wp-json\/wp\/v2\/pages"}],"about":[{"href":"https:\/\/www.he-arc.ch\/en\/wp-json\/wp\/v2\/types\/page"}],"author":[{"embeddable":true,"href":"https:\/\/www.he-arc.ch\/en\/wp-json\/wp\/v2\/users\/6"}],"replies":[{"embeddable":true,"href":"https:\/\/www.he-arc.ch\/en\/wp-json\/wp\/v2\/comments?post=35729"}],"version-history":[{"count":23,"href":"https:\/\/www.he-arc.ch\/en\/wp-json\/wp\/v2\/pages\/35729\/revisions"}],"predecessor-version":[{"id":77854,"href":"https:\/\/www.he-arc.ch\/en\/wp-json\/wp\/v2\/pages\/35729\/revisions\/77854"}],"wp:attachment":[{"href":"https:\/\/www.he-arc.ch\/en\/wp-json\/wp\/v2\/media?parent=35729"}],"wp:term":[{"taxonomy":"he-arc_domain","embeddable":true,"href":"https:\/\/www.he-arc.ch\/en\/wp-json\/wp\/v2\/he-arc_domain?post=35729"}],"curies":[{"name":"wp","href":"https:\/\/api.w.org\/{rel}","templated":true}]}}