{"id":35778,"date":"2021-10-07T08:01:27","date_gmt":"2021-10-07T06:01:27","guid":{"rendered":"https:\/\/www.he-arc.ch\/?p=35778"},"modified":"2025-04-24T13:35:32","modified_gmt":"2025-04-24T11:35:32","slug":"making-an-inward-move","status":"publish","type":"page","link":"https:\/\/www.he-arc.ch\/en\/he-arc-en\/making-an-inward-move\/","title":{"rendered":"Making an inward move"},"content":{"rendered":"<header class=\"hero-section is-simple page-max is-wide\">\n  <div class=\"hero\">\n    <div class=\"hero-nav page-max\">\n      \n  <div class=\"breadcrumb hidden-print\">\n    <div class=\"breadcrumb-house\"><img decoding=\"async\" src=\"https:\/\/www.he-arc.ch\/wp-content\/themes\/he-arc\/static\/images\/icon-house.svg\" loading=\"lazy\" alt=\"\" height=\"12\"><\/div>\n    <a href=\"https:\/\/www.he-arc.ch\/en\/\" class=\"breadcrumb-link\">HE-Arc<\/a>\n    <div class=\"breadcrumb-bullet\"><\/div>\n\n          <a href=\"\/\/\" class=\"breadcrumb-link\"><\/a>\n      <div class=\"breadcrumb-bullet\"><\/div>\n    \n    \n              \n    \n    \n    \n    <span class=\"breadcrumb-link is-active pointer-none\">Making an inward move<\/span>\n  <\/div>\n\n          <\/div>\n    <div class=\"hero-row is-simple page-max\">\n      <div>\n        <span class=\"hero__overline display-block\"><\/span>\n        <h1 class=\"hero__title is-small\">Making an inward move<\/h1>\n      <\/div>\n    <\/div>\n  <\/div>\n<\/header>\n\n\n<section class=\"page-section\">\n\n  <div class=\"page-menu--mobile is-shadowed--bold\">\n    <a href=\"#sidebar_contact\" class=\"btn-link border-none w-inline-block\">\n      <span class=\"btn-link__title is-goto\">Contact and Infos<\/span>\n    <\/a>\n  <\/div>\n\n  <div class=\"page-section__inner page-max\">\n\n    <div class=\"article__content is-with-aside\">\n\n      <div class=\"rich-text w-richtext\">\n                \n<div class=\"article__intro rich-text is-large w-richtext\">\n      <p>Are you a student or a member of a higher education institution and would you like to carry out a mobility project within the Haute Ecole Arc?<\/p>\n\n  <\/div>\n\n\n\n<figure class=\"wp-block-image size-full is-style-default\"><img decoding=\"async\" src=\"https:\/\/www.he-arc.ch\/wp-content\/uploads\/2021\/11\/Mobilite_entrante-scaled.jpg\" alt=\"\" class=\"wp-image-9714\"\/><figcaption class=\"wp-element-caption\">Incoming students from HE-Arc are delighted to discover the region.<\/figcaption><\/figure>\n\n\n\n<div class=\"accordion-wrapper mt-4 \">\n    <!--div class=\"page-max\">\n    <h2 class=\"section-subtitle is-large\"><\/h2>\n  <\/div-->\n  \n\n<div class=\"mb-2-5 \">\n    <div id=\"accordion-block_2f82fa553b658358630658ee7fe900a8\"\n      class=\" accordion-item collapsed is-shadowed is-compact\"\n      data-toggle=\"collapse\" data-target=\"#accordion-pane-block_2f82fa553b658358630658ee7fe900a8\">\n    <div class=\"accordion-item__heading\">\n      <h2 class=\"accordion-item__title  is-small\">How do I apply?<\/h2>\n    <\/div>\n    <span class=\"accordion-item__toggle hidden-print collapsed w-inline-block\">\n      <span class=\"plus-bar-1\"><\/span>\n      <span class=\"plus-bar-2\"><\/span>\n    <\/span>\n  <\/div>\n\n  <div id=\"accordion-pane-block_2f82fa553b658358630658ee7fe900a8\" class=\"accordion-pane show-print collapse \">\n    <div class=\"rich-text mt-2 w-richtext\">\n\n      \n\n<p><strong>1. Partnership<\/strong><\/p>\n\n\n\n<p>Ensure that your institution has a mobility exchange agreement with the HE-Arc. The Haute Ecole Arc partners are listed on the <a href=\"https:\/\/www.google.com\/maps\/d\/u\/0\/viewer?mid=1X_tIMIkjCvW2yGR0D-pqBCy3riZ4G-GS&amp;ll=29.66743110228237%2C38.66400484999998&amp;z=2\" target=\"_blank\" rel=\"noreferrer noopener\">interactive map<\/a> or directly on the website of the relevant course area. If this is the case, go to step 2.<br>If this is not the case, please contact the person in charge of mobility at your institution, therefore our mobility teams can contact you and decide on the feasibility of your project.<\/p>\n\n\n\n<p><strong>2. Entry requirements<\/strong><\/p>\n\n\n\n<p>Admission is granted after examination of the application file. Language level: a good command of French and\/or English is required depending on the field of study. In general, a B2 level is required. Check the specific conditions on the websites of the training areas or with the Mobility Office.<\/p>\n\n\n\n<p><strong>3. What are the deadlines?<\/strong><\/p>\n\n\n\n<p>Please contact the Mobility Office for more information. Please note: it can take several months to compile a mobility file, due to the conditions for authorisation to enter the country.<\/p>\n\n\n    <\/div>\n  <\/div>\n<\/div>\n\n\n\n<div class=\"mb-2-5 \">\n    <div id=\"accordion-block_1212f2a0a4520505617e11b02f847401\"\n      class=\" accordion-item collapsed is-shadowed is-compact\"\n      data-toggle=\"collapse\" data-target=\"#accordion-pane-block_1212f2a0a4520505617e11b02f847401\">\n    <div class=\"accordion-item__heading\">\n      <h2 class=\"accordion-item__title  is-small\">What are the formalities for entering Switzerland?<\/h2>\n    <\/div>\n    <span class=\"accordion-item__toggle hidden-print collapsed w-inline-block\">\n      <span class=\"plus-bar-1\"><\/span>\n      <span class=\"plus-bar-2\"><\/span>\n    <\/span>\n  <\/div>\n\n  <div id=\"accordion-pane-block_1212f2a0a4520505617e11b02f847401\" class=\"accordion-pane show-print collapse \">\n    <div class=\"rich-text mt-2 w-richtext\">\n\n      \n\n<p>Visa formalities for citizens of the enlarged EU are relatively simple. A registration in your commune of residence in Switzerland within a few days of your arrival is usually sufficient. They are more complex for members from other countries.<br>In any case, contact the Swiss embassy in your country. <strong>Please note<\/strong>: it can take several months to obtain an entry permit for Switzerland.<br>You will also need to provide proof of civil liability insurance and you will need to take out health and accident insurance in Switzerland. Please be aware that costs in Switzerland are generally high and we recommend that you check your insurance coverage.<\/p>\n\n\n    <\/div>\n  <\/div>\n<\/div>\n\n\n\n<div class=\"mb-2-5 \">\n    <div id=\"accordion-block_7fef1440cd018246941294d42f04fa98\"\n      class=\" accordion-item collapsed is-shadowed is-compact\"\n      data-toggle=\"collapse\" data-target=\"#accordion-pane-block_7fef1440cd018246941294d42f04fa98\">\n    <div class=\"accordion-item__heading\">\n      <h2 class=\"accordion-item__title  is-small\">How can I get a grant?<\/h2>\n    <\/div>\n    <span class=\"accordion-item__toggle hidden-print collapsed w-inline-block\">\n      <span class=\"plus-bar-1\"><\/span>\n      <span class=\"plus-bar-2\"><\/span>\n    <\/span>\n  <\/div>\n\n  <div id=\"accordion-pane-block_7fef1440cd018246941294d42f04fa98\" class=\"accordion-pane show-print collapse \">\n    <div class=\"rich-text mt-2 w-richtext\">\n\n      \n\n<h4 class=\"wp-block-heading\">For applicants from a European country<\/h4>\n\n\n\n<p>Switzerland offers scholarships equivalent to those granted in an Erasmus programme. All you need to do is to establish a learning agreement between the Haute Ecole Arc and your home institution to start the process of obtaining a grant. This is then examined by the mobility services of both schools. For information purposes, the table below gives an overview of the grants available:<\/p>\n\n\n\n<div id=\"resource-card-block_120726cb02f09b8b0da6a5e9486a679a\" class=\" link-list is-padded mt-3\">\n  <div class=\"link-list__title\">Student mobility<\/div>\n  <div class=\"col-count-2\">\n          <div class=\"link-list__item\">\n                  <a href=\"https:\/\/www.he-arc.ch\/wp-content\/uploads\/2021\/08\/ET_Subventions_2021_EBAUCHE.pdf\" alt=\"\" class=\"simple-link is-doc\" target='_blank'>\n            Table of SEMP grants\n          <\/a>\n              <\/div>\n      <\/div>\n<\/div>\n\n\n\n<h4 class=\"wp-block-heading\">For applicants from outside Europe<\/h4>\n\n\n\n<p>The grants are determined on a case-by-case basis. Information can be obtained from the HE-Arc<br>mobility team.<\/p>\n\n\n\n<h4 class=\"wp-block-heading\">Grants from the Communaut\u00e9 du savoir<\/h4>\n\n\n\n<p>The Communaut\u00e9 du savoir offers internship grants from CHF 550 to CHF 2,200 for students attached to French institutions in the Jura Arc (SUPMICROTECH-ENSMM, University of Franche-Comt\u00e9, UTBM).<\/p>\n\n\n\n<p>Applications are possible all year round.<\/p>\n\n\n\n<p><a href=\"https:\/\/www.communautedusavoir.org\/dispositifs-financiers\/\" target=\"_blank\" rel=\"noreferrer noopener\">Information and regulations<\/a><\/p>\n\n\n\n<p>Contact: <a href=\"mailto:info@communautedusavoir.org\" target=\"_blank\" rel=\"noreferrer noopener\">info@communautedusavoir.org<\/a><\/p>\n\n\n    <\/div>\n  <\/div>\n<\/div>\n\n\n<\/div>\n\n\n<div class=\"video-card-wrapper  is-not-contained \">\n                    <ul class=\"flex-row w-list-unstyled  \">\n                              <li class=\"size-full size-full-mobile\">\n              <a class=\"video-card is-shadowed js-open-video \" href=\"https:\/\/player.vimeo.com\/video\/657825412\">\n                <div class=\"image-wrapper--landscape\" style=\"background-image: url(https:\/\/www.he-arc.ch\/wp-content\/uploads\/2021\/12\/MobiliteTemoignageEntrante.jpg)\">\n                  <div class=\"btn-play is-centered\">&nbsp;<\/div>\n                <\/div>\n                <div class=\"video-card__info\">\n                                    <h3 class=\"video-card__title\">Three Ivorians look back on their IN mobility semester at the HEG Arc<\/h3>\n                <\/div>\n              <\/a>\n            <\/li>\n                                          <\/ul>\n      <\/div>\n\n\n\n            <\/div>\n\n    <\/div>\n\n    <div class=\"article__aside w-100p\" id=\"sidebar_contact\">\n\n  <aside class=\"page-section__aside\">\n      <nav class=\"page-menu hidden-print is-shadowed--bold mt-1  w-list-unstyled\" aria-label=\"Raccourcis sur la page\">\n        <span class=\"page-menu__heading mt-0\">Mobility<\/span>\n                    \n            <a href=\"https:\/\/www.he-arc.ch\/en\/he-arc-en\/mobility-and-international-relations\/\"  class=\"btn-link  is-with-arrow \">\n        <span class=\"simple-link no-decoration\">Mobility and international relations<\/span>\n      <\/a>\n                      \n            <a href=\"https:\/\/www.he-arc.ch\/en\/he-arc-en\/studying-abroad\/\"  class=\"btn-link  is-with-arrow \">\n        <span class=\"simple-link no-decoration\">Studying in Switzerland or abroad<\/span>\n      <\/a>\n                      \n            <a href=\"https:\/\/www.he-arc.ch\/en\/he-arc-en\/making-an-inward-move\/\"  class=\"btn-link is-current is-with-arrow \">\n        <span class=\"simple-link no-decoration\">Making an inward mobility<\/span>\n      <\/a>\n                      \n            <a href=\"https:\/\/www.he-arc.ch\/en\/he-arc-en\/teacher-mobility\/\"  class=\"btn-link  is-with-arrow border-none\">\n        <span class=\"simple-link no-decoration\">Teacher mobility<\/span>\n      <\/a>\n            <\/nav>\n  <\/aside>\n\n      <div class=\"mt-4 w-100p\">\n              <h4 class=\"link-list__title\">Contact person<\/h4>\n        \n<div id=\"contact-card-block_1140a31f85fc0d6b0be68b657c33ec31\" class=\"contact-card is-shadowed  is-not-contained\">\n  <div class=\"contact-card__inner\">\n                <div class=\"contact-entry mb-1\">\n        Cl\u00e9a Bene\n      <\/div>\n                      <div class=\"contact-entry mb-1\">\n        Administrative Assistant Mobility\n      <\/div>\n                      <div class=\"contact-entry mb-1\">\n        <a href=\"tel:+41329301151\"  class=\"simple-link contact-entry mb-1\">+ 41 32 930 11 51<\/a>\n      <\/div>\n                      <div class=\"contact-entry \">\n        <a href=\"mailto:clea.bene@he-arc.ch\"  class=\"simple-link contact-entry mb-1\">Email<\/a>\n      <\/div>\n            <\/div>\n<\/div>\n          <\/div>\n\n      <div class=\"mt-4 w-100p\">\n              <div id=\"download-links-block_1140a31f85fc0d6b0be68b657c33ec31\" class=\"\">\n  <div class=\"link-list\">\n\n        <h4 class=\"link-list__title\">Mobility by domain<\/h4>\n    \n    \n      <div class=\"link-list__item\">\n\t            <a href=\"https:\/\/www.he-arc.ch\/conservation-restauration\/mobilite-stages-etudes\/\" class=\"simple-link\" >\n          Conservation-restoration\n        <\/a>\n            <\/div>\n\n    \n      <div class=\"link-list__item\">\n\t            <a href=\"https:\/\/www.he-arc.ch\/gestion\/mobilite-gestion\/\" class=\"simple-link\" >\n          Management\n        <\/a>\n            <\/div>\n\n    \n      <div class=\"link-list__item\">\n\t            <a href=\"\/ingenierie\/bachelors\/mobilite-et-echanges\/\" class=\"simple-link\" >\n          Engineering\n        <\/a>\n            <\/div>\n\n    \n      <div class=\"link-list__item\">\n\t            <a href=\"https:\/\/www.he-arc.ch\/domaine\/sante\/#mobilites\" class=\"simple-link\" >\n          Health\n        <\/a>\n            <\/div>\n\n      <\/div>\n<\/div>\n          <\/div>\n\n  <\/div>\n\n  <\/div>\n<\/section>\n","protected":false},"excerpt":{"rendered":"","protected":false},"author":13,"featured_media":0,"parent":0,"menu_order":143,"comment_status":"closed","ping_status":"closed","template":"","meta":{"_acf_changed":false,"footnotes":""},"he-arc_domain":[154],"class_list":["post-35778","page","type-page","status-publish","hentry","he-arc_domain-he-arc-en"],"acf":[],"yoast_head":"<!-- This site is optimized with the Yoast SEO plugin v26.6 - https:\/\/yoast.com\/wordpress\/plugins\/seo\/ -->\n<title>Making an inward move - Haute-Ecole Arc<\/title>\n<meta name=\"robots\" content=\"index, follow, max-snippet:-1, max-image-preview:large, max-video-preview:-1\" \/>\n<link rel=\"canonical\" href=\"https:\/\/www.he-arc.ch\/en\/he-arc-en\/making-an-inward-move\/\" \/>\n<meta property=\"og:locale\" content=\"en_US\" \/>\n<meta property=\"og:type\" content=\"article\" \/>\n<meta property=\"og:title\" content=\"Making an inward move - Haute-Ecole Arc\" \/>\n<meta property=\"og:url\" content=\"https:\/\/www.he-arc.ch\/en\/he-arc-en\/making-an-inward-move\/\" \/>\n<meta property=\"og:site_name\" content=\"Haute-Ecole Arc\" \/>\n<meta property=\"article:modified_time\" content=\"2025-04-24T11:35:32+00:00\" \/>\n<meta property=\"og:image\" content=\"https:\/\/www.he-arc.ch\/wp-content\/uploads\/2021\/11\/Mobilite_entrante-scaled.jpg\" \/>\n<meta name=\"twitter:card\" content=\"summary_large_image\" \/>\n<meta name=\"twitter:label1\" content=\"Est. reading time\" \/>\n\t<meta name=\"twitter:data1\" content=\"3 minutes\" \/>\n<script type=\"application\/ld+json\" class=\"yoast-schema-graph\">{\"@context\":\"https:\/\/schema.org\",\"@graph\":[{\"@type\":\"WebPage\",\"@id\":\"https:\/\/www.he-arc.ch\/en\/he-arc-en\/making-an-inward-move\/\",\"url\":\"https:\/\/www.he-arc.ch\/en\/he-arc-en\/making-an-inward-move\/\",\"name\":\"Making an inward move - Haute-Ecole Arc\",\"isPartOf\":{\"@id\":\"https:\/\/www.he-arc.ch\/en\/#website\"},\"primaryImageOfPage\":{\"@id\":\"https:\/\/www.he-arc.ch\/en\/he-arc-en\/making-an-inward-move\/#primaryimage\"},\"image\":{\"@id\":\"https:\/\/www.he-arc.ch\/en\/he-arc-en\/making-an-inward-move\/#primaryimage\"},\"thumbnailUrl\":\"https:\/\/www.he-arc.ch\/wp-content\/uploads\/2021\/11\/Mobilite_entrante-scaled.jpg\",\"datePublished\":\"2021-10-07T06:01:27+00:00\",\"dateModified\":\"2025-04-24T11:35:32+00:00\",\"breadcrumb\":{\"@id\":\"https:\/\/www.he-arc.ch\/en\/he-arc-en\/making-an-inward-move\/#breadcrumb\"},\"inLanguage\":\"en-US\",\"potentialAction\":[{\"@type\":\"ReadAction\",\"target\":[\"https:\/\/www.he-arc.ch\/en\/he-arc-en\/making-an-inward-move\/\"]}]},{\"@type\":\"ImageObject\",\"inLanguage\":\"en-US\",\"@id\":\"https:\/\/www.he-arc.ch\/en\/he-arc-en\/making-an-inward-move\/#primaryimage\",\"url\":\"https:\/\/www.he-arc.ch\/wp-content\/uploads\/2021\/11\/Mobilite_entrante-scaled.jpg\",\"contentUrl\":\"https:\/\/www.he-arc.ch\/wp-content\/uploads\/2021\/11\/Mobilite_entrante-scaled.jpg\"},{\"@type\":\"BreadcrumbList\",\"@id\":\"https:\/\/www.he-arc.ch\/en\/he-arc-en\/making-an-inward-move\/#breadcrumb\",\"itemListElement\":[{\"@type\":\"ListItem\",\"position\":1,\"name\":\"Accueil\",\"item\":\"https:\/\/www.he-arc.ch\/en\/\"},{\"@type\":\"ListItem\",\"position\":2,\"name\":\"Making an inward move\"}]},{\"@type\":\"WebSite\",\"@id\":\"https:\/\/www.he-arc.ch\/en\/#website\",\"url\":\"https:\/\/www.he-arc.ch\/en\/\",\"name\":\"Haute-Ecole Arc\",\"description\":\"Haute \u00e9cole sp\u00e9cialis\u00e9e Suisse. Gestion, Ing\u00e9nierie, Sant\u00e9, Conservation-\u200brestauration.\",\"publisher\":{\"@id\":\"https:\/\/www.he-arc.ch\/en\/#organization\"},\"potentialAction\":[{\"@type\":\"SearchAction\",\"target\":{\"@type\":\"EntryPoint\",\"urlTemplate\":\"https:\/\/www.he-arc.ch\/en\/?s={search_term_string}\"},\"query-input\":{\"@type\":\"PropertyValueSpecification\",\"valueRequired\":true,\"valueName\":\"search_term_string\"}}],\"inLanguage\":\"en-US\"},{\"@type\":\"Organization\",\"@id\":\"https:\/\/www.he-arc.ch\/en\/#organization\",\"name\":\"Haute Ecole Arc\",\"url\":\"https:\/\/www.he-arc.ch\/en\/\",\"logo\":{\"@type\":\"ImageObject\",\"inLanguage\":\"en-US\",\"@id\":\"https:\/\/www.he-arc.ch\/en\/#\/schema\/logo\/image\/\",\"url\":\"https:\/\/www.he-arc.ch\/wp-content\/uploads\/2022\/01\/logo-he-arc.svg\",\"contentUrl\":\"https:\/\/www.he-arc.ch\/wp-content\/uploads\/2022\/01\/logo-he-arc.svg\",\"width\":140,\"height\":42,\"caption\":\"Haute Ecole Arc\"},\"image\":{\"@id\":\"https:\/\/www.he-arc.ch\/en\/#\/schema\/logo\/image\/\"}}]}<\/script>\n<!-- \/ Yoast SEO plugin. -->","yoast_head_json":{"title":"Making an inward move - Haute-Ecole Arc","robots":{"index":"index","follow":"follow","max-snippet":"max-snippet:-1","max-image-preview":"max-image-preview:large","max-video-preview":"max-video-preview:-1"},"canonical":"https:\/\/www.he-arc.ch\/en\/he-arc-en\/making-an-inward-move\/","og_locale":"en_US","og_type":"article","og_title":"Making an inward move - Haute-Ecole Arc","og_url":"https:\/\/www.he-arc.ch\/en\/he-arc-en\/making-an-inward-move\/","og_site_name":"Haute-Ecole Arc","article_modified_time":"2025-04-24T11:35:32+00:00","og_image":[{"url":"https:\/\/www.he-arc.ch\/wp-content\/uploads\/2021\/11\/Mobilite_entrante-scaled.jpg","type":"","width":"","height":""}],"twitter_card":"summary_large_image","twitter_misc":{"Est. reading time":"3 minutes"},"schema":{"@context":"https:\/\/schema.org","@graph":[{"@type":"WebPage","@id":"https:\/\/www.he-arc.ch\/en\/he-arc-en\/making-an-inward-move\/","url":"https:\/\/www.he-arc.ch\/en\/he-arc-en\/making-an-inward-move\/","name":"Making an inward move - Haute-Ecole Arc","isPartOf":{"@id":"https:\/\/www.he-arc.ch\/en\/#website"},"primaryImageOfPage":{"@id":"https:\/\/www.he-arc.ch\/en\/he-arc-en\/making-an-inward-move\/#primaryimage"},"image":{"@id":"https:\/\/www.he-arc.ch\/en\/he-arc-en\/making-an-inward-move\/#primaryimage"},"thumbnailUrl":"https:\/\/www.he-arc.ch\/wp-content\/uploads\/2021\/11\/Mobilite_entrante-scaled.jpg","datePublished":"2021-10-07T06:01:27+00:00","dateModified":"2025-04-24T11:35:32+00:00","breadcrumb":{"@id":"https:\/\/www.he-arc.ch\/en\/he-arc-en\/making-an-inward-move\/#breadcrumb"},"inLanguage":"en-US","potentialAction":[{"@type":"ReadAction","target":["https:\/\/www.he-arc.ch\/en\/he-arc-en\/making-an-inward-move\/"]}]},{"@type":"ImageObject","inLanguage":"en-US","@id":"https:\/\/www.he-arc.ch\/en\/he-arc-en\/making-an-inward-move\/#primaryimage","url":"https:\/\/www.he-arc.ch\/wp-content\/uploads\/2021\/11\/Mobilite_entrante-scaled.jpg","contentUrl":"https:\/\/www.he-arc.ch\/wp-content\/uploads\/2021\/11\/Mobilite_entrante-scaled.jpg"},{"@type":"BreadcrumbList","@id":"https:\/\/www.he-arc.ch\/en\/he-arc-en\/making-an-inward-move\/#breadcrumb","itemListElement":[{"@type":"ListItem","position":1,"name":"Accueil","item":"https:\/\/www.he-arc.ch\/en\/"},{"@type":"ListItem","position":2,"name":"Making an inward move"}]},{"@type":"WebSite","@id":"https:\/\/www.he-arc.ch\/en\/#website","url":"https:\/\/www.he-arc.ch\/en\/","name":"Haute-Ecole Arc","description":"Haute \u00e9cole sp\u00e9cialis\u00e9e Suisse. Gestion, Ing\u00e9nierie, Sant\u00e9, Conservation-\u200brestauration.","publisher":{"@id":"https:\/\/www.he-arc.ch\/en\/#organization"},"potentialAction":[{"@type":"SearchAction","target":{"@type":"EntryPoint","urlTemplate":"https:\/\/www.he-arc.ch\/en\/?s={search_term_string}"},"query-input":{"@type":"PropertyValueSpecification","valueRequired":true,"valueName":"search_term_string"}}],"inLanguage":"en-US"},{"@type":"Organization","@id":"https:\/\/www.he-arc.ch\/en\/#organization","name":"Haute Ecole Arc","url":"https:\/\/www.he-arc.ch\/en\/","logo":{"@type":"ImageObject","inLanguage":"en-US","@id":"https:\/\/www.he-arc.ch\/en\/#\/schema\/logo\/image\/","url":"https:\/\/www.he-arc.ch\/wp-content\/uploads\/2022\/01\/logo-he-arc.svg","contentUrl":"https:\/\/www.he-arc.ch\/wp-content\/uploads\/2022\/01\/logo-he-arc.svg","width":140,"height":42,"caption":"Haute Ecole Arc"},"image":{"@id":"https:\/\/www.he-arc.ch\/en\/#\/schema\/logo\/image\/"}}]}},"_links":{"self":[{"href":"https:\/\/www.he-arc.ch\/en\/wp-json\/wp\/v2\/pages\/35778","targetHints":{"allow":["GET"]}}],"collection":[{"href":"https:\/\/www.he-arc.ch\/en\/wp-json\/wp\/v2\/pages"}],"about":[{"href":"https:\/\/www.he-arc.ch\/en\/wp-json\/wp\/v2\/types\/page"}],"author":[{"embeddable":true,"href":"https:\/\/www.he-arc.ch\/en\/wp-json\/wp\/v2\/users\/13"}],"replies":[{"embeddable":true,"href":"https:\/\/www.he-arc.ch\/en\/wp-json\/wp\/v2\/comments?post=35778"}],"version-history":[{"count":33,"href":"https:\/\/www.he-arc.ch\/en\/wp-json\/wp\/v2\/pages\/35778\/revisions"}],"predecessor-version":[{"id":67125,"href":"https:\/\/www.he-arc.ch\/en\/wp-json\/wp\/v2\/pages\/35778\/revisions\/67125"}],"wp:attachment":[{"href":"https:\/\/www.he-arc.ch\/en\/wp-json\/wp\/v2\/media?parent=35778"}],"wp:term":[{"taxonomy":"he-arc_domain","embeddable":true,"href":"https:\/\/www.he-arc.ch\/en\/wp-json\/wp\/v2\/he-arc_domain?post=35778"}],"curies":[{"name":"wp","href":"https:\/\/api.w.org\/{rel}","templated":true}]}}