{"id":35789,"date":"2021-10-07T12:07:23","date_gmt":"2021-10-07T10:07:23","guid":{"rendered":"https:\/\/www.he-arc.ch\/?p=35789"},"modified":"2025-04-03T09:40:13","modified_gmt":"2025-04-03T07:40:13","slug":"teacher-mobility","status":"publish","type":"page","link":"https:\/\/www.he-arc.ch\/en\/he-arc-en\/teacher-mobility\/","title":{"rendered":"Teacher mobility"},"content":{"rendered":"<header class=\"hero-section is-simple page-max is-wide\">\n  <div class=\"hero\">\n    <div class=\"hero-nav page-max\">\n      \n  <div class=\"breadcrumb hidden-print\">\n    <div class=\"breadcrumb-house\"><img decoding=\"async\" src=\"https:\/\/www.he-arc.ch\/wp-content\/themes\/he-arc\/static\/images\/icon-house.svg\" loading=\"lazy\" alt=\"\" height=\"12\"><\/div>\n    <a href=\"https:\/\/www.he-arc.ch\/en\/\" class=\"breadcrumb-link\">HE-Arc<\/a>\n    <div class=\"breadcrumb-bullet\"><\/div>\n\n          <a href=\"\/\/\" class=\"breadcrumb-link\"><\/a>\n      <div class=\"breadcrumb-bullet\"><\/div>\n    \n    \n              \n    \n    \n    \n    <span class=\"breadcrumb-link is-active pointer-none\">Teacher mobility<\/span>\n  <\/div>\n\n          <\/div>\n    <div class=\"hero-row is-simple page-max\">\n      <div>\n        <span class=\"hero__overline display-block\"><\/span>\n        <h1 class=\"hero__title is-small\">To carry out a teaching mobility within the HE-Arc or a partner university<\/h1>\n      <\/div>\n    <\/div>\n  <\/div>\n<\/header>\n\n\n<section class=\"page-section\">\n\n  <div class=\"page-menu--mobile is-shadowed--bold\">\n    <a href=\"#sidebar_contact\" class=\"btn-link border-none w-inline-block\">\n      <span class=\"btn-link__title is-goto\">Contact and Infos<\/span>\n    <\/a>\n  <\/div>\n\n  <div class=\"page-section__inner page-max\">\n\n    <div class=\"article__content is-with-aside\">\n\n      <div class=\"rich-text w-richtext\">\n                \n<div class=\"article__intro rich-text is-large w-richtext\">\n      <p>The Haute Ecole Arc allows teachers to practice their profession in a partner university in Switzerland or abroad and also to host a colleague to teach.<\/p>\n\n  <\/div>\n\n\n\n<figure class=\"wp-block-image size-full is-style-default\"><a href=\"https:\/\/www.google.com\/maps\/d\/u\/0\/viewer?mid=1X_tIMIkjCvW2yGR0D-pqBCy3riZ4G-GS&amp;ll=29.667431102282396%2C38.66400484999997&amp;z=2\" target=\"_blank\" rel=\"noopener\"><img decoding=\"async\" src=\"https:\/\/www.he-arc.ch\/wp-content\/uploads\/2021\/10\/MobiliteCarte-scaled.jpg\" alt=\"\" class=\"wp-image-30504\"\/><\/a><figcaption class=\"wp-element-caption\">Haute Ecole Arc&#8217;s partnerships around the world<\/figcaption><\/figure>\n\n\n\n<p>Several types of projects are possible: teaching for a few hours or for longer periods, setting up joint courses, colloquia, summer schools, etc.<br>Assistance is also available for setting up larger-scale projects with the aim of obtaining external funding.<br>This type of action can, for example, lead to training courses leading to a double or triple diploma or to a permanent and cyclical collaboration between two fields of study.<\/p>\n\n\n\n<h3 class=\"wp-block-heading\">Examples of projects:<\/h3>\n\n\n\n<div class=\"accordion-wrapper mt-4 \">\n    <!--div class=\"page-max\">\n    <h2 class=\"section-subtitle is-large\"><\/h2>\n  <\/div-->\n  \n\n<div class=\"mb-2-5 \">\n    <div id=\"accordion-block_b31177719944efca8a70b25340b8e0c1\"\n      class=\" accordion-item collapsed is-shadowed is-compact\"\n      data-toggle=\"collapse\" data-target=\"#accordion-pane-block_b31177719944efca8a70b25340b8e0c1\">\n    <div class=\"accordion-item__heading\">\n      <h2 class=\"accordion-item__title  is-small\">What skills are needed for cross-border industry in the digital age?<\/h2>\n    <\/div>\n    <span class=\"accordion-item__toggle hidden-print collapsed w-inline-block\">\n      <span class=\"plus-bar-1\"><\/span>\n      <span class=\"plus-bar-2\"><\/span>\n    <\/span>\n  <\/div>\n\n  <div id=\"accordion-pane-block_b31177719944efca8a70b25340b8e0c1\" class=\"accordion-pane show-print collapse \">\n    <div class=\"rich-text mt-2 w-richtext\">\n\n      \n\n<p>The Arc School of Management, the University of Neuch\u00e2tel and the Belfort-Montb\u00e9liard University of Technology organised a day on this theme. Undergraduates and postgraduates students were able to take advantage of testimonies from industrialists, reflective and creative workshops, as well as, situational visits in the French border region.<\/p>\n\n\n    <\/div>\n  <\/div>\n<\/div>\n\n\n\n<div class=\"mb-2-5 \">\n    <div id=\"accordion-block_88c82add24fced5eb4e17693dcb1c044\"\n      class=\" accordion-item collapsed is-shadowed is-compact\"\n      data-toggle=\"collapse\" data-target=\"#accordion-pane-block_88c82add24fced5eb4e17693dcb1c044\">\n    <div class=\"accordion-item__heading\">\n      <h2 class=\"accordion-item__title  is-small\">Cross-border nursing days<\/h2>\n    <\/div>\n    <span class=\"accordion-item__toggle hidden-print collapsed w-inline-block\">\n      <span class=\"plus-bar-1\"><\/span>\n      <span class=\"plus-bar-2\"><\/span>\n    <\/span>\n  <\/div>\n\n  <div id=\"accordion-pane-block_88c82add24fced5eb4e17693dcb1c044\" class=\"accordion-pane show-print collapse \">\n    <div class=\"rich-text mt-2 w-richtext\">\n\n      \n\n<p>The Pontarlier Nursing School and the HE-Arc Health domain have proposed two colloquia to compare practices on both sides of the border.<\/p>\n\n\n    <\/div>\n  <\/div>\n<\/div>\n\n\n\n<div class=\"mb-2-5 \">\n    <div id=\"accordion-block_9e268bed251f70f5b5f49235a747a785\"\n      class=\" accordion-item collapsed is-shadowed is-compact\"\n      data-toggle=\"collapse\" data-target=\"#accordion-pane-block_9e268bed251f70f5b5f49235a747a785\">\n    <div class=\"accordion-item__heading\">\n      <h2 class=\"accordion-item__title  is-small\">Tri-national training in embedded computer systems<\/h2>\n    <\/div>\n    <span class=\"accordion-item__toggle hidden-print collapsed w-inline-block\">\n      <span class=\"plus-bar-1\"><\/span>\n      <span class=\"plus-bar-2\"><\/span>\n    <\/span>\n  <\/div>\n\n  <div id=\"accordion-pane-block_9e268bed251f70f5b5f49235a747a785\" class=\"accordion-pane show-print collapse \">\n    <div class=\"rich-text mt-2 w-richtext\">\n\n      \n\n<p>This orientation is followed in France, Germany and Switzerland. It leads to four qualifications: a university diploma and a professional licence (France), a Bachelor&#8217;s Degree in Engineering (Germany) and a Bachelor&#8217;s Degree in Embedded Systems from the Haute Ecole Arc Ing\u00e9nierie (Switzerland).<\/p>\n\n\n\n<p><a href=\"https:\/\/www.he-arc.ch\/ingenierie\/bachelor\/informatique-et-systemes-de-communication\/#trinat\">Click here to find out more<\/a><\/p>\n\n\n    <\/div>\n  <\/div>\n<\/div>\n\n\n<\/div>\n\n\n            <\/div>\n\n    <\/div>\n\n    <div class=\"article__aside w-100p\" id=\"sidebar_contact\">\n\n  <aside class=\"page-section__aside\">\n      <nav class=\"page-menu hidden-print is-shadowed--bold mt-1  w-list-unstyled\" aria-label=\"Raccourcis sur la page\">\n        <span class=\"page-menu__heading mt-0\">Mobility<\/span>\n                    \n            <a href=\"https:\/\/www.he-arc.ch\/en\/he-arc-en\/mobility-and-international-relations\/\"  class=\"btn-link  is-with-arrow \">\n        <span class=\"simple-link no-decoration\">Mobility and international relations<\/span>\n      <\/a>\n                      \n            <a href=\"https:\/\/www.he-arc.ch\/en\/he-arc-en\/studying-abroad\/\"  class=\"btn-link  is-with-arrow \">\n        <span class=\"simple-link no-decoration\">Studying in Switzerland or abroad<\/span>\n      <\/a>\n                      \n            <a href=\"https:\/\/www.he-arc.ch\/en\/he-arc-en\/making-an-inward-move\/\"  class=\"btn-link  is-with-arrow \">\n        <span class=\"simple-link no-decoration\">Making an inward mobility<\/span>\n      <\/a>\n                      \n            <a href=\"https:\/\/www.he-arc.ch\/en\/he-arc-en\/teacher-mobility\/\"  class=\"btn-link is-current is-with-arrow border-none\">\n        <span class=\"simple-link no-decoration\">Teacher mobility<\/span>\n      <\/a>\n            <\/nav>\n  <\/aside>\n\n      <div class=\"mt-4 w-100p\">\n              <h4 class=\"link-list__title\">Contact person<\/h4>\n        \n<div id=\"contact-card-block_0bf0614b80bfde08e7f3751ec408c9ea\" class=\"contact-card is-shadowed  is-not-contained\">\n  <div class=\"contact-card__inner\">\n                <div class=\"contact-entry mb-1\">\n        Cl\u00e9a Bene\n      <\/div>\n                      <div class=\"contact-entry mb-1\">\n        Administrative Assistant Mobility\n      <\/div>\n                      <div class=\"contact-entry mb-1\">\n        <a href=\"tel:+41329301151\"  class=\"simple-link contact-entry mb-1\">+ 41 32 930 11 51<\/a>\n      <\/div>\n                      <div class=\"contact-entry \">\n        <a href=\"mailto:clea.bene@he-arc.ch\"  class=\"simple-link contact-entry mb-1\">Email<\/a>\n      <\/div>\n            <\/div>\n<\/div>\n          <\/div>\n\n      <div class=\"mt-4 w-100p\">\n              <div id=\"download-links-block_0bf0614b80bfde08e7f3751ec408c9ea\" class=\"\">\n  <div class=\"link-list\">\n\n        <h4 class=\"link-list__title\">Mobility by domain<\/h4>\n    \n    \n      <div class=\"link-list__item\">\n\t            <a href=\"https:\/\/www.he-arc.ch\/conservation-restauration\/mobilite-stages-etudes\/\" class=\"simple-link\" >\n          Conservation-restoration\n        <\/a>\n            <\/div>\n\n    \n      <div class=\"link-list__item\">\n\t            <a href=\"https:\/\/www.he-arc.ch\/gestion\/mobilite-gestion\/\" class=\"simple-link\" >\n          Management\n        <\/a>\n            <\/div>\n\n    \n      <div class=\"link-list__item\">\n\t            <a href=\"\/ingenierie\/bachelors\/mobilite-et-echanges\/\" class=\"simple-link\" >\n          Engineering\n        <\/a>\n            <\/div>\n\n    \n      <div class=\"link-list__item\">\n\t            <a href=\"https:\/\/www.he-arc.ch\/domaine\/sante\/#mobilites\" class=\"simple-link\" target='_blank'>\n          Health\n        <\/a>\n            <\/div>\n\n      <\/div>\n<\/div>\n          <\/div>\n\n  <\/div>\n\n  <\/div>\n<\/section>\n","protected":false},"excerpt":{"rendered":"","protected":false},"author":13,"featured_media":0,"parent":0,"menu_order":80,"comment_status":"closed","ping_status":"closed","template":"","meta":{"_acf_changed":false,"footnotes":""},"he-arc_domain":[154],"class_list":["post-35789","page","type-page","status-publish","hentry","he-arc_domain-he-arc-en"],"acf":[],"yoast_head":"<!-- This site is optimized with the Yoast SEO plugin v26.6 - https:\/\/yoast.com\/wordpress\/plugins\/seo\/ -->\n<title>Teacher mobility - Haute-Ecole Arc<\/title>\n<meta name=\"description\" content=\"La haute Ecole Arc permet aux enseignants d\u2019exercer leur m\u00e9tier dans une universit\u00e9 partenaire en suisse ou \u00e0 l&#039;\u00e9tranger et \u00e9galement d&#039;accueillir un coll\u00e8gue afin de dispenser son enseignement.\" \/>\n<meta name=\"robots\" content=\"index, follow, max-snippet:-1, max-image-preview:large, max-video-preview:-1\" \/>\n<link rel=\"canonical\" href=\"https:\/\/www.he-arc.ch\/en\/he-arc-en\/teacher-mobility\/\" \/>\n<meta property=\"og:locale\" content=\"en_US\" \/>\n<meta property=\"og:type\" content=\"article\" \/>\n<meta property=\"og:title\" content=\"Teacher mobility - Haute-Ecole Arc\" \/>\n<meta property=\"og:description\" content=\"La haute Ecole Arc permet aux enseignants d\u2019exercer leur m\u00e9tier dans une universit\u00e9 partenaire en suisse ou \u00e0 l&#039;\u00e9tranger et \u00e9galement d&#039;accueillir un coll\u00e8gue afin de dispenser son enseignement.\" \/>\n<meta property=\"og:url\" content=\"https:\/\/www.he-arc.ch\/en\/he-arc-en\/teacher-mobility\/\" \/>\n<meta property=\"og:site_name\" content=\"Haute-Ecole Arc\" \/>\n<meta property=\"article:modified_time\" content=\"2025-04-03T07:40:13+00:00\" \/>\n<meta property=\"og:image\" content=\"https:\/\/www.he-arc.ch\/wp-content\/uploads\/2021\/10\/MobiliteCarte.jpg\" \/>\n<meta name=\"twitter:card\" content=\"summary_large_image\" \/>\n<meta name=\"twitter:label1\" content=\"Est. reading time\" \/>\n\t<meta name=\"twitter:data1\" content=\"2 minutes\" \/>\n<script type=\"application\/ld+json\" class=\"yoast-schema-graph\">{\"@context\":\"https:\/\/schema.org\",\"@graph\":[{\"@type\":\"WebPage\",\"@id\":\"https:\/\/www.he-arc.ch\/en\/he-arc-en\/teacher-mobility\/\",\"url\":\"https:\/\/www.he-arc.ch\/en\/he-arc-en\/teacher-mobility\/\",\"name\":\"Teacher mobility - Haute-Ecole Arc\",\"isPartOf\":{\"@id\":\"https:\/\/www.he-arc.ch\/en\/#website\"},\"primaryImageOfPage\":{\"@id\":\"https:\/\/www.he-arc.ch\/en\/he-arc-en\/teacher-mobility\/#primaryimage\"},\"image\":{\"@id\":\"https:\/\/www.he-arc.ch\/en\/he-arc-en\/teacher-mobility\/#primaryimage\"},\"thumbnailUrl\":\"https:\/\/www.he-arc.ch\/wp-content\/uploads\/2021\/10\/MobiliteCarte-scaled.jpg\",\"datePublished\":\"2021-10-07T10:07:23+00:00\",\"dateModified\":\"2025-04-03T07:40:13+00:00\",\"description\":\"La haute Ecole Arc permet aux enseignants d\u2019exercer leur m\u00e9tier dans une universit\u00e9 partenaire en suisse ou \u00e0 l'\u00e9tranger et \u00e9galement d'accueillir un coll\u00e8gue afin de dispenser son enseignement.\",\"breadcrumb\":{\"@id\":\"https:\/\/www.he-arc.ch\/en\/he-arc-en\/teacher-mobility\/#breadcrumb\"},\"inLanguage\":\"en-US\",\"potentialAction\":[{\"@type\":\"ReadAction\",\"target\":[\"https:\/\/www.he-arc.ch\/en\/he-arc-en\/teacher-mobility\/\"]}]},{\"@type\":\"ImageObject\",\"inLanguage\":\"en-US\",\"@id\":\"https:\/\/www.he-arc.ch\/en\/he-arc-en\/teacher-mobility\/#primaryimage\",\"url\":\"https:\/\/www.he-arc.ch\/wp-content\/uploads\/2021\/10\/MobiliteCarte-scaled.jpg\",\"contentUrl\":\"https:\/\/www.he-arc.ch\/wp-content\/uploads\/2021\/10\/MobiliteCarte-scaled.jpg\"},{\"@type\":\"BreadcrumbList\",\"@id\":\"https:\/\/www.he-arc.ch\/en\/he-arc-en\/teacher-mobility\/#breadcrumb\",\"itemListElement\":[{\"@type\":\"ListItem\",\"position\":1,\"name\":\"Accueil\",\"item\":\"https:\/\/www.he-arc.ch\/en\/\"},{\"@type\":\"ListItem\",\"position\":2,\"name\":\"Teacher mobility\"}]},{\"@type\":\"WebSite\",\"@id\":\"https:\/\/www.he-arc.ch\/en\/#website\",\"url\":\"https:\/\/www.he-arc.ch\/en\/\",\"name\":\"Haute-Ecole Arc\",\"description\":\"Haute \u00e9cole sp\u00e9cialis\u00e9e Suisse. Gestion, Ing\u00e9nierie, Sant\u00e9, Conservation-\u200brestauration.\",\"publisher\":{\"@id\":\"https:\/\/www.he-arc.ch\/en\/#organization\"},\"potentialAction\":[{\"@type\":\"SearchAction\",\"target\":{\"@type\":\"EntryPoint\",\"urlTemplate\":\"https:\/\/www.he-arc.ch\/en\/?s={search_term_string}\"},\"query-input\":{\"@type\":\"PropertyValueSpecification\",\"valueRequired\":true,\"valueName\":\"search_term_string\"}}],\"inLanguage\":\"en-US\"},{\"@type\":\"Organization\",\"@id\":\"https:\/\/www.he-arc.ch\/en\/#organization\",\"name\":\"Haute Ecole Arc\",\"url\":\"https:\/\/www.he-arc.ch\/en\/\",\"logo\":{\"@type\":\"ImageObject\",\"inLanguage\":\"en-US\",\"@id\":\"https:\/\/www.he-arc.ch\/en\/#\/schema\/logo\/image\/\",\"url\":\"https:\/\/www.he-arc.ch\/wp-content\/uploads\/2022\/01\/logo-he-arc.svg\",\"contentUrl\":\"https:\/\/www.he-arc.ch\/wp-content\/uploads\/2022\/01\/logo-he-arc.svg\",\"width\":140,\"height\":42,\"caption\":\"Haute Ecole Arc\"},\"image\":{\"@id\":\"https:\/\/www.he-arc.ch\/en\/#\/schema\/logo\/image\/\"}}]}<\/script>\n<!-- \/ Yoast SEO plugin. -->","yoast_head_json":{"title":"Teacher mobility - Haute-Ecole Arc","description":"La haute Ecole Arc permet aux enseignants d\u2019exercer leur m\u00e9tier dans une universit\u00e9 partenaire en suisse ou \u00e0 l'\u00e9tranger et \u00e9galement d'accueillir un coll\u00e8gue afin de dispenser son enseignement.","robots":{"index":"index","follow":"follow","max-snippet":"max-snippet:-1","max-image-preview":"max-image-preview:large","max-video-preview":"max-video-preview:-1"},"canonical":"https:\/\/www.he-arc.ch\/en\/he-arc-en\/teacher-mobility\/","og_locale":"en_US","og_type":"article","og_title":"Teacher mobility - Haute-Ecole Arc","og_description":"La haute Ecole Arc permet aux enseignants d\u2019exercer leur m\u00e9tier dans une universit\u00e9 partenaire en suisse ou \u00e0 l'\u00e9tranger et \u00e9galement d'accueillir un coll\u00e8gue afin de dispenser son enseignement.","og_url":"https:\/\/www.he-arc.ch\/en\/he-arc-en\/teacher-mobility\/","og_site_name":"Haute-Ecole Arc","article_modified_time":"2025-04-03T07:40:13+00:00","og_image":[{"url":"https:\/\/www.he-arc.ch\/wp-content\/uploads\/2021\/10\/MobiliteCarte.jpg","type":"","width":"","height":""}],"twitter_card":"summary_large_image","twitter_misc":{"Est. reading time":"2 minutes"},"schema":{"@context":"https:\/\/schema.org","@graph":[{"@type":"WebPage","@id":"https:\/\/www.he-arc.ch\/en\/he-arc-en\/teacher-mobility\/","url":"https:\/\/www.he-arc.ch\/en\/he-arc-en\/teacher-mobility\/","name":"Teacher mobility - Haute-Ecole Arc","isPartOf":{"@id":"https:\/\/www.he-arc.ch\/en\/#website"},"primaryImageOfPage":{"@id":"https:\/\/www.he-arc.ch\/en\/he-arc-en\/teacher-mobility\/#primaryimage"},"image":{"@id":"https:\/\/www.he-arc.ch\/en\/he-arc-en\/teacher-mobility\/#primaryimage"},"thumbnailUrl":"https:\/\/www.he-arc.ch\/wp-content\/uploads\/2021\/10\/MobiliteCarte-scaled.jpg","datePublished":"2021-10-07T10:07:23+00:00","dateModified":"2025-04-03T07:40:13+00:00","description":"La haute Ecole Arc permet aux enseignants d\u2019exercer leur m\u00e9tier dans une universit\u00e9 partenaire en suisse ou \u00e0 l'\u00e9tranger et \u00e9galement d'accueillir un coll\u00e8gue afin de dispenser son enseignement.","breadcrumb":{"@id":"https:\/\/www.he-arc.ch\/en\/he-arc-en\/teacher-mobility\/#breadcrumb"},"inLanguage":"en-US","potentialAction":[{"@type":"ReadAction","target":["https:\/\/www.he-arc.ch\/en\/he-arc-en\/teacher-mobility\/"]}]},{"@type":"ImageObject","inLanguage":"en-US","@id":"https:\/\/www.he-arc.ch\/en\/he-arc-en\/teacher-mobility\/#primaryimage","url":"https:\/\/www.he-arc.ch\/wp-content\/uploads\/2021\/10\/MobiliteCarte-scaled.jpg","contentUrl":"https:\/\/www.he-arc.ch\/wp-content\/uploads\/2021\/10\/MobiliteCarte-scaled.jpg"},{"@type":"BreadcrumbList","@id":"https:\/\/www.he-arc.ch\/en\/he-arc-en\/teacher-mobility\/#breadcrumb","itemListElement":[{"@type":"ListItem","position":1,"name":"Accueil","item":"https:\/\/www.he-arc.ch\/en\/"},{"@type":"ListItem","position":2,"name":"Teacher mobility"}]},{"@type":"WebSite","@id":"https:\/\/www.he-arc.ch\/en\/#website","url":"https:\/\/www.he-arc.ch\/en\/","name":"Haute-Ecole Arc","description":"Haute \u00e9cole sp\u00e9cialis\u00e9e Suisse. Gestion, Ing\u00e9nierie, Sant\u00e9, Conservation-\u200brestauration.","publisher":{"@id":"https:\/\/www.he-arc.ch\/en\/#organization"},"potentialAction":[{"@type":"SearchAction","target":{"@type":"EntryPoint","urlTemplate":"https:\/\/www.he-arc.ch\/en\/?s={search_term_string}"},"query-input":{"@type":"PropertyValueSpecification","valueRequired":true,"valueName":"search_term_string"}}],"inLanguage":"en-US"},{"@type":"Organization","@id":"https:\/\/www.he-arc.ch\/en\/#organization","name":"Haute Ecole Arc","url":"https:\/\/www.he-arc.ch\/en\/","logo":{"@type":"ImageObject","inLanguage":"en-US","@id":"https:\/\/www.he-arc.ch\/en\/#\/schema\/logo\/image\/","url":"https:\/\/www.he-arc.ch\/wp-content\/uploads\/2022\/01\/logo-he-arc.svg","contentUrl":"https:\/\/www.he-arc.ch\/wp-content\/uploads\/2022\/01\/logo-he-arc.svg","width":140,"height":42,"caption":"Haute Ecole Arc"},"image":{"@id":"https:\/\/www.he-arc.ch\/en\/#\/schema\/logo\/image\/"}}]}},"_links":{"self":[{"href":"https:\/\/www.he-arc.ch\/en\/wp-json\/wp\/v2\/pages\/35789","targetHints":{"allow":["GET"]}}],"collection":[{"href":"https:\/\/www.he-arc.ch\/en\/wp-json\/wp\/v2\/pages"}],"about":[{"href":"https:\/\/www.he-arc.ch\/en\/wp-json\/wp\/v2\/types\/page"}],"author":[{"embeddable":true,"href":"https:\/\/www.he-arc.ch\/en\/wp-json\/wp\/v2\/users\/13"}],"replies":[{"embeddable":true,"href":"https:\/\/www.he-arc.ch\/en\/wp-json\/wp\/v2\/comments?post=35789"}],"version-history":[{"count":26,"href":"https:\/\/www.he-arc.ch\/en\/wp-json\/wp\/v2\/pages\/35789\/revisions"}],"predecessor-version":[{"id":44725,"href":"https:\/\/www.he-arc.ch\/en\/wp-json\/wp\/v2\/pages\/35789\/revisions\/44725"}],"wp:attachment":[{"href":"https:\/\/www.he-arc.ch\/en\/wp-json\/wp\/v2\/media?parent=35789"}],"wp:term":[{"taxonomy":"he-arc_domain","embeddable":true,"href":"https:\/\/www.he-arc.ch\/en\/wp-json\/wp\/v2\/he-arc_domain?post=35789"}],"curies":[{"name":"wp","href":"https:\/\/api.w.org\/{rel}","templated":true}]}}