{"id":35889,"date":"2021-09-28T08:10:56","date_gmt":"2021-09-28T06:10:56","guid":{"rendered":"https:\/\/www.he-arc.ch\/?p=35889"},"modified":"2025-04-03T09:40:40","modified_gmt":"2025-04-03T07:40:40","slug":"delemont-campus","status":"publish","type":"page","link":"https:\/\/www.he-arc.ch\/en\/he-arc-en\/delemont-campus\/","title":{"rendered":"Del\u00e9mont Campus"},"content":{"rendered":"<header class=\"hero-section is-simple page-max is-wide\">\n  <div class=\"hero\">\n    <div class=\"hero-nav page-max\">\n      \n  <div class=\"breadcrumb hidden-print\">\n    <div class=\"breadcrumb-house\"><img decoding=\"async\" src=\"https:\/\/www.he-arc.ch\/wp-content\/themes\/he-arc\/static\/images\/icon-house.svg\" loading=\"lazy\" alt=\"\" height=\"12\"><\/div>\n    <a href=\"https:\/\/www.he-arc.ch\/en\/\" class=\"breadcrumb-link\">HE-Arc<\/a>\n    <div class=\"breadcrumb-bullet\"><\/div>\n\n          <a href=\"\/\/\" class=\"breadcrumb-link\"><\/a>\n      <div class=\"breadcrumb-bullet\"><\/div>\n    \n    \n              \n    \n    \n    \n    <span class=\"breadcrumb-link is-active pointer-none\">Del\u00e9mont Campus<\/span>\n  <\/div>\n\n          <\/div>\n    <div class=\"hero-row is-simple page-max\">\n      <div>\n        <span class=\"hero__overline display-block\"><\/span>\n        <h1 class=\"hero__title is-small\">Del\u00e9mont Campus<\/h1>\n      <\/div>\n    <\/div>\n  <\/div>\n<\/header>\n\n\n<section class=\"page-section\">\n\n  <div class=\"page-menu--mobile is-shadowed--bold\">\n    <a href=\"#sidebar_contact\" class=\"btn-link border-none w-inline-block\">\n      <span class=\"btn-link__title is-goto\">Contact and Infos<\/span>\n    <\/a>\n  <\/div>\n\n  <div class=\"page-section__inner page-max\">\n\n    <div class=\"article__content is-with-aside\">\n\n      <div class=\"rich-text w-richtext\">\n                \n<div class=\"article__intro rich-text is-large w-richtext\">\n      <p>The Del\u00e9mont Campus building, ideally located near the train station and the old town of the canton&#8217;s capital, offers a rich and varied student life, close to Basel and on the way to our French partner, the Universit\u00e9 de Technologie de Belfort-Montb\u00e9liard (UTBM).<\/p>\n\n  <\/div>\n\n\n<div class=\"video-card-wrapper  is-not-contained \">\n                    <ul class=\"flex-row w-list-unstyled  \">\n                              <li class=\"size-full size-full-mobile\">\n              <a class=\"video-card is-shadowed js-open-video \" href=\"https:\/\/player.vimeo.com\/video\/652427795\">\n                <div class=\"image-wrapper--landscape\" style=\"background-image: url(https:\/\/www.he-arc.ch\/wp-content\/uploads\/2021\/12\/CampusDEL.jpg)\">\n                  <div class=\"btn-play is-centered\">&nbsp;<\/div>\n                <\/div>\n                <div class=\"video-card__info\">\n                                    <h3 class=\"video-card__title\">Del\u00e9mont Campus<\/h3>\n                <\/div>\n              <\/a>\n            <\/li>\n                                          <\/ul>\n      <\/div>\n\n\n\n\n<h3 class=\"wp-block-heading\">Del\u00e9mont Campus<\/h3>\n\n\n\n<p>The Haute Ecole Arc is located on the esplanade of the train station. It shares its premises with the HEP-Bejune Pedagogical College and the HES-SO Rectorate.<br>The Arc community has numerous classrooms, practical rooms, a simulation centre for the health field, as well as, many state-of-the-art facilities and infrastructure:<\/p>\n\n\n\n<ul class=\"wp-block-list\">\n<li>A large auditorium<\/li>\n\n\n\n<li>A common library open to the public<\/li>\n\n\n\n<li>Catering areas with microwaves<\/li>\n\n\n\n<li>Bright work and relaxation areas<\/li>\n\n\n\n<li>Workrooms equipped with computers<\/li>\n\n\n\n<li>Reprographic facilities<\/li>\n\n\n\n<li>A sick bay and a nursing room<\/li>\n\n\n\n<li>Selective waste sorting points<\/li>\n\n\n\n<li>Underground parking<\/li>\n\n\n\n<li>Changing rooms with showers<\/li>\n<\/ul>\n\n\n\n<div class=\"full-quote\" id=\"full-quote-block_e72b8c2f4748c4eca06b77a4a94c519a\">\n  <blockquote class=\"full-quote__body\">\n    More than 180 metres along the railway tracks, the Haute Ecole Arc is dedicated to knowledge and research.\n  <\/blockquote>\n  <\/div>\n\n\n\n<p>Inaugurated in 2016, the Del\u00e9mont campus building provides easy access for people with disabilities.<br>There is an electronic and payment solution and access system which is managed through the personal badge held by each student and staff member of the school.<\/p>\n\n\n\n<p><\/p>\n\n\n            <\/div>\n\n    <\/div>\n\n    <div class=\"article__aside w-100p\" id=\"sidebar_contact\">\n\n  <aside class=\"page-section__aside\">\n      <nav class=\"page-menu hidden-print is-shadowed--bold mt-1  w-list-unstyled\" aria-label=\"Raccourcis sur la page\">\n        <span class=\"page-menu__heading mt-0\">Nos campus<\/span>\n                    \n            <a href=\"https:\/\/www.he-arc.ch\/en\/he-arc-en\/neuchatel-campus\/\"  class=\"btn-link  is-with-arrow \">\n        <span class=\"simple-link no-decoration\">Neuch\u00e2tel Campus<\/span>\n      <\/a>\n                      \n            <a href=\"https:\/\/www.he-arc.ch\/en\/he-arc-en\/delemont-campus\/\"  class=\"btn-link is-current is-with-arrow \">\n        <span class=\"simple-link no-decoration\">Del\u00e9mont Campus<\/span>\n      <\/a>\n                      \n            <a href=\"https:\/\/www.he-arc.ch\/en\/he-arc-en\/st-imier-site\/\"  class=\"btn-link  is-with-arrow \">\n        <span class=\"simple-link no-decoration\">St-Imier Site<\/span>\n      <\/a>\n                      \n            <a href=\"https:\/\/www.he-arc.ch\/en\/he-arc-en\/neuchatel-mountains-sites\/\"  class=\"btn-link  is-with-arrow border-none\">\n        <span class=\"simple-link no-decoration\">Neuch\u00e2tel Mountain Sites<\/span>\n      <\/a>\n            <\/nav>\n  <\/aside>\n\n      <div class=\"mt-4 w-100p\">\n              <h4 class=\"link-list__title\"><\/h4>\n        \n<div id=\"contact-card-block_f6154a5ebc66f086a14992d5b70a8eb8\" class=\"contact-card is-shadowed  is-not-contained\">\n  <div class=\"contact-card__inner\">\n                <div class=\"contact-entry mb-1\">\n        Haute Ecole Arc\n      <\/div>\n                      <div class=\"contact-entry mb-1\">\n        Campus Arc 3\n      <\/div>\n                      <div class=\"contact-entry mb-1\">\n        Route de Moutier 14\n      <\/div>\n                      <div class=\"contact-entry mb-1\">\n        2800 Del\u00e9mont\n      <\/div>\n                      <div class=\"contact-entry mb-1\">\n        <a href=\"tel:+41329301181\"  class=\"simple-link contact-entry mb-1\">+41 32 930 11 81<\/a>\n      <\/div>\n                      <div class=\"contact-entry \">\n        <a href=\"https:\/\/www.google.com\/maps\/place\/Haute+Ecole+Arc+(Sant%C3%A9,+Gestion+et+Ing%C3%A9nierie)\/@47.3625334,7.3500949,17z\/data=!3m1!4b1!4m5!3m4!1s0x4791e7d1d4c97c07:0xf8179113c1ba8af5!8m2!3d47.3625241!4d7.3522874\" target='_blank' class=\"simple-link contact-entry mb-1\">Map<\/a>\n      <\/div>\n            <\/div>\n<\/div>\n          <\/div>\n\n      <div class=\"mt-4 w-100p\">\n              <h4 class=\"link-list__title\"><\/h4>\n        <div id=\"cta-card-block_f6154a5ebc66f086a14992d5b70a8eb8\" class=\"contact-card is-shadowed  is-not-contained\">\n  <div class=\"contact-card__inner\">\n    <div class=\"contact-entry\">\n      <a href=\"https:\/\/www.he-arc.ch\/he-arc\/contacts\/\"  class=\"simple-link is-large contact-entry mb-1\">Contacts<\/a>\n    <\/div>\n  <\/div>\n<\/div>\n          <\/div>\n\n      <div class=\"mt-4 w-100p\">\n              <div id=\"download-links-block_f6154a5ebc66f086a14992d5b70a8eb8\" class=\"\">\n  <div class=\"link-list\">\n\n        <h4 class=\"link-list__title\">Useful links<\/h4>\n    \n    \n      <div class=\"link-list__item\">\n\t            <a href=\"https:\/\/www.he-arc.ch\/wp-content\/uploads\/2021\/10\/ENGIE-Reglement-interieur-du-batiment-StrateJ.pdf\" class=\"simple-link\" >\n          Guide for Strate J building\n        <\/a>\n            <\/div>\n\n    \n      <div class=\"link-list__item\">\n\t            <a href=\"https:\/\/www.he-arc.ch\/en\/he-arc-en\/libraries\/\" class=\"simple-link\" >\n          Libraries\n        <\/a>\n            <\/div>\n\n    \n      <div class=\"link-list__item\">\n\t            <a href=\"https:\/\/www.he-arc.ch\/en\/he-arc-en\/accomodation\/\" class=\"simple-link\" >\n          Accomodation\n        <\/a>\n            <\/div>\n\n      <\/div>\n<\/div>\n          <\/div>\n\n  <\/div>\n\n  <\/div>\n<\/section>\n","protected":false},"excerpt":{"rendered":"","protected":false},"author":13,"featured_media":0,"parent":0,"menu_order":138,"comment_status":"closed","ping_status":"closed","template":"","meta":{"_acf_changed":false,"footnotes":""},"he-arc_domain":[154],"class_list":["post-35889","page","type-page","status-publish","hentry","he-arc_domain-he-arc-en"],"acf":[],"yoast_head":"<!-- This site is optimized with the Yoast SEO plugin v26.6 - https:\/\/yoast.com\/wordpress\/plugins\/seo\/ -->\n<title>Del\u00e9mont Campus - Haute-Ecole Arc<\/title>\n<meta name=\"robots\" content=\"index, follow, max-snippet:-1, max-image-preview:large, max-video-preview:-1\" \/>\n<link rel=\"canonical\" href=\"https:\/\/www.he-arc.ch\/en\/he-arc-en\/delemont-campus\/\" \/>\n<meta property=\"og:locale\" content=\"en_US\" \/>\n<meta property=\"og:type\" content=\"article\" \/>\n<meta property=\"og:title\" content=\"Del\u00e9mont Campus - Haute-Ecole Arc\" \/>\n<meta property=\"og:url\" content=\"https:\/\/www.he-arc.ch\/en\/he-arc-en\/delemont-campus\/\" \/>\n<meta property=\"og:site_name\" content=\"Haute-Ecole Arc\" \/>\n<meta property=\"article:modified_time\" content=\"2025-04-03T07:40:40+00:00\" \/>\n<meta name=\"twitter:card\" content=\"summary_large_image\" \/>\n<meta name=\"twitter:label1\" content=\"Est. reading time\" \/>\n\t<meta name=\"twitter:data1\" content=\"1 minute\" \/>\n<script type=\"application\/ld+json\" class=\"yoast-schema-graph\">{\"@context\":\"https:\/\/schema.org\",\"@graph\":[{\"@type\":\"WebPage\",\"@id\":\"https:\/\/www.he-arc.ch\/en\/he-arc-en\/delemont-campus\/\",\"url\":\"https:\/\/www.he-arc.ch\/en\/he-arc-en\/delemont-campus\/\",\"name\":\"Del\u00e9mont Campus - Haute-Ecole Arc\",\"isPartOf\":{\"@id\":\"https:\/\/www.he-arc.ch\/en\/#website\"},\"datePublished\":\"2021-09-28T06:10:56+00:00\",\"dateModified\":\"2025-04-03T07:40:40+00:00\",\"breadcrumb\":{\"@id\":\"https:\/\/www.he-arc.ch\/en\/he-arc-en\/delemont-campus\/#breadcrumb\"},\"inLanguage\":\"en-US\",\"potentialAction\":[{\"@type\":\"ReadAction\",\"target\":[\"https:\/\/www.he-arc.ch\/en\/he-arc-en\/delemont-campus\/\"]}]},{\"@type\":\"BreadcrumbList\",\"@id\":\"https:\/\/www.he-arc.ch\/en\/he-arc-en\/delemont-campus\/#breadcrumb\",\"itemListElement\":[{\"@type\":\"ListItem\",\"position\":1,\"name\":\"Accueil\",\"item\":\"https:\/\/www.he-arc.ch\/en\/\"},{\"@type\":\"ListItem\",\"position\":2,\"name\":\"Del\u00e9mont Campus\"}]},{\"@type\":\"WebSite\",\"@id\":\"https:\/\/www.he-arc.ch\/en\/#website\",\"url\":\"https:\/\/www.he-arc.ch\/en\/\",\"name\":\"Haute-Ecole Arc\",\"description\":\"Haute \u00e9cole sp\u00e9cialis\u00e9e Suisse. Gestion, Ing\u00e9nierie, Sant\u00e9, Conservation-\u200brestauration.\",\"publisher\":{\"@id\":\"https:\/\/www.he-arc.ch\/en\/#organization\"},\"potentialAction\":[{\"@type\":\"SearchAction\",\"target\":{\"@type\":\"EntryPoint\",\"urlTemplate\":\"https:\/\/www.he-arc.ch\/en\/?s={search_term_string}\"},\"query-input\":{\"@type\":\"PropertyValueSpecification\",\"valueRequired\":true,\"valueName\":\"search_term_string\"}}],\"inLanguage\":\"en-US\"},{\"@type\":\"Organization\",\"@id\":\"https:\/\/www.he-arc.ch\/en\/#organization\",\"name\":\"Haute Ecole Arc\",\"url\":\"https:\/\/www.he-arc.ch\/en\/\",\"logo\":{\"@type\":\"ImageObject\",\"inLanguage\":\"en-US\",\"@id\":\"https:\/\/www.he-arc.ch\/en\/#\/schema\/logo\/image\/\",\"url\":\"https:\/\/www.he-arc.ch\/wp-content\/uploads\/2022\/01\/logo-he-arc.svg\",\"contentUrl\":\"https:\/\/www.he-arc.ch\/wp-content\/uploads\/2022\/01\/logo-he-arc.svg\",\"width\":140,\"height\":42,\"caption\":\"Haute Ecole Arc\"},\"image\":{\"@id\":\"https:\/\/www.he-arc.ch\/en\/#\/schema\/logo\/image\/\"}}]}<\/script>\n<!-- \/ Yoast SEO plugin. -->","yoast_head_json":{"title":"Del\u00e9mont Campus - Haute-Ecole Arc","robots":{"index":"index","follow":"follow","max-snippet":"max-snippet:-1","max-image-preview":"max-image-preview:large","max-video-preview":"max-video-preview:-1"},"canonical":"https:\/\/www.he-arc.ch\/en\/he-arc-en\/delemont-campus\/","og_locale":"en_US","og_type":"article","og_title":"Del\u00e9mont Campus - Haute-Ecole Arc","og_url":"https:\/\/www.he-arc.ch\/en\/he-arc-en\/delemont-campus\/","og_site_name":"Haute-Ecole Arc","article_modified_time":"2025-04-03T07:40:40+00:00","twitter_card":"summary_large_image","twitter_misc":{"Est. reading time":"1 minute"},"schema":{"@context":"https:\/\/schema.org","@graph":[{"@type":"WebPage","@id":"https:\/\/www.he-arc.ch\/en\/he-arc-en\/delemont-campus\/","url":"https:\/\/www.he-arc.ch\/en\/he-arc-en\/delemont-campus\/","name":"Del\u00e9mont Campus - Haute-Ecole Arc","isPartOf":{"@id":"https:\/\/www.he-arc.ch\/en\/#website"},"datePublished":"2021-09-28T06:10:56+00:00","dateModified":"2025-04-03T07:40:40+00:00","breadcrumb":{"@id":"https:\/\/www.he-arc.ch\/en\/he-arc-en\/delemont-campus\/#breadcrumb"},"inLanguage":"en-US","potentialAction":[{"@type":"ReadAction","target":["https:\/\/www.he-arc.ch\/en\/he-arc-en\/delemont-campus\/"]}]},{"@type":"BreadcrumbList","@id":"https:\/\/www.he-arc.ch\/en\/he-arc-en\/delemont-campus\/#breadcrumb","itemListElement":[{"@type":"ListItem","position":1,"name":"Accueil","item":"https:\/\/www.he-arc.ch\/en\/"},{"@type":"ListItem","position":2,"name":"Del\u00e9mont Campus"}]},{"@type":"WebSite","@id":"https:\/\/www.he-arc.ch\/en\/#website","url":"https:\/\/www.he-arc.ch\/en\/","name":"Haute-Ecole Arc","description":"Haute \u00e9cole sp\u00e9cialis\u00e9e Suisse. Gestion, Ing\u00e9nierie, Sant\u00e9, Conservation-\u200brestauration.","publisher":{"@id":"https:\/\/www.he-arc.ch\/en\/#organization"},"potentialAction":[{"@type":"SearchAction","target":{"@type":"EntryPoint","urlTemplate":"https:\/\/www.he-arc.ch\/en\/?s={search_term_string}"},"query-input":{"@type":"PropertyValueSpecification","valueRequired":true,"valueName":"search_term_string"}}],"inLanguage":"en-US"},{"@type":"Organization","@id":"https:\/\/www.he-arc.ch\/en\/#organization","name":"Haute Ecole Arc","url":"https:\/\/www.he-arc.ch\/en\/","logo":{"@type":"ImageObject","inLanguage":"en-US","@id":"https:\/\/www.he-arc.ch\/en\/#\/schema\/logo\/image\/","url":"https:\/\/www.he-arc.ch\/wp-content\/uploads\/2022\/01\/logo-he-arc.svg","contentUrl":"https:\/\/www.he-arc.ch\/wp-content\/uploads\/2022\/01\/logo-he-arc.svg","width":140,"height":42,"caption":"Haute Ecole Arc"},"image":{"@id":"https:\/\/www.he-arc.ch\/en\/#\/schema\/logo\/image\/"}}]}},"_links":{"self":[{"href":"https:\/\/www.he-arc.ch\/en\/wp-json\/wp\/v2\/pages\/35889","targetHints":{"allow":["GET"]}}],"collection":[{"href":"https:\/\/www.he-arc.ch\/en\/wp-json\/wp\/v2\/pages"}],"about":[{"href":"https:\/\/www.he-arc.ch\/en\/wp-json\/wp\/v2\/types\/page"}],"author":[{"embeddable":true,"href":"https:\/\/www.he-arc.ch\/en\/wp-json\/wp\/v2\/users\/13"}],"replies":[{"embeddable":true,"href":"https:\/\/www.he-arc.ch\/en\/wp-json\/wp\/v2\/comments?post=35889"}],"version-history":[{"count":31,"href":"https:\/\/www.he-arc.ch\/en\/wp-json\/wp\/v2\/pages\/35889\/revisions"}],"predecessor-version":[{"id":44996,"href":"https:\/\/www.he-arc.ch\/en\/wp-json\/wp\/v2\/pages\/35889\/revisions\/44996"}],"wp:attachment":[{"href":"https:\/\/www.he-arc.ch\/en\/wp-json\/wp\/v2\/media?parent=35889"}],"wp:term":[{"taxonomy":"he-arc_domain","embeddable":true,"href":"https:\/\/www.he-arc.ch\/en\/wp-json\/wp\/v2\/he-arc_domain?post=35889"}],"curies":[{"name":"wp","href":"https:\/\/api.w.org\/{rel}","templated":true}]}}