{"id":35897,"date":"2021-09-28T08:40:15","date_gmt":"2021-09-28T06:40:15","guid":{"rendered":"https:\/\/www.he-arc.ch\/?p=35897"},"modified":"2025-07-24T15:56:39","modified_gmt":"2025-07-24T13:56:39","slug":"st-imier-site","status":"publish","type":"page","link":"https:\/\/www.he-arc.ch\/en\/he-arc-en\/st-imier-site\/","title":{"rendered":"St-Imier Site"},"content":{"rendered":"<header class=\"hero-section is-simple page-max is-wide\">\n  <div class=\"hero\">\n    <div class=\"hero-nav page-max\">\n      \n  <div class=\"breadcrumb hidden-print\">\n    <div class=\"breadcrumb-house\"><img decoding=\"async\" src=\"https:\/\/www.he-arc.ch\/wp-content\/themes\/he-arc\/static\/images\/icon-house.svg\" loading=\"lazy\" alt=\"\" height=\"12\"><\/div>\n    <a href=\"https:\/\/www.he-arc.ch\/en\/\" class=\"breadcrumb-link\">HE-Arc<\/a>\n    <div class=\"breadcrumb-bullet\"><\/div>\n\n          <a href=\"\/\/\" class=\"breadcrumb-link\"><\/a>\n      <div class=\"breadcrumb-bullet\"><\/div>\n    \n    \n              \n    \n    \n    \n    <span class=\"breadcrumb-link is-active pointer-none\">St-Imier Site<\/span>\n  <\/div>\n\n          <\/div>\n    <div class=\"hero-row is-simple page-max\">\n      <div>\n        <span class=\"hero__overline display-block\"><\/span>\n        <h1 class=\"hero__title is-small\">St-Imier Training and Research Site<\/h1>\n      <\/div>\n    <\/div>\n  <\/div>\n<\/header>\n\n\n<section class=\"page-section\">\n\n  <div class=\"page-menu--mobile is-shadowed--bold\">\n    <a href=\"#sidebar_contact\" class=\"btn-link border-none w-inline-block\">\n      <span class=\"btn-link__title is-goto\">Contact and Infos<\/span>\n    <\/a>\n  <\/div>\n\n  <div class=\"page-section__inner page-max\">\n\n    <div class=\"article__content is-with-aside\">\n\n      <div class=\"rich-text w-richtext\">\n                \n<div class=\"article__intro rich-text is-large w-richtext\">\n      <p>The building of the Parc Technologique de St-Imier (PTSI) is ideally located close to the Jura Arc companies, with which the third-year students and the Arc School of Engineering researchers collaborate with on a daily basis.<\/p>\n\n  <\/div>\n\n\n<div class=\"video-card-wrapper  is-not-contained \">\n                    <ul class=\"flex-row w-list-unstyled  \">\n                              <li class=\"size-full size-full-mobile\">\n              <a class=\"video-card is-shadowed js-open-video \" href=\"https:\/\/player.vimeo.com\/video\/652430044\">\n                <div class=\"image-wrapper--landscape\" style=\"background-image: url(https:\/\/www.he-arc.ch\/wp-content\/uploads\/2021\/12\/CampusPTSI.jpg)\">\n                  <div class=\"btn-play is-centered\">&nbsp;<\/div>\n                <\/div>\n                <div class=\"video-card__info\">\n                                    <h3 class=\"video-card__title\">St-Imier site (PTSI)<\/h3>\n                <\/div>\n              <\/a>\n            <\/li>\n                                          <\/ul>\n      <\/div>\n\n\n\n\n<p>The Arc School of Engineering serves an industry which is unique in the world, developing directly applicable and applied research and is always in direct contact with the regional economic and industrial fabric.<br>The results of this research constantly influence the teaching at Arc School of Engineering.<br>Through its training and research, it offers its partners a real technological monitoring platform for their innovations and developments.<\/p>\n\n\n\n<h3 class=\"wp-block-heading\">St-Imier training and research site<\/h3>\n\n\n\n<p>The St-Imier site has several classrooms, practical rooms and a clean room equipped with state-of-the-art measuring equipment. The site also has other infrastructure, such as :<\/p>\n\n\n\n<ul class=\"wp-block-list\">\n<li>Preparation and plastics workshops<\/li>\n\n\n\n<li>A dedicated library<\/li>\n\n\n\n<li>Catering areas with microwaves and a large terrace<\/li>\n\n\n\n<li>Workrooms equipped with computers<\/li>\n\n\n\n<li>Reprographic facilities<\/li>\n\n\n\n<li>Selective waste sorting points<\/li>\n\n\n\n<li>Solar panels providing energy for the building<\/li>\n\n\n\n<li>Outdoor parking<\/li>\n\n\n\n<li>Changing rooms with showers<\/li>\n\n\n\n<li>There is an electronic and payment solution and access system which is managed through the personal badge held by each student and staff member of the school.<\/li>\n<\/ul>\n\n\n\n<div class=\"full-quote\" id=\"full-quote-block_e1a0458a03ba8c44599dc6a8ae092150\">\n  <blockquote class=\"full-quote__body\">\n    Covering 3500 square metres, the PTSI houses several research groups directly linked to the industrial needs of the Jura Arc.\n  <\/blockquote>\n  <\/div>\n\n\n\n<p>Renovated in 2020, the building on the St-Imier site houses some of the <a href=\"https:\/\/www.he-arc.ch\/en\/engineering\/research-groups\/\">research groups in the Engineering sector<\/a>:<\/p>\n\n\n\n<ul class=\"wp-block-list\">\n<li><a href=\"https:\/\/www.he-arc.ch\/en\/engineering\/research-groups\/production-equipment-design\/\">Production Equipment Design<\/a><\/li>\n\n\n\n<li><a href=\"https:\/\/www.he-arc.ch\/en\/engineering\/research-groups\/metrology-and-industrial-vision\/\">Metrology And Industrial Vision<\/a><\/li>\n\n\n\n<li><a href=\"https:\/\/www.he-arc.ch\/en\/engineering\/research-groups\/embedded-computing-systems\/\">Embedded-Computing Systems<\/a><\/li>\n\n\n\n<li><a href=\"https:\/\/www.he-arc.ch\/en\/engineering\/research-groups\/interaction-technologies\/\">Interaction Technologies<\/a><\/li>\n\n\n\n<li><a href=\"https:\/\/www.he-arc.ch\/en\/engineering\/research-groups\/data-analytics\/\">Data Analytics<\/a><\/li>\n\n\n\n<li><a href=\"https:\/\/www.he-arc.ch\/en\/engineering\/research-groups\/imaging\/\">Imaging<\/a><\/li>\n<\/ul>\n\n\n\n<p>The PTSI also houses the  <a href=\"https:\/\/www.tornos.com\/fr\/content\/tornos-research-center\" target=\"_blank\" rel=\"noreferrer noopener\">Tornos Research Center<\/a>, <a href=\"https:\/\/arcm.ch\/\" target=\"_blank\" rel=\"noreferrer noopener\">ARCM <\/a>and the <a href=\"https:\/\/microleanlab.ch\/\" target=\"_blank\" rel=\"noreferrer noopener\">MicroLean Lab.<\/a><\/p>\n\n\n            <\/div>\n\n    <\/div>\n\n    <div class=\"article__aside w-100p\" id=\"sidebar_contact\">\n\n  <aside class=\"page-section__aside\">\n      <nav class=\"page-menu hidden-print is-shadowed--bold mt-1  w-list-unstyled\" aria-label=\"Raccourcis sur la page\">\n        <span class=\"page-menu__heading mt-0\">Nos campus<\/span>\n                    \n            <a href=\"https:\/\/www.he-arc.ch\/en\/he-arc-en\/neuchatel-campus\/\"  class=\"btn-link  is-with-arrow \">\n        <span class=\"simple-link no-decoration\">Neuch\u00e2tel Campus<\/span>\n      <\/a>\n                      \n            <a href=\"https:\/\/www.he-arc.ch\/en\/he-arc-en\/delemont-campus\/\"  class=\"btn-link  is-with-arrow \">\n        <span class=\"simple-link no-decoration\">Del\u00e9mont Campus<\/span>\n      <\/a>\n                      \n            <a href=\"https:\/\/www.he-arc.ch\/en\/he-arc-en\/st-imier-site\/\"  class=\"btn-link is-current is-with-arrow \">\n        <span class=\"simple-link no-decoration\">St-Imier Site<\/span>\n      <\/a>\n                      \n            <a href=\"https:\/\/www.he-arc.ch\/en\/he-arc-en\/neuchatel-mountains-sites\/\"  class=\"btn-link  is-with-arrow border-none\">\n        <span class=\"simple-link no-decoration\">Neuch\u00e2tel Mountain Sites<\/span>\n      <\/a>\n            <\/nav>\n  <\/aside>\n\n      <div class=\"mt-4 w-100p\">\n              <h4 class=\"link-list__title\"><\/h4>\n        \n<div id=\"contact-card-block_fd8bc8b93047251f2887cb846d56ea9f\" class=\"contact-card is-shadowed  is-not-contained\">\n  <div class=\"contact-card__inner\">\n                <div class=\"contact-entry mb-1\">\n        Arc School of Engineering\n      <\/div>\n                      <div class=\"contact-entry mb-1\">\n        Rue de la Serre 7\n      <\/div>\n                      <div class=\"contact-entry mb-1\">\n        2610 St-Imier\n      <\/div>\n                      <div class=\"contact-entry mb-1\">\n        <a href=\"tel:+41329302214\"  class=\"simple-link contact-entry mb-1\">+41 32 930 22 14<\/a>\n      <\/div>\n                      <div class=\"contact-entry \">\n        <a href=\"https:\/\/www.google.com\/maps\/place\/Haute+Ecole+Arc+Ing%C3%A9nierie+Saint-Imier\/@47.1549751,7.0005614,17z\/data=!3m1!4b1!4m12!1m6!3m5!1s0x478e06d571e24fa9:0x71141de0aaf42fd9!2sHaute+Ecole+Arc+Ing%C3%A9nierie+Saint-Imier!8m2!3d47.1549751!4d7.0027501!3m4!1s0x478e06d571e24fa9:0x71141de0aaf42fd9!8m2!3d47.1549751!4d7.0027501?hl=fr\"  class=\"simple-link contact-entry mb-1\">Map<\/a>\n      <\/div>\n            <\/div>\n<\/div>\n          <\/div>\n\n      <div class=\"mt-4 w-100p\">\n              <h4 class=\"link-list__title\"><\/h4>\n        <div id=\"cta-card-block_fd8bc8b93047251f2887cb846d56ea9f\" class=\"contact-card is-shadowed  is-not-contained\">\n  <div class=\"contact-card__inner\">\n    <div class=\"contact-entry\">\n      <a href=\"https:\/\/www.he-arc.ch\/he-arc\/contacts\/\"  class=\"simple-link is-large contact-entry mb-1\">Contacts<\/a>\n    <\/div>\n  <\/div>\n<\/div>\n          <\/div>\n\n      <div class=\"mt-4 w-100p\">\n              <div id=\"download-links-block_fd8bc8b93047251f2887cb846d56ea9f\" class=\"\">\n  <div class=\"link-list\">\n\n        <h4 class=\"link-list__title\">Useful links<\/h4>\n    \n    \n      <div class=\"link-list__item\">\n\t            <a href=\"https:\/\/www.he-arc.ch\/en\/he-arc-en\/libraries\/\" class=\"simple-link\" >\n          Libraries\n        <\/a>\n            <\/div>\n\n    \n      <div class=\"link-list__item\">\n\t            <a href=\"https:\/\/www.he-arc.ch\/en\/he-arc-en\/accomodation\/\" class=\"simple-link\" >\n          Accomodation\n        <\/a>\n            <\/div>\n\n      <\/div>\n<\/div>\n          <\/div>\n\n  <\/div>\n\n  <\/div>\n<\/section>\n","protected":false},"excerpt":{"rendered":"","protected":false},"author":13,"featured_media":0,"parent":0,"menu_order":279,"comment_status":"closed","ping_status":"closed","template":"","meta":{"_acf_changed":false,"footnotes":""},"he-arc_domain":[154],"class_list":["post-35897","page","type-page","status-publish","hentry","he-arc_domain-he-arc-en"],"acf":[],"yoast_head":"<!-- This site is optimized with the Yoast SEO plugin v26.6 - https:\/\/yoast.com\/wordpress\/plugins\/seo\/ -->\n<title>St-Imier Site - Haute-Ecole Arc<\/title>\n<meta name=\"robots\" content=\"index, follow, max-snippet:-1, max-image-preview:large, max-video-preview:-1\" \/>\n<link rel=\"canonical\" href=\"https:\/\/www.he-arc.ch\/en\/he-arc-en\/st-imier-site\/\" \/>\n<meta property=\"og:locale\" content=\"en_US\" \/>\n<meta property=\"og:type\" content=\"article\" \/>\n<meta property=\"og:title\" content=\"St-Imier Site - Haute-Ecole Arc\" \/>\n<meta property=\"og:url\" content=\"https:\/\/www.he-arc.ch\/en\/he-arc-en\/st-imier-site\/\" \/>\n<meta property=\"og:site_name\" content=\"Haute-Ecole Arc\" \/>\n<meta property=\"article:modified_time\" content=\"2025-07-24T13:56:39+00:00\" \/>\n<meta name=\"twitter:card\" content=\"summary_large_image\" \/>\n<meta name=\"twitter:label1\" content=\"Est. reading time\" \/>\n\t<meta name=\"twitter:data1\" content=\"2 minutes\" \/>\n<script type=\"application\/ld+json\" class=\"yoast-schema-graph\">{\"@context\":\"https:\/\/schema.org\",\"@graph\":[{\"@type\":\"WebPage\",\"@id\":\"https:\/\/www.he-arc.ch\/en\/he-arc-en\/st-imier-site\/\",\"url\":\"https:\/\/www.he-arc.ch\/en\/he-arc-en\/st-imier-site\/\",\"name\":\"St-Imier Site - Haute-Ecole Arc\",\"isPartOf\":{\"@id\":\"https:\/\/www.he-arc.ch\/en\/#website\"},\"datePublished\":\"2021-09-28T06:40:15+00:00\",\"dateModified\":\"2025-07-24T13:56:39+00:00\",\"breadcrumb\":{\"@id\":\"https:\/\/www.he-arc.ch\/en\/he-arc-en\/st-imier-site\/#breadcrumb\"},\"inLanguage\":\"en-US\",\"potentialAction\":[{\"@type\":\"ReadAction\",\"target\":[\"https:\/\/www.he-arc.ch\/en\/he-arc-en\/st-imier-site\/\"]}]},{\"@type\":\"BreadcrumbList\",\"@id\":\"https:\/\/www.he-arc.ch\/en\/he-arc-en\/st-imier-site\/#breadcrumb\",\"itemListElement\":[{\"@type\":\"ListItem\",\"position\":1,\"name\":\"Accueil\",\"item\":\"https:\/\/www.he-arc.ch\/en\/\"},{\"@type\":\"ListItem\",\"position\":2,\"name\":\"St-Imier Site\"}]},{\"@type\":\"WebSite\",\"@id\":\"https:\/\/www.he-arc.ch\/en\/#website\",\"url\":\"https:\/\/www.he-arc.ch\/en\/\",\"name\":\"Haute-Ecole Arc\",\"description\":\"Haute \u00e9cole sp\u00e9cialis\u00e9e Suisse. Gestion, Ing\u00e9nierie, Sant\u00e9, Conservation-\u200brestauration.\",\"publisher\":{\"@id\":\"https:\/\/www.he-arc.ch\/en\/#organization\"},\"potentialAction\":[{\"@type\":\"SearchAction\",\"target\":{\"@type\":\"EntryPoint\",\"urlTemplate\":\"https:\/\/www.he-arc.ch\/en\/?s={search_term_string}\"},\"query-input\":{\"@type\":\"PropertyValueSpecification\",\"valueRequired\":true,\"valueName\":\"search_term_string\"}}],\"inLanguage\":\"en-US\"},{\"@type\":\"Organization\",\"@id\":\"https:\/\/www.he-arc.ch\/en\/#organization\",\"name\":\"Haute Ecole Arc\",\"url\":\"https:\/\/www.he-arc.ch\/en\/\",\"logo\":{\"@type\":\"ImageObject\",\"inLanguage\":\"en-US\",\"@id\":\"https:\/\/www.he-arc.ch\/en\/#\/schema\/logo\/image\/\",\"url\":\"https:\/\/www.he-arc.ch\/wp-content\/uploads\/2022\/01\/logo-he-arc.svg\",\"contentUrl\":\"https:\/\/www.he-arc.ch\/wp-content\/uploads\/2022\/01\/logo-he-arc.svg\",\"width\":140,\"height\":42,\"caption\":\"Haute Ecole Arc\"},\"image\":{\"@id\":\"https:\/\/www.he-arc.ch\/en\/#\/schema\/logo\/image\/\"}}]}<\/script>\n<!-- \/ Yoast SEO plugin. -->","yoast_head_json":{"title":"St-Imier Site - Haute-Ecole Arc","robots":{"index":"index","follow":"follow","max-snippet":"max-snippet:-1","max-image-preview":"max-image-preview:large","max-video-preview":"max-video-preview:-1"},"canonical":"https:\/\/www.he-arc.ch\/en\/he-arc-en\/st-imier-site\/","og_locale":"en_US","og_type":"article","og_title":"St-Imier Site - Haute-Ecole Arc","og_url":"https:\/\/www.he-arc.ch\/en\/he-arc-en\/st-imier-site\/","og_site_name":"Haute-Ecole Arc","article_modified_time":"2025-07-24T13:56:39+00:00","twitter_card":"summary_large_image","twitter_misc":{"Est. reading time":"2 minutes"},"schema":{"@context":"https:\/\/schema.org","@graph":[{"@type":"WebPage","@id":"https:\/\/www.he-arc.ch\/en\/he-arc-en\/st-imier-site\/","url":"https:\/\/www.he-arc.ch\/en\/he-arc-en\/st-imier-site\/","name":"St-Imier Site - Haute-Ecole Arc","isPartOf":{"@id":"https:\/\/www.he-arc.ch\/en\/#website"},"datePublished":"2021-09-28T06:40:15+00:00","dateModified":"2025-07-24T13:56:39+00:00","breadcrumb":{"@id":"https:\/\/www.he-arc.ch\/en\/he-arc-en\/st-imier-site\/#breadcrumb"},"inLanguage":"en-US","potentialAction":[{"@type":"ReadAction","target":["https:\/\/www.he-arc.ch\/en\/he-arc-en\/st-imier-site\/"]}]},{"@type":"BreadcrumbList","@id":"https:\/\/www.he-arc.ch\/en\/he-arc-en\/st-imier-site\/#breadcrumb","itemListElement":[{"@type":"ListItem","position":1,"name":"Accueil","item":"https:\/\/www.he-arc.ch\/en\/"},{"@type":"ListItem","position":2,"name":"St-Imier Site"}]},{"@type":"WebSite","@id":"https:\/\/www.he-arc.ch\/en\/#website","url":"https:\/\/www.he-arc.ch\/en\/","name":"Haute-Ecole Arc","description":"Haute \u00e9cole sp\u00e9cialis\u00e9e Suisse. Gestion, Ing\u00e9nierie, Sant\u00e9, Conservation-\u200brestauration.","publisher":{"@id":"https:\/\/www.he-arc.ch\/en\/#organization"},"potentialAction":[{"@type":"SearchAction","target":{"@type":"EntryPoint","urlTemplate":"https:\/\/www.he-arc.ch\/en\/?s={search_term_string}"},"query-input":{"@type":"PropertyValueSpecification","valueRequired":true,"valueName":"search_term_string"}}],"inLanguage":"en-US"},{"@type":"Organization","@id":"https:\/\/www.he-arc.ch\/en\/#organization","name":"Haute Ecole Arc","url":"https:\/\/www.he-arc.ch\/en\/","logo":{"@type":"ImageObject","inLanguage":"en-US","@id":"https:\/\/www.he-arc.ch\/en\/#\/schema\/logo\/image\/","url":"https:\/\/www.he-arc.ch\/wp-content\/uploads\/2022\/01\/logo-he-arc.svg","contentUrl":"https:\/\/www.he-arc.ch\/wp-content\/uploads\/2022\/01\/logo-he-arc.svg","width":140,"height":42,"caption":"Haute Ecole Arc"},"image":{"@id":"https:\/\/www.he-arc.ch\/en\/#\/schema\/logo\/image\/"}}]}},"_links":{"self":[{"href":"https:\/\/www.he-arc.ch\/en\/wp-json\/wp\/v2\/pages\/35897","targetHints":{"allow":["GET"]}}],"collection":[{"href":"https:\/\/www.he-arc.ch\/en\/wp-json\/wp\/v2\/pages"}],"about":[{"href":"https:\/\/www.he-arc.ch\/en\/wp-json\/wp\/v2\/types\/page"}],"author":[{"embeddable":true,"href":"https:\/\/www.he-arc.ch\/en\/wp-json\/wp\/v2\/users\/13"}],"replies":[{"embeddable":true,"href":"https:\/\/www.he-arc.ch\/en\/wp-json\/wp\/v2\/comments?post=35897"}],"version-history":[{"count":45,"href":"https:\/\/www.he-arc.ch\/en\/wp-json\/wp\/v2\/pages\/35897\/revisions"}],"predecessor-version":[{"id":70851,"href":"https:\/\/www.he-arc.ch\/en\/wp-json\/wp\/v2\/pages\/35897\/revisions\/70851"}],"wp:attachment":[{"href":"https:\/\/www.he-arc.ch\/en\/wp-json\/wp\/v2\/media?parent=35897"}],"wp:term":[{"taxonomy":"he-arc_domain","embeddable":true,"href":"https:\/\/www.he-arc.ch\/en\/wp-json\/wp\/v2\/he-arc_domain?post=35897"}],"curies":[{"name":"wp","href":"https:\/\/api.w.org\/{rel}","templated":true}]}}