{"id":36045,"date":"2021-08-31T14:39:38","date_gmt":"2021-08-31T12:39:38","guid":{"rendered":"https:\/\/www.he-arc.ch\/?p=36045"},"modified":"2025-04-03T09:42:00","modified_gmt":"2025-04-03T07:42:00","slug":"portrait","status":"publish","type":"page","link":"https:\/\/www.he-arc.ch\/en\/he-arc-en\/portrait\/","title":{"rendered":"Portrait"},"content":{"rendered":"<header class=\"hero-section is-simple page-max is-wide\">\n  <div class=\"hero\">\n    <div class=\"hero-nav page-max\">\n      \n  <div class=\"breadcrumb hidden-print\">\n    <div class=\"breadcrumb-house\"><img decoding=\"async\" src=\"https:\/\/www.he-arc.ch\/wp-content\/themes\/he-arc\/static\/images\/icon-house.svg\" loading=\"lazy\" alt=\"\" height=\"12\"><\/div>\n    <a href=\"https:\/\/www.he-arc.ch\/en\/\" class=\"breadcrumb-link\">HE-Arc<\/a>\n    <div class=\"breadcrumb-bullet\"><\/div>\n\n          <a href=\"\/\/\" class=\"breadcrumb-link\"><\/a>\n      <div class=\"breadcrumb-bullet\"><\/div>\n    \n    \n              \n    \n    \n    \n    <span class=\"breadcrumb-link is-active pointer-none\">Portrait<\/span>\n  <\/div>\n\n          <\/div>\n    <div class=\"hero-row is-simple page-max\">\n      <div>\n        <span class=\"hero__overline display-block\"><\/span>\n        <h1 class=\"hero__title is-small\">Portrait of the HE-Arc<\/h1>\n      <\/div>\n    <\/div>\n  <\/div>\n<\/header>\n\n\n<section class=\"page-section\">\n\n  <div class=\"page-menu--mobile is-shadowed--bold\">\n    <a href=\"#sidebar_contact\" class=\"btn-link border-none w-inline-block\">\n      <span class=\"btn-link__title is-goto\">Contact and Infos<\/span>\n    <\/a>\n  <\/div>\n\n  <div class=\"page-section__inner page-max\">\n\n    <div class=\"article__content is-with-aside\">\n\n      <div class=\"rich-text w-richtext\">\n                \n<div class=\"article__intro rich-text is-large w-richtext\">\n      <p class=\"p1\">Since 2004, the Haute Ecole Arc has been the UAS-level University of Applied Sciences in the Jura Arc. Annually, it trains nearly 3,000 students for Bachelor&#8217;s and Master&#8217;s Degrees, as well as, in postgraduate and further education.<\/p>\n\n  <\/div>\n\n\n\n<figure class=\"wp-block-image size-large is-style-default\"><img decoding=\"async\" width=\"1024\" height=\"574\" src=\"https:\/\/www.he-arc.ch\/wp-content\/uploads\/2022\/07\/PortraitQuatreEtudiantsRA21-1024x574.jpg\" alt=\"\" class=\"wp-image-34751\" srcset=\"https:\/\/www.he-arc.ch\/wp-content\/uploads\/2022\/07\/PortraitQuatreEtudiantsRA21-1024x574.jpg 1024w, https:\/\/www.he-arc.ch\/wp-content\/uploads\/2022\/07\/PortraitQuatreEtudiantsRA21-300x168.jpg 300w, https:\/\/www.he-arc.ch\/wp-content\/uploads\/2022\/07\/PortraitQuatreEtudiantsRA21-768x431.jpg 768w, https:\/\/www.he-arc.ch\/wp-content\/uploads\/2022\/07\/PortraitQuatreEtudiantsRA21.jpg 1116w\" sizes=\"(max-width: 1024px) 100vw, 1024px\" \/><figcaption class=\"wp-element-caption\">The Haute Ecole Arc has four fields, conservation,<br>management, engineering and health.<\/figcaption><\/figure>\n\n\n\n<h2 class=\"wp-block-heading\" id=\"title1\">Portrait<\/h2>\n\n\n\n<h3 class=\"wp-block-heading\">A strong regional base<\/h3>\n\n\n\n<p>The Haute Ecole Arc is an institution of professional education at the tertiary university level. It is part of the University of Applied Sciences of Western Switzerland (HES-SO).<br>The HE-Arc brings together schools with a long history under a single label. It pursues its missions of education, research and the intensification of its national and international relations with a view to sustainable development, in the interest of present and future generations.<br>Today, it offers nine Bachelor Degrees in Science, a Bachelor&#8217;s Degree in Art, as well as, the propaedeutic year in Health on its campuses in Neuch\u00e2tel and Del\u00e9mont. As the only tri-cantonal school in the French-speaking region of Switzerland, the HE-Arc completes its educational offer with a large number of postgraduate courses such as CAS, DAS and MAS, as well as, a multitude of further education for the general public or tailormade courses.<\/p>\n\n\n\n<div class=\"mb-2-5 \">\n    <div id=\"accordion-block_318375ec00de376ca8cffd302896c544\"\n      class=\" accordion-item collapsed is-shadowed is-compact\"\n      data-toggle=\"collapse\" data-target=\"#accordion-pane-block_318375ec00de376ca8cffd302896c544\">\n    <div class=\"accordion-item__heading\">\n      <h2 class=\"accordion-item__title  is-small\">Some key figures (in French)<\/h2>\n    <\/div>\n    <span class=\"accordion-item__toggle hidden-print collapsed w-inline-block\">\n      <span class=\"plus-bar-1\"><\/span>\n      <span class=\"plus-bar-2\"><\/span>\n    <\/span>\n  <\/div>\n\n  <div id=\"accordion-pane-block_318375ec00de376ca8cffd302896c544\" class=\"accordion-pane show-print collapse \">\n    <div class=\"rich-text mt-2 w-richtext\">\n\n      \n\n<figure class=\"wp-block-image size-full\"><img decoding=\"async\" width=\"600\" height=\"729\" src=\"https:\/\/www.he-arc.ch\/wp-content\/uploads\/2022\/07\/PortraitChiffresCles.png\" alt=\"\" class=\"wp-image-34750\" srcset=\"https:\/\/www.he-arc.ch\/wp-content\/uploads\/2022\/07\/PortraitChiffresCles.png 600w, https:\/\/www.he-arc.ch\/wp-content\/uploads\/2022\/07\/PortraitChiffresCles-247x300.png 247w\" sizes=\"(max-width: 600px) 100vw, 600px\" \/><\/figure>\n\n\n    <\/div>\n  <\/div>\n<\/div>\n\n\n\n<p>Over the years, the HE-Arc has succeeded in establishing itself as the University of Applied Sciences of the Jura Arc. After the construction of its two campuses, the HE-Arc established research sites close to the industrial environment. It also created new courses of study for further education, research and international mobility. Indeed, new challenges lie ahead and its regional anchorage will continue to intensify while taking its place and position at the national and international level.<br>The Haute Ecole Arc benefits from its integration within the HES-SO to increase its potential competences, however cooperates well beyond the French-speaking part of Switzerland, without neglecting the local level which remains essential, in particular by maintaining and developing its links with other regional institutions such as: the University of Neuch\u00e2tel, the HEP BEJUNE, the Berner Fachhochschule, the vocational schools, the CSEM, the local branch of the EPFL.<\/p>\n\n\n\n<div class=\"full-quote\" id=\"full-quote-block_d4a3b6b5e7e02d9f3692219a6f6a07eb\">\n  <blockquote class=\"full-quote__body\">\n    The major characteristic of the Haute Ecole Arc is that it responds directly to regional needs by offering courses of study and research which are very much in line with the economic and social sectors of the Jura Arc.\n  <\/blockquote>\n  <\/div>\n\n\n\n<p>As a training school at the UAS level, its mission is to provide university-level skills which are directly relevant to the chosen profession. The HE-Arc continues to strive for excellence thanks to its teaching staff and its quality researchers who are professionals and who know their field. However, aiming for excellence is the objective set by all university institutions, therefore the Haute Ecole Arc intends to develop other assets.<\/p>\n\n\n            <\/div>\n\n    <\/div>\n\n    <div class=\"article__aside w-100p\" id=\"sidebar_contact\">\n\n  <aside class=\"page-section__aside\">\n      <nav class=\"page-menu hidden-print is-shadowed--bold mt-1  w-list-unstyled\" aria-label=\"Raccourcis sur la page\">\n        <span class=\"page-menu__heading mt-0\">Why HE-Arc?<\/span>\n                    \n            <a href=\"https:\/\/www.he-arc.ch\/en\/he-arc-en\/portrait\/\"  class=\"btn-link is-current is-with-arrow \">\n        <span class=\"simple-link no-decoration\">Portrait<\/span>\n      <\/a>\n                      \n            <a href=\"https:\/\/www.he-arc.ch\/en\/he-arc-en\/missions-and-values\/\"  class=\"btn-link  is-with-arrow \">\n        <span class=\"simple-link no-decoration\">Missions and values<\/span>\n      <\/a>\n                      \n            <a href=\"https:\/\/www.he-arc.ch\/en\/he-arc-en\/equality-and-diversity\/\"  class=\"btn-link  is-with-arrow \">\n        <span class=\"simple-link no-decoration\">Equality &#038; Diversity<\/span>\n      <\/a>\n                      \n            <a href=\"https:\/\/www.he-arc.ch\/en\/he-arc-en\/sustainability\/\"  class=\"btn-link  is-with-arrow border-none\">\n        <span class=\"simple-link no-decoration\">Sustainability<\/span>\n      <\/a>\n            <\/nav>\n  <\/aside>\n\n      <div class=\"mt-4 w-100p\">\n              <h4 class=\"link-list__title\">Documents<\/h4>\n        <div id=\"cta-card-block_f447faf925a7073fde723a6e7fcb8cf7\" class=\"contact-card is-shadowed  is-not-contained\">\n  <div class=\"contact-card__inner\">\n    <div class=\"contact-entry\">\n      <a href=\"https:\/\/www.he-arc.ch\/publications\/rapport-dactivite-he-arc-2021\/\"  class=\"simple-link is-large contact-entry mb-1\">Read the activity report (in French)<\/a>\n    <\/div>\n  <\/div>\n<\/div>\n          <\/div>\n\n  <\/div>\n\n  <\/div>\n<\/section>\n","protected":false},"excerpt":{"rendered":"","protected":false},"author":13,"featured_media":30315,"parent":0,"menu_order":265,"comment_status":"closed","ping_status":"closed","template":"","meta":{"_acf_changed":false,"footnotes":""},"he-arc_domain":[154],"class_list":["post-36045","page","type-page","status-publish","has-post-thumbnail","hentry","he-arc_domain-he-arc-en"],"acf":[],"yoast_head":"<!-- This site is optimized with the Yoast SEO plugin v26.6 - https:\/\/yoast.com\/wordpress\/plugins\/seo\/ -->\n<title>Portrait - Haute-Ecole Arc<\/title>\n<meta name=\"description\" content=\"Portrait de la Haute Ecole Arc, de son histoire, de son offre de formation, de son ancrage r\u00e9gional et de ses caract\u00e9ristiques majeures.\" \/>\n<meta name=\"robots\" content=\"index, follow, max-snippet:-1, max-image-preview:large, max-video-preview:-1\" \/>\n<link rel=\"canonical\" href=\"https:\/\/www.he-arc.ch\/en\/he-arc-en\/portrait\/\" \/>\n<meta property=\"og:locale\" content=\"en_US\" \/>\n<meta property=\"og:type\" content=\"article\" \/>\n<meta property=\"og:title\" content=\"Portrait - Haute-Ecole Arc\" \/>\n<meta property=\"og:description\" content=\"Portrait de la Haute Ecole Arc, de son histoire, de son offre de formation, de son ancrage r\u00e9gional et de ses caract\u00e9ristiques majeures.\" \/>\n<meta property=\"og:url\" content=\"https:\/\/www.he-arc.ch\/en\/he-arc-en\/portrait\/\" \/>\n<meta property=\"og:site_name\" content=\"Haute-Ecole Arc\" \/>\n<meta property=\"article:modified_time\" content=\"2025-04-03T07:42:00+00:00\" \/>\n<meta property=\"og:image\" content=\"https:\/\/www.he-arc.ch\/wp-content\/uploads\/2021\/08\/gabriel-beaudry-WuQME0I_oZA-unsplash-scaled.jpg\" \/>\n\t<meta property=\"og:image:width\" content=\"2560\" \/>\n\t<meta property=\"og:image:height\" content=\"1707\" \/>\n\t<meta property=\"og:image:type\" content=\"image\/jpeg\" \/>\n<meta name=\"twitter:card\" content=\"summary_large_image\" \/>\n<meta name=\"twitter:label1\" content=\"Est. reading time\" \/>\n\t<meta name=\"twitter:data1\" content=\"3 minutes\" \/>\n<script type=\"application\/ld+json\" class=\"yoast-schema-graph\">{\"@context\":\"https:\/\/schema.org\",\"@graph\":[{\"@type\":\"WebPage\",\"@id\":\"https:\/\/www.he-arc.ch\/en\/he-arc-en\/portrait\/\",\"url\":\"https:\/\/www.he-arc.ch\/en\/he-arc-en\/portrait\/\",\"name\":\"Portrait - Haute-Ecole Arc\",\"isPartOf\":{\"@id\":\"https:\/\/www.he-arc.ch\/en\/#website\"},\"primaryImageOfPage\":{\"@id\":\"https:\/\/www.he-arc.ch\/en\/he-arc-en\/portrait\/#primaryimage\"},\"image\":{\"@id\":\"https:\/\/www.he-arc.ch\/en\/he-arc-en\/portrait\/#primaryimage\"},\"thumbnailUrl\":\"https:\/\/www.he-arc.ch\/wp-content\/uploads\/2021\/08\/gabriel-beaudry-WuQME0I_oZA-unsplash-scaled.jpg\",\"datePublished\":\"2021-08-31T12:39:38+00:00\",\"dateModified\":\"2025-04-03T07:42:00+00:00\",\"description\":\"Portrait de la Haute Ecole Arc, de son histoire, de son offre de formation, de son ancrage r\u00e9gional et de ses caract\u00e9ristiques majeures.\",\"breadcrumb\":{\"@id\":\"https:\/\/www.he-arc.ch\/en\/he-arc-en\/portrait\/#breadcrumb\"},\"inLanguage\":\"en-US\",\"potentialAction\":[{\"@type\":\"ReadAction\",\"target\":[\"https:\/\/www.he-arc.ch\/en\/he-arc-en\/portrait\/\"]}]},{\"@type\":\"ImageObject\",\"inLanguage\":\"en-US\",\"@id\":\"https:\/\/www.he-arc.ch\/en\/he-arc-en\/portrait\/#primaryimage\",\"url\":\"https:\/\/www.he-arc.ch\/wp-content\/uploads\/2021\/08\/gabriel-beaudry-WuQME0I_oZA-unsplash-scaled.jpg\",\"contentUrl\":\"https:\/\/www.he-arc.ch\/wp-content\/uploads\/2021\/08\/gabriel-beaudry-WuQME0I_oZA-unsplash-scaled.jpg\",\"width\":2560,\"height\":1707},{\"@type\":\"BreadcrumbList\",\"@id\":\"https:\/\/www.he-arc.ch\/en\/he-arc-en\/portrait\/#breadcrumb\",\"itemListElement\":[{\"@type\":\"ListItem\",\"position\":1,\"name\":\"Accueil\",\"item\":\"https:\/\/www.he-arc.ch\/en\/\"},{\"@type\":\"ListItem\",\"position\":2,\"name\":\"Portrait\"}]},{\"@type\":\"WebSite\",\"@id\":\"https:\/\/www.he-arc.ch\/en\/#website\",\"url\":\"https:\/\/www.he-arc.ch\/en\/\",\"name\":\"Haute-Ecole Arc\",\"description\":\"Haute \u00e9cole sp\u00e9cialis\u00e9e Suisse. Gestion, Ing\u00e9nierie, Sant\u00e9, Conservation-\u200brestauration.\",\"publisher\":{\"@id\":\"https:\/\/www.he-arc.ch\/en\/#organization\"},\"potentialAction\":[{\"@type\":\"SearchAction\",\"target\":{\"@type\":\"EntryPoint\",\"urlTemplate\":\"https:\/\/www.he-arc.ch\/en\/?s={search_term_string}\"},\"query-input\":{\"@type\":\"PropertyValueSpecification\",\"valueRequired\":true,\"valueName\":\"search_term_string\"}}],\"inLanguage\":\"en-US\"},{\"@type\":\"Organization\",\"@id\":\"https:\/\/www.he-arc.ch\/en\/#organization\",\"name\":\"Haute Ecole Arc\",\"url\":\"https:\/\/www.he-arc.ch\/en\/\",\"logo\":{\"@type\":\"ImageObject\",\"inLanguage\":\"en-US\",\"@id\":\"https:\/\/www.he-arc.ch\/en\/#\/schema\/logo\/image\/\",\"url\":\"https:\/\/www.he-arc.ch\/wp-content\/uploads\/2022\/01\/logo-he-arc.svg\",\"contentUrl\":\"https:\/\/www.he-arc.ch\/wp-content\/uploads\/2022\/01\/logo-he-arc.svg\",\"width\":140,\"height\":42,\"caption\":\"Haute Ecole Arc\"},\"image\":{\"@id\":\"https:\/\/www.he-arc.ch\/en\/#\/schema\/logo\/image\/\"}}]}<\/script>\n<!-- \/ Yoast SEO plugin. -->","yoast_head_json":{"title":"Portrait - Haute-Ecole Arc","description":"Portrait de la Haute Ecole Arc, de son histoire, de son offre de formation, de son ancrage r\u00e9gional et de ses caract\u00e9ristiques majeures.","robots":{"index":"index","follow":"follow","max-snippet":"max-snippet:-1","max-image-preview":"max-image-preview:large","max-video-preview":"max-video-preview:-1"},"canonical":"https:\/\/www.he-arc.ch\/en\/he-arc-en\/portrait\/","og_locale":"en_US","og_type":"article","og_title":"Portrait - Haute-Ecole Arc","og_description":"Portrait de la Haute Ecole Arc, de son histoire, de son offre de formation, de son ancrage r\u00e9gional et de ses caract\u00e9ristiques majeures.","og_url":"https:\/\/www.he-arc.ch\/en\/he-arc-en\/portrait\/","og_site_name":"Haute-Ecole Arc","article_modified_time":"2025-04-03T07:42:00+00:00","og_image":[{"width":2560,"height":1707,"url":"https:\/\/www.he-arc.ch\/wp-content\/uploads\/2021\/08\/gabriel-beaudry-WuQME0I_oZA-unsplash-scaled.jpg","type":"image\/jpeg"}],"twitter_card":"summary_large_image","twitter_misc":{"Est. reading time":"3 minutes"},"schema":{"@context":"https:\/\/schema.org","@graph":[{"@type":"WebPage","@id":"https:\/\/www.he-arc.ch\/en\/he-arc-en\/portrait\/","url":"https:\/\/www.he-arc.ch\/en\/he-arc-en\/portrait\/","name":"Portrait - Haute-Ecole Arc","isPartOf":{"@id":"https:\/\/www.he-arc.ch\/en\/#website"},"primaryImageOfPage":{"@id":"https:\/\/www.he-arc.ch\/en\/he-arc-en\/portrait\/#primaryimage"},"image":{"@id":"https:\/\/www.he-arc.ch\/en\/he-arc-en\/portrait\/#primaryimage"},"thumbnailUrl":"https:\/\/www.he-arc.ch\/wp-content\/uploads\/2021\/08\/gabriel-beaudry-WuQME0I_oZA-unsplash-scaled.jpg","datePublished":"2021-08-31T12:39:38+00:00","dateModified":"2025-04-03T07:42:00+00:00","description":"Portrait de la Haute Ecole Arc, de son histoire, de son offre de formation, de son ancrage r\u00e9gional et de ses caract\u00e9ristiques majeures.","breadcrumb":{"@id":"https:\/\/www.he-arc.ch\/en\/he-arc-en\/portrait\/#breadcrumb"},"inLanguage":"en-US","potentialAction":[{"@type":"ReadAction","target":["https:\/\/www.he-arc.ch\/en\/he-arc-en\/portrait\/"]}]},{"@type":"ImageObject","inLanguage":"en-US","@id":"https:\/\/www.he-arc.ch\/en\/he-arc-en\/portrait\/#primaryimage","url":"https:\/\/www.he-arc.ch\/wp-content\/uploads\/2021\/08\/gabriel-beaudry-WuQME0I_oZA-unsplash-scaled.jpg","contentUrl":"https:\/\/www.he-arc.ch\/wp-content\/uploads\/2021\/08\/gabriel-beaudry-WuQME0I_oZA-unsplash-scaled.jpg","width":2560,"height":1707},{"@type":"BreadcrumbList","@id":"https:\/\/www.he-arc.ch\/en\/he-arc-en\/portrait\/#breadcrumb","itemListElement":[{"@type":"ListItem","position":1,"name":"Accueil","item":"https:\/\/www.he-arc.ch\/en\/"},{"@type":"ListItem","position":2,"name":"Portrait"}]},{"@type":"WebSite","@id":"https:\/\/www.he-arc.ch\/en\/#website","url":"https:\/\/www.he-arc.ch\/en\/","name":"Haute-Ecole Arc","description":"Haute \u00e9cole sp\u00e9cialis\u00e9e Suisse. Gestion, Ing\u00e9nierie, Sant\u00e9, Conservation-\u200brestauration.","publisher":{"@id":"https:\/\/www.he-arc.ch\/en\/#organization"},"potentialAction":[{"@type":"SearchAction","target":{"@type":"EntryPoint","urlTemplate":"https:\/\/www.he-arc.ch\/en\/?s={search_term_string}"},"query-input":{"@type":"PropertyValueSpecification","valueRequired":true,"valueName":"search_term_string"}}],"inLanguage":"en-US"},{"@type":"Organization","@id":"https:\/\/www.he-arc.ch\/en\/#organization","name":"Haute Ecole Arc","url":"https:\/\/www.he-arc.ch\/en\/","logo":{"@type":"ImageObject","inLanguage":"en-US","@id":"https:\/\/www.he-arc.ch\/en\/#\/schema\/logo\/image\/","url":"https:\/\/www.he-arc.ch\/wp-content\/uploads\/2022\/01\/logo-he-arc.svg","contentUrl":"https:\/\/www.he-arc.ch\/wp-content\/uploads\/2022\/01\/logo-he-arc.svg","width":140,"height":42,"caption":"Haute Ecole Arc"},"image":{"@id":"https:\/\/www.he-arc.ch\/en\/#\/schema\/logo\/image\/"}}]}},"_links":{"self":[{"href":"https:\/\/www.he-arc.ch\/en\/wp-json\/wp\/v2\/pages\/36045","targetHints":{"allow":["GET"]}}],"collection":[{"href":"https:\/\/www.he-arc.ch\/en\/wp-json\/wp\/v2\/pages"}],"about":[{"href":"https:\/\/www.he-arc.ch\/en\/wp-json\/wp\/v2\/types\/page"}],"author":[{"embeddable":true,"href":"https:\/\/www.he-arc.ch\/en\/wp-json\/wp\/v2\/users\/13"}],"replies":[{"embeddable":true,"href":"https:\/\/www.he-arc.ch\/en\/wp-json\/wp\/v2\/comments?post=36045"}],"version-history":[{"count":40,"href":"https:\/\/www.he-arc.ch\/en\/wp-json\/wp\/v2\/pages\/36045\/revisions"}],"predecessor-version":[{"id":44818,"href":"https:\/\/www.he-arc.ch\/en\/wp-json\/wp\/v2\/pages\/36045\/revisions\/44818"}],"wp:featuredmedia":[{"embeddable":true,"href":"https:\/\/www.he-arc.ch\/en\/wp-json\/wp\/v2\/media\/30315"}],"wp:attachment":[{"href":"https:\/\/www.he-arc.ch\/en\/wp-json\/wp\/v2\/media?parent=36045"}],"wp:term":[{"taxonomy":"he-arc_domain","embeddable":true,"href":"https:\/\/www.he-arc.ch\/en\/wp-json\/wp\/v2\/he-arc_domain?post=36045"}],"curies":[{"name":"wp","href":"https:\/\/api.w.org\/{rel}","templated":true}]}}