{"id":36406,"date":"2021-09-29T12:44:05","date_gmt":"2021-09-29T10:44:05","guid":{"rendered":"https:\/\/www.he-arc.ch\/?p=36406"},"modified":"2026-04-09T10:35:00","modified_gmt":"2026-04-09T08:35:00","slug":"mobility-and-exchanges","status":"publish","type":"page","link":"https:\/\/www.he-arc.ch\/en\/engineering\/bachelors\/mobility-and-exchanges\/","title":{"rendered":"Mobility and Exchanges"},"content":{"rendered":"<header class=\"hero-section is-simple page-max is-wide\">\n  <div class=\"hero\">\n    <div class=\"hero-nav page-max\">\n      \n  <div class=\"breadcrumb hidden-print\">\n    <div class=\"breadcrumb-house\"><img decoding=\"async\" src=\"https:\/\/www.he-arc.ch\/wp-content\/themes\/he-arc\/static\/images\/icon-house.svg\" loading=\"lazy\" alt=\"\" height=\"12\"><\/div>\n    <a href=\"https:\/\/www.he-arc.ch\/en\/\" class=\"breadcrumb-link\">HE-Arc<\/a>\n    <div class=\"breadcrumb-bullet\"><\/div>\n\n          <a href=\"\/\/\" class=\"breadcrumb-link\"><\/a>\n      <div class=\"breadcrumb-bullet\"><\/div>\n    \n    \n              \n    \n                <a href=\"https:\/\/www.he-arc.ch\/en\/engineering\/bachelors\/\" class=\"breadcrumb-link\">Bachelor&#8217;s Degree Programs<\/a>\n      <div class=\"breadcrumb-bullet\"><\/div>\n    \n    \n    <span class=\"breadcrumb-link is-active pointer-none\">Mobility and Exchanges<\/span>\n  <\/div>\n\n          <\/div>\n    <div class=\"hero-row is-simple page-max\">\n      <div>\n        <span class=\"hero__overline display-block\"><\/span>\n        <h1 class=\"hero__title is-small\">Mobility and Exchanges<\/h1>\n      <\/div>\n    <\/div>\n  <\/div>\n<\/header>\n\n\n<section class=\"page-section\">\n\n  <div class=\"page-menu--mobile is-shadowed--bold\">\n    <a href=\"#sidebar_contact\" class=\"btn-link border-none w-inline-block\">\n      <span class=\"btn-link__title is-goto\">Contact and Infos<\/span>\n    <\/a>\n  <\/div>\n\n  <div class=\"page-section__inner page-max\">\n\n    <div class=\"article__content is-with-aside\">\n\n      <div class=\"rich-text w-richtext\">\n                \n<div class=\"article__intro rich-text is-large w-richtext\">\n      <p><span style=\"font-weight: 400;\">The Arc School of Engineering is located in the heart of a region characterized by a large network of small and medium-sized companies with a unique industrial know-how.<\/span><\/p>\n\n  <\/div>\n\n\n\n<figure class=\"wp-block-image size-full\"><img decoding=\"async\" width=\"1024\" height=\"540\" src=\"https:\/\/www.he-arc.ch\/wp-content\/uploads\/2022\/01\/HE-ARC-56.png\" alt=\"\" class=\"wp-image-34329\" srcset=\"https:\/\/www.he-arc.ch\/wp-content\/uploads\/2022\/01\/HE-ARC-56.png 1024w, https:\/\/www.he-arc.ch\/wp-content\/uploads\/2022\/01\/HE-ARC-56-300x158.png 300w, https:\/\/www.he-arc.ch\/wp-content\/uploads\/2022\/01\/HE-ARC-56-768x405.png 768w\" sizes=\"(max-width: 1024px) 100vw, 1024px\" \/><\/figure>\n\n\n\n<p>The teaching programs delivered by the Arc School of Engineering meet the needs of these industries, in fields such as watchmaking, biomedicine, mechanics, IT and electronics.<\/p>\n\n\n\n<div class=\"accordion-wrapper mt-4 \">\n    <!--div class=\"page-max\">\n    <h2 class=\"section-subtitle is-large\"><\/h2>\n  <\/div-->\n  \n\n<div class=\"mb-2-5 \">\n    <div id=\"accordion-block_e211a93e968eae5bd8e603b353098c64\"\n      class=\" accordion-item collapsed is-shadowed is-compact\"\n      data-toggle=\"collapse\" data-target=\"#accordion-pane-block_e211a93e968eae5bd8e603b353098c64\">\n    <div class=\"accordion-item__heading\">\n      <h2 class=\"accordion-item__title  is-small\">Incoming Students (IN)<\/h2>\n    <\/div>\n    <span class=\"accordion-item__toggle hidden-print collapsed w-inline-block\">\n      <span class=\"plus-bar-1\"><\/span>\n      <span class=\"plus-bar-2\"><\/span>\n    <\/span>\n  <\/div>\n\n  <div id=\"accordion-pane-block_e211a93e968eae5bd8e603b353098c64\" class=\"accordion-pane show-print collapse \">\n    <div class=\"rich-text mt-2 w-richtext\">\n\n      \n\n<p>At the Arc School of Engineering, we welcome international students from our partner institutions every year.<\/p>\n\n\n\n<p>The stays vary from 3 to 12 months and are organised as follows :<\/p>\n\n\n\n<ul class=\"wp-block-list\">\n<li>Level 2: semester 3 or semesters 3 and 4<\/li>\n\n\n\n<li>Level 3: semester 5 or semesters 5 and 6<\/li>\n\n\n\n<li>Bachelor&#8217;s thesis<\/li>\n\n\n\n<li>Master&#8217;s thesis<\/li>\n<\/ul>\n\n\n\n<p>Students at the Arc School of Engineering must have a laptop.<\/p>\n\n\n\n<p>Registration deadlines:<\/p>\n\n\n\n<ul class=\"wp-block-list\">\n<li>fall semester or the whole year &#8211; nomination : 31 March (by partner schools) <\/li>\n\n\n\n<li>fall semester or the whole year &#8211; application : 30 April (completed student file)<\/li>\n<\/ul>\n\n\n\n<ul class=\"wp-block-list\">\n<li>spring semester: 31 October<\/li>\n<\/ul>\n\n\n    <\/div>\n  <\/div>\n<\/div>\n\n\n\n<div class=\"mb-2-5 \">\n    <div id=\"accordion-block_e3bb4ca361288745a85393095b0ac20f\"\n      class=\" accordion-item collapsed is-shadowed is-compact\"\n      data-toggle=\"collapse\" data-target=\"#accordion-pane-block_e3bb4ca361288745a85393095b0ac20f\">\n    <div class=\"accordion-item__heading\">\n      <h2 class=\"accordion-item__title  is-small\">Outgoing Students (OUT)<\/h2>\n    <\/div>\n    <span class=\"accordion-item__toggle hidden-print collapsed w-inline-block\">\n      <span class=\"plus-bar-1\"><\/span>\n      <span class=\"plus-bar-2\"><\/span>\n    <\/span>\n  <\/div>\n\n  <div id=\"accordion-pane-block_e3bb4ca361288745a85393095b0ac20f\" class=\"accordion-pane show-print collapse \">\n    <div class=\"rich-text mt-2 w-richtext\">\n\n      \n\n<p>In order to develop student exchanges and established collaborations, the Arc School of Engineering has signed bilateral agreements with various institutions.<\/p>\n\n\n\n<p>Requirements for a stay abroad:<\/p>\n\n\n\n<ul class=\"wp-block-list\">\n<li>First, you must have obtained the agreement of the education manager of your Bachelor&#8217;s degree program.<\/li>\n\n\n\n<li>Have a solid understanding of the language of the country.<\/li>\n\n\n\n<li>Hold Swiss or European nationality or have a C permit.<\/li>\n\n\n\n<li>Have successfully completed all modules in the year of study prior to departure.<\/li>\n<\/ul>\n\n\n\n<p>It is the candidate&#8217;s responsibility to find a host institution and to establish a course program that best corresponds to the profile of his or her study profile. This program must be validated by the education manager.<\/p>\n\n\n\n<p>The stay takes place:<\/p>\n\n\n\n<ul class=\"wp-block-list\">\n<li>During the entire level 2<\/li>\n\n\n\n<li>During the entire level 3, including the Bachelor&#8217;s thesis<\/li>\n\n\n\n<li>During the Bachelor&#8217;s thesis<\/li>\n<\/ul>\n\n\n    <\/div>\n  <\/div>\n<\/div>\n\n\n<\/div>\n\n\n\n<div class=\"mb-2-5 \">\n    <div id=\"accordion-block_5f7a4fab8c836b99934f4ef76f0ef5eb\"\n      class=\" accordion-item collapsed is-shadowed is-compact\"\n      data-toggle=\"collapse\" data-target=\"#accordion-pane-block_5f7a4fab8c836b99934f4ef76f0ef5eb\">\n    <div class=\"accordion-item__heading\">\n      <h2 class=\"accordion-item__title  is-small\">Partner Institutions<\/h2>\n    <\/div>\n    <span class=\"accordion-item__toggle hidden-print collapsed w-inline-block\">\n      <span class=\"plus-bar-1\"><\/span>\n      <span class=\"plus-bar-2\"><\/span>\n    <\/span>\n  <\/div>\n\n  <div id=\"accordion-pane-block_5f7a4fab8c836b99934f4ef76f0ef5eb\" class=\"accordion-pane show-print collapse \">\n    <div class=\"rich-text mt-2 w-richtext\">\n\n      \n\n<figure class=\"wp-block-table is-style-stripes\"><table><thead><tr><th>Pays<\/th><th>Ville<\/th><th>Institution<\/th><\/tr><\/thead><tbody><tr><td>Germany<\/td><td>Offenburg<\/td><td><a href=\"https:\/\/www.hs-offenburg.de\/\" target=\"_blank\" rel=\"noreferrer noopener\">Hochschule<\/a><\/td><\/tr><tr><td>Germany<\/td><td>Stuttgart<\/td><td><a href=\"https:\/\/www.hft-stuttgart.de\/\" target=\"_blank\" rel=\"noreferrer noopener\">Hochschule f\u00fcr Technik<\/a><\/td><\/tr><tr><td>Belgium<\/td><td>Bruges and Croutrai<\/td><td><a href=\"https:\/\/www.vives.be\/en\/vives-international\" target=\"_blank\" rel=\"noreferrer noopener\">VIVES &#8211; University of Applied Sciences<\/a><\/td><\/tr><tr><td>Canada<\/td><td><\/td><td>Bureau de coop\u00e9ration interuniversitaire &#8211; Programme d&#8217;\u00e9change<\/td><\/tr><tr><td>Spain<\/td><td>Sevilla<\/td><td><a href=\"https:\/\/www.us.es\/\" target=\"_blank\" rel=\"noreferrer noopener\">Universidad de Sevilla<\/a><\/td><\/tr><tr><td>Spain<\/td><td>Valencia<\/td><td><a href=\"http:\/\/www.upv.es\/\" target=\"_blank\" rel=\"noreferrer noopener\">Universidad Polit\u00e9cnica<\/a><\/td><\/tr><tr><td>France<\/td><td>Besan\u00e7on<\/td><td><a href=\"https:\/\/www.ens2m.fr\/\" target=\"_blank\" rel=\"noreferrer noopener\">Ecole Nationale Sup\u00e9rieure de M\u00e9canique et des Microtechniques<\/a><\/td><\/tr><tr><td>France<\/td><td>Compi\u00e8gne<\/td><td><a href=\"https:\/\/www.utc.fr\/en\/\" target=\"_blank\" rel=\"noreferrer noopener\">University of technology of Compi\u00e8gne<\/a><\/td><\/tr><tr><td>France<\/td><td>La Rochelle<\/td><td><a href=\"http:\/\/www.eigsi.fr\/\" target=\"_blank\" rel=\"noreferrer noopener\">Ecole d\u2019ing\u00e9nieurs en g\u00e9nie des syst\u00e8mes industriels<\/a><\/td><\/tr><tr><td>France<\/td><td>Montb\u00e9liard<\/td><td><br><a href=\"https:\/\/www.utbm.fr\/\" target=\"_blank\" rel=\"noreferrer noopener\">Universit\u00e9 de Technologie de Belfort Montb\u00e9liard<\/a><\/td><\/tr><tr><td>Luxembourg<\/td><td>Luxembourg<\/td><td><a href=\"https:\/\/www.uni.lu\/en\/\" target=\"_blank\" rel=\"noreferrer noopener\">University of Luxembourg<\/a><\/td><\/tr><tr><td>Portugal<\/td><td>Guarda<\/td><td><a href=\"https:\/\/politecnicoguarda.pt\/\" target=\"_blank\" rel=\"noreferrer noopener\">Politecnico da Guarda<\/a><\/td><\/tr><tr><td>Romania<\/td><td>Brasov<\/td><td><a href=\"https:\/\/www.unitbv.ro\/en\/\" target=\"_blank\" rel=\"noreferrer noopener\">Transilvania University of Brasov<\/a><\/td><\/tr><tr><td>Switzerland<\/td><td>Luzern<\/td><td><a href=\"https:\/\/www.hslu.ch\/en\/lucerne-school-of-information-technology\/\" target=\"_blank\" rel=\"noreferrer noopener\">Hochschule Luzern Technik&amp;Architektur<\/a><\/td><\/tr><\/tbody><\/table><\/figure>\n\n\n\n<p>If you are interested in other institutions, please contact the mobility office.<\/p>\n\n\n    <\/div>\n  <\/div>\n<\/div>\n\n\n\n<h2 class=\"wp-block-heading\">Students&#8217; experience of mobility <\/h2>\n\n\n<div class=\"video-card-wrapper  is-not-contained \">\n                    <ul class=\"flex-row w-list-unstyled  \">\n                              <li class=\"size-full size-full-mobile\">\n              <a class=\"video-card is-shadowed js-open-video \" href=\"https:\/\/player.vimeo.com\/video\/657827167\">\n                <div class=\"image-wrapper--landscape\" style=\"background-image: url(https:\/\/www.he-arc.ch\/wp-content\/uploads\/2021\/12\/MobiliteOutElzingre-e1641546141105.jpg)\">\n                  <div class=\"btn-play is-centered\">&nbsp;<\/div>\n                <\/div>\n                <div class=\"video-card__info\">\n                                    <h3 class=\"video-card__title\">Laure Elzingre in Sevilla<\/h3>\n                <\/div>\n              <\/a>\n            <\/li>\n                                          <\/ul>\n      <\/div>\n\n\n\n\n<div id=\"resource-card-block_46843d8dcbf67cd9c0b37944f66f5ee2\" class=\" link-list is-padded mt-3\">\n  <div class=\"link-list__title\">Links and documents<\/div>\n  <div class=\"col-count-2\">\n          <div class=\"link-list__item\">\n                  <a href=\"https:\/\/hesso.moveonfr.com\/form\/600541a173a58c75515a3a03\/fra\" class=\"simple-link\" target='_blank'>\n            Application form IN\n          <\/a>\n              <\/div>\n          <div class=\"link-list__item\">\n                  <a href=\"https:\/\/hesso.moveonfr.com\/form\/5f4e3df978cc413832003682\/fra\" class=\"simple-link\" target='_blank'>\n            Application form OUT\n          <\/a>\n              <\/div>\n      <\/div>\n<\/div>\n\n\n            <\/div>\n\n    <\/div>\n\n    <div class=\"article__aside w-100p\" id=\"sidebar_contact\">\n\n  <aside class=\"page-section__aside\">\n      <nav class=\"page-menu hidden-print is-shadowed--bold mt-1  w-list-unstyled\" aria-label=\"Raccourcis sur la page\">\n                    \n                        <a href=\"\/en\/engineering\/bachelors\/\"  class=\"btn-link is-current \">\n            <div class=\"btn-link__title\n                              is-external\n              \">Our Bachelor&#8217;s Degree Programs<\/div>\n          <\/a>\n                              \n                        <a href=\"\/en\/he-arc-en\/mobility-and-international-relations\/\"  class=\"btn-link  border-none\">\n            <div class=\"btn-link__title\n                              is-external\n              \">HE-Arc Mobility Office<\/div>\n          <\/a>\n                    <\/nav>\n  <\/aside>\n\n      <div class=\"mt-4 w-100p\">\n              <h4 class=\"link-list__title\">Contact<\/h4>\n        \n<div id=\"contact-card-block_ae2b724d038648a22935e881cef519e3\" class=\"contact-card is-shadowed  is-not-contained\">\n  <div class=\"contact-card__inner\">\n                <div class=\"contact-entry mb-1\">\n        Mobility Officer:\n      <\/div>\n                      <div class=\"contact-entry mb-1\">\n        Catherine Wesoly\n      <\/div>\n                      <div class=\"contact-entry mb-1\">\n        <a href=\"tel:+41329301121\"  class=\"simple-link contact-entry mb-1\">+ 41 32 930 11 21<\/a>\n      <\/div>\n                      <div class=\"contact-entry \">\n        <a href=\"mailto:Catherine.Wesoly@he-arc.ch\"  class=\"simple-link contact-entry mb-1\">Catherine.Wesoly@he-arc.ch<\/a>\n      <\/div>\n            <\/div>\n<\/div>\n          <\/div>\n\n  <\/div>\n\n  <\/div>\n<\/section>\n","protected":false},"excerpt":{"rendered":"","protected":false},"author":6,"featured_media":0,"parent":35472,"menu_order":1,"comment_status":"closed","ping_status":"closed","template":"","meta":{"_acf_changed":false,"footnotes":""},"he-arc_domain":[150],"class_list":["post-36406","page","type-page","status-publish","hentry","he-arc_domain-engineering"],"acf":[],"yoast_head":"<!-- This site is optimized with the Yoast SEO plugin v26.6 - https:\/\/yoast.com\/wordpress\/plugins\/seo\/ -->\n<title>Mobility and Exchanges - Haute-Ecole Arc<\/title>\n<meta name=\"description\" content=\"Bachelor student mobility: in Switzerland at the Arc School of Engineering and abroad, international partnerships and exchanges, scholarships, and cultural integration support.\" \/>\n<meta name=\"robots\" content=\"index, follow, max-snippet:-1, max-image-preview:large, max-video-preview:-1\" \/>\n<link rel=\"canonical\" href=\"https:\/\/www.he-arc.ch\/en\/engineering\/bachelors\/mobility-and-exchanges\/\" \/>\n<meta property=\"og:locale\" content=\"en_US\" \/>\n<meta property=\"og:type\" content=\"article\" \/>\n<meta property=\"og:title\" content=\"Mobility and Exchanges - Haute-Ecole Arc\" \/>\n<meta property=\"og:description\" content=\"Bachelor student mobility: in Switzerland at the Arc School of Engineering and abroad, international partnerships and exchanges, scholarships, and cultural integration support.\" \/>\n<meta property=\"og:url\" content=\"https:\/\/www.he-arc.ch\/en\/engineering\/bachelors\/mobility-and-exchanges\/\" \/>\n<meta property=\"og:site_name\" content=\"Haute-Ecole Arc\" \/>\n<meta property=\"article:modified_time\" content=\"2026-04-09T08:35:00+00:00\" \/>\n<meta property=\"og:image\" content=\"https:\/\/www.he-arc.ch\/wp-content\/uploads\/2022\/01\/HE-ARC-56.png\" \/>\n<meta name=\"twitter:card\" content=\"summary_large_image\" \/>\n<meta name=\"twitter:label1\" content=\"Est. reading time\" \/>\n\t<meta name=\"twitter:data1\" content=\"3 minutes\" \/>\n<script type=\"application\/ld+json\" class=\"yoast-schema-graph\">{\"@context\":\"https:\/\/schema.org\",\"@graph\":[{\"@type\":\"WebPage\",\"@id\":\"https:\/\/www.he-arc.ch\/en\/engineering\/bachelors\/mobility-and-exchanges\/\",\"url\":\"https:\/\/www.he-arc.ch\/en\/engineering\/bachelors\/mobility-and-exchanges\/\",\"name\":\"Mobility and Exchanges - Haute-Ecole Arc\",\"isPartOf\":{\"@id\":\"https:\/\/www.he-arc.ch\/en\/#website\"},\"primaryImageOfPage\":{\"@id\":\"https:\/\/www.he-arc.ch\/en\/engineering\/bachelors\/mobility-and-exchanges\/#primaryimage\"},\"image\":{\"@id\":\"https:\/\/www.he-arc.ch\/en\/engineering\/bachelors\/mobility-and-exchanges\/#primaryimage\"},\"thumbnailUrl\":\"https:\/\/www.he-arc.ch\/wp-content\/uploads\/2022\/01\/HE-ARC-56.png\",\"datePublished\":\"2021-09-29T10:44:05+00:00\",\"dateModified\":\"2026-04-09T08:35:00+00:00\",\"description\":\"Bachelor student mobility: in Switzerland at the Arc School of Engineering and abroad, international partnerships and exchanges, scholarships, and cultural integration support.\",\"breadcrumb\":{\"@id\":\"https:\/\/www.he-arc.ch\/en\/engineering\/bachelors\/mobility-and-exchanges\/#breadcrumb\"},\"inLanguage\":\"en-US\",\"potentialAction\":[{\"@type\":\"ReadAction\",\"target\":[\"https:\/\/www.he-arc.ch\/en\/engineering\/bachelors\/mobility-and-exchanges\/\"]}]},{\"@type\":\"ImageObject\",\"inLanguage\":\"en-US\",\"@id\":\"https:\/\/www.he-arc.ch\/en\/engineering\/bachelors\/mobility-and-exchanges\/#primaryimage\",\"url\":\"https:\/\/www.he-arc.ch\/wp-content\/uploads\/2022\/01\/HE-ARC-56.png\",\"contentUrl\":\"https:\/\/www.he-arc.ch\/wp-content\/uploads\/2022\/01\/HE-ARC-56.png\"},{\"@type\":\"BreadcrumbList\",\"@id\":\"https:\/\/www.he-arc.ch\/en\/engineering\/bachelors\/mobility-and-exchanges\/#breadcrumb\",\"itemListElement\":[{\"@type\":\"ListItem\",\"position\":1,\"name\":\"Accueil\",\"item\":\"https:\/\/www.he-arc.ch\/en\/\"},{\"@type\":\"ListItem\",\"position\":2,\"name\":\"Bachelor&rsquo;s Degree Programs\",\"item\":\"https:\/\/www.he-arc.ch\/en\/engineering\/bachelors\/\"},{\"@type\":\"ListItem\",\"position\":3,\"name\":\"Mobility and Exchanges\"}]},{\"@type\":\"WebSite\",\"@id\":\"https:\/\/www.he-arc.ch\/en\/#website\",\"url\":\"https:\/\/www.he-arc.ch\/en\/\",\"name\":\"Haute-Ecole Arc\",\"description\":\"Haute \u00e9cole sp\u00e9cialis\u00e9e Suisse. Gestion, Ing\u00e9nierie, Sant\u00e9, Conservation-\u200brestauration.\",\"publisher\":{\"@id\":\"https:\/\/www.he-arc.ch\/en\/#organization\"},\"potentialAction\":[{\"@type\":\"SearchAction\",\"target\":{\"@type\":\"EntryPoint\",\"urlTemplate\":\"https:\/\/www.he-arc.ch\/en\/?s={search_term_string}\"},\"query-input\":{\"@type\":\"PropertyValueSpecification\",\"valueRequired\":true,\"valueName\":\"search_term_string\"}}],\"inLanguage\":\"en-US\"},{\"@type\":\"Organization\",\"@id\":\"https:\/\/www.he-arc.ch\/en\/#organization\",\"name\":\"Haute Ecole Arc\",\"url\":\"https:\/\/www.he-arc.ch\/en\/\",\"logo\":{\"@type\":\"ImageObject\",\"inLanguage\":\"en-US\",\"@id\":\"https:\/\/www.he-arc.ch\/en\/#\/schema\/logo\/image\/\",\"url\":\"https:\/\/www.he-arc.ch\/wp-content\/uploads\/2022\/01\/logo-he-arc.svg\",\"contentUrl\":\"https:\/\/www.he-arc.ch\/wp-content\/uploads\/2022\/01\/logo-he-arc.svg\",\"width\":140,\"height\":42,\"caption\":\"Haute Ecole Arc\"},\"image\":{\"@id\":\"https:\/\/www.he-arc.ch\/en\/#\/schema\/logo\/image\/\"}}]}<\/script>\n<!-- \/ Yoast SEO plugin. -->","yoast_head_json":{"title":"Mobility and Exchanges - Haute-Ecole Arc","description":"Bachelor student mobility: in Switzerland at the Arc School of Engineering and abroad, international partnerships and exchanges, scholarships, and cultural integration support.","robots":{"index":"index","follow":"follow","max-snippet":"max-snippet:-1","max-image-preview":"max-image-preview:large","max-video-preview":"max-video-preview:-1"},"canonical":"https:\/\/www.he-arc.ch\/en\/engineering\/bachelors\/mobility-and-exchanges\/","og_locale":"en_US","og_type":"article","og_title":"Mobility and Exchanges - Haute-Ecole Arc","og_description":"Bachelor student mobility: in Switzerland at the Arc School of Engineering and abroad, international partnerships and exchanges, scholarships, and cultural integration support.","og_url":"https:\/\/www.he-arc.ch\/en\/engineering\/bachelors\/mobility-and-exchanges\/","og_site_name":"Haute-Ecole Arc","article_modified_time":"2026-04-09T08:35:00+00:00","og_image":[{"url":"https:\/\/www.he-arc.ch\/wp-content\/uploads\/2022\/01\/HE-ARC-56.png","type":"","width":"","height":""}],"twitter_card":"summary_large_image","twitter_misc":{"Est. reading time":"3 minutes"},"schema":{"@context":"https:\/\/schema.org","@graph":[{"@type":"WebPage","@id":"https:\/\/www.he-arc.ch\/en\/engineering\/bachelors\/mobility-and-exchanges\/","url":"https:\/\/www.he-arc.ch\/en\/engineering\/bachelors\/mobility-and-exchanges\/","name":"Mobility and Exchanges - Haute-Ecole Arc","isPartOf":{"@id":"https:\/\/www.he-arc.ch\/en\/#website"},"primaryImageOfPage":{"@id":"https:\/\/www.he-arc.ch\/en\/engineering\/bachelors\/mobility-and-exchanges\/#primaryimage"},"image":{"@id":"https:\/\/www.he-arc.ch\/en\/engineering\/bachelors\/mobility-and-exchanges\/#primaryimage"},"thumbnailUrl":"https:\/\/www.he-arc.ch\/wp-content\/uploads\/2022\/01\/HE-ARC-56.png","datePublished":"2021-09-29T10:44:05+00:00","dateModified":"2026-04-09T08:35:00+00:00","description":"Bachelor student mobility: in Switzerland at the Arc School of Engineering and abroad, international partnerships and exchanges, scholarships, and cultural integration support.","breadcrumb":{"@id":"https:\/\/www.he-arc.ch\/en\/engineering\/bachelors\/mobility-and-exchanges\/#breadcrumb"},"inLanguage":"en-US","potentialAction":[{"@type":"ReadAction","target":["https:\/\/www.he-arc.ch\/en\/engineering\/bachelors\/mobility-and-exchanges\/"]}]},{"@type":"ImageObject","inLanguage":"en-US","@id":"https:\/\/www.he-arc.ch\/en\/engineering\/bachelors\/mobility-and-exchanges\/#primaryimage","url":"https:\/\/www.he-arc.ch\/wp-content\/uploads\/2022\/01\/HE-ARC-56.png","contentUrl":"https:\/\/www.he-arc.ch\/wp-content\/uploads\/2022\/01\/HE-ARC-56.png"},{"@type":"BreadcrumbList","@id":"https:\/\/www.he-arc.ch\/en\/engineering\/bachelors\/mobility-and-exchanges\/#breadcrumb","itemListElement":[{"@type":"ListItem","position":1,"name":"Accueil","item":"https:\/\/www.he-arc.ch\/en\/"},{"@type":"ListItem","position":2,"name":"Bachelor&rsquo;s Degree Programs","item":"https:\/\/www.he-arc.ch\/en\/engineering\/bachelors\/"},{"@type":"ListItem","position":3,"name":"Mobility and Exchanges"}]},{"@type":"WebSite","@id":"https:\/\/www.he-arc.ch\/en\/#website","url":"https:\/\/www.he-arc.ch\/en\/","name":"Haute-Ecole Arc","description":"Haute \u00e9cole sp\u00e9cialis\u00e9e Suisse. Gestion, Ing\u00e9nierie, Sant\u00e9, Conservation-\u200brestauration.","publisher":{"@id":"https:\/\/www.he-arc.ch\/en\/#organization"},"potentialAction":[{"@type":"SearchAction","target":{"@type":"EntryPoint","urlTemplate":"https:\/\/www.he-arc.ch\/en\/?s={search_term_string}"},"query-input":{"@type":"PropertyValueSpecification","valueRequired":true,"valueName":"search_term_string"}}],"inLanguage":"en-US"},{"@type":"Organization","@id":"https:\/\/www.he-arc.ch\/en\/#organization","name":"Haute Ecole Arc","url":"https:\/\/www.he-arc.ch\/en\/","logo":{"@type":"ImageObject","inLanguage":"en-US","@id":"https:\/\/www.he-arc.ch\/en\/#\/schema\/logo\/image\/","url":"https:\/\/www.he-arc.ch\/wp-content\/uploads\/2022\/01\/logo-he-arc.svg","contentUrl":"https:\/\/www.he-arc.ch\/wp-content\/uploads\/2022\/01\/logo-he-arc.svg","width":140,"height":42,"caption":"Haute Ecole Arc"},"image":{"@id":"https:\/\/www.he-arc.ch\/en\/#\/schema\/logo\/image\/"}}]}},"_links":{"self":[{"href":"https:\/\/www.he-arc.ch\/en\/wp-json\/wp\/v2\/pages\/36406","targetHints":{"allow":["GET"]}}],"collection":[{"href":"https:\/\/www.he-arc.ch\/en\/wp-json\/wp\/v2\/pages"}],"about":[{"href":"https:\/\/www.he-arc.ch\/en\/wp-json\/wp\/v2\/types\/page"}],"author":[{"embeddable":true,"href":"https:\/\/www.he-arc.ch\/en\/wp-json\/wp\/v2\/users\/6"}],"replies":[{"embeddable":true,"href":"https:\/\/www.he-arc.ch\/en\/wp-json\/wp\/v2\/comments?post=36406"}],"version-history":[{"count":20,"href":"https:\/\/www.he-arc.ch\/en\/wp-json\/wp\/v2\/pages\/36406\/revisions"}],"predecessor-version":[{"id":81506,"href":"https:\/\/www.he-arc.ch\/en\/wp-json\/wp\/v2\/pages\/36406\/revisions\/81506"}],"up":[{"embeddable":true,"href":"https:\/\/www.he-arc.ch\/en\/wp-json\/wp\/v2\/pages\/35472"}],"wp:attachment":[{"href":"https:\/\/www.he-arc.ch\/en\/wp-json\/wp\/v2\/media?parent=36406"}],"wp:term":[{"taxonomy":"he-arc_domain","embeddable":true,"href":"https:\/\/www.he-arc.ch\/en\/wp-json\/wp\/v2\/he-arc_domain?post=36406"}],"curies":[{"name":"wp","href":"https:\/\/api.w.org\/{rel}","templated":true}]}}