{"id":36421,"date":"2021-08-18T07:43:28","date_gmt":"2021-08-18T05:43:28","guid":{"rendered":"https:\/\/www.he-arc.ch\/?p=36421"},"modified":"2026-03-05T16:23:53","modified_gmt":"2026-03-05T15:23:53","slug":"registration-bachelors","status":"publish","type":"page","link":"https:\/\/www.he-arc.ch\/en\/engineering\/bachelors\/registration-bachelors\/","title":{"rendered":"Registration for Bachelors in Engineering"},"content":{"rendered":"<header class=\"hero-section is-simple page-max is-wide\">\n  <div class=\"hero\">\n    <div class=\"hero-nav page-max\">\n      \n  <div class=\"breadcrumb hidden-print\">\n    <div class=\"breadcrumb-house\"><img decoding=\"async\" src=\"https:\/\/www.he-arc.ch\/wp-content\/themes\/he-arc\/static\/images\/icon-house.svg\" loading=\"lazy\" alt=\"\" height=\"12\"><\/div>\n    <a href=\"https:\/\/www.he-arc.ch\/en\/\" class=\"breadcrumb-link\">HE-Arc<\/a>\n    <div class=\"breadcrumb-bullet\"><\/div>\n\n          <a href=\"\/\/\" class=\"breadcrumb-link\"><\/a>\n      <div class=\"breadcrumb-bullet\"><\/div>\n    \n    \n              \n    \n                <a href=\"https:\/\/www.he-arc.ch\/en\/engineering\/bachelors\/\" class=\"breadcrumb-link\">Bachelor&#8217;s Degree Programs<\/a>\n      <div class=\"breadcrumb-bullet\"><\/div>\n    \n    \n    <span class=\"breadcrumb-link is-active pointer-none\">Registration for Bachelors in Engineering<\/span>\n  <\/div>\n\n          <\/div>\n    <div class=\"hero-row is-simple page-max\">\n      <div>\n        <span class=\"hero__overline display-block\"><\/span>\n        <h1 class=\"hero__title is-small\">Registration for Bachelors in Engineering<\/h1>\n      <\/div>\n    <\/div>\n  <\/div>\n<\/header>\n\n\n<section class=\"page-section\">\n\n  <div class=\"page-menu--mobile is-shadowed--bold\">\n    <a href=\"#sidebar_contact\" class=\"btn-link border-none w-inline-block\">\n      <span class=\"btn-link__title is-goto\">Contact and Infos<\/span>\n    <\/a>\n  <\/div>\n\n  <div class=\"page-section__inner page-max\">\n\n    <div class=\"article__content is-with-aside\">\n\n      <div class=\"rich-text w-richtext\">\n                \n<div class=\"article__intro rich-text is-large w-richtext\">\n      <p>Become an engineer at the Haute Ecole Arc!<\/p>\n\n  <\/div>\n\n\n\n<h2 class=\"wp-block-heading\" id=\"title1\">Registration<\/h2>\n\n\n  <a href=\"https:\/\/age.hes-so.ch\/imoniteur_AGEP\/!formInscrs.connection?ww_c_formulaire=ARC_ADM_WEB_ING_2026\" target=\"_blank\" class=\"btn-primary is-arrowed \">\n    <div class=\"btn-primary__title\">Registration Form for Bachelors in Engineering<\/div>\n  <\/a>\n\n\n\n<p><\/p>\n\n\n\n<h2 class=\"wp-block-heading\">Admission<\/h2>\n\n\n\n<h3 class=\"wp-block-heading\">Registration deadlines<\/h3>\n\n\n\n<p>31 May (Swiss and EU residents) \u2013 after this deadline, admission is only possible depending on the number of places available<br>31 March (non-Swiss and non-EU residents, also PiBS program applicants)<\/p>\n\n\n\n<h3 class=\"wp-block-heading\">Fees<\/h3>\n\n\n\n<p>150 CHF \u2013 Registration<br>700 CHF &#8211; Tuition (per semester, Swiss students)<br>1 050 CHF &#8211; Tuition (per semester, foreign students) <\/p>\n\n\n\n<div id=\"resource-card-block_3b15e21f7c454552c746d60529c27341\" class=\" link-list is-padded mt-3\">\n  <div class=\"link-list__title\">Links and documents<\/div>\n  <div class=\"col-count-2\">\n          <div class=\"link-list__item\">\n                  <a href=\"https:\/\/rs.he-arc.ch\/docs\/RS430.10.pdf\" class=\"simple-link\" target='_blank'>\n            Study Regulations (FR)\n          <\/a>\n              <\/div>\n          <div class=\"link-list__item\">\n                  <a href=\"https:\/\/www.he-arc.ch\/en\/he-arc-en\/scholarships\/\" class=\"simple-link\" >\n            Scholarships\n          <\/a>\n              <\/div>\n      <\/div>\n<\/div>\n\n\n\n<figure class=\"wp-block-image size-large is-style-default\"><img decoding=\"async\" width=\"1024\" height=\"1024\" src=\"https:\/\/www.he-arc.ch\/wp-content\/uploads\/2021\/11\/he_arc_ingenierie_inscription-1024x1024.jpg\" alt=\"\" class=\"wp-image-30567\" srcset=\"https:\/\/www.he-arc.ch\/wp-content\/uploads\/2021\/11\/he_arc_ingenierie_inscription-1024x1024.jpg 1024w, https:\/\/www.he-arc.ch\/wp-content\/uploads\/2021\/11\/he_arc_ingenierie_inscription-300x300.jpg 300w, https:\/\/www.he-arc.ch\/wp-content\/uploads\/2021\/11\/he_arc_ingenierie_inscription-150x150.jpg 150w, https:\/\/www.he-arc.ch\/wp-content\/uploads\/2021\/11\/he_arc_ingenierie_inscription-768x768.jpg 768w, https:\/\/www.he-arc.ch\/wp-content\/uploads\/2021\/11\/he_arc_ingenierie_inscription.jpg 1440w\" sizes=\"(max-width: 1024px) 100vw, 1024px\" \/><\/figure>\n\n\n            <\/div>\n\n    <\/div>\n\n    <div class=\"article__aside w-100p\" id=\"sidebar_contact\">\n\n  <aside class=\"page-section__aside\">\n      <nav class=\"page-menu hidden-print is-shadowed--bold mt-1  w-list-unstyled\" aria-label=\"Raccourcis sur la page\">\n                    \n                        <a href=\"\/en\/engineering\/bachelors\/\" target=\"_blank\" class=\"btn-link is-current \">\n            <div class=\"btn-link__title\n                              is-external\n              \">Our Bachelor\u2019s Degree Programs<\/div>\n          <\/a>\n                              \n                        <a href=\"\/en\/engineering\/bachelors\/admission-requirements\/\" target=\"_blank\" class=\"btn-link  border-none\">\n            <div class=\"btn-link__title\n                              is-external\n              \">Admission Requirements<\/div>\n          <\/a>\n                    <\/nav>\n  <\/aside>\n\n      <div class=\"mt-4 w-100p\">\n              <h4 class=\"link-list__title\">Contact<\/h4>\n        \n<div id=\"contact-card-block_710d5bdedcceb18fed097af23aa54901\" class=\"contact-card is-shadowed  is-not-contained\">\n  <div class=\"contact-card__inner\">\n                <div class=\"contact-entry mb-1\">\n        Admissions Informations:\n      <\/div>\n                      <div class=\"contact-entry mb-1\">\n        <a href=\"tel:+41329301313\"  class=\"simple-link contact-entry mb-1\">+ 41 32 930 13 13<\/a>\n      <\/div>\n                      <div class=\"contact-entry \">\n        <a href=\"mailto:ing.admissions@he-arc.ch\"  class=\"simple-link contact-entry mb-1\">ing.admissions@he-arc.ch<\/a>\n      <\/div>\n            <\/div>\n<\/div>\n          <\/div>\n\n  <\/div>\n\n  <\/div>\n<\/section>\n","protected":false},"excerpt":{"rendered":"","protected":false},"author":6,"featured_media":0,"parent":35472,"menu_order":0,"comment_status":"closed","ping_status":"closed","template":"","meta":{"_acf_changed":false,"footnotes":""},"he-arc_domain":[150],"class_list":["post-36421","page","type-page","status-publish","hentry","he-arc_domain-engineering"],"acf":[],"yoast_head":"<!-- This site is optimized with the Yoast SEO plugin v26.6 - https:\/\/yoast.com\/wordpress\/plugins\/seo\/ -->\n<title>Registration for Bachelors in Engineering - Haute-Ecole Arc<\/title>\n<meta name=\"description\" content=\"Bachelor of Engineering registration at Arc School of Engineering: application process, admission requirements, diploma equivalence, post-secondary admission, and enrollment.\" \/>\n<meta name=\"robots\" content=\"index, follow, max-snippet:-1, max-image-preview:large, max-video-preview:-1\" \/>\n<link rel=\"canonical\" href=\"https:\/\/www.he-arc.ch\/en\/engineering\/bachelors\/registration-bachelors\/\" \/>\n<meta property=\"og:locale\" content=\"en_US\" \/>\n<meta property=\"og:type\" content=\"article\" \/>\n<meta property=\"og:title\" content=\"Registration for Bachelors in Engineering - Haute-Ecole Arc\" \/>\n<meta property=\"og:description\" content=\"Bachelor of Engineering registration at Arc School of Engineering: application process, admission requirements, diploma equivalence, post-secondary admission, and enrollment.\" \/>\n<meta property=\"og:url\" content=\"https:\/\/www.he-arc.ch\/en\/engineering\/bachelors\/registration-bachelors\/\" \/>\n<meta property=\"og:site_name\" content=\"Haute-Ecole Arc\" \/>\n<meta property=\"article:modified_time\" content=\"2026-03-05T15:23:53+00:00\" \/>\n<meta property=\"og:image\" content=\"https:\/\/www.he-arc.ch\/wp-content\/uploads\/2021\/11\/he_arc_ingenierie_inscription-1024x1024.jpg\" \/>\n<meta name=\"twitter:card\" content=\"summary_large_image\" \/>\n<meta name=\"twitter:label1\" content=\"Est. reading time\" \/>\n\t<meta name=\"twitter:data1\" content=\"1 minute\" \/>\n<script type=\"application\/ld+json\" class=\"yoast-schema-graph\">{\"@context\":\"https:\/\/schema.org\",\"@graph\":[{\"@type\":\"WebPage\",\"@id\":\"https:\/\/www.he-arc.ch\/en\/engineering\/bachelors\/registration-bachelors\/\",\"url\":\"https:\/\/www.he-arc.ch\/en\/engineering\/bachelors\/registration-bachelors\/\",\"name\":\"Registration for Bachelors in Engineering - Haute-Ecole Arc\",\"isPartOf\":{\"@id\":\"https:\/\/www.he-arc.ch\/en\/#website\"},\"primaryImageOfPage\":{\"@id\":\"https:\/\/www.he-arc.ch\/en\/engineering\/bachelors\/registration-bachelors\/#primaryimage\"},\"image\":{\"@id\":\"https:\/\/www.he-arc.ch\/en\/engineering\/bachelors\/registration-bachelors\/#primaryimage\"},\"thumbnailUrl\":\"https:\/\/www.he-arc.ch\/wp-content\/uploads\/2021\/11\/he_arc_ingenierie_inscription-1024x1024.jpg\",\"datePublished\":\"2021-08-18T05:43:28+00:00\",\"dateModified\":\"2026-03-05T15:23:53+00:00\",\"description\":\"Bachelor of Engineering registration at Arc School of Engineering: application process, admission requirements, diploma equivalence, post-secondary admission, and enrollment.\",\"breadcrumb\":{\"@id\":\"https:\/\/www.he-arc.ch\/en\/engineering\/bachelors\/registration-bachelors\/#breadcrumb\"},\"inLanguage\":\"en-US\",\"potentialAction\":[{\"@type\":\"ReadAction\",\"target\":[\"https:\/\/www.he-arc.ch\/en\/engineering\/bachelors\/registration-bachelors\/\"]}]},{\"@type\":\"ImageObject\",\"inLanguage\":\"en-US\",\"@id\":\"https:\/\/www.he-arc.ch\/en\/engineering\/bachelors\/registration-bachelors\/#primaryimage\",\"url\":\"https:\/\/www.he-arc.ch\/wp-content\/uploads\/2021\/11\/he_arc_ingenierie_inscription-1024x1024.jpg\",\"contentUrl\":\"https:\/\/www.he-arc.ch\/wp-content\/uploads\/2021\/11\/he_arc_ingenierie_inscription-1024x1024.jpg\"},{\"@type\":\"BreadcrumbList\",\"@id\":\"https:\/\/www.he-arc.ch\/en\/engineering\/bachelors\/registration-bachelors\/#breadcrumb\",\"itemListElement\":[{\"@type\":\"ListItem\",\"position\":1,\"name\":\"Accueil\",\"item\":\"https:\/\/www.he-arc.ch\/en\/\"},{\"@type\":\"ListItem\",\"position\":2,\"name\":\"Bachelor&rsquo;s Degree Programs\",\"item\":\"https:\/\/www.he-arc.ch\/en\/engineering\/bachelors\/\"},{\"@type\":\"ListItem\",\"position\":3,\"name\":\"Registration for Bachelors in Engineering\"}]},{\"@type\":\"WebSite\",\"@id\":\"https:\/\/www.he-arc.ch\/en\/#website\",\"url\":\"https:\/\/www.he-arc.ch\/en\/\",\"name\":\"Haute-Ecole Arc\",\"description\":\"Haute \u00e9cole sp\u00e9cialis\u00e9e Suisse. Gestion, Ing\u00e9nierie, Sant\u00e9, Conservation-\u200brestauration.\",\"publisher\":{\"@id\":\"https:\/\/www.he-arc.ch\/en\/#organization\"},\"potentialAction\":[{\"@type\":\"SearchAction\",\"target\":{\"@type\":\"EntryPoint\",\"urlTemplate\":\"https:\/\/www.he-arc.ch\/en\/?s={search_term_string}\"},\"query-input\":{\"@type\":\"PropertyValueSpecification\",\"valueRequired\":true,\"valueName\":\"search_term_string\"}}],\"inLanguage\":\"en-US\"},{\"@type\":\"Organization\",\"@id\":\"https:\/\/www.he-arc.ch\/en\/#organization\",\"name\":\"Haute Ecole Arc\",\"url\":\"https:\/\/www.he-arc.ch\/en\/\",\"logo\":{\"@type\":\"ImageObject\",\"inLanguage\":\"en-US\",\"@id\":\"https:\/\/www.he-arc.ch\/en\/#\/schema\/logo\/image\/\",\"url\":\"https:\/\/www.he-arc.ch\/wp-content\/uploads\/2022\/01\/logo-he-arc.svg\",\"contentUrl\":\"https:\/\/www.he-arc.ch\/wp-content\/uploads\/2022\/01\/logo-he-arc.svg\",\"width\":140,\"height\":42,\"caption\":\"Haute Ecole Arc\"},\"image\":{\"@id\":\"https:\/\/www.he-arc.ch\/en\/#\/schema\/logo\/image\/\"}}]}<\/script>\n<!-- \/ Yoast SEO plugin. -->","yoast_head_json":{"title":"Registration for Bachelors in Engineering - Haute-Ecole Arc","description":"Bachelor of Engineering registration at Arc School of Engineering: application process, admission requirements, diploma equivalence, post-secondary admission, and enrollment.","robots":{"index":"index","follow":"follow","max-snippet":"max-snippet:-1","max-image-preview":"max-image-preview:large","max-video-preview":"max-video-preview:-1"},"canonical":"https:\/\/www.he-arc.ch\/en\/engineering\/bachelors\/registration-bachelors\/","og_locale":"en_US","og_type":"article","og_title":"Registration for Bachelors in Engineering - Haute-Ecole Arc","og_description":"Bachelor of Engineering registration at Arc School of Engineering: application process, admission requirements, diploma equivalence, post-secondary admission, and enrollment.","og_url":"https:\/\/www.he-arc.ch\/en\/engineering\/bachelors\/registration-bachelors\/","og_site_name":"Haute-Ecole Arc","article_modified_time":"2026-03-05T15:23:53+00:00","og_image":[{"url":"https:\/\/www.he-arc.ch\/wp-content\/uploads\/2021\/11\/he_arc_ingenierie_inscription-1024x1024.jpg","type":"","width":"","height":""}],"twitter_card":"summary_large_image","twitter_misc":{"Est. reading time":"1 minute"},"schema":{"@context":"https:\/\/schema.org","@graph":[{"@type":"WebPage","@id":"https:\/\/www.he-arc.ch\/en\/engineering\/bachelors\/registration-bachelors\/","url":"https:\/\/www.he-arc.ch\/en\/engineering\/bachelors\/registration-bachelors\/","name":"Registration for Bachelors in Engineering - Haute-Ecole Arc","isPartOf":{"@id":"https:\/\/www.he-arc.ch\/en\/#website"},"primaryImageOfPage":{"@id":"https:\/\/www.he-arc.ch\/en\/engineering\/bachelors\/registration-bachelors\/#primaryimage"},"image":{"@id":"https:\/\/www.he-arc.ch\/en\/engineering\/bachelors\/registration-bachelors\/#primaryimage"},"thumbnailUrl":"https:\/\/www.he-arc.ch\/wp-content\/uploads\/2021\/11\/he_arc_ingenierie_inscription-1024x1024.jpg","datePublished":"2021-08-18T05:43:28+00:00","dateModified":"2026-03-05T15:23:53+00:00","description":"Bachelor of Engineering registration at Arc School of Engineering: application process, admission requirements, diploma equivalence, post-secondary admission, and enrollment.","breadcrumb":{"@id":"https:\/\/www.he-arc.ch\/en\/engineering\/bachelors\/registration-bachelors\/#breadcrumb"},"inLanguage":"en-US","potentialAction":[{"@type":"ReadAction","target":["https:\/\/www.he-arc.ch\/en\/engineering\/bachelors\/registration-bachelors\/"]}]},{"@type":"ImageObject","inLanguage":"en-US","@id":"https:\/\/www.he-arc.ch\/en\/engineering\/bachelors\/registration-bachelors\/#primaryimage","url":"https:\/\/www.he-arc.ch\/wp-content\/uploads\/2021\/11\/he_arc_ingenierie_inscription-1024x1024.jpg","contentUrl":"https:\/\/www.he-arc.ch\/wp-content\/uploads\/2021\/11\/he_arc_ingenierie_inscription-1024x1024.jpg"},{"@type":"BreadcrumbList","@id":"https:\/\/www.he-arc.ch\/en\/engineering\/bachelors\/registration-bachelors\/#breadcrumb","itemListElement":[{"@type":"ListItem","position":1,"name":"Accueil","item":"https:\/\/www.he-arc.ch\/en\/"},{"@type":"ListItem","position":2,"name":"Bachelor&rsquo;s Degree Programs","item":"https:\/\/www.he-arc.ch\/en\/engineering\/bachelors\/"},{"@type":"ListItem","position":3,"name":"Registration for Bachelors in Engineering"}]},{"@type":"WebSite","@id":"https:\/\/www.he-arc.ch\/en\/#website","url":"https:\/\/www.he-arc.ch\/en\/","name":"Haute-Ecole Arc","description":"Haute \u00e9cole sp\u00e9cialis\u00e9e Suisse. Gestion, Ing\u00e9nierie, Sant\u00e9, Conservation-\u200brestauration.","publisher":{"@id":"https:\/\/www.he-arc.ch\/en\/#organization"},"potentialAction":[{"@type":"SearchAction","target":{"@type":"EntryPoint","urlTemplate":"https:\/\/www.he-arc.ch\/en\/?s={search_term_string}"},"query-input":{"@type":"PropertyValueSpecification","valueRequired":true,"valueName":"search_term_string"}}],"inLanguage":"en-US"},{"@type":"Organization","@id":"https:\/\/www.he-arc.ch\/en\/#organization","name":"Haute Ecole Arc","url":"https:\/\/www.he-arc.ch\/en\/","logo":{"@type":"ImageObject","inLanguage":"en-US","@id":"https:\/\/www.he-arc.ch\/en\/#\/schema\/logo\/image\/","url":"https:\/\/www.he-arc.ch\/wp-content\/uploads\/2022\/01\/logo-he-arc.svg","contentUrl":"https:\/\/www.he-arc.ch\/wp-content\/uploads\/2022\/01\/logo-he-arc.svg","width":140,"height":42,"caption":"Haute Ecole Arc"},"image":{"@id":"https:\/\/www.he-arc.ch\/en\/#\/schema\/logo\/image\/"}}]}},"_links":{"self":[{"href":"https:\/\/www.he-arc.ch\/en\/wp-json\/wp\/v2\/pages\/36421","targetHints":{"allow":["GET"]}}],"collection":[{"href":"https:\/\/www.he-arc.ch\/en\/wp-json\/wp\/v2\/pages"}],"about":[{"href":"https:\/\/www.he-arc.ch\/en\/wp-json\/wp\/v2\/types\/page"}],"author":[{"embeddable":true,"href":"https:\/\/www.he-arc.ch\/en\/wp-json\/wp\/v2\/users\/6"}],"replies":[{"embeddable":true,"href":"https:\/\/www.he-arc.ch\/en\/wp-json\/wp\/v2\/comments?post=36421"}],"version-history":[{"count":22,"href":"https:\/\/www.he-arc.ch\/en\/wp-json\/wp\/v2\/pages\/36421\/revisions"}],"predecessor-version":[{"id":79556,"href":"https:\/\/www.he-arc.ch\/en\/wp-json\/wp\/v2\/pages\/36421\/revisions\/79556"}],"up":[{"embeddable":true,"href":"https:\/\/www.he-arc.ch\/en\/wp-json\/wp\/v2\/pages\/35472"}],"wp:attachment":[{"href":"https:\/\/www.he-arc.ch\/en\/wp-json\/wp\/v2\/media?parent=36421"}],"wp:term":[{"taxonomy":"he-arc_domain","embeddable":true,"href":"https:\/\/www.he-arc.ch\/en\/wp-json\/wp\/v2\/he-arc_domain?post=36421"}],"curies":[{"name":"wp","href":"https:\/\/api.w.org\/{rel}","templated":true}]}}