{"id":36428,"date":"2021-09-28T11:44:13","date_gmt":"2021-09-28T09:44:13","guid":{"rendered":"https:\/\/www.he-arc.ch\/?p=36428"},"modified":"2025-08-15T14:23:47","modified_gmt":"2025-08-15T12:23:47","slug":"further-education","status":"publish","type":"page","link":"https:\/\/www.he-arc.ch\/en\/engineering\/further-education\/","title":{"rendered":"Continuing Education"},"content":{"rendered":"<header class=\"hero-section is-simple page-max is-wide\">\n  <div class=\"hero\">\n    <div class=\"hero-nav page-max\">\n      \n  <div class=\"breadcrumb hidden-print\">\n    <div class=\"breadcrumb-house\"><img decoding=\"async\" src=\"https:\/\/www.he-arc.ch\/wp-content\/themes\/he-arc\/static\/images\/icon-house.svg\" loading=\"lazy\" alt=\"\" height=\"12\"><\/div>\n    <a href=\"https:\/\/www.he-arc.ch\/en\/\" class=\"breadcrumb-link\">HE-Arc<\/a>\n    <div class=\"breadcrumb-bullet\"><\/div>\n\n          <a href=\"\/\/\" class=\"breadcrumb-link\"><\/a>\n      <div class=\"breadcrumb-bullet\"><\/div>\n    \n    \n              \n    \n    \n    \n    <span class=\"breadcrumb-link is-active pointer-none\">Continuing Education<\/span>\n  <\/div>\n\n          <\/div>\n    <div class=\"hero-row is-simple page-max\">\n      <div>\n        <span class=\"hero__overline display-block\"><\/span>\n        <h1 class=\"hero__title is-small\">Continuing Education<\/h1>\n      <\/div>\n    <\/div>\n  <\/div>\n<\/header>\n\n\n<section class=\"page-section\">\n\n  <div class=\"page-menu--mobile is-shadowed--bold\">\n    <a href=\"#sidebar_contact\" class=\"btn-link border-none w-inline-block\">\n      <span class=\"btn-link__title is-goto\">Contact and Infos<\/span>\n    <\/a>\n  <\/div>\n\n  <div class=\"page-section__inner page-max\">\n\n    <div class=\"article__content is-with-aside\">\n\n      <div class=\"rich-text w-richtext\">\n                \n<div class=\"article__intro rich-text is-large w-richtext\">\n      <p><strong><span style=\"font-weight: 400;\">The Haute Ecole Arc Ing\u00e9nierie delivers continuing education programs that allow you to improve your employability by deepening and broadening your professional skills.<\/span><\/strong><\/p>\n\n  <\/div>\n\n\n\n<div class=\"accordion-wrapper mt-4 \">\n    <!--div class=\"page-max\">\n    <h2 class=\"section-subtitle is-large\"><\/h2>\n  <\/div-->\n  \n\n<div class=\"mb-2-5 \">\n    <div id=\"accordion-block_53ac65074d741ed64a753ff910520471\"\n      class=\" accordion-item collapsed is-shadowed is-compact\"\n      data-toggle=\"collapse\" data-target=\"#accordion-pane-block_53ac65074d741ed64a753ff910520471\">\n    <div class=\"accordion-item__heading\">\n      <h2 class=\"accordion-item__title  is-small\">Masters of Advanced Studies<\/h2>\n    <\/div>\n    <span class=\"accordion-item__toggle hidden-print collapsed w-inline-block\">\n      <span class=\"plus-bar-1\"><\/span>\n      <span class=\"plus-bar-2\"><\/span>\n    <\/span>\n  <\/div>\n\n  <div id=\"accordion-pane-block_53ac65074d741ed64a753ff910520471\" class=\"accordion-pane show-print collapse \">\n    <div class=\"rich-text mt-2 w-richtext\">\n\n      \n\n<p>The Master of Advanced Studies (MAS) is a certified continuing education title that corresponds to a minimum of 60 ECTS credits.<\/p>\n\n\n\n<div class=\"cta-cards is-contained \">\n\n  \n  \n    \n\t      <ul class=\"flex-row mt-3 w-list-unstyled\">\n              <li class=\"size-1-2 size-full-mobile\">\n  \n    <a href=\"https:\/\/www.he-arc.ch\/en\/engineering\/continuing-education\/mas-in-watch-design\/\"  class=\"cta-card is-shadowed flex-column\">\n  \n          <div class=\"image-wrapper--landscape\" style=\"background-image: url(https:\/\/www.he-arc.ch\/wp-content\/uploads\/2021\/09\/MAS-CH-300x213.jpg)\"><\/div>\n        \n    <div class=\"cta-card__inner is-with-arrow\">\n            <h3 class=\"cta-card__title pretty-underline is-large\">Watch Design<\/h3>\n      <p class=\"cta-card__description\">Master the new challenges related to watch movement and casing.<\/p>\n              <span class=\"icon-arrow-right cta-card__arrow\" \/>\n          <\/div>\n    <\/a>\n  <\/li>\n              <li class=\"size-1-2 size-full-mobile\">\n  \n    <a href=\"https:\/\/www.he-arc.ch\/en\/engineering\/continuing-education\/mas-in-rapid-application-development\/\"  class=\"cta-card is-shadowed flex-column\">\n  \n          <div class=\"image-wrapper--landscape\" style=\"background-image: url(https:\/\/www.he-arc.ch\/wp-content\/uploads\/2021\/11\/he_arc_ingenierie_mas_rad-300x186.jpg)\"><\/div>\n        \n    <div class=\"cta-card__inner is-with-arrow\">\n            <h3 class=\"cta-card__title pretty-underline is-large\">Rapid Application Development<\/h3>\n      <p class=\"cta-card__description\">Master the development of IT applications, as well as the management of teams and IT projects.<\/p>\n              <span class=\"icon-arrow-right cta-card__arrow\" \/>\n          <\/div>\n    <\/a>\n  <\/li>\n          <\/ul>\n\n    \n  \n<\/div>\n\n\n    <\/div>\n  <\/div>\n<\/div>\n\n\n\n<div class=\"mb-2-5 \">\n    <div id=\"accordion-block_58311fbd3cbc30641c1f6a56bec8263e\"\n      class=\" accordion-item collapsed is-shadowed is-compact\"\n      data-toggle=\"collapse\" data-target=\"#accordion-pane-block_58311fbd3cbc30641c1f6a56bec8263e\">\n    <div class=\"accordion-item__heading\">\n      <h2 class=\"accordion-item__title  is-small\">Certificates of Advanced Studies<\/h2>\n    <\/div>\n    <span class=\"accordion-item__toggle hidden-print collapsed w-inline-block\">\n      <span class=\"plus-bar-1\"><\/span>\n      <span class=\"plus-bar-2\"><\/span>\n    <\/span>\n  <\/div>\n\n  <div id=\"accordion-pane-block_58311fbd3cbc30641c1f6a56bec8263e\" class=\"accordion-pane show-print collapse \">\n    <div class=\"rich-text mt-2 w-richtext\">\n\n      \n\n<p>The Certificate of Advanced Studies (CAS) is a continuing education title that corresponds to a minimum of 10 ECTS credits.<\/p>\n\n\n\n<div class=\"cta-cards is-contained \">\n\n  \n  \n    \n\t      <ul class=\"flex-row mt-3 w-list-unstyled\">\n              <li class=\"size-1-2 size-full-mobile\">\n  \n    <a href=\"https:\/\/www.he-arc.ch\/en\/engineering\/continuing-education\/cas-in-introduction-to-software-development-and-data-processing\/\"  class=\"cta-card is-shadowed flex-column\">\n  \n          <div class=\"image-wrapper--landscape\" style=\"background-image: url(https:\/\/www.he-arc.ch\/wp-content\/uploads\/2021\/11\/he_arc_ingenierie_mas_rad_cas_idd-300x186.jpg)\"><\/div>\n        \n    <div class=\"cta-card__inner is-with-arrow\">\n            <div class=\"cta-card__overline\">MAS in Rapid Application Development<\/div>\n            <h3 class=\"cta-card__title pretty-underline is-large\">Introduction to Software Development and Data Processing<\/h3>\n      <p class=\"cta-card__description\">Learn about software development and its tools, as well as data processing and visualization.<\/p>\n              <span class=\"icon-arrow-right cta-card__arrow\" \/>\n          <\/div>\n    <\/a>\n  <\/li>\n              <li class=\"size-1-2 size-full-mobile\">\n  \n    <a href=\"https:\/\/www.he-arc.ch\/en\/engineering\/continuing-education\/cas-in-web-application-development\/\"  class=\"cta-card is-shadowed flex-column\">\n  \n          <div class=\"image-wrapper--landscape\" style=\"background-image: url(https:\/\/www.he-arc.ch\/wp-content\/uploads\/2021\/11\/he_arc_ingenierie_mas_rad_cas_daw-300x186.jpg)\"><\/div>\n        \n    <div class=\"cta-card__inner is-with-arrow\">\n            <div class=\"cta-card__overline\">MAS in Rapid Application Development<\/div>\n            <h3 class=\"cta-card__title pretty-underline is-large\">Web Application Development<\/h3>\n      <p class=\"cta-card__description\">Apply web technologies in your job as an engineer.<\/p>\n              <span class=\"icon-arrow-right cta-card__arrow\" \/>\n          <\/div>\n    <\/a>\n  <\/li>\n          <\/ul>\n\n    \n  \n    \n\t      <ul class=\"flex-row  w-list-unstyled\">\n              <li class=\"size-1-2 size-full-mobile\">\n  \n    <a href=\"https:\/\/www.he-arc.ch\/en\/engineering\/continuing-education\/cas-in-rich-application-development\/\"  class=\"cta-card is-shadowed flex-column\">\n  \n          <div class=\"image-wrapper--landscape\" style=\"background-image: url(https:\/\/www.he-arc.ch\/wp-content\/uploads\/2021\/11\/he_arc_ingenierie_mas_rad_cas_dar-300x186.jpg)\"><\/div>\n        \n    <div class=\"cta-card__inner is-with-arrow\">\n            <div class=\"cta-card__overline\">MAS in Rapid Application Development<\/div>\n            <h3 class=\"cta-card__title pretty-underline is-large\">Rich Application Development<\/h3>\n      <p class=\"cta-card__description\">Deepen your skills in advanced web development, mainly related to the digitalization of your company.<\/p>\n              <span class=\"icon-arrow-right cta-card__arrow\" \/>\n          <\/div>\n    <\/a>\n  <\/li>\n              <li class=\"size-1-2 size-full-mobile\">\n  \n    <a href=\"https:\/\/www.he-arc.ch\/en\/engineering\/continuing-education\/cas-in-software-engineering-and-agile-methods\/\"  class=\"cta-card is-shadowed flex-column\">\n  \n          <div class=\"image-wrapper--landscape\" style=\"background-image: url(https:\/\/www.he-arc.ch\/wp-content\/uploads\/2021\/11\/he_arc_ingenierie_mas_rad_cas_gma-300x186.jpg)\"><\/div>\n        \n    <div class=\"cta-card__inner is-with-arrow\">\n            <div class=\"cta-card__overline\">MAS in Rapid Application Development<\/div>\n            <h3 class=\"cta-card__title pretty-underline is-large\">Software Engineering and Agile Methods<\/h3>\n      <p class=\"cta-card__description\">Manage your software development projects and make them successful.<\/p>\n              <span class=\"icon-arrow-right cta-card__arrow\" \/>\n          <\/div>\n    <\/a>\n  <\/li>\n          <\/ul>\n\n    \n  \n    \n\t      <ul class=\"flex-row  w-list-unstyled\">\n              <li class=\"size-full\">\n  \n  \n        <a href=\"https:\/\/www.he-arc.ch\/en\/engineering\/continuing-education\/cas-in-embedded-security\/\"  class=\"cta-card is-wide is-shadowed\">\n                <div class=\"cta-card__image  \" style=\"background-image: url(https:\/\/www.he-arc.ch\/wp-content\/uploads\/2021\/09\/haute-ecole-arc-ingenierie-cas-se-securite-embarquee-300x174.jpg)\"><\/div>\n            <div class=\"cta-card__inner is-with-arrow\">\n                <h3 class=\"cta-card__title pretty-underline is-xlarge\">Embedded Security<\/h3>\n        <p class=\"cta-card__description is-large\">Develop secure, reliable and high-performance applications in the fields of embedded and Internet of Things.<\/p>\n                  <span class=\"icon-arrow-right cta-card__arrow\" \/>\n              <\/div>\n        <\/a>\n    \n  \n<\/li>\n          <\/ul>\n    \n  \n<\/div>\n\n\n    <\/div>\n  <\/div>\n<\/div>\n\n\n\n<div class=\"mb-2-5 \">\n    <div id=\"accordion-block_e692d3bfb4195765fc3bc1a16f341cff\"\n      class=\" accordion-item collapsed is-shadowed is-compact\"\n      data-toggle=\"collapse\" data-target=\"#accordion-pane-block_e692d3bfb4195765fc3bc1a16f341cff\">\n    <div class=\"accordion-item__heading\">\n      <h2 class=\"accordion-item__title  is-small\">Short Sessions for Professionnals<\/h2>\n    <\/div>\n    <span class=\"accordion-item__toggle hidden-print collapsed w-inline-block\">\n      <span class=\"plus-bar-1\"><\/span>\n      <span class=\"plus-bar-2\"><\/span>\n    <\/span>\n  <\/div>\n\n  <div id=\"accordion-pane-block_e692d3bfb4195765fc3bc1a16f341cff\" class=\"accordion-pane show-print collapse \">\n    <div class=\"rich-text mt-2 w-richtext\">\n\n      \n\n<div class=\"cta-cards  \">\n\n    \n      \n        <ul class=\"flex-row mt-3 w-list-unstyled\">\n              <li class=\"size-full\">\n  \n  \n        <a href=\"https:\/\/www.he-arc.ch\/en\/engineering\/innovation-labs\/agile-academy\/\"  class=\"cta-card is-wide is-shadowed\">\n                <div class=\"cta-card__image center \" style=\"background-image: url(https:\/\/www.he-arc.ch\/wp-content\/uploads\/2024\/11\/he_arc_ingenierie_agile_academy-300x200.jpg)\"><\/div>\n            <div class=\"cta-card__inner is-with-arrow\">\n                <h3 class=\"cta-card__title pretty-underline is-xlarge\">Agile Academy<\/h3>\n        <p class=\"cta-card__description is-large\">Partnership between Richemont and the Arc School of Engineering: modular training platform in Lean, which aims at optimizing value creation processes by implementing solutions accepted by all.<\/p>\n                  <span class=\"icon-arrow-right cta-card__arrow\" \/>\n              <\/div>\n        <\/a>\n    \n  \n<\/li>\n          <\/ul>\n    \n      \n        <ul class=\"flex-row  w-list-unstyled\">\n              <li class=\"size-full\">\n  \n  \n        <div class=\"cta-card is-wide is-shadowed\">\n                <div class=\"cta-card__image center \" style=\"background-image: url(https:\/\/www.he-arc.ch\/wp-content\/uploads\/2024\/10\/he_arc_ingenierie_turboformations-300x169.png)\"><\/div>\n            <div class=\"cta-card__inner \">\n                <h3 class=\"cta-card__title  is-xlarge\">Accelerated Courses<\/h3>\n        <p class=\"cta-card__description is-large\">Partnership between Swiss Engineering and the Arc School of Engineering: short, simple, and effective courses that combine discovery, theory, and practice, followed by individual work in the form of mini-projects.<\/p>\n              <\/div>\n        <\/div>\n    \n  \n<\/li>\n          <\/ul>\n    \n  \n<\/div>\n\n    <\/div>\n  <\/div>\n<\/div>\n\n\n\n<div class=\"mb-2-5 \">\n    <div id=\"accordion-block_32358e6679010c65f21f8da1f39b8216\"\n      class=\" accordion-item collapsed is-shadowed is-compact\"\n      data-toggle=\"collapse\" data-target=\"#accordion-pane-block_32358e6679010c65f21f8da1f39b8216\">\n    <div class=\"accordion-item__heading\">\n      <h2 class=\"accordion-item__title  is-small\">Custom Programs<\/h2>\n    <\/div>\n    <span class=\"accordion-item__toggle hidden-print collapsed w-inline-block\">\n      <span class=\"plus-bar-1\"><\/span>\n      <span class=\"plus-bar-2\"><\/span>\n    <\/span>\n  <\/div>\n\n  <div id=\"accordion-pane-block_32358e6679010c65f21f8da1f39b8216\" class=\"accordion-pane show-print collapse \">\n    <div class=\"rich-text mt-2 w-richtext\">\n\n      \n\n<p>On request, the Haute Ecole Arc Ing\u00e9nierie can organise specific programs, with access to its laboratories, mainly in the fields of metrology and quality engineering.<\/p>\n\n\n    <\/div>\n  <\/div>\n<\/div>\n\n\n<\/div>\n\n\n\n<p><\/p>\n\n\n            <\/div>\n\n    <\/div>\n\n    <div class=\"article__aside w-100p\" id=\"sidebar_contact\">\n\n  <aside class=\"page-section__aside\">\n    <\/aside>\n\n      <div class=\" w-100p\">\n              <h4 class=\"link-list__title\">Contact<\/h4>\n        \n<div id=\"contact-card-block_7f41480e7421c1fb26eeb338fd2ea886\" class=\"contact-card is-shadowed  is-not-contained\">\n  <div class=\"contact-card__inner\">\n                <div class=\"contact-entry mb-1\">\n        Deputy Director for Continuing Education:\n      <\/div>\n                      <div class=\"contact-entry mb-1\">\n        Nabil Ouerhani\n      <\/div>\n                      <div class=\"contact-entry mb-1\">\n        <a href=\"tel:+41329302208\"  class=\"simple-link contact-entry mb-1\">+ 41 32 930 22 08<\/a>\n      <\/div>\n                      <div class=\"contact-entry \">\n        <a href=\"mailto:Nabil.Ouerhani@he-arc.ch\"  class=\"simple-link contact-entry mb-1\">Nabil.Ouerhani@he-arc.ch<\/a>\n      <\/div>\n            <\/div>\n<\/div>\n          <\/div>\n\n  <\/div>\n\n  <\/div>\n<\/section>\n\n\n<section id_=\"page-section-block_619764c5d740f\"\n         class=\" bg-white page-section\">\n\n    <span id=\"agenda\" class=\"scrollto-offset\"><\/span>\n  \n  <h2 class=\"section-title page-max \">Agenda and News<\/h2>\n  <div class=\"page-section__inner page-max\">\n\n    <div class=\"page-section__content rich-text is-with-aside\">\n\n              \n      <p>No events are planned in the near future.<\/p>\n  \n\n  \n\n      \n    <\/div>\n\n    <div class=\"page-section__aside w-100p\" id=\"sidebar_contact\">\n\n  \n      <div class=\" w-100p\">\n              <div id=\"download-links-block_619764c5d740f\" class=\"\">\n  <div class=\"link-list\">\n\n        <h4 class=\"link-list__title\">Links and documents<\/h4>\n    \n    \n      <div class=\"link-list__item\">\n\t            <a href=\"https:\/\/www.he-arc.ch\/en\/events\/?_domain=ingenierie\" class=\"simple-link\" >\n          See all events\n        <\/a>\n            <\/div>\n\n    \n      <div class=\"link-list__item\">\n\t            <a href=\"https:\/\/www.he-arc.ch\/en\/he-arc-en\/news\/?_domain=ingenierie\" class=\"simple-link\" >\n          See all news\n        <\/a>\n            <\/div>\n\n      <\/div>\n<\/div>\n          <\/div>\n\n  <\/div>\n\n  <\/div>\n<\/section>\n","protected":false},"excerpt":{"rendered":"","protected":false},"author":6,"featured_media":0,"parent":0,"menu_order":221,"comment_status":"closed","ping_status":"closed","template":"","meta":{"_acf_changed":false,"footnotes":""},"he-arc_domain":[150],"class_list":["post-36428","page","type-page","status-publish","hentry","he-arc_domain-engineering"],"acf":[],"yoast_head":"<!-- This site is optimized with the Yoast SEO plugin v26.6 - https:\/\/yoast.com\/wordpress\/plugins\/seo\/ -->\n<title>Continuing Education - Haute-Ecole Arc<\/title>\n<meta name=\"description\" content=\"Continuing education at the Arc School of Engineering: MAS, CAS, short sessions for professionals or custom programs.\" \/>\n<meta name=\"robots\" content=\"index, follow, max-snippet:-1, max-image-preview:large, max-video-preview:-1\" \/>\n<link rel=\"canonical\" href=\"https:\/\/www.he-arc.ch\/en\/engineering\/further-education\/\" \/>\n<meta property=\"og:locale\" content=\"en_US\" \/>\n<meta property=\"og:type\" content=\"article\" \/>\n<meta property=\"og:title\" content=\"Continuing Education - Haute-Ecole Arc\" \/>\n<meta property=\"og:description\" content=\"Continuing education at the Arc School of Engineering: MAS, CAS, short sessions for professionals or custom programs.\" \/>\n<meta property=\"og:url\" content=\"https:\/\/www.he-arc.ch\/en\/engineering\/further-education\/\" \/>\n<meta property=\"og:site_name\" content=\"Haute-Ecole Arc\" \/>\n<meta property=\"article:modified_time\" content=\"2025-08-15T12:23:47+00:00\" \/>\n<meta name=\"twitter:card\" content=\"summary_large_image\" \/>\n<meta name=\"twitter:label1\" content=\"Est. reading time\" \/>\n\t<meta name=\"twitter:data1\" content=\"1 minute\" \/>\n<script type=\"application\/ld+json\" class=\"yoast-schema-graph\">{\"@context\":\"https:\/\/schema.org\",\"@graph\":[{\"@type\":\"WebPage\",\"@id\":\"https:\/\/www.he-arc.ch\/en\/engineering\/further-education\/\",\"url\":\"https:\/\/www.he-arc.ch\/en\/engineering\/further-education\/\",\"name\":\"Continuing Education - Haute-Ecole Arc\",\"isPartOf\":{\"@id\":\"https:\/\/www.he-arc.ch\/en\/#website\"},\"datePublished\":\"2021-09-28T09:44:13+00:00\",\"dateModified\":\"2025-08-15T12:23:47+00:00\",\"description\":\"Continuing education at the Arc School of Engineering: MAS, CAS, short sessions for professionals or custom programs.\",\"breadcrumb\":{\"@id\":\"https:\/\/www.he-arc.ch\/en\/engineering\/further-education\/#breadcrumb\"},\"inLanguage\":\"en-US\",\"potentialAction\":[{\"@type\":\"ReadAction\",\"target\":[\"https:\/\/www.he-arc.ch\/en\/engineering\/further-education\/\"]}]},{\"@type\":\"BreadcrumbList\",\"@id\":\"https:\/\/www.he-arc.ch\/en\/engineering\/further-education\/#breadcrumb\",\"itemListElement\":[{\"@type\":\"ListItem\",\"position\":1,\"name\":\"Accueil\",\"item\":\"https:\/\/www.he-arc.ch\/en\/\"},{\"@type\":\"ListItem\",\"position\":2,\"name\":\"Continuing Education\"}]},{\"@type\":\"WebSite\",\"@id\":\"https:\/\/www.he-arc.ch\/en\/#website\",\"url\":\"https:\/\/www.he-arc.ch\/en\/\",\"name\":\"Haute-Ecole Arc\",\"description\":\"Haute \u00e9cole sp\u00e9cialis\u00e9e Suisse. Gestion, Ing\u00e9nierie, Sant\u00e9, Conservation-\u200brestauration.\",\"publisher\":{\"@id\":\"https:\/\/www.he-arc.ch\/en\/#organization\"},\"potentialAction\":[{\"@type\":\"SearchAction\",\"target\":{\"@type\":\"EntryPoint\",\"urlTemplate\":\"https:\/\/www.he-arc.ch\/en\/?s={search_term_string}\"},\"query-input\":{\"@type\":\"PropertyValueSpecification\",\"valueRequired\":true,\"valueName\":\"search_term_string\"}}],\"inLanguage\":\"en-US\"},{\"@type\":\"Organization\",\"@id\":\"https:\/\/www.he-arc.ch\/en\/#organization\",\"name\":\"Haute Ecole Arc\",\"url\":\"https:\/\/www.he-arc.ch\/en\/\",\"logo\":{\"@type\":\"ImageObject\",\"inLanguage\":\"en-US\",\"@id\":\"https:\/\/www.he-arc.ch\/en\/#\/schema\/logo\/image\/\",\"url\":\"https:\/\/www.he-arc.ch\/wp-content\/uploads\/2022\/01\/logo-he-arc.svg\",\"contentUrl\":\"https:\/\/www.he-arc.ch\/wp-content\/uploads\/2022\/01\/logo-he-arc.svg\",\"width\":140,\"height\":42,\"caption\":\"Haute Ecole Arc\"},\"image\":{\"@id\":\"https:\/\/www.he-arc.ch\/en\/#\/schema\/logo\/image\/\"}}]}<\/script>\n<!-- \/ Yoast SEO plugin. -->","yoast_head_json":{"title":"Continuing Education - Haute-Ecole Arc","description":"Continuing education at the Arc School of Engineering: MAS, CAS, short sessions for professionals or custom programs.","robots":{"index":"index","follow":"follow","max-snippet":"max-snippet:-1","max-image-preview":"max-image-preview:large","max-video-preview":"max-video-preview:-1"},"canonical":"https:\/\/www.he-arc.ch\/en\/engineering\/further-education\/","og_locale":"en_US","og_type":"article","og_title":"Continuing Education - Haute-Ecole Arc","og_description":"Continuing education at the Arc School of Engineering: MAS, CAS, short sessions for professionals or custom programs.","og_url":"https:\/\/www.he-arc.ch\/en\/engineering\/further-education\/","og_site_name":"Haute-Ecole Arc","article_modified_time":"2025-08-15T12:23:47+00:00","twitter_card":"summary_large_image","twitter_misc":{"Est. reading time":"1 minute"},"schema":{"@context":"https:\/\/schema.org","@graph":[{"@type":"WebPage","@id":"https:\/\/www.he-arc.ch\/en\/engineering\/further-education\/","url":"https:\/\/www.he-arc.ch\/en\/engineering\/further-education\/","name":"Continuing Education - Haute-Ecole Arc","isPartOf":{"@id":"https:\/\/www.he-arc.ch\/en\/#website"},"datePublished":"2021-09-28T09:44:13+00:00","dateModified":"2025-08-15T12:23:47+00:00","description":"Continuing education at the Arc School of Engineering: MAS, CAS, short sessions for professionals or custom programs.","breadcrumb":{"@id":"https:\/\/www.he-arc.ch\/en\/engineering\/further-education\/#breadcrumb"},"inLanguage":"en-US","potentialAction":[{"@type":"ReadAction","target":["https:\/\/www.he-arc.ch\/en\/engineering\/further-education\/"]}]},{"@type":"BreadcrumbList","@id":"https:\/\/www.he-arc.ch\/en\/engineering\/further-education\/#breadcrumb","itemListElement":[{"@type":"ListItem","position":1,"name":"Accueil","item":"https:\/\/www.he-arc.ch\/en\/"},{"@type":"ListItem","position":2,"name":"Continuing Education"}]},{"@type":"WebSite","@id":"https:\/\/www.he-arc.ch\/en\/#website","url":"https:\/\/www.he-arc.ch\/en\/","name":"Haute-Ecole Arc","description":"Haute \u00e9cole sp\u00e9cialis\u00e9e Suisse. Gestion, Ing\u00e9nierie, Sant\u00e9, Conservation-\u200brestauration.","publisher":{"@id":"https:\/\/www.he-arc.ch\/en\/#organization"},"potentialAction":[{"@type":"SearchAction","target":{"@type":"EntryPoint","urlTemplate":"https:\/\/www.he-arc.ch\/en\/?s={search_term_string}"},"query-input":{"@type":"PropertyValueSpecification","valueRequired":true,"valueName":"search_term_string"}}],"inLanguage":"en-US"},{"@type":"Organization","@id":"https:\/\/www.he-arc.ch\/en\/#organization","name":"Haute Ecole Arc","url":"https:\/\/www.he-arc.ch\/en\/","logo":{"@type":"ImageObject","inLanguage":"en-US","@id":"https:\/\/www.he-arc.ch\/en\/#\/schema\/logo\/image\/","url":"https:\/\/www.he-arc.ch\/wp-content\/uploads\/2022\/01\/logo-he-arc.svg","contentUrl":"https:\/\/www.he-arc.ch\/wp-content\/uploads\/2022\/01\/logo-he-arc.svg","width":140,"height":42,"caption":"Haute Ecole Arc"},"image":{"@id":"https:\/\/www.he-arc.ch\/en\/#\/schema\/logo\/image\/"}}]}},"_links":{"self":[{"href":"https:\/\/www.he-arc.ch\/en\/wp-json\/wp\/v2\/pages\/36428","targetHints":{"allow":["GET"]}}],"collection":[{"href":"https:\/\/www.he-arc.ch\/en\/wp-json\/wp\/v2\/pages"}],"about":[{"href":"https:\/\/www.he-arc.ch\/en\/wp-json\/wp\/v2\/types\/page"}],"author":[{"embeddable":true,"href":"https:\/\/www.he-arc.ch\/en\/wp-json\/wp\/v2\/users\/6"}],"replies":[{"embeddable":true,"href":"https:\/\/www.he-arc.ch\/en\/wp-json\/wp\/v2\/comments?post=36428"}],"version-history":[{"count":11,"href":"https:\/\/www.he-arc.ch\/en\/wp-json\/wp\/v2\/pages\/36428\/revisions"}],"predecessor-version":[{"id":71115,"href":"https:\/\/www.he-arc.ch\/en\/wp-json\/wp\/v2\/pages\/36428\/revisions\/71115"}],"wp:attachment":[{"href":"https:\/\/www.he-arc.ch\/en\/wp-json\/wp\/v2\/media?parent=36428"}],"wp:term":[{"taxonomy":"he-arc_domain","embeddable":true,"href":"https:\/\/www.he-arc.ch\/en\/wp-json\/wp\/v2\/he-arc_domain?post=36428"}],"curies":[{"name":"wp","href":"https:\/\/api.w.org\/{rel}","templated":true}]}}