{"id":36434,"date":"2021-11-12T12:37:03","date_gmt":"2021-11-12T11:37:03","guid":{"rendered":"https:\/\/www.he-arc.ch\/?p=36434"},"modified":"2025-08-15T14:32:52","modified_gmt":"2025-08-15T12:32:52","slug":"mas","status":"publish","type":"page","link":"https:\/\/www.he-arc.ch\/en\/engineering\/further-education\/mas\/","title":{"rendered":"Masters of Advanced Studies (MAS)"},"content":{"rendered":"<header class=\"hero-section is-simple page-max is-wide\">\n  <div class=\"hero\">\n    <div class=\"hero-nav page-max\">\n      \n  <div class=\"breadcrumb hidden-print\">\n    <div class=\"breadcrumb-house\"><img decoding=\"async\" src=\"https:\/\/www.he-arc.ch\/wp-content\/themes\/he-arc\/static\/images\/icon-house.svg\" loading=\"lazy\" alt=\"\" height=\"12\"><\/div>\n    <a href=\"https:\/\/www.he-arc.ch\/en\/\" class=\"breadcrumb-link\">HE-Arc<\/a>\n    <div class=\"breadcrumb-bullet\"><\/div>\n\n          <a href=\"\/\/\" class=\"breadcrumb-link\"><\/a>\n      <div class=\"breadcrumb-bullet\"><\/div>\n    \n    \n              \n    \n    \n          \n      \n      <a href=\"https:\/\/www.he-arc.ch\/en\/engineering\/further-education\/\" class=\"breadcrumb-link\">Continuing Education<\/a>\n      <div class=\"breadcrumb-bullet\"><\/div>\n    \n    <span class=\"breadcrumb-link is-active pointer-none\">MAS<\/span>\n  <\/div>\n\n          <\/div>\n    <div class=\"hero-row is-simple page-max\">\n      <div>\n        <span class=\"hero__overline display-block\"><\/span>\n        <h1 class=\"hero__title is-small\">Masters of Advanced Studies (MAS)<\/h1>\n      <\/div>\n    <\/div>\n  <\/div>\n<\/header>\n\n\n<section class=\"page-section\">\n\n  <div class=\"page-menu--mobile is-shadowed--bold\">\n    <a href=\"#sidebar_contact\" class=\"btn-link border-none w-inline-block\">\n      <span class=\"btn-link__title is-goto\">Contact and Infos<\/span>\n    <\/a>\n  <\/div>\n\n  <div class=\"page-section__inner page-max\">\n\n    <div class=\"article__content is-with-aside\">\n\n      <div class=\"rich-text w-richtext\">\n                \n<div class=\"article__intro rich-text is-large w-richtext\">\n      <p>The Master of Advanced Studies (MAS) is a certified continuing education title that corresponds to a minimum of 60 ECTS credits.<\/p>\n\n  <\/div>\n\n\n\n<h2 class=\"wp-block-heading\">Our Masters of Advanced Studies <\/h2>\n\n\n\n<div class=\"cta-cards is-contained \">\n\n  \n  \n    \n\t      <ul class=\"flex-row mt-3 w-list-unstyled\">\n              <li class=\"size-1-2 size-full-mobile\">\n  \n    <a href=\"https:\/\/www.he-arc.ch\/en\/engineering\/continuing-education\/mas-in-watch-design\/\"  class=\"cta-card is-shadowed flex-column\">\n  \n          <div class=\"image-wrapper--landscape\" style=\"background-image: url(https:\/\/www.he-arc.ch\/wp-content\/uploads\/2021\/09\/MAS-CH-300x213.jpg)\"><\/div>\n        \n    <div class=\"cta-card__inner is-with-arrow\">\n            <h3 class=\"cta-card__title pretty-underline is-large\">Watch Design<\/h3>\n      <p class=\"cta-card__description\">Master the new challenges related to watch movement and casing.<\/p>\n              <span class=\"icon-arrow-right cta-card__arrow\" \/>\n          <\/div>\n    <\/a>\n  <\/li>\n              <li class=\"size-1-2 size-full-mobile\">\n  \n    <a href=\"https:\/\/www.he-arc.ch\/en\/engineering\/continuing-education\/mas-in-rapid-application-development\/\"  class=\"cta-card is-shadowed flex-column\">\n  \n          <div class=\"image-wrapper--landscape\" style=\"background-image: url(https:\/\/www.he-arc.ch\/wp-content\/uploads\/2021\/11\/he_arc_ingenierie_mas_rad-300x186.jpg)\"><\/div>\n        \n    <div class=\"cta-card__inner is-with-arrow\">\n            <h3 class=\"cta-card__title pretty-underline is-large\">Rapid Application Development<\/h3>\n      <p class=\"cta-card__description\">Master the development of IT applications, as well as the management of teams and IT projects.<\/p>\n              <span class=\"icon-arrow-right cta-card__arrow\" \/>\n          <\/div>\n    <\/a>\n  <\/li>\n          <\/ul>\n\n    \n  \n<\/div>\n\n\n            <\/div>\n\n    <\/div>\n\n    <div class=\"article__aside w-100p\" id=\"sidebar_contact\">\n\n  <aside class=\"page-section__aside\">\n    <\/aside>\n\n      <div class=\" w-100p\">\n              <h4 class=\"link-list__title\">Contact<\/h4>\n        \n<div id=\"contact-card-block_60f6df459cb1e\" class=\"contact-card is-shadowed  is-not-contained\">\n  <div class=\"contact-card__inner\">\n                <div class=\"contact-entry mb-1\">\n        Deputy Director for Continuing Education:\n      <\/div>\n                      <div class=\"contact-entry mb-1\">\n        Nabil Ouerhani\n      <\/div>\n                      <div class=\"contact-entry mb-1\">\n        <a href=\"tel:+41329302208\"  class=\"simple-link contact-entry mb-1\">+ 41 32 930 22 08<\/a>\n      <\/div>\n                      <div class=\"contact-entry \">\n        <a href=\"mailto:Nabil.Ouerhani@he-arc.ch\"  class=\"simple-link contact-entry mb-1\">Nabil.Ouerhani@he-arc.ch<\/a>\n      <\/div>\n            <\/div>\n<\/div>\n          <\/div>\n\n  <\/div>\n\n  <\/div>\n<\/section>\n\n\n\n<p><\/p>\n","protected":false},"excerpt":{"rendered":"","protected":false},"author":6,"featured_media":0,"parent":36428,"menu_order":0,"comment_status":"closed","ping_status":"closed","template":"","meta":{"_acf_changed":false,"footnotes":""},"he-arc_domain":[150],"class_list":["post-36434","page","type-page","status-publish","hentry","he-arc_domain-engineering"],"acf":[],"yoast_head":"<!-- This site is optimized with the Yoast SEO plugin v26.6 - https:\/\/yoast.com\/wordpress\/plugins\/seo\/ -->\n<title>Masters of Advanced Studies (MAS) - Haute-Ecole Arc<\/title>\n<meta name=\"description\" content=\"Masters of Advanced Studies (MAS) HES-SO at the Arc School of Engineering: Watch Design and Rapid Application Development, hands-on continuing education.\" \/>\n<meta name=\"robots\" content=\"index, follow, max-snippet:-1, max-image-preview:large, max-video-preview:-1\" \/>\n<link rel=\"canonical\" href=\"https:\/\/www.he-arc.ch\/en\/engineering\/further-education\/mas\/\" \/>\n<meta property=\"og:locale\" content=\"en_US\" \/>\n<meta property=\"og:type\" content=\"article\" \/>\n<meta property=\"og:title\" content=\"Masters of Advanced Studies (MAS) - Haute-Ecole Arc\" \/>\n<meta property=\"og:description\" content=\"Masters of Advanced Studies (MAS) HES-SO at the Arc School of Engineering: Watch Design and Rapid Application Development, hands-on continuing education.\" \/>\n<meta property=\"og:url\" content=\"https:\/\/www.he-arc.ch\/en\/engineering\/further-education\/mas\/\" \/>\n<meta property=\"og:site_name\" content=\"Haute-Ecole Arc\" \/>\n<meta property=\"article:modified_time\" content=\"2025-08-15T12:32:52+00:00\" \/>\n<meta name=\"twitter:card\" content=\"summary_large_image\" \/>\n<meta name=\"twitter:label1\" content=\"Est. reading time\" \/>\n\t<meta name=\"twitter:data1\" content=\"1 minute\" \/>\n<script type=\"application\/ld+json\" class=\"yoast-schema-graph\">{\"@context\":\"https:\/\/schema.org\",\"@graph\":[{\"@type\":\"WebPage\",\"@id\":\"https:\/\/www.he-arc.ch\/en\/engineering\/further-education\/mas\/\",\"url\":\"https:\/\/www.he-arc.ch\/en\/engineering\/further-education\/mas\/\",\"name\":\"Masters of Advanced Studies (MAS) - Haute-Ecole Arc\",\"isPartOf\":{\"@id\":\"https:\/\/www.he-arc.ch\/en\/#website\"},\"datePublished\":\"2021-11-12T11:37:03+00:00\",\"dateModified\":\"2025-08-15T12:32:52+00:00\",\"description\":\"Masters of Advanced Studies (MAS) HES-SO at the Arc School of Engineering: Watch Design and Rapid Application Development, hands-on continuing education.\",\"breadcrumb\":{\"@id\":\"https:\/\/www.he-arc.ch\/en\/engineering\/further-education\/mas\/#breadcrumb\"},\"inLanguage\":\"en-US\",\"potentialAction\":[{\"@type\":\"ReadAction\",\"target\":[\"https:\/\/www.he-arc.ch\/en\/engineering\/further-education\/mas\/\"]}]},{\"@type\":\"BreadcrumbList\",\"@id\":\"https:\/\/www.he-arc.ch\/en\/engineering\/further-education\/mas\/#breadcrumb\",\"itemListElement\":[{\"@type\":\"ListItem\",\"position\":1,\"name\":\"Accueil\",\"item\":\"https:\/\/www.he-arc.ch\/en\/\"},{\"@type\":\"ListItem\",\"position\":2,\"name\":\"Continuing Education\",\"item\":\"https:\/\/www.he-arc.ch\/en\/engineering\/further-education\/\"},{\"@type\":\"ListItem\",\"position\":3,\"name\":\"Masters of Advanced Studies (MAS)\"}]},{\"@type\":\"WebSite\",\"@id\":\"https:\/\/www.he-arc.ch\/en\/#website\",\"url\":\"https:\/\/www.he-arc.ch\/en\/\",\"name\":\"Haute-Ecole Arc\",\"description\":\"Haute \u00e9cole sp\u00e9cialis\u00e9e Suisse. Gestion, Ing\u00e9nierie, Sant\u00e9, Conservation-\u200brestauration.\",\"publisher\":{\"@id\":\"https:\/\/www.he-arc.ch\/en\/#organization\"},\"potentialAction\":[{\"@type\":\"SearchAction\",\"target\":{\"@type\":\"EntryPoint\",\"urlTemplate\":\"https:\/\/www.he-arc.ch\/en\/?s={search_term_string}\"},\"query-input\":{\"@type\":\"PropertyValueSpecification\",\"valueRequired\":true,\"valueName\":\"search_term_string\"}}],\"inLanguage\":\"en-US\"},{\"@type\":\"Organization\",\"@id\":\"https:\/\/www.he-arc.ch\/en\/#organization\",\"name\":\"Haute Ecole Arc\",\"url\":\"https:\/\/www.he-arc.ch\/en\/\",\"logo\":{\"@type\":\"ImageObject\",\"inLanguage\":\"en-US\",\"@id\":\"https:\/\/www.he-arc.ch\/en\/#\/schema\/logo\/image\/\",\"url\":\"https:\/\/www.he-arc.ch\/wp-content\/uploads\/2022\/01\/logo-he-arc.svg\",\"contentUrl\":\"https:\/\/www.he-arc.ch\/wp-content\/uploads\/2022\/01\/logo-he-arc.svg\",\"width\":140,\"height\":42,\"caption\":\"Haute Ecole Arc\"},\"image\":{\"@id\":\"https:\/\/www.he-arc.ch\/en\/#\/schema\/logo\/image\/\"}}]}<\/script>\n<!-- \/ Yoast SEO plugin. -->","yoast_head_json":{"title":"Masters of Advanced Studies (MAS) - Haute-Ecole Arc","description":"Masters of Advanced Studies (MAS) HES-SO at the Arc School of Engineering: Watch Design and Rapid Application Development, hands-on continuing education.","robots":{"index":"index","follow":"follow","max-snippet":"max-snippet:-1","max-image-preview":"max-image-preview:large","max-video-preview":"max-video-preview:-1"},"canonical":"https:\/\/www.he-arc.ch\/en\/engineering\/further-education\/mas\/","og_locale":"en_US","og_type":"article","og_title":"Masters of Advanced Studies (MAS) - Haute-Ecole Arc","og_description":"Masters of Advanced Studies (MAS) HES-SO at the Arc School of Engineering: Watch Design and Rapid Application Development, hands-on continuing education.","og_url":"https:\/\/www.he-arc.ch\/en\/engineering\/further-education\/mas\/","og_site_name":"Haute-Ecole Arc","article_modified_time":"2025-08-15T12:32:52+00:00","twitter_card":"summary_large_image","twitter_misc":{"Est. reading time":"1 minute"},"schema":{"@context":"https:\/\/schema.org","@graph":[{"@type":"WebPage","@id":"https:\/\/www.he-arc.ch\/en\/engineering\/further-education\/mas\/","url":"https:\/\/www.he-arc.ch\/en\/engineering\/further-education\/mas\/","name":"Masters of Advanced Studies (MAS) - Haute-Ecole Arc","isPartOf":{"@id":"https:\/\/www.he-arc.ch\/en\/#website"},"datePublished":"2021-11-12T11:37:03+00:00","dateModified":"2025-08-15T12:32:52+00:00","description":"Masters of Advanced Studies (MAS) HES-SO at the Arc School of Engineering: Watch Design and Rapid Application Development, hands-on continuing education.","breadcrumb":{"@id":"https:\/\/www.he-arc.ch\/en\/engineering\/further-education\/mas\/#breadcrumb"},"inLanguage":"en-US","potentialAction":[{"@type":"ReadAction","target":["https:\/\/www.he-arc.ch\/en\/engineering\/further-education\/mas\/"]}]},{"@type":"BreadcrumbList","@id":"https:\/\/www.he-arc.ch\/en\/engineering\/further-education\/mas\/#breadcrumb","itemListElement":[{"@type":"ListItem","position":1,"name":"Accueil","item":"https:\/\/www.he-arc.ch\/en\/"},{"@type":"ListItem","position":2,"name":"Continuing Education","item":"https:\/\/www.he-arc.ch\/en\/engineering\/further-education\/"},{"@type":"ListItem","position":3,"name":"Masters of Advanced Studies (MAS)"}]},{"@type":"WebSite","@id":"https:\/\/www.he-arc.ch\/en\/#website","url":"https:\/\/www.he-arc.ch\/en\/","name":"Haute-Ecole Arc","description":"Haute \u00e9cole sp\u00e9cialis\u00e9e Suisse. Gestion, Ing\u00e9nierie, Sant\u00e9, Conservation-\u200brestauration.","publisher":{"@id":"https:\/\/www.he-arc.ch\/en\/#organization"},"potentialAction":[{"@type":"SearchAction","target":{"@type":"EntryPoint","urlTemplate":"https:\/\/www.he-arc.ch\/en\/?s={search_term_string}"},"query-input":{"@type":"PropertyValueSpecification","valueRequired":true,"valueName":"search_term_string"}}],"inLanguage":"en-US"},{"@type":"Organization","@id":"https:\/\/www.he-arc.ch\/en\/#organization","name":"Haute Ecole Arc","url":"https:\/\/www.he-arc.ch\/en\/","logo":{"@type":"ImageObject","inLanguage":"en-US","@id":"https:\/\/www.he-arc.ch\/en\/#\/schema\/logo\/image\/","url":"https:\/\/www.he-arc.ch\/wp-content\/uploads\/2022\/01\/logo-he-arc.svg","contentUrl":"https:\/\/www.he-arc.ch\/wp-content\/uploads\/2022\/01\/logo-he-arc.svg","width":140,"height":42,"caption":"Haute Ecole Arc"},"image":{"@id":"https:\/\/www.he-arc.ch\/en\/#\/schema\/logo\/image\/"}}]}},"_links":{"self":[{"href":"https:\/\/www.he-arc.ch\/en\/wp-json\/wp\/v2\/pages\/36434","targetHints":{"allow":["GET"]}}],"collection":[{"href":"https:\/\/www.he-arc.ch\/en\/wp-json\/wp\/v2\/pages"}],"about":[{"href":"https:\/\/www.he-arc.ch\/en\/wp-json\/wp\/v2\/types\/page"}],"author":[{"embeddable":true,"href":"https:\/\/www.he-arc.ch\/en\/wp-json\/wp\/v2\/users\/6"}],"replies":[{"embeddable":true,"href":"https:\/\/www.he-arc.ch\/en\/wp-json\/wp\/v2\/comments?post=36434"}],"version-history":[{"count":6,"href":"https:\/\/www.he-arc.ch\/en\/wp-json\/wp\/v2\/pages\/36434\/revisions"}],"predecessor-version":[{"id":36447,"href":"https:\/\/www.he-arc.ch\/en\/wp-json\/wp\/v2\/pages\/36434\/revisions\/36447"}],"up":[{"embeddable":true,"href":"https:\/\/www.he-arc.ch\/en\/wp-json\/wp\/v2\/pages\/36428"}],"wp:attachment":[{"href":"https:\/\/www.he-arc.ch\/en\/wp-json\/wp\/v2\/media?parent=36434"}],"wp:term":[{"taxonomy":"he-arc_domain","embeddable":true,"href":"https:\/\/www.he-arc.ch\/en\/wp-json\/wp\/v2\/he-arc_domain?post=36434"}],"curies":[{"name":"wp","href":"https:\/\/api.w.org\/{rel}","templated":true}]}}