{"id":36435,"date":"2021-11-12T12:25:24","date_gmt":"2021-11-12T11:25:24","guid":{"rendered":"https:\/\/www.he-arc.ch\/?p=36435"},"modified":"2025-08-15T14:53:44","modified_gmt":"2025-08-15T12:53:44","slug":"cas","status":"publish","type":"page","link":"https:\/\/www.he-arc.ch\/en\/engineering\/further-education\/cas\/","title":{"rendered":"Certificates of Advanced Studies (CAS)"},"content":{"rendered":"<header class=\"hero-section is-simple page-max is-wide\">\n  <div class=\"hero\">\n    <div class=\"hero-nav page-max\">\n      \n  <div class=\"breadcrumb hidden-print\">\n    <div class=\"breadcrumb-house\"><img decoding=\"async\" src=\"https:\/\/www.he-arc.ch\/wp-content\/themes\/he-arc\/static\/images\/icon-house.svg\" loading=\"lazy\" alt=\"\" height=\"12\"><\/div>\n    <a href=\"https:\/\/www.he-arc.ch\/en\/\" class=\"breadcrumb-link\">HE-Arc<\/a>\n    <div class=\"breadcrumb-bullet\"><\/div>\n\n          <a href=\"\/\/\" class=\"breadcrumb-link\"><\/a>\n      <div class=\"breadcrumb-bullet\"><\/div>\n    \n    \n              \n    \n    \n          \n      \n      <a href=\"https:\/\/www.he-arc.ch\/en\/engineering\/further-education\/\" class=\"breadcrumb-link\">Continuing Education<\/a>\n      <div class=\"breadcrumb-bullet\"><\/div>\n    \n    <span class=\"breadcrumb-link is-active pointer-none\">CAS<\/span>\n  <\/div>\n\n          <\/div>\n    <div class=\"hero-row is-simple page-max\">\n      <div>\n        <span class=\"hero__overline display-block\"><\/span>\n        <h1 class=\"hero__title is-small\">Certificates of Advanced Studies (CAS)<\/h1>\n      <\/div>\n    <\/div>\n  <\/div>\n<\/header>\n\n\n<section class=\"page-section\">\n\n  <div class=\"page-menu--mobile is-shadowed--bold\">\n    <a href=\"#sidebar_contact\" class=\"btn-link border-none w-inline-block\">\n      <span class=\"btn-link__title is-goto\">Contact and Infos<\/span>\n    <\/a>\n  <\/div>\n\n  <div class=\"page-section__inner page-max\">\n\n    <div class=\"article__content is-with-aside\">\n\n      <div class=\"rich-text w-richtext\">\n                \n<div class=\"article__intro rich-text is-large w-richtext\">\n      <p>The Certificate of Advanced Studies (CAS) is a continuing education title that corresponds to a minimum of 10 ECTS credits.<\/p>\n\n  <\/div>\n\n\n\n<h2 class=\"wp-block-heading\">Our Certificates of Advanced Studies <\/h2>\n\n\n\n<div class=\"cta-cards is-contained \">\n\n  \n  \n    \n\t      <ul class=\"flex-row mt-3 w-list-unstyled\">\n              <li class=\"size-1-2 size-full-mobile\">\n  \n    <a href=\"https:\/\/www.he-arc.ch\/en\/engineering\/continuing-education\/cas-in-introduction-to-software-development-and-data-processing\/\"  class=\"cta-card is-shadowed flex-column\">\n  \n          <div class=\"image-wrapper--landscape\" style=\"background-image: url(https:\/\/www.he-arc.ch\/wp-content\/uploads\/2021\/11\/he_arc_ingenierie_mas_rad_cas_idd-300x186.jpg)\"><\/div>\n        \n    <div class=\"cta-card__inner is-with-arrow\">\n            <div class=\"cta-card__overline\">MAS in Rapid Application Development<\/div>\n            <h3 class=\"cta-card__title pretty-underline is-large\">Introduction to Software Development and Data Processing<\/h3>\n      <p class=\"cta-card__description\">Learn about software development and its tools, as well as data processing and visualization.<\/p>\n              <span class=\"icon-arrow-right cta-card__arrow\" \/>\n          <\/div>\n    <\/a>\n  <\/li>\n              <li class=\"size-1-2 size-full-mobile\">\n  \n    <a href=\"https:\/\/www.he-arc.ch\/en\/engineering\/continuing-education\/cas-in-web-application-development\/\"  class=\"cta-card is-shadowed flex-column\">\n  \n          <div class=\"image-wrapper--landscape\" style=\"background-image: url(https:\/\/www.he-arc.ch\/wp-content\/uploads\/2021\/11\/he_arc_ingenierie_mas_rad_cas_daw-300x186.jpg)\"><\/div>\n        \n    <div class=\"cta-card__inner is-with-arrow\">\n            <div class=\"cta-card__overline\">MAS in Rapid Application Development<\/div>\n            <h3 class=\"cta-card__title pretty-underline is-large\">Web Application Development<\/h3>\n      <p class=\"cta-card__description\">Apply web technologies in your job as an engineer.<\/p>\n              <span class=\"icon-arrow-right cta-card__arrow\" \/>\n          <\/div>\n    <\/a>\n  <\/li>\n          <\/ul>\n\n    \n  \n    \n\t      <ul class=\"flex-row  w-list-unstyled\">\n              <li class=\"size-1-2 size-full-mobile\">\n  \n    <a href=\"https:\/\/www.he-arc.ch\/en\/engineering\/continuing-education\/cas-in-rich-application-development\/\"  class=\"cta-card is-shadowed flex-column\">\n  \n          <div class=\"image-wrapper--landscape\" style=\"background-image: url(https:\/\/www.he-arc.ch\/wp-content\/uploads\/2021\/11\/he_arc_ingenierie_mas_rad_cas_dar-300x186.jpg)\"><\/div>\n        \n    <div class=\"cta-card__inner is-with-arrow\">\n            <div class=\"cta-card__overline\">MAS in Rapid Application Development<\/div>\n            <h3 class=\"cta-card__title pretty-underline is-large\">Rich Application Development<\/h3>\n      <p class=\"cta-card__description\">Deepen your skills in advanced web development, mainly related to the digitalization of your company.<\/p>\n              <span class=\"icon-arrow-right cta-card__arrow\" \/>\n          <\/div>\n    <\/a>\n  <\/li>\n              <li class=\"size-1-2 size-full-mobile\">\n  \n    <a href=\"https:\/\/www.he-arc.ch\/en\/engineering\/continuing-education\/cas-in-software-engineering-and-agile-methods\/\"  class=\"cta-card is-shadowed flex-column\">\n  \n          <div class=\"image-wrapper--landscape\" style=\"background-image: url(https:\/\/www.he-arc.ch\/wp-content\/uploads\/2021\/11\/he_arc_ingenierie_mas_rad_cas_gma-300x186.jpg)\"><\/div>\n        \n    <div class=\"cta-card__inner is-with-arrow\">\n            <div class=\"cta-card__overline\">MAS in Rapid Application Development<\/div>\n            <h3 class=\"cta-card__title pretty-underline is-large\">Software Engineering and Agile Methods<\/h3>\n      <p class=\"cta-card__description\">Manage your software development projects and make them successful.<\/p>\n              <span class=\"icon-arrow-right cta-card__arrow\" \/>\n          <\/div>\n    <\/a>\n  <\/li>\n          <\/ul>\n\n    \n  \n    \n\t      <ul class=\"flex-row  w-list-unstyled\">\n              <li class=\"size-full\">\n  \n  \n        <a href=\"https:\/\/www.he-arc.ch\/en\/engineering\/continuing-education\/cas-in-embedded-security\/\"  class=\"cta-card is-wide is-shadowed\">\n                <div class=\"cta-card__image  \" style=\"background-image: url(https:\/\/www.he-arc.ch\/wp-content\/uploads\/2021\/09\/haute-ecole-arc-ingenierie-cas-se-securite-embarquee-300x174.jpg)\"><\/div>\n            <div class=\"cta-card__inner is-with-arrow\">\n                <h3 class=\"cta-card__title pretty-underline is-xlarge\">Embedded Security<\/h3>\n        <p class=\"cta-card__description is-large\">Develop secure, reliable and high-performance applications in the fields of embedded and Internet of Things.<\/p>\n                  <span class=\"icon-arrow-right cta-card__arrow\" \/>\n              <\/div>\n        <\/a>\n    \n  \n<\/li>\n          <\/ul>\n    \n  \n<\/div>\n\n\n            <\/div>\n\n    <\/div>\n\n    <div class=\"article__aside w-100p\" id=\"sidebar_contact\">\n\n  <aside class=\"page-section__aside\">\n    <\/aside>\n\n      <div class=\" w-100p\">\n              <h4 class=\"link-list__title\">Contact<\/h4>\n        \n<div id=\"contact-card-block_60f6df459cb1e\" class=\"contact-card is-shadowed  is-not-contained\">\n  <div class=\"contact-card__inner\">\n                <div class=\"contact-entry mb-1\">\n        Marc Schaefer\n      <\/div>\n                      <div class=\"contact-entry mb-1\">\n        <a href=\"tel:+41329301446\"  class=\"simple-link contact-entry mb-1\">+ 41 32 930 14 46<\/a>\n      <\/div>\n                      <div class=\"contact-entry \">\n        <a href=\"mailto:marc.schaefer@he-arc.ch\"  class=\"simple-link contact-entry mb-1\">Marc.Schaefer@he-arc.ch<\/a>\n      <\/div>\n            <\/div>\n<\/div>\n          <\/div>\n\n  <\/div>\n\n  <\/div>\n<\/section>\n\n\n\n<p><\/p>\n","protected":false},"excerpt":{"rendered":"","protected":false},"author":6,"featured_media":0,"parent":36428,"menu_order":1,"comment_status":"closed","ping_status":"closed","template":"","meta":{"_acf_changed":false,"footnotes":""},"he-arc_domain":[150],"class_list":["post-36435","page","type-page","status-publish","hentry","he-arc_domain-engineering"],"acf":[],"yoast_head":"<!-- This site is optimized with the Yoast SEO plugin v26.6 - https:\/\/yoast.com\/wordpress\/plugins\/seo\/ -->\n<title>Certificates of Advanced Studies (CAS) - Haute-Ecole Arc<\/title>\n<meta name=\"description\" content=\"Continuing education at the Arc School of Engineering: CAS HES-SO in software development, data processing, agile methods and embedded security.\" \/>\n<meta name=\"robots\" content=\"index, follow, max-snippet:-1, max-image-preview:large, max-video-preview:-1\" \/>\n<link rel=\"canonical\" href=\"https:\/\/www.he-arc.ch\/en\/engineering\/further-education\/cas\/\" \/>\n<meta property=\"og:locale\" content=\"en_US\" \/>\n<meta property=\"og:type\" content=\"article\" \/>\n<meta property=\"og:title\" content=\"Certificates of Advanced Studies (CAS) - Haute-Ecole Arc\" \/>\n<meta property=\"og:description\" content=\"Continuing education at the Arc School of Engineering: CAS HES-SO in software development, data processing, agile methods and embedded security.\" \/>\n<meta property=\"og:url\" content=\"https:\/\/www.he-arc.ch\/en\/engineering\/further-education\/cas\/\" \/>\n<meta property=\"og:site_name\" content=\"Haute-Ecole Arc\" \/>\n<meta property=\"article:modified_time\" content=\"2025-08-15T12:53:44+00:00\" \/>\n<meta name=\"twitter:card\" content=\"summary_large_image\" \/>\n<meta name=\"twitter:label1\" content=\"Est. reading time\" \/>\n\t<meta name=\"twitter:data1\" content=\"1 minute\" \/>\n<script type=\"application\/ld+json\" class=\"yoast-schema-graph\">{\"@context\":\"https:\/\/schema.org\",\"@graph\":[{\"@type\":\"WebPage\",\"@id\":\"https:\/\/www.he-arc.ch\/en\/engineering\/further-education\/cas\/\",\"url\":\"https:\/\/www.he-arc.ch\/en\/engineering\/further-education\/cas\/\",\"name\":\"Certificates of Advanced Studies (CAS) - Haute-Ecole Arc\",\"isPartOf\":{\"@id\":\"https:\/\/www.he-arc.ch\/en\/#website\"},\"datePublished\":\"2021-11-12T11:25:24+00:00\",\"dateModified\":\"2025-08-15T12:53:44+00:00\",\"description\":\"Continuing education at the Arc School of Engineering: CAS HES-SO in software development, data processing, agile methods and embedded security.\",\"breadcrumb\":{\"@id\":\"https:\/\/www.he-arc.ch\/en\/engineering\/further-education\/cas\/#breadcrumb\"},\"inLanguage\":\"en-US\",\"potentialAction\":[{\"@type\":\"ReadAction\",\"target\":[\"https:\/\/www.he-arc.ch\/en\/engineering\/further-education\/cas\/\"]}]},{\"@type\":\"BreadcrumbList\",\"@id\":\"https:\/\/www.he-arc.ch\/en\/engineering\/further-education\/cas\/#breadcrumb\",\"itemListElement\":[{\"@type\":\"ListItem\",\"position\":1,\"name\":\"Accueil\",\"item\":\"https:\/\/www.he-arc.ch\/en\/\"},{\"@type\":\"ListItem\",\"position\":2,\"name\":\"Continuing Education\",\"item\":\"https:\/\/www.he-arc.ch\/en\/engineering\/further-education\/\"},{\"@type\":\"ListItem\",\"position\":3,\"name\":\"Certificates of Advanced Studies (CAS)\"}]},{\"@type\":\"WebSite\",\"@id\":\"https:\/\/www.he-arc.ch\/en\/#website\",\"url\":\"https:\/\/www.he-arc.ch\/en\/\",\"name\":\"Haute-Ecole Arc\",\"description\":\"Haute \u00e9cole sp\u00e9cialis\u00e9e Suisse. Gestion, Ing\u00e9nierie, Sant\u00e9, Conservation-\u200brestauration.\",\"publisher\":{\"@id\":\"https:\/\/www.he-arc.ch\/en\/#organization\"},\"potentialAction\":[{\"@type\":\"SearchAction\",\"target\":{\"@type\":\"EntryPoint\",\"urlTemplate\":\"https:\/\/www.he-arc.ch\/en\/?s={search_term_string}\"},\"query-input\":{\"@type\":\"PropertyValueSpecification\",\"valueRequired\":true,\"valueName\":\"search_term_string\"}}],\"inLanguage\":\"en-US\"},{\"@type\":\"Organization\",\"@id\":\"https:\/\/www.he-arc.ch\/en\/#organization\",\"name\":\"Haute Ecole Arc\",\"url\":\"https:\/\/www.he-arc.ch\/en\/\",\"logo\":{\"@type\":\"ImageObject\",\"inLanguage\":\"en-US\",\"@id\":\"https:\/\/www.he-arc.ch\/en\/#\/schema\/logo\/image\/\",\"url\":\"https:\/\/www.he-arc.ch\/wp-content\/uploads\/2022\/01\/logo-he-arc.svg\",\"contentUrl\":\"https:\/\/www.he-arc.ch\/wp-content\/uploads\/2022\/01\/logo-he-arc.svg\",\"width\":140,\"height\":42,\"caption\":\"Haute Ecole Arc\"},\"image\":{\"@id\":\"https:\/\/www.he-arc.ch\/en\/#\/schema\/logo\/image\/\"}}]}<\/script>\n<!-- \/ Yoast SEO plugin. -->","yoast_head_json":{"title":"Certificates of Advanced Studies (CAS) - Haute-Ecole Arc","description":"Continuing education at the Arc School of Engineering: CAS HES-SO in software development, data processing, agile methods and embedded security.","robots":{"index":"index","follow":"follow","max-snippet":"max-snippet:-1","max-image-preview":"max-image-preview:large","max-video-preview":"max-video-preview:-1"},"canonical":"https:\/\/www.he-arc.ch\/en\/engineering\/further-education\/cas\/","og_locale":"en_US","og_type":"article","og_title":"Certificates of Advanced Studies (CAS) - Haute-Ecole Arc","og_description":"Continuing education at the Arc School of Engineering: CAS HES-SO in software development, data processing, agile methods and embedded security.","og_url":"https:\/\/www.he-arc.ch\/en\/engineering\/further-education\/cas\/","og_site_name":"Haute-Ecole Arc","article_modified_time":"2025-08-15T12:53:44+00:00","twitter_card":"summary_large_image","twitter_misc":{"Est. reading time":"1 minute"},"schema":{"@context":"https:\/\/schema.org","@graph":[{"@type":"WebPage","@id":"https:\/\/www.he-arc.ch\/en\/engineering\/further-education\/cas\/","url":"https:\/\/www.he-arc.ch\/en\/engineering\/further-education\/cas\/","name":"Certificates of Advanced Studies (CAS) - Haute-Ecole Arc","isPartOf":{"@id":"https:\/\/www.he-arc.ch\/en\/#website"},"datePublished":"2021-11-12T11:25:24+00:00","dateModified":"2025-08-15T12:53:44+00:00","description":"Continuing education at the Arc School of Engineering: CAS HES-SO in software development, data processing, agile methods and embedded security.","breadcrumb":{"@id":"https:\/\/www.he-arc.ch\/en\/engineering\/further-education\/cas\/#breadcrumb"},"inLanguage":"en-US","potentialAction":[{"@type":"ReadAction","target":["https:\/\/www.he-arc.ch\/en\/engineering\/further-education\/cas\/"]}]},{"@type":"BreadcrumbList","@id":"https:\/\/www.he-arc.ch\/en\/engineering\/further-education\/cas\/#breadcrumb","itemListElement":[{"@type":"ListItem","position":1,"name":"Accueil","item":"https:\/\/www.he-arc.ch\/en\/"},{"@type":"ListItem","position":2,"name":"Continuing Education","item":"https:\/\/www.he-arc.ch\/en\/engineering\/further-education\/"},{"@type":"ListItem","position":3,"name":"Certificates of Advanced Studies (CAS)"}]},{"@type":"WebSite","@id":"https:\/\/www.he-arc.ch\/en\/#website","url":"https:\/\/www.he-arc.ch\/en\/","name":"Haute-Ecole Arc","description":"Haute \u00e9cole sp\u00e9cialis\u00e9e Suisse. Gestion, Ing\u00e9nierie, Sant\u00e9, Conservation-\u200brestauration.","publisher":{"@id":"https:\/\/www.he-arc.ch\/en\/#organization"},"potentialAction":[{"@type":"SearchAction","target":{"@type":"EntryPoint","urlTemplate":"https:\/\/www.he-arc.ch\/en\/?s={search_term_string}"},"query-input":{"@type":"PropertyValueSpecification","valueRequired":true,"valueName":"search_term_string"}}],"inLanguage":"en-US"},{"@type":"Organization","@id":"https:\/\/www.he-arc.ch\/en\/#organization","name":"Haute Ecole Arc","url":"https:\/\/www.he-arc.ch\/en\/","logo":{"@type":"ImageObject","inLanguage":"en-US","@id":"https:\/\/www.he-arc.ch\/en\/#\/schema\/logo\/image\/","url":"https:\/\/www.he-arc.ch\/wp-content\/uploads\/2022\/01\/logo-he-arc.svg","contentUrl":"https:\/\/www.he-arc.ch\/wp-content\/uploads\/2022\/01\/logo-he-arc.svg","width":140,"height":42,"caption":"Haute Ecole Arc"},"image":{"@id":"https:\/\/www.he-arc.ch\/en\/#\/schema\/logo\/image\/"}}]}},"_links":{"self":[{"href":"https:\/\/www.he-arc.ch\/en\/wp-json\/wp\/v2\/pages\/36435","targetHints":{"allow":["GET"]}}],"collection":[{"href":"https:\/\/www.he-arc.ch\/en\/wp-json\/wp\/v2\/pages"}],"about":[{"href":"https:\/\/www.he-arc.ch\/en\/wp-json\/wp\/v2\/types\/page"}],"author":[{"embeddable":true,"href":"https:\/\/www.he-arc.ch\/en\/wp-json\/wp\/v2\/users\/6"}],"replies":[{"embeddable":true,"href":"https:\/\/www.he-arc.ch\/en\/wp-json\/wp\/v2\/comments?post=36435"}],"version-history":[{"count":7,"href":"https:\/\/www.he-arc.ch\/en\/wp-json\/wp\/v2\/pages\/36435\/revisions"}],"predecessor-version":[{"id":36451,"href":"https:\/\/www.he-arc.ch\/en\/wp-json\/wp\/v2\/pages\/36435\/revisions\/36451"}],"up":[{"embeddable":true,"href":"https:\/\/www.he-arc.ch\/en\/wp-json\/wp\/v2\/pages\/36428"}],"wp:attachment":[{"href":"https:\/\/www.he-arc.ch\/en\/wp-json\/wp\/v2\/media?parent=36435"}],"wp:term":[{"taxonomy":"he-arc_domain","embeddable":true,"href":"https:\/\/www.he-arc.ch\/en\/wp-json\/wp\/v2\/he-arc_domain?post=36435"}],"curies":[{"name":"wp","href":"https:\/\/api.w.org\/{rel}","templated":true}]}}