{"id":36694,"date":"2021-09-02T07:35:19","date_gmt":"2021-09-02T05:35:19","guid":{"rendered":"https:\/\/www.he-arc.ch\/?p=36694"},"modified":"2025-04-03T09:40:39","modified_gmt":"2025-04-03T07:40:39","slug":"scholarships","status":"publish","type":"page","link":"https:\/\/www.he-arc.ch\/en\/he-arc-en\/scholarships\/","title":{"rendered":"Scholarships"},"content":{"rendered":"<header class=\"hero-section is-simple page-max is-wide\">\n  <div class=\"hero\">\n    <div class=\"hero-nav page-max\">\n      \n  <div class=\"breadcrumb hidden-print\">\n    <div class=\"breadcrumb-house\"><img decoding=\"async\" src=\"https:\/\/www.he-arc.ch\/wp-content\/themes\/he-arc\/static\/images\/icon-house.svg\" loading=\"lazy\" alt=\"\" height=\"12\"><\/div>\n    <a href=\"https:\/\/www.he-arc.ch\/en\/\" class=\"breadcrumb-link\">HE-Arc<\/a>\n    <div class=\"breadcrumb-bullet\"><\/div>\n\n          <a href=\"\/\/\" class=\"breadcrumb-link\"><\/a>\n      <div class=\"breadcrumb-bullet\"><\/div>\n    \n    \n              \n    \n    \n    \n    <span class=\"breadcrumb-link is-active pointer-none\">Scholarships<\/span>\n  <\/div>\n\n          <\/div>\n    <div class=\"hero-row is-simple page-max\">\n      <div>\n        <span class=\"hero__overline display-block\"><\/span>\n        <h1 class=\"hero__title is-small\">Scholarships<\/h1>\n      <\/div>\n    <\/div>\n  <\/div>\n<\/header>\n\n\n<section class=\"page-section\">\n\n  <div class=\"page-menu--mobile is-shadowed--bold\">\n    <a href=\"#sidebar_contact\" class=\"btn-link border-none w-inline-block\">\n      <span class=\"btn-link__title is-goto\">Contact and Infos<\/span>\n    <\/a>\n  <\/div>\n\n  <div class=\"page-section__inner page-max\">\n\n    <div class=\"article__content is-with-aside\">\n\n      <div class=\"rich-text w-richtext\">\n                \n<div class=\"article__intro rich-text is-large w-richtext\">\n      <p>Bachelor Degree courses at UAS are affordable. However, students can benefit from financial aid from their canton of residence, if the application is deemed admissible.<\/p>\n\n  <\/div>\n\n\n\n<h3 class=\"wp-block-heading\" id=\"cout-de-la-formation\">Cost of the course<\/h3>\n\n\n\n<p>During the admission process, each student must pay the registration fee and the study fee. They must also take the necessary steps to take out the required insurances defined by the Confederation (illness, accident, civil liability).<\/p>\n\n\n\n<ul class=\"wp-block-list\">\n<li>The registration fee is CHF 150 (one-off, non-refundable fee). The payment of the registration fee is compulsory to validate the registration to a training course.<\/li>\n\n\n\n<li>The study fee is CHF 700 per semester for students of Swiss nationality or resident in Switzerland. For students from abroad, the study fee is CHF 1,050.<\/li>\n\n\n\n<li>Some courses may require a contribution to study costs (teaching materials, workshop equipment, etc.).<\/li>\n<\/ul>\n\n\n\n<p>Regardless of the canton in which they live, all students can apply for public financial support for their education. Various types of grants, allowances and loans (non-refundable, repayable in instalments, exemptions, allowances, etc.) are available.<\/p>\n\n\n\n<p>The conditions for obtaining these subsidies vary according to the personal situation of each student. Each student should therefore contact the national or cantonal organisations directly. Due to the lenghty procedures, it is advisable to start the process quickly.<\/p>\n\n\n\n<h3 class=\"wp-block-heading\" id=\"mobilite\">Mobility<\/h3>\n\n\n\n<p>The Haute Ecole Arc has a mobility office which supports students who wish to spend a semester or an internship abroad. However, foreign students are also welcome to study at the Haute Ecole Arc. All information is available on the <a href=\"https:\/\/www.he-arc.ch\/en\/he-arc-en\/mobility-and-international-relations\/\">mobility service<\/a>page.<\/p>\n\n\n            <\/div>\n\n    <\/div>\n\n    <div class=\"article__aside w-100p\" id=\"sidebar_contact\">\n\n  <aside class=\"page-section__aside\">\n      <nav class=\"page-menu hidden-print is-shadowed--bold mt-1  w-list-unstyled\" aria-label=\"Raccourcis sur la page\">\n        <span class=\"page-menu__heading mt-0\">Students support<\/span>\n                    \n            <a href=\"https:\/\/www.he-arc.ch\/en\/he-arc-en\/libraries\/\"  class=\"btn-link  is-with-arrow \">\n        <span class=\"simple-link no-decoration\">Library<\/span>\n      <\/a>\n                      \n            <a href=\"https:\/\/www.he-arc.ch\/en\/he-arc-en\/scholarships\/\"  class=\"btn-link is-current is-with-arrow \">\n        <span class=\"simple-link no-decoration\">Scolarships<\/span>\n      <\/a>\n                      \n            <a href=\"https:\/\/www.he-arc.ch\/en\/he-arc-en\/listening-space\/\"  class=\"btn-link  is-with-arrow \">\n        <span class=\"simple-link no-decoration\">Listening space<\/span>\n      <\/a>\n                      \n            <a href=\"https:\/\/www.he-arc.ch\/en\/he-arc-en\/sports-arts-studies-army\/\"  class=\"btn-link  is-with-arrow \">\n        <span class=\"simple-link no-decoration\">Sports Arts Studies and Army<\/span>\n      <\/a>\n                      \n            <a href=\"https:\/\/www.he-arc.ch\/en\/he-arc-en\/accomodation\/\"  class=\"btn-link  is-with-arrow \">\n        <span class=\"simple-link no-decoration\">Accomodation<\/span>\n      <\/a>\n                      \n            <a href=\"https:\/\/www.he-arc.ch\/en\/he-arc-en\/students-associations\/\"  class=\"btn-link  is-with-arrow \">\n        <span class=\"simple-link no-decoration\">Students associations<\/span>\n      <\/a>\n                      \n            <a href=\"https:\/\/www.he-arc.ch\/en\/he-arc-en\/it-service\/\"  class=\"btn-link  is-with-arrow border-none\">\n        <span class=\"simple-link no-decoration\">IT Service<\/span>\n      <\/a>\n            <\/nav>\n  <\/aside>\n\n      <div class=\"mt-4 w-100p\">\n              <h4 class=\"link-list__title\">Useful link<\/h4>\n        <div id=\"cta-card-block_02b9b1940aa534317aecb0a33920a58f\" class=\"contact-card is-shadowed  is-not-contained\">\n  <div class=\"contact-card__inner\">\n    <div class=\"contact-entry\">\n      <a href=\"\"  class=\"simple-link is-large contact-entry mb-1\">Mobility Service<\/a>\n    <\/div>\n  <\/div>\n<\/div>\n          <\/div>\n\n      <div class=\"mt-4 w-100p\">\n              <div id=\"download-links-block_02b9b1940aa534317aecb0a33920a58f\" class=\"\">\n  <div class=\"link-list\">\n\n        <h4 class=\"link-list__title\">Scolarships by canton<\/h4>\n    \n    \n      <div class=\"link-list__item\">\n\t            <a href=\"https:\/\/www.ne.ch\/autorites\/DECS\/SASO\/bourses\/Pages\/accueil.aspx\" class=\"simple-link\" target='_blank'>\n          Scholarship Neuch\u00e2tel\n        <\/a>\n            <\/div>\n\n    \n      <div class=\"link-list__item\">\n\t            <a href=\"https:\/\/www.bkd.be.ch\/fr\/start\/dienstleistungen\/foerderung-und-unterstuetzung\/ausbildungsbeitraege.html\" class=\"simple-link\" target='_blank'>\n          Scholarship Berne\n        <\/a>\n            <\/div>\n\n    \n      <div class=\"link-list__item\">\n\t            <a href=\"https:\/\/www.jura.ch\/bourses\" class=\"simple-link\" target='_blank'>\n          Scholarship Jura\n        <\/a>\n            <\/div>\n\n      <\/div>\n<\/div>\n          <\/div>\n\n  <\/div>\n\n  <\/div>\n<\/section>\n","protected":false},"excerpt":{"rendered":"","protected":false},"author":13,"featured_media":0,"parent":0,"menu_order":135,"comment_status":"closed","ping_status":"closed","template":"","meta":{"_acf_changed":false,"footnotes":""},"he-arc_domain":[154],"class_list":["post-36694","page","type-page","status-publish","hentry","he-arc_domain-he-arc-en"],"acf":[],"yoast_head":"<!-- This site is optimized with the Yoast SEO plugin v26.6 - https:\/\/yoast.com\/wordpress\/plugins\/seo\/ -->\n<title>Scholarships - Haute-Ecole Arc<\/title>\n<meta name=\"description\" content=\"Co\u00fbt de la formation et possibilit\u00e9 d\u2019obtention d\u2019aides financi\u00e8res.\" \/>\n<meta name=\"robots\" content=\"index, follow, max-snippet:-1, max-image-preview:large, max-video-preview:-1\" \/>\n<link rel=\"canonical\" href=\"https:\/\/www.he-arc.ch\/en\/he-arc-en\/scholarships\/\" \/>\n<meta property=\"og:locale\" content=\"en_US\" \/>\n<meta property=\"og:type\" content=\"article\" \/>\n<meta property=\"og:title\" content=\"Scholarships - Haute-Ecole Arc\" \/>\n<meta property=\"og:description\" content=\"Co\u00fbt de la formation et possibilit\u00e9 d\u2019obtention d\u2019aides financi\u00e8res.\" \/>\n<meta property=\"og:url\" content=\"https:\/\/www.he-arc.ch\/en\/he-arc-en\/scholarships\/\" \/>\n<meta property=\"og:site_name\" content=\"Haute-Ecole Arc\" \/>\n<meta property=\"article:modified_time\" content=\"2025-04-03T07:40:39+00:00\" \/>\n<meta name=\"twitter:card\" content=\"summary_large_image\" \/>\n<meta name=\"twitter:label1\" content=\"Est. reading time\" \/>\n\t<meta name=\"twitter:data1\" content=\"2 minutes\" \/>\n<script type=\"application\/ld+json\" class=\"yoast-schema-graph\">{\"@context\":\"https:\/\/schema.org\",\"@graph\":[{\"@type\":\"WebPage\",\"@id\":\"https:\/\/www.he-arc.ch\/en\/he-arc-en\/scholarships\/\",\"url\":\"https:\/\/www.he-arc.ch\/en\/he-arc-en\/scholarships\/\",\"name\":\"Scholarships - Haute-Ecole Arc\",\"isPartOf\":{\"@id\":\"https:\/\/www.he-arc.ch\/en\/#website\"},\"datePublished\":\"2021-09-02T05:35:19+00:00\",\"dateModified\":\"2025-04-03T07:40:39+00:00\",\"description\":\"Co\u00fbt de la formation et possibilit\u00e9 d\u2019obtention d\u2019aides financi\u00e8res.\",\"breadcrumb\":{\"@id\":\"https:\/\/www.he-arc.ch\/en\/he-arc-en\/scholarships\/#breadcrumb\"},\"inLanguage\":\"en-US\",\"potentialAction\":[{\"@type\":\"ReadAction\",\"target\":[\"https:\/\/www.he-arc.ch\/en\/he-arc-en\/scholarships\/\"]}]},{\"@type\":\"BreadcrumbList\",\"@id\":\"https:\/\/www.he-arc.ch\/en\/he-arc-en\/scholarships\/#breadcrumb\",\"itemListElement\":[{\"@type\":\"ListItem\",\"position\":1,\"name\":\"Accueil\",\"item\":\"https:\/\/www.he-arc.ch\/en\/\"},{\"@type\":\"ListItem\",\"position\":2,\"name\":\"Scholarships\"}]},{\"@type\":\"WebSite\",\"@id\":\"https:\/\/www.he-arc.ch\/en\/#website\",\"url\":\"https:\/\/www.he-arc.ch\/en\/\",\"name\":\"Haute-Ecole Arc\",\"description\":\"Haute \u00e9cole sp\u00e9cialis\u00e9e Suisse. Gestion, Ing\u00e9nierie, Sant\u00e9, Conservation-\u200brestauration.\",\"publisher\":{\"@id\":\"https:\/\/www.he-arc.ch\/en\/#organization\"},\"potentialAction\":[{\"@type\":\"SearchAction\",\"target\":{\"@type\":\"EntryPoint\",\"urlTemplate\":\"https:\/\/www.he-arc.ch\/en\/?s={search_term_string}\"},\"query-input\":{\"@type\":\"PropertyValueSpecification\",\"valueRequired\":true,\"valueName\":\"search_term_string\"}}],\"inLanguage\":\"en-US\"},{\"@type\":\"Organization\",\"@id\":\"https:\/\/www.he-arc.ch\/en\/#organization\",\"name\":\"Haute Ecole Arc\",\"url\":\"https:\/\/www.he-arc.ch\/en\/\",\"logo\":{\"@type\":\"ImageObject\",\"inLanguage\":\"en-US\",\"@id\":\"https:\/\/www.he-arc.ch\/en\/#\/schema\/logo\/image\/\",\"url\":\"https:\/\/www.he-arc.ch\/wp-content\/uploads\/2022\/01\/logo-he-arc.svg\",\"contentUrl\":\"https:\/\/www.he-arc.ch\/wp-content\/uploads\/2022\/01\/logo-he-arc.svg\",\"width\":140,\"height\":42,\"caption\":\"Haute Ecole Arc\"},\"image\":{\"@id\":\"https:\/\/www.he-arc.ch\/en\/#\/schema\/logo\/image\/\"}}]}<\/script>\n<!-- \/ Yoast SEO plugin. -->","yoast_head_json":{"title":"Scholarships - Haute-Ecole Arc","description":"Co\u00fbt de la formation et possibilit\u00e9 d\u2019obtention d\u2019aides financi\u00e8res.","robots":{"index":"index","follow":"follow","max-snippet":"max-snippet:-1","max-image-preview":"max-image-preview:large","max-video-preview":"max-video-preview:-1"},"canonical":"https:\/\/www.he-arc.ch\/en\/he-arc-en\/scholarships\/","og_locale":"en_US","og_type":"article","og_title":"Scholarships - Haute-Ecole Arc","og_description":"Co\u00fbt de la formation et possibilit\u00e9 d\u2019obtention d\u2019aides financi\u00e8res.","og_url":"https:\/\/www.he-arc.ch\/en\/he-arc-en\/scholarships\/","og_site_name":"Haute-Ecole Arc","article_modified_time":"2025-04-03T07:40:39+00:00","twitter_card":"summary_large_image","twitter_misc":{"Est. reading time":"2 minutes"},"schema":{"@context":"https:\/\/schema.org","@graph":[{"@type":"WebPage","@id":"https:\/\/www.he-arc.ch\/en\/he-arc-en\/scholarships\/","url":"https:\/\/www.he-arc.ch\/en\/he-arc-en\/scholarships\/","name":"Scholarships - Haute-Ecole Arc","isPartOf":{"@id":"https:\/\/www.he-arc.ch\/en\/#website"},"datePublished":"2021-09-02T05:35:19+00:00","dateModified":"2025-04-03T07:40:39+00:00","description":"Co\u00fbt de la formation et possibilit\u00e9 d\u2019obtention d\u2019aides financi\u00e8res.","breadcrumb":{"@id":"https:\/\/www.he-arc.ch\/en\/he-arc-en\/scholarships\/#breadcrumb"},"inLanguage":"en-US","potentialAction":[{"@type":"ReadAction","target":["https:\/\/www.he-arc.ch\/en\/he-arc-en\/scholarships\/"]}]},{"@type":"BreadcrumbList","@id":"https:\/\/www.he-arc.ch\/en\/he-arc-en\/scholarships\/#breadcrumb","itemListElement":[{"@type":"ListItem","position":1,"name":"Accueil","item":"https:\/\/www.he-arc.ch\/en\/"},{"@type":"ListItem","position":2,"name":"Scholarships"}]},{"@type":"WebSite","@id":"https:\/\/www.he-arc.ch\/en\/#website","url":"https:\/\/www.he-arc.ch\/en\/","name":"Haute-Ecole Arc","description":"Haute \u00e9cole sp\u00e9cialis\u00e9e Suisse. Gestion, Ing\u00e9nierie, Sant\u00e9, Conservation-\u200brestauration.","publisher":{"@id":"https:\/\/www.he-arc.ch\/en\/#organization"},"potentialAction":[{"@type":"SearchAction","target":{"@type":"EntryPoint","urlTemplate":"https:\/\/www.he-arc.ch\/en\/?s={search_term_string}"},"query-input":{"@type":"PropertyValueSpecification","valueRequired":true,"valueName":"search_term_string"}}],"inLanguage":"en-US"},{"@type":"Organization","@id":"https:\/\/www.he-arc.ch\/en\/#organization","name":"Haute Ecole Arc","url":"https:\/\/www.he-arc.ch\/en\/","logo":{"@type":"ImageObject","inLanguage":"en-US","@id":"https:\/\/www.he-arc.ch\/en\/#\/schema\/logo\/image\/","url":"https:\/\/www.he-arc.ch\/wp-content\/uploads\/2022\/01\/logo-he-arc.svg","contentUrl":"https:\/\/www.he-arc.ch\/wp-content\/uploads\/2022\/01\/logo-he-arc.svg","width":140,"height":42,"caption":"Haute Ecole Arc"},"image":{"@id":"https:\/\/www.he-arc.ch\/en\/#\/schema\/logo\/image\/"}}]}},"_links":{"self":[{"href":"https:\/\/www.he-arc.ch\/en\/wp-json\/wp\/v2\/pages\/36694","targetHints":{"allow":["GET"]}}],"collection":[{"href":"https:\/\/www.he-arc.ch\/en\/wp-json\/wp\/v2\/pages"}],"about":[{"href":"https:\/\/www.he-arc.ch\/en\/wp-json\/wp\/v2\/types\/page"}],"author":[{"embeddable":true,"href":"https:\/\/www.he-arc.ch\/en\/wp-json\/wp\/v2\/users\/13"}],"replies":[{"embeddable":true,"href":"https:\/\/www.he-arc.ch\/en\/wp-json\/wp\/v2\/comments?post=36694"}],"version-history":[{"count":19,"href":"https:\/\/www.he-arc.ch\/en\/wp-json\/wp\/v2\/pages\/36694\/revisions"}],"predecessor-version":[{"id":65949,"href":"https:\/\/www.he-arc.ch\/en\/wp-json\/wp\/v2\/pages\/36694\/revisions\/65949"}],"wp:attachment":[{"href":"https:\/\/www.he-arc.ch\/en\/wp-json\/wp\/v2\/media?parent=36694"}],"wp:term":[{"taxonomy":"he-arc_domain","embeddable":true,"href":"https:\/\/www.he-arc.ch\/en\/wp-json\/wp\/v2\/he-arc_domain?post=36694"}],"curies":[{"name":"wp","href":"https:\/\/api.w.org\/{rel}","templated":true}]}}