{"id":36917,"date":"2021-09-17T09:21:04","date_gmt":"2021-09-17T07:21:04","guid":{"rendered":"https:\/\/www.he-arc.ch\/?p=36917"},"modified":"2025-04-03T09:42:04","modified_gmt":"2025-04-03T07:42:04","slug":"regulatory-legal","status":"publish","type":"page","link":"https:\/\/www.he-arc.ch\/en\/he-arc-en\/regulatory-legal\/","title":{"rendered":"Regulatory\/Legal"},"content":{"rendered":"<header class=\"hero-section is-simple page-max is-wide\">\n  <div class=\"hero\">\n    <div class=\"hero-nav page-max\">\n      \n  <div class=\"breadcrumb hidden-print\">\n    <div class=\"breadcrumb-house\"><img decoding=\"async\" src=\"https:\/\/www.he-arc.ch\/wp-content\/themes\/he-arc\/static\/images\/icon-house.svg\" loading=\"lazy\" alt=\"\" height=\"12\"><\/div>\n    <a href=\"https:\/\/www.he-arc.ch\/en\/\" class=\"breadcrumb-link\">HE-Arc<\/a>\n    <div class=\"breadcrumb-bullet\"><\/div>\n\n          <a href=\"\/\/\" class=\"breadcrumb-link\"><\/a>\n      <div class=\"breadcrumb-bullet\"><\/div>\n    \n    \n              \n    \n    \n    \n    <span class=\"breadcrumb-link is-active pointer-none\">Regulatory\/Legal<\/span>\n  <\/div>\n\n          <\/div>\n    <div class=\"hero-row is-simple page-max\">\n      <div>\n        <span class=\"hero__overline display-block\"><\/span>\n        <h1 class=\"hero__title is-small\">Regulatory\/Legal<\/h1>\n      <\/div>\n    <\/div>\n  <\/div>\n<\/header>\n\n\n<section class=\"page-section\">\n\n  <div class=\"page-menu--mobile is-shadowed--bold\">\n    <a href=\"#sidebar_contact\" class=\"btn-link border-none w-inline-block\">\n      <span class=\"btn-link__title is-goto\">Contact and Infos<\/span>\n    <\/a>\n  <\/div>\n\n  <div class=\"page-section__inner page-max\">\n\n    <div class=\"article__content is-with-aside\">\n\n      <div class=\"rich-text w-richtext\">\n                \n<div class=\"article__intro rich-text is-large w-richtext\">\n      <p>The Haute Ecole Arc&#8217;s mission is to guarantee legal security for its students and staff. To this end, it publishes a systematic collection of its regulations and links the decisions of the Intercantonal Appeals Commission HES-SO.<\/p>\n\n  <\/div>\n\n\n\n<h3 class=\"wp-block-heading\" id=\"recueil-systematique-de-la-reglementation-he-arc\">Regulations library<\/h3>\n\n\n\n<p>The systematic collection of HE-Arc regulations allows access to the texts in force at HE-Arc in the field of basic and continuing education (e.g. the regulations for the Arc programme and the module descriptions) thanks to a multi-entry search engine.<\/p>\n\n\n\n<p>The main normative texts of the HES-SO are accessible via a link on the HES-SO website.<\/p>\n\n\n\n<h3 class=\"wp-block-heading\" id=\"jurisprudence-de-la-commission-intercantonale-de-recours-hes-so\">Case law of the Intercantonal Appeals Commission of the HES-SO<\/h3>\n\n\n\n<p>An explanatory summary by theme of the decisions of the Intercantonal Appeals Commission of the UAS-SW from its creation to date was published in 2019. This comprehensive publication provides information on the current case law, in particular grounds for appeal. The decisions are also available on the HES-SO website (link opposite).<br>References and access :<\/p>\n\n\n\n<ul class=\"wp-block-list\">\n<li>Case law of the Intercantonal Appeals Commission of the HES-SO from the time of its creation and to this day in RDAF 2019 I p. 615- 693, by Liliane Sublia-Rouge, Association Henri Zwahlen ed.<\/li>\n\n\n\n<li>Swisslex:&nbsp;<a href=\"https:\/\/www.swisslex.ch\/fr\/recherche\/search\/new\">https:\/\/www.swisslex.ch\/fr\/recherche\/search\/new<\/a><\/li>\n<\/ul>\n\n\n\n<p><\/p>\n\n\n            <\/div>\n\n    <\/div>\n\n    <div class=\"article__aside w-100p\" id=\"sidebar_contact\">\n\n  <aside class=\"page-section__aside\">\n      <nav class=\"page-menu hidden-print is-shadowed--bold mt-1  w-list-unstyled\" aria-label=\"Raccourcis sur la page\">\n        <span class=\"page-menu__heading mt-0\">Organization and regulations<\/span>\n                    \n            <a href=\"https:\/\/www.he-arc.ch\/en\/he-arc-en\/organization-2\/\"  class=\"btn-link  is-with-arrow \">\n        <span class=\"simple-link no-decoration\">Organization<\/span>\n      <\/a>\n                      \n            <a href=\"https:\/\/www.he-arc.ch\/en\/he-arc-en\/quality-management\/\"  class=\"btn-link  is-with-arrow \">\n        <span class=\"simple-link no-decoration\">Quality Management<\/span>\n      <\/a>\n                      \n            <a href=\"https:\/\/www.he-arc.ch\/en\/he-arc-en\/regulatory-legal\/\"  class=\"btn-link is-current is-with-arrow \">\n        <span class=\"simple-link no-decoration\">Regulatory\/Legal<\/span>\n      <\/a>\n                      \n            <a href=\"https:\/\/www.he-arc.ch\/publications\/\"  class=\"btn-link  is-with-arrow border-none\">\n        <span class=\"simple-link no-decoration\">Publications<\/span>\n      <\/a>\n            <\/nav>\n  <\/aside>\n\n      <div class=\"mt-4 w-100p\">\n              <div id=\"download-links-block_de965929f3c5529e1106a7c4f9064908\" class=\"\">\n  <div class=\"link-list\">\n\n        <h4 class=\"link-list__title\">Links and documents<\/h4>\n    \n    \n      <div class=\"link-list__item\">\n\t            <a href=\"https:\/\/rs.he-arc.ch\/\" class=\"simple-link\" target='_blank'>\n          HE-Arc Regulation\n        <\/a>\n            <\/div>\n\n    \n      <div class=\"link-list__item\">\n\t            <a href=\"https:\/\/www.hes-so.ch\/la-hes-so\/a-propos\/reglements-et-procedures\" class=\"simple-link\" target='_blank'>\n          HES-SO Regulation\n        <\/a>\n            <\/div>\n\n    \n      <div class=\"link-list__item\">\n\t            <a href=\"https:\/\/www.hes-so.ch\/la-hes-so\/a-propos\/reglements\/juridique\/voies-de-droit-et-jurisprudence\" class=\"simple-link\" target='_blank'>\n          Case law of the HES-SO\n        <\/a>\n            <\/div>\n\n      <\/div>\n<\/div>\n          <\/div>\n\n      <div class=\"mt-4 w-100p\">\n              <h4 class=\"link-list__title\">Contact person<\/h4>\n        \n<div id=\"contact-card-block_de965929f3c5529e1106a7c4f9064908\" class=\"contact-card is-shadowed  is-not-contained\">\n  <div class=\"contact-card__inner\">\n                <div class=\"contact-entry mb-1\">\n        Norma Luzio\n      <\/div>\n                      <div class=\"contact-entry mb-1\">\n        Legal department manager\n      <\/div>\n                      <div class=\"contact-entry mb-1\">\n        <a href=\"tel:+41329301141\"  class=\"simple-link contact-entry mb-1\">+41 32 930 11 41<\/a>\n      <\/div>\n                      <div class=\"contact-entry \">\n        <a href=\"mailto:norma.luzio@he-arc.ch\"  class=\"simple-link contact-entry mb-1\">Email<\/a>\n      <\/div>\n            <\/div>\n<\/div>\n          <\/div>\n\n  <\/div>\n\n  <\/div>\n<\/section>\n","protected":false},"excerpt":{"rendered":"","protected":false},"author":13,"featured_media":0,"parent":0,"menu_order":275,"comment_status":"closed","ping_status":"closed","template":"","meta":{"_acf_changed":false,"footnotes":""},"he-arc_domain":[154],"class_list":["post-36917","page","type-page","status-publish","hentry","he-arc_domain-he-arc-en"],"acf":[],"yoast_head":"<!-- This site is optimized with the Yoast SEO plugin v26.6 - https:\/\/yoast.com\/wordpress\/plugins\/seo\/ -->\n<title>Regulatory\/Legal - Haute-Ecole Arc<\/title>\n<meta name=\"description\" content=\"Recueil syst\u00e9matique de la r\u00e9glementation HE-Arc. La Haute Ecole Arc a pour mission de garantir la s\u00e9curit\u00e9 juridique vis-\u00e0-vis de ses \u00e9tudiant-e-s et de son personnel. Pour ce faire, elle met en place et publie un recueil syst\u00e9matique de sa r\u00e9glementation.\" \/>\n<meta name=\"robots\" content=\"index, follow, max-snippet:-1, max-image-preview:large, max-video-preview:-1\" \/>\n<link rel=\"canonical\" href=\"https:\/\/www.he-arc.ch\/en\/he-arc-en\/regulatory-legal\/\" \/>\n<meta property=\"og:locale\" content=\"en_US\" \/>\n<meta property=\"og:type\" content=\"article\" \/>\n<meta property=\"og:title\" content=\"Regulatory\/Legal - Haute-Ecole Arc\" \/>\n<meta property=\"og:description\" content=\"Recueil syst\u00e9matique de la r\u00e9glementation HE-Arc. La Haute Ecole Arc a pour mission de garantir la s\u00e9curit\u00e9 juridique vis-\u00e0-vis de ses \u00e9tudiant-e-s et de son personnel. Pour ce faire, elle met en place et publie un recueil syst\u00e9matique de sa r\u00e9glementation.\" \/>\n<meta property=\"og:url\" content=\"https:\/\/www.he-arc.ch\/en\/he-arc-en\/regulatory-legal\/\" \/>\n<meta property=\"og:site_name\" content=\"Haute-Ecole Arc\" \/>\n<meta property=\"article:modified_time\" content=\"2025-04-03T07:42:04+00:00\" \/>\n<meta name=\"twitter:card\" content=\"summary_large_image\" \/>\n<meta name=\"twitter:label1\" content=\"Est. reading time\" \/>\n\t<meta name=\"twitter:data1\" content=\"1 minute\" \/>\n<script type=\"application\/ld+json\" class=\"yoast-schema-graph\">{\"@context\":\"https:\/\/schema.org\",\"@graph\":[{\"@type\":\"WebPage\",\"@id\":\"https:\/\/www.he-arc.ch\/en\/he-arc-en\/regulatory-legal\/\",\"url\":\"https:\/\/www.he-arc.ch\/en\/he-arc-en\/regulatory-legal\/\",\"name\":\"Regulatory\/Legal - Haute-Ecole Arc\",\"isPartOf\":{\"@id\":\"https:\/\/www.he-arc.ch\/en\/#website\"},\"datePublished\":\"2021-09-17T07:21:04+00:00\",\"dateModified\":\"2025-04-03T07:42:04+00:00\",\"description\":\"Recueil syst\u00e9matique de la r\u00e9glementation HE-Arc. La Haute Ecole Arc a pour mission de garantir la s\u00e9curit\u00e9 juridique vis-\u00e0-vis de ses \u00e9tudiant-e-s et de son personnel. Pour ce faire, elle met en place et publie un recueil syst\u00e9matique de sa r\u00e9glementation.\",\"breadcrumb\":{\"@id\":\"https:\/\/www.he-arc.ch\/en\/he-arc-en\/regulatory-legal\/#breadcrumb\"},\"inLanguage\":\"en-US\",\"potentialAction\":[{\"@type\":\"ReadAction\",\"target\":[\"https:\/\/www.he-arc.ch\/en\/he-arc-en\/regulatory-legal\/\"]}]},{\"@type\":\"BreadcrumbList\",\"@id\":\"https:\/\/www.he-arc.ch\/en\/he-arc-en\/regulatory-legal\/#breadcrumb\",\"itemListElement\":[{\"@type\":\"ListItem\",\"position\":1,\"name\":\"Accueil\",\"item\":\"https:\/\/www.he-arc.ch\/en\/\"},{\"@type\":\"ListItem\",\"position\":2,\"name\":\"Regulatory\/Legal\"}]},{\"@type\":\"WebSite\",\"@id\":\"https:\/\/www.he-arc.ch\/en\/#website\",\"url\":\"https:\/\/www.he-arc.ch\/en\/\",\"name\":\"Haute-Ecole Arc\",\"description\":\"Haute \u00e9cole sp\u00e9cialis\u00e9e Suisse. Gestion, Ing\u00e9nierie, Sant\u00e9, Conservation-\u200brestauration.\",\"publisher\":{\"@id\":\"https:\/\/www.he-arc.ch\/en\/#organization\"},\"potentialAction\":[{\"@type\":\"SearchAction\",\"target\":{\"@type\":\"EntryPoint\",\"urlTemplate\":\"https:\/\/www.he-arc.ch\/en\/?s={search_term_string}\"},\"query-input\":{\"@type\":\"PropertyValueSpecification\",\"valueRequired\":true,\"valueName\":\"search_term_string\"}}],\"inLanguage\":\"en-US\"},{\"@type\":\"Organization\",\"@id\":\"https:\/\/www.he-arc.ch\/en\/#organization\",\"name\":\"Haute Ecole Arc\",\"url\":\"https:\/\/www.he-arc.ch\/en\/\",\"logo\":{\"@type\":\"ImageObject\",\"inLanguage\":\"en-US\",\"@id\":\"https:\/\/www.he-arc.ch\/en\/#\/schema\/logo\/image\/\",\"url\":\"https:\/\/www.he-arc.ch\/wp-content\/uploads\/2022\/01\/logo-he-arc.svg\",\"contentUrl\":\"https:\/\/www.he-arc.ch\/wp-content\/uploads\/2022\/01\/logo-he-arc.svg\",\"width\":140,\"height\":42,\"caption\":\"Haute Ecole Arc\"},\"image\":{\"@id\":\"https:\/\/www.he-arc.ch\/en\/#\/schema\/logo\/image\/\"}}]}<\/script>\n<!-- \/ Yoast SEO plugin. -->","yoast_head_json":{"title":"Regulatory\/Legal - Haute-Ecole Arc","description":"Recueil syst\u00e9matique de la r\u00e9glementation HE-Arc. La Haute Ecole Arc a pour mission de garantir la s\u00e9curit\u00e9 juridique vis-\u00e0-vis de ses \u00e9tudiant-e-s et de son personnel. Pour ce faire, elle met en place et publie un recueil syst\u00e9matique de sa r\u00e9glementation.","robots":{"index":"index","follow":"follow","max-snippet":"max-snippet:-1","max-image-preview":"max-image-preview:large","max-video-preview":"max-video-preview:-1"},"canonical":"https:\/\/www.he-arc.ch\/en\/he-arc-en\/regulatory-legal\/","og_locale":"en_US","og_type":"article","og_title":"Regulatory\/Legal - Haute-Ecole Arc","og_description":"Recueil syst\u00e9matique de la r\u00e9glementation HE-Arc. La Haute Ecole Arc a pour mission de garantir la s\u00e9curit\u00e9 juridique vis-\u00e0-vis de ses \u00e9tudiant-e-s et de son personnel. Pour ce faire, elle met en place et publie un recueil syst\u00e9matique de sa r\u00e9glementation.","og_url":"https:\/\/www.he-arc.ch\/en\/he-arc-en\/regulatory-legal\/","og_site_name":"Haute-Ecole Arc","article_modified_time":"2025-04-03T07:42:04+00:00","twitter_card":"summary_large_image","twitter_misc":{"Est. reading time":"1 minute"},"schema":{"@context":"https:\/\/schema.org","@graph":[{"@type":"WebPage","@id":"https:\/\/www.he-arc.ch\/en\/he-arc-en\/regulatory-legal\/","url":"https:\/\/www.he-arc.ch\/en\/he-arc-en\/regulatory-legal\/","name":"Regulatory\/Legal - Haute-Ecole Arc","isPartOf":{"@id":"https:\/\/www.he-arc.ch\/en\/#website"},"datePublished":"2021-09-17T07:21:04+00:00","dateModified":"2025-04-03T07:42:04+00:00","description":"Recueil syst\u00e9matique de la r\u00e9glementation HE-Arc. La Haute Ecole Arc a pour mission de garantir la s\u00e9curit\u00e9 juridique vis-\u00e0-vis de ses \u00e9tudiant-e-s et de son personnel. Pour ce faire, elle met en place et publie un recueil syst\u00e9matique de sa r\u00e9glementation.","breadcrumb":{"@id":"https:\/\/www.he-arc.ch\/en\/he-arc-en\/regulatory-legal\/#breadcrumb"},"inLanguage":"en-US","potentialAction":[{"@type":"ReadAction","target":["https:\/\/www.he-arc.ch\/en\/he-arc-en\/regulatory-legal\/"]}]},{"@type":"BreadcrumbList","@id":"https:\/\/www.he-arc.ch\/en\/he-arc-en\/regulatory-legal\/#breadcrumb","itemListElement":[{"@type":"ListItem","position":1,"name":"Accueil","item":"https:\/\/www.he-arc.ch\/en\/"},{"@type":"ListItem","position":2,"name":"Regulatory\/Legal"}]},{"@type":"WebSite","@id":"https:\/\/www.he-arc.ch\/en\/#website","url":"https:\/\/www.he-arc.ch\/en\/","name":"Haute-Ecole Arc","description":"Haute \u00e9cole sp\u00e9cialis\u00e9e Suisse. Gestion, Ing\u00e9nierie, Sant\u00e9, Conservation-\u200brestauration.","publisher":{"@id":"https:\/\/www.he-arc.ch\/en\/#organization"},"potentialAction":[{"@type":"SearchAction","target":{"@type":"EntryPoint","urlTemplate":"https:\/\/www.he-arc.ch\/en\/?s={search_term_string}"},"query-input":{"@type":"PropertyValueSpecification","valueRequired":true,"valueName":"search_term_string"}}],"inLanguage":"en-US"},{"@type":"Organization","@id":"https:\/\/www.he-arc.ch\/en\/#organization","name":"Haute Ecole Arc","url":"https:\/\/www.he-arc.ch\/en\/","logo":{"@type":"ImageObject","inLanguage":"en-US","@id":"https:\/\/www.he-arc.ch\/en\/#\/schema\/logo\/image\/","url":"https:\/\/www.he-arc.ch\/wp-content\/uploads\/2022\/01\/logo-he-arc.svg","contentUrl":"https:\/\/www.he-arc.ch\/wp-content\/uploads\/2022\/01\/logo-he-arc.svg","width":140,"height":42,"caption":"Haute Ecole Arc"},"image":{"@id":"https:\/\/www.he-arc.ch\/en\/#\/schema\/logo\/image\/"}}]}},"_links":{"self":[{"href":"https:\/\/www.he-arc.ch\/en\/wp-json\/wp\/v2\/pages\/36917","targetHints":{"allow":["GET"]}}],"collection":[{"href":"https:\/\/www.he-arc.ch\/en\/wp-json\/wp\/v2\/pages"}],"about":[{"href":"https:\/\/www.he-arc.ch\/en\/wp-json\/wp\/v2\/types\/page"}],"author":[{"embeddable":true,"href":"https:\/\/www.he-arc.ch\/en\/wp-json\/wp\/v2\/users\/13"}],"replies":[{"embeddable":true,"href":"https:\/\/www.he-arc.ch\/en\/wp-json\/wp\/v2\/comments?post=36917"}],"version-history":[{"count":22,"href":"https:\/\/www.he-arc.ch\/en\/wp-json\/wp\/v2\/pages\/36917\/revisions"}],"predecessor-version":[{"id":44988,"href":"https:\/\/www.he-arc.ch\/en\/wp-json\/wp\/v2\/pages\/36917\/revisions\/44988"}],"wp:attachment":[{"href":"https:\/\/www.he-arc.ch\/en\/wp-json\/wp\/v2\/media?parent=36917"}],"wp:term":[{"taxonomy":"he-arc_domain","embeddable":true,"href":"https:\/\/www.he-arc.ch\/en\/wp-json\/wp\/v2\/he-arc_domain?post=36917"}],"curies":[{"name":"wp","href":"https:\/\/api.w.org\/{rel}","templated":true}]}}