{"id":37079,"date":"2021-09-02T07:55:07","date_gmt":"2021-09-02T05:55:07","guid":{"rendered":"https:\/\/www.he-arc.ch\/?p=37079"},"modified":"2025-04-03T09:41:48","modified_gmt":"2025-04-03T07:41:48","slug":"missions-and-values","status":"publish","type":"page","link":"https:\/\/www.he-arc.ch\/en\/he-arc-en\/missions-and-values\/","title":{"rendered":"Missions and Values"},"content":{"rendered":"<header class=\"hero-section is-simple page-max is-wide\">\n  <div class=\"hero\">\n    <div class=\"hero-nav page-max\">\n      \n  <div class=\"breadcrumb hidden-print\">\n    <div class=\"breadcrumb-house\"><img decoding=\"async\" src=\"https:\/\/www.he-arc.ch\/wp-content\/themes\/he-arc\/static\/images\/icon-house.svg\" loading=\"lazy\" alt=\"\" height=\"12\"><\/div>\n    <a href=\"https:\/\/www.he-arc.ch\/en\/\" class=\"breadcrumb-link\">HE-Arc<\/a>\n    <div class=\"breadcrumb-bullet\"><\/div>\n\n          <a href=\"\/\/\" class=\"breadcrumb-link\"><\/a>\n      <div class=\"breadcrumb-bullet\"><\/div>\n    \n    \n              \n    \n    \n    \n    <span class=\"breadcrumb-link is-active pointer-none\">Missions and Values<\/span>\n  <\/div>\n\n          <\/div>\n    <div class=\"hero-row is-simple page-max\">\n      <div>\n        <span class=\"hero__overline display-block\"><\/span>\n        <h1 class=\"hero__title is-small\">Missions and Values<\/h1>\n      <\/div>\n    <\/div>\n  <\/div>\n<\/header>\n\n\n<section class=\"page-section\">\n\n  <div class=\"page-menu--mobile is-shadowed--bold\">\n    <a href=\"#sidebar_contact\" class=\"btn-link border-none w-inline-block\">\n      <span class=\"btn-link__title is-goto\">Contact and Infos<\/span>\n    <\/a>\n  <\/div>\n\n  <div class=\"page-section__inner page-max\">\n\n    <div class=\"article__content is-with-aside\">\n\n      <div class=\"rich-text w-richtext\">\n                \n<div class=\"article__intro rich-text is-large w-richtext\">\n      <p>Created in 2004, the Haute Ecole Arc pursues its missions of education, research, mobility and sustainability based on the Federal Law on the Promotion of Higher Education (LEHE).<\/p>\n\n  <\/div>\n\n\n\n<figure class=\"wp-block-image size-full is-style-default\"><img decoding=\"async\" width=\"714\" height=\"400\" src=\"https:\/\/www.he-arc.ch\/wp-content\/uploads\/2021\/09\/ARCLogoLumineux.jpg\" alt=\"\" class=\"wp-image-30431\" srcset=\"https:\/\/www.he-arc.ch\/wp-content\/uploads\/2021\/09\/ARCLogoLumineux.jpg 714w, https:\/\/www.he-arc.ch\/wp-content\/uploads\/2021\/09\/ARCLogoLumineux-300x168.jpg 300w\" sizes=\"(max-width: 714px) 100vw, 714px\" \/><\/figure>\n\n\n\n<h2 class=\"wp-block-heading\" id=\"title1\">Missions and values<\/h2>\n\n\n\n<h3 class=\"wp-block-heading\">Innovation and dynamism<\/h3>\n\n\n\n<p>The Haute Ecole Arc pursues the tasks arising from the Federal Law on the Promotion of Higher Education (LEHE) and the coordination of the Swiss Higher Education Sector of 30 September 2011.<br>It provides basic training (Bachelor&#8217;s and Master&#8217;s Degrees), offers continuing education (CAS; MAS; DAS), carries out applied research and development (aR&amp;D) and offers services, and develops national and international relations. All this with a view to sustainability.<\/p>\n\n\n\n<div class=\"full-quote\" id=\"full-quote-block_697511486c1866986f6055148dbcdf74\">\n  <blockquote class=\"full-quote__body\">\n    Guided by a desire for innovation, creativity, dynamism and transparency, it pursues the main tasks assigned to universities by the Confederation in the fields of education and research.\n  <\/blockquote>\n  <\/div>\n\n\n            <\/div>\n\n    <\/div>\n\n    <div class=\"article__aside w-100p\" id=\"sidebar_contact\">\n\n  <aside class=\"page-section__aside\">\n      <nav class=\"page-menu hidden-print is-shadowed--bold mt-1  w-list-unstyled\" aria-label=\"Raccourcis sur la page\">\n        <span class=\"page-menu__heading mt-0\">Why HE-Arc?<\/span>\n                    \n            <a href=\"https:\/\/www.he-arc.ch\/en\/he-arc-en\/portrait\/\"  class=\"btn-link  is-with-arrow \">\n        <span class=\"simple-link no-decoration\">Portrait<\/span>\n      <\/a>\n                      \n            <a href=\"https:\/\/www.he-arc.ch\/en\/he-arc-en\/missions-and-values\/\"  class=\"btn-link is-current is-with-arrow \">\n        <span class=\"simple-link no-decoration\">Missions and values<\/span>\n      <\/a>\n                      \n            <a href=\"https:\/\/www.he-arc.ch\/en\/he-arc-en\/equality-and-diversity\/\"  class=\"btn-link  is-with-arrow \">\n        <span class=\"simple-link no-decoration\">Equality &#038; Diversity<\/span>\n      <\/a>\n                      \n            <a href=\"https:\/\/www.he-arc.ch\/en\/he-arc-en\/sustainability\/\"  class=\"btn-link  is-with-arrow border-none\">\n        <span class=\"simple-link no-decoration\">Sustainability<\/span>\n      <\/a>\n            <\/nav>\n  <\/aside>\n\n  <\/div>\n\n  <\/div>\n<\/section>\n","protected":false},"excerpt":{"rendered":"","protected":false},"author":13,"featured_media":0,"parent":0,"menu_order":258,"comment_status":"closed","ping_status":"closed","template":"","meta":{"_acf_changed":false,"footnotes":""},"he-arc_domain":[154],"class_list":["post-37079","page","type-page","status-publish","hentry","he-arc_domain-he-arc-en"],"acf":[],"yoast_head":"<!-- This site is optimized with the Yoast SEO plugin v26.6 - https:\/\/yoast.com\/wordpress\/plugins\/seo\/ -->\n<title>Missions and Values - Haute-Ecole Arc<\/title>\n<meta name=\"description\" content=\"La Haute Ecole Arc poursuit les missions d\u00e9coulant de la loi f\u00e9d\u00e9rale sur l\u2019encouragement des hautes \u00e9coles (LEHE) et la coordination dans le domaine suisse des hautes \u00e9coles.\" \/>\n<meta name=\"robots\" content=\"index, follow, max-snippet:-1, max-image-preview:large, max-video-preview:-1\" \/>\n<link rel=\"canonical\" href=\"https:\/\/www.he-arc.ch\/en\/he-arc-en\/missions-and-values\/\" \/>\n<meta property=\"og:locale\" content=\"en_US\" \/>\n<meta property=\"og:type\" content=\"article\" \/>\n<meta property=\"og:title\" content=\"Missions and Values - Haute-Ecole Arc\" \/>\n<meta property=\"og:description\" content=\"La Haute Ecole Arc poursuit les missions d\u00e9coulant de la loi f\u00e9d\u00e9rale sur l\u2019encouragement des hautes \u00e9coles (LEHE) et la coordination dans le domaine suisse des hautes \u00e9coles.\" \/>\n<meta property=\"og:url\" content=\"https:\/\/www.he-arc.ch\/en\/he-arc-en\/missions-and-values\/\" \/>\n<meta property=\"og:site_name\" content=\"Haute-Ecole Arc\" \/>\n<meta property=\"article:modified_time\" content=\"2025-04-03T07:41:48+00:00\" \/>\n<meta property=\"og:image\" content=\"https:\/\/www.he-arc.ch\/wp-content\/uploads\/2021\/09\/ARCLogoLumineux.jpg\" \/>\n<meta name=\"twitter:card\" content=\"summary_large_image\" \/>\n<meta name=\"twitter:label1\" content=\"Est. reading time\" \/>\n\t<meta name=\"twitter:data1\" content=\"1 minute\" \/>\n<script type=\"application\/ld+json\" class=\"yoast-schema-graph\">{\"@context\":\"https:\/\/schema.org\",\"@graph\":[{\"@type\":\"WebPage\",\"@id\":\"https:\/\/www.he-arc.ch\/en\/he-arc-en\/missions-and-values\/\",\"url\":\"https:\/\/www.he-arc.ch\/en\/he-arc-en\/missions-and-values\/\",\"name\":\"Missions and Values - Haute-Ecole Arc\",\"isPartOf\":{\"@id\":\"https:\/\/www.he-arc.ch\/en\/#website\"},\"primaryImageOfPage\":{\"@id\":\"https:\/\/www.he-arc.ch\/en\/he-arc-en\/missions-and-values\/#primaryimage\"},\"image\":{\"@id\":\"https:\/\/www.he-arc.ch\/en\/he-arc-en\/missions-and-values\/#primaryimage\"},\"thumbnailUrl\":\"https:\/\/www.he-arc.ch\/wp-content\/uploads\/2021\/09\/ARCLogoLumineux.jpg\",\"datePublished\":\"2021-09-02T05:55:07+00:00\",\"dateModified\":\"2025-04-03T07:41:48+00:00\",\"description\":\"La Haute Ecole Arc poursuit les missions d\u00e9coulant de la loi f\u00e9d\u00e9rale sur l\u2019encouragement des hautes \u00e9coles (LEHE) et la coordination dans le domaine suisse des hautes \u00e9coles.\",\"breadcrumb\":{\"@id\":\"https:\/\/www.he-arc.ch\/en\/he-arc-en\/missions-and-values\/#breadcrumb\"},\"inLanguage\":\"en-US\",\"potentialAction\":[{\"@type\":\"ReadAction\",\"target\":[\"https:\/\/www.he-arc.ch\/en\/he-arc-en\/missions-and-values\/\"]}]},{\"@type\":\"ImageObject\",\"inLanguage\":\"en-US\",\"@id\":\"https:\/\/www.he-arc.ch\/en\/he-arc-en\/missions-and-values\/#primaryimage\",\"url\":\"https:\/\/www.he-arc.ch\/wp-content\/uploads\/2021\/09\/ARCLogoLumineux.jpg\",\"contentUrl\":\"https:\/\/www.he-arc.ch\/wp-content\/uploads\/2021\/09\/ARCLogoLumineux.jpg\"},{\"@type\":\"BreadcrumbList\",\"@id\":\"https:\/\/www.he-arc.ch\/en\/he-arc-en\/missions-and-values\/#breadcrumb\",\"itemListElement\":[{\"@type\":\"ListItem\",\"position\":1,\"name\":\"Accueil\",\"item\":\"https:\/\/www.he-arc.ch\/en\/\"},{\"@type\":\"ListItem\",\"position\":2,\"name\":\"Missions and Values\"}]},{\"@type\":\"WebSite\",\"@id\":\"https:\/\/www.he-arc.ch\/en\/#website\",\"url\":\"https:\/\/www.he-arc.ch\/en\/\",\"name\":\"Haute-Ecole Arc\",\"description\":\"Haute \u00e9cole sp\u00e9cialis\u00e9e Suisse. Gestion, Ing\u00e9nierie, Sant\u00e9, Conservation-\u200brestauration.\",\"publisher\":{\"@id\":\"https:\/\/www.he-arc.ch\/en\/#organization\"},\"potentialAction\":[{\"@type\":\"SearchAction\",\"target\":{\"@type\":\"EntryPoint\",\"urlTemplate\":\"https:\/\/www.he-arc.ch\/en\/?s={search_term_string}\"},\"query-input\":{\"@type\":\"PropertyValueSpecification\",\"valueRequired\":true,\"valueName\":\"search_term_string\"}}],\"inLanguage\":\"en-US\"},{\"@type\":\"Organization\",\"@id\":\"https:\/\/www.he-arc.ch\/en\/#organization\",\"name\":\"Haute Ecole Arc\",\"url\":\"https:\/\/www.he-arc.ch\/en\/\",\"logo\":{\"@type\":\"ImageObject\",\"inLanguage\":\"en-US\",\"@id\":\"https:\/\/www.he-arc.ch\/en\/#\/schema\/logo\/image\/\",\"url\":\"https:\/\/www.he-arc.ch\/wp-content\/uploads\/2022\/01\/logo-he-arc.svg\",\"contentUrl\":\"https:\/\/www.he-arc.ch\/wp-content\/uploads\/2022\/01\/logo-he-arc.svg\",\"width\":140,\"height\":42,\"caption\":\"Haute Ecole Arc\"},\"image\":{\"@id\":\"https:\/\/www.he-arc.ch\/en\/#\/schema\/logo\/image\/\"}}]}<\/script>\n<!-- \/ Yoast SEO plugin. -->","yoast_head_json":{"title":"Missions and Values - Haute-Ecole Arc","description":"La Haute Ecole Arc poursuit les missions d\u00e9coulant de la loi f\u00e9d\u00e9rale sur l\u2019encouragement des hautes \u00e9coles (LEHE) et la coordination dans le domaine suisse des hautes \u00e9coles.","robots":{"index":"index","follow":"follow","max-snippet":"max-snippet:-1","max-image-preview":"max-image-preview:large","max-video-preview":"max-video-preview:-1"},"canonical":"https:\/\/www.he-arc.ch\/en\/he-arc-en\/missions-and-values\/","og_locale":"en_US","og_type":"article","og_title":"Missions and Values - Haute-Ecole Arc","og_description":"La Haute Ecole Arc poursuit les missions d\u00e9coulant de la loi f\u00e9d\u00e9rale sur l\u2019encouragement des hautes \u00e9coles (LEHE) et la coordination dans le domaine suisse des hautes \u00e9coles.","og_url":"https:\/\/www.he-arc.ch\/en\/he-arc-en\/missions-and-values\/","og_site_name":"Haute-Ecole Arc","article_modified_time":"2025-04-03T07:41:48+00:00","og_image":[{"url":"https:\/\/www.he-arc.ch\/wp-content\/uploads\/2021\/09\/ARCLogoLumineux.jpg","type":"","width":"","height":""}],"twitter_card":"summary_large_image","twitter_misc":{"Est. reading time":"1 minute"},"schema":{"@context":"https:\/\/schema.org","@graph":[{"@type":"WebPage","@id":"https:\/\/www.he-arc.ch\/en\/he-arc-en\/missions-and-values\/","url":"https:\/\/www.he-arc.ch\/en\/he-arc-en\/missions-and-values\/","name":"Missions and Values - Haute-Ecole Arc","isPartOf":{"@id":"https:\/\/www.he-arc.ch\/en\/#website"},"primaryImageOfPage":{"@id":"https:\/\/www.he-arc.ch\/en\/he-arc-en\/missions-and-values\/#primaryimage"},"image":{"@id":"https:\/\/www.he-arc.ch\/en\/he-arc-en\/missions-and-values\/#primaryimage"},"thumbnailUrl":"https:\/\/www.he-arc.ch\/wp-content\/uploads\/2021\/09\/ARCLogoLumineux.jpg","datePublished":"2021-09-02T05:55:07+00:00","dateModified":"2025-04-03T07:41:48+00:00","description":"La Haute Ecole Arc poursuit les missions d\u00e9coulant de la loi f\u00e9d\u00e9rale sur l\u2019encouragement des hautes \u00e9coles (LEHE) et la coordination dans le domaine suisse des hautes \u00e9coles.","breadcrumb":{"@id":"https:\/\/www.he-arc.ch\/en\/he-arc-en\/missions-and-values\/#breadcrumb"},"inLanguage":"en-US","potentialAction":[{"@type":"ReadAction","target":["https:\/\/www.he-arc.ch\/en\/he-arc-en\/missions-and-values\/"]}]},{"@type":"ImageObject","inLanguage":"en-US","@id":"https:\/\/www.he-arc.ch\/en\/he-arc-en\/missions-and-values\/#primaryimage","url":"https:\/\/www.he-arc.ch\/wp-content\/uploads\/2021\/09\/ARCLogoLumineux.jpg","contentUrl":"https:\/\/www.he-arc.ch\/wp-content\/uploads\/2021\/09\/ARCLogoLumineux.jpg"},{"@type":"BreadcrumbList","@id":"https:\/\/www.he-arc.ch\/en\/he-arc-en\/missions-and-values\/#breadcrumb","itemListElement":[{"@type":"ListItem","position":1,"name":"Accueil","item":"https:\/\/www.he-arc.ch\/en\/"},{"@type":"ListItem","position":2,"name":"Missions and Values"}]},{"@type":"WebSite","@id":"https:\/\/www.he-arc.ch\/en\/#website","url":"https:\/\/www.he-arc.ch\/en\/","name":"Haute-Ecole Arc","description":"Haute \u00e9cole sp\u00e9cialis\u00e9e Suisse. Gestion, Ing\u00e9nierie, Sant\u00e9, Conservation-\u200brestauration.","publisher":{"@id":"https:\/\/www.he-arc.ch\/en\/#organization"},"potentialAction":[{"@type":"SearchAction","target":{"@type":"EntryPoint","urlTemplate":"https:\/\/www.he-arc.ch\/en\/?s={search_term_string}"},"query-input":{"@type":"PropertyValueSpecification","valueRequired":true,"valueName":"search_term_string"}}],"inLanguage":"en-US"},{"@type":"Organization","@id":"https:\/\/www.he-arc.ch\/en\/#organization","name":"Haute Ecole Arc","url":"https:\/\/www.he-arc.ch\/en\/","logo":{"@type":"ImageObject","inLanguage":"en-US","@id":"https:\/\/www.he-arc.ch\/en\/#\/schema\/logo\/image\/","url":"https:\/\/www.he-arc.ch\/wp-content\/uploads\/2022\/01\/logo-he-arc.svg","contentUrl":"https:\/\/www.he-arc.ch\/wp-content\/uploads\/2022\/01\/logo-he-arc.svg","width":140,"height":42,"caption":"Haute Ecole Arc"},"image":{"@id":"https:\/\/www.he-arc.ch\/en\/#\/schema\/logo\/image\/"}}]}},"_links":{"self":[{"href":"https:\/\/www.he-arc.ch\/en\/wp-json\/wp\/v2\/pages\/37079","targetHints":{"allow":["GET"]}}],"collection":[{"href":"https:\/\/www.he-arc.ch\/en\/wp-json\/wp\/v2\/pages"}],"about":[{"href":"https:\/\/www.he-arc.ch\/en\/wp-json\/wp\/v2\/types\/page"}],"author":[{"embeddable":true,"href":"https:\/\/www.he-arc.ch\/en\/wp-json\/wp\/v2\/users\/13"}],"replies":[{"embeddable":true,"href":"https:\/\/www.he-arc.ch\/en\/wp-json\/wp\/v2\/comments?post=37079"}],"version-history":[{"count":19,"href":"https:\/\/www.he-arc.ch\/en\/wp-json\/wp\/v2\/pages\/37079\/revisions"}],"predecessor-version":[{"id":44822,"href":"https:\/\/www.he-arc.ch\/en\/wp-json\/wp\/v2\/pages\/37079\/revisions\/44822"}],"wp:attachment":[{"href":"https:\/\/www.he-arc.ch\/en\/wp-json\/wp\/v2\/media?parent=37079"}],"wp:term":[{"taxonomy":"he-arc_domain","embeddable":true,"href":"https:\/\/www.he-arc.ch\/en\/wp-json\/wp\/v2\/he-arc_domain?post=37079"}],"curies":[{"name":"wp","href":"https:\/\/api.w.org\/{rel}","templated":true}]}}