{"id":37090,"date":"2021-09-17T09:32:03","date_gmt":"2021-09-17T07:32:03","guid":{"rendered":"https:\/\/www.he-arc.ch\/?p=37090"},"modified":"2025-04-03T09:41:06","modified_gmt":"2025-04-03T07:41:06","slug":"equality-and-diversity","status":"publish","type":"page","link":"https:\/\/www.he-arc.ch\/en\/he-arc-en\/equality-and-diversity\/","title":{"rendered":"Equality &#038; Diversity"},"content":{"rendered":"<header class=\"hero-section is-simple page-max is-wide\">\n  <div class=\"hero\">\n    <div class=\"hero-nav page-max\">\n      \n  <div class=\"breadcrumb hidden-print\">\n    <div class=\"breadcrumb-house\"><img decoding=\"async\" src=\"https:\/\/www.he-arc.ch\/wp-content\/themes\/he-arc\/static\/images\/icon-house.svg\" loading=\"lazy\" alt=\"\" height=\"12\"><\/div>\n    <a href=\"https:\/\/www.he-arc.ch\/en\/\" class=\"breadcrumb-link\">HE-Arc<\/a>\n    <div class=\"breadcrumb-bullet\"><\/div>\n\n          <a href=\"\/\/\" class=\"breadcrumb-link\"><\/a>\n      <div class=\"breadcrumb-bullet\"><\/div>\n    \n    \n              \n    \n    \n    \n    <span class=\"breadcrumb-link is-active pointer-none\">Equality &#038; Diversity<\/span>\n  <\/div>\n\n          <\/div>\n    <div class=\"hero-row is-simple page-max\">\n      <div>\n        <span class=\"hero__overline display-block\"><\/span>\n        <h1 class=\"hero__title is-small\">Equality &#038; Diversity<\/h1>\n      <\/div>\n    <\/div>\n  <\/div>\n<\/header>\n\n\n<section class=\"page-section\">\n\n  <div class=\"page-menu--mobile is-shadowed--bold\">\n    <a href=\"#sidebar_contact\" class=\"btn-link border-none w-inline-block\">\n      <span class=\"btn-link__title is-goto\">Contact and Infos<\/span>\n    <\/a>\n  <\/div>\n\n  <div class=\"page-section__inner page-max\">\n\n    <div class=\"article__content is-with-aside\">\n\n      <div class=\"rich-text w-richtext\">\n                \n<div class=\"article__intro rich-text is-large w-richtext\">\n      <p>The Haute Ecole Arc is attentive to equal opportunities. It participates in the system of (inter)cantonal respondents whose primary task is to coordinate the equal opportunities policy within the HES-SO. Through incentive projects, targeted communication and awareness-raising actions.<\/p>\n\n  <\/div>\n\n\n\n<figure class=\"wp-block-image size-large is-style-default\"><img decoding=\"async\" width=\"1024\" height=\"683\" src=\"https:\/\/www.he-arc.ch\/wp-content\/uploads\/2021\/09\/EgaliteDiversite-1024x683.jpg\" alt=\"\" class=\"wp-image-30469\" srcset=\"https:\/\/www.he-arc.ch\/wp-content\/uploads\/2021\/09\/EgaliteDiversite-1024x683.jpg 1024w, https:\/\/www.he-arc.ch\/wp-content\/uploads\/2021\/09\/EgaliteDiversite-300x200.jpg 300w, https:\/\/www.he-arc.ch\/wp-content\/uploads\/2021\/09\/EgaliteDiversite-768x512.jpg 768w, https:\/\/www.he-arc.ch\/wp-content\/uploads\/2021\/09\/EgaliteDiversite-1536x1024.jpg 1536w, https:\/\/www.he-arc.ch\/wp-content\/uploads\/2021\/09\/EgaliteDiversite-2048x1366.jpg 2048w\" sizes=\"(max-width: 1024px) 100vw, 1024px\" \/><\/figure>\n\n\n\n<h3 class=\"wp-block-heading\">Objectives<\/h3>\n\n\n\n<p>The Equal Opportunities Scheme works, among other objectives, to:<\/p>\n\n\n\n<ul class=\"wp-block-list\">\n<li>integrate the principles of equality into the structures of the HE-Arc and the HES-SO<\/li>\n\n\n\n<li>increase the number of female staff (teachers and researchers) and ensure equal opportunities in recruitment procedures<\/li>\n\n\n\n<li>create a favourable environment for the reconciliation of work and family tasks<\/li>\n\n\n\n<li>develop the gender skills of the teaching staff<\/li>\n\n\n\n<li>support gender studies, raise awareness of cultural diversity issues among staff and students<\/li>\n\n\n\n<li>implement disability-related measures and, more directly, for the institution&#8217;s students<\/li>\n\n\n\n<li>increase the proportion of female students in study programmes without equitable representation, by targeted recruitment of the under-represented gender<\/li>\n\n\n\n<li>provide support for trainees in under-represented fields of study<\/li>\n\n\n\n<li>promote the reconciliation of training and family life<\/li>\n\n\n\n<li>encourage women to undertake and pursue a professional career.<\/li>\n<\/ul>\n\n\n            <\/div>\n\n    <\/div>\n\n    <div class=\"article__aside w-100p\" id=\"sidebar_contact\">\n\n  <aside class=\"page-section__aside\">\n      <nav class=\"page-menu hidden-print is-shadowed--bold mt-1  w-list-unstyled\" aria-label=\"Raccourcis sur la page\">\n        <span class=\"page-menu__heading mt-0\">Why HE-Arc?<\/span>\n                    \n            <a href=\"https:\/\/www.he-arc.ch\/en\/he-arc-en\/portrait\/\"  class=\"btn-link  is-with-arrow \">\n        <span class=\"simple-link no-decoration\">Portrait<\/span>\n      <\/a>\n                      \n            <a href=\"https:\/\/www.he-arc.ch\/en\/he-arc-en\/missions-and-values\/\"  class=\"btn-link  is-with-arrow \">\n        <span class=\"simple-link no-decoration\">Missions and values<\/span>\n      <\/a>\n                      \n            <a href=\"https:\/\/www.he-arc.ch\/en\/he-arc-en\/equality-and-diversity\/\"  class=\"btn-link is-current is-with-arrow \">\n        <span class=\"simple-link no-decoration\">Equality &#038; Diversity<\/span>\n      <\/a>\n                      \n            <a href=\"https:\/\/www.he-arc.ch\/en\/he-arc-en\/sustainability\/\"  class=\"btn-link  is-with-arrow border-none\">\n        <span class=\"simple-link no-decoration\">Sustainability<\/span>\n      <\/a>\n            <\/nav>\n  <\/aside>\n\n      <div class=\"mt-4 w-100p\">\n              <h4 class=\"link-list__title\">Contact person<\/h4>\n        \n<div id=\"contact-card-block_1b90f6c0e6e7f91585120b4e143bd392\" class=\"contact-card is-shadowed  is-not-contained\">\n  <div class=\"contact-card__inner\">\n                <div class=\"contact-entry mb-1\">\n        Ludmila Schindelholz\n      <\/div>\n                      <div class=\"contact-entry mb-1\">\n        <a href=\"tel:+41329302338\"  class=\"simple-link contact-entry mb-1\">+41 32 930 23 38<\/a>\n      <\/div>\n                      <div class=\"contact-entry \">\n        <a href=\"mailto:ludmila.schindelholz@he-arc.ch\"  class=\"simple-link contact-entry mb-1\">Email<\/a>\n      <\/div>\n            <\/div>\n<\/div>\n          <\/div>\n\n      <div class=\"mt-4 w-100p\">\n              <div id=\"download-links-block_1b90f6c0e6e7f91585120b4e143bd392\" class=\"\">\n  <div class=\"link-list\">\n\n        <h4 class=\"link-list__title\">Links and documents (in French)<\/h4>\n    \n    \n      <div class=\"link-list__item\">\n\t            <a href=\"https:\/\/www.he-arc.ch\/wp-content\/uploads\/2021\/09\/arc_120910_egalite_des_chances_des_etudiant-e-s1.pdf\" class=\"simple-link\" target='_blank'>\n          Egalit\u00e9 des chances des \u00e9tudiant-e-s\n        <\/a>\n            <\/div>\n\n    \n      <div class=\"link-list__item\">\n\t            <a href=\"https:\/\/www.he-arc.ch\/wp-content\/uploads\/2021\/09\/hes-so_politique_cadre_harcelement.pdf\" class=\"simple-link\" target='_blank'>\n          Politique-cadre HES-SO de pr\u00e9vention et de gestion du harc\u00e8lement sexuel et sexiste \u00e0 l&#8217;encontre des personnes aux \u00e9tudes\n        <\/a>\n            <\/div>\n\n    \n      <div class=\"link-list__item\">\n\t            <a href=\"https:\/\/www.hes-so.ch\/la-hes-so\/egalite-et-diversite\" class=\"simple-link\" target='_blank'>\n          Informations sur le site de la HES-SO\n        <\/a>\n            <\/div>\n\n    \n      <div class=\"link-list__item\">\n\t            <a href=\"http:\/\/www.swissuniability.ch\/\" class=\"simple-link\" target='_blank'>\n          Swissuniability\n        <\/a>\n            <\/div>\n\n    \n      <div class=\"link-list__item\">\n\t            <a href=\"https:\/\/www.he-arc.ch\/wp-content\/uploads\/2022\/03\/Guide_identite-genre-VF.pdf\" alt=\"\" class=\"simple-link is-doc\" target='_blank'>\n          Identit\u00e9 de genre &#8211; Guide HES-SO des bonnes pratiques\n        <\/a>\n            <\/div>\n\n    \n      <div class=\"link-list__item\">\n\t            <a href=\"https:\/\/centrevue.ch\/\" class=\"simple-link\" target='_blank'>\n          Centrevue &#8211; autonomie et int\u00e9gration pour personnes aveugles et malvoyantes\n        <\/a>\n            <\/div>\n\n    \n      <div class=\"link-list__item\">\n\t            <a href=\"\" class=\"simple-link\" target='_blank'>\n          SRIHV &#8211; Service romand d&#8217;informatique pour handicap\u00e9s de la vue\n        <\/a>\n            <\/div>\n\n      <\/div>\n<\/div>\n          <\/div>\n\n  <\/div>\n\n  <\/div>\n<\/section>\n","protected":false},"excerpt":{"rendered":"","protected":false},"author":13,"featured_media":0,"parent":0,"menu_order":177,"comment_status":"closed","ping_status":"closed","template":"","meta":{"_acf_changed":false,"footnotes":""},"he-arc_domain":[154],"class_list":["post-37090","page","type-page","status-publish","hentry","he-arc_domain-he-arc-en"],"acf":[],"yoast_head":"<!-- This site is optimized with the Yoast SEO plugin v26.6 - https:\/\/yoast.com\/wordpress\/plugins\/seo\/ -->\n<title>Equality &amp; Diversity - Haute-Ecole Arc<\/title>\n<meta name=\"description\" content=\"La Haute Ecole Arc est attentive \u00e0 l&#039;\u00e9galit\u00e9 des chances. Elle participe au dispositif de r\u00e9pondantes et r\u00e9pondants (inter)cantonales et cantonaux dont la t\u00e2che premi\u00e8re est de coordonner la politique d&#039;\u00e9galit\u00e9 des chances au sein de la HES-SO.\" \/>\n<meta name=\"robots\" content=\"index, follow, max-snippet:-1, max-image-preview:large, max-video-preview:-1\" \/>\n<link rel=\"canonical\" href=\"https:\/\/www.he-arc.ch\/en\/he-arc-en\/equality-and-diversity\/\" \/>\n<meta property=\"og:locale\" content=\"en_US\" \/>\n<meta property=\"og:type\" content=\"article\" \/>\n<meta property=\"og:title\" content=\"Equality &amp; Diversity - Haute-Ecole Arc\" \/>\n<meta property=\"og:description\" content=\"La Haute Ecole Arc est attentive \u00e0 l&#039;\u00e9galit\u00e9 des chances. Elle participe au dispositif de r\u00e9pondantes et r\u00e9pondants (inter)cantonales et cantonaux dont la t\u00e2che premi\u00e8re est de coordonner la politique d&#039;\u00e9galit\u00e9 des chances au sein de la HES-SO.\" \/>\n<meta property=\"og:url\" content=\"https:\/\/www.he-arc.ch\/en\/he-arc-en\/equality-and-diversity\/\" \/>\n<meta property=\"og:site_name\" content=\"Haute-Ecole Arc\" \/>\n<meta property=\"article:modified_time\" content=\"2025-04-03T07:41:06+00:00\" \/>\n<meta property=\"og:image\" content=\"https:\/\/www.he-arc.ch\/wp-content\/uploads\/2021\/09\/EgaliteDiversite-1024x683.jpg\" \/>\n<meta name=\"twitter:card\" content=\"summary_large_image\" \/>\n<meta name=\"twitter:label1\" content=\"Est. reading time\" \/>\n\t<meta name=\"twitter:data1\" content=\"1 minute\" \/>\n<script type=\"application\/ld+json\" class=\"yoast-schema-graph\">{\"@context\":\"https:\/\/schema.org\",\"@graph\":[{\"@type\":\"WebPage\",\"@id\":\"https:\/\/www.he-arc.ch\/en\/he-arc-en\/equality-and-diversity\/\",\"url\":\"https:\/\/www.he-arc.ch\/en\/he-arc-en\/equality-and-diversity\/\",\"name\":\"Equality & Diversity - Haute-Ecole Arc\",\"isPartOf\":{\"@id\":\"https:\/\/www.he-arc.ch\/en\/#website\"},\"primaryImageOfPage\":{\"@id\":\"https:\/\/www.he-arc.ch\/en\/he-arc-en\/equality-and-diversity\/#primaryimage\"},\"image\":{\"@id\":\"https:\/\/www.he-arc.ch\/en\/he-arc-en\/equality-and-diversity\/#primaryimage\"},\"thumbnailUrl\":\"https:\/\/www.he-arc.ch\/wp-content\/uploads\/2021\/09\/EgaliteDiversite-1024x683.jpg\",\"datePublished\":\"2021-09-17T07:32:03+00:00\",\"dateModified\":\"2025-04-03T07:41:06+00:00\",\"description\":\"La Haute Ecole Arc est attentive \u00e0 l'\u00e9galit\u00e9 des chances. Elle participe au dispositif de r\u00e9pondantes et r\u00e9pondants (inter)cantonales et cantonaux dont la t\u00e2che premi\u00e8re est de coordonner la politique d'\u00e9galit\u00e9 des chances au sein de la HES-SO.\",\"breadcrumb\":{\"@id\":\"https:\/\/www.he-arc.ch\/en\/he-arc-en\/equality-and-diversity\/#breadcrumb\"},\"inLanguage\":\"en-US\",\"potentialAction\":[{\"@type\":\"ReadAction\",\"target\":[\"https:\/\/www.he-arc.ch\/en\/he-arc-en\/equality-and-diversity\/\"]}]},{\"@type\":\"ImageObject\",\"inLanguage\":\"en-US\",\"@id\":\"https:\/\/www.he-arc.ch\/en\/he-arc-en\/equality-and-diversity\/#primaryimage\",\"url\":\"https:\/\/www.he-arc.ch\/wp-content\/uploads\/2021\/09\/EgaliteDiversite-1024x683.jpg\",\"contentUrl\":\"https:\/\/www.he-arc.ch\/wp-content\/uploads\/2021\/09\/EgaliteDiversite-1024x683.jpg\"},{\"@type\":\"BreadcrumbList\",\"@id\":\"https:\/\/www.he-arc.ch\/en\/he-arc-en\/equality-and-diversity\/#breadcrumb\",\"itemListElement\":[{\"@type\":\"ListItem\",\"position\":1,\"name\":\"Accueil\",\"item\":\"https:\/\/www.he-arc.ch\/en\/\"},{\"@type\":\"ListItem\",\"position\":2,\"name\":\"Equality &#038; Diversity\"}]},{\"@type\":\"WebSite\",\"@id\":\"https:\/\/www.he-arc.ch\/en\/#website\",\"url\":\"https:\/\/www.he-arc.ch\/en\/\",\"name\":\"Haute-Ecole Arc\",\"description\":\"Haute \u00e9cole sp\u00e9cialis\u00e9e Suisse. Gestion, Ing\u00e9nierie, Sant\u00e9, Conservation-\u200brestauration.\",\"publisher\":{\"@id\":\"https:\/\/www.he-arc.ch\/en\/#organization\"},\"potentialAction\":[{\"@type\":\"SearchAction\",\"target\":{\"@type\":\"EntryPoint\",\"urlTemplate\":\"https:\/\/www.he-arc.ch\/en\/?s={search_term_string}\"},\"query-input\":{\"@type\":\"PropertyValueSpecification\",\"valueRequired\":true,\"valueName\":\"search_term_string\"}}],\"inLanguage\":\"en-US\"},{\"@type\":\"Organization\",\"@id\":\"https:\/\/www.he-arc.ch\/en\/#organization\",\"name\":\"Haute Ecole Arc\",\"url\":\"https:\/\/www.he-arc.ch\/en\/\",\"logo\":{\"@type\":\"ImageObject\",\"inLanguage\":\"en-US\",\"@id\":\"https:\/\/www.he-arc.ch\/en\/#\/schema\/logo\/image\/\",\"url\":\"https:\/\/www.he-arc.ch\/wp-content\/uploads\/2022\/01\/logo-he-arc.svg\",\"contentUrl\":\"https:\/\/www.he-arc.ch\/wp-content\/uploads\/2022\/01\/logo-he-arc.svg\",\"width\":140,\"height\":42,\"caption\":\"Haute Ecole Arc\"},\"image\":{\"@id\":\"https:\/\/www.he-arc.ch\/en\/#\/schema\/logo\/image\/\"}}]}<\/script>\n<!-- \/ Yoast SEO plugin. -->","yoast_head_json":{"title":"Equality & Diversity - Haute-Ecole Arc","description":"La Haute Ecole Arc est attentive \u00e0 l'\u00e9galit\u00e9 des chances. Elle participe au dispositif de r\u00e9pondantes et r\u00e9pondants (inter)cantonales et cantonaux dont la t\u00e2che premi\u00e8re est de coordonner la politique d'\u00e9galit\u00e9 des chances au sein de la HES-SO.","robots":{"index":"index","follow":"follow","max-snippet":"max-snippet:-1","max-image-preview":"max-image-preview:large","max-video-preview":"max-video-preview:-1"},"canonical":"https:\/\/www.he-arc.ch\/en\/he-arc-en\/equality-and-diversity\/","og_locale":"en_US","og_type":"article","og_title":"Equality & Diversity - Haute-Ecole Arc","og_description":"La Haute Ecole Arc est attentive \u00e0 l'\u00e9galit\u00e9 des chances. Elle participe au dispositif de r\u00e9pondantes et r\u00e9pondants (inter)cantonales et cantonaux dont la t\u00e2che premi\u00e8re est de coordonner la politique d'\u00e9galit\u00e9 des chances au sein de la HES-SO.","og_url":"https:\/\/www.he-arc.ch\/en\/he-arc-en\/equality-and-diversity\/","og_site_name":"Haute-Ecole Arc","article_modified_time":"2025-04-03T07:41:06+00:00","og_image":[{"url":"https:\/\/www.he-arc.ch\/wp-content\/uploads\/2021\/09\/EgaliteDiversite-1024x683.jpg","type":"","width":"","height":""}],"twitter_card":"summary_large_image","twitter_misc":{"Est. reading time":"1 minute"},"schema":{"@context":"https:\/\/schema.org","@graph":[{"@type":"WebPage","@id":"https:\/\/www.he-arc.ch\/en\/he-arc-en\/equality-and-diversity\/","url":"https:\/\/www.he-arc.ch\/en\/he-arc-en\/equality-and-diversity\/","name":"Equality & Diversity - Haute-Ecole Arc","isPartOf":{"@id":"https:\/\/www.he-arc.ch\/en\/#website"},"primaryImageOfPage":{"@id":"https:\/\/www.he-arc.ch\/en\/he-arc-en\/equality-and-diversity\/#primaryimage"},"image":{"@id":"https:\/\/www.he-arc.ch\/en\/he-arc-en\/equality-and-diversity\/#primaryimage"},"thumbnailUrl":"https:\/\/www.he-arc.ch\/wp-content\/uploads\/2021\/09\/EgaliteDiversite-1024x683.jpg","datePublished":"2021-09-17T07:32:03+00:00","dateModified":"2025-04-03T07:41:06+00:00","description":"La Haute Ecole Arc est attentive \u00e0 l'\u00e9galit\u00e9 des chances. Elle participe au dispositif de r\u00e9pondantes et r\u00e9pondants (inter)cantonales et cantonaux dont la t\u00e2che premi\u00e8re est de coordonner la politique d'\u00e9galit\u00e9 des chances au sein de la HES-SO.","breadcrumb":{"@id":"https:\/\/www.he-arc.ch\/en\/he-arc-en\/equality-and-diversity\/#breadcrumb"},"inLanguage":"en-US","potentialAction":[{"@type":"ReadAction","target":["https:\/\/www.he-arc.ch\/en\/he-arc-en\/equality-and-diversity\/"]}]},{"@type":"ImageObject","inLanguage":"en-US","@id":"https:\/\/www.he-arc.ch\/en\/he-arc-en\/equality-and-diversity\/#primaryimage","url":"https:\/\/www.he-arc.ch\/wp-content\/uploads\/2021\/09\/EgaliteDiversite-1024x683.jpg","contentUrl":"https:\/\/www.he-arc.ch\/wp-content\/uploads\/2021\/09\/EgaliteDiversite-1024x683.jpg"},{"@type":"BreadcrumbList","@id":"https:\/\/www.he-arc.ch\/en\/he-arc-en\/equality-and-diversity\/#breadcrumb","itemListElement":[{"@type":"ListItem","position":1,"name":"Accueil","item":"https:\/\/www.he-arc.ch\/en\/"},{"@type":"ListItem","position":2,"name":"Equality &#038; Diversity"}]},{"@type":"WebSite","@id":"https:\/\/www.he-arc.ch\/en\/#website","url":"https:\/\/www.he-arc.ch\/en\/","name":"Haute-Ecole Arc","description":"Haute \u00e9cole sp\u00e9cialis\u00e9e Suisse. Gestion, Ing\u00e9nierie, Sant\u00e9, Conservation-\u200brestauration.","publisher":{"@id":"https:\/\/www.he-arc.ch\/en\/#organization"},"potentialAction":[{"@type":"SearchAction","target":{"@type":"EntryPoint","urlTemplate":"https:\/\/www.he-arc.ch\/en\/?s={search_term_string}"},"query-input":{"@type":"PropertyValueSpecification","valueRequired":true,"valueName":"search_term_string"}}],"inLanguage":"en-US"},{"@type":"Organization","@id":"https:\/\/www.he-arc.ch\/en\/#organization","name":"Haute Ecole Arc","url":"https:\/\/www.he-arc.ch\/en\/","logo":{"@type":"ImageObject","inLanguage":"en-US","@id":"https:\/\/www.he-arc.ch\/en\/#\/schema\/logo\/image\/","url":"https:\/\/www.he-arc.ch\/wp-content\/uploads\/2022\/01\/logo-he-arc.svg","contentUrl":"https:\/\/www.he-arc.ch\/wp-content\/uploads\/2022\/01\/logo-he-arc.svg","width":140,"height":42,"caption":"Haute Ecole Arc"},"image":{"@id":"https:\/\/www.he-arc.ch\/en\/#\/schema\/logo\/image\/"}}]}},"_links":{"self":[{"href":"https:\/\/www.he-arc.ch\/en\/wp-json\/wp\/v2\/pages\/37090","targetHints":{"allow":["GET"]}}],"collection":[{"href":"https:\/\/www.he-arc.ch\/en\/wp-json\/wp\/v2\/pages"}],"about":[{"href":"https:\/\/www.he-arc.ch\/en\/wp-json\/wp\/v2\/types\/page"}],"author":[{"embeddable":true,"href":"https:\/\/www.he-arc.ch\/en\/wp-json\/wp\/v2\/users\/13"}],"replies":[{"embeddable":true,"href":"https:\/\/www.he-arc.ch\/en\/wp-json\/wp\/v2\/comments?post=37090"}],"version-history":[{"count":11,"href":"https:\/\/www.he-arc.ch\/en\/wp-json\/wp\/v2\/pages\/37090\/revisions"}],"predecessor-version":[{"id":44823,"href":"https:\/\/www.he-arc.ch\/en\/wp-json\/wp\/v2\/pages\/37090\/revisions\/44823"}],"wp:attachment":[{"href":"https:\/\/www.he-arc.ch\/en\/wp-json\/wp\/v2\/media?parent=37090"}],"wp:term":[{"taxonomy":"he-arc_domain","embeddable":true,"href":"https:\/\/www.he-arc.ch\/en\/wp-json\/wp\/v2\/he-arc_domain?post=37090"}],"curies":[{"name":"wp","href":"https:\/\/api.w.org\/{rel}","templated":true}]}}