{"id":37100,"date":"2021-08-27T09:02:44","date_gmt":"2021-08-27T07:02:44","guid":{"rendered":"https:\/\/www.he-arc.ch\/?p=37100"},"modified":"2025-04-24T13:34:07","modified_gmt":"2025-04-24T11:34:07","slug":"sustainability","status":"publish","type":"page","link":"https:\/\/www.he-arc.ch\/en\/he-arc-en\/sustainability\/","title":{"rendered":"Sustainability"},"content":{"rendered":"<header class=\"hero-section is-simple page-max is-wide\">\n  <div class=\"hero\">\n    <div class=\"hero-nav page-max\">\n      \n  <div class=\"breadcrumb hidden-print\">\n    <div class=\"breadcrumb-house\"><img decoding=\"async\" src=\"https:\/\/www.he-arc.ch\/wp-content\/themes\/he-arc\/static\/images\/icon-house.svg\" loading=\"lazy\" alt=\"\" height=\"12\"><\/div>\n    <a href=\"https:\/\/www.he-arc.ch\/en\/\" class=\"breadcrumb-link\">HE-Arc<\/a>\n    <div class=\"breadcrumb-bullet\"><\/div>\n\n          <a href=\"\/\/\" class=\"breadcrumb-link\"><\/a>\n      <div class=\"breadcrumb-bullet\"><\/div>\n    \n    \n              \n    \n    \n    \n    <span class=\"breadcrumb-link is-active pointer-none\">Sustainability<\/span>\n  <\/div>\n\n          <\/div>\n    <div class=\"hero-row is-simple page-max\">\n      <div>\n        <span class=\"hero__overline display-block\"><\/span>\n        <h1 class=\"hero__title is-small\">Sustainability<\/h1>\n      <\/div>\n    <\/div>\n  <\/div>\n<\/header>\n\n\n<section class=\"page-section\">\n\n  <div class=\"page-menu--mobile is-shadowed--bold\">\n    <a href=\"#sidebar_contact\" class=\"btn-link border-none w-inline-block\">\n      <span class=\"btn-link__title is-goto\">Contact and Infos<\/span>\n    <\/a>\n  <\/div>\n\n  <div class=\"page-section__inner page-max\">\n\n    <div class=\"article__content is-with-aside\">\n\n      <div class=\"rich-text w-richtext\">\n                \n<div class=\"article__intro rich-text is-large w-richtext\">\n      <p>As a University of Applied Sciences, the HE-Arc is aware of its social responsibility, particularly in terms of sustainability. The HE-Arc approaches this issue in a multidisciplinary manner and wishes to contribute to a transition towards a world capable of regenerating itself, without prejudicing future generations. The HE-Arc wishes to raise awareness of sustainability issues among its staff and students, to enrich the debate (not conclude it) and to propose solutions through its training and applied research and development activities.<\/p>\n\n  <\/div>\n\n\n<div class=\"wp-block-image\">\n<figure class=\"alignright size-thumbnail\"><a href=\"https:\/\/www.he-arc.ch\/wp-content\/uploads\/2022\/05\/roues_durabilite-scaled.jpg\" target=\"_blank\" rel=\"noreferrer noopener\"><img decoding=\"async\" width=\"150\" height=\"150\" src=\"https:\/\/www.he-arc.ch\/wp-content\/uploads\/2022\/05\/roues_durabilite-150x150.jpg\" alt=\"\" class=\"wp-image-34694\"\/><\/a><figcaption class=\"wp-element-caption\">Discover the action plan (in French)<\/figcaption><\/figure>\n<\/div>\n\n\n<p>The participation of students, teachers and administrative and technical staff is a fundamental part of the Haute Ecole Arc&#8217;s sustainability approach.<br>The priority fields of action are :<\/p>\n\n\n\n<ul class=\"wp-block-list\">\n<li>integrating sustainable development concepts into teaching, R&amp;D and service delivery activities.<\/li>\n\n\n\n<li>to allow everyone to be an actor in the process.<\/li>\n\n\n\n<li>manage energy efficiently.<\/li>\n<\/ul>\n\n\n\n<figure class=\"wp-block-image size-full is-style-default\"><img decoding=\"async\" width=\"714\" height=\"400\" src=\"https:\/\/www.he-arc.ch\/wp-content\/uploads\/2021\/08\/Durabilite_CreuxVan.jpg\" alt=\"\" class=\"wp-image-30409\" srcset=\"https:\/\/www.he-arc.ch\/wp-content\/uploads\/2021\/08\/Durabilite_CreuxVan.jpg 714w, https:\/\/www.he-arc.ch\/wp-content\/uploads\/2021\/08\/Durabilite_CreuxVan-300x168.jpg 300w\" sizes=\"(max-width: 714px) 100vw, 714px\" \/><figcaption class=\"wp-element-caption\">The Creux-du-Van, located in the canton of Neuch\u00e2tel.<\/figcaption><\/figure>\n\n\n\n<h3 class=\"wp-block-heading\">Teaching<\/h3>\n\n\n\n<p>The major impact of a university is students&#8217; training on the subject of sustainability. To this end, teachers are given the opportunity to learn about the concept of sustainable development. Didactic methods for integrating sustainable development are proposed. Thus, teachers are encouraged to enrich and adapt their teaching programmes to the environmental issues of the professions taught.<\/p>\n\n\n<div class=\"wp-block-image\">\n<figure class=\"alignright size-thumbnail\"><a href=\"https:\/\/www.he-arc.ch\/wp-content\/uploads\/2022\/06\/Enseignement-150x150.png\" target=\"_blank\" rel=\"noreferrer noopener\"><img decoding=\"async\" width=\"150\" height=\"150\" src=\"https:\/\/www.he-arc.ch\/wp-content\/uploads\/2022\/06\/Enseignement-150x150.png\" alt=\"\" class=\"wp-image-34734\"\/><\/a><figcaption class=\"wp-element-caption\">Education and aR&amp;D<\/figcaption><\/figure>\n<\/div>\n\n\n<h3 class=\"wp-block-heading\">aR&amp;D<\/h3>\n\n\n\n<p>The Haute Ecole Arc also contributes to sustainability through its applied research activities and services in the fields of economy, industry, heritage conservation and health.<\/p>\n\n\n\n<h3 class=\"wp-block-heading\">Students<\/h3>\n\n\n\n<p>The HE-Arc is committed to working with students on a number of actions.<\/p>\n\n\n<div class=\"video-card-wrapper  is-not-contained \">\n                    <ul class=\"flex-row w-list-unstyled  \">\n                              <li class=\"size-1-2 size-full-mobile\">\n              <a class=\"video-card is-shadowed js-open-video \" href=\"https:\/\/player.vimeo.com\/video\/651053356\">\n                <div class=\"image-wrapper--landscape\" style=\"background-image: url(https:\/\/www.he-arc.ch\/wp-content\/uploads\/2021\/11\/Durabilite_Temoignage_Biscarel-1024x559.png)\">\n                  <div class=\"btn-play is-centered\">&nbsp;<\/div>\n                <\/div>\n                <div class=\"video-card__info\">\n                                    <h3 class=\"video-card__title\">Ines Biscarel, a Conservation-Restoration student, talks about her commitment to sustainability in her training<\/h3>\n                <\/div>\n              <\/a>\n            <\/li>\n                                          <\/ul>\n      <\/div>\n\n\n\n\n<p>An overview of possible actions is available on the&nbsp;<a href=\"https:\/\/www.hes-so.ch\/de\/la-hes-so\/durabilite\" target=\"_blank\" rel=\"noreferrer noopener\">HES-SO<\/a> sustainability platform.<\/p>\n\n\n<div class=\"wp-block-image\">\n<figure class=\"alignright size-thumbnail\"><a href=\"https:\/\/www.he-arc.ch\/wp-content\/uploads\/2022\/06\/Agir-150x150.png\" target=\"_blank\" rel=\"noreferrer noopener\"><img decoding=\"async\" width=\"150\" height=\"150\" src=\"https:\/\/www.he-arc.ch\/wp-content\/uploads\/2022\/06\/Agir-150x150.png\" alt=\"\" class=\"wp-image-34733\"\/><\/a><figcaption class=\"wp-element-caption\">Taking action: an idea to promote ecological transition?<\/figcaption><\/figure>\n<\/div>\n\n\n<h3 class=\"wp-block-heading\">Call for projects<\/h3>\n\n\n\n<p>Several times a year, the Haute Ecole Arc supports the submission of projects proposed by the HES-SO <a href=\"https:\/\/www.hes-so.ch\/la-hes-so\/durabilite\/former-pour-transformer\/etudiantes\/appel-a-projets\" target=\"_blank\" rel=\"noreferrer noopener\">sustainability platform<\/a> .<\/p>\n\n\n\n<h3 class=\"wp-block-heading\">Infrastructure<\/h3>\n\n\n<div class=\"wp-block-image\">\n<figure class=\"alignright size-thumbnail\"><a href=\"https:\/\/www.he-arc.ch\/wp-content\/uploads\/2022\/06\/reduire_les_emissions-150x150.png\" target=\"_blank\" rel=\"noreferrer noopener\"><img decoding=\"async\" width=\"150\" height=\"150\" src=\"https:\/\/www.he-arc.ch\/wp-content\/uploads\/2022\/06\/reduire_les_emissions-150x150.png\" alt=\"\" class=\"wp-image-34732\"\/><\/a><figcaption class=\"wp-element-caption\">Reducing emissions<\/figcaption><\/figure>\n<\/div>\n\n\n<p>The Haute Ecole Arc lives in a sustainable environment through its location and infrastructure. The main campuses are located in the immediate vicinity of the Neuch\u00e2tel and Del\u00e9mont train stations and the premises were built according to the most demanding standards in terms of sustainable construction: geothermal heating, green roofs, intelligent management of closures according to climatic conditions, rainwater recovery, photovoltaic<br>panels, waste sorting, economical management of IT infrastructure. Sustainable catering is also available in Neuch\u00e2tel with our partner<\/p>\n\n\n\n<p>&nbsp;<a href=\"https:\/\/feel-eat.ch\/\" target=\"_blank\" rel=\"noreferrer noopener\">Feel Eat<\/a>.<\/p>\n\n\n            <\/div>\n\n    <\/div>\n\n    <div class=\"article__aside w-100p\" id=\"sidebar_contact\">\n\n  <aside class=\"page-section__aside\">\n      <nav class=\"page-menu hidden-print is-shadowed--bold mt-1  w-list-unstyled\" aria-label=\"Raccourcis sur la page\">\n        <span class=\"page-menu__heading mt-0\">Why HE-Arc?<\/span>\n                    \n            <a href=\"https:\/\/www.he-arc.ch\/en\/he-arc-en\/portrait\/\"  class=\"btn-link  is-with-arrow \">\n        <span class=\"simple-link no-decoration\">Portrait<\/span>\n      <\/a>\n                      \n            <a href=\"https:\/\/www.he-arc.ch\/en\/he-arc-en\/missions-and-values\/\"  class=\"btn-link  is-with-arrow \">\n        <span class=\"simple-link no-decoration\">Missions and values<\/span>\n      <\/a>\n                      \n            <a href=\"https:\/\/www.he-arc.ch\/en\/he-arc-en\/equality-and-diversity\/\"  class=\"btn-link  is-with-arrow \">\n        <span class=\"simple-link no-decoration\">Equality &#038; Diversity<\/span>\n      <\/a>\n                      \n            <a href=\"https:\/\/www.he-arc.ch\/en\/he-arc-en\/sustainability\/\"  class=\"btn-link is-current is-with-arrow border-none\">\n        <span class=\"simple-link no-decoration\">Sustainability<\/span>\n      <\/a>\n            <\/nav>\n  <\/aside>\n\n      <div class=\"mt-4 w-100p\">\n              <h4 class=\"link-list__title\">Contact person<\/h4>\n        \n<div id=\"contact-card-block_cba8bb1e1e6d403888de939242901e04\" class=\"contact-card is-shadowed  is-not-contained\">\n  <div class=\"contact-card__inner\">\n                <div class=\"contact-entry mb-1\">\n        Didier Folzer\n      <\/div>\n                      <div class=\"contact-entry mb-1\">\n        Quality, International Affairs and Sustainability Mgr. \n      <\/div>\n                      <div class=\"contact-entry mb-1\">\n        +41 32 930 11 05\n      <\/div>\n                      <div class=\"contact-entry \">\n        <a href=\"mailto:didier.folzer@he-arc.ch\"  class=\"simple-link contact-entry mb-1\">Email<\/a>\n      <\/div>\n            <\/div>\n<\/div>\n          <\/div>\n\n      <div class=\"mt-4 w-100p\">\n              <h4 class=\"link-list__title\">Contact person<\/h4>\n        \n<div id=\"contact-card-block_cba8bb1e1e6d403888de939242901e04\" class=\"contact-card is-shadowed  is-not-contained\">\n  <div class=\"contact-card__inner\">\n                <div class=\"contact-entry mb-1\">\n        Delphine Quiquerez\n      <\/div>\n                      <div class=\"contact-entry mb-1\">\n        Administrative Assistant for Sustainability\n      <\/div>\n                      <div class=\"contact-entry mb-1\">\n        +41 32 930 11 31\n      <\/div>\n                      <div class=\"contact-entry \">\n        <a href=\"mailto:delphine.quiquerez@he-arc.ch\"  class=\"simple-link contact-entry mb-1\">Email<\/a>\n      <\/div>\n            <\/div>\n<\/div>\n          <\/div>\n\n      <div class=\"mt-4 w-100p\">\n              <div id=\"download-links-block_cba8bb1e1e6d403888de939242901e04\" class=\"\">\n  <div class=\"link-list\">\n\n        <h4 class=\"link-list__title\">Links and documents<\/h4>\n    \n    \n      <div class=\"link-list__item\">\n\t            <a href=\"https:\/\/www.hes-so.ch\/de\/la-hes-so\/durabilite\" class=\"simple-link\" target='_blank'>\n          HES-SO Sustainability\n        <\/a>\n            <\/div>\n\n    \n      <div class=\"link-list__item\">\n\t            <a href=\"https:\/\/www.eda.admin.ch\/agenda2030\/fr\/home.html\" class=\"simple-link\" target='_blank'>\n          Agenda 2030\n        <\/a>\n            <\/div>\n\n    \n      <div class=\"link-list__item\">\n\t            <a href=\"https:\/\/www.youtube.com\/playlist?list=PLVeO96HMNvmZpo-2DguVG2rq2pG3B3LCW\" class=\"simple-link\" target='_blank'>\n          Introduction videos to sustainability\n        <\/a>\n            <\/div>\n\n      <\/div>\n<\/div>\n          <\/div>\n\n  <\/div>\n\n  <\/div>\n<\/section>\n","protected":false},"excerpt":{"rendered":"","protected":false},"author":13,"featured_media":0,"parent":0,"menu_order":163,"comment_status":"closed","ping_status":"closed","template":"","meta":{"_acf_changed":false,"footnotes":""},"he-arc_domain":[154],"class_list":["post-37100","page","type-page","status-publish","hentry","he-arc_domain-he-arc-en"],"acf":[],"yoast_head":"<!-- This site is optimized with the Yoast SEO plugin v26.6 - https:\/\/yoast.com\/wordpress\/plugins\/seo\/ -->\n<title>Sustainability - Haute-Ecole Arc<\/title>\n<meta name=\"description\" content=\"En tant que Haute Ecole Sp\u00e9cialis\u00e9e, la HE-Arc est consciente de sa responsabilit\u00e9 soci\u00e9tale. Au niveau de la durabilit\u00e9, la participation des \u00e9tudiants, des enseignants et du personnel administratif et technique est un point fondamental de la d\u00e9marche durabilit\u00e9 de la Haute Ecole Arc.\" \/>\n<meta name=\"robots\" content=\"index, follow, max-snippet:-1, max-image-preview:large, max-video-preview:-1\" \/>\n<link rel=\"canonical\" href=\"https:\/\/www.he-arc.ch\/en\/he-arc-en\/sustainability\/\" \/>\n<meta property=\"og:locale\" content=\"en_US\" \/>\n<meta property=\"og:type\" content=\"article\" \/>\n<meta property=\"og:title\" content=\"Sustainability - Haute-Ecole Arc\" \/>\n<meta property=\"og:description\" content=\"En tant que Haute Ecole Sp\u00e9cialis\u00e9e, la HE-Arc est consciente de sa responsabilit\u00e9 soci\u00e9tale. Au niveau de la durabilit\u00e9, la participation des \u00e9tudiants, des enseignants et du personnel administratif et technique est un point fondamental de la d\u00e9marche durabilit\u00e9 de la Haute Ecole Arc.\" \/>\n<meta property=\"og:url\" content=\"https:\/\/www.he-arc.ch\/en\/he-arc-en\/sustainability\/\" \/>\n<meta property=\"og:site_name\" content=\"Haute-Ecole Arc\" \/>\n<meta property=\"article:modified_time\" content=\"2025-04-24T11:34:07+00:00\" \/>\n<meta property=\"og:image\" content=\"https:\/\/www.he-arc.ch\/wp-content\/uploads\/2022\/05\/roues_durabilite-150x150.jpg\" \/>\n<meta name=\"twitter:card\" content=\"summary_large_image\" \/>\n<meta name=\"twitter:label1\" content=\"Est. reading time\" \/>\n\t<meta name=\"twitter:data1\" content=\"3 minutes\" \/>\n<script type=\"application\/ld+json\" class=\"yoast-schema-graph\">{\"@context\":\"https:\/\/schema.org\",\"@graph\":[{\"@type\":\"WebPage\",\"@id\":\"https:\/\/www.he-arc.ch\/en\/he-arc-en\/sustainability\/\",\"url\":\"https:\/\/www.he-arc.ch\/en\/he-arc-en\/sustainability\/\",\"name\":\"Sustainability - Haute-Ecole Arc\",\"isPartOf\":{\"@id\":\"https:\/\/www.he-arc.ch\/en\/#website\"},\"primaryImageOfPage\":{\"@id\":\"https:\/\/www.he-arc.ch\/en\/he-arc-en\/sustainability\/#primaryimage\"},\"image\":{\"@id\":\"https:\/\/www.he-arc.ch\/en\/he-arc-en\/sustainability\/#primaryimage\"},\"thumbnailUrl\":\"https:\/\/www.he-arc.ch\/wp-content\/uploads\/2022\/05\/roues_durabilite-150x150.jpg\",\"datePublished\":\"2021-08-27T07:02:44+00:00\",\"dateModified\":\"2025-04-24T11:34:07+00:00\",\"description\":\"En tant que Haute Ecole Sp\u00e9cialis\u00e9e, la HE-Arc est consciente de sa responsabilit\u00e9 soci\u00e9tale. Au niveau de la durabilit\u00e9, la participation des \u00e9tudiants, des enseignants et du personnel administratif et technique est un point fondamental de la d\u00e9marche durabilit\u00e9 de la Haute Ecole Arc.\",\"breadcrumb\":{\"@id\":\"https:\/\/www.he-arc.ch\/en\/he-arc-en\/sustainability\/#breadcrumb\"},\"inLanguage\":\"en-US\",\"potentialAction\":[{\"@type\":\"ReadAction\",\"target\":[\"https:\/\/www.he-arc.ch\/en\/he-arc-en\/sustainability\/\"]}]},{\"@type\":\"ImageObject\",\"inLanguage\":\"en-US\",\"@id\":\"https:\/\/www.he-arc.ch\/en\/he-arc-en\/sustainability\/#primaryimage\",\"url\":\"https:\/\/www.he-arc.ch\/wp-content\/uploads\/2022\/05\/roues_durabilite-150x150.jpg\",\"contentUrl\":\"https:\/\/www.he-arc.ch\/wp-content\/uploads\/2022\/05\/roues_durabilite-150x150.jpg\"},{\"@type\":\"BreadcrumbList\",\"@id\":\"https:\/\/www.he-arc.ch\/en\/he-arc-en\/sustainability\/#breadcrumb\",\"itemListElement\":[{\"@type\":\"ListItem\",\"position\":1,\"name\":\"Accueil\",\"item\":\"https:\/\/www.he-arc.ch\/en\/\"},{\"@type\":\"ListItem\",\"position\":2,\"name\":\"Sustainability\"}]},{\"@type\":\"WebSite\",\"@id\":\"https:\/\/www.he-arc.ch\/en\/#website\",\"url\":\"https:\/\/www.he-arc.ch\/en\/\",\"name\":\"Haute-Ecole Arc\",\"description\":\"Haute \u00e9cole sp\u00e9cialis\u00e9e Suisse. Gestion, Ing\u00e9nierie, Sant\u00e9, Conservation-\u200brestauration.\",\"publisher\":{\"@id\":\"https:\/\/www.he-arc.ch\/en\/#organization\"},\"potentialAction\":[{\"@type\":\"SearchAction\",\"target\":{\"@type\":\"EntryPoint\",\"urlTemplate\":\"https:\/\/www.he-arc.ch\/en\/?s={search_term_string}\"},\"query-input\":{\"@type\":\"PropertyValueSpecification\",\"valueRequired\":true,\"valueName\":\"search_term_string\"}}],\"inLanguage\":\"en-US\"},{\"@type\":\"Organization\",\"@id\":\"https:\/\/www.he-arc.ch\/en\/#organization\",\"name\":\"Haute Ecole Arc\",\"url\":\"https:\/\/www.he-arc.ch\/en\/\",\"logo\":{\"@type\":\"ImageObject\",\"inLanguage\":\"en-US\",\"@id\":\"https:\/\/www.he-arc.ch\/en\/#\/schema\/logo\/image\/\",\"url\":\"https:\/\/www.he-arc.ch\/wp-content\/uploads\/2022\/01\/logo-he-arc.svg\",\"contentUrl\":\"https:\/\/www.he-arc.ch\/wp-content\/uploads\/2022\/01\/logo-he-arc.svg\",\"width\":140,\"height\":42,\"caption\":\"Haute Ecole Arc\"},\"image\":{\"@id\":\"https:\/\/www.he-arc.ch\/en\/#\/schema\/logo\/image\/\"}}]}<\/script>\n<!-- \/ Yoast SEO plugin. -->","yoast_head_json":{"title":"Sustainability - Haute-Ecole Arc","description":"En tant que Haute Ecole Sp\u00e9cialis\u00e9e, la HE-Arc est consciente de sa responsabilit\u00e9 soci\u00e9tale. Au niveau de la durabilit\u00e9, la participation des \u00e9tudiants, des enseignants et du personnel administratif et technique est un point fondamental de la d\u00e9marche durabilit\u00e9 de la Haute Ecole Arc.","robots":{"index":"index","follow":"follow","max-snippet":"max-snippet:-1","max-image-preview":"max-image-preview:large","max-video-preview":"max-video-preview:-1"},"canonical":"https:\/\/www.he-arc.ch\/en\/he-arc-en\/sustainability\/","og_locale":"en_US","og_type":"article","og_title":"Sustainability - Haute-Ecole Arc","og_description":"En tant que Haute Ecole Sp\u00e9cialis\u00e9e, la HE-Arc est consciente de sa responsabilit\u00e9 soci\u00e9tale. Au niveau de la durabilit\u00e9, la participation des \u00e9tudiants, des enseignants et du personnel administratif et technique est un point fondamental de la d\u00e9marche durabilit\u00e9 de la Haute Ecole Arc.","og_url":"https:\/\/www.he-arc.ch\/en\/he-arc-en\/sustainability\/","og_site_name":"Haute-Ecole Arc","article_modified_time":"2025-04-24T11:34:07+00:00","og_image":[{"url":"https:\/\/www.he-arc.ch\/wp-content\/uploads\/2022\/05\/roues_durabilite-150x150.jpg","type":"","width":"","height":""}],"twitter_card":"summary_large_image","twitter_misc":{"Est. reading time":"3 minutes"},"schema":{"@context":"https:\/\/schema.org","@graph":[{"@type":"WebPage","@id":"https:\/\/www.he-arc.ch\/en\/he-arc-en\/sustainability\/","url":"https:\/\/www.he-arc.ch\/en\/he-arc-en\/sustainability\/","name":"Sustainability - Haute-Ecole Arc","isPartOf":{"@id":"https:\/\/www.he-arc.ch\/en\/#website"},"primaryImageOfPage":{"@id":"https:\/\/www.he-arc.ch\/en\/he-arc-en\/sustainability\/#primaryimage"},"image":{"@id":"https:\/\/www.he-arc.ch\/en\/he-arc-en\/sustainability\/#primaryimage"},"thumbnailUrl":"https:\/\/www.he-arc.ch\/wp-content\/uploads\/2022\/05\/roues_durabilite-150x150.jpg","datePublished":"2021-08-27T07:02:44+00:00","dateModified":"2025-04-24T11:34:07+00:00","description":"En tant que Haute Ecole Sp\u00e9cialis\u00e9e, la HE-Arc est consciente de sa responsabilit\u00e9 soci\u00e9tale. Au niveau de la durabilit\u00e9, la participation des \u00e9tudiants, des enseignants et du personnel administratif et technique est un point fondamental de la d\u00e9marche durabilit\u00e9 de la Haute Ecole Arc.","breadcrumb":{"@id":"https:\/\/www.he-arc.ch\/en\/he-arc-en\/sustainability\/#breadcrumb"},"inLanguage":"en-US","potentialAction":[{"@type":"ReadAction","target":["https:\/\/www.he-arc.ch\/en\/he-arc-en\/sustainability\/"]}]},{"@type":"ImageObject","inLanguage":"en-US","@id":"https:\/\/www.he-arc.ch\/en\/he-arc-en\/sustainability\/#primaryimage","url":"https:\/\/www.he-arc.ch\/wp-content\/uploads\/2022\/05\/roues_durabilite-150x150.jpg","contentUrl":"https:\/\/www.he-arc.ch\/wp-content\/uploads\/2022\/05\/roues_durabilite-150x150.jpg"},{"@type":"BreadcrumbList","@id":"https:\/\/www.he-arc.ch\/en\/he-arc-en\/sustainability\/#breadcrumb","itemListElement":[{"@type":"ListItem","position":1,"name":"Accueil","item":"https:\/\/www.he-arc.ch\/en\/"},{"@type":"ListItem","position":2,"name":"Sustainability"}]},{"@type":"WebSite","@id":"https:\/\/www.he-arc.ch\/en\/#website","url":"https:\/\/www.he-arc.ch\/en\/","name":"Haute-Ecole Arc","description":"Haute \u00e9cole sp\u00e9cialis\u00e9e Suisse. Gestion, Ing\u00e9nierie, Sant\u00e9, Conservation-\u200brestauration.","publisher":{"@id":"https:\/\/www.he-arc.ch\/en\/#organization"},"potentialAction":[{"@type":"SearchAction","target":{"@type":"EntryPoint","urlTemplate":"https:\/\/www.he-arc.ch\/en\/?s={search_term_string}"},"query-input":{"@type":"PropertyValueSpecification","valueRequired":true,"valueName":"search_term_string"}}],"inLanguage":"en-US"},{"@type":"Organization","@id":"https:\/\/www.he-arc.ch\/en\/#organization","name":"Haute Ecole Arc","url":"https:\/\/www.he-arc.ch\/en\/","logo":{"@type":"ImageObject","inLanguage":"en-US","@id":"https:\/\/www.he-arc.ch\/en\/#\/schema\/logo\/image\/","url":"https:\/\/www.he-arc.ch\/wp-content\/uploads\/2022\/01\/logo-he-arc.svg","contentUrl":"https:\/\/www.he-arc.ch\/wp-content\/uploads\/2022\/01\/logo-he-arc.svg","width":140,"height":42,"caption":"Haute Ecole Arc"},"image":{"@id":"https:\/\/www.he-arc.ch\/en\/#\/schema\/logo\/image\/"}}]}},"_links":{"self":[{"href":"https:\/\/www.he-arc.ch\/en\/wp-json\/wp\/v2\/pages\/37100","targetHints":{"allow":["GET"]}}],"collection":[{"href":"https:\/\/www.he-arc.ch\/en\/wp-json\/wp\/v2\/pages"}],"about":[{"href":"https:\/\/www.he-arc.ch\/en\/wp-json\/wp\/v2\/types\/page"}],"author":[{"embeddable":true,"href":"https:\/\/www.he-arc.ch\/en\/wp-json\/wp\/v2\/users\/13"}],"replies":[{"embeddable":true,"href":"https:\/\/www.he-arc.ch\/en\/wp-json\/wp\/v2\/comments?post=37100"}],"version-history":[{"count":40,"href":"https:\/\/www.he-arc.ch\/en\/wp-json\/wp\/v2\/pages\/37100\/revisions"}],"predecessor-version":[{"id":67124,"href":"https:\/\/www.he-arc.ch\/en\/wp-json\/wp\/v2\/pages\/37100\/revisions\/67124"}],"wp:attachment":[{"href":"https:\/\/www.he-arc.ch\/en\/wp-json\/wp\/v2\/media?parent=37100"}],"wp:term":[{"taxonomy":"he-arc_domain","embeddable":true,"href":"https:\/\/www.he-arc.ch\/en\/wp-json\/wp\/v2\/he-arc_domain?post=37100"}],"curies":[{"name":"wp","href":"https:\/\/api.w.org\/{rel}","templated":true}]}}