{"id":37153,"date":"2021-09-02T12:38:33","date_gmt":"2021-09-02T10:38:33","guid":{"rendered":"https:\/\/www.he-arc.ch\/?p=37153"},"modified":"2025-11-03T09:03:47","modified_gmt":"2025-11-03T08:03:47","slug":"media-and-press","status":"publish","type":"page","link":"https:\/\/www.he-arc.ch\/en\/he-arc-en\/media-and-press\/","title":{"rendered":"Media &#038; Press"},"content":{"rendered":"<header class=\"hero-section is-simple page-max is-wide\">\n  <div class=\"hero\">\n    <div class=\"hero-nav page-max\">\n      \n  <div class=\"breadcrumb hidden-print\">\n    <div class=\"breadcrumb-house\"><img decoding=\"async\" src=\"https:\/\/www.he-arc.ch\/wp-content\/themes\/he-arc\/static\/images\/icon-house.svg\" loading=\"lazy\" alt=\"\" height=\"12\"><\/div>\n    <a href=\"https:\/\/www.he-arc.ch\/en\/\" class=\"breadcrumb-link\">HE-Arc<\/a>\n    <div class=\"breadcrumb-bullet\"><\/div>\n\n          <a href=\"\/\/\" class=\"breadcrumb-link\"><\/a>\n      <div class=\"breadcrumb-bullet\"><\/div>\n    \n    \n              \n    \n    \n    \n    <span class=\"breadcrumb-link is-active pointer-none\">Media &#038; Press<\/span>\n  <\/div>\n\n          <\/div>\n    <div class=\"hero-row is-simple page-max\">\n      <div>\n        <span class=\"hero__overline display-block\"><\/span>\n        <h1 class=\"hero__title is-small\">Media &#038; Press<\/h1>\n      <\/div>\n    <\/div>\n  <\/div>\n<\/header>\n\n\n<section class=\"page-section\">\n\n  <div class=\"page-menu--mobile is-shadowed--bold\">\n    <a href=\"#sidebar_contact\" class=\"btn-link border-none w-inline-block\">\n      <span class=\"btn-link__title is-goto\">Contact and Infos<\/span>\n    <\/a>\n  <\/div>\n\n  <div class=\"page-section__inner page-max\">\n\n    <div class=\"article__content is-with-aside\">\n\n      <div class=\"rich-text w-richtext\">\n                \n<div class=\"article__intro rich-text is-large w-richtext\">\n      <p>The Regional Anchorage and Communication Department collaborates with numerous external actors such as press representatives, communication agencies and the institution&#8217;s various partners. It also liaises with the school&#8217;s professors and researchers.<\/p>\n\n  <\/div>\n\n\n\n<figure class=\"wp-block-image size-large is-style-default\"><img decoding=\"async\" width=\"1024\" height=\"683\" src=\"https:\/\/www.he-arc.ch\/wp-content\/uploads\/2021\/09\/MediasPresse-1024x683.jpg\" alt=\"\" class=\"wp-image-30443\" srcset=\"https:\/\/www.he-arc.ch\/wp-content\/uploads\/2021\/09\/MediasPresse-1024x683.jpg 1024w, https:\/\/www.he-arc.ch\/wp-content\/uploads\/2021\/09\/MediasPresse-300x200.jpg 300w, https:\/\/www.he-arc.ch\/wp-content\/uploads\/2021\/09\/MediasPresse-768x512.jpg 768w, https:\/\/www.he-arc.ch\/wp-content\/uploads\/2021\/09\/MediasPresse-1536x1024.jpg 1536w, https:\/\/www.he-arc.ch\/wp-content\/uploads\/2021\/09\/MediasPresse-2048x1365.jpg 2048w\" sizes=\"(max-width: 1024px) 100vw, 1024px\" \/><\/figure>\n\n\n\n<p>The Regional Anchorage and Communication Department works to promote internal and external proactive and rhythmic communication as well as enhancing the value of events and skills, enabling the Haute Ecole Arc to position itself as a key university in the Jura Arc.<\/p>\n\n\n\n<p>The institution&#8217;s communication is attractive to students and staff, alike is recognised in professional, political and educational circles at regional, national and international levels.<\/p>\n\n\n\n<div class=\"full-quote\" id=\"full-quote-block_0cdd4e4444e8efa7681233b04470db6e\">\n  <blockquote class=\"full-quote__body\">\n    Annually, the HE-Arc is the subject of more than 300 press articles, web, radio and TV reports.\n  <\/blockquote>\n  <\/div>\n\n\n\n<h2 class=\"wp-block-heading\" id=\"RS\">Social networks<\/h2>\n\n\n\n<div class=\"accordion-wrapper mt-4 \">\n    <!--div class=\"page-max\">\n    <h2 class=\"section-subtitle is-large\"><\/h2>\n  <\/div-->\n  \n\n<div class=\"mb-2-5 \">\n    <div id=\"accordion-block_491bcee320146f4a302d786fcb4dcdce\"\n      class=\" accordion-item collapsed is-shadowed is-compact\"\n      data-toggle=\"collapse\" data-target=\"#accordion-pane-block_491bcee320146f4a302d786fcb4dcdce\">\n    <div class=\"accordion-item__heading\">\n      <h2 class=\"accordion-item__title  is-small\">HE-Arc stays in touch with you on&#8230;<\/h2>\n    <\/div>\n    <span class=\"accordion-item__toggle hidden-print collapsed w-inline-block\">\n      <span class=\"plus-bar-1\"><\/span>\n      <span class=\"plus-bar-2\"><\/span>\n    <\/span>\n  <\/div>\n\n  <div id=\"accordion-pane-block_491bcee320146f4a302d786fcb4dcdce\" class=\"accordion-pane show-print collapse \">\n    <div class=\"rich-text mt-2 w-richtext\">\n\n      \n\n<p>The Haute Ecole Arc is committed to communicating its events and internal competencies in a proactive and rhythmic way. To this end, it has a social media presence and advises its students and employees to use the <a href=\"https:\/\/www.he-arc.ch\/wp-content\/uploads\/2022\/01\/guide_dutilisation_des_medias_sociaux.pdf\" target=\"_blank\" rel=\"noreferrer noopener\">Guide to the use of social media<\/a>.<\/p>\n\n\n\n<p>HAUTE ECOLE ARC<\/p>\n\n\n\n<ul class=\"wp-block-list\">\n<li><a href=\"https:\/\/www.linkedin.com\/company\/hauteecolearc\" target=\"_blank\" rel=\"noreferrer noopener\">LinkedIn<\/a><\/li>\n\n\n\n<li><a href=\"https:\/\/twitter.com\/Haute_Ecole_Arc\" target=\"_blank\" rel=\"noreferrer noopener\">Twitter<\/a><\/li>\n\n\n\n<li><a href=\"https:\/\/www.facebook.com\/HauteEcoleArc\" target=\"_blank\" rel=\"noreferrer noopener\">Facebook<\/a><\/li>\n\n\n\n<li><a href=\"https:\/\/www.instagram.com\/hauteecolearc\/\" target=\"_blank\" rel=\"noreferrer noopener\">Instagram<\/a><\/li>\n\n\n\n<li><a href=\"https:\/\/www.youtube.com\/channel\/UCUf3DnubSxPOFts8zy5eRrA\" target=\"_blank\" rel=\"noreferrer noopener\">YouTube<\/a><\/li>\n<\/ul>\n\n\n\n<p><\/p>\n\n\n\n<p>HAUTE ECOLE ARC CONSERVATION-RESTORATION<\/p>\n\n\n\n<ul class=\"wp-block-list\">\n<li><a href=\"https:\/\/www.linkedin.com\/company\/haute-ecole-arc-conservation-restauration\/\" target=\"_blank\" rel=\"noreferrer noopener\">LinkedIn<\/a><\/li>\n\n\n\n<li><a href=\"https:\/\/twitter.com\/HEArcCOR\" target=\"_blank\" rel=\"noreferrer noopener\">Twitter<\/a><\/li>\n\n\n\n<li><a href=\"https:\/\/www.facebook.com\/HauteEcoleArcConservationRestauration\/\" target=\"_blank\" rel=\"noreferrer noopener\">Facebook<\/a><\/li>\n\n\n\n<li><a href=\"https:\/\/www.instagram.com\/hearccr\/\" target=\"_blank\" rel=\"noreferrer noopener\">Instagram<\/a><\/li>\n<\/ul>\n\n\n\n<p><\/p>\n\n\n\n<p>HAUTE ECOLE ARC MANAGEMENT<\/p>\n\n\n\n<ul class=\"wp-block-list\">\n<li><a href=\"https:\/\/www.linkedin.com\/school\/haute-%C3%A9cole-de-gestion-arc\" target=\"_blank\" rel=\"noreferrer noopener\">LinkedIn<\/a><\/li>\n\n\n\n<li><a href=\"https:\/\/www.facebook.com\/hegarc\/\" target=\"_blank\" rel=\"noreferrer noopener\">Facebook<\/a><\/li>\n\n\n\n<li><a href=\"https:\/\/www.instagram.com\/heg_arc\/\" target=\"_blank\" rel=\"noreferrer noopener\">Instagram<\/a><\/li>\n<\/ul>\n\n\n\n<p><\/p>\n\n\n\n<p>HAUTE ECOLE ARC ENGINEERING<\/p>\n\n\n\n<ul class=\"wp-block-list\">\n<li><a href=\"https:\/\/www.linkedin.com\/school\/15101926\" target=\"_blank\" rel=\"noreferrer noopener\">LinkedIn<\/a><\/li>\n\n\n\n<li><a href=\"https:\/\/twitter.com\/hearcingenierie\" target=\"_blank\" rel=\"noreferrer noopener\">Twitter<\/a><\/li>\n\n\n\n<li><a href=\"https:\/\/www.facebook.com\/hearcingenierie\" target=\"_blank\" rel=\"noreferrer noopener\">Facebook<\/a><\/li>\n\n\n\n<li><a href=\"https:\/\/www.instagram.com\/hearcingenierie\/\" target=\"_blank\" rel=\"noreferrer noopener\">Instagram<\/a><\/li>\n\n\n\n<li><a href=\"https:\/\/www.youtube.com\/channel\/UCMZSyGnwdNsleklfr1KzAhw\" target=\"_blank\" rel=\"noreferrer noopener\">YouTube<\/a><\/li>\n<\/ul>\n\n\n\n<p><\/p>\n\n\n\n<p>HAUTE ECOLE ARC HEALTH<\/p>\n\n\n\n<ul class=\"wp-block-list\">\n<li><a href=\"https:\/\/www.linkedin.com\/company\/hearcsante\/\" target=\"_blank\" rel=\"noreferrer noopener\">LinkedIn<\/a><\/li>\n\n\n\n<li><a href=\"https:\/\/twitter.com\/HEArcSante\" target=\"_blank\" rel=\"noreferrer noopener\">Twitter<\/a><\/li>\n\n\n\n<li><a href=\"https:\/\/www.facebook.com\/HEArcSante\/\" target=\"_blank\" rel=\"noreferrer noopener\">Facebook<\/a><\/li>\n\n\n\n<li><a href=\"https:\/\/www.instagram.com\/hearcsante\/\" target=\"_blank\" rel=\"noreferrer noopener\">Instagram<\/a><\/li>\n<\/ul>\n\n\n    <\/div>\n  <\/div>\n<\/div>\n\n\n<\/div>\n\n\n\n<div class=\"cta-cards is-contained \">\n\n  \n  \n<\/div>\n\n\n\n<h2 class=\"wp-block-heading\" id=\"logos\">Logos<\/h2>\n\n\n\n<div class=\"accordion-wrapper mt-4 \">\n    <!--div class=\"page-max\">\n    <h2 class=\"section-subtitle is-large\"><\/h2>\n  <\/div-->\n  \n\n<div class=\"mb-2-5 \">\n    <div id=\"accordion-block_c42afe9a577bc289276c3e5e4950d2c3\"\n      class=\" accordion-item collapsed is-shadowed is-compact\"\n      data-toggle=\"collapse\" data-target=\"#accordion-pane-block_c42afe9a577bc289276c3e5e4950d2c3\">\n    <div class=\"accordion-item__heading\">\n      <h2 class=\"accordion-item__title  is-small\">Downloading logos<\/h2>\n    <\/div>\n    <span class=\"accordion-item__toggle hidden-print collapsed w-inline-block\">\n      <span class=\"plus-bar-1\"><\/span>\n      <span class=\"plus-bar-2\"><\/span>\n    <\/span>\n  <\/div>\n\n  <div id=\"accordion-pane-block_c42afe9a577bc289276c3e5e4950d2c3\" class=\"accordion-pane show-print collapse \">\n    <div class=\"rich-text mt-2 w-richtext\">\n\n      \n\n<p>Below you will find, the logos of the Haute Ecole Arc in EPS and JPG formats.<\/p>\n\n\n\n<div id=\"resource-card-block_cfb70b57eeee381d0e645af28d4b85db\" class=\" link-list is-padded mt-3\">\n  <div class=\"link-list__title\">Haute Ecole ARc<\/div>\n  <div class=\"col-count-2\">\n          <div class=\"link-list__item\">\n                  <a href=\"https:\/\/www.he-arc.ch\/wp-content\/uploads\/2021\/09\/Haute-Ecole-Arc.7z\" alt=\"\" class=\"simple-link is-doc\" target='_blank'>\n            Logos\n          <\/a>\n              <\/div>\n      <\/div>\n<\/div>\n\n\n\n<div id=\"resource-card-block_f4b8387b4b46129f5d2ca24943851f1e\" class=\" link-list is-padded mt-3\">\n  <div class=\"link-list__title\">Haute Ecole Arc Conservation-restauration<\/div>\n  <div class=\"col-count-2\">\n          <div class=\"link-list__item\">\n                  <a href=\"https:\/\/www.he-arc.ch\/wp-content\/uploads\/2021\/09\/LogosCOR.7z\" alt=\"\" class=\"simple-link is-doc\" target='_blank'>\n            Logos\n          <\/a>\n              <\/div>\n      <\/div>\n<\/div>\n\n\n\n<div id=\"resource-card-block_9ed93c09f304975feddd400afb9f9e6f\" class=\" link-list is-padded mt-3\">\n  <div class=\"link-list__title\">Haute Ecole Arc Gestion<\/div>\n  <div class=\"col-count-2\">\n          <div class=\"link-list__item\">\n                  <a href=\"\" alt=\"\" class=\"simple-link is-doc\" target='_blank'>\n            Logos\n          <\/a>\n              <\/div>\n      <\/div>\n<\/div>\n\n\n\n<div id=\"resource-card-block_6716e77b6056a0135f7598592796de72\" class=\" link-list is-padded mt-3\">\n  <div class=\"link-list__title\">Haute Ecole Arc Ing\u00e9nierie<\/div>\n  <div class=\"col-count-2\">\n          <div class=\"link-list__item\">\n                  <a href=\"https:\/\/www.he-arc.ch\/wp-content\/uploads\/2021\/09\/LogosING.7z\" alt=\"\" class=\"simple-link is-doc\" target='_blank'>\n            Logos\n          <\/a>\n              <\/div>\n      <\/div>\n<\/div>\n\n\n\n<div id=\"resource-card-block_ebeab553b3f0df2ec0f2615932d7c066\" class=\" link-list is-padded mt-3\">\n  <div class=\"link-list__title\">Haute Ecole Arc Sant\u00e9<\/div>\n  <div class=\"col-count-2\">\n          <div class=\"link-list__item\">\n                  <a href=\"https:\/\/www.he-arc.ch\/wp-content\/uploads\/2021\/09\/LogosSAN.7z\" alt=\"\" class=\"simple-link is-doc\" target='_blank'>\n            Logos\n          <\/a>\n              <\/div>\n      <\/div>\n<\/div>\n\n\n    <\/div>\n  <\/div>\n<\/div>\n\n\n<\/div>\n\n\n            <\/div>\n\n    <\/div>\n\n    <div class=\"article__aside w-100p\" id=\"sidebar_contact\">\n\n  <aside class=\"page-section__aside\">\n      <nav class=\"page-menu hidden-print is-shadowed--bold mt-1  w-list-unstyled\" aria-label=\"Raccourcis sur la page\">\n        <span class=\"page-menu__heading mt-0\">Media &#038; press<\/span>\n                    \n            <a href=\"https:\/\/www.he-arc.ch\/presse\/\"  class=\"btn-link  is-with-arrow \">\n        <span class=\"simple-link no-decoration\">Press review<\/span>\n      <\/a>\n                      \n            <a href=\"https:\/\/www.he-arc.ch\/presse\/?_press_review_type=article\"  class=\"btn-link  is-with-arrow \">\n        <span class=\"simple-link no-decoration\">Press realeses<\/span>\n      <\/a>\n                      \n            <a href=\"https:\/\/www.he-arc.ch\/publications\/?_publication_type=leaflet\"  class=\"btn-link  is-with-arrow \">\n        <span class=\"simple-link no-decoration\">Brochures<\/span>\n      <\/a>\n                      \n            <div class=\"btn-link  \">\n        <a href=\"#RS\" target=\"_blank\" class=\"simple-link is-goto\">Social media<\/a>\n      <\/div>\n                      \n            <div class=\"btn-link  border-none\">\n        <a href=\"#logos\"  class=\"simple-link is-goto\">Logos<\/a>\n      <\/div>\n            <\/nav>\n  <\/aside>\n\n      <div class=\"mt-4 w-100p\">\n              <h4 class=\"link-list__title\">Contact person<\/h4>\n        \n<div id=\"contact-card-block_c730008afe529c709074f9d4fc3a943b\" class=\"contact-card is-shadowed  is-not-contained\">\n  <div class=\"contact-card__inner\">\n                <div class=\"contact-entry mb-1\">\n        Vanesa Bao\n      <\/div>\n                      <div class=\"contact-entry mb-1\">\n        Communication Manager\n      <\/div>\n                      <div class=\"contact-entry mb-1\">\n        <a href=\"tel:+41799301107\"  class=\"simple-link contact-entry mb-1\">032 930 11 07<\/a>\n      <\/div>\n                      <div class=\"contact-entry mb-1\">\n        <a href=\"mailto:communication@he-arc.ch\" target='_blank' class=\"simple-link contact-entry mb-1\">Email<\/a>\n      <\/div>\n                      <div class=\"contact-entry \">\n        <a href=\"https:\/\/people.he-arc.ch\/contact.php?id=11759426740\" target='_blank' class=\"simple-link contact-entry mb-1\">Personal page<\/a>\n      <\/div>\n            <\/div>\n<\/div>\n          <\/div>\n\n      <div class=\"mt-4 w-100p\">\n              <div id=\"download-links-block_c730008afe529c709074f9d4fc3a943b\" class=\"\">\n  <div class=\"link-list\">\n\n        <h4 class=\"link-list__title\">Documents<\/h4>\n    \n    \n      <div class=\"link-list__item\">\n\t            <a href=\"https:\/\/www.he-arc.ch\/wp-content\/uploads\/2022\/06\/Politique-de-droit-a-limage_Arc_def_10.04.2018.pdf\" class=\"simple-link\" target='_blank'>\n          Image rights policy (in French)\n        <\/a>\n            <\/div>\n\n      <\/div>\n<\/div>\n          <\/div>\n\n  <\/div>\n\n  <\/div>\n<\/section>\n","protected":false},"excerpt":{"rendered":"","protected":false},"author":13,"featured_media":0,"parent":0,"menu_order":256,"comment_status":"closed","ping_status":"closed","template":"","meta":{"_acf_changed":false,"footnotes":""},"he-arc_domain":[154],"class_list":["post-37153","page","type-page","status-publish","hentry","he-arc_domain-he-arc-en"],"acf":[],"yoast_head":"<!-- This site is optimized with the Yoast SEO plugin v26.6 - https:\/\/yoast.com\/wordpress\/plugins\/seo\/ -->\n<title>Media &amp; Press - Haute-Ecole Arc<\/title>\n<meta name=\"robots\" content=\"index, follow, max-snippet:-1, max-image-preview:large, max-video-preview:-1\" \/>\n<link rel=\"canonical\" href=\"https:\/\/www.he-arc.ch\/en\/he-arc-en\/media-and-press\/\" \/>\n<meta property=\"og:locale\" content=\"en_US\" \/>\n<meta property=\"og:type\" content=\"article\" \/>\n<meta property=\"og:title\" content=\"Media &amp; Press - Haute-Ecole Arc\" \/>\n<meta property=\"og:url\" content=\"https:\/\/www.he-arc.ch\/en\/he-arc-en\/media-and-press\/\" \/>\n<meta property=\"og:site_name\" content=\"Haute-Ecole Arc\" \/>\n<meta property=\"article:modified_time\" content=\"2025-11-03T08:03:47+00:00\" \/>\n<meta property=\"og:image\" content=\"https:\/\/www.he-arc.ch\/wp-content\/uploads\/2021\/09\/MediasPresse-1024x683.jpg\" \/>\n<meta name=\"twitter:card\" content=\"summary_large_image\" \/>\n<meta name=\"twitter:label1\" content=\"Est. reading time\" \/>\n\t<meta name=\"twitter:data1\" content=\"2 minutes\" \/>\n<script type=\"application\/ld+json\" class=\"yoast-schema-graph\">{\"@context\":\"https:\/\/schema.org\",\"@graph\":[{\"@type\":\"WebPage\",\"@id\":\"https:\/\/www.he-arc.ch\/en\/he-arc-en\/media-and-press\/\",\"url\":\"https:\/\/www.he-arc.ch\/en\/he-arc-en\/media-and-press\/\",\"name\":\"Media & Press - Haute-Ecole Arc\",\"isPartOf\":{\"@id\":\"https:\/\/www.he-arc.ch\/en\/#website\"},\"primaryImageOfPage\":{\"@id\":\"https:\/\/www.he-arc.ch\/en\/he-arc-en\/media-and-press\/#primaryimage\"},\"image\":{\"@id\":\"https:\/\/www.he-arc.ch\/en\/he-arc-en\/media-and-press\/#primaryimage\"},\"thumbnailUrl\":\"https:\/\/www.he-arc.ch\/wp-content\/uploads\/2021\/09\/MediasPresse-1024x683.jpg\",\"datePublished\":\"2021-09-02T10:38:33+00:00\",\"dateModified\":\"2025-11-03T08:03:47+00:00\",\"breadcrumb\":{\"@id\":\"https:\/\/www.he-arc.ch\/en\/he-arc-en\/media-and-press\/#breadcrumb\"},\"inLanguage\":\"en-US\",\"potentialAction\":[{\"@type\":\"ReadAction\",\"target\":[\"https:\/\/www.he-arc.ch\/en\/he-arc-en\/media-and-press\/\"]}]},{\"@type\":\"ImageObject\",\"inLanguage\":\"en-US\",\"@id\":\"https:\/\/www.he-arc.ch\/en\/he-arc-en\/media-and-press\/#primaryimage\",\"url\":\"https:\/\/www.he-arc.ch\/wp-content\/uploads\/2021\/09\/MediasPresse-1024x683.jpg\",\"contentUrl\":\"https:\/\/www.he-arc.ch\/wp-content\/uploads\/2021\/09\/MediasPresse-1024x683.jpg\"},{\"@type\":\"BreadcrumbList\",\"@id\":\"https:\/\/www.he-arc.ch\/en\/he-arc-en\/media-and-press\/#breadcrumb\",\"itemListElement\":[{\"@type\":\"ListItem\",\"position\":1,\"name\":\"Accueil\",\"item\":\"https:\/\/www.he-arc.ch\/en\/\"},{\"@type\":\"ListItem\",\"position\":2,\"name\":\"Media &#038; Press\"}]},{\"@type\":\"WebSite\",\"@id\":\"https:\/\/www.he-arc.ch\/en\/#website\",\"url\":\"https:\/\/www.he-arc.ch\/en\/\",\"name\":\"Haute-Ecole Arc\",\"description\":\"Haute \u00e9cole sp\u00e9cialis\u00e9e Suisse. Gestion, Ing\u00e9nierie, Sant\u00e9, Conservation-\u200brestauration.\",\"publisher\":{\"@id\":\"https:\/\/www.he-arc.ch\/en\/#organization\"},\"potentialAction\":[{\"@type\":\"SearchAction\",\"target\":{\"@type\":\"EntryPoint\",\"urlTemplate\":\"https:\/\/www.he-arc.ch\/en\/?s={search_term_string}\"},\"query-input\":{\"@type\":\"PropertyValueSpecification\",\"valueRequired\":true,\"valueName\":\"search_term_string\"}}],\"inLanguage\":\"en-US\"},{\"@type\":\"Organization\",\"@id\":\"https:\/\/www.he-arc.ch\/en\/#organization\",\"name\":\"Haute Ecole Arc\",\"url\":\"https:\/\/www.he-arc.ch\/en\/\",\"logo\":{\"@type\":\"ImageObject\",\"inLanguage\":\"en-US\",\"@id\":\"https:\/\/www.he-arc.ch\/en\/#\/schema\/logo\/image\/\",\"url\":\"https:\/\/www.he-arc.ch\/wp-content\/uploads\/2022\/01\/logo-he-arc.svg\",\"contentUrl\":\"https:\/\/www.he-arc.ch\/wp-content\/uploads\/2022\/01\/logo-he-arc.svg\",\"width\":140,\"height\":42,\"caption\":\"Haute Ecole Arc\"},\"image\":{\"@id\":\"https:\/\/www.he-arc.ch\/en\/#\/schema\/logo\/image\/\"}}]}<\/script>\n<!-- \/ Yoast SEO plugin. -->","yoast_head_json":{"title":"Media & Press - Haute-Ecole Arc","robots":{"index":"index","follow":"follow","max-snippet":"max-snippet:-1","max-image-preview":"max-image-preview:large","max-video-preview":"max-video-preview:-1"},"canonical":"https:\/\/www.he-arc.ch\/en\/he-arc-en\/media-and-press\/","og_locale":"en_US","og_type":"article","og_title":"Media & Press - Haute-Ecole Arc","og_url":"https:\/\/www.he-arc.ch\/en\/he-arc-en\/media-and-press\/","og_site_name":"Haute-Ecole Arc","article_modified_time":"2025-11-03T08:03:47+00:00","og_image":[{"url":"https:\/\/www.he-arc.ch\/wp-content\/uploads\/2021\/09\/MediasPresse-1024x683.jpg","type":"","width":"","height":""}],"twitter_card":"summary_large_image","twitter_misc":{"Est. reading time":"2 minutes"},"schema":{"@context":"https:\/\/schema.org","@graph":[{"@type":"WebPage","@id":"https:\/\/www.he-arc.ch\/en\/he-arc-en\/media-and-press\/","url":"https:\/\/www.he-arc.ch\/en\/he-arc-en\/media-and-press\/","name":"Media & Press - Haute-Ecole Arc","isPartOf":{"@id":"https:\/\/www.he-arc.ch\/en\/#website"},"primaryImageOfPage":{"@id":"https:\/\/www.he-arc.ch\/en\/he-arc-en\/media-and-press\/#primaryimage"},"image":{"@id":"https:\/\/www.he-arc.ch\/en\/he-arc-en\/media-and-press\/#primaryimage"},"thumbnailUrl":"https:\/\/www.he-arc.ch\/wp-content\/uploads\/2021\/09\/MediasPresse-1024x683.jpg","datePublished":"2021-09-02T10:38:33+00:00","dateModified":"2025-11-03T08:03:47+00:00","breadcrumb":{"@id":"https:\/\/www.he-arc.ch\/en\/he-arc-en\/media-and-press\/#breadcrumb"},"inLanguage":"en-US","potentialAction":[{"@type":"ReadAction","target":["https:\/\/www.he-arc.ch\/en\/he-arc-en\/media-and-press\/"]}]},{"@type":"ImageObject","inLanguage":"en-US","@id":"https:\/\/www.he-arc.ch\/en\/he-arc-en\/media-and-press\/#primaryimage","url":"https:\/\/www.he-arc.ch\/wp-content\/uploads\/2021\/09\/MediasPresse-1024x683.jpg","contentUrl":"https:\/\/www.he-arc.ch\/wp-content\/uploads\/2021\/09\/MediasPresse-1024x683.jpg"},{"@type":"BreadcrumbList","@id":"https:\/\/www.he-arc.ch\/en\/he-arc-en\/media-and-press\/#breadcrumb","itemListElement":[{"@type":"ListItem","position":1,"name":"Accueil","item":"https:\/\/www.he-arc.ch\/en\/"},{"@type":"ListItem","position":2,"name":"Media &#038; Press"}]},{"@type":"WebSite","@id":"https:\/\/www.he-arc.ch\/en\/#website","url":"https:\/\/www.he-arc.ch\/en\/","name":"Haute-Ecole Arc","description":"Haute \u00e9cole sp\u00e9cialis\u00e9e Suisse. Gestion, Ing\u00e9nierie, Sant\u00e9, Conservation-\u200brestauration.","publisher":{"@id":"https:\/\/www.he-arc.ch\/en\/#organization"},"potentialAction":[{"@type":"SearchAction","target":{"@type":"EntryPoint","urlTemplate":"https:\/\/www.he-arc.ch\/en\/?s={search_term_string}"},"query-input":{"@type":"PropertyValueSpecification","valueRequired":true,"valueName":"search_term_string"}}],"inLanguage":"en-US"},{"@type":"Organization","@id":"https:\/\/www.he-arc.ch\/en\/#organization","name":"Haute Ecole Arc","url":"https:\/\/www.he-arc.ch\/en\/","logo":{"@type":"ImageObject","inLanguage":"en-US","@id":"https:\/\/www.he-arc.ch\/en\/#\/schema\/logo\/image\/","url":"https:\/\/www.he-arc.ch\/wp-content\/uploads\/2022\/01\/logo-he-arc.svg","contentUrl":"https:\/\/www.he-arc.ch\/wp-content\/uploads\/2022\/01\/logo-he-arc.svg","width":140,"height":42,"caption":"Haute Ecole Arc"},"image":{"@id":"https:\/\/www.he-arc.ch\/en\/#\/schema\/logo\/image\/"}}]}},"_links":{"self":[{"href":"https:\/\/www.he-arc.ch\/en\/wp-json\/wp\/v2\/pages\/37153","targetHints":{"allow":["GET"]}}],"collection":[{"href":"https:\/\/www.he-arc.ch\/en\/wp-json\/wp\/v2\/pages"}],"about":[{"href":"https:\/\/www.he-arc.ch\/en\/wp-json\/wp\/v2\/types\/page"}],"author":[{"embeddable":true,"href":"https:\/\/www.he-arc.ch\/en\/wp-json\/wp\/v2\/users\/13"}],"replies":[{"embeddable":true,"href":"https:\/\/www.he-arc.ch\/en\/wp-json\/wp\/v2\/comments?post=37153"}],"version-history":[{"count":22,"href":"https:\/\/www.he-arc.ch\/en\/wp-json\/wp\/v2\/pages\/37153\/revisions"}],"predecessor-version":[{"id":73522,"href":"https:\/\/www.he-arc.ch\/en\/wp-json\/wp\/v2\/pages\/37153\/revisions\/73522"}],"wp:attachment":[{"href":"https:\/\/www.he-arc.ch\/en\/wp-json\/wp\/v2\/media?parent=37153"}],"wp:term":[{"taxonomy":"he-arc_domain","embeddable":true,"href":"https:\/\/www.he-arc.ch\/en\/wp-json\/wp\/v2\/he-arc_domain?post=37153"}],"curies":[{"name":"wp","href":"https:\/\/api.w.org\/{rel}","templated":true}]}}