{"id":37171,"date":"2021-11-12T09:19:32","date_gmt":"2021-11-12T08:19:32","guid":{"rendered":"https:\/\/www.he-arc.ch\/?p=37171"},"modified":"2025-04-03T09:40:37","modified_gmt":"2025-04-03T07:40:37","slug":"contacts-en","status":"publish","type":"page","link":"https:\/\/www.he-arc.ch\/en\/he-arc-en\/contacts-en\/","title":{"rendered":"Contacts"},"content":{"rendered":"<header class=\"hero-section is-simple page-max is-wide\">\n  <div class=\"hero\">\n    <div class=\"hero-nav page-max\">\n      \n  <div class=\"breadcrumb hidden-print\">\n    <div class=\"breadcrumb-house\"><img decoding=\"async\" src=\"https:\/\/www.he-arc.ch\/wp-content\/themes\/he-arc\/static\/images\/icon-house.svg\" loading=\"lazy\" alt=\"\" height=\"12\"><\/div>\n    <a href=\"https:\/\/www.he-arc.ch\/en\/\" class=\"breadcrumb-link\">HE-Arc<\/a>\n    <div class=\"breadcrumb-bullet\"><\/div>\n\n          <a href=\"\/\/\" class=\"breadcrumb-link\"><\/a>\n      <div class=\"breadcrumb-bullet\"><\/div>\n    \n    \n              \n    \n    \n    \n    <span class=\"breadcrumb-link is-active pointer-none\">Contacts<\/span>\n  <\/div>\n\n          <\/div>\n    <div class=\"hero-row is-simple page-max\">\n      <div>\n        <span class=\"hero__overline display-block\"><\/span>\n        <h1 class=\"hero__title is-small\">Contacts<\/h1>\n      <\/div>\n    <\/div>\n  <\/div>\n<\/header>\n\n\n<section class=\"page-section\">\n\n  <div class=\"page-menu--mobile is-shadowed--bold\">\n    <a href=\"#sidebar_contact\" class=\"btn-link border-none w-inline-block\">\n      <span class=\"btn-link__title is-goto\">Contact and Infos<\/span>\n    <\/a>\n  <\/div>\n\n  <div class=\"page-section__inner page-max\">\n\n    <div class=\"article__content is-with-aside\">\n\n      <div class=\"rich-text w-richtext\">\n                \n\n<h2 class=\"wp-block-heading\">Haute Ecole Arc (HE-Arc)<\/h2>\n\n\n\n<p><a href=\"mailto:direction@he-arc.ch\">Sending an email<\/a><\/p>\n\n\n\n<div class=\"cta-cards  \">\n\n    \n      \n        <ul class=\"flex-row mt-3 w-list-unstyled\">\n              <li class=\"size-full\">\n  \n  \n        <a href=\"https:\/\/www.google.com\/maps\/place\/Haute+Ecole+Arc+Neuch%C3%A2tel+Berne+Jura\/@46.9976485,6.9365359,17z\/data=!4m12!1m6!3m5!1s0x478e0a19b250e8c7:0xe22d2e0c259f485c!2sHaute+Ecole+Arc+Neuch%C3%A2tel+Berne+Jura!8m2!3d46.9976485!4d6.9387246!3m4!1s0x478e0a19b250e8c7:0xe22d2e0c259f485c!8m2!3d46.9976485!4d6.9387246?hl=fr\"  class=\"cta-card is-wide is-shadowed\">\n                <div class=\"cta-card__image center \" style=\"background-image: url(https:\/\/www.he-arc.ch\/wp-content\/uploads\/2021\/11\/image-300x171.png)\"><\/div>\n            <div class=\"cta-card__inner is-with-arrow\">\n                <h3 class=\"cta-card__title pretty-underline is-xlarge\">Campus Arc 2 Neuch\u00e2tel (Direction)<\/h3>\n        <p class=\"cta-card__description is-large\">Espace de l&#8217;Europe 11,\r\n2000 Neuch\u00e2tel, T +41 32 930 11 11<\/p>\n                  <span class=\"icon-arrow-right cta-card__arrow\" \/>\n              <\/div>\n        <\/a>\n    \n  \n<\/li>\n          <\/ul>\n    \n  \n<\/div>\n\n\n<h2 class=\"wp-block-heading\">HE-Arc Conservation-restoration<\/h2>\n\n\n\n<p><a href=\"mailto:conservation-restauration@he-arc.ch\">Sending an email<\/a><\/p>\n\n\n\n<div class=\"cta-cards  \">\n\n    \n      \n        <ul class=\"flex-row mt-3 w-list-unstyled\">\n              <li class=\"size-full\">\n  \n  \n        <a href=\"https:\/\/www.google.com\/maps\/place\/Haute+Ecole+Arc+Neuch%C3%A2tel+Berne+Jura\/@46.9976485,6.9365359,17z\/data=!4m12!1m6!3m5!1s0x478e0a19b250e8c7:0xe22d2e0c259f485c!2sHaute+Ecole+Arc+Neuch%C3%A2tel+Berne+Jura!8m2!3d46.9976485!4d6.9387246!3m4!1s0x478e0a19b250e8c7:0xe22d2e0c259f485c!8m2!3d46.9976485!4d6.9387246?hl=fr\"  class=\"cta-card is-wide is-shadowed\">\n                <div class=\"cta-card__image center \" style=\"background-image: url(https:\/\/www.he-arc.ch\/wp-content\/uploads\/2021\/11\/image-300x171.png)\"><\/div>\n            <div class=\"cta-card__inner is-with-arrow\">\n                <h3 class=\"cta-card__title pretty-underline is-xlarge\"> Campus Arc 2 Neuch\u00e2tel<\/h3>\n        <p class=\"cta-card__description is-large\">Espace de l&#8217;Europe 11,\r\n2000 Neuch\u00e2tel,\r\nT +41 32 930 19 19<\/p>\n                  <span class=\"icon-arrow-right cta-card__arrow\" \/>\n              <\/div>\n        <\/a>\n    \n  \n<\/li>\n          <\/ul>\n    \n  \n<\/div>\n\n\n<h2 class=\"wp-block-heading\">HE-Arc Management<\/h2>\n\n\n\n<p><a href=\"mailto:gestion@he-arc.ch\">Sending an email<\/a><\/p>\n\n\n\n<div class=\"cta-cards  \">\n\n    \n      \n        <ul class=\"flex-row mt-3 w-list-unstyled\">\n              <li class=\"size-full\">\n  \n  \n        <a href=\"https:\/\/www.google.com\/maps\/place\/Haute+%C3%A9cole+de+gestion+Arc+(HEG+Arc)\/@46.9983213,6.9386969,17z\/data=!4m12!1m6!3m5!1s0x478e0a220da1e9d9:0x6d6d3754dae8a378!2sHaute+%C3%A9cole+de+gestion+Arc+(HEG+Arc)!8m2!3d46.9983213!4d6.9408856!3m4!1s0x478e0a220da1e9d9:0x6d6d3754dae8a378!8m2!3d46.9983213!4d6.9408856?hl=fr\"  class=\"cta-card is-wide is-shadowed\">\n                <div class=\"cta-card__image center \" style=\"background-image: url(https:\/\/www.he-arc.ch\/wp-content\/uploads\/2021\/11\/CampusArc1-300x171.jpg)\"><\/div>\n            <div class=\"cta-card__inner is-with-arrow\">\n                <h3 class=\"cta-card__title pretty-underline is-xlarge\">Campus Arc 1 Neuch\u00e2tel (direction)<\/h3>\n        <p class=\"cta-card__description is-large\">Espace de l&#8217;Europe 21,\r\n2000 Neuch\u00e2tel,\r\nT +41 32 930 20 20<\/p>\n                  <span class=\"icon-arrow-right cta-card__arrow\" \/>\n              <\/div>\n        <\/a>\n    \n  \n<\/li>\n          <\/ul>\n    \n      \n        <ul class=\"flex-row  w-list-unstyled\">\n              <li class=\"size-full\">\n  \n  \n        <div class=\"cta-card is-wide is-shadowed\">\n                <div class=\"cta-card__image center \" style=\"background-image: url(https:\/\/www.he-arc.ch\/wp-content\/uploads\/2021\/11\/CampusDel-300x171.jpg)\"><\/div>\n            <div class=\"cta-card__inner \">\n                <h3 class=\"cta-card__title  is-xlarge\">Del\u00e9mont campus<\/h3>\n        <p class=\"cta-card__description is-large\">Route de Moutier 14,\r\n2800 Del\u00e9mont,\r\nT +41 32 930 17 17<\/p>\n              <\/div>\n        <\/div>\n    \n  \n<\/li>\n          <\/ul>\n    \n  \n<\/div>\n\n\n<h2 class=\"wp-block-heading\">HE-Arc Engineering<\/h2>\n\n\n\n<p><a href=\"mailto:ingenierie@he-arc.ch\">Sending an email<\/a><\/p>\n\n\n\n<div class=\"cta-cards  \">\n\n    \n      \n        <ul class=\"flex-row mt-3 w-list-unstyled\">\n              <li class=\"size-full\">\n  \n  \n        <a href=\"https:\/\/www.google.com\/maps\/place\/Haute+Ecole+Arc+Ing%C3%A9nierie+Neuch%C3%A2tel\/@46.997029,6.9350924,17z\/data=!4m12!1m6!3m5!1s0x478e0a18f3d9f39d:0x64041ae44550709c!2sHaute+Ecole+Arc+Ing%C3%A9nierie+Neuch%C3%A2tel!8m2!3d46.997029!4d6.9372811!3m4!1s0x478e0a18f3d9f39d:0x64041ae44550709c!8m2!3d46.997029!4d6.9372811?hl=fr\"  class=\"cta-card is-wide is-shadowed\">\n                <div class=\"cta-card__image center \" style=\"background-image: url(https:\/\/www.he-arc.ch\/wp-content\/uploads\/2021\/11\/image-300x171.png)\"><\/div>\n            <div class=\"cta-card__inner is-with-arrow\">\n                <h3 class=\"cta-card__title pretty-underline is-xlarge\">Campus Arc 2 Neuch\u00e2tel (direction)<\/h3>\n        <p class=\"cta-card__description is-large\">Espace de l&#8217;Europe 11,\r\n2000 Neuch\u00e2tel,\r\nT +41 32 930 13 13<\/p>\n                  <span class=\"icon-arrow-right cta-card__arrow\" \/>\n              <\/div>\n        <\/a>\n    \n  \n<\/li>\n          <\/ul>\n    \n      \n        <ul class=\"flex-row  w-list-unstyled\">\n              <li class=\"size-full\">\n  \n  \n        <a href=\"https:\/\/www.google.com\/maps\/place\/Haute+Ecole+Arc+Ing%C3%A9nierie+Del%C3%A9mont\/@47.3625334,7.3500949,17z\/data=!4m12!1m6!3m5!1s0x4791e7e8cb5566d5:0x666d8eecd9cd102e!2sHaute+Ecole+Arc+Ing%C3%A9nierie+Del%C3%A9mont!8m2!3d47.3625334!4d7.3522836!3m4!1s0x4791e7e8cb5566d5:0x666d8eecd9cd102e!8m2!3d47.3625334!4d7.3522836?hl=fr\"  class=\"cta-card is-wide is-shadowed\">\n                <div class=\"cta-card__image center \" style=\"background-image: url(https:\/\/www.he-arc.ch\/wp-content\/uploads\/2021\/11\/CampusDel-300x171.jpg)\"><\/div>\n            <div class=\"cta-card__inner is-with-arrow\">\n                <h3 class=\"cta-card__title pretty-underline is-xlarge\">Del\u00e9mont campus<\/h3>\n        <p class=\"cta-card__description is-large\">Route de Moutier 14,\r\n2800 Del\u00e9mont,\r\nT +41 32 930 13 13<\/p>\n                  <span class=\"icon-arrow-right cta-card__arrow\" \/>\n              <\/div>\n        <\/a>\n    \n  \n<\/li>\n          <\/ul>\n    \n      \n        <ul class=\"flex-row  w-list-unstyled\">\n              <li class=\"size-full\">\n  \n  \n        <a href=\"https:\/\/www.google.com\/maps\/place\/Haute+Ecole+Arc+Ing%C3%A9nierie+Saint-Imier\/@47.1549751,7.0005614,17z\/data=!4m12!1m6!3m5!1s0x478e06d571e24fa9:0x71141de0aaf42fd9!2sHaute+Ecole+Arc+Ing%C3%A9nierie+Saint-Imier!8m2!3d47.1549751!4d7.0027501!3m4!1s0x478e06d571e24fa9:0x71141de0aaf42fd9!8m2!3d47.1549751!4d7.0027501?hl=fr\"  class=\"cta-card is-wide is-shadowed\">\n                <div class=\"cta-card__image center \" style=\"background-image: url(https:\/\/www.he-arc.ch\/wp-content\/uploads\/2021\/11\/ptsi-300x171.jpg)\"><\/div>\n            <div class=\"cta-card__inner is-with-arrow\">\n                <h3 class=\"cta-card__title pretty-underline is-xlarge\">St-Imier site<\/h3>\n        <p class=\"cta-card__description is-large\">Parc technologique de St-Imier,\r\nRue de la Serre 7,\r\n2610 St-Imier,\r\nT +41 32 930 22 02<\/p>\n                  <span class=\"icon-arrow-right cta-card__arrow\" \/>\n              <\/div>\n        <\/a>\n    \n  \n<\/li>\n          <\/ul>\n    \n      \n        <ul class=\"flex-row  w-list-unstyled\">\n              <li class=\"size-full\">\n  \n  \n        <a href=\"https:\/\/www.google.com\/maps\/place\/Haute+Ecole+Arc+Ing%C3%A9nierie+La+Chaux-de-Fonds\/@47.079647,6.7937068,17z\/data=!4m12!1m6!3m5!1s0x478de5278ddfec73:0x94a51a2873cbc12a!2sHaute+Ecole+Arc+Ing%C3%A9nierie+La+Chaux-de-Fonds!8m2!3d47.079647!4d6.7958955!3m4!1s0x478de5278ddfec73:0x94a51a2873cbc12a!8m2!3d47.079647!4d6.7958955?hl=fr\"  class=\"cta-card is-wide is-shadowed\">\n                <div class=\"cta-card__image center \" style=\"background-image: url(https:\/\/www.he-arc.ch\/wp-content\/uploads\/2021\/11\/INGchaux-300x171.jpg)\"><\/div>\n            <div class=\"cta-card__inner is-with-arrow\">\n                <h3 class=\"cta-card__title pretty-underline is-xlarge\">La Chaux-de-Fonds site<\/h3>\n        <p class=\"cta-card__description is-large\">Eplatures-Grise 17,\r\n2300 La Chaux-de-Fonds,\r\nT +41 32 930 15 55<\/p>\n                  <span class=\"icon-arrow-right cta-card__arrow\" \/>\n              <\/div>\n        <\/a>\n    \n  \n<\/li>\n          <\/ul>\n    \n      \n        <ul class=\"flex-row  w-list-unstyled\">\n              <li class=\"size-full\">\n  \n  \n        <a href=\"https:\/\/www.google.com\/maps\/place\/Haute+Ecole+Arc+Ing%C3%A9nierie+Le+Locle\/@47.0548781,6.7409978,17z\/data=!4m12!1m6!3m5!1s0x478def7ff2b3894b:0x424f708e5888c94d!2sHaute+Ecole+Arc+Ing%C3%A9nierie+Le+Locle!8m2!3d47.0548781!4d6.7431865!3m4!1s0x478def7ff2b3894b:0x424f708e5888c94d!8m2!3d47.0548781!4d6.7431865?hl=fr\"  class=\"cta-card is-wide is-shadowed\">\n                <div class=\"cta-card__image center \" style=\"background-image: url(https:\/\/www.he-arc.ch\/wp-content\/uploads\/2021\/11\/INGchaux-300x171.jpg)\"><\/div>\n            <div class=\"cta-card__inner is-with-arrow\">\n                <h3 class=\"cta-card__title pretty-underline is-xlarge\">Le Locle site<\/h3>\n        <p class=\"cta-card__description is-large\">P\u00f4le horloger,\r\nAvenue de l&#8217;H\u00f4tel-de-Ville 7,\r\n2400 Le Locle,\r\nT +41 32 930 13 27<\/p>\n                  <span class=\"icon-arrow-right cta-card__arrow\" \/>\n              <\/div>\n        <\/a>\n    \n  \n<\/li>\n          <\/ul>\n    \n  \n<\/div>\n\n\n<h2 class=\"wp-block-heading\">HE-Arc Health<\/h2>\n\n\n\n<p><a href=\"mailto:sante@he-arc.ch\">Sending an email<\/a><\/p>\n\n\n\n<div class=\"cta-cards  \">\n\n    \n      \n        <ul class=\"flex-row mt-3 w-list-unstyled\">\n              <li class=\"size-full\">\n  \n  \n        <a href=\"https:\/\/www.google.com\/maps\/place\/Haute+Ecole+Arc+Neuch%C3%A2tel+Berne+Jura\/@46.9976485,6.9365359,17z\/data=!4m12!1m6!3m5!1s0x478e0a19b250e8c7:0xe22d2e0c259f485c!2sHaute+Ecole+Arc+Neuch%C3%A2tel+Berne+Jura!8m2!3d46.9976485!4d6.9387246!3m4!1s0x478e0a19b250e8c7:0xe22d2e0c259f485c!8m2!3d46.9976485!4d6.9387246?hl=fr\"  class=\"cta-card is-wide is-shadowed\">\n                <div class=\"cta-card__image center \" style=\"background-image: url(https:\/\/www.he-arc.ch\/wp-content\/uploads\/2021\/11\/image-300x171.png)\"><\/div>\n            <div class=\"cta-card__inner is-with-arrow\">\n                <h3 class=\"cta-card__title pretty-underline is-xlarge\">Campus Arc 2 Neuch\u00e2tel<\/h3>\n        <p class=\"cta-card__description is-large\">Espace de l&#8217;Europe 11,\r\n2000 Neuch\u00e2tel,\r\nT +41 32 930 12 12<\/p>\n                  <span class=\"icon-arrow-right cta-card__arrow\" \/>\n              <\/div>\n        <\/a>\n    \n  \n<\/li>\n          <\/ul>\n    \n      \n        <ul class=\"flex-row  w-list-unstyled\">\n              <li class=\"size-full\">\n  \n  \n        <a href=\"https:\/\/www.google.com\/maps\/place\/Haute+Ecole+Arc+(Sant%C3%A9,+Gestion+et+Ing%C3%A9nierie)\/@47.3625334,7.3500949,17z\/data=!4m12!1m6!3m5!1s0x4791e7d1d4c97c07:0xf8179113c1ba8af5!2sHaute+Ecole+Arc+(Sant%C3%A9,+Gestion+et+Ing%C3%A9nierie)!8m2!3d47.3625241!4d7.3522874!3m4!1s0x4791e7d1d4c97c07:0xf8179113c1ba8af5!8m2!3d47.3625241!4d7.3522874?hl=fr\"  class=\"cta-card is-wide is-shadowed\">\n                <div class=\"cta-card__image center \" style=\"background-image: url(https:\/\/www.he-arc.ch\/wp-content\/uploads\/2021\/11\/CampusDel-300x171.jpg)\"><\/div>\n            <div class=\"cta-card__inner is-with-arrow\">\n                <h3 class=\"cta-card__title pretty-underline is-xlarge\">Del\u00e9mont Campus<\/h3>\n        <p class=\"cta-card__description is-large\">Route de Moutier 14,\r\n2800 Del\u00e9mont,\r\nT +41 32 930 11 81<\/p>\n                  <span class=\"icon-arrow-right cta-card__arrow\" \/>\n              <\/div>\n        <\/a>\n    \n  \n<\/li>\n          <\/ul>\n    \n  \n<\/div>\n\n            <\/div>\n\n    <\/div>\n\n    <div class=\"article__aside w-100p\" id=\"sidebar_contact\">\n\n  <aside class=\"page-section__aside\">\n    <\/aside>\n\n      <div class=\" w-100p\">\n              <h4 class=\"link-list__title\">Search for a collaborator<\/h4>\n        <div id=\"cta-card-block_60f6df459cb1e\" class=\"contact-card is-shadowed  is-not-contained\">\n  <div class=\"contact-card__inner\">\n    <div class=\"contact-entry\">\n      <a href=\"https:\/\/people.he-arc.ch\/\" target=\"_blank\" class=\"simple-link is-large contact-entry mb-1\">HE-Arc Directory<\/a>\n    <\/div>\n  <\/div>\n<\/div>\n          <\/div>\n\n      <div class=\"mt-4 w-100p\">\n              <h4 class=\"link-list__title\"><\/h4>\n        <div id=\"cta-card-block_60f6df459cb1e\" class=\"contact-card is-shadowed  is-not-contained\">\n  <div class=\"contact-card__inner\">\n    <div class=\"contact-entry\">\n      <a href=\"https:\/\/www.he-arc.ch\/en\/he-arc-en\/media-and-press\/\"  class=\"simple-link is-large contact-entry mb-1\">Information for the media<\/a>\n    <\/div>\n  <\/div>\n<\/div>\n          <\/div>\n\n  <\/div>\n\n  <\/div>\n<\/section>\n","protected":false},"excerpt":{"rendered":"","protected":false},"author":13,"featured_media":0,"parent":0,"menu_order":131,"comment_status":"closed","ping_status":"closed","template":"","meta":{"_acf_changed":false,"footnotes":""},"he-arc_domain":[154],"class_list":["post-37171","page","type-page","status-publish","hentry","he-arc_domain-he-arc-en"],"acf":[],"yoast_head":"<!-- This site is optimized with the Yoast SEO plugin v26.6 - https:\/\/yoast.com\/wordpress\/plugins\/seo\/ -->\n<title>Contacts - Haute-Ecole Arc<\/title>\n<meta name=\"description\" content=\"Contact. Vous trouverez ici les adresses et num\u00e9ros de t\u00e9l\u00e9phone des diff\u00e9rents campus, sites de formation et de recherche de la Haute Ecole Arc.\" \/>\n<meta name=\"robots\" content=\"index, follow, max-snippet:-1, max-image-preview:large, max-video-preview:-1\" \/>\n<link rel=\"canonical\" href=\"https:\/\/www.he-arc.ch\/en\/he-arc-en\/contacts-en\/\" \/>\n<meta property=\"og:locale\" content=\"en_US\" \/>\n<meta property=\"og:type\" content=\"article\" \/>\n<meta property=\"og:title\" content=\"Contacts - Haute-Ecole Arc\" \/>\n<meta property=\"og:description\" content=\"Contact. Vous trouverez ici les adresses et num\u00e9ros de t\u00e9l\u00e9phone des diff\u00e9rents campus, sites de formation et de recherche de la Haute Ecole Arc.\" \/>\n<meta property=\"og:url\" content=\"https:\/\/www.he-arc.ch\/en\/he-arc-en\/contacts-en\/\" \/>\n<meta property=\"og:site_name\" content=\"Haute-Ecole Arc\" \/>\n<meta property=\"article:modified_time\" content=\"2025-04-03T07:40:37+00:00\" \/>\n<meta name=\"twitter:card\" content=\"summary_large_image\" \/>\n<meta name=\"twitter:label1\" content=\"Est. reading time\" \/>\n\t<meta name=\"twitter:data1\" content=\"1 minute\" \/>\n<script type=\"application\/ld+json\" class=\"yoast-schema-graph\">{\"@context\":\"https:\/\/schema.org\",\"@graph\":[{\"@type\":\"WebPage\",\"@id\":\"https:\/\/www.he-arc.ch\/en\/he-arc-en\/contacts-en\/\",\"url\":\"https:\/\/www.he-arc.ch\/en\/he-arc-en\/contacts-en\/\",\"name\":\"Contacts - Haute-Ecole Arc\",\"isPartOf\":{\"@id\":\"https:\/\/www.he-arc.ch\/en\/#website\"},\"datePublished\":\"2021-11-12T08:19:32+00:00\",\"dateModified\":\"2025-04-03T07:40:37+00:00\",\"description\":\"Contact. Vous trouverez ici les adresses et num\u00e9ros de t\u00e9l\u00e9phone des diff\u00e9rents campus, sites de formation et de recherche de la Haute Ecole Arc.\",\"breadcrumb\":{\"@id\":\"https:\/\/www.he-arc.ch\/en\/he-arc-en\/contacts-en\/#breadcrumb\"},\"inLanguage\":\"en-US\",\"potentialAction\":[{\"@type\":\"ReadAction\",\"target\":[\"https:\/\/www.he-arc.ch\/en\/he-arc-en\/contacts-en\/\"]}]},{\"@type\":\"BreadcrumbList\",\"@id\":\"https:\/\/www.he-arc.ch\/en\/he-arc-en\/contacts-en\/#breadcrumb\",\"itemListElement\":[{\"@type\":\"ListItem\",\"position\":1,\"name\":\"Accueil\",\"item\":\"https:\/\/www.he-arc.ch\/en\/\"},{\"@type\":\"ListItem\",\"position\":2,\"name\":\"Contacts\"}]},{\"@type\":\"WebSite\",\"@id\":\"https:\/\/www.he-arc.ch\/en\/#website\",\"url\":\"https:\/\/www.he-arc.ch\/en\/\",\"name\":\"Haute-Ecole Arc\",\"description\":\"Haute \u00e9cole sp\u00e9cialis\u00e9e Suisse. Gestion, Ing\u00e9nierie, Sant\u00e9, Conservation-\u200brestauration.\",\"publisher\":{\"@id\":\"https:\/\/www.he-arc.ch\/en\/#organization\"},\"potentialAction\":[{\"@type\":\"SearchAction\",\"target\":{\"@type\":\"EntryPoint\",\"urlTemplate\":\"https:\/\/www.he-arc.ch\/en\/?s={search_term_string}\"},\"query-input\":{\"@type\":\"PropertyValueSpecification\",\"valueRequired\":true,\"valueName\":\"search_term_string\"}}],\"inLanguage\":\"en-US\"},{\"@type\":\"Organization\",\"@id\":\"https:\/\/www.he-arc.ch\/en\/#organization\",\"name\":\"Haute Ecole Arc\",\"url\":\"https:\/\/www.he-arc.ch\/en\/\",\"logo\":{\"@type\":\"ImageObject\",\"inLanguage\":\"en-US\",\"@id\":\"https:\/\/www.he-arc.ch\/en\/#\/schema\/logo\/image\/\",\"url\":\"https:\/\/www.he-arc.ch\/wp-content\/uploads\/2022\/01\/logo-he-arc.svg\",\"contentUrl\":\"https:\/\/www.he-arc.ch\/wp-content\/uploads\/2022\/01\/logo-he-arc.svg\",\"width\":140,\"height\":42,\"caption\":\"Haute Ecole Arc\"},\"image\":{\"@id\":\"https:\/\/www.he-arc.ch\/en\/#\/schema\/logo\/image\/\"}}]}<\/script>\n<!-- \/ Yoast SEO plugin. -->","yoast_head_json":{"title":"Contacts - Haute-Ecole Arc","description":"Contact. Vous trouverez ici les adresses et num\u00e9ros de t\u00e9l\u00e9phone des diff\u00e9rents campus, sites de formation et de recherche de la Haute Ecole Arc.","robots":{"index":"index","follow":"follow","max-snippet":"max-snippet:-1","max-image-preview":"max-image-preview:large","max-video-preview":"max-video-preview:-1"},"canonical":"https:\/\/www.he-arc.ch\/en\/he-arc-en\/contacts-en\/","og_locale":"en_US","og_type":"article","og_title":"Contacts - Haute-Ecole Arc","og_description":"Contact. Vous trouverez ici les adresses et num\u00e9ros de t\u00e9l\u00e9phone des diff\u00e9rents campus, sites de formation et de recherche de la Haute Ecole Arc.","og_url":"https:\/\/www.he-arc.ch\/en\/he-arc-en\/contacts-en\/","og_site_name":"Haute-Ecole Arc","article_modified_time":"2025-04-03T07:40:37+00:00","twitter_card":"summary_large_image","twitter_misc":{"Est. reading time":"1 minute"},"schema":{"@context":"https:\/\/schema.org","@graph":[{"@type":"WebPage","@id":"https:\/\/www.he-arc.ch\/en\/he-arc-en\/contacts-en\/","url":"https:\/\/www.he-arc.ch\/en\/he-arc-en\/contacts-en\/","name":"Contacts - Haute-Ecole Arc","isPartOf":{"@id":"https:\/\/www.he-arc.ch\/en\/#website"},"datePublished":"2021-11-12T08:19:32+00:00","dateModified":"2025-04-03T07:40:37+00:00","description":"Contact. Vous trouverez ici les adresses et num\u00e9ros de t\u00e9l\u00e9phone des diff\u00e9rents campus, sites de formation et de recherche de la Haute Ecole Arc.","breadcrumb":{"@id":"https:\/\/www.he-arc.ch\/en\/he-arc-en\/contacts-en\/#breadcrumb"},"inLanguage":"en-US","potentialAction":[{"@type":"ReadAction","target":["https:\/\/www.he-arc.ch\/en\/he-arc-en\/contacts-en\/"]}]},{"@type":"BreadcrumbList","@id":"https:\/\/www.he-arc.ch\/en\/he-arc-en\/contacts-en\/#breadcrumb","itemListElement":[{"@type":"ListItem","position":1,"name":"Accueil","item":"https:\/\/www.he-arc.ch\/en\/"},{"@type":"ListItem","position":2,"name":"Contacts"}]},{"@type":"WebSite","@id":"https:\/\/www.he-arc.ch\/en\/#website","url":"https:\/\/www.he-arc.ch\/en\/","name":"Haute-Ecole Arc","description":"Haute \u00e9cole sp\u00e9cialis\u00e9e Suisse. Gestion, Ing\u00e9nierie, Sant\u00e9, Conservation-\u200brestauration.","publisher":{"@id":"https:\/\/www.he-arc.ch\/en\/#organization"},"potentialAction":[{"@type":"SearchAction","target":{"@type":"EntryPoint","urlTemplate":"https:\/\/www.he-arc.ch\/en\/?s={search_term_string}"},"query-input":{"@type":"PropertyValueSpecification","valueRequired":true,"valueName":"search_term_string"}}],"inLanguage":"en-US"},{"@type":"Organization","@id":"https:\/\/www.he-arc.ch\/en\/#organization","name":"Haute Ecole Arc","url":"https:\/\/www.he-arc.ch\/en\/","logo":{"@type":"ImageObject","inLanguage":"en-US","@id":"https:\/\/www.he-arc.ch\/en\/#\/schema\/logo\/image\/","url":"https:\/\/www.he-arc.ch\/wp-content\/uploads\/2022\/01\/logo-he-arc.svg","contentUrl":"https:\/\/www.he-arc.ch\/wp-content\/uploads\/2022\/01\/logo-he-arc.svg","width":140,"height":42,"caption":"Haute Ecole Arc"},"image":{"@id":"https:\/\/www.he-arc.ch\/en\/#\/schema\/logo\/image\/"}}]}},"_links":{"self":[{"href":"https:\/\/www.he-arc.ch\/en\/wp-json\/wp\/v2\/pages\/37171","targetHints":{"allow":["GET"]}}],"collection":[{"href":"https:\/\/www.he-arc.ch\/en\/wp-json\/wp\/v2\/pages"}],"about":[{"href":"https:\/\/www.he-arc.ch\/en\/wp-json\/wp\/v2\/types\/page"}],"author":[{"embeddable":true,"href":"https:\/\/www.he-arc.ch\/en\/wp-json\/wp\/v2\/users\/13"}],"replies":[{"embeddable":true,"href":"https:\/\/www.he-arc.ch\/en\/wp-json\/wp\/v2\/comments?post=37171"}],"version-history":[{"count":8,"href":"https:\/\/www.he-arc.ch\/en\/wp-json\/wp\/v2\/pages\/37171\/revisions"}],"predecessor-version":[{"id":37360,"href":"https:\/\/www.he-arc.ch\/en\/wp-json\/wp\/v2\/pages\/37171\/revisions\/37360"}],"wp:attachment":[{"href":"https:\/\/www.he-arc.ch\/en\/wp-json\/wp\/v2\/media?parent=37171"}],"wp:term":[{"taxonomy":"he-arc_domain","embeddable":true,"href":"https:\/\/www.he-arc.ch\/en\/wp-json\/wp\/v2\/he-arc_domain?post=37171"}],"curies":[{"name":"wp","href":"https:\/\/api.w.org\/{rel}","templated":true}]}}