{"id":37667,"date":"2021-09-02T12:02:52","date_gmt":"2021-09-02T10:02:52","guid":{"rendered":"https:\/\/www.he-arc.ch\/?p=37667"},"modified":"2025-04-03T09:42:09","modified_gmt":"2025-04-03T07:42:09","slug":"sports-arts-studies-army","status":"publish","type":"page","link":"https:\/\/www.he-arc.ch\/en\/he-arc-en\/sports-arts-studies-army\/","title":{"rendered":"Sports Arts Studies and the Army"},"content":{"rendered":"<header class=\"hero-section is-simple page-max is-wide\">\n  <div class=\"hero\">\n    <div class=\"hero-nav page-max\">\n      \n  <div class=\"breadcrumb hidden-print\">\n    <div class=\"breadcrumb-house\"><img decoding=\"async\" src=\"https:\/\/www.he-arc.ch\/wp-content\/themes\/he-arc\/static\/images\/icon-house.svg\" loading=\"lazy\" alt=\"\" height=\"12\"><\/div>\n    <a href=\"https:\/\/www.he-arc.ch\/en\/\" class=\"breadcrumb-link\">HE-Arc<\/a>\n    <div class=\"breadcrumb-bullet\"><\/div>\n\n          <a href=\"\/\/\" class=\"breadcrumb-link\"><\/a>\n      <div class=\"breadcrumb-bullet\"><\/div>\n    \n    \n              \n    \n    \n    \n    <span class=\"breadcrumb-link is-active pointer-none\">Sports Arts Studies and the Army<\/span>\n  <\/div>\n\n          <\/div>\n    <div class=\"hero-row is-simple page-max\">\n      <div>\n        <span class=\"hero__overline display-block\"><\/span>\n        <h1 class=\"hero__title is-small\">Sports Arts Studies and the Army<\/h1>\n      <\/div>\n    <\/div>\n  <\/div>\n<\/header>\n\n\n<section class=\"page-section\">\n\n  <div class=\"page-menu--mobile is-shadowed--bold\">\n    <a href=\"#sidebar_contact\" class=\"btn-link border-none w-inline-block\">\n      <span class=\"btn-link__title is-goto\">Contact and Infos<\/span>\n    <\/a>\n  <\/div>\n\n  <div class=\"page-section__inner page-max\">\n\n    <div class=\"article__content is-with-aside\">\n\n      <div class=\"rich-text w-richtext\">\n                \n<div class=\"article__intro rich-text is-large w-richtext\">\n      <p>The Sports-Arts-Study aims to enable students with sporting or artistic talent to combine their studies at the HE-Arc with an intensive sporting or artistic discipline.<\/p>\n\n  <\/div>\n\n\n\n<figure class=\"wp-block-image size-full\"><img decoding=\"async\" width=\"723\" height=\"485\" src=\"https:\/\/www.he-arc.ch\/wp-content\/uploads\/2021\/11\/SportArtEtudes_StevenMacquat.jpg\" alt=\"\" class=\"wp-image-6593\" srcset=\"https:\/\/www.he-arc.ch\/wp-content\/uploads\/2021\/11\/SportArtEtudes_StevenMacquat.jpg 723w, https:\/\/www.he-arc.ch\/wp-content\/uploads\/2021\/11\/SportArtEtudes_StevenMacquat-300x201.jpg 300w\" sizes=\"(max-width: 723px) 100vw, 723px\" \/><figcaption class=\"wp-element-caption\">Steven Macquat, a Business Economics student at the HEG in Del\u00e9mont and an HC Ajoie player in the Swiss League.<\/figcaption><\/figure>\n\n\n\n<h3 class=\"wp-block-heading\" id=\"conditions-de-flexibilite-des-etudes-pour-les-etudiant-e-s-ayant-le-statut-de-sportif-ve-d-elite\">Flexible study conditions for students with elite sports status<\/h3>\n\n\n\n<p>The HE-Arc is putting in place measures to encourage the adjustment of studies, particularly for elite sports people. The system consists of offering individualised adjustment possibilities in order to allocate gap lessons and exams as best as possible, taking into account academic requirements and sporting competition schedules.<\/p>\n\n\n\n<p>The possibilities of student accommodation are applicable to all programmes, these are decided on the basis of training schedules and other requirements of the programme chosen by the student.<\/p>\n\n\n\n<p>The courses&#8217; study rules must be taken into account when allocating support for students with &#8220;elite sports status&#8221;.<\/p>\n\n\n\n<h3 class=\"wp-block-heading\" id=\"etudes-et-obligations-militaires\">Military studies and students obligations<\/h3>\n\n\n\n<p>Some students will have to accomodate their studies with time spent in the army, civil defence or the civilian service. The Federal Department of Defence, Civil Protection and Sport provide all the necessary information on its website www.vtg.admin.ch.<\/p>\n\n\n\n<p>Therefore, each person will make the necessary arrangements to fulfil the above obligations, depending on the available accomodation in the context of higher education.<\/p>\n\n\n            <\/div>\n\n    <\/div>\n\n    <div class=\"article__aside w-100p\" id=\"sidebar_contact\">\n\n  <aside class=\"page-section__aside\">\n      <nav class=\"page-menu hidden-print is-shadowed--bold mt-1  w-list-unstyled\" aria-label=\"Raccourcis sur la page\">\n        <span class=\"page-menu__heading mt-0\">Students support<\/span>\n                    \n            <a href=\"https:\/\/www.he-arc.ch\/en\/he-arc-en\/libraries\/\"  class=\"btn-link  is-with-arrow \">\n        <span class=\"simple-link no-decoration\">Library<\/span>\n      <\/a>\n                      \n            <a href=\"https:\/\/www.he-arc.ch\/en\/he-arc-en\/scholarships\/\"  class=\"btn-link  is-with-arrow \">\n        <span class=\"simple-link no-decoration\">Scolarships<\/span>\n      <\/a>\n                      \n            <a href=\"https:\/\/www.he-arc.ch\/en\/he-arc-en\/listening-space\/\"  class=\"btn-link  is-with-arrow \">\n        <span class=\"simple-link no-decoration\">Listening space<\/span>\n      <\/a>\n                      \n            <a href=\"https:\/\/www.he-arc.ch\/en\/he-arc-en\/sports-arts-studies-army\/\"  class=\"btn-link is-current is-with-arrow \">\n        <span class=\"simple-link no-decoration\">Sports Arts Studies and Army<\/span>\n      <\/a>\n                      \n            <a href=\"https:\/\/www.he-arc.ch\/en\/he-arc-en\/accomodation\/\"  class=\"btn-link  is-with-arrow \">\n        <span class=\"simple-link no-decoration\">Accomodation<\/span>\n      <\/a>\n                      \n            <a href=\"https:\/\/www.he-arc.ch\/en\/he-arc-en\/students-associations\/\"  class=\"btn-link  is-with-arrow \">\n        <span class=\"simple-link no-decoration\">Students associations<\/span>\n      <\/a>\n                      \n            <a href=\"https:\/\/www.he-arc.ch\/en\/he-arc-en\/it-service\/\"  class=\"btn-link  is-with-arrow border-none\">\n        <span class=\"simple-link no-decoration\">IT Service<\/span>\n      <\/a>\n            <\/nav>\n  <\/aside>\n\n      <div class=\"mt-4 w-100p\">\n              <div id=\"download-links-block_c5b22e2d92cf7618cfecab93e26a1741\" class=\"\">\n  <div class=\"link-list\">\n\n        <h4 class=\"link-list__title\">Useful links<\/h4>\n    \n    \n      <div class=\"link-list__item\">\n\t            <a href=\"https:\/\/www.swissolympic.ch\/fr\/athletes-entraineurs\/profession-carriere\/studium.html\" class=\"simple-link\" target='_blank'>\n          Swiss Olympic, elite sport and studies\n        <\/a>\n            <\/div>\n\n    \n      <div class=\"link-list__item\">\n\t            <a href=\"https:\/\/www.bkd.be.ch\/fr\/start\/themen\/bildung-im-kanton-bern\/berufsbildung\/berufsfachschule\/Berufsfachschulbesuch-Leistungssport.html\" class=\"simple-link\" target='_blank'>\n          Sports and study service, Canton of Berne\n        <\/a>\n            <\/div>\n\n    \n      <div class=\"link-list__item\">\n\t            <a href=\"https:\/\/www.jura.ch\/DFCS\/SEN\/Sports-Arts-Etudes-SAE\/Sports-Arts-Etudes-SAE.html\" class=\"simple-link\" target='_blank'>\n          Sports and Study Department, Canton of Jura\n        <\/a>\n            <\/div>\n\n    \n      <div class=\"link-list__item\">\n\t            <a href=\"https:\/\/www.ne.ch\/autorites\/DFDS\/SSPO\/sport-scolaire\/Pages\/Sports-Arts-Etudes-et-formation.aspx\" class=\"simple-link\" target='_blank'>\n          Sports and Study Department, Canton of Neuch\u00e2tel\n        <\/a>\n            <\/div>\n\n      <\/div>\n<\/div>\n          <\/div>\n\n  <\/div>\n\n  <\/div>\n<\/section>\n","protected":false},"excerpt":{"rendered":"","protected":false},"author":13,"featured_media":0,"parent":0,"menu_order":284,"comment_status":"closed","ping_status":"closed","template":"","meta":{"_acf_changed":false,"footnotes":""},"he-arc_domain":[154],"class_list":["post-37667","page","type-page","status-publish","hentry","he-arc_domain-he-arc-en"],"acf":[],"yoast_head":"<!-- This site is optimized with the Yoast SEO plugin v26.6 - https:\/\/yoast.com\/wordpress\/plugins\/seo\/ -->\n<title>Sports Arts Studies and the Army - Haute-Ecole Arc<\/title>\n<meta name=\"description\" content=\"La HE-Arc met en place des mesures favorisant l\u2019am\u00e9nagement des \u00e9tudes, notamment pour les sportif-ve-s d\u2019\u00e9lite.\" \/>\n<meta name=\"robots\" content=\"index, follow, max-snippet:-1, max-image-preview:large, max-video-preview:-1\" \/>\n<link rel=\"canonical\" href=\"https:\/\/www.he-arc.ch\/en\/he-arc-en\/sports-arts-studies-army\/\" \/>\n<meta property=\"og:locale\" content=\"en_US\" \/>\n<meta property=\"og:type\" content=\"article\" \/>\n<meta property=\"og:title\" content=\"Sports Arts Studies and the Army - Haute-Ecole Arc\" \/>\n<meta property=\"og:description\" content=\"La HE-Arc met en place des mesures favorisant l\u2019am\u00e9nagement des \u00e9tudes, notamment pour les sportif-ve-s d\u2019\u00e9lite.\" \/>\n<meta property=\"og:url\" content=\"https:\/\/www.he-arc.ch\/en\/he-arc-en\/sports-arts-studies-army\/\" \/>\n<meta property=\"og:site_name\" content=\"Haute-Ecole Arc\" \/>\n<meta property=\"article:modified_time\" content=\"2025-04-03T07:42:09+00:00\" \/>\n<meta property=\"og:image\" content=\"https:\/\/www.he-arc.ch\/wp-content\/uploads\/2021\/11\/SportArtEtudes_StevenMacquat.jpg\" \/>\n<meta name=\"twitter:card\" content=\"summary_large_image\" \/>\n<meta name=\"twitter:label1\" content=\"Est. reading time\" \/>\n\t<meta name=\"twitter:data1\" content=\"2 minutes\" \/>\n<script type=\"application\/ld+json\" class=\"yoast-schema-graph\">{\"@context\":\"https:\/\/schema.org\",\"@graph\":[{\"@type\":\"WebPage\",\"@id\":\"https:\/\/www.he-arc.ch\/en\/he-arc-en\/sports-arts-studies-army\/\",\"url\":\"https:\/\/www.he-arc.ch\/en\/he-arc-en\/sports-arts-studies-army\/\",\"name\":\"Sports Arts Studies and the Army - Haute-Ecole Arc\",\"isPartOf\":{\"@id\":\"https:\/\/www.he-arc.ch\/en\/#website\"},\"primaryImageOfPage\":{\"@id\":\"https:\/\/www.he-arc.ch\/en\/he-arc-en\/sports-arts-studies-army\/#primaryimage\"},\"image\":{\"@id\":\"https:\/\/www.he-arc.ch\/en\/he-arc-en\/sports-arts-studies-army\/#primaryimage\"},\"thumbnailUrl\":\"https:\/\/www.he-arc.ch\/wp-content\/uploads\/2021\/11\/SportArtEtudes_StevenMacquat.jpg\",\"datePublished\":\"2021-09-02T10:02:52+00:00\",\"dateModified\":\"2025-04-03T07:42:09+00:00\",\"description\":\"La HE-Arc met en place des mesures favorisant l\u2019am\u00e9nagement des \u00e9tudes, notamment pour les sportif-ve-s d\u2019\u00e9lite.\",\"breadcrumb\":{\"@id\":\"https:\/\/www.he-arc.ch\/en\/he-arc-en\/sports-arts-studies-army\/#breadcrumb\"},\"inLanguage\":\"en-US\",\"potentialAction\":[{\"@type\":\"ReadAction\",\"target\":[\"https:\/\/www.he-arc.ch\/en\/he-arc-en\/sports-arts-studies-army\/\"]}]},{\"@type\":\"ImageObject\",\"inLanguage\":\"en-US\",\"@id\":\"https:\/\/www.he-arc.ch\/en\/he-arc-en\/sports-arts-studies-army\/#primaryimage\",\"url\":\"https:\/\/www.he-arc.ch\/wp-content\/uploads\/2021\/11\/SportArtEtudes_StevenMacquat.jpg\",\"contentUrl\":\"https:\/\/www.he-arc.ch\/wp-content\/uploads\/2021\/11\/SportArtEtudes_StevenMacquat.jpg\"},{\"@type\":\"BreadcrumbList\",\"@id\":\"https:\/\/www.he-arc.ch\/en\/he-arc-en\/sports-arts-studies-army\/#breadcrumb\",\"itemListElement\":[{\"@type\":\"ListItem\",\"position\":1,\"name\":\"Accueil\",\"item\":\"https:\/\/www.he-arc.ch\/en\/\"},{\"@type\":\"ListItem\",\"position\":2,\"name\":\"Sports Arts Studies and the Army\"}]},{\"@type\":\"WebSite\",\"@id\":\"https:\/\/www.he-arc.ch\/en\/#website\",\"url\":\"https:\/\/www.he-arc.ch\/en\/\",\"name\":\"Haute-Ecole Arc\",\"description\":\"Haute \u00e9cole sp\u00e9cialis\u00e9e Suisse. Gestion, Ing\u00e9nierie, Sant\u00e9, Conservation-\u200brestauration.\",\"publisher\":{\"@id\":\"https:\/\/www.he-arc.ch\/en\/#organization\"},\"potentialAction\":[{\"@type\":\"SearchAction\",\"target\":{\"@type\":\"EntryPoint\",\"urlTemplate\":\"https:\/\/www.he-arc.ch\/en\/?s={search_term_string}\"},\"query-input\":{\"@type\":\"PropertyValueSpecification\",\"valueRequired\":true,\"valueName\":\"search_term_string\"}}],\"inLanguage\":\"en-US\"},{\"@type\":\"Organization\",\"@id\":\"https:\/\/www.he-arc.ch\/en\/#organization\",\"name\":\"Haute Ecole Arc\",\"url\":\"https:\/\/www.he-arc.ch\/en\/\",\"logo\":{\"@type\":\"ImageObject\",\"inLanguage\":\"en-US\",\"@id\":\"https:\/\/www.he-arc.ch\/en\/#\/schema\/logo\/image\/\",\"url\":\"https:\/\/www.he-arc.ch\/wp-content\/uploads\/2022\/01\/logo-he-arc.svg\",\"contentUrl\":\"https:\/\/www.he-arc.ch\/wp-content\/uploads\/2022\/01\/logo-he-arc.svg\",\"width\":140,\"height\":42,\"caption\":\"Haute Ecole Arc\"},\"image\":{\"@id\":\"https:\/\/www.he-arc.ch\/en\/#\/schema\/logo\/image\/\"}}]}<\/script>\n<!-- \/ Yoast SEO plugin. -->","yoast_head_json":{"title":"Sports Arts Studies and the Army - Haute-Ecole Arc","description":"La HE-Arc met en place des mesures favorisant l\u2019am\u00e9nagement des \u00e9tudes, notamment pour les sportif-ve-s d\u2019\u00e9lite.","robots":{"index":"index","follow":"follow","max-snippet":"max-snippet:-1","max-image-preview":"max-image-preview:large","max-video-preview":"max-video-preview:-1"},"canonical":"https:\/\/www.he-arc.ch\/en\/he-arc-en\/sports-arts-studies-army\/","og_locale":"en_US","og_type":"article","og_title":"Sports Arts Studies and the Army - Haute-Ecole Arc","og_description":"La HE-Arc met en place des mesures favorisant l\u2019am\u00e9nagement des \u00e9tudes, notamment pour les sportif-ve-s d\u2019\u00e9lite.","og_url":"https:\/\/www.he-arc.ch\/en\/he-arc-en\/sports-arts-studies-army\/","og_site_name":"Haute-Ecole Arc","article_modified_time":"2025-04-03T07:42:09+00:00","og_image":[{"url":"https:\/\/www.he-arc.ch\/wp-content\/uploads\/2021\/11\/SportArtEtudes_StevenMacquat.jpg","type":"","width":"","height":""}],"twitter_card":"summary_large_image","twitter_misc":{"Est. reading time":"2 minutes"},"schema":{"@context":"https:\/\/schema.org","@graph":[{"@type":"WebPage","@id":"https:\/\/www.he-arc.ch\/en\/he-arc-en\/sports-arts-studies-army\/","url":"https:\/\/www.he-arc.ch\/en\/he-arc-en\/sports-arts-studies-army\/","name":"Sports Arts Studies and the Army - Haute-Ecole Arc","isPartOf":{"@id":"https:\/\/www.he-arc.ch\/en\/#website"},"primaryImageOfPage":{"@id":"https:\/\/www.he-arc.ch\/en\/he-arc-en\/sports-arts-studies-army\/#primaryimage"},"image":{"@id":"https:\/\/www.he-arc.ch\/en\/he-arc-en\/sports-arts-studies-army\/#primaryimage"},"thumbnailUrl":"https:\/\/www.he-arc.ch\/wp-content\/uploads\/2021\/11\/SportArtEtudes_StevenMacquat.jpg","datePublished":"2021-09-02T10:02:52+00:00","dateModified":"2025-04-03T07:42:09+00:00","description":"La HE-Arc met en place des mesures favorisant l\u2019am\u00e9nagement des \u00e9tudes, notamment pour les sportif-ve-s d\u2019\u00e9lite.","breadcrumb":{"@id":"https:\/\/www.he-arc.ch\/en\/he-arc-en\/sports-arts-studies-army\/#breadcrumb"},"inLanguage":"en-US","potentialAction":[{"@type":"ReadAction","target":["https:\/\/www.he-arc.ch\/en\/he-arc-en\/sports-arts-studies-army\/"]}]},{"@type":"ImageObject","inLanguage":"en-US","@id":"https:\/\/www.he-arc.ch\/en\/he-arc-en\/sports-arts-studies-army\/#primaryimage","url":"https:\/\/www.he-arc.ch\/wp-content\/uploads\/2021\/11\/SportArtEtudes_StevenMacquat.jpg","contentUrl":"https:\/\/www.he-arc.ch\/wp-content\/uploads\/2021\/11\/SportArtEtudes_StevenMacquat.jpg"},{"@type":"BreadcrumbList","@id":"https:\/\/www.he-arc.ch\/en\/he-arc-en\/sports-arts-studies-army\/#breadcrumb","itemListElement":[{"@type":"ListItem","position":1,"name":"Accueil","item":"https:\/\/www.he-arc.ch\/en\/"},{"@type":"ListItem","position":2,"name":"Sports Arts Studies and the Army"}]},{"@type":"WebSite","@id":"https:\/\/www.he-arc.ch\/en\/#website","url":"https:\/\/www.he-arc.ch\/en\/","name":"Haute-Ecole Arc","description":"Haute \u00e9cole sp\u00e9cialis\u00e9e Suisse. Gestion, Ing\u00e9nierie, Sant\u00e9, Conservation-\u200brestauration.","publisher":{"@id":"https:\/\/www.he-arc.ch\/en\/#organization"},"potentialAction":[{"@type":"SearchAction","target":{"@type":"EntryPoint","urlTemplate":"https:\/\/www.he-arc.ch\/en\/?s={search_term_string}"},"query-input":{"@type":"PropertyValueSpecification","valueRequired":true,"valueName":"search_term_string"}}],"inLanguage":"en-US"},{"@type":"Organization","@id":"https:\/\/www.he-arc.ch\/en\/#organization","name":"Haute Ecole Arc","url":"https:\/\/www.he-arc.ch\/en\/","logo":{"@type":"ImageObject","inLanguage":"en-US","@id":"https:\/\/www.he-arc.ch\/en\/#\/schema\/logo\/image\/","url":"https:\/\/www.he-arc.ch\/wp-content\/uploads\/2022\/01\/logo-he-arc.svg","contentUrl":"https:\/\/www.he-arc.ch\/wp-content\/uploads\/2022\/01\/logo-he-arc.svg","width":140,"height":42,"caption":"Haute Ecole Arc"},"image":{"@id":"https:\/\/www.he-arc.ch\/en\/#\/schema\/logo\/image\/"}}]}},"_links":{"self":[{"href":"https:\/\/www.he-arc.ch\/en\/wp-json\/wp\/v2\/pages\/37667","targetHints":{"allow":["GET"]}}],"collection":[{"href":"https:\/\/www.he-arc.ch\/en\/wp-json\/wp\/v2\/pages"}],"about":[{"href":"https:\/\/www.he-arc.ch\/en\/wp-json\/wp\/v2\/types\/page"}],"author":[{"embeddable":true,"href":"https:\/\/www.he-arc.ch\/en\/wp-json\/wp\/v2\/users\/13"}],"replies":[{"embeddable":true,"href":"https:\/\/www.he-arc.ch\/en\/wp-json\/wp\/v2\/comments?post=37667"}],"version-history":[{"count":25,"href":"https:\/\/www.he-arc.ch\/en\/wp-json\/wp\/v2\/pages\/37667\/revisions"}],"predecessor-version":[{"id":44787,"href":"https:\/\/www.he-arc.ch\/en\/wp-json\/wp\/v2\/pages\/37667\/revisions\/44787"}],"wp:attachment":[{"href":"https:\/\/www.he-arc.ch\/en\/wp-json\/wp\/v2\/media?parent=37667"}],"wp:term":[{"taxonomy":"he-arc_domain","embeddable":true,"href":"https:\/\/www.he-arc.ch\/en\/wp-json\/wp\/v2\/he-arc_domain?post=37667"}],"curies":[{"name":"wp","href":"https:\/\/api.w.org\/{rel}","templated":true}]}}