{"id":37688,"date":"2021-09-02T08:23:17","date_gmt":"2021-09-02T06:23:17","guid":{"rendered":"https:\/\/www.he-arc.ch\/?p=37688"},"modified":"2025-04-03T09:41:45","modified_gmt":"2025-04-03T07:41:45","slug":"accomodation","status":"publish","type":"page","link":"https:\/\/www.he-arc.ch\/en\/he-arc-en\/accomodation\/","title":{"rendered":"Accomodation"},"content":{"rendered":"<header class=\"hero-section is-simple page-max is-wide\">\n  <div class=\"hero\">\n    <div class=\"hero-nav page-max\">\n      \n  <div class=\"breadcrumb hidden-print\">\n    <div class=\"breadcrumb-house\"><img decoding=\"async\" src=\"https:\/\/www.he-arc.ch\/wp-content\/themes\/he-arc\/static\/images\/icon-house.svg\" loading=\"lazy\" alt=\"\" height=\"12\"><\/div>\n    <a href=\"https:\/\/www.he-arc.ch\/en\/\" class=\"breadcrumb-link\">HE-Arc<\/a>\n    <div class=\"breadcrumb-bullet\"><\/div>\n\n          <a href=\"\/\/\" class=\"breadcrumb-link\"><\/a>\n      <div class=\"breadcrumb-bullet\"><\/div>\n    \n    \n              \n    \n    \n    \n    <span class=\"breadcrumb-link is-active pointer-none\">Accomodation<\/span>\n  <\/div>\n\n          <\/div>\n    <div class=\"hero-row is-simple page-max\">\n      <div>\n        <span class=\"hero__overline display-block\"><\/span>\n        <h1 class=\"hero__title is-small\">Accomodation<\/h1>\n      <\/div>\n    <\/div>\n  <\/div>\n<\/header>\n\n\n<section class=\"page-section\">\n\n  <div class=\"page-menu--mobile is-shadowed--bold\">\n    <a href=\"#sidebar_contact\" class=\"btn-link border-none w-inline-block\">\n      <span class=\"btn-link__title is-goto\">Contact and Infos<\/span>\n    <\/a>\n  <\/div>\n\n  <div class=\"page-section__inner page-max\">\n\n    <div class=\"article__content is-with-aside\">\n\n      <div class=\"rich-text w-richtext\">\n                \n<div class=\"article__intro rich-text is-large w-richtext\">\n      <p>All campuses are located in the immediate vicinity of train stations. Students can therefore find accommodation relatively easily and at a reasonable cost in the Jura Arc. It is nevertheless advisable to find accommodation before the start of the academic year.<\/p>\n\n  <\/div>\n\n\n\n<figure class=\"wp-block-image size-full is-style-default\"><img decoding=\"async\" width=\"800\" height=\"533\" src=\"https:\/\/www.he-arc.ch\/wp-content\/uploads\/2021\/09\/LogementEtudiante.jpg\" alt=\"\" class=\"wp-image-2240\" srcset=\"https:\/\/www.he-arc.ch\/wp-content\/uploads\/2021\/09\/LogementEtudiante.jpg 800w, https:\/\/www.he-arc.ch\/wp-content\/uploads\/2021\/09\/LogementEtudiante-300x200.jpg 300w, https:\/\/www.he-arc.ch\/wp-content\/uploads\/2021\/09\/LogementEtudiante-768x512.jpg 768w\" sizes=\"(max-width: 800px) 100vw, 800px\" \/><\/figure>\n\n\n\n<h3 class=\"wp-block-heading\">The Jura Arc<\/h3>\n\n\n\n<p>The towns of Neuch\u00e2tel, Del\u00e9mont, St-Imier, La Chaux-de-Fonds and Le Locle all have their own specific assets, for example close to the lake or the mountains. They offer a very pleasant living and study environment, as well as, a rich and varied social life.<\/p>\n\n\n\n<h3 class=\"wp-block-heading\">Accomodation<\/h3>\n\n\n\n<p>The Haute Ecole Arc does not guarantee accommodation for its student population. Students tend to live in halls of residence, with local residents or in shared flats. On average, the budget for accommodation varies between 400 and 800 CHF per month. The following are different possibilities for finding a flat:<\/p>\n\n\n\n<div id=\"resource-card-block_60f7ccd480ed2\" class=\" link-list is-padded mt-3\">\n  <div class=\"link-list__title\">Possibilities of finding a flat<\/div>\n  <div class=\"col-count-2\">\n          <div class=\"link-list__item\">\n                  <a href=\"https:\/\/alfen.ch\/\" class=\"simple-link\" target='_blank'>\n            Alfen SA &#8211; Student housing in Neuch\u00e2tel\n          <\/a>\n              <\/div>\n          <div class=\"link-list__item\">\n                  <a href=\"https:\/\/www.anibis.ch\/fr\" class=\"simple-link\" target='_blank'>\n            Anibis &#8211; Classfieds\n          <\/a>\n              <\/div>\n          <div class=\"link-list__item\">\n                  <a href=\"https:\/\/www.ch.ch\/fr\/demenagement\/\" class=\"simple-link\" target='_blank'>\n            Moving Home &#8211; Formalities related to a move\n          <\/a>\n              <\/div>\n          <div class=\"link-list__item\">\n                  <a href=\"https:\/\/www.immoscout24.ch\/fr\" class=\"simple-link\" target='_blank'>\n            ImmoScout24 &#8211; Classfieds\n          <\/a>\n              <\/div>\n      <\/div>\n<\/div>\n\n\n\n<h3 class=\"wp-block-heading\">Administrative procedures<\/h3>\n\n\n\n<p>When signing a rental agreement, be aware of the termination deadlines, subletting and the rental guarantees requested. Be particularly careful of offers that are too tempting before paying a deposit. A visit to the premises is highly recommended.<\/p>\n\n\n\n<p>In any case, find out about the conditions for taking out household and\/or third-party insurance.<\/p>\n\n\n\n<p>When you move to a new canton or a new commune, you must register with the residents&#8217; registration office.<\/p>\n\n\n            <\/div>\n\n    <\/div>\n\n    <div class=\"article__aside w-100p\" id=\"sidebar_contact\">\n\n  <aside class=\"page-section__aside\">\n      <nav class=\"page-menu hidden-print is-shadowed--bold mt-1  w-list-unstyled\" aria-label=\"Raccourcis sur la page\">\n        <span class=\"page-menu__heading mt-0\">Students support<\/span>\n                    \n            <a href=\"https:\/\/www.he-arc.ch\/en\/he-arc-en\/libraries\/\"  class=\"btn-link  is-with-arrow \">\n        <span class=\"simple-link no-decoration\">Library<\/span>\n      <\/a>\n                      \n            <a href=\"https:\/\/www.he-arc.ch\/en\/he-arc-en\/scholarships\/\"  class=\"btn-link  is-with-arrow \">\n        <span class=\"simple-link no-decoration\">Scolarships<\/span>\n      <\/a>\n                      \n            <a href=\"https:\/\/www.he-arc.ch\/en\/he-arc-en\/listening-space\/\"  class=\"btn-link  is-with-arrow \">\n        <span class=\"simple-link no-decoration\">Listening space<\/span>\n      <\/a>\n                      \n            <a href=\"https:\/\/www.he-arc.ch\/en\/he-arc-en\/sports-arts-studies-army\/\"  class=\"btn-link  is-with-arrow \">\n        <span class=\"simple-link no-decoration\">Sports Arts Studies and Army<\/span>\n      <\/a>\n                      \n            <a href=\"https:\/\/www.he-arc.ch\/en\/he-arc-en\/accomodation\/\"  class=\"btn-link is-current is-with-arrow \">\n        <span class=\"simple-link no-decoration\">Accomodation<\/span>\n      <\/a>\n                      \n            <a href=\"https:\/\/www.he-arc.ch\/en\/he-arc-en\/students-associations\/\"  class=\"btn-link  is-with-arrow \">\n        <span class=\"simple-link no-decoration\">Students associations<\/span>\n      <\/a>\n                      \n            <a href=\"https:\/\/www.he-arc.ch\/en\/he-arc-en\/it-service\/\"  class=\"btn-link  is-with-arrow border-none\">\n        <span class=\"simple-link no-decoration\">IT Service<\/span>\n      <\/a>\n            <\/nav>\n  <\/aside>\n\n  <\/div>\n\n  <\/div>\n<\/section>\n","protected":false},"excerpt":{"rendered":"","protected":false},"author":13,"featured_media":0,"parent":0,"menu_order":252,"comment_status":"closed","ping_status":"closed","template":"","meta":{"_acf_changed":false,"footnotes":""},"he-arc_domain":[154],"class_list":["post-37688","page","type-page","status-publish","hentry","he-arc_domain-he-arc-en"],"acf":[],"yoast_head":"<!-- This site is optimized with the Yoast SEO plugin v26.6 - https:\/\/yoast.com\/wordpress\/plugins\/seo\/ -->\n<title>Accomodation - Haute-Ecole Arc<\/title>\n<meta name=\"description\" content=\"Information sur les possibilit\u00e9s de logement proche des Campus de la HE-Arc\" \/>\n<meta name=\"robots\" content=\"index, follow, max-snippet:-1, max-image-preview:large, max-video-preview:-1\" \/>\n<link rel=\"canonical\" href=\"https:\/\/www.he-arc.ch\/en\/he-arc-en\/accomodation\/\" \/>\n<meta property=\"og:locale\" content=\"en_US\" \/>\n<meta property=\"og:type\" content=\"article\" \/>\n<meta property=\"og:title\" content=\"Accomodation - Haute-Ecole Arc\" \/>\n<meta property=\"og:description\" content=\"Information sur les possibilit\u00e9s de logement proche des Campus de la HE-Arc\" \/>\n<meta property=\"og:url\" content=\"https:\/\/www.he-arc.ch\/en\/he-arc-en\/accomodation\/\" \/>\n<meta property=\"og:site_name\" content=\"Haute-Ecole Arc\" \/>\n<meta property=\"article:modified_time\" content=\"2025-04-03T07:41:45+00:00\" \/>\n<meta property=\"og:image\" content=\"https:\/\/www.he-arc.ch\/wp-content\/uploads\/2021\/09\/LogementEtudiante.jpg\" \/>\n<meta name=\"twitter:card\" content=\"summary_large_image\" \/>\n<meta name=\"twitter:label1\" content=\"Est. reading time\" \/>\n\t<meta name=\"twitter:data1\" content=\"2 minutes\" \/>\n<script type=\"application\/ld+json\" class=\"yoast-schema-graph\">{\"@context\":\"https:\/\/schema.org\",\"@graph\":[{\"@type\":\"WebPage\",\"@id\":\"https:\/\/www.he-arc.ch\/en\/he-arc-en\/accomodation\/\",\"url\":\"https:\/\/www.he-arc.ch\/en\/he-arc-en\/accomodation\/\",\"name\":\"Accomodation - Haute-Ecole Arc\",\"isPartOf\":{\"@id\":\"https:\/\/www.he-arc.ch\/en\/#website\"},\"primaryImageOfPage\":{\"@id\":\"https:\/\/www.he-arc.ch\/en\/he-arc-en\/accomodation\/#primaryimage\"},\"image\":{\"@id\":\"https:\/\/www.he-arc.ch\/en\/he-arc-en\/accomodation\/#primaryimage\"},\"thumbnailUrl\":\"https:\/\/www.he-arc.ch\/wp-content\/uploads\/2021\/09\/LogementEtudiante.jpg\",\"datePublished\":\"2021-09-02T06:23:17+00:00\",\"dateModified\":\"2025-04-03T07:41:45+00:00\",\"description\":\"Information sur les possibilit\u00e9s de logement proche des Campus de la HE-Arc\",\"breadcrumb\":{\"@id\":\"https:\/\/www.he-arc.ch\/en\/he-arc-en\/accomodation\/#breadcrumb\"},\"inLanguage\":\"en-US\",\"potentialAction\":[{\"@type\":\"ReadAction\",\"target\":[\"https:\/\/www.he-arc.ch\/en\/he-arc-en\/accomodation\/\"]}]},{\"@type\":\"ImageObject\",\"inLanguage\":\"en-US\",\"@id\":\"https:\/\/www.he-arc.ch\/en\/he-arc-en\/accomodation\/#primaryimage\",\"url\":\"https:\/\/www.he-arc.ch\/wp-content\/uploads\/2021\/09\/LogementEtudiante.jpg\",\"contentUrl\":\"https:\/\/www.he-arc.ch\/wp-content\/uploads\/2021\/09\/LogementEtudiante.jpg\"},{\"@type\":\"BreadcrumbList\",\"@id\":\"https:\/\/www.he-arc.ch\/en\/he-arc-en\/accomodation\/#breadcrumb\",\"itemListElement\":[{\"@type\":\"ListItem\",\"position\":1,\"name\":\"Accueil\",\"item\":\"https:\/\/www.he-arc.ch\/en\/\"},{\"@type\":\"ListItem\",\"position\":2,\"name\":\"Accomodation\"}]},{\"@type\":\"WebSite\",\"@id\":\"https:\/\/www.he-arc.ch\/en\/#website\",\"url\":\"https:\/\/www.he-arc.ch\/en\/\",\"name\":\"Haute-Ecole Arc\",\"description\":\"Haute \u00e9cole sp\u00e9cialis\u00e9e Suisse. Gestion, Ing\u00e9nierie, Sant\u00e9, Conservation-\u200brestauration.\",\"publisher\":{\"@id\":\"https:\/\/www.he-arc.ch\/en\/#organization\"},\"potentialAction\":[{\"@type\":\"SearchAction\",\"target\":{\"@type\":\"EntryPoint\",\"urlTemplate\":\"https:\/\/www.he-arc.ch\/en\/?s={search_term_string}\"},\"query-input\":{\"@type\":\"PropertyValueSpecification\",\"valueRequired\":true,\"valueName\":\"search_term_string\"}}],\"inLanguage\":\"en-US\"},{\"@type\":\"Organization\",\"@id\":\"https:\/\/www.he-arc.ch\/en\/#organization\",\"name\":\"Haute Ecole Arc\",\"url\":\"https:\/\/www.he-arc.ch\/en\/\",\"logo\":{\"@type\":\"ImageObject\",\"inLanguage\":\"en-US\",\"@id\":\"https:\/\/www.he-arc.ch\/en\/#\/schema\/logo\/image\/\",\"url\":\"https:\/\/www.he-arc.ch\/wp-content\/uploads\/2022\/01\/logo-he-arc.svg\",\"contentUrl\":\"https:\/\/www.he-arc.ch\/wp-content\/uploads\/2022\/01\/logo-he-arc.svg\",\"width\":140,\"height\":42,\"caption\":\"Haute Ecole Arc\"},\"image\":{\"@id\":\"https:\/\/www.he-arc.ch\/en\/#\/schema\/logo\/image\/\"}}]}<\/script>\n<!-- \/ Yoast SEO plugin. -->","yoast_head_json":{"title":"Accomodation - Haute-Ecole Arc","description":"Information sur les possibilit\u00e9s de logement proche des Campus de la HE-Arc","robots":{"index":"index","follow":"follow","max-snippet":"max-snippet:-1","max-image-preview":"max-image-preview:large","max-video-preview":"max-video-preview:-1"},"canonical":"https:\/\/www.he-arc.ch\/en\/he-arc-en\/accomodation\/","og_locale":"en_US","og_type":"article","og_title":"Accomodation - Haute-Ecole Arc","og_description":"Information sur les possibilit\u00e9s de logement proche des Campus de la HE-Arc","og_url":"https:\/\/www.he-arc.ch\/en\/he-arc-en\/accomodation\/","og_site_name":"Haute-Ecole Arc","article_modified_time":"2025-04-03T07:41:45+00:00","og_image":[{"url":"https:\/\/www.he-arc.ch\/wp-content\/uploads\/2021\/09\/LogementEtudiante.jpg","type":"","width":"","height":""}],"twitter_card":"summary_large_image","twitter_misc":{"Est. reading time":"2 minutes"},"schema":{"@context":"https:\/\/schema.org","@graph":[{"@type":"WebPage","@id":"https:\/\/www.he-arc.ch\/en\/he-arc-en\/accomodation\/","url":"https:\/\/www.he-arc.ch\/en\/he-arc-en\/accomodation\/","name":"Accomodation - Haute-Ecole Arc","isPartOf":{"@id":"https:\/\/www.he-arc.ch\/en\/#website"},"primaryImageOfPage":{"@id":"https:\/\/www.he-arc.ch\/en\/he-arc-en\/accomodation\/#primaryimage"},"image":{"@id":"https:\/\/www.he-arc.ch\/en\/he-arc-en\/accomodation\/#primaryimage"},"thumbnailUrl":"https:\/\/www.he-arc.ch\/wp-content\/uploads\/2021\/09\/LogementEtudiante.jpg","datePublished":"2021-09-02T06:23:17+00:00","dateModified":"2025-04-03T07:41:45+00:00","description":"Information sur les possibilit\u00e9s de logement proche des Campus de la HE-Arc","breadcrumb":{"@id":"https:\/\/www.he-arc.ch\/en\/he-arc-en\/accomodation\/#breadcrumb"},"inLanguage":"en-US","potentialAction":[{"@type":"ReadAction","target":["https:\/\/www.he-arc.ch\/en\/he-arc-en\/accomodation\/"]}]},{"@type":"ImageObject","inLanguage":"en-US","@id":"https:\/\/www.he-arc.ch\/en\/he-arc-en\/accomodation\/#primaryimage","url":"https:\/\/www.he-arc.ch\/wp-content\/uploads\/2021\/09\/LogementEtudiante.jpg","contentUrl":"https:\/\/www.he-arc.ch\/wp-content\/uploads\/2021\/09\/LogementEtudiante.jpg"},{"@type":"BreadcrumbList","@id":"https:\/\/www.he-arc.ch\/en\/he-arc-en\/accomodation\/#breadcrumb","itemListElement":[{"@type":"ListItem","position":1,"name":"Accueil","item":"https:\/\/www.he-arc.ch\/en\/"},{"@type":"ListItem","position":2,"name":"Accomodation"}]},{"@type":"WebSite","@id":"https:\/\/www.he-arc.ch\/en\/#website","url":"https:\/\/www.he-arc.ch\/en\/","name":"Haute-Ecole Arc","description":"Haute \u00e9cole sp\u00e9cialis\u00e9e Suisse. Gestion, Ing\u00e9nierie, Sant\u00e9, Conservation-\u200brestauration.","publisher":{"@id":"https:\/\/www.he-arc.ch\/en\/#organization"},"potentialAction":[{"@type":"SearchAction","target":{"@type":"EntryPoint","urlTemplate":"https:\/\/www.he-arc.ch\/en\/?s={search_term_string}"},"query-input":{"@type":"PropertyValueSpecification","valueRequired":true,"valueName":"search_term_string"}}],"inLanguage":"en-US"},{"@type":"Organization","@id":"https:\/\/www.he-arc.ch\/en\/#organization","name":"Haute Ecole Arc","url":"https:\/\/www.he-arc.ch\/en\/","logo":{"@type":"ImageObject","inLanguage":"en-US","@id":"https:\/\/www.he-arc.ch\/en\/#\/schema\/logo\/image\/","url":"https:\/\/www.he-arc.ch\/wp-content\/uploads\/2022\/01\/logo-he-arc.svg","contentUrl":"https:\/\/www.he-arc.ch\/wp-content\/uploads\/2022\/01\/logo-he-arc.svg","width":140,"height":42,"caption":"Haute Ecole Arc"},"image":{"@id":"https:\/\/www.he-arc.ch\/en\/#\/schema\/logo\/image\/"}}]}},"_links":{"self":[{"href":"https:\/\/www.he-arc.ch\/en\/wp-json\/wp\/v2\/pages\/37688","targetHints":{"allow":["GET"]}}],"collection":[{"href":"https:\/\/www.he-arc.ch\/en\/wp-json\/wp\/v2\/pages"}],"about":[{"href":"https:\/\/www.he-arc.ch\/en\/wp-json\/wp\/v2\/types\/page"}],"author":[{"embeddable":true,"href":"https:\/\/www.he-arc.ch\/en\/wp-json\/wp\/v2\/users\/13"}],"replies":[{"embeddable":true,"href":"https:\/\/www.he-arc.ch\/en\/wp-json\/wp\/v2\/comments?post=37688"}],"version-history":[{"count":11,"href":"https:\/\/www.he-arc.ch\/en\/wp-json\/wp\/v2\/pages\/37688\/revisions"}],"predecessor-version":[{"id":37728,"href":"https:\/\/www.he-arc.ch\/en\/wp-json\/wp\/v2\/pages\/37688\/revisions\/37728"}],"wp:attachment":[{"href":"https:\/\/www.he-arc.ch\/en\/wp-json\/wp\/v2\/media?parent=37688"}],"wp:term":[{"taxonomy":"he-arc_domain","embeddable":true,"href":"https:\/\/www.he-arc.ch\/en\/wp-json\/wp\/v2\/he-arc_domain?post=37688"}],"curies":[{"name":"wp","href":"https:\/\/api.w.org\/{rel}","templated":true}]}}