{"id":37703,"date":"2021-09-02T10:32:12","date_gmt":"2021-09-02T08:32:12","guid":{"rendered":"https:\/\/www.he-arc.ch\/?p=37703"},"modified":"2025-04-03T09:40:34","modified_gmt":"2025-04-03T07:40:34","slug":"students-associations","status":"publish","type":"page","link":"https:\/\/www.he-arc.ch\/en\/he-arc-en\/students-associations\/","title":{"rendered":"Students&#8217; Associations"},"content":{"rendered":"<header class=\"hero-section is-simple page-max is-wide\">\n  <div class=\"hero\">\n    <div class=\"hero-nav page-max\">\n      \n  <div class=\"breadcrumb hidden-print\">\n    <div class=\"breadcrumb-house\"><img decoding=\"async\" src=\"https:\/\/www.he-arc.ch\/wp-content\/themes\/he-arc\/static\/images\/icon-house.svg\" loading=\"lazy\" alt=\"\" height=\"12\"><\/div>\n    <a href=\"https:\/\/www.he-arc.ch\/en\/\" class=\"breadcrumb-link\">HE-Arc<\/a>\n    <div class=\"breadcrumb-bullet\"><\/div>\n\n          <a href=\"\/\/\" class=\"breadcrumb-link\"><\/a>\n      <div class=\"breadcrumb-bullet\"><\/div>\n    \n    \n              \n    \n    \n    \n    <span class=\"breadcrumb-link is-active pointer-none\">Students&#8217; Associations<\/span>\n  <\/div>\n\n          <\/div>\n    <div class=\"hero-row is-simple page-max\">\n      <div>\n        <span class=\"hero__overline display-block\"><\/span>\n        <h1 class=\"hero__title is-small\">Students&#8217; Associations<\/h1>\n      <\/div>\n    <\/div>\n  <\/div>\n<\/header>\n\n\n<section class=\"page-section\">\n\n  <div class=\"page-menu--mobile is-shadowed--bold\">\n    <a href=\"#sidebar_contact\" class=\"btn-link border-none w-inline-block\">\n      <span class=\"btn-link__title is-goto\">Contact and Infos<\/span>\n    <\/a>\n  <\/div>\n\n  <div class=\"page-section__inner page-max\">\n\n    <div class=\"article__content is-with-aside\">\n\n      <div class=\"rich-text w-richtext\">\n                \n<div class=\"article__intro rich-text is-large w-richtext\">\n      <p>Various associations and organisations support students during their years at the HE-Arc and alumni in their professional activities. They work to offer students various activities throughout the year, to keep in touch with former students and to create a network during their years of study all while anticipating the future!<\/p>\n\n  <\/div>\n\n\n\n<figure class=\"wp-block-image size-large is-style-default\"><img decoding=\"async\" width=\"1024\" height=\"609\" src=\"https:\/\/www.he-arc.ch\/wp-content\/uploads\/2021\/09\/AssociationsDetudiants-1024x609.jpg\" alt=\"\" class=\"wp-image-2287\" srcset=\"https:\/\/www.he-arc.ch\/wp-content\/uploads\/2021\/09\/AssociationsDetudiants-1024x609.jpg 1024w, https:\/\/www.he-arc.ch\/wp-content\/uploads\/2021\/09\/AssociationsDetudiants-300x178.jpg 300w, https:\/\/www.he-arc.ch\/wp-content\/uploads\/2021\/09\/AssociationsDetudiants-768x456.jpg 768w, https:\/\/www.he-arc.ch\/wp-content\/uploads\/2021\/09\/AssociationsDetudiants-1536x913.jpg 1536w, https:\/\/www.he-arc.ch\/wp-content\/uploads\/2021\/09\/AssociationsDetudiants-2048x1217.jpg 2048w\" sizes=\"(max-width: 1024px) 100vw, 1024px\" \/><\/figure>\n\n\n\n<h2 class=\"wp-block-heading\" id=\"title1\">Students associations<\/h2>\n\n\n\n<div class=\"cta-cards is-contained \">\n\n  \n  \n    \n\t      <ul class=\"flex-row mt-3 w-list-unstyled\">\n              <li class=\"size-1-2 size-full-mobile\">\n  \n    <a href=\"https:\/\/www.facebook.com\/bde.hearc\"  class=\"cta-card is-shadowed \">\n  \n        \n    <div class=\"cta-card__inner is-with-arrow\">\n            <div class=\"cta-card__overline\">HE-Arc Student Association<\/div>\n            <h3 class=\"cta-card__title pretty-underline is-large\">Bureau des \u00e9tudiants (BDE)<\/h3>\n      <p class=\"cta-card__description\">This association contributes to student life by organising events such as conferences, afterwork parties, student get-togethers, company visits and sports events.<\/p>\n              <span class=\"icon-arrow-right cta-card__arrow\" \/>\n          <\/div>\n    <\/a>\n  <\/li>\n              <li class=\"size-1-2 size-full-mobile\">\n  \n    <a href=\"http:\/\/net-arc.ch\/\"  class=\"cta-card is-shadowed \">\n  \n        \n    <div class=\"cta-card__inner is-with-arrow\">\n            <div class=\"cta-card__overline\">Association of HEG and ESCEA graduates<\/div>\n            <h3 class=\"cta-card__title pretty-underline is-large\">Net-Arc<\/h3>\n      <p class=\"cta-card__description\">Net-Arc aims to foster professional relations and friendly exchanges between its members, in order to create a true network throughout the Jura Arc.<\/p>\n              <span class=\"icon-arrow-right cta-card__arrow\" \/>\n          <\/div>\n    <\/a>\n  <\/li>\n          <\/ul>\n\n    \n  \n    \n\t      <ul class=\"flex-row  w-list-unstyled\">\n              <li class=\"size-1-2 size-full-mobile\">\n  \n    <a href=\"https:\/\/jeune-consulting.ch\/\"  class=\"cta-card is-shadowed \">\n  \n        \n    <div class=\"cta-card__inner is-with-arrow\">\n            <h3 class=\"cta-card__title pretty-underline is-large\">Jeune Consulting<\/h3>\n      <p class=\"cta-card__description\">Jeune Consulting allows students to put their theoretical knowledge into practice by carrying out projects for professionals or individuals, in return for payment.<\/p>\n              <span class=\"icon-arrow-right cta-card__arrow\" \/>\n          <\/div>\n    <\/a>\n  <\/li>\n              <li class=\"size-1-2 size-full-mobile\">\n  \n    <a href=\"http:\/\/www.apogee-alumni.ch\"  class=\"cta-card is-shadowed \">\n  \n        \n    <div class=\"cta-card__inner is-with-arrow\">\n            <div class=\"cta-card__overline\">Alumni association<\/div>\n            <h3 class=\"cta-card__title pretty-underline is-large\">Apog\u00e9e<\/h3>\n      <p class=\"cta-card__description\">Non-profit association of graduates of the Executive Master of Business Administration (EMBA) of the HEG Arc and HEIG-VD, Master of Advanced Studies (MAS) and postgraduate HES in business management.<\/p>\n              <span class=\"icon-arrow-right cta-card__arrow\" \/>\n          <\/div>\n    <\/a>\n  <\/li>\n          <\/ul>\n\n    \n  \n    \n\t      <ul class=\"flex-row  w-list-unstyled\">\n              <li class=\"size-1-2 size-full-mobile\">\n  \n    <a href=\"https:\/\/www.seeci.ch\/fr\/\"  class=\"cta-card is-shadowed \">\n  \n        \n    <div class=\"cta-card__inner is-with-arrow\">\n            <div class=\"cta-card__overline\">Swiss Association of Experts in the Fight against Economic Crime<\/div>\n            <h3 class=\"cta-card__title pretty-underline is-large\">ASECE<\/h3>\n      <p class=\"cta-card__description\">ASECE brings together specialists from the public and private sectors (trustees, consultants, banks, asset managers, lawyers, police officers, judges, etc.) with extensive experience in the fight against economic crime.<\/p>\n              <span class=\"icon-arrow-right cta-card__arrow\" \/>\n          <\/div>\n    <\/a>\n  <\/li>\n              <li class=\"size-1-2 size-full-mobile\">\n  \n    <a href=\"https:\/\/www.facebook.com\/ArcHorlo\/\"  class=\"cta-card is-shadowed \">\n  \n        \n    <div class=\"cta-card__inner is-with-arrow\">\n            <h3 class=\"cta-card__title pretty-underline is-large\">Arc Horlo<\/h3>\n      <p class=\"cta-card__description\">Arc Horlo is a club of watchmaking enthusiasts. It is composed of students in engineering, product design and watchmaking, as well as, others in conservation-restoration. All attend the Haute Ecole Arc in Neuch\u00e2tel.<\/p>\n              <span class=\"icon-arrow-right cta-card__arrow\" \/>\n          <\/div>\n    <\/a>\n  <\/li>\n          <\/ul>\n\n    \n  \n    \n\t      <ul class=\"flex-row  w-list-unstyled\">\n              <li class=\"size-1-2 size-full-mobile\">\n  \n    <a href=\"https:\/\/www.he-arc.ch\/wp-content\/uploads\/2024\/03\/ALUMNI-CAS-FiscaPME_10.04.2024.pdf\" target='_blank' class=\"cta-card is-shadowed \">\n  \n        \n    <div class=\"cta-card__inner is-with-arrow\">\n            <h3 class=\"cta-card__title pretty-underline is-large\">ALUMNI CAS en Fiscalit\u00e9 des PME <\/h3>\n      <p class=\"cta-card__description\">This non-profit association brings together graduates of the HES-SO postgraduate course &#8220;CAS in Fiscality for SMEs&#8221;. Its members include specialists from various fields of activity (lawyers, notaries, fiduciaries, bankers, financial advisors, etc.) who are active in SME tax consulting.<\/p>\n              <span class=\"icon-arrow-right cta-card__arrow\" \/>\n          <\/div>\n    <\/a>\n  <\/li>\n          <\/ul>\n\n    \n  \n<\/div>\n\n\n            <\/div>\n\n    <\/div>\n\n    <div class=\"article__aside w-100p\" id=\"sidebar_contact\">\n\n  <aside class=\"page-section__aside\">\n      <nav class=\"page-menu hidden-print is-shadowed--bold mt-1  w-list-unstyled\" aria-label=\"Raccourcis sur la page\">\n        <span class=\"page-menu__heading mt-0\">Students support<\/span>\n                    \n            <a href=\"https:\/\/www.he-arc.ch\/en\/he-arc-en\/libraries\/\"  class=\"btn-link  is-with-arrow \">\n        <span class=\"simple-link no-decoration\">Library<\/span>\n      <\/a>\n                      \n            <a href=\"https:\/\/www.he-arc.ch\/en\/he-arc-en\/scholarships\/\"  class=\"btn-link  is-with-arrow \">\n        <span class=\"simple-link no-decoration\">Scolarships<\/span>\n      <\/a>\n                      \n            <a href=\"https:\/\/www.he-arc.ch\/en\/he-arc-en\/listening-space\/\"  class=\"btn-link  is-with-arrow \">\n        <span class=\"simple-link no-decoration\">Listening space<\/span>\n      <\/a>\n                      \n            <a href=\"https:\/\/www.he-arc.ch\/en\/he-arc-en\/sports-arts-studies-army\/\"  class=\"btn-link  is-with-arrow \">\n        <span class=\"simple-link no-decoration\">Sports Arts Studies and Army<\/span>\n      <\/a>\n                      \n            <a href=\"https:\/\/www.he-arc.ch\/en\/he-arc-en\/accomodation\/\"  class=\"btn-link  is-with-arrow \">\n        <span class=\"simple-link no-decoration\">Accomodation<\/span>\n      <\/a>\n                      \n            <a href=\"https:\/\/www.he-arc.ch\/en\/he-arc-en\/students-associations\/\"  class=\"btn-link is-current is-with-arrow \">\n        <span class=\"simple-link no-decoration\">Students associations<\/span>\n      <\/a>\n                      \n            <a href=\"https:\/\/www.he-arc.ch\/en\/he-arc-en\/it-service\/\"  class=\"btn-link  is-with-arrow border-none\">\n        <span class=\"simple-link no-decoration\">IT Service<\/span>\n      <\/a>\n            <\/nav>\n  <\/aside>\n\n  <\/div>\n\n  <\/div>\n<\/section>\n","protected":false},"excerpt":{"rendered":"","protected":false},"author":13,"featured_media":0,"parent":0,"menu_order":121,"comment_status":"closed","ping_status":"closed","template":"","meta":{"_acf_changed":false,"footnotes":""},"he-arc_domain":[154],"class_list":["post-37703","page","type-page","status-publish","hentry","he-arc_domain-he-arc-en"],"acf":[],"yoast_head":"<!-- This site is optimized with the Yoast SEO plugin v26.6 - https:\/\/yoast.com\/wordpress\/plugins\/seo\/ -->\n<title>Students&#039; Associations - Haute-Ecole Arc<\/title>\n<meta name=\"robots\" content=\"index, follow, max-snippet:-1, max-image-preview:large, max-video-preview:-1\" \/>\n<link rel=\"canonical\" href=\"https:\/\/www.he-arc.ch\/en\/he-arc-en\/students-associations\/\" \/>\n<meta property=\"og:locale\" content=\"en_US\" \/>\n<meta property=\"og:type\" content=\"article\" \/>\n<meta property=\"og:title\" content=\"Students&#039; Associations - Haute-Ecole Arc\" \/>\n<meta property=\"og:url\" content=\"https:\/\/www.he-arc.ch\/en\/he-arc-en\/students-associations\/\" \/>\n<meta property=\"og:site_name\" content=\"Haute-Ecole Arc\" \/>\n<meta property=\"article:modified_time\" content=\"2025-04-03T07:40:34+00:00\" \/>\n<meta property=\"og:image\" content=\"https:\/\/www.he-arc.ch\/wp-content\/uploads\/2021\/09\/AssociationsDetudiants-1024x609.jpg\" \/>\n<meta name=\"twitter:card\" content=\"summary_large_image\" \/>\n<meta name=\"twitter:label1\" content=\"Est. reading time\" \/>\n\t<meta name=\"twitter:data1\" content=\"1 minute\" \/>\n<script type=\"application\/ld+json\" class=\"yoast-schema-graph\">{\"@context\":\"https:\/\/schema.org\",\"@graph\":[{\"@type\":\"WebPage\",\"@id\":\"https:\/\/www.he-arc.ch\/en\/he-arc-en\/students-associations\/\",\"url\":\"https:\/\/www.he-arc.ch\/en\/he-arc-en\/students-associations\/\",\"name\":\"Students' Associations - Haute-Ecole Arc\",\"isPartOf\":{\"@id\":\"https:\/\/www.he-arc.ch\/en\/#website\"},\"primaryImageOfPage\":{\"@id\":\"https:\/\/www.he-arc.ch\/en\/he-arc-en\/students-associations\/#primaryimage\"},\"image\":{\"@id\":\"https:\/\/www.he-arc.ch\/en\/he-arc-en\/students-associations\/#primaryimage\"},\"thumbnailUrl\":\"https:\/\/www.he-arc.ch\/wp-content\/uploads\/2021\/09\/AssociationsDetudiants-1024x609.jpg\",\"datePublished\":\"2021-09-02T08:32:12+00:00\",\"dateModified\":\"2025-04-03T07:40:34+00:00\",\"breadcrumb\":{\"@id\":\"https:\/\/www.he-arc.ch\/en\/he-arc-en\/students-associations\/#breadcrumb\"},\"inLanguage\":\"en-US\",\"potentialAction\":[{\"@type\":\"ReadAction\",\"target\":[\"https:\/\/www.he-arc.ch\/en\/he-arc-en\/students-associations\/\"]}]},{\"@type\":\"ImageObject\",\"inLanguage\":\"en-US\",\"@id\":\"https:\/\/www.he-arc.ch\/en\/he-arc-en\/students-associations\/#primaryimage\",\"url\":\"https:\/\/www.he-arc.ch\/wp-content\/uploads\/2021\/09\/AssociationsDetudiants-1024x609.jpg\",\"contentUrl\":\"https:\/\/www.he-arc.ch\/wp-content\/uploads\/2021\/09\/AssociationsDetudiants-1024x609.jpg\"},{\"@type\":\"BreadcrumbList\",\"@id\":\"https:\/\/www.he-arc.ch\/en\/he-arc-en\/students-associations\/#breadcrumb\",\"itemListElement\":[{\"@type\":\"ListItem\",\"position\":1,\"name\":\"Accueil\",\"item\":\"https:\/\/www.he-arc.ch\/en\/\"},{\"@type\":\"ListItem\",\"position\":2,\"name\":\"Students&rsquo; Associations\"}]},{\"@type\":\"WebSite\",\"@id\":\"https:\/\/www.he-arc.ch\/en\/#website\",\"url\":\"https:\/\/www.he-arc.ch\/en\/\",\"name\":\"Haute-Ecole Arc\",\"description\":\"Haute \u00e9cole sp\u00e9cialis\u00e9e Suisse. Gestion, Ing\u00e9nierie, Sant\u00e9, Conservation-\u200brestauration.\",\"publisher\":{\"@id\":\"https:\/\/www.he-arc.ch\/en\/#organization\"},\"potentialAction\":[{\"@type\":\"SearchAction\",\"target\":{\"@type\":\"EntryPoint\",\"urlTemplate\":\"https:\/\/www.he-arc.ch\/en\/?s={search_term_string}\"},\"query-input\":{\"@type\":\"PropertyValueSpecification\",\"valueRequired\":true,\"valueName\":\"search_term_string\"}}],\"inLanguage\":\"en-US\"},{\"@type\":\"Organization\",\"@id\":\"https:\/\/www.he-arc.ch\/en\/#organization\",\"name\":\"Haute Ecole Arc\",\"url\":\"https:\/\/www.he-arc.ch\/en\/\",\"logo\":{\"@type\":\"ImageObject\",\"inLanguage\":\"en-US\",\"@id\":\"https:\/\/www.he-arc.ch\/en\/#\/schema\/logo\/image\/\",\"url\":\"https:\/\/www.he-arc.ch\/wp-content\/uploads\/2022\/01\/logo-he-arc.svg\",\"contentUrl\":\"https:\/\/www.he-arc.ch\/wp-content\/uploads\/2022\/01\/logo-he-arc.svg\",\"width\":140,\"height\":42,\"caption\":\"Haute Ecole Arc\"},\"image\":{\"@id\":\"https:\/\/www.he-arc.ch\/en\/#\/schema\/logo\/image\/\"}}]}<\/script>\n<!-- \/ Yoast SEO plugin. -->","yoast_head_json":{"title":"Students' Associations - Haute-Ecole Arc","robots":{"index":"index","follow":"follow","max-snippet":"max-snippet:-1","max-image-preview":"max-image-preview:large","max-video-preview":"max-video-preview:-1"},"canonical":"https:\/\/www.he-arc.ch\/en\/he-arc-en\/students-associations\/","og_locale":"en_US","og_type":"article","og_title":"Students' Associations - Haute-Ecole Arc","og_url":"https:\/\/www.he-arc.ch\/en\/he-arc-en\/students-associations\/","og_site_name":"Haute-Ecole Arc","article_modified_time":"2025-04-03T07:40:34+00:00","og_image":[{"url":"https:\/\/www.he-arc.ch\/wp-content\/uploads\/2021\/09\/AssociationsDetudiants-1024x609.jpg","type":"","width":"","height":""}],"twitter_card":"summary_large_image","twitter_misc":{"Est. reading time":"1 minute"},"schema":{"@context":"https:\/\/schema.org","@graph":[{"@type":"WebPage","@id":"https:\/\/www.he-arc.ch\/en\/he-arc-en\/students-associations\/","url":"https:\/\/www.he-arc.ch\/en\/he-arc-en\/students-associations\/","name":"Students' Associations - Haute-Ecole Arc","isPartOf":{"@id":"https:\/\/www.he-arc.ch\/en\/#website"},"primaryImageOfPage":{"@id":"https:\/\/www.he-arc.ch\/en\/he-arc-en\/students-associations\/#primaryimage"},"image":{"@id":"https:\/\/www.he-arc.ch\/en\/he-arc-en\/students-associations\/#primaryimage"},"thumbnailUrl":"https:\/\/www.he-arc.ch\/wp-content\/uploads\/2021\/09\/AssociationsDetudiants-1024x609.jpg","datePublished":"2021-09-02T08:32:12+00:00","dateModified":"2025-04-03T07:40:34+00:00","breadcrumb":{"@id":"https:\/\/www.he-arc.ch\/en\/he-arc-en\/students-associations\/#breadcrumb"},"inLanguage":"en-US","potentialAction":[{"@type":"ReadAction","target":["https:\/\/www.he-arc.ch\/en\/he-arc-en\/students-associations\/"]}]},{"@type":"ImageObject","inLanguage":"en-US","@id":"https:\/\/www.he-arc.ch\/en\/he-arc-en\/students-associations\/#primaryimage","url":"https:\/\/www.he-arc.ch\/wp-content\/uploads\/2021\/09\/AssociationsDetudiants-1024x609.jpg","contentUrl":"https:\/\/www.he-arc.ch\/wp-content\/uploads\/2021\/09\/AssociationsDetudiants-1024x609.jpg"},{"@type":"BreadcrumbList","@id":"https:\/\/www.he-arc.ch\/en\/he-arc-en\/students-associations\/#breadcrumb","itemListElement":[{"@type":"ListItem","position":1,"name":"Accueil","item":"https:\/\/www.he-arc.ch\/en\/"},{"@type":"ListItem","position":2,"name":"Students&rsquo; Associations"}]},{"@type":"WebSite","@id":"https:\/\/www.he-arc.ch\/en\/#website","url":"https:\/\/www.he-arc.ch\/en\/","name":"Haute-Ecole Arc","description":"Haute \u00e9cole sp\u00e9cialis\u00e9e Suisse. Gestion, Ing\u00e9nierie, Sant\u00e9, Conservation-\u200brestauration.","publisher":{"@id":"https:\/\/www.he-arc.ch\/en\/#organization"},"potentialAction":[{"@type":"SearchAction","target":{"@type":"EntryPoint","urlTemplate":"https:\/\/www.he-arc.ch\/en\/?s={search_term_string}"},"query-input":{"@type":"PropertyValueSpecification","valueRequired":true,"valueName":"search_term_string"}}],"inLanguage":"en-US"},{"@type":"Organization","@id":"https:\/\/www.he-arc.ch\/en\/#organization","name":"Haute Ecole Arc","url":"https:\/\/www.he-arc.ch\/en\/","logo":{"@type":"ImageObject","inLanguage":"en-US","@id":"https:\/\/www.he-arc.ch\/en\/#\/schema\/logo\/image\/","url":"https:\/\/www.he-arc.ch\/wp-content\/uploads\/2022\/01\/logo-he-arc.svg","contentUrl":"https:\/\/www.he-arc.ch\/wp-content\/uploads\/2022\/01\/logo-he-arc.svg","width":140,"height":42,"caption":"Haute Ecole Arc"},"image":{"@id":"https:\/\/www.he-arc.ch\/en\/#\/schema\/logo\/image\/"}}]}},"_links":{"self":[{"href":"https:\/\/www.he-arc.ch\/en\/wp-json\/wp\/v2\/pages\/37703","targetHints":{"allow":["GET"]}}],"collection":[{"href":"https:\/\/www.he-arc.ch\/en\/wp-json\/wp\/v2\/pages"}],"about":[{"href":"https:\/\/www.he-arc.ch\/en\/wp-json\/wp\/v2\/types\/page"}],"author":[{"embeddable":true,"href":"https:\/\/www.he-arc.ch\/en\/wp-json\/wp\/v2\/users\/13"}],"replies":[{"embeddable":true,"href":"https:\/\/www.he-arc.ch\/en\/wp-json\/wp\/v2\/comments?post=37703"}],"version-history":[{"count":26,"href":"https:\/\/www.he-arc.ch\/en\/wp-json\/wp\/v2\/pages\/37703\/revisions"}],"predecessor-version":[{"id":44795,"href":"https:\/\/www.he-arc.ch\/en\/wp-json\/wp\/v2\/pages\/37703\/revisions\/44795"}],"wp:attachment":[{"href":"https:\/\/www.he-arc.ch\/en\/wp-json\/wp\/v2\/media?parent=37703"}],"wp:term":[{"taxonomy":"he-arc_domain","embeddable":true,"href":"https:\/\/www.he-arc.ch\/en\/wp-json\/wp\/v2\/he-arc_domain?post=37703"}],"curies":[{"name":"wp","href":"https:\/\/api.w.org\/{rel}","templated":true}]}}