{"id":37739,"date":"2021-11-11T12:55:32","date_gmt":"2021-11-11T11:55:32","guid":{"rendered":"https:\/\/www.he-arc.ch\/?p=37739"},"modified":"2025-12-01T14:08:42","modified_gmt":"2025-12-01T13:08:42","slug":"international-mobility-ges","status":"publish","type":"page","link":"https:\/\/www.he-arc.ch\/en\/business-management\/international-mobility-ges\/","title":{"rendered":"International mobility"},"content":{"rendered":"<header class=\"hero-section is-simple page-max is-wide\">\n  <div class=\"hero\">\n    <div class=\"hero-nav page-max\">\n      \n  <div class=\"breadcrumb hidden-print\">\n    <div class=\"breadcrumb-house\"><img decoding=\"async\" src=\"https:\/\/www.he-arc.ch\/wp-content\/themes\/he-arc\/static\/images\/icon-house.svg\" loading=\"lazy\" alt=\"\" height=\"12\"><\/div>\n    <a href=\"https:\/\/www.he-arc.ch\/en\/\" class=\"breadcrumb-link\">HE-Arc<\/a>\n    <div class=\"breadcrumb-bullet\"><\/div>\n\n          <a href=\"\/\/\" class=\"breadcrumb-link\"><\/a>\n      <div class=\"breadcrumb-bullet\"><\/div>\n    \n    \n              \n    \n    \n    \n    <span class=\"breadcrumb-link is-active pointer-none\">International mobility<\/span>\n  <\/div>\n\n          <\/div>\n    <div class=\"hero-row is-simple page-max\">\n      <div>\n        <span class=\"hero__overline display-block\"><\/span>\n        <h1 class=\"hero__title is-small\">International mobility<\/h1>\n      <\/div>\n    <\/div>\n  <\/div>\n<\/header>\n\n\n\n<p><\/p>\n\n\n<section class=\"page-section\">\n\n  <div class=\"page-menu--mobile is-shadowed--bold\">\n    <a href=\"#sidebar_contact\" class=\"btn-link border-none w-inline-block\">\n      <span class=\"btn-link__title is-goto\">Contact and Infos<\/span>\n    <\/a>\n  <\/div>\n\n  <div class=\"page-section__inner page-max\">\n\n    <div class=\"article__content is-with-aside\">\n\n      <div class=\"rich-text w-richtext\">\n                \n<div class=\"article__intro rich-text is-large w-richtext\">\n      <p>The HEG Arc has a global network of about thirty partner universities around the world. It encourages its students to live an international experience and to broaden their horizon.<\/p>\n\n  <\/div>\n\n\n\n<figure class=\"wp-block-image size-large\"><img decoding=\"async\" width=\"1024\" height=\"945\" src=\"https:\/\/www.he-arc.ch\/wp-content\/uploads\/2021\/11\/cover_mobilite_Ok_PROD-1024x945.jpg\" alt=\"Visuel illustrant la mobilit\u00e9 internationale\" class=\"wp-image-6097\" srcset=\"https:\/\/www.he-arc.ch\/wp-content\/uploads\/2021\/11\/cover_mobilite_Ok_PROD-1024x945.jpg 1024w, https:\/\/www.he-arc.ch\/wp-content\/uploads\/2021\/11\/cover_mobilite_Ok_PROD-300x277.jpg 300w, https:\/\/www.he-arc.ch\/wp-content\/uploads\/2021\/11\/cover_mobilite_Ok_PROD-768x708.jpg 768w, https:\/\/www.he-arc.ch\/wp-content\/uploads\/2021\/11\/cover_mobilite_Ok_PROD-1536x1417.jpg 1536w, https:\/\/www.he-arc.ch\/wp-content\/uploads\/2021\/11\/cover_mobilite_Ok_PROD-2048x1889.jpg 2048w\" sizes=\"(max-width: 1024px) 100vw, 1024px\" \/><figcaption class=\"wp-element-caption\">International mobility<\/figcaption><\/figure>\n\n\n\n<h2 class=\"wp-block-heading\" id=\"les-hautes-ecoles-partenaires\">Partner universities<\/h2>\n\n\n\n<p>The HEG Arc has developed long-term partnerships with several universities. Its strategy focuses on four geographic areas: Switzerland, Europe, French-speaking countries and Eurasian countries. <\/p>\n\n\n\n<p>Agreements with about thirty partner universities include bilateral student exchange, faculty exchange and applied research collaboration.<\/p>\n\n\n\n<figure class=\"wp-block-image size-full\"><a href=\"https:\/\/www.google.com\/maps\/d\/viewer?mid=1X_tIMIkjCvW2yGR0D-pqBCy3riZ4G-GS&amp;ll=29.66743110228232%2C38.66400484999997&amp;z=2\"><img decoding=\"async\" width=\"2560\" height=\"1753\" src=\"https:\/\/www.he-arc.ch\/wp-content\/uploads\/2021\/10\/MobiliteCarte-scaled.jpg\" alt=\"\" class=\"wp-image-4936\" srcset=\"https:\/\/www.he-arc.ch\/wp-content\/uploads\/2021\/10\/MobiliteCarte-scaled.jpg 2560w, https:\/\/www.he-arc.ch\/wp-content\/uploads\/2021\/10\/MobiliteCarte-300x205.jpg 300w, https:\/\/www.he-arc.ch\/wp-content\/uploads\/2021\/10\/MobiliteCarte-1024x701.jpg 1024w, https:\/\/www.he-arc.ch\/wp-content\/uploads\/2021\/10\/MobiliteCarte-768x526.jpg 768w, https:\/\/www.he-arc.ch\/wp-content\/uploads\/2021\/10\/MobiliteCarte-1536x1052.jpg 1536w, https:\/\/www.he-arc.ch\/wp-content\/uploads\/2021\/10\/MobiliteCarte-2048x1402.jpg 2048w\" sizes=\"(max-width: 2560px) 100vw, 2560px\" \/><\/a><figcaption class=\"wp-element-caption\">Map of partner universities<\/figcaption><\/figure>\n\n\n\n<h2 class=\"wp-block-heading\" id=\"partir-en-echange\"><strong>Outgoing students<\/strong><\/h2>\n\n\n\n<p id=\"block-8cf68f02-f05b-4b86-8a85-c09c8db155c7\">The HEG Arc gives its students the opportunity to study abroad for one or two semesters at one of its partner universities.<\/p>\n\n\n\n<p id=\"block-d572c157-9c9a-4275-8b85-6071d2e5d795\">The International Office manages the application procedure and supports candidates in obtaining a visa, a mobility grant and accommodation. Additional information is available on the web page of the International Office and in our brochure.<\/p>\n\n\n\n<p id=\"block-435273d8-4dc0-4d0f-962d-5723ff26778e\">The deadline for applications is March 31 for the Fall semester and October 10 for the Spring semester. For some destinations, other deadlines are specified in our brochure.<\/p>\n\n\n\n<p id=\"block-ce26c441-30f2-4e4e-ace9-416553aa970a\">If the application is accepted, a Learning Agreement will be established with HEG Arc\u2019s mobility team.<\/p>\n\n\n\n<p>Information sessions take place every semester. During these, the mobility team will be happy to answer questions.<\/p>\n\n\n\n<div id=\"resource-card-block_b8bcc0e22f6d3deb235b09b2f698d085\" class=\" link-list is-padded mt-3\">\n  <div class=\"link-list__title\">Links and documents<\/div>\n  <div class=\"col-count-2\">\n          <div class=\"link-list__item\">\n                  <a href=\"https:\/\/www.he-arc.ch\/wp-content\/uploads\/2024\/03\/GES-BRO260223-Mobilite-2026-2027.pdf\" class=\"simple-link\" target='_blank'>\n            Brochure for outgoing students (FR)\n          <\/a>\n              <\/div>\n          <div class=\"link-list__item\">\n                  <a href=\"https:\/\/www.he-arc.ch\/he-arc\/mobilite\/\" class=\"simple-link\" target='_blank'>\n            International Office\n          <\/a>\n              <\/div>\n      <\/div>\n<\/div>\n\n\n\n<h2 class=\"wp-block-heading\" id=\"equipe\">Incoming students<\/h2>\n\n\n\n<p>The HEG Arc welcomes incoming students from its partner universities for one or two exchange semesters in one of its Bachelor programmes (Business Administration, Business Law or Business Information Technology).<\/p>\n\n\n\n<p>The Bachelor programmes are taught almost exclusively in French. Therefore, a good command of French (level B2) is required for an exchange semester. As an alternative, international students may apply to our Master in Business Administration, Major Business in Eurasia, which is taught entirely in English.<\/p>\n\n\n\n<p>Candidates to an exchange semester must be nominated by their home institution. Following this, they will receive a link to our online application form. Several documents are required to complete the form (CV, cover letter, passport copy, etc.).<\/p>\n\n\n\n<p>The International Office manages the application procedure and supports candidates in obtaining a visa, a mobility grant, accommodation and mandatory insurance. Additional information is available on the web page of the International Office and in our Fact Sheet.<\/p>\n\n\n\n<p>The deadline for nominations is March 31 for the Fall semester and October 7 for the Spring semester.<\/p>\n\n\n\n<p>If the application is accepted, a Learning Agreement will be established with HEG Arc\u2019s mobility team. After the exchange, the incoming student will receive a Transcript of Records mentioning the amount of ECTS credits obtained.<\/p>\n\n\n\n<p>The HEG Arc also welcomes trainees from its partner universities. The traineeship is carried out in one of its research institutes, under the supervision of a professor.<\/p>\n\n\n\n<div id=\"resource-card-block_67c59a42312b31c9530e3f402d08a944\" class=\" link-list is-padded mt-3\">\n  <div class=\"link-list__title\">Links and documents<\/div>\n  <div class=\"col-count-2\">\n          <div class=\"link-list__item\">\n                  <a href=\"https:\/\/www.he-arc.ch\/en\/he-arc-en\/mobility-and-international-relations\/\" class=\"simple-link\" target='_blank'>\n            International office\n          <\/a>\n              <\/div>\n          <div class=\"link-list__item\">\n                  <a href=\"https:\/\/www.he-arc.ch\/wp-content\/uploads\/2024\/01\/HEG-Arc-Fact-Sheet-2026-2027-EN.pdf\" class=\"simple-link\" target='_blank'>\n            Fact sheet (EN)\n          <\/a>\n              <\/div>\n          <div class=\"link-list__item\">\n                  <a href=\"https:\/\/www.he-arc.ch\/en\/business-management\/master-en\/master-in-business-administration-business-in-eurasia-major\/\" class=\"simple-link\" >\n            Master Business in Eurasia (EN)\n          <\/a>\n              <\/div>\n      <\/div>\n<\/div>\n\n\n\n<h2 class=\"wp-block-heading\" id=\"equipe\">Dual degrees<\/h2>\n\n\n\n<p>Dual degree programmes go further than a classical exchange semester: they allow students to receive a Bachelor degree from two institutions, opening up new career opportunities both in Switzerland and abroad.<\/p>\n\n\n\n<p>The HEG Arc currently offers two programmes of this kind: a dual degree in Business Administration with Bern University of Applied Sciences, and a dual degree in Business Information Technology with Haaga-Helia University of Applied Sciences in Helsinki.<\/p>\n\n\n\n<p>Courses at the HEG Arc are delivered in French. For further information, please contact our mobility team.<\/p>\n\n\n\n<h2 class=\"wp-block-heading\" id=\"contacts\"><br>Contacts<\/h2>\n\n\n\n<div id=\"contact-card-block_eb4c4cd4d13738507f29539fccd13246\" class=\"contact-card is-shadowed mb-2-5 is-not-contained\">\n  <div class=\"contact-card__inner\">\n                <div class=\"contact-entry mb-1\">\n        International\n      <\/div>\n                      <div class=\"contact-entry mb-1\">\n        <a href=\"mailto:guillaume.chappuis@he-arc.ch\"  class=\"simple-link contact-entry mb-1\">Guillaume Chappuis<\/a>\n      <\/div>\n                      <div class=\"contact-entry mb-1\">\n        International relations coordinator\n      <\/div>\n                      <div class=\"contact-entry \">\n        <a href=\"'tel:+41329302065'\"  class=\"simple-link contact-entry mb-1\">+41 32 930 20 65<\/a>\n      <\/div>\n            <\/div>\n<\/div>\n\n\n\n<div id=\"contact-card-block_1e1ce2cea4c4e5f8670a2a700431a723\" class=\"contact-card is-shadowed mb-2-5 is-not-contained\">\n  <div class=\"contact-card__inner\">\n                <div class=\"contact-entry mb-1\">\n        \n      <\/div>\n                      <div class=\"contact-entry mb-1\">\n        <a href=\"mailto:vicky.parel@he-arc.ch\"  class=\"simple-link contact-entry mb-1\">Vicky Parel<\/a>\n      <\/div>\n                      <div class=\"contact-entry mb-1\">\n        Assistant for international relations\n      <\/div>\n                      <div class=\"contact-entry \">\n        <a href=\"'tel+41329302321'\"  class=\"simple-link contact-entry mb-1\">+41 32 930 23 21<\/a>\n      <\/div>\n            <\/div>\n<\/div>\n\n\n\n<div id=\"contact-card-block_3f497a270a0609cf07c19d0a095e4ff2\" class=\"contact-card is-shadowed mb-2-5 is-not-contained\">\n  <div class=\"contact-card__inner\">\n                <div class=\"contact-entry mb-1\">\n        Eurasia\n      <\/div>\n                      <div class=\"contact-entry mb-1\">\n        <a href=\"mailto:julia.wirth@he-arc.ch\"  class=\"simple-link contact-entry mb-1\">Julia Wirth<\/a>\n      <\/div>\n                      <div class=\"contact-entry mb-1\">\n        Coordinator for eurasian partners\n      <\/div>\n                      <div class=\"contact-entry \">\n        <a href=\"'tel:+41329302079'\"  class=\"simple-link contact-entry mb-1\">+41 32 930 20 79<\/a>\n      <\/div>\n            <\/div>\n<\/div>\n\n\n\n<h2 class=\"wp-block-heading\" id=\"agenda\"><br>Agenda<\/h2>\n\n\n      <p>No events are planned in the near future.<\/p>\n  \n\n            <\/div>\n\n    <\/div>\n\n    <div class=\"article__aside w-100p\" id=\"sidebar_contact\">\n\n  <aside class=\"page-section__aside\">\n      <nav class=\"page-menu hidden-print is-shadowed--bold mt-1  w-list-unstyled\" aria-label=\"Raccourcis sur la page\">\n                    \n                        <a href=\"#contacts\" target=\"_blank\" class=\"btn-link  border-none\">\n            <div class=\"btn-link__title\n                              is-goto\n              \">Contacts<\/div>\n          <\/a>\n                    <\/nav>\n  <\/aside>\n\n  <\/div>\n\n  <\/div>\n<\/section>\n","protected":false},"excerpt":{"rendered":"","protected":false},"author":12,"featured_media":0,"parent":0,"menu_order":240,"comment_status":"closed","ping_status":"closed","template":"","meta":{"_acf_changed":false,"footnotes":""},"he-arc_domain":[153,232],"class_list":["post-37739","page","type-page","status-publish","hentry","he-arc_domain-business-management","he-arc_domain-gestion-en"],"acf":[],"yoast_head":"<!-- This site is optimized with the Yoast SEO plugin v26.6 - https:\/\/yoast.com\/wordpress\/plugins\/seo\/ -->\n<title>International mobility - Haute-Ecole Arc<\/title>\n<meta name=\"description\" content=\"La HEG Arc entretient des relations avec une trentaine de hautes \u00e9coles partenaires. Elle encourage ses \u00e9tudiant-e-s \u00e0 vivre une exp\u00e9rience internationale et \u00e0 \u00e9largir leurs horizons.\" \/>\n<meta name=\"robots\" content=\"index, follow, max-snippet:-1, max-image-preview:large, max-video-preview:-1\" \/>\n<link rel=\"canonical\" href=\"https:\/\/www.he-arc.ch\/en\/business-management\/international-mobility-ges\/\" \/>\n<meta property=\"og:locale\" content=\"en_US\" \/>\n<meta property=\"og:type\" content=\"article\" \/>\n<meta property=\"og:title\" content=\"International mobility - Haute-Ecole Arc\" \/>\n<meta property=\"og:description\" content=\"La HEG Arc entretient des relations avec une trentaine de hautes \u00e9coles partenaires. Elle encourage ses \u00e9tudiant-e-s \u00e0 vivre une exp\u00e9rience internationale et \u00e0 \u00e9largir leurs horizons.\" \/>\n<meta property=\"og:url\" content=\"https:\/\/www.he-arc.ch\/en\/business-management\/international-mobility-ges\/\" \/>\n<meta property=\"og:site_name\" content=\"Haute-Ecole Arc\" \/>\n<meta property=\"article:modified_time\" content=\"2025-12-01T13:08:42+00:00\" \/>\n<meta property=\"og:image\" content=\"https:\/\/www.he-arc.ch\/wp-content\/uploads\/2021\/11\/cover_mobilite_Ok_PROD-1024x945.jpg\" \/>\n<meta name=\"twitter:card\" content=\"summary_large_image\" \/>\n<meta name=\"twitter:label1\" content=\"Est. reading time\" \/>\n\t<meta name=\"twitter:data1\" content=\"3 minutes\" \/>\n<script type=\"application\/ld+json\" class=\"yoast-schema-graph\">{\"@context\":\"https:\/\/schema.org\",\"@graph\":[{\"@type\":\"WebPage\",\"@id\":\"https:\/\/www.he-arc.ch\/en\/business-management\/international-mobility-ges\/\",\"url\":\"https:\/\/www.he-arc.ch\/en\/business-management\/international-mobility-ges\/\",\"name\":\"International mobility - Haute-Ecole Arc\",\"isPartOf\":{\"@id\":\"https:\/\/www.he-arc.ch\/en\/#website\"},\"primaryImageOfPage\":{\"@id\":\"https:\/\/www.he-arc.ch\/en\/business-management\/international-mobility-ges\/#primaryimage\"},\"image\":{\"@id\":\"https:\/\/www.he-arc.ch\/en\/business-management\/international-mobility-ges\/#primaryimage\"},\"thumbnailUrl\":\"https:\/\/www.he-arc.ch\/wp-content\/uploads\/2021\/11\/cover_mobilite_Ok_PROD-1024x945.jpg\",\"datePublished\":\"2021-11-11T11:55:32+00:00\",\"dateModified\":\"2025-12-01T13:08:42+00:00\",\"description\":\"La HEG Arc entretient des relations avec une trentaine de hautes \u00e9coles partenaires. Elle encourage ses \u00e9tudiant-e-s \u00e0 vivre une exp\u00e9rience internationale et \u00e0 \u00e9largir leurs horizons.\",\"breadcrumb\":{\"@id\":\"https:\/\/www.he-arc.ch\/en\/business-management\/international-mobility-ges\/#breadcrumb\"},\"inLanguage\":\"en-US\",\"potentialAction\":[{\"@type\":\"ReadAction\",\"target\":[\"https:\/\/www.he-arc.ch\/en\/business-management\/international-mobility-ges\/\"]}]},{\"@type\":\"ImageObject\",\"inLanguage\":\"en-US\",\"@id\":\"https:\/\/www.he-arc.ch\/en\/business-management\/international-mobility-ges\/#primaryimage\",\"url\":\"https:\/\/www.he-arc.ch\/wp-content\/uploads\/2021\/11\/cover_mobilite_Ok_PROD-1024x945.jpg\",\"contentUrl\":\"https:\/\/www.he-arc.ch\/wp-content\/uploads\/2021\/11\/cover_mobilite_Ok_PROD-1024x945.jpg\"},{\"@type\":\"BreadcrumbList\",\"@id\":\"https:\/\/www.he-arc.ch\/en\/business-management\/international-mobility-ges\/#breadcrumb\",\"itemListElement\":[{\"@type\":\"ListItem\",\"position\":1,\"name\":\"Accueil\",\"item\":\"https:\/\/www.he-arc.ch\/en\/\"},{\"@type\":\"ListItem\",\"position\":2,\"name\":\"International mobility\"}]},{\"@type\":\"WebSite\",\"@id\":\"https:\/\/www.he-arc.ch\/en\/#website\",\"url\":\"https:\/\/www.he-arc.ch\/en\/\",\"name\":\"Haute-Ecole Arc\",\"description\":\"Haute \u00e9cole sp\u00e9cialis\u00e9e Suisse. Gestion, Ing\u00e9nierie, Sant\u00e9, Conservation-\u200brestauration.\",\"publisher\":{\"@id\":\"https:\/\/www.he-arc.ch\/en\/#organization\"},\"potentialAction\":[{\"@type\":\"SearchAction\",\"target\":{\"@type\":\"EntryPoint\",\"urlTemplate\":\"https:\/\/www.he-arc.ch\/en\/?s={search_term_string}\"},\"query-input\":{\"@type\":\"PropertyValueSpecification\",\"valueRequired\":true,\"valueName\":\"search_term_string\"}}],\"inLanguage\":\"en-US\"},{\"@type\":\"Organization\",\"@id\":\"https:\/\/www.he-arc.ch\/en\/#organization\",\"name\":\"Haute Ecole Arc\",\"url\":\"https:\/\/www.he-arc.ch\/en\/\",\"logo\":{\"@type\":\"ImageObject\",\"inLanguage\":\"en-US\",\"@id\":\"https:\/\/www.he-arc.ch\/en\/#\/schema\/logo\/image\/\",\"url\":\"https:\/\/www.he-arc.ch\/wp-content\/uploads\/2022\/01\/logo-he-arc.svg\",\"contentUrl\":\"https:\/\/www.he-arc.ch\/wp-content\/uploads\/2022\/01\/logo-he-arc.svg\",\"width\":140,\"height\":42,\"caption\":\"Haute Ecole Arc\"},\"image\":{\"@id\":\"https:\/\/www.he-arc.ch\/en\/#\/schema\/logo\/image\/\"}}]}<\/script>\n<!-- \/ Yoast SEO plugin. -->","yoast_head_json":{"title":"International mobility - Haute-Ecole Arc","description":"La HEG Arc entretient des relations avec une trentaine de hautes \u00e9coles partenaires. Elle encourage ses \u00e9tudiant-e-s \u00e0 vivre une exp\u00e9rience internationale et \u00e0 \u00e9largir leurs horizons.","robots":{"index":"index","follow":"follow","max-snippet":"max-snippet:-1","max-image-preview":"max-image-preview:large","max-video-preview":"max-video-preview:-1"},"canonical":"https:\/\/www.he-arc.ch\/en\/business-management\/international-mobility-ges\/","og_locale":"en_US","og_type":"article","og_title":"International mobility - Haute-Ecole Arc","og_description":"La HEG Arc entretient des relations avec une trentaine de hautes \u00e9coles partenaires. Elle encourage ses \u00e9tudiant-e-s \u00e0 vivre une exp\u00e9rience internationale et \u00e0 \u00e9largir leurs horizons.","og_url":"https:\/\/www.he-arc.ch\/en\/business-management\/international-mobility-ges\/","og_site_name":"Haute-Ecole Arc","article_modified_time":"2025-12-01T13:08:42+00:00","og_image":[{"url":"https:\/\/www.he-arc.ch\/wp-content\/uploads\/2021\/11\/cover_mobilite_Ok_PROD-1024x945.jpg","type":"","width":"","height":""}],"twitter_card":"summary_large_image","twitter_misc":{"Est. reading time":"3 minutes"},"schema":{"@context":"https:\/\/schema.org","@graph":[{"@type":"WebPage","@id":"https:\/\/www.he-arc.ch\/en\/business-management\/international-mobility-ges\/","url":"https:\/\/www.he-arc.ch\/en\/business-management\/international-mobility-ges\/","name":"International mobility - Haute-Ecole Arc","isPartOf":{"@id":"https:\/\/www.he-arc.ch\/en\/#website"},"primaryImageOfPage":{"@id":"https:\/\/www.he-arc.ch\/en\/business-management\/international-mobility-ges\/#primaryimage"},"image":{"@id":"https:\/\/www.he-arc.ch\/en\/business-management\/international-mobility-ges\/#primaryimage"},"thumbnailUrl":"https:\/\/www.he-arc.ch\/wp-content\/uploads\/2021\/11\/cover_mobilite_Ok_PROD-1024x945.jpg","datePublished":"2021-11-11T11:55:32+00:00","dateModified":"2025-12-01T13:08:42+00:00","description":"La HEG Arc entretient des relations avec une trentaine de hautes \u00e9coles partenaires. Elle encourage ses \u00e9tudiant-e-s \u00e0 vivre une exp\u00e9rience internationale et \u00e0 \u00e9largir leurs horizons.","breadcrumb":{"@id":"https:\/\/www.he-arc.ch\/en\/business-management\/international-mobility-ges\/#breadcrumb"},"inLanguage":"en-US","potentialAction":[{"@type":"ReadAction","target":["https:\/\/www.he-arc.ch\/en\/business-management\/international-mobility-ges\/"]}]},{"@type":"ImageObject","inLanguage":"en-US","@id":"https:\/\/www.he-arc.ch\/en\/business-management\/international-mobility-ges\/#primaryimage","url":"https:\/\/www.he-arc.ch\/wp-content\/uploads\/2021\/11\/cover_mobilite_Ok_PROD-1024x945.jpg","contentUrl":"https:\/\/www.he-arc.ch\/wp-content\/uploads\/2021\/11\/cover_mobilite_Ok_PROD-1024x945.jpg"},{"@type":"BreadcrumbList","@id":"https:\/\/www.he-arc.ch\/en\/business-management\/international-mobility-ges\/#breadcrumb","itemListElement":[{"@type":"ListItem","position":1,"name":"Accueil","item":"https:\/\/www.he-arc.ch\/en\/"},{"@type":"ListItem","position":2,"name":"International mobility"}]},{"@type":"WebSite","@id":"https:\/\/www.he-arc.ch\/en\/#website","url":"https:\/\/www.he-arc.ch\/en\/","name":"Haute-Ecole Arc","description":"Haute \u00e9cole sp\u00e9cialis\u00e9e Suisse. Gestion, Ing\u00e9nierie, Sant\u00e9, Conservation-\u200brestauration.","publisher":{"@id":"https:\/\/www.he-arc.ch\/en\/#organization"},"potentialAction":[{"@type":"SearchAction","target":{"@type":"EntryPoint","urlTemplate":"https:\/\/www.he-arc.ch\/en\/?s={search_term_string}"},"query-input":{"@type":"PropertyValueSpecification","valueRequired":true,"valueName":"search_term_string"}}],"inLanguage":"en-US"},{"@type":"Organization","@id":"https:\/\/www.he-arc.ch\/en\/#organization","name":"Haute Ecole Arc","url":"https:\/\/www.he-arc.ch\/en\/","logo":{"@type":"ImageObject","inLanguage":"en-US","@id":"https:\/\/www.he-arc.ch\/en\/#\/schema\/logo\/image\/","url":"https:\/\/www.he-arc.ch\/wp-content\/uploads\/2022\/01\/logo-he-arc.svg","contentUrl":"https:\/\/www.he-arc.ch\/wp-content\/uploads\/2022\/01\/logo-he-arc.svg","width":140,"height":42,"caption":"Haute Ecole Arc"},"image":{"@id":"https:\/\/www.he-arc.ch\/en\/#\/schema\/logo\/image\/"}}]}},"_links":{"self":[{"href":"https:\/\/www.he-arc.ch\/en\/wp-json\/wp\/v2\/pages\/37739","targetHints":{"allow":["GET"]}}],"collection":[{"href":"https:\/\/www.he-arc.ch\/en\/wp-json\/wp\/v2\/pages"}],"about":[{"href":"https:\/\/www.he-arc.ch\/en\/wp-json\/wp\/v2\/types\/page"}],"author":[{"embeddable":true,"href":"https:\/\/www.he-arc.ch\/en\/wp-json\/wp\/v2\/users\/12"}],"replies":[{"embeddable":true,"href":"https:\/\/www.he-arc.ch\/en\/wp-json\/wp\/v2\/comments?post=37739"}],"version-history":[{"count":50,"href":"https:\/\/www.he-arc.ch\/en\/wp-json\/wp\/v2\/pages\/37739\/revisions"}],"predecessor-version":[{"id":74272,"href":"https:\/\/www.he-arc.ch\/en\/wp-json\/wp\/v2\/pages\/37739\/revisions\/74272"}],"wp:attachment":[{"href":"https:\/\/www.he-arc.ch\/en\/wp-json\/wp\/v2\/media?parent=37739"}],"wp:term":[{"taxonomy":"he-arc_domain","embeddable":true,"href":"https:\/\/www.he-arc.ch\/en\/wp-json\/wp\/v2\/he-arc_domain?post=37739"}],"curies":[{"name":"wp","href":"https:\/\/api.w.org\/{rel}","templated":true}]}}