{"id":37947,"date":"2021-11-05T08:09:45","date_gmt":"2021-11-05T07:09:45","guid":{"rendered":"https:\/\/www.he-arc.ch\/?p=37947"},"modified":"2025-08-19T09:27:16","modified_gmt":"2025-08-19T07:27:16","slug":"innovation-labs","status":"publish","type":"page","link":"https:\/\/www.he-arc.ch\/en\/engineering\/innovation-labs\/","title":{"rendered":"Innovation Labs"},"content":{"rendered":"<header class=\"hero-section is-simple page-max is-wide\">\n  <div class=\"hero\">\n    <div class=\"hero-nav page-max\">\n      \n  <div class=\"breadcrumb hidden-print\">\n    <div class=\"breadcrumb-house\"><img decoding=\"async\" src=\"https:\/\/www.he-arc.ch\/wp-content\/themes\/he-arc\/static\/images\/icon-house.svg\" loading=\"lazy\" alt=\"\" height=\"12\"><\/div>\n    <a href=\"https:\/\/www.he-arc.ch\/en\/\" class=\"breadcrumb-link\">HE-Arc<\/a>\n    <div class=\"breadcrumb-bullet\"><\/div>\n\n          <a href=\"\/\/\" class=\"breadcrumb-link\"><\/a>\n      <div class=\"breadcrumb-bullet\"><\/div>\n    \n    \n              \n    \n    \n    \n    <span class=\"breadcrumb-link is-active pointer-none\">Innovation Labs<\/span>\n  <\/div>\n\n          <\/div>\n    <div class=\"hero-row is-simple page-max\">\n      <div>\n        <span class=\"hero__overline display-block\"><\/span>\n        <h1 class=\"hero__title is-small\">Innovation Labs<\/h1>\n      <\/div>\n    <\/div>\n  <\/div>\n<\/header>\n\n\n<section class=\"page-section\">\n\n  <div class=\"page-menu--mobile is-shadowed--bold\">\n    <a href=\"#sidebar_contact\" class=\"btn-link border-none w-inline-block\">\n      <span class=\"btn-link__title is-goto\">Contact and Infos<\/span>\n    <\/a>\n  <\/div>\n\n  <div class=\"page-section__inner page-max\">\n\n    <div class=\"article__content is-with-aside\">\n\n      <div class=\"rich-text w-richtext\">\n                \n<div class=\"article__intro rich-text is-large w-richtext\">\n      <p>The <span style=\"font-weight: 400;\">Arc School of Engineering<\/span> has several Innovation Labs.<\/p>\n\n  <\/div>\n\n\n\n<div class=\"cta-cards  \">\n\n    \n      \n        <ul class=\"flex-row mt-3 w-list-unstyled\">\n              <li class=\"size-full\">\n  \n  \n        <div class=\"cta-card is-wide is-shadowed\">\n                <div class=\"cta-card__image center \" style=\"background-image: url(https:\/\/www.he-arc.ch\/wp-content\/uploads\/2024\/11\/he_arc_ingenierie_agile_academy-300x200.jpg)\"><\/div>\n            <div class=\"cta-card__inner \">\n                <h3 class=\"cta-card__title  is-xlarge\">Agile Academy<\/h3>\n        <p class=\"cta-card__description is-large\">The Agile Academy is a modular training platform in Lean, a partnership between Richemont and the Arc School of Engineering, which aims at optimizing value creation processes by implementing solutions accepted by all.<\/p>\n              <\/div>\n        <\/div>\n    \n  \n<\/li>\n          <\/ul>\n    \n      \n        <ul class=\"flex-row  w-list-unstyled\">\n              <li class=\"size-full\">\n  \n  \n        <a href=\"https:\/\/www.he-arc.ch\/en\/engineering\/innovation-labs\/microlean-lab\/\"  class=\"cta-card is-wide is-shadowed\">\n                <div class=\"cta-card__image center \" style=\"background-image: url(https:\/\/www.he-arc.ch\/wp-content\/uploads\/2022\/01\/200702-Micro-usine-detoure-red-300x300.jpg)\"><\/div>\n            <div class=\"cta-card__inner is-with-arrow\">\n                <h3 class=\"cta-card__title pretty-underline is-xlarge\">MicroLean Lab<\/h3>\n        <p class=\"cta-card__description is-large\">The MicroLean Lab offers an experimentation platform for the Swiss Made industrial ecosystem in the fields of microtechnical manufacturing and Industry 4.0.<\/p>\n                  <span class=\"icon-arrow-right cta-card__arrow\" \/>\n              <\/div>\n        <\/a>\n    \n  \n<\/li>\n          <\/ul>\n    \n      \n        <ul class=\"flex-row  w-list-unstyled\">\n              <li class=\"size-full\">\n  \n  \n        <a href=\"https:\/\/www.he-arc.ch\/en\/engineering\/innovation-labs\/ux-lab\/\"  class=\"cta-card is-wide is-shadowed\">\n                <div class=\"cta-card__image center \" style=\"background-image: url(https:\/\/www.he-arc.ch\/wp-content\/uploads\/2022\/02\/he_arc_ingenierie_ux_lab-300x200.jpg)\"><\/div>\n            <div class=\"cta-card__inner is-with-arrow\">\n                <h3 class=\"cta-card__title pretty-underline is-xlarge\">UX Lab<\/h3>\n        <p class=\"cta-card__description is-large\">The UX-Lab is a user testing laboratory that evaluates and designs the usability and user experience of a product.<\/p>\n                  <span class=\"icon-arrow-right cta-card__arrow\" \/>\n              <\/div>\n        <\/a>\n    \n  \n<\/li>\n          <\/ul>\n    \n  \n<\/div>\n\n            <\/div>\n\n    <\/div>\n\n    <div class=\"article__aside w-100p\" id=\"sidebar_contact\">\n\n  <aside class=\"page-section__aside\">\n    <\/aside>\n\n      <div class=\" w-100p\">\n              <h4 class=\"link-list__title\">Contact<\/h4>\n        \n<div id=\"contact-card-block_ece4c24ef94f32120adee891f7e6b529\" class=\"contact-card is-shadowed  is-not-contained\">\n  <div class=\"contact-card__inner\">\n                <div class=\"contact-entry mb-1\">\n        Didier Rizzotti\n      <\/div>\n                      <div class=\"contact-entry mb-1\">\n        <a href=\"tel:+41329302209\"  class=\"simple-link contact-entry mb-1\">+ 41 32 930 22 09<\/a>\n      <\/div>\n                      <div class=\"contact-entry \">\n        <a href=\"mailto:Didier.Rizzotti@he-arc.ch\"  class=\"simple-link contact-entry mb-1\">Didier.Rizzotti@he-arc.ch<\/a>\n      <\/div>\n            <\/div>\n<\/div>\n          <\/div>\n\n  <\/div>\n\n  <\/div>\n<\/section>\n\n\n\n<p><\/p>\n","protected":false},"excerpt":{"rendered":"","protected":false},"author":6,"featured_media":0,"parent":0,"menu_order":218,"comment_status":"closed","ping_status":"closed","template":"","meta":{"_acf_changed":false,"footnotes":""},"he-arc_domain":[150],"class_list":["post-37947","page","type-page","status-publish","hentry","he-arc_domain-engineering"],"acf":[],"yoast_head":"<!-- This site is optimized with the Yoast SEO plugin v26.6 - https:\/\/yoast.com\/wordpress\/plugins\/seo\/ -->\n<title>Innovation Labs - Haute-Ecole Arc<\/title>\n<meta name=\"description\" content=\"The Innovation Labs of the Arc School of Engineering \u2014 Agile Academy, MicroLean Lab, and UX-Lab \u2014 provide spaces to learn, experiment, and innovate with and for industrial partners.\" \/>\n<meta name=\"robots\" content=\"index, follow, max-snippet:-1, max-image-preview:large, max-video-preview:-1\" \/>\n<link rel=\"canonical\" href=\"https:\/\/www.he-arc.ch\/en\/engineering\/innovation-labs\/\" \/>\n<meta property=\"og:locale\" content=\"en_US\" \/>\n<meta property=\"og:type\" content=\"article\" \/>\n<meta property=\"og:title\" content=\"Innovation Labs - Haute-Ecole Arc\" \/>\n<meta property=\"og:description\" content=\"The Innovation Labs of the Arc School of Engineering \u2014 Agile Academy, MicroLean Lab, and UX-Lab \u2014 provide spaces to learn, experiment, and innovate with and for industrial partners.\" \/>\n<meta property=\"og:url\" content=\"https:\/\/www.he-arc.ch\/en\/engineering\/innovation-labs\/\" \/>\n<meta property=\"og:site_name\" content=\"Haute-Ecole Arc\" \/>\n<meta property=\"article:modified_time\" content=\"2025-08-19T07:27:16+00:00\" \/>\n<meta name=\"twitter:card\" content=\"summary_large_image\" \/>\n<script type=\"application\/ld+json\" class=\"yoast-schema-graph\">{\"@context\":\"https:\/\/schema.org\",\"@graph\":[{\"@type\":\"WebPage\",\"@id\":\"https:\/\/www.he-arc.ch\/en\/engineering\/innovation-labs\/\",\"url\":\"https:\/\/www.he-arc.ch\/en\/engineering\/innovation-labs\/\",\"name\":\"Innovation Labs - Haute-Ecole Arc\",\"isPartOf\":{\"@id\":\"https:\/\/www.he-arc.ch\/en\/#website\"},\"datePublished\":\"2021-11-05T07:09:45+00:00\",\"dateModified\":\"2025-08-19T07:27:16+00:00\",\"description\":\"The Innovation Labs of the Arc School of Engineering \u2014 Agile Academy, MicroLean Lab, and UX-Lab \u2014 provide spaces to learn, experiment, and innovate with and for industrial partners.\",\"breadcrumb\":{\"@id\":\"https:\/\/www.he-arc.ch\/en\/engineering\/innovation-labs\/#breadcrumb\"},\"inLanguage\":\"en-US\",\"potentialAction\":[{\"@type\":\"ReadAction\",\"target\":[\"https:\/\/www.he-arc.ch\/en\/engineering\/innovation-labs\/\"]}]},{\"@type\":\"BreadcrumbList\",\"@id\":\"https:\/\/www.he-arc.ch\/en\/engineering\/innovation-labs\/#breadcrumb\",\"itemListElement\":[{\"@type\":\"ListItem\",\"position\":1,\"name\":\"Accueil\",\"item\":\"https:\/\/www.he-arc.ch\/en\/\"},{\"@type\":\"ListItem\",\"position\":2,\"name\":\"Innovation Labs\"}]},{\"@type\":\"WebSite\",\"@id\":\"https:\/\/www.he-arc.ch\/en\/#website\",\"url\":\"https:\/\/www.he-arc.ch\/en\/\",\"name\":\"Haute-Ecole Arc\",\"description\":\"Haute \u00e9cole sp\u00e9cialis\u00e9e Suisse. Gestion, Ing\u00e9nierie, Sant\u00e9, Conservation-\u200brestauration.\",\"publisher\":{\"@id\":\"https:\/\/www.he-arc.ch\/en\/#organization\"},\"potentialAction\":[{\"@type\":\"SearchAction\",\"target\":{\"@type\":\"EntryPoint\",\"urlTemplate\":\"https:\/\/www.he-arc.ch\/en\/?s={search_term_string}\"},\"query-input\":{\"@type\":\"PropertyValueSpecification\",\"valueRequired\":true,\"valueName\":\"search_term_string\"}}],\"inLanguage\":\"en-US\"},{\"@type\":\"Organization\",\"@id\":\"https:\/\/www.he-arc.ch\/en\/#organization\",\"name\":\"Haute Ecole Arc\",\"url\":\"https:\/\/www.he-arc.ch\/en\/\",\"logo\":{\"@type\":\"ImageObject\",\"inLanguage\":\"en-US\",\"@id\":\"https:\/\/www.he-arc.ch\/en\/#\/schema\/logo\/image\/\",\"url\":\"https:\/\/www.he-arc.ch\/wp-content\/uploads\/2022\/01\/logo-he-arc.svg\",\"contentUrl\":\"https:\/\/www.he-arc.ch\/wp-content\/uploads\/2022\/01\/logo-he-arc.svg\",\"width\":140,\"height\":42,\"caption\":\"Haute Ecole Arc\"},\"image\":{\"@id\":\"https:\/\/www.he-arc.ch\/en\/#\/schema\/logo\/image\/\"}}]}<\/script>\n<!-- \/ Yoast SEO plugin. -->","yoast_head_json":{"title":"Innovation Labs - Haute-Ecole Arc","description":"The Innovation Labs of the Arc School of Engineering \u2014 Agile Academy, MicroLean Lab, and UX-Lab \u2014 provide spaces to learn, experiment, and innovate with and for industrial partners.","robots":{"index":"index","follow":"follow","max-snippet":"max-snippet:-1","max-image-preview":"max-image-preview:large","max-video-preview":"max-video-preview:-1"},"canonical":"https:\/\/www.he-arc.ch\/en\/engineering\/innovation-labs\/","og_locale":"en_US","og_type":"article","og_title":"Innovation Labs - Haute-Ecole Arc","og_description":"The Innovation Labs of the Arc School of Engineering \u2014 Agile Academy, MicroLean Lab, and UX-Lab \u2014 provide spaces to learn, experiment, and innovate with and for industrial partners.","og_url":"https:\/\/www.he-arc.ch\/en\/engineering\/innovation-labs\/","og_site_name":"Haute-Ecole Arc","article_modified_time":"2025-08-19T07:27:16+00:00","twitter_card":"summary_large_image","schema":{"@context":"https:\/\/schema.org","@graph":[{"@type":"WebPage","@id":"https:\/\/www.he-arc.ch\/en\/engineering\/innovation-labs\/","url":"https:\/\/www.he-arc.ch\/en\/engineering\/innovation-labs\/","name":"Innovation Labs - Haute-Ecole Arc","isPartOf":{"@id":"https:\/\/www.he-arc.ch\/en\/#website"},"datePublished":"2021-11-05T07:09:45+00:00","dateModified":"2025-08-19T07:27:16+00:00","description":"The Innovation Labs of the Arc School of Engineering \u2014 Agile Academy, MicroLean Lab, and UX-Lab \u2014 provide spaces to learn, experiment, and innovate with and for industrial partners.","breadcrumb":{"@id":"https:\/\/www.he-arc.ch\/en\/engineering\/innovation-labs\/#breadcrumb"},"inLanguage":"en-US","potentialAction":[{"@type":"ReadAction","target":["https:\/\/www.he-arc.ch\/en\/engineering\/innovation-labs\/"]}]},{"@type":"BreadcrumbList","@id":"https:\/\/www.he-arc.ch\/en\/engineering\/innovation-labs\/#breadcrumb","itemListElement":[{"@type":"ListItem","position":1,"name":"Accueil","item":"https:\/\/www.he-arc.ch\/en\/"},{"@type":"ListItem","position":2,"name":"Innovation Labs"}]},{"@type":"WebSite","@id":"https:\/\/www.he-arc.ch\/en\/#website","url":"https:\/\/www.he-arc.ch\/en\/","name":"Haute-Ecole Arc","description":"Haute \u00e9cole sp\u00e9cialis\u00e9e Suisse. Gestion, Ing\u00e9nierie, Sant\u00e9, Conservation-\u200brestauration.","publisher":{"@id":"https:\/\/www.he-arc.ch\/en\/#organization"},"potentialAction":[{"@type":"SearchAction","target":{"@type":"EntryPoint","urlTemplate":"https:\/\/www.he-arc.ch\/en\/?s={search_term_string}"},"query-input":{"@type":"PropertyValueSpecification","valueRequired":true,"valueName":"search_term_string"}}],"inLanguage":"en-US"},{"@type":"Organization","@id":"https:\/\/www.he-arc.ch\/en\/#organization","name":"Haute Ecole Arc","url":"https:\/\/www.he-arc.ch\/en\/","logo":{"@type":"ImageObject","inLanguage":"en-US","@id":"https:\/\/www.he-arc.ch\/en\/#\/schema\/logo\/image\/","url":"https:\/\/www.he-arc.ch\/wp-content\/uploads\/2022\/01\/logo-he-arc.svg","contentUrl":"https:\/\/www.he-arc.ch\/wp-content\/uploads\/2022\/01\/logo-he-arc.svg","width":140,"height":42,"caption":"Haute Ecole Arc"},"image":{"@id":"https:\/\/www.he-arc.ch\/en\/#\/schema\/logo\/image\/"}}]}},"_links":{"self":[{"href":"https:\/\/www.he-arc.ch\/en\/wp-json\/wp\/v2\/pages\/37947","targetHints":{"allow":["GET"]}}],"collection":[{"href":"https:\/\/www.he-arc.ch\/en\/wp-json\/wp\/v2\/pages"}],"about":[{"href":"https:\/\/www.he-arc.ch\/en\/wp-json\/wp\/v2\/types\/page"}],"author":[{"embeddable":true,"href":"https:\/\/www.he-arc.ch\/en\/wp-json\/wp\/v2\/users\/6"}],"replies":[{"embeddable":true,"href":"https:\/\/www.he-arc.ch\/en\/wp-json\/wp\/v2\/comments?post=37947"}],"version-history":[{"count":17,"href":"https:\/\/www.he-arc.ch\/en\/wp-json\/wp\/v2\/pages\/37947\/revisions"}],"predecessor-version":[{"id":70854,"href":"https:\/\/www.he-arc.ch\/en\/wp-json\/wp\/v2\/pages\/37947\/revisions\/70854"}],"wp:attachment":[{"href":"https:\/\/www.he-arc.ch\/en\/wp-json\/wp\/v2\/media?parent=37947"}],"wp:term":[{"taxonomy":"he-arc_domain","embeddable":true,"href":"https:\/\/www.he-arc.ch\/en\/wp-json\/wp\/v2\/he-arc_domain?post=37947"}],"curies":[{"name":"wp","href":"https:\/\/api.w.org\/{rel}","templated":true}]}}