{"id":37961,"date":"2022-02-09T15:26:32","date_gmt":"2022-02-09T14:26:32","guid":{"rendered":"https:\/\/www.he-arc.ch\/?p=37961"},"modified":"2025-08-19T09:27:52","modified_gmt":"2025-08-19T07:27:52","slug":"microlean-lab","status":"publish","type":"page","link":"https:\/\/www.he-arc.ch\/en\/engineering\/innovation-labs\/microlean-lab\/","title":{"rendered":"MicroLean Lab"},"content":{"rendered":"<header class=\"hero-section is-simple page-max is-wide\">\n  <div class=\"hero\">\n    <div class=\"hero-nav page-max\">\n      \n  <div class=\"breadcrumb hidden-print\">\n    <div class=\"breadcrumb-house\"><img decoding=\"async\" src=\"https:\/\/www.he-arc.ch\/wp-content\/themes\/he-arc\/static\/images\/icon-house.svg\" loading=\"lazy\" alt=\"\" height=\"12\"><\/div>\n    <a href=\"https:\/\/www.he-arc.ch\/en\/\" class=\"breadcrumb-link\">HE-Arc<\/a>\n    <div class=\"breadcrumb-bullet\"><\/div>\n\n          <a href=\"\/\/\" class=\"breadcrumb-link\"><\/a>\n      <div class=\"breadcrumb-bullet\"><\/div>\n    \n    \n              \n    \n    \n          \n      \n      <a href=\"https:\/\/www.he-arc.ch\/en\/engineering\/innovation-labs\/\" class=\"breadcrumb-link\">Innovation Labs<\/a>\n      <div class=\"breadcrumb-bullet\"><\/div>\n    \n    <span class=\"breadcrumb-link is-active pointer-none\">MicroLean Lab<\/span>\n  <\/div>\n\n          <\/div>\n    <div class=\"hero-row is-simple page-max\">\n      <div>\n        <span class=\"hero__overline display-block\"><\/span>\n        <h1 class=\"hero__title is-small\">MicroLean Lab<\/h1>\n      <\/div>\n    <\/div>\n  <\/div>\n<\/header>\n\n\n<section class=\"page-section\">\n\n  <div class=\"page-menu--mobile is-shadowed--bold\">\n    <a href=\"#sidebar_contact\" class=\"btn-link border-none w-inline-block\">\n      <span class=\"btn-link__title is-goto\">Contact and Infos<\/span>\n    <\/a>\n  <\/div>\n\n  <div class=\"page-section__inner page-max\">\n\n    <div class=\"article__content is-with-aside\">\n\n      <div class=\"rich-text w-richtext\">\n                \n<div class=\"article__intro rich-text is-large w-richtext\">\n      <p>The MicroLean Lab offers an experimentation platform for the Swiss Made industrial ecosystem in the fields of microtechnical manufacturing and Industry 4.0.<\/p>\n\n  <\/div>\n\n\n<div class=\"video-card-wrapper  is-not-contained \">\n                    <ul class=\"flex-row w-list-unstyled  \">\n                              <li class=\"size-full size-full-mobile\">\n              <a class=\"video-card is-shadowed js-open-video \" href=\"https:\/\/www.youtube.com\/embed\/IUDvNVQx4XI\">\n                <div class=\"image-wrapper--landscape\" style=\"background-image: url(https:\/\/www.he-arc.ch\/wp-content\/uploads\/2022\/02\/he_arc_ingenierie_microlean_lab_vision_video-1024x679.png)\">\n                  <div class=\"btn-play is-centered\">&nbsp;<\/div>\n                <\/div>\n                <div class=\"video-card__info\">\n                                    <div class=\"video-card__meta\">\n                    <h3 class=\"video-card__overline\">Experimentation\u00a0platform<\/h3>\n                  <\/div>\n                                    <h3 class=\"video-card__title\">The vision of the MicroLean Lab<\/h3>\n                <\/div>\n              <\/a>\n            <\/li>\n                                          <\/ul>\n      <\/div>\n\n\n\n\n<h2 class=\"wp-block-heading\" id=\"title1\">Objectives<\/h2>\n\n\n\n<p>At the service of a community of interests formed by industrial partners, the MicroLean Lab develops and shares the vision of an autonomous, connected micro-factory that can be configured at will called to revolutionize the microtechnology industry.<\/p>\n\n\n\n<p>The MicroLean Lab also aims at taking into account the new societal trend for responsible energy consumption and efficient production in an ecological and economical logic.<\/p>\n\n\n\n<div class=\"full-quote\" id=\"full-quote-block_61a61305142e9\">\n  <blockquote class=\"full-quote__body\">\n    The experimentation of a new industrial imaginary at the service of a community of interests.\n  <\/blockquote>\n  <\/div>\n\n\n\n<h2 class=\"wp-block-heading\" id=\"competencesactivites\">Skills<\/h2>\n\n\n\n<ul class=\"wp-block-list\"><li><strong>Standardisation:\u00a0<\/strong>the selection of standards and their use for efficient data management is a common interest.<\/li><li><strong>Transfer system:<\/strong>\u00a0operations for the transfer and handling of materials, products and information in a complex and flexible multi-process environment.<\/li><li><strong>Artificial<\/strong> <strong>Intelligence:<\/strong>\u00a0labelling of data for relevant use, and provision of easy-to-use processing tools for the final users.<\/li><li><strong>Smart Manufacturing:<\/strong>\u00a0make the processes autonomous so that one can focus on the product and not on how to produce it.<\/li><\/ul>\n\n\n\n<h2 class=\"wp-block-heading\" id=\"competencesactivites\">Activities<\/h2>\n\n\n\n<p>In the framework of the MicroLean Lab, the proof-of-concept of an autonomous, connected micro-factory that can be configured at will\u00a0is under construction.<\/p>\n\n\n\n<p><a href=\"https:\/\/microleanlab.ch\/en\" target=\"_blank\" rel=\"noreferrer noopener\">www.microleanlab.ch<\/a><\/p>\n\n\n            <\/div>\n\n    <\/div>\n\n    <div class=\"article__aside w-100p\" id=\"sidebar_contact\">\n\n  <aside class=\"page-section__aside\">\n    <\/aside>\n\n      <div class=\" w-100p\">\n              <h4 class=\"link-list__title\">Contact<\/h4>\n        \n<div id=\"contact-card-block_60f6df459cb1e\" class=\"contact-card is-shadowed  is-not-contained\">\n  <div class=\"contact-card__inner\">\n                <div class=\"contact-entry mb-1\">\n        MicroLean Lab Manager:\n      <\/div>\n                      <div class=\"contact-entry mb-1\">\n        Florian Serex\n      <\/div>\n                      <div class=\"contact-entry mb-1\">\n        <a href=\"tel:+41792068558\"  class=\"simple-link contact-entry mb-1\">+ 41 79 206 85 58<\/a>\n      <\/div>\n                      <div class=\"contact-entry \">\n        <a href=\"mailto:florian.serex@he-arc.ch\"  class=\"simple-link contact-entry mb-1\">florian.serex@he-arc.ch<\/a>\n      <\/div>\n            <\/div>\n<\/div>\n          <\/div>\n\n  <\/div>\n\n  <\/div>\n<\/section>\n","protected":false},"excerpt":{"rendered":"","protected":false},"author":6,"featured_media":0,"parent":37947,"menu_order":0,"comment_status":"closed","ping_status":"closed","template":"","meta":{"_acf_changed":false,"footnotes":""},"he-arc_domain":[150],"class_list":["post-37961","page","type-page","status-publish","hentry","he-arc_domain-engineering"],"acf":[],"yoast_head":"<!-- This site is optimized with the Yoast SEO plugin v26.6 - https:\/\/yoast.com\/wordpress\/plugins\/seo\/ -->\n<title>MicroLean Lab - Haute-Ecole Arc<\/title>\n<meta name=\"description\" content=\"At the MicroLean Lab, the Arc School of Engineering and its partners innovate by creating a connected micro-factory that integrates AI, smart manufacturing, and responsible production.\" \/>\n<meta name=\"robots\" content=\"index, follow, max-snippet:-1, max-image-preview:large, max-video-preview:-1\" \/>\n<link rel=\"canonical\" href=\"https:\/\/www.he-arc.ch\/en\/engineering\/innovation-labs\/microlean-lab\/\" \/>\n<meta property=\"og:locale\" content=\"en_US\" \/>\n<meta property=\"og:type\" content=\"article\" \/>\n<meta property=\"og:title\" content=\"MicroLean Lab - Haute-Ecole Arc\" \/>\n<meta property=\"og:description\" content=\"At the MicroLean Lab, the Arc School of Engineering and its partners innovate by creating a connected micro-factory that integrates AI, smart manufacturing, and responsible production.\" \/>\n<meta property=\"og:url\" content=\"https:\/\/www.he-arc.ch\/en\/engineering\/innovation-labs\/microlean-lab\/\" \/>\n<meta property=\"og:site_name\" content=\"Haute-Ecole Arc\" \/>\n<meta property=\"article:modified_time\" content=\"2025-08-19T07:27:52+00:00\" \/>\n<meta name=\"twitter:card\" content=\"summary_large_image\" \/>\n<meta name=\"twitter:label1\" content=\"Est. reading time\" \/>\n\t<meta name=\"twitter:data1\" content=\"1 minute\" \/>\n<script type=\"application\/ld+json\" class=\"yoast-schema-graph\">{\"@context\":\"https:\/\/schema.org\",\"@graph\":[{\"@type\":\"WebPage\",\"@id\":\"https:\/\/www.he-arc.ch\/en\/engineering\/innovation-labs\/microlean-lab\/\",\"url\":\"https:\/\/www.he-arc.ch\/en\/engineering\/innovation-labs\/microlean-lab\/\",\"name\":\"MicroLean Lab - Haute-Ecole Arc\",\"isPartOf\":{\"@id\":\"https:\/\/www.he-arc.ch\/en\/#website\"},\"datePublished\":\"2022-02-09T14:26:32+00:00\",\"dateModified\":\"2025-08-19T07:27:52+00:00\",\"description\":\"At the MicroLean Lab, the Arc School of Engineering and its partners innovate by creating a connected micro-factory that integrates AI, smart manufacturing, and responsible production.\",\"breadcrumb\":{\"@id\":\"https:\/\/www.he-arc.ch\/en\/engineering\/innovation-labs\/microlean-lab\/#breadcrumb\"},\"inLanguage\":\"en-US\",\"potentialAction\":[{\"@type\":\"ReadAction\",\"target\":[\"https:\/\/www.he-arc.ch\/en\/engineering\/innovation-labs\/microlean-lab\/\"]}]},{\"@type\":\"BreadcrumbList\",\"@id\":\"https:\/\/www.he-arc.ch\/en\/engineering\/innovation-labs\/microlean-lab\/#breadcrumb\",\"itemListElement\":[{\"@type\":\"ListItem\",\"position\":1,\"name\":\"Accueil\",\"item\":\"https:\/\/www.he-arc.ch\/en\/\"},{\"@type\":\"ListItem\",\"position\":2,\"name\":\"Innovation Labs\",\"item\":\"https:\/\/www.he-arc.ch\/en\/engineering\/innovation-labs\/\"},{\"@type\":\"ListItem\",\"position\":3,\"name\":\"MicroLean Lab\"}]},{\"@type\":\"WebSite\",\"@id\":\"https:\/\/www.he-arc.ch\/en\/#website\",\"url\":\"https:\/\/www.he-arc.ch\/en\/\",\"name\":\"Haute-Ecole Arc\",\"description\":\"Haute \u00e9cole sp\u00e9cialis\u00e9e Suisse. Gestion, Ing\u00e9nierie, Sant\u00e9, Conservation-\u200brestauration.\",\"publisher\":{\"@id\":\"https:\/\/www.he-arc.ch\/en\/#organization\"},\"potentialAction\":[{\"@type\":\"SearchAction\",\"target\":{\"@type\":\"EntryPoint\",\"urlTemplate\":\"https:\/\/www.he-arc.ch\/en\/?s={search_term_string}\"},\"query-input\":{\"@type\":\"PropertyValueSpecification\",\"valueRequired\":true,\"valueName\":\"search_term_string\"}}],\"inLanguage\":\"en-US\"},{\"@type\":\"Organization\",\"@id\":\"https:\/\/www.he-arc.ch\/en\/#organization\",\"name\":\"Haute Ecole Arc\",\"url\":\"https:\/\/www.he-arc.ch\/en\/\",\"logo\":{\"@type\":\"ImageObject\",\"inLanguage\":\"en-US\",\"@id\":\"https:\/\/www.he-arc.ch\/en\/#\/schema\/logo\/image\/\",\"url\":\"https:\/\/www.he-arc.ch\/wp-content\/uploads\/2022\/01\/logo-he-arc.svg\",\"contentUrl\":\"https:\/\/www.he-arc.ch\/wp-content\/uploads\/2022\/01\/logo-he-arc.svg\",\"width\":140,\"height\":42,\"caption\":\"Haute Ecole Arc\"},\"image\":{\"@id\":\"https:\/\/www.he-arc.ch\/en\/#\/schema\/logo\/image\/\"}}]}<\/script>\n<!-- \/ Yoast SEO plugin. -->","yoast_head_json":{"title":"MicroLean Lab - Haute-Ecole Arc","description":"At the MicroLean Lab, the Arc School of Engineering and its partners innovate by creating a connected micro-factory that integrates AI, smart manufacturing, and responsible production.","robots":{"index":"index","follow":"follow","max-snippet":"max-snippet:-1","max-image-preview":"max-image-preview:large","max-video-preview":"max-video-preview:-1"},"canonical":"https:\/\/www.he-arc.ch\/en\/engineering\/innovation-labs\/microlean-lab\/","og_locale":"en_US","og_type":"article","og_title":"MicroLean Lab - Haute-Ecole Arc","og_description":"At the MicroLean Lab, the Arc School of Engineering and its partners innovate by creating a connected micro-factory that integrates AI, smart manufacturing, and responsible production.","og_url":"https:\/\/www.he-arc.ch\/en\/engineering\/innovation-labs\/microlean-lab\/","og_site_name":"Haute-Ecole Arc","article_modified_time":"2025-08-19T07:27:52+00:00","twitter_card":"summary_large_image","twitter_misc":{"Est. reading time":"1 minute"},"schema":{"@context":"https:\/\/schema.org","@graph":[{"@type":"WebPage","@id":"https:\/\/www.he-arc.ch\/en\/engineering\/innovation-labs\/microlean-lab\/","url":"https:\/\/www.he-arc.ch\/en\/engineering\/innovation-labs\/microlean-lab\/","name":"MicroLean Lab - Haute-Ecole Arc","isPartOf":{"@id":"https:\/\/www.he-arc.ch\/en\/#website"},"datePublished":"2022-02-09T14:26:32+00:00","dateModified":"2025-08-19T07:27:52+00:00","description":"At the MicroLean Lab, the Arc School of Engineering and its partners innovate by creating a connected micro-factory that integrates AI, smart manufacturing, and responsible production.","breadcrumb":{"@id":"https:\/\/www.he-arc.ch\/en\/engineering\/innovation-labs\/microlean-lab\/#breadcrumb"},"inLanguage":"en-US","potentialAction":[{"@type":"ReadAction","target":["https:\/\/www.he-arc.ch\/en\/engineering\/innovation-labs\/microlean-lab\/"]}]},{"@type":"BreadcrumbList","@id":"https:\/\/www.he-arc.ch\/en\/engineering\/innovation-labs\/microlean-lab\/#breadcrumb","itemListElement":[{"@type":"ListItem","position":1,"name":"Accueil","item":"https:\/\/www.he-arc.ch\/en\/"},{"@type":"ListItem","position":2,"name":"Innovation Labs","item":"https:\/\/www.he-arc.ch\/en\/engineering\/innovation-labs\/"},{"@type":"ListItem","position":3,"name":"MicroLean Lab"}]},{"@type":"WebSite","@id":"https:\/\/www.he-arc.ch\/en\/#website","url":"https:\/\/www.he-arc.ch\/en\/","name":"Haute-Ecole Arc","description":"Haute \u00e9cole sp\u00e9cialis\u00e9e Suisse. Gestion, Ing\u00e9nierie, Sant\u00e9, Conservation-\u200brestauration.","publisher":{"@id":"https:\/\/www.he-arc.ch\/en\/#organization"},"potentialAction":[{"@type":"SearchAction","target":{"@type":"EntryPoint","urlTemplate":"https:\/\/www.he-arc.ch\/en\/?s={search_term_string}"},"query-input":{"@type":"PropertyValueSpecification","valueRequired":true,"valueName":"search_term_string"}}],"inLanguage":"en-US"},{"@type":"Organization","@id":"https:\/\/www.he-arc.ch\/en\/#organization","name":"Haute Ecole Arc","url":"https:\/\/www.he-arc.ch\/en\/","logo":{"@type":"ImageObject","inLanguage":"en-US","@id":"https:\/\/www.he-arc.ch\/en\/#\/schema\/logo\/image\/","url":"https:\/\/www.he-arc.ch\/wp-content\/uploads\/2022\/01\/logo-he-arc.svg","contentUrl":"https:\/\/www.he-arc.ch\/wp-content\/uploads\/2022\/01\/logo-he-arc.svg","width":140,"height":42,"caption":"Haute Ecole Arc"},"image":{"@id":"https:\/\/www.he-arc.ch\/en\/#\/schema\/logo\/image\/"}}]}},"_links":{"self":[{"href":"https:\/\/www.he-arc.ch\/en\/wp-json\/wp\/v2\/pages\/37961","targetHints":{"allow":["GET"]}}],"collection":[{"href":"https:\/\/www.he-arc.ch\/en\/wp-json\/wp\/v2\/pages"}],"about":[{"href":"https:\/\/www.he-arc.ch\/en\/wp-json\/wp\/v2\/types\/page"}],"author":[{"embeddable":true,"href":"https:\/\/www.he-arc.ch\/en\/wp-json\/wp\/v2\/users\/6"}],"replies":[{"embeddable":true,"href":"https:\/\/www.he-arc.ch\/en\/wp-json\/wp\/v2\/comments?post=37961"}],"version-history":[{"count":6,"href":"https:\/\/www.he-arc.ch\/en\/wp-json\/wp\/v2\/pages\/37961\/revisions"}],"predecessor-version":[{"id":37981,"href":"https:\/\/www.he-arc.ch\/en\/wp-json\/wp\/v2\/pages\/37961\/revisions\/37981"}],"up":[{"embeddable":true,"href":"https:\/\/www.he-arc.ch\/en\/wp-json\/wp\/v2\/pages\/37947"}],"wp:attachment":[{"href":"https:\/\/www.he-arc.ch\/en\/wp-json\/wp\/v2\/media?parent=37961"}],"wp:term":[{"taxonomy":"he-arc_domain","embeddable":true,"href":"https:\/\/www.he-arc.ch\/en\/wp-json\/wp\/v2\/he-arc_domain?post=37961"}],"curies":[{"name":"wp","href":"https:\/\/api.w.org\/{rel}","templated":true}]}}