{"id":37962,"date":"2022-02-09T15:38:32","date_gmt":"2022-02-09T14:38:32","guid":{"rendered":"https:\/\/www.he-arc.ch\/?p=37962"},"modified":"2025-08-19T09:27:38","modified_gmt":"2025-08-19T07:27:38","slug":"ux-lab","status":"publish","type":"page","link":"https:\/\/www.he-arc.ch\/en\/engineering\/innovation-labs\/ux-lab\/","title":{"rendered":"UX-Lab"},"content":{"rendered":"<header class=\"hero-section is-simple page-max is-wide\">\n  <div class=\"hero\">\n    <div class=\"hero-nav page-max\">\n      \n  <div class=\"breadcrumb hidden-print\">\n    <div class=\"breadcrumb-house\"><img decoding=\"async\" src=\"https:\/\/www.he-arc.ch\/wp-content\/themes\/he-arc\/static\/images\/icon-house.svg\" loading=\"lazy\" alt=\"\" height=\"12\"><\/div>\n    <a href=\"https:\/\/www.he-arc.ch\/en\/\" class=\"breadcrumb-link\">HE-Arc<\/a>\n    <div class=\"breadcrumb-bullet\"><\/div>\n\n          <a href=\"\/\/\" class=\"breadcrumb-link\"><\/a>\n      <div class=\"breadcrumb-bullet\"><\/div>\n    \n    \n              \n    \n                <a href=\"https:\/\/www.he-arc.ch\/en\/engineering\/innovation-labs\/\" class=\"breadcrumb-link\">Innovation Labs<\/a>\n      <div class=\"breadcrumb-bullet\"><\/div>\n    \n    \n    <span class=\"breadcrumb-link is-active pointer-none\">UX-Lab<\/span>\n  <\/div>\n\n          <\/div>\n    <div class=\"hero-row is-simple page-max\">\n      <div>\n        <span class=\"hero__overline display-block\"><\/span>\n        <h1 class=\"hero__title is-small\">UX-Lab<\/h1>\n      <\/div>\n    <\/div>\n  <\/div>\n<\/header>\n\n\n<section class=\"page-section\">\n\n  <div class=\"page-menu--mobile is-shadowed--bold\">\n    <a href=\"#sidebar_contact\" class=\"btn-link border-none w-inline-block\">\n      <span class=\"btn-link__title is-goto\">Contact and Infos<\/span>\n    <\/a>\n  <\/div>\n\n  <div class=\"page-section__inner page-max\">\n\n    <div class=\"article__content is-with-aside\">\n\n      <div class=\"rich-text w-richtext\">\n                \n<div class=\"article__intro rich-text is-large w-richtext\">\n      <p>The UX-Lab is a user testing laboratory that evaluates and designs the usability and user experience of a product.<\/p>\n\n  <\/div>\n\n\n\n<figure class=\"wp-block-image size-large\"><img decoding=\"async\" width=\"1024\" height=\"683\" src=\"https:\/\/www.he-arc.ch\/wp-content\/uploads\/2022\/02\/he_arc_ingenierie_ux_lab-1024x683.jpg\" alt=\"\" class=\"wp-image-25008\" srcset=\"https:\/\/www.he-arc.ch\/wp-content\/uploads\/2022\/02\/he_arc_ingenierie_ux_lab-1024x683.jpg 1024w, https:\/\/www.he-arc.ch\/wp-content\/uploads\/2022\/02\/he_arc_ingenierie_ux_lab-300x200.jpg 300w, https:\/\/www.he-arc.ch\/wp-content\/uploads\/2022\/02\/he_arc_ingenierie_ux_lab-768x512.jpg 768w, https:\/\/www.he-arc.ch\/wp-content\/uploads\/2022\/02\/he_arc_ingenierie_ux_lab-1536x1024.jpg 1536w, https:\/\/www.he-arc.ch\/wp-content\/uploads\/2022\/02\/he_arc_ingenierie_ux_lab-2048x1366.jpg 2048w\" sizes=\"(max-width: 1024px) 100vw, 1024px\" \/><\/figure>\n\n\n\n<p>The benefits of User Centered Design are now well established. Many projects involve users throughout the design process, for more intuitive, productive, safe and attractive products.<\/p>\n\n\n\n<h2 class=\"wp-block-heading\" id=\"title1\">Objectives<\/h2>\n\n\n\n<p>The UX-Lab must allow to evaluate and design the usability and the user experience (UX) of a physical or digital product, by observing how users interact with it.<\/p>\n\n\n\n<p>This testing phase, often iterative, is essential to validate the relevance of a product before it is put on the market. Validation is based on qualitative data from individual interviews with users, and on quantitative data, measured using the UX-Lab&#8217;s state-of-the-art equipment.<\/p>\n\n\n\n<h2 class=\"wp-block-heading\" id=\"competencesactivites\">Skills<\/h2>\n\n\n\n<p>The UX-Lab consists of an isophonic observation room, with one-way glass, and a test room, equipped with motorized cameras and microphones, allowing the implementation of various usage scenarios.<\/p>\n\n\n\n<p>The UX-Lab has equipment in the areas of eyetracking (eye tracking), virtual reality and biometric sensors.<\/p>\n\n\n\n<h2 class=\"wp-block-heading\" id=\"competencesactivites\">Activities<\/h2>\n\n\n\n<ul class=\"wp-block-list\"><li>Testing of physical and digital products through various usage scenarios<\/li><li>Advice and support<\/li><li>Focus group<\/li><\/ul>\n\n\n\n<p><a href=\"https:\/\/www.he-arc.ch\/wp-content\/uploads\/2022\/09\/he-arc-ingenierie-ux-lab-tarifs-prestations-1.pdf\" target=\"_blank\" rel=\"noreferrer noopener\">Services and rates (FR)<\/a><\/p>\n\n\n            <\/div>\n\n    <\/div>\n\n    <div class=\"article__aside w-100p\" id=\"sidebar_contact\">\n\n  <aside class=\"page-section__aside\">\n    <\/aside>\n\n      <div class=\" w-100p\">\n              <h4 class=\"link-list__title\">Contact<\/h4>\n        \n<div id=\"contact-card-block_60f6df459cb1e\" class=\"contact-card is-shadowed  is-not-contained\">\n  <div class=\"contact-card__inner\">\n                <div class=\"contact-entry mb-1\">\n        UX Lab Manager:\n      <\/div>\n                      <div class=\"contact-entry mb-1\">\n        Lo\u00efc Ray\n      <\/div>\n                      <div class=\"contact-entry \">\n        <a href=\"mailto:ux-lab@he-arc.ch\"  class=\"simple-link contact-entry mb-1\">ux-lab@he-arc.ch<\/a>\n      <\/div>\n            <\/div>\n<\/div>\n          <\/div>\n\n  <\/div>\n\n  <\/div>\n<\/section>\n","protected":false},"excerpt":{"rendered":"","protected":false},"author":6,"featured_media":0,"parent":37947,"menu_order":190,"comment_status":"closed","ping_status":"closed","template":"","meta":{"_acf_changed":false,"footnotes":""},"he-arc_domain":[150],"class_list":["post-37962","page","type-page","status-publish","hentry","he-arc_domain-engineering"],"acf":[],"yoast_head":"<!-- This site is optimized with the Yoast SEO plugin v26.6 - https:\/\/yoast.com\/wordpress\/plugins\/seo\/ -->\n<title>UX-Lab - Haute-Ecole Arc<\/title>\n<meta name=\"description\" content=\"The UX-Lab innovation laboratory at the Arc School of Engineering is equipped with eye-tracking, VR, and biometric sensors to improve the user experience of physical and digital products.\" \/>\n<meta name=\"robots\" content=\"index, follow, max-snippet:-1, max-image-preview:large, max-video-preview:-1\" \/>\n<link rel=\"canonical\" href=\"https:\/\/www.he-arc.ch\/en\/engineering\/innovation-labs\/ux-lab\/\" \/>\n<meta property=\"og:locale\" content=\"en_US\" \/>\n<meta property=\"og:type\" content=\"article\" \/>\n<meta property=\"og:title\" content=\"UX-Lab - Haute-Ecole Arc\" \/>\n<meta property=\"og:description\" content=\"The UX-Lab innovation laboratory at the Arc School of Engineering is equipped with eye-tracking, VR, and biometric sensors to improve the user experience of physical and digital products.\" \/>\n<meta property=\"og:url\" content=\"https:\/\/www.he-arc.ch\/en\/engineering\/innovation-labs\/ux-lab\/\" \/>\n<meta property=\"og:site_name\" content=\"Haute-Ecole Arc\" \/>\n<meta property=\"article:modified_time\" content=\"2025-08-19T07:27:38+00:00\" \/>\n<meta property=\"og:image\" content=\"https:\/\/www.he-arc.ch\/wp-content\/uploads\/2022\/02\/he_arc_ingenierie_ux_lab-1024x683.jpg\" \/>\n<meta name=\"twitter:card\" content=\"summary_large_image\" \/>\n<meta name=\"twitter:label1\" content=\"Est. reading time\" \/>\n\t<meta name=\"twitter:data1\" content=\"2 minutes\" \/>\n<script type=\"application\/ld+json\" class=\"yoast-schema-graph\">{\"@context\":\"https:\/\/schema.org\",\"@graph\":[{\"@type\":\"WebPage\",\"@id\":\"https:\/\/www.he-arc.ch\/en\/engineering\/innovation-labs\/ux-lab\/\",\"url\":\"https:\/\/www.he-arc.ch\/en\/engineering\/innovation-labs\/ux-lab\/\",\"name\":\"UX-Lab - Haute-Ecole Arc\",\"isPartOf\":{\"@id\":\"https:\/\/www.he-arc.ch\/en\/#website\"},\"primaryImageOfPage\":{\"@id\":\"https:\/\/www.he-arc.ch\/en\/engineering\/innovation-labs\/ux-lab\/#primaryimage\"},\"image\":{\"@id\":\"https:\/\/www.he-arc.ch\/en\/engineering\/innovation-labs\/ux-lab\/#primaryimage\"},\"thumbnailUrl\":\"https:\/\/www.he-arc.ch\/wp-content\/uploads\/2022\/02\/he_arc_ingenierie_ux_lab-1024x683.jpg\",\"datePublished\":\"2022-02-09T14:38:32+00:00\",\"dateModified\":\"2025-08-19T07:27:38+00:00\",\"description\":\"The UX-Lab innovation laboratory at the Arc School of Engineering is equipped with eye-tracking, VR, and biometric sensors to improve the user experience of physical and digital products.\",\"breadcrumb\":{\"@id\":\"https:\/\/www.he-arc.ch\/en\/engineering\/innovation-labs\/ux-lab\/#breadcrumb\"},\"inLanguage\":\"en-US\",\"potentialAction\":[{\"@type\":\"ReadAction\",\"target\":[\"https:\/\/www.he-arc.ch\/en\/engineering\/innovation-labs\/ux-lab\/\"]}]},{\"@type\":\"ImageObject\",\"inLanguage\":\"en-US\",\"@id\":\"https:\/\/www.he-arc.ch\/en\/engineering\/innovation-labs\/ux-lab\/#primaryimage\",\"url\":\"https:\/\/www.he-arc.ch\/wp-content\/uploads\/2022\/02\/he_arc_ingenierie_ux_lab-1024x683.jpg\",\"contentUrl\":\"https:\/\/www.he-arc.ch\/wp-content\/uploads\/2022\/02\/he_arc_ingenierie_ux_lab-1024x683.jpg\"},{\"@type\":\"BreadcrumbList\",\"@id\":\"https:\/\/www.he-arc.ch\/en\/engineering\/innovation-labs\/ux-lab\/#breadcrumb\",\"itemListElement\":[{\"@type\":\"ListItem\",\"position\":1,\"name\":\"Accueil\",\"item\":\"https:\/\/www.he-arc.ch\/en\/\"},{\"@type\":\"ListItem\",\"position\":2,\"name\":\"Innovation Labs\",\"item\":\"https:\/\/www.he-arc.ch\/en\/engineering\/innovation-labs\/\"},{\"@type\":\"ListItem\",\"position\":3,\"name\":\"UX-Lab\"}]},{\"@type\":\"WebSite\",\"@id\":\"https:\/\/www.he-arc.ch\/en\/#website\",\"url\":\"https:\/\/www.he-arc.ch\/en\/\",\"name\":\"Haute-Ecole Arc\",\"description\":\"Haute \u00e9cole sp\u00e9cialis\u00e9e Suisse. Gestion, Ing\u00e9nierie, Sant\u00e9, Conservation-\u200brestauration.\",\"publisher\":{\"@id\":\"https:\/\/www.he-arc.ch\/en\/#organization\"},\"potentialAction\":[{\"@type\":\"SearchAction\",\"target\":{\"@type\":\"EntryPoint\",\"urlTemplate\":\"https:\/\/www.he-arc.ch\/en\/?s={search_term_string}\"},\"query-input\":{\"@type\":\"PropertyValueSpecification\",\"valueRequired\":true,\"valueName\":\"search_term_string\"}}],\"inLanguage\":\"en-US\"},{\"@type\":\"Organization\",\"@id\":\"https:\/\/www.he-arc.ch\/en\/#organization\",\"name\":\"Haute Ecole Arc\",\"url\":\"https:\/\/www.he-arc.ch\/en\/\",\"logo\":{\"@type\":\"ImageObject\",\"inLanguage\":\"en-US\",\"@id\":\"https:\/\/www.he-arc.ch\/en\/#\/schema\/logo\/image\/\",\"url\":\"https:\/\/www.he-arc.ch\/wp-content\/uploads\/2022\/01\/logo-he-arc.svg\",\"contentUrl\":\"https:\/\/www.he-arc.ch\/wp-content\/uploads\/2022\/01\/logo-he-arc.svg\",\"width\":140,\"height\":42,\"caption\":\"Haute Ecole Arc\"},\"image\":{\"@id\":\"https:\/\/www.he-arc.ch\/en\/#\/schema\/logo\/image\/\"}}]}<\/script>\n<!-- \/ Yoast SEO plugin. -->","yoast_head_json":{"title":"UX-Lab - Haute-Ecole Arc","description":"The UX-Lab innovation laboratory at the Arc School of Engineering is equipped with eye-tracking, VR, and biometric sensors to improve the user experience of physical and digital products.","robots":{"index":"index","follow":"follow","max-snippet":"max-snippet:-1","max-image-preview":"max-image-preview:large","max-video-preview":"max-video-preview:-1"},"canonical":"https:\/\/www.he-arc.ch\/en\/engineering\/innovation-labs\/ux-lab\/","og_locale":"en_US","og_type":"article","og_title":"UX-Lab - Haute-Ecole Arc","og_description":"The UX-Lab innovation laboratory at the Arc School of Engineering is equipped with eye-tracking, VR, and biometric sensors to improve the user experience of physical and digital products.","og_url":"https:\/\/www.he-arc.ch\/en\/engineering\/innovation-labs\/ux-lab\/","og_site_name":"Haute-Ecole Arc","article_modified_time":"2025-08-19T07:27:38+00:00","og_image":[{"url":"https:\/\/www.he-arc.ch\/wp-content\/uploads\/2022\/02\/he_arc_ingenierie_ux_lab-1024x683.jpg","type":"","width":"","height":""}],"twitter_card":"summary_large_image","twitter_misc":{"Est. reading time":"2 minutes"},"schema":{"@context":"https:\/\/schema.org","@graph":[{"@type":"WebPage","@id":"https:\/\/www.he-arc.ch\/en\/engineering\/innovation-labs\/ux-lab\/","url":"https:\/\/www.he-arc.ch\/en\/engineering\/innovation-labs\/ux-lab\/","name":"UX-Lab - Haute-Ecole Arc","isPartOf":{"@id":"https:\/\/www.he-arc.ch\/en\/#website"},"primaryImageOfPage":{"@id":"https:\/\/www.he-arc.ch\/en\/engineering\/innovation-labs\/ux-lab\/#primaryimage"},"image":{"@id":"https:\/\/www.he-arc.ch\/en\/engineering\/innovation-labs\/ux-lab\/#primaryimage"},"thumbnailUrl":"https:\/\/www.he-arc.ch\/wp-content\/uploads\/2022\/02\/he_arc_ingenierie_ux_lab-1024x683.jpg","datePublished":"2022-02-09T14:38:32+00:00","dateModified":"2025-08-19T07:27:38+00:00","description":"The UX-Lab innovation laboratory at the Arc School of Engineering is equipped with eye-tracking, VR, and biometric sensors to improve the user experience of physical and digital products.","breadcrumb":{"@id":"https:\/\/www.he-arc.ch\/en\/engineering\/innovation-labs\/ux-lab\/#breadcrumb"},"inLanguage":"en-US","potentialAction":[{"@type":"ReadAction","target":["https:\/\/www.he-arc.ch\/en\/engineering\/innovation-labs\/ux-lab\/"]}]},{"@type":"ImageObject","inLanguage":"en-US","@id":"https:\/\/www.he-arc.ch\/en\/engineering\/innovation-labs\/ux-lab\/#primaryimage","url":"https:\/\/www.he-arc.ch\/wp-content\/uploads\/2022\/02\/he_arc_ingenierie_ux_lab-1024x683.jpg","contentUrl":"https:\/\/www.he-arc.ch\/wp-content\/uploads\/2022\/02\/he_arc_ingenierie_ux_lab-1024x683.jpg"},{"@type":"BreadcrumbList","@id":"https:\/\/www.he-arc.ch\/en\/engineering\/innovation-labs\/ux-lab\/#breadcrumb","itemListElement":[{"@type":"ListItem","position":1,"name":"Accueil","item":"https:\/\/www.he-arc.ch\/en\/"},{"@type":"ListItem","position":2,"name":"Innovation Labs","item":"https:\/\/www.he-arc.ch\/en\/engineering\/innovation-labs\/"},{"@type":"ListItem","position":3,"name":"UX-Lab"}]},{"@type":"WebSite","@id":"https:\/\/www.he-arc.ch\/en\/#website","url":"https:\/\/www.he-arc.ch\/en\/","name":"Haute-Ecole Arc","description":"Haute \u00e9cole sp\u00e9cialis\u00e9e Suisse. Gestion, Ing\u00e9nierie, Sant\u00e9, Conservation-\u200brestauration.","publisher":{"@id":"https:\/\/www.he-arc.ch\/en\/#organization"},"potentialAction":[{"@type":"SearchAction","target":{"@type":"EntryPoint","urlTemplate":"https:\/\/www.he-arc.ch\/en\/?s={search_term_string}"},"query-input":{"@type":"PropertyValueSpecification","valueRequired":true,"valueName":"search_term_string"}}],"inLanguage":"en-US"},{"@type":"Organization","@id":"https:\/\/www.he-arc.ch\/en\/#organization","name":"Haute Ecole Arc","url":"https:\/\/www.he-arc.ch\/en\/","logo":{"@type":"ImageObject","inLanguage":"en-US","@id":"https:\/\/www.he-arc.ch\/en\/#\/schema\/logo\/image\/","url":"https:\/\/www.he-arc.ch\/wp-content\/uploads\/2022\/01\/logo-he-arc.svg","contentUrl":"https:\/\/www.he-arc.ch\/wp-content\/uploads\/2022\/01\/logo-he-arc.svg","width":140,"height":42,"caption":"Haute Ecole Arc"},"image":{"@id":"https:\/\/www.he-arc.ch\/en\/#\/schema\/logo\/image\/"}}]}},"_links":{"self":[{"href":"https:\/\/www.he-arc.ch\/en\/wp-json\/wp\/v2\/pages\/37962","targetHints":{"allow":["GET"]}}],"collection":[{"href":"https:\/\/www.he-arc.ch\/en\/wp-json\/wp\/v2\/pages"}],"about":[{"href":"https:\/\/www.he-arc.ch\/en\/wp-json\/wp\/v2\/types\/page"}],"author":[{"embeddable":true,"href":"https:\/\/www.he-arc.ch\/en\/wp-json\/wp\/v2\/users\/6"}],"replies":[{"embeddable":true,"href":"https:\/\/www.he-arc.ch\/en\/wp-json\/wp\/v2\/comments?post=37962"}],"version-history":[{"count":10,"href":"https:\/\/www.he-arc.ch\/en\/wp-json\/wp\/v2\/pages\/37962\/revisions"}],"predecessor-version":[{"id":39280,"href":"https:\/\/www.he-arc.ch\/en\/wp-json\/wp\/v2\/pages\/37962\/revisions\/39280"}],"up":[{"embeddable":true,"href":"https:\/\/www.he-arc.ch\/en\/wp-json\/wp\/v2\/pages\/37947"}],"wp:attachment":[{"href":"https:\/\/www.he-arc.ch\/en\/wp-json\/wp\/v2\/media?parent=37962"}],"wp:term":[{"taxonomy":"he-arc_domain","embeddable":true,"href":"https:\/\/www.he-arc.ch\/en\/wp-json\/wp\/v2\/he-arc_domain?post=37962"}],"curies":[{"name":"wp","href":"https:\/\/api.w.org\/{rel}","templated":true}]}}