{"id":52864,"date":"2023-12-04T15:16:03","date_gmt":"2023-12-04T14:16:03","guid":{"rendered":"https:\/\/www.he-arc.ch\/en\/?p=52864"},"modified":"2025-04-03T09:41:28","modified_gmt":"2025-04-03T07:41:28","slug":"masterclass-workshops","status":"publish","type":"page","link":"https:\/\/www.he-arc.ch\/en\/business-management\/masterclass-workshops\/","title":{"rendered":"Masterclass\/Workshops"},"content":{"rendered":"<header class=\"hero-section is-simple page-max is-wide\">\n  <div class=\"hero\">\n    <div class=\"hero-nav page-max\">\n      \n  <div class=\"breadcrumb hidden-print\">\n    <div class=\"breadcrumb-house\"><img decoding=\"async\" src=\"https:\/\/www.he-arc.ch\/wp-content\/themes\/he-arc\/static\/images\/icon-house.svg\" loading=\"lazy\" alt=\"\" height=\"12\"><\/div>\n    <a href=\"https:\/\/www.he-arc.ch\/en\/\" class=\"breadcrumb-link\">HE-Arc<\/a>\n    <div class=\"breadcrumb-bullet\"><\/div>\n\n          <a href=\"\/\/\" class=\"breadcrumb-link\"><\/a>\n      <div class=\"breadcrumb-bullet\"><\/div>\n    \n    \n              \n    \n    \n    \n    <span class=\"breadcrumb-link is-active pointer-none\">Masterclass\/Workshops<\/span>\n  <\/div>\n\n          <\/div>\n    <div class=\"hero-row is-simple page-max\">\n      <div>\n        <span class=\"hero__overline display-block\"><\/span>\n        <h1 class=\"hero__title is-small\">Masterclass\/Workshops<\/h1>\n      <\/div>\n    <\/div>\n  <\/div>\n<\/header>\n\n\n<section class=\"page-section\">\n\n  <div class=\"page-menu--mobile is-shadowed--bold\">\n    <a href=\"#sidebar_contact\" class=\"btn-link border-none w-inline-block\">\n      <span class=\"btn-link__title is-goto\">Contact and Infos<\/span>\n    <\/a>\n  <\/div>\n\n  <div class=\"page-section__inner page-max\">\n\n    <div class=\"article__content is-with-aside\">\n\n      <div class=\"rich-text w-richtext\">\n                \n\n<p>Our series of Masterclasses\/Workshops are short courses dealing with very practical and concrete cases in order to come up with solutions that can be applied in the field. They are given by experienced speakers who are experts in their field.&nbsp;<\/p>\n\n\n\n<p>These short courses are designed for people who want to update their knowledge of a specific topic.<\/p>\n\n\n\n<p>There are many advantages to this offer :<\/p>\n\n\n\n<ul class=\"wp-block-list\">\n<li>updating knowledge (and know-how)<\/li>\n\n\n\n<li>exchange of ideas and experience<\/li>\n\n\n\n<li>development of a network of contacts<\/li>\n\n\n\n<li>strong practical focus<\/li>\n\n\n\n<li>speakers who are professionals in their field<\/li>\n<\/ul>\n\n\n\n<h2 class=\"wp-block-heading\"><br><\/h2>\n\n\n\n<h2 class=\"wp-block-heading\" id=\"grandpublic\">Agenda<\/h2>\n\n\n\n  <div class=\"is-not-contained \">\n\n  \n          <ul class=\"event-list flex-row w-list-unstyled  \">\n                                                      <li class=\"size-1-2 size-full-mobile\" data-theme=\"2\">\n            <a href=\"https:\/\/www.he-arc.ch\/en\/agenda\/masterclass-rh-marketing-faire-de-la-marque-employeur-un-atout-strategique-pour-lentreprise\/\" class=\"card is-tall is-shadowed  \">\n              <div class=\"event-card__meta\">\n                <div class=\"display-flex\">\n                  <span class=\"tag no-wrap mb-0 mr-1 is-bordered\">Gestion<\/span>\n                <\/div>\n                <div class=\"meta-extra\">\n                  <div class=\"meta-date \">\n                    30.04\n                                                          <\/div>\n                                  <\/div>\n              <\/div>\n              <h3 class=\"card__title pretty-underline \">Masterclass RH &amp; Marketing: Faire de la Marque employeur un atout strat\u00e9gique pour l\u2019entreprise<\/h3>\n            <\/a>\n          <\/li>\n                                                              <li class=\"size-1-2 size-full-mobile\" data-theme=\"2\">\n            <a href=\"https:\/\/www.he-arc.ch\/en\/agenda\/masterclass-rh-management-reussir-sa-strategie-de-gestion-des-talents-les-cles-pour-attirer-developper-et-retenir-les-competences\/\" class=\"card is-tall is-shadowed  \">\n              <div class=\"event-card__meta\">\n                <div class=\"display-flex\">\n                  <span class=\"tag no-wrap mb-0 mr-1 is-bordered\">Gestion<\/span>\n                <\/div>\n                <div class=\"meta-extra\">\n                  <div class=\"meta-date \">\n                    07.05\n                                                          <\/div>\n                                  <\/div>\n              <\/div>\n              <h3 class=\"card__title pretty-underline \">MasterClass RH &amp; Management &#8211; R\u00e9ussir sa strat\u00e9gie de gestion des talents : les cl\u00e9s pour attirer, d\u00e9velopper et retenir les comp\u00e9tences.<\/h3>\n            <\/a>\n          <\/li>\n                  <\/ul>\n          <ul class=\"event-list flex-row w-list-unstyled  \">\n                                                      <li class=\"size-1-2 size-full-mobile\" data-theme=\"2\">\n            <a href=\"https:\/\/www.he-arc.ch\/en\/agenda\/masterclass-rh-management-outils-de-negociation-au-service-des-cadres\/\" class=\"card is-tall is-shadowed  \">\n              <div class=\"event-card__meta\">\n                <div class=\"display-flex\">\n                  <span class=\"tag no-wrap mb-0 mr-1 is-bordered\">Gestion<\/span>\n                <\/div>\n                <div class=\"meta-extra\">\n                  <div class=\"meta-date \">\n                    21.05\n                                                          <\/div>\n                                  <\/div>\n              <\/div>\n              <h3 class=\"card__title pretty-underline \">Masterclass RH &amp; Management : Outils de n\u00e9gociation au service des cadres<\/h3>\n            <\/a>\n          <\/li>\n                                <\/ul>\n    <\/div>\n\n\n\n            <\/div>\n\n    <\/div>\n\n    <div class=\"article__aside w-100p\" id=\"sidebar_contact\">\n\n  <aside class=\"page-section__aside\">\n    <\/aside>\n\n  <\/div>\n\n  <\/div>\n<\/section>\n","protected":false},"excerpt":{"rendered":"","protected":false},"author":12,"featured_media":0,"parent":0,"menu_order":212,"comment_status":"closed","ping_status":"closed","template":"","meta":{"_acf_changed":false,"footnotes":""},"he-arc_domain":[153,232],"class_list":["post-52864","page","type-page","status-publish","hentry","he-arc_domain-business-management","he-arc_domain-gestion-en"],"acf":[],"yoast_head":"<!-- This site is optimized with the Yoast SEO plugin v26.6 - https:\/\/yoast.com\/wordpress\/plugins\/seo\/ -->\n<title>Masterclass\/Workshops - Haute-Ecole Arc<\/title>\n<meta name=\"description\" content=\"Our series of Masterclasses\/Workshops are short courses\" \/>\n<meta name=\"robots\" content=\"index, follow, max-snippet:-1, max-image-preview:large, max-video-preview:-1\" \/>\n<link rel=\"canonical\" href=\"https:\/\/www.he-arc.ch\/en\/business-management\/masterclass-workshops\/\" \/>\n<meta property=\"og:locale\" content=\"en_US\" \/>\n<meta property=\"og:type\" content=\"article\" \/>\n<meta property=\"og:title\" content=\"Masterclass\/Workshops - Haute-Ecole Arc\" \/>\n<meta property=\"og:description\" content=\"Our series of Masterclasses\/Workshops are short courses\" \/>\n<meta property=\"og:url\" content=\"https:\/\/www.he-arc.ch\/en\/business-management\/masterclass-workshops\/\" \/>\n<meta property=\"og:site_name\" content=\"Haute-Ecole Arc\" \/>\n<meta property=\"article:modified_time\" content=\"2025-04-03T07:41:28+00:00\" \/>\n<meta name=\"twitter:card\" content=\"summary_large_image\" \/>\n<meta name=\"twitter:label1\" content=\"Est. reading time\" \/>\n\t<meta name=\"twitter:data1\" content=\"1 minute\" \/>\n<script type=\"application\/ld+json\" class=\"yoast-schema-graph\">{\"@context\":\"https:\/\/schema.org\",\"@graph\":[{\"@type\":\"WebPage\",\"@id\":\"https:\/\/www.he-arc.ch\/en\/business-management\/masterclass-workshops\/\",\"url\":\"https:\/\/www.he-arc.ch\/en\/business-management\/masterclass-workshops\/\",\"name\":\"Masterclass\/Workshops - Haute-Ecole Arc\",\"isPartOf\":{\"@id\":\"https:\/\/www.he-arc.ch\/en\/#website\"},\"datePublished\":\"2023-12-04T14:16:03+00:00\",\"dateModified\":\"2025-04-03T07:41:28+00:00\",\"description\":\"Our series of Masterclasses\/Workshops are short courses\",\"breadcrumb\":{\"@id\":\"https:\/\/www.he-arc.ch\/en\/business-management\/masterclass-workshops\/#breadcrumb\"},\"inLanguage\":\"en-US\",\"potentialAction\":[{\"@type\":\"ReadAction\",\"target\":[\"https:\/\/www.he-arc.ch\/en\/business-management\/masterclass-workshops\/\"]}]},{\"@type\":\"BreadcrumbList\",\"@id\":\"https:\/\/www.he-arc.ch\/en\/business-management\/masterclass-workshops\/#breadcrumb\",\"itemListElement\":[{\"@type\":\"ListItem\",\"position\":1,\"name\":\"Accueil\",\"item\":\"https:\/\/www.he-arc.ch\/en\/\"},{\"@type\":\"ListItem\",\"position\":2,\"name\":\"Masterclass\/Workshops\"}]},{\"@type\":\"WebSite\",\"@id\":\"https:\/\/www.he-arc.ch\/en\/#website\",\"url\":\"https:\/\/www.he-arc.ch\/en\/\",\"name\":\"Haute-Ecole Arc\",\"description\":\"Haute \u00e9cole sp\u00e9cialis\u00e9e Suisse. Gestion, Ing\u00e9nierie, Sant\u00e9, Conservation-\u200brestauration.\",\"publisher\":{\"@id\":\"https:\/\/www.he-arc.ch\/en\/#organization\"},\"potentialAction\":[{\"@type\":\"SearchAction\",\"target\":{\"@type\":\"EntryPoint\",\"urlTemplate\":\"https:\/\/www.he-arc.ch\/en\/?s={search_term_string}\"},\"query-input\":{\"@type\":\"PropertyValueSpecification\",\"valueRequired\":true,\"valueName\":\"search_term_string\"}}],\"inLanguage\":\"en-US\"},{\"@type\":\"Organization\",\"@id\":\"https:\/\/www.he-arc.ch\/en\/#organization\",\"name\":\"Haute Ecole Arc\",\"url\":\"https:\/\/www.he-arc.ch\/en\/\",\"logo\":{\"@type\":\"ImageObject\",\"inLanguage\":\"en-US\",\"@id\":\"https:\/\/www.he-arc.ch\/en\/#\/schema\/logo\/image\/\",\"url\":\"https:\/\/www.he-arc.ch\/wp-content\/uploads\/2022\/01\/logo-he-arc.svg\",\"contentUrl\":\"https:\/\/www.he-arc.ch\/wp-content\/uploads\/2022\/01\/logo-he-arc.svg\",\"width\":140,\"height\":42,\"caption\":\"Haute Ecole Arc\"},\"image\":{\"@id\":\"https:\/\/www.he-arc.ch\/en\/#\/schema\/logo\/image\/\"}}]}<\/script>\n<!-- \/ Yoast SEO plugin. -->","yoast_head_json":{"title":"Masterclass\/Workshops - Haute-Ecole Arc","description":"Our series of Masterclasses\/Workshops are short courses","robots":{"index":"index","follow":"follow","max-snippet":"max-snippet:-1","max-image-preview":"max-image-preview:large","max-video-preview":"max-video-preview:-1"},"canonical":"https:\/\/www.he-arc.ch\/en\/business-management\/masterclass-workshops\/","og_locale":"en_US","og_type":"article","og_title":"Masterclass\/Workshops - Haute-Ecole Arc","og_description":"Our series of Masterclasses\/Workshops are short courses","og_url":"https:\/\/www.he-arc.ch\/en\/business-management\/masterclass-workshops\/","og_site_name":"Haute-Ecole Arc","article_modified_time":"2025-04-03T07:41:28+00:00","twitter_card":"summary_large_image","twitter_misc":{"Est. reading time":"1 minute"},"schema":{"@context":"https:\/\/schema.org","@graph":[{"@type":"WebPage","@id":"https:\/\/www.he-arc.ch\/en\/business-management\/masterclass-workshops\/","url":"https:\/\/www.he-arc.ch\/en\/business-management\/masterclass-workshops\/","name":"Masterclass\/Workshops - Haute-Ecole Arc","isPartOf":{"@id":"https:\/\/www.he-arc.ch\/en\/#website"},"datePublished":"2023-12-04T14:16:03+00:00","dateModified":"2025-04-03T07:41:28+00:00","description":"Our series of Masterclasses\/Workshops are short courses","breadcrumb":{"@id":"https:\/\/www.he-arc.ch\/en\/business-management\/masterclass-workshops\/#breadcrumb"},"inLanguage":"en-US","potentialAction":[{"@type":"ReadAction","target":["https:\/\/www.he-arc.ch\/en\/business-management\/masterclass-workshops\/"]}]},{"@type":"BreadcrumbList","@id":"https:\/\/www.he-arc.ch\/en\/business-management\/masterclass-workshops\/#breadcrumb","itemListElement":[{"@type":"ListItem","position":1,"name":"Accueil","item":"https:\/\/www.he-arc.ch\/en\/"},{"@type":"ListItem","position":2,"name":"Masterclass\/Workshops"}]},{"@type":"WebSite","@id":"https:\/\/www.he-arc.ch\/en\/#website","url":"https:\/\/www.he-arc.ch\/en\/","name":"Haute-Ecole Arc","description":"Haute \u00e9cole sp\u00e9cialis\u00e9e Suisse. Gestion, Ing\u00e9nierie, Sant\u00e9, Conservation-\u200brestauration.","publisher":{"@id":"https:\/\/www.he-arc.ch\/en\/#organization"},"potentialAction":[{"@type":"SearchAction","target":{"@type":"EntryPoint","urlTemplate":"https:\/\/www.he-arc.ch\/en\/?s={search_term_string}"},"query-input":{"@type":"PropertyValueSpecification","valueRequired":true,"valueName":"search_term_string"}}],"inLanguage":"en-US"},{"@type":"Organization","@id":"https:\/\/www.he-arc.ch\/en\/#organization","name":"Haute Ecole Arc","url":"https:\/\/www.he-arc.ch\/en\/","logo":{"@type":"ImageObject","inLanguage":"en-US","@id":"https:\/\/www.he-arc.ch\/en\/#\/schema\/logo\/image\/","url":"https:\/\/www.he-arc.ch\/wp-content\/uploads\/2022\/01\/logo-he-arc.svg","contentUrl":"https:\/\/www.he-arc.ch\/wp-content\/uploads\/2022\/01\/logo-he-arc.svg","width":140,"height":42,"caption":"Haute Ecole Arc"},"image":{"@id":"https:\/\/www.he-arc.ch\/en\/#\/schema\/logo\/image\/"}}]}},"_links":{"self":[{"href":"https:\/\/www.he-arc.ch\/en\/wp-json\/wp\/v2\/pages\/52864","targetHints":{"allow":["GET"]}}],"collection":[{"href":"https:\/\/www.he-arc.ch\/en\/wp-json\/wp\/v2\/pages"}],"about":[{"href":"https:\/\/www.he-arc.ch\/en\/wp-json\/wp\/v2\/types\/page"}],"author":[{"embeddable":true,"href":"https:\/\/www.he-arc.ch\/en\/wp-json\/wp\/v2\/users\/12"}],"replies":[{"embeddable":true,"href":"https:\/\/www.he-arc.ch\/en\/wp-json\/wp\/v2\/comments?post=52864"}],"version-history":[{"count":2,"href":"https:\/\/www.he-arc.ch\/en\/wp-json\/wp\/v2\/pages\/52864\/revisions"}],"predecessor-version":[{"id":52867,"href":"https:\/\/www.he-arc.ch\/en\/wp-json\/wp\/v2\/pages\/52864\/revisions\/52867"}],"wp:attachment":[{"href":"https:\/\/www.he-arc.ch\/en\/wp-json\/wp\/v2\/media?parent=52864"}],"wp:term":[{"taxonomy":"he-arc_domain","embeddable":true,"href":"https:\/\/www.he-arc.ch\/en\/wp-json\/wp\/v2\/he-arc_domain?post=52864"}],"curies":[{"name":"wp","href":"https:\/\/api.w.org\/{rel}","templated":true}]}}