{"id":71121,"date":"2025-08-11T12:58:03","date_gmt":"2025-08-11T10:58:03","guid":{"rendered":"https:\/\/www.he-arc.ch\/?p=71121"},"modified":"2025-08-19T08:57:19","modified_gmt":"2025-08-19T06:57:19","slug":"short-sessions-for-professionals","status":"publish","type":"page","link":"https:\/\/www.he-arc.ch\/en\/engineering\/short-sessions-for-professionals\/","title":{"rendered":"Short Sessions for Professionals"},"content":{"rendered":"<header class=\"hero-section is-simple page-max is-wide\">\n  <div class=\"hero\">\n    <div class=\"hero-nav page-max\">\n      \n  <div class=\"breadcrumb hidden-print\">\n    <div class=\"breadcrumb-house\"><img decoding=\"async\" src=\"https:\/\/www.he-arc.ch\/wp-content\/themes\/he-arc\/static\/images\/icon-house.svg\" loading=\"lazy\" alt=\"\" height=\"12\"><\/div>\n    <a href=\"https:\/\/www.he-arc.ch\/en\/\" class=\"breadcrumb-link\">HE-Arc<\/a>\n    <div class=\"breadcrumb-bullet\"><\/div>\n\n          <a href=\"\/\/\" class=\"breadcrumb-link\"><\/a>\n      <div class=\"breadcrumb-bullet\"><\/div>\n    \n    \n              \n    \n    \n    \n    <span class=\"breadcrumb-link is-active pointer-none\">Short Sessions for Professionals<\/span>\n  <\/div>\n\n          <\/div>\n    <div class=\"hero-row is-simple page-max\">\n      <div>\n        <span class=\"hero__overline display-block\"><\/span>\n        <h1 class=\"hero__title is-small\">Short Sessions for Professionals<\/h1>\n      <\/div>\n    <\/div>\n  <\/div>\n<\/header>\n\n\n<section class=\"page-section\">\n\n  <div class=\"page-menu--mobile is-shadowed--bold\">\n    <a href=\"#sidebar_contact\" class=\"btn-link border-none w-inline-block\">\n      <span class=\"btn-link__title is-goto\">Contact and Infos<\/span>\n    <\/a>\n  <\/div>\n\n  <div class=\"page-section__inner page-max\">\n\n    <div class=\"article__content is-with-aside\">\n\n      <div class=\"rich-text w-richtext\">\n                \n<div class=\"article__intro rich-text is-large w-richtext\">\n      <p>The Arc School of Engineering offers short continuing education courses designed in collaboration with our industrial and professional partners to respond quickly and effectively to your skills development needs.<\/p>\n\n  <\/div>\n\n\n\n<div class=\"cta-cards  \">\n\n    \n      \n        <ul class=\"flex-row mt-3 w-list-unstyled\">\n              <li class=\"size-full\">\n  \n  \n        <a href=\"https:\/\/www.he-arc.ch\/en\/engineering\/innovation-labs\/agile-academy\/\"  class=\"cta-card is-wide is-shadowed\">\n                <div class=\"cta-card__image center \" style=\"background-image: url(https:\/\/www.he-arc.ch\/wp-content\/uploads\/2024\/11\/he_arc_ingenierie_agile_academy-300x200.jpg)\"><\/div>\n            <div class=\"cta-card__inner is-with-arrow\">\n                <h3 class=\"cta-card__title pretty-underline is-xlarge\">Agile Academy<\/h3>\n        <p class=\"cta-card__description is-large\">A Richemont &#8211; Arc School of Engineering partnership: modular Lean training platform, which aims to optimize value creation processes by implementing solutions that are accepted by all.<\/p>\n                  <span class=\"icon-arrow-right cta-card__arrow\" \/>\n              <\/div>\n        <\/a>\n    \n  \n<\/li>\n          <\/ul>\n    \n      \n        <ul class=\"flex-row  w-list-unstyled\">\n              <li class=\"size-full\">\n  \n  \n        <a href=\"https:\/\/www.he-arc.ch\/en\/engineering\/short-sessions-for-professionals\/accelerated-courses\/\"  class=\"cta-card is-wide is-shadowed\">\n                <div class=\"cta-card__image center \" style=\"background-image: url(https:\/\/www.he-arc.ch\/wp-content\/uploads\/2024\/10\/he_arc_ingenierie_turboformations-300x169.png)\"><\/div>\n            <div class=\"cta-card__inner is-with-arrow\">\n                <h3 class=\"cta-card__title pretty-underline is-xlarge\">Accelerated Courses<\/h3>\n        <p class=\"cta-card__description is-large\">A Swiss Engineering &#8211; Arc School of Engineering partnership: short, simple, and effective training courses that combine discovery, theory, and practical application, followed by individual work in the form of mini-projects.<\/p>\n                  <span class=\"icon-arrow-right cta-card__arrow\" \/>\n              <\/div>\n        <\/a>\n    \n  \n<\/li>\n          <\/ul>\n    \n  \n<\/div>\n\n            <\/div>\n\n    <\/div>\n\n    <div class=\"article__aside w-100p\" id=\"sidebar_contact\">\n\n  <aside class=\"page-section__aside\">\n    <\/aside>\n\n      <div class=\" w-100p\">\n              <h4 class=\"link-list__title\">Contact<\/h4>\n        \n<div id=\"contact-card-block_b0c1dd58abe3a2e1394e3ebffb9621f6\" class=\"contact-card is-shadowed  is-not-contained\">\n  <div class=\"contact-card__inner\">\n                <div class=\"contact-entry mb-1\">\n        Deputy Director for Continuing Education:\n      <\/div>\n                      <div class=\"contact-entry mb-1\">\n        Nabil Ouerhani\n      <\/div>\n                      <div class=\"contact-entry mb-1\">\n        <a href=\"tel:+41329302208\"  class=\"simple-link contact-entry mb-1\">+ 41 32 930 22 08<\/a>\n      <\/div>\n                      <div class=\"contact-entry \">\n        <a href=\"mailto:Nabil.Ouerhani@he-arc.ch\"  class=\"simple-link contact-entry mb-1\">Nabil.Ouerhani@he-arc.ch<\/a>\n      <\/div>\n            <\/div>\n<\/div>\n          <\/div>\n\n  <\/div>\n\n  <\/div>\n<\/section>\n\n\n<section id_=\"page-section-block_619764c5d740f\"\n         class=\" bg-white page-section\">\n\n    <span id=\"agenda\" class=\"scrollto-offset\"><\/span>\n  \n  <h2 class=\"section-title page-max \">Agenda and News<\/h2>\n  <div class=\"page-section__inner page-max\">\n\n    <div class=\"page-section__content rich-text is-with-aside\">\n\n              \n      <p>No events are planned in the near future.<\/p>\n  \n\n  \n\n      \n    <\/div>\n\n    <div class=\"page-section__aside w-100p\" id=\"sidebar_contact\">\n\n  \n      <div class=\" w-100p\">\n              <div id=\"download-links-block_619764c5d740f\" class=\"\">\n  <div class=\"link-list\">\n\n        <h4 class=\"link-list__title\">Links and documents<\/h4>\n    \n    \n      <div class=\"link-list__item\">\n\t            <a href=\"https:\/\/www.he-arc.ch\/en\/events\/?_domain=ingenierie\" class=\"simple-link\" >\n          See all events\n        <\/a>\n            <\/div>\n\n    \n      <div class=\"link-list__item\">\n\t            <a href=\"https:\/\/www.he-arc.ch\/en\/he-arc-en\/news\/?_domain=ingenierie\" class=\"simple-link\" >\n          See all news\n        <\/a>\n            <\/div>\n\n      <\/div>\n<\/div>\n          <\/div>\n\n  <\/div>\n\n  <\/div>\n<\/section>\n","protected":false},"excerpt":{"rendered":"","protected":false},"author":6,"featured_media":0,"parent":0,"menu_order":222,"comment_status":"closed","ping_status":"closed","template":"","meta":{"_acf_changed":false,"footnotes":""},"he-arc_domain":[150],"class_list":["post-71121","page","type-page","status-publish","hentry","he-arc_domain-engineering"],"acf":[],"yoast_head":"<!-- This site is optimized with the Yoast SEO plugin v26.6 - https:\/\/yoast.com\/wordpress\/plugins\/seo\/ -->\n<title>Short Sessions for Professionals - Haute-Ecole Arc<\/title>\n<meta name=\"description\" content=\"Short continuing education sessions for professionals at the Arc School of Engineering: practical modules in Lean, process optimization, and AI, in partnership with Richemont and Swiss Engineering.\" \/>\n<meta name=\"robots\" content=\"index, follow, max-snippet:-1, max-image-preview:large, max-video-preview:-1\" \/>\n<link rel=\"canonical\" href=\"https:\/\/www.he-arc.ch\/en\/engineering\/short-sessions-for-professionals\/\" \/>\n<meta property=\"og:locale\" content=\"en_US\" \/>\n<meta property=\"og:type\" content=\"article\" \/>\n<meta property=\"og:title\" content=\"Short Sessions for Professionals - Haute-Ecole Arc\" \/>\n<meta property=\"og:description\" content=\"Short continuing education sessions for professionals at the Arc School of Engineering: practical modules in Lean, process optimization, and AI, in partnership with Richemont and Swiss Engineering.\" \/>\n<meta property=\"og:url\" content=\"https:\/\/www.he-arc.ch\/en\/engineering\/short-sessions-for-professionals\/\" \/>\n<meta property=\"og:site_name\" content=\"Haute-Ecole Arc\" \/>\n<meta property=\"article:modified_time\" content=\"2025-08-19T06:57:19+00:00\" \/>\n<meta name=\"twitter:card\" content=\"summary_large_image\" \/>\n<script type=\"application\/ld+json\" class=\"yoast-schema-graph\">{\"@context\":\"https:\/\/schema.org\",\"@graph\":[{\"@type\":\"WebPage\",\"@id\":\"https:\/\/www.he-arc.ch\/en\/engineering\/short-sessions-for-professionals\/\",\"url\":\"https:\/\/www.he-arc.ch\/en\/engineering\/short-sessions-for-professionals\/\",\"name\":\"Short Sessions for Professionals - Haute-Ecole Arc\",\"isPartOf\":{\"@id\":\"https:\/\/www.he-arc.ch\/en\/#website\"},\"datePublished\":\"2025-08-11T10:58:03+00:00\",\"dateModified\":\"2025-08-19T06:57:19+00:00\",\"description\":\"Short continuing education sessions for professionals at the Arc School of Engineering: practical modules in Lean, process optimization, and AI, in partnership with Richemont and Swiss Engineering.\",\"breadcrumb\":{\"@id\":\"https:\/\/www.he-arc.ch\/en\/engineering\/short-sessions-for-professionals\/#breadcrumb\"},\"inLanguage\":\"en-US\",\"potentialAction\":[{\"@type\":\"ReadAction\",\"target\":[\"https:\/\/www.he-arc.ch\/en\/engineering\/short-sessions-for-professionals\/\"]}]},{\"@type\":\"BreadcrumbList\",\"@id\":\"https:\/\/www.he-arc.ch\/en\/engineering\/short-sessions-for-professionals\/#breadcrumb\",\"itemListElement\":[{\"@type\":\"ListItem\",\"position\":1,\"name\":\"Accueil\",\"item\":\"https:\/\/www.he-arc.ch\/en\/\"},{\"@type\":\"ListItem\",\"position\":2,\"name\":\"Short Sessions for Professionals\"}]},{\"@type\":\"WebSite\",\"@id\":\"https:\/\/www.he-arc.ch\/en\/#website\",\"url\":\"https:\/\/www.he-arc.ch\/en\/\",\"name\":\"Haute-Ecole Arc\",\"description\":\"Haute \u00e9cole sp\u00e9cialis\u00e9e Suisse. Gestion, Ing\u00e9nierie, Sant\u00e9, Conservation-\u200brestauration.\",\"publisher\":{\"@id\":\"https:\/\/www.he-arc.ch\/en\/#organization\"},\"potentialAction\":[{\"@type\":\"SearchAction\",\"target\":{\"@type\":\"EntryPoint\",\"urlTemplate\":\"https:\/\/www.he-arc.ch\/en\/?s={search_term_string}\"},\"query-input\":{\"@type\":\"PropertyValueSpecification\",\"valueRequired\":true,\"valueName\":\"search_term_string\"}}],\"inLanguage\":\"en-US\"},{\"@type\":\"Organization\",\"@id\":\"https:\/\/www.he-arc.ch\/en\/#organization\",\"name\":\"Haute Ecole Arc\",\"url\":\"https:\/\/www.he-arc.ch\/en\/\",\"logo\":{\"@type\":\"ImageObject\",\"inLanguage\":\"en-US\",\"@id\":\"https:\/\/www.he-arc.ch\/en\/#\/schema\/logo\/image\/\",\"url\":\"https:\/\/www.he-arc.ch\/wp-content\/uploads\/2022\/01\/logo-he-arc.svg\",\"contentUrl\":\"https:\/\/www.he-arc.ch\/wp-content\/uploads\/2022\/01\/logo-he-arc.svg\",\"width\":140,\"height\":42,\"caption\":\"Haute Ecole Arc\"},\"image\":{\"@id\":\"https:\/\/www.he-arc.ch\/en\/#\/schema\/logo\/image\/\"}}]}<\/script>\n<!-- \/ Yoast SEO plugin. -->","yoast_head_json":{"title":"Short Sessions for Professionals - Haute-Ecole Arc","description":"Short continuing education sessions for professionals at the Arc School of Engineering: practical modules in Lean, process optimization, and AI, in partnership with Richemont and Swiss Engineering.","robots":{"index":"index","follow":"follow","max-snippet":"max-snippet:-1","max-image-preview":"max-image-preview:large","max-video-preview":"max-video-preview:-1"},"canonical":"https:\/\/www.he-arc.ch\/en\/engineering\/short-sessions-for-professionals\/","og_locale":"en_US","og_type":"article","og_title":"Short Sessions for Professionals - Haute-Ecole Arc","og_description":"Short continuing education sessions for professionals at the Arc School of Engineering: practical modules in Lean, process optimization, and AI, in partnership with Richemont and Swiss Engineering.","og_url":"https:\/\/www.he-arc.ch\/en\/engineering\/short-sessions-for-professionals\/","og_site_name":"Haute-Ecole Arc","article_modified_time":"2025-08-19T06:57:19+00:00","twitter_card":"summary_large_image","schema":{"@context":"https:\/\/schema.org","@graph":[{"@type":"WebPage","@id":"https:\/\/www.he-arc.ch\/en\/engineering\/short-sessions-for-professionals\/","url":"https:\/\/www.he-arc.ch\/en\/engineering\/short-sessions-for-professionals\/","name":"Short Sessions for Professionals - Haute-Ecole Arc","isPartOf":{"@id":"https:\/\/www.he-arc.ch\/en\/#website"},"datePublished":"2025-08-11T10:58:03+00:00","dateModified":"2025-08-19T06:57:19+00:00","description":"Short continuing education sessions for professionals at the Arc School of Engineering: practical modules in Lean, process optimization, and AI, in partnership with Richemont and Swiss Engineering.","breadcrumb":{"@id":"https:\/\/www.he-arc.ch\/en\/engineering\/short-sessions-for-professionals\/#breadcrumb"},"inLanguage":"en-US","potentialAction":[{"@type":"ReadAction","target":["https:\/\/www.he-arc.ch\/en\/engineering\/short-sessions-for-professionals\/"]}]},{"@type":"BreadcrumbList","@id":"https:\/\/www.he-arc.ch\/en\/engineering\/short-sessions-for-professionals\/#breadcrumb","itemListElement":[{"@type":"ListItem","position":1,"name":"Accueil","item":"https:\/\/www.he-arc.ch\/en\/"},{"@type":"ListItem","position":2,"name":"Short Sessions for Professionals"}]},{"@type":"WebSite","@id":"https:\/\/www.he-arc.ch\/en\/#website","url":"https:\/\/www.he-arc.ch\/en\/","name":"Haute-Ecole Arc","description":"Haute \u00e9cole sp\u00e9cialis\u00e9e Suisse. Gestion, Ing\u00e9nierie, Sant\u00e9, Conservation-\u200brestauration.","publisher":{"@id":"https:\/\/www.he-arc.ch\/en\/#organization"},"potentialAction":[{"@type":"SearchAction","target":{"@type":"EntryPoint","urlTemplate":"https:\/\/www.he-arc.ch\/en\/?s={search_term_string}"},"query-input":{"@type":"PropertyValueSpecification","valueRequired":true,"valueName":"search_term_string"}}],"inLanguage":"en-US"},{"@type":"Organization","@id":"https:\/\/www.he-arc.ch\/en\/#organization","name":"Haute Ecole Arc","url":"https:\/\/www.he-arc.ch\/en\/","logo":{"@type":"ImageObject","inLanguage":"en-US","@id":"https:\/\/www.he-arc.ch\/en\/#\/schema\/logo\/image\/","url":"https:\/\/www.he-arc.ch\/wp-content\/uploads\/2022\/01\/logo-he-arc.svg","contentUrl":"https:\/\/www.he-arc.ch\/wp-content\/uploads\/2022\/01\/logo-he-arc.svg","width":140,"height":42,"caption":"Haute Ecole Arc"},"image":{"@id":"https:\/\/www.he-arc.ch\/en\/#\/schema\/logo\/image\/"}}]}},"_links":{"self":[{"href":"https:\/\/www.he-arc.ch\/en\/wp-json\/wp\/v2\/pages\/71121","targetHints":{"allow":["GET"]}}],"collection":[{"href":"https:\/\/www.he-arc.ch\/en\/wp-json\/wp\/v2\/pages"}],"about":[{"href":"https:\/\/www.he-arc.ch\/en\/wp-json\/wp\/v2\/types\/page"}],"author":[{"embeddable":true,"href":"https:\/\/www.he-arc.ch\/en\/wp-json\/wp\/v2\/users\/6"}],"replies":[{"embeddable":true,"href":"https:\/\/www.he-arc.ch\/en\/wp-json\/wp\/v2\/comments?post=71121"}],"version-history":[{"count":9,"href":"https:\/\/www.he-arc.ch\/en\/wp-json\/wp\/v2\/pages\/71121\/revisions"}],"predecessor-version":[{"id":71319,"href":"https:\/\/www.he-arc.ch\/en\/wp-json\/wp\/v2\/pages\/71121\/revisions\/71319"}],"wp:attachment":[{"href":"https:\/\/www.he-arc.ch\/en\/wp-json\/wp\/v2\/media?parent=71121"}],"wp:term":[{"taxonomy":"he-arc_domain","embeddable":true,"href":"https:\/\/www.he-arc.ch\/en\/wp-json\/wp\/v2\/he-arc_domain?post=71121"}],"curies":[{"name":"wp","href":"https:\/\/api.w.org\/{rel}","templated":true}]}}