{"id":71320,"date":"2021-11-05T13:37:39","date_gmt":"2021-11-05T12:37:39","guid":{"rendered":"https:\/\/www.he-arc.ch\/en\/?p=71320"},"modified":"2025-08-19T09:56:40","modified_gmt":"2025-08-19T07:56:40","slug":"agile-academy","status":"publish","type":"page","link":"https:\/\/www.he-arc.ch\/en\/engineering\/innovation-labs\/agile-academy\/","title":{"rendered":"Agile Academy"},"content":{"rendered":"<header class=\"hero-section is-simple page-max is-wide\">\n  <div class=\"hero\">\n    <div class=\"hero-nav page-max\">\n      \n  <div class=\"breadcrumb hidden-print\">\n    <div class=\"breadcrumb-house\"><img decoding=\"async\" src=\"https:\/\/www.he-arc.ch\/wp-content\/themes\/he-arc\/static\/images\/icon-house.svg\" loading=\"lazy\" alt=\"\" height=\"12\"><\/div>\n    <a href=\"https:\/\/www.he-arc.ch\/en\/\" class=\"breadcrumb-link\">HE-Arc<\/a>\n    <div class=\"breadcrumb-bullet\"><\/div>\n\n          <a href=\"\/\/\" class=\"breadcrumb-link\"><\/a>\n      <div class=\"breadcrumb-bullet\"><\/div>\n    \n    \n              \n    \n    \n          \n      \n      <a href=\"https:\/\/www.he-arc.ch\/en\/engineering\/innovation-labs\/\" class=\"breadcrumb-link\">Innovation Labs<\/a>\n      <div class=\"breadcrumb-bullet\"><\/div>\n    \n    <span class=\"breadcrumb-link is-active pointer-none\">Agile Academy<\/span>\n  <\/div>\n\n          <\/div>\n    <div class=\"hero-row is-simple page-max\">\n      <div>\n        <span class=\"hero__overline display-block\"><\/span>\n        <h1 class=\"hero__title is-small\">Agile Academy<\/h1>\n      <\/div>\n    <\/div>\n  <\/div>\n<\/header>\n\n\n<section class=\"page-section\">\n\n  <div class=\"page-menu--mobile is-shadowed--bold\">\n    <a href=\"#sidebar_contact\" class=\"btn-link border-none w-inline-block\">\n      <span class=\"btn-link__title is-goto\">Contact and Infos<\/span>\n    <\/a>\n  <\/div>\n\n  <div class=\"page-section__inner page-max\">\n\n    <div class=\"article__content is-with-aside\">\n\n      <div class=\"rich-text w-richtext\">\n                \n<div class=\"article__intro rich-text is-large w-richtext\">\n      <p>The Agile Academy is a modular training platform in Lean, a partnership between Richemont and the Arc School of Engineering, which aims at optimizing value creation processes by implementing solutions that are accepted by all.<\/p>\n\n  <\/div>\n\n\n<div class=\"video-card-wrapper  is-not-contained \">\n                    <ul class=\"flex-row w-list-unstyled  \">\n                              <li class=\"size-full size-full-mobile\">\n              <a class=\"video-card is-shadowed js-open-video \" href=\"https:\/\/www.youtube.com\/embed\/Hqs-FejicmI\/142216434?autoplay=1\">\n                <div class=\"image-wrapper--landscape\" style=\"background-image: url(https:\/\/www.he-arc.ch\/wp-content\/uploads\/2021\/08\/agile-academy-video-1024x572.jpg)\">\n                  <div class=\"btn-play is-centered\">&nbsp;<\/div>\n                <\/div>\n                <div class=\"video-card__info\">\n                                    <div class=\"video-card__meta\">\n                    <h3 class=\"video-card__overline\">A Richemont &#8211; Arc School of Engineering partnership<\/h3>\n                  <\/div>\n                                    <h3 class=\"video-card__title\">Presentation of the Agile Academy<\/h3>\n                <\/div>\n              <\/a>\n            <\/li>\n                                          <\/ul>\n      <\/div>\n\n\n\n\n<p>In order to thrive in an increasingly demanding, complex, and volatile world, it is essential to challenge habits by developing collective intelligence, problem solving, and individual empowerment.<\/p>\n\n\n\n<h2 class=\"wp-block-heading\" id=\"title1\">Objectives<\/h2>\n\n\n\n<p>Lean is not just a simple toolbox. A Lean manager must be able to engage, challenge, empower, and support their teams with kindness. We believe that this \u201csoft skills\u201d dimension is key to growing teams and sustaining any continuous improvement initiative.<\/p>\n\n\n\n<p>The Agile Academy was created to help you in your efforts.<\/p>\n\n\n\n<div class=\"full-quote\" id=\"full-quote-block_06a43a8af81fa1caae73317daf259aeb\">\n  <blockquote class=\"full-quote__body\">\n    LEAN is much more than a toolbox. Above all, it is a mindset.\n  <\/blockquote>\n  <\/div>\n\n\n\n<h2 class=\"wp-block-heading\" id=\"competencesactivites\">Activities<\/h2>\n\n\n\n<div class=\"accordion-wrapper mt-4 \">\n    <!--div class=\"page-max\">\n    <h2 class=\"section-subtitle is-large\"><\/h2>\n  <\/div-->\n  \n\n<div class=\"mb-2-5 \">\n    <div id=\"accordion-block_1029498ca832e1f5cb681fba11e97309\"\n      class=\" accordion-item collapsed is-shadowed is-compact\"\n      data-toggle=\"collapse\" data-target=\"#accordion-pane-block_1029498ca832e1f5cb681fba11e97309\">\n    <div class=\"accordion-item__heading\">\n      <h2 class=\"accordion-item__title  is-small\">Discovering Lean<\/h2>\n    <\/div>\n    <span class=\"accordion-item__toggle hidden-print collapsed w-inline-block\">\n      <span class=\"plus-bar-1\"><\/span>\n      <span class=\"plus-bar-2\"><\/span>\n    <\/span>\n  <\/div>\n\n  <div id=\"accordion-pane-block_1029498ca832e1f5cb681fba11e97309\" class=\"accordion-pane show-print collapse \">\n    <div class=\"rich-text mt-2 w-richtext\">\n\n      \n\n<p><\/p>\n\n\n\n<div class=\"cta-cards  \">\n\n    \n      \n        <ul class=\"flex-row mt-3 w-list-unstyled\">\n              <li class=\"size-1-2 size-full-mobile\">\n  \n    <a href=\"https:\/\/www.he-arc.ch\/en\/engineering\/continuing-education\/discovering-lean-philosophy-production\/\"  class=\"cta-card is-shadowed \">\n  \n        \n    <div class=\"cta-card__inner is-with-arrow\">\n            <h3 class=\"cta-card__title pretty-underline is-large\">Discovering LEAN philosophy: Production<\/h3>\n      <p class=\"cta-card__description\"><\/p>\n              <span class=\"icon-arrow-right cta-card__arrow\" \/>\n          <\/div>\n    <\/a>\n  <\/li>\n              <li class=\"size-1-2 size-full-mobile\">\n  \n    <a href=\"https:\/\/www.he-arc.ch\/en\/engineering\/continuing-education\/discovering-lean-philosophy-rd\/\"  class=\"cta-card is-shadowed \">\n  \n        \n    <div class=\"cta-card__inner is-with-arrow\">\n            <h3 class=\"cta-card__title pretty-underline is-large\">Discovering LEAN philosophy: R&#038;D<\/h3>\n      <p class=\"cta-card__description\"><\/p>\n              <span class=\"icon-arrow-right cta-card__arrow\" \/>\n          <\/div>\n    <\/a>\n  <\/li>\n          <\/ul>\n\n    \n  \n<\/div>\n\n    <\/div>\n  <\/div>\n<\/div>\n\n\n\n<div class=\"mb-2-5 \">\n    <div id=\"accordion-block_694deceb739d41084fb7cd30b78c8f61\"\n      class=\" accordion-item collapsed is-shadowed is-compact\"\n      data-toggle=\"collapse\" data-target=\"#accordion-pane-block_694deceb739d41084fb7cd30b78c8f61\">\n    <div class=\"accordion-item__heading\">\n      <h2 class=\"accordion-item__title  is-small\">Lean Manufacturing Certification<\/h2>\n    <\/div>\n    <span class=\"accordion-item__toggle hidden-print collapsed w-inline-block\">\n      <span class=\"plus-bar-1\"><\/span>\n      <span class=\"plus-bar-2\"><\/span>\n    <\/span>\n  <\/div>\n\n  <div id=\"accordion-pane-block_694deceb739d41084fb7cd30b78c8f61\" class=\"accordion-pane show-print collapse \">\n    <div class=\"rich-text mt-2 w-richtext\">\n\n      \n\n<p><\/p>\n\n\n\n<div class=\"cta-cards  \">\n\n    \n      \n        <ul class=\"flex-row mt-3 w-list-unstyled\">\n              <li class=\"size-1-2 size-full-mobile\">\n  \n    <a href=\"https:\/\/www.he-arc.ch\/en\/engineering\/continuing-education\/yellow-belt-training\/\"  class=\"cta-card is-shadowed \">\n  \n        \n    <div class=\"cta-card__inner is-with-arrow\">\n            <h3 class=\"cta-card__title pretty-underline is-large\">Yellow Belt Training<\/h3>\n      <p class=\"cta-card__description\"><\/p>\n              <span class=\"icon-arrow-right cta-card__arrow\" \/>\n          <\/div>\n    <\/a>\n  <\/li>\n              <li class=\"size-1-2 size-full-mobile\">\n  \n    <a href=\"https:\/\/www.he-arc.ch\/en\/engineering\/continuing-education\/green-belt-training\/\"  class=\"cta-card is-shadowed \">\n  \n        \n    <div class=\"cta-card__inner is-with-arrow\">\n            <h3 class=\"cta-card__title pretty-underline is-large\">Green Belt Training<\/h3>\n      <p class=\"cta-card__description\"><\/p>\n              <span class=\"icon-arrow-right cta-card__arrow\" \/>\n          <\/div>\n    <\/a>\n  <\/li>\n          <\/ul>\n\n    \n  \n<\/div>\n\n    <\/div>\n  <\/div>\n<\/div>\n\n\n\n<div class=\"mb-2-5 \">\n    <div id=\"accordion-block_f822432f947d4d64156f5548f519b2a0\"\n      class=\" accordion-item collapsed is-shadowed is-compact\"\n      data-toggle=\"collapse\" data-target=\"#accordion-pane-block_f822432f947d4d64156f5548f519b2a0\">\n    <div class=\"accordion-item__heading\">\n      <h2 class=\"accordion-item__title  is-small\">Lean deployment within your company<\/h2>\n    <\/div>\n    <span class=\"accordion-item__toggle hidden-print collapsed w-inline-block\">\n      <span class=\"plus-bar-1\"><\/span>\n      <span class=\"plus-bar-2\"><\/span>\n    <\/span>\n  <\/div>\n\n  <div id=\"accordion-pane-block_f822432f947d4d64156f5548f519b2a0\" class=\"accordion-pane show-print collapse \">\n    <div class=\"rich-text mt-2 w-richtext\">\n\n      \n\n<p>We are offering a new accelerated course in <a href=\"https:\/\/www.he-arc.ch\/engineering\/continuing-education\/turboformation-lean-manufacturing-applique\/\">Applied Lean Manufacturing<\/a>.<\/p>\n\n\n    <\/div>\n  <\/div>\n<\/div>\n\n\n<\/div>\n\n\n            <\/div>\n\n    <\/div>\n\n    <div class=\"article__aside w-100p\" id=\"sidebar_contact\">\n\n  <aside class=\"page-section__aside\">\n    <\/aside>\n\n      <div class=\" w-100p\">\n              <h4 class=\"link-list__title\">Contact<\/h4>\n        \n<div id=\"contact-card-block_d282b3f7e8f86a688a9dde6cf3c3b872\" class=\"contact-card is-shadowed  is-not-contained\">\n  <div class=\"contact-card__inner\">\n                <div class=\"contact-entry mb-1\">\n        Head of the Agile Academy:\n      <\/div>\n                      <div class=\"contact-entry mb-1\">\n        Patrick Neuenschwander\n      <\/div>\n                      <div class=\"contact-entry mb-1\">\n        <a href=\"tel:+41329301839\"  class=\"simple-link contact-entry mb-1\">+ 41 32 930 18 39<\/a>\n      <\/div>\n                      <div class=\"contact-entry \">\n        <a href=\"mailto:patrick.neuenschwander@he-arc.ch\"  class=\"simple-link contact-entry mb-1\">patrick.neuenschwander@he-arc.ch<\/a>\n      <\/div>\n            <\/div>\n<\/div>\n          <\/div>\n\n  <\/div>\n\n  <\/div>\n<\/section>\n","protected":false},"excerpt":{"rendered":"","protected":false},"author":6,"featured_media":0,"parent":37947,"menu_order":0,"comment_status":"closed","ping_status":"closed","template":"","meta":{"_acf_changed":false,"footnotes":""},"he-arc_domain":[150],"class_list":["post-71320","page","type-page","status-publish","hentry","he-arc_domain-engineering"],"acf":[],"yoast_head":"<!-- This site is optimized with the Yoast SEO plugin v26.6 - https:\/\/yoast.com\/wordpress\/plugins\/seo\/ -->\n<title>Agile Academy - Haute-Ecole Arc<\/title>\n<meta name=\"description\" content=\"Short continuing education sessions at the Agile Academy, a partnership between the Arc School of Engineering and Richemont: Lean, process optimization, Yellow and Green Belt certification.\" \/>\n<meta name=\"robots\" content=\"index, follow, max-snippet:-1, max-image-preview:large, max-video-preview:-1\" \/>\n<link rel=\"canonical\" href=\"https:\/\/www.he-arc.ch\/en\/engineering\/innovation-labs\/agile-academy\/\" \/>\n<meta property=\"og:locale\" content=\"en_US\" \/>\n<meta property=\"og:type\" content=\"article\" \/>\n<meta property=\"og:title\" content=\"Agile Academy - Haute-Ecole Arc\" \/>\n<meta property=\"og:description\" content=\"Short continuing education sessions at the Agile Academy, a partnership between the Arc School of Engineering and Richemont: Lean, process optimization, Yellow and Green Belt certification.\" \/>\n<meta property=\"og:url\" content=\"https:\/\/www.he-arc.ch\/en\/engineering\/innovation-labs\/agile-academy\/\" \/>\n<meta property=\"og:site_name\" content=\"Haute-Ecole Arc\" \/>\n<meta property=\"article:modified_time\" content=\"2025-08-19T07:56:40+00:00\" \/>\n<meta name=\"twitter:card\" content=\"summary_large_image\" \/>\n<meta name=\"twitter:label1\" content=\"Est. reading time\" \/>\n\t<meta name=\"twitter:data1\" content=\"1 minute\" \/>\n<script type=\"application\/ld+json\" class=\"yoast-schema-graph\">{\"@context\":\"https:\/\/schema.org\",\"@graph\":[{\"@type\":\"WebPage\",\"@id\":\"https:\/\/www.he-arc.ch\/en\/engineering\/innovation-labs\/agile-academy\/\",\"url\":\"https:\/\/www.he-arc.ch\/en\/engineering\/innovation-labs\/agile-academy\/\",\"name\":\"Agile Academy - Haute-Ecole Arc\",\"isPartOf\":{\"@id\":\"https:\/\/www.he-arc.ch\/en\/#website\"},\"datePublished\":\"2021-11-05T12:37:39+00:00\",\"dateModified\":\"2025-08-19T07:56:40+00:00\",\"description\":\"Short continuing education sessions at the Agile Academy, a partnership between the Arc School of Engineering and Richemont: Lean, process optimization, Yellow and Green Belt certification.\",\"breadcrumb\":{\"@id\":\"https:\/\/www.he-arc.ch\/en\/engineering\/innovation-labs\/agile-academy\/#breadcrumb\"},\"inLanguage\":\"en-US\",\"potentialAction\":[{\"@type\":\"ReadAction\",\"target\":[\"https:\/\/www.he-arc.ch\/en\/engineering\/innovation-labs\/agile-academy\/\"]}]},{\"@type\":\"BreadcrumbList\",\"@id\":\"https:\/\/www.he-arc.ch\/en\/engineering\/innovation-labs\/agile-academy\/#breadcrumb\",\"itemListElement\":[{\"@type\":\"ListItem\",\"position\":1,\"name\":\"Accueil\",\"item\":\"https:\/\/www.he-arc.ch\/en\/\"},{\"@type\":\"ListItem\",\"position\":2,\"name\":\"Innovation Labs\",\"item\":\"https:\/\/www.he-arc.ch\/en\/engineering\/innovation-labs\/\"},{\"@type\":\"ListItem\",\"position\":3,\"name\":\"Agile Academy\"}]},{\"@type\":\"WebSite\",\"@id\":\"https:\/\/www.he-arc.ch\/en\/#website\",\"url\":\"https:\/\/www.he-arc.ch\/en\/\",\"name\":\"Haute-Ecole Arc\",\"description\":\"Haute \u00e9cole sp\u00e9cialis\u00e9e Suisse. Gestion, Ing\u00e9nierie, Sant\u00e9, Conservation-\u200brestauration.\",\"publisher\":{\"@id\":\"https:\/\/www.he-arc.ch\/en\/#organization\"},\"potentialAction\":[{\"@type\":\"SearchAction\",\"target\":{\"@type\":\"EntryPoint\",\"urlTemplate\":\"https:\/\/www.he-arc.ch\/en\/?s={search_term_string}\"},\"query-input\":{\"@type\":\"PropertyValueSpecification\",\"valueRequired\":true,\"valueName\":\"search_term_string\"}}],\"inLanguage\":\"en-US\"},{\"@type\":\"Organization\",\"@id\":\"https:\/\/www.he-arc.ch\/en\/#organization\",\"name\":\"Haute Ecole Arc\",\"url\":\"https:\/\/www.he-arc.ch\/en\/\",\"logo\":{\"@type\":\"ImageObject\",\"inLanguage\":\"en-US\",\"@id\":\"https:\/\/www.he-arc.ch\/en\/#\/schema\/logo\/image\/\",\"url\":\"https:\/\/www.he-arc.ch\/wp-content\/uploads\/2022\/01\/logo-he-arc.svg\",\"contentUrl\":\"https:\/\/www.he-arc.ch\/wp-content\/uploads\/2022\/01\/logo-he-arc.svg\",\"width\":140,\"height\":42,\"caption\":\"Haute Ecole Arc\"},\"image\":{\"@id\":\"https:\/\/www.he-arc.ch\/en\/#\/schema\/logo\/image\/\"}}]}<\/script>\n<!-- \/ Yoast SEO plugin. -->","yoast_head_json":{"title":"Agile Academy - Haute-Ecole Arc","description":"Short continuing education sessions at the Agile Academy, a partnership between the Arc School of Engineering and Richemont: Lean, process optimization, Yellow and Green Belt certification.","robots":{"index":"index","follow":"follow","max-snippet":"max-snippet:-1","max-image-preview":"max-image-preview:large","max-video-preview":"max-video-preview:-1"},"canonical":"https:\/\/www.he-arc.ch\/en\/engineering\/innovation-labs\/agile-academy\/","og_locale":"en_US","og_type":"article","og_title":"Agile Academy - Haute-Ecole Arc","og_description":"Short continuing education sessions at the Agile Academy, a partnership between the Arc School of Engineering and Richemont: Lean, process optimization, Yellow and Green Belt certification.","og_url":"https:\/\/www.he-arc.ch\/en\/engineering\/innovation-labs\/agile-academy\/","og_site_name":"Haute-Ecole Arc","article_modified_time":"2025-08-19T07:56:40+00:00","twitter_card":"summary_large_image","twitter_misc":{"Est. reading time":"1 minute"},"schema":{"@context":"https:\/\/schema.org","@graph":[{"@type":"WebPage","@id":"https:\/\/www.he-arc.ch\/en\/engineering\/innovation-labs\/agile-academy\/","url":"https:\/\/www.he-arc.ch\/en\/engineering\/innovation-labs\/agile-academy\/","name":"Agile Academy - Haute-Ecole Arc","isPartOf":{"@id":"https:\/\/www.he-arc.ch\/en\/#website"},"datePublished":"2021-11-05T12:37:39+00:00","dateModified":"2025-08-19T07:56:40+00:00","description":"Short continuing education sessions at the Agile Academy, a partnership between the Arc School of Engineering and Richemont: Lean, process optimization, Yellow and Green Belt certification.","breadcrumb":{"@id":"https:\/\/www.he-arc.ch\/en\/engineering\/innovation-labs\/agile-academy\/#breadcrumb"},"inLanguage":"en-US","potentialAction":[{"@type":"ReadAction","target":["https:\/\/www.he-arc.ch\/en\/engineering\/innovation-labs\/agile-academy\/"]}]},{"@type":"BreadcrumbList","@id":"https:\/\/www.he-arc.ch\/en\/engineering\/innovation-labs\/agile-academy\/#breadcrumb","itemListElement":[{"@type":"ListItem","position":1,"name":"Accueil","item":"https:\/\/www.he-arc.ch\/en\/"},{"@type":"ListItem","position":2,"name":"Innovation Labs","item":"https:\/\/www.he-arc.ch\/en\/engineering\/innovation-labs\/"},{"@type":"ListItem","position":3,"name":"Agile Academy"}]},{"@type":"WebSite","@id":"https:\/\/www.he-arc.ch\/en\/#website","url":"https:\/\/www.he-arc.ch\/en\/","name":"Haute-Ecole Arc","description":"Haute \u00e9cole sp\u00e9cialis\u00e9e Suisse. Gestion, Ing\u00e9nierie, Sant\u00e9, Conservation-\u200brestauration.","publisher":{"@id":"https:\/\/www.he-arc.ch\/en\/#organization"},"potentialAction":[{"@type":"SearchAction","target":{"@type":"EntryPoint","urlTemplate":"https:\/\/www.he-arc.ch\/en\/?s={search_term_string}"},"query-input":{"@type":"PropertyValueSpecification","valueRequired":true,"valueName":"search_term_string"}}],"inLanguage":"en-US"},{"@type":"Organization","@id":"https:\/\/www.he-arc.ch\/en\/#organization","name":"Haute Ecole Arc","url":"https:\/\/www.he-arc.ch\/en\/","logo":{"@type":"ImageObject","inLanguage":"en-US","@id":"https:\/\/www.he-arc.ch\/en\/#\/schema\/logo\/image\/","url":"https:\/\/www.he-arc.ch\/wp-content\/uploads\/2022\/01\/logo-he-arc.svg","contentUrl":"https:\/\/www.he-arc.ch\/wp-content\/uploads\/2022\/01\/logo-he-arc.svg","width":140,"height":42,"caption":"Haute Ecole Arc"},"image":{"@id":"https:\/\/www.he-arc.ch\/en\/#\/schema\/logo\/image\/"}}]}},"_links":{"self":[{"href":"https:\/\/www.he-arc.ch\/en\/wp-json\/wp\/v2\/pages\/71320","targetHints":{"allow":["GET"]}}],"collection":[{"href":"https:\/\/www.he-arc.ch\/en\/wp-json\/wp\/v2\/pages"}],"about":[{"href":"https:\/\/www.he-arc.ch\/en\/wp-json\/wp\/v2\/types\/page"}],"author":[{"embeddable":true,"href":"https:\/\/www.he-arc.ch\/en\/wp-json\/wp\/v2\/users\/6"}],"replies":[{"embeddable":true,"href":"https:\/\/www.he-arc.ch\/en\/wp-json\/wp\/v2\/comments?post=71320"}],"version-history":[{"count":5,"href":"https:\/\/www.he-arc.ch\/en\/wp-json\/wp\/v2\/pages\/71320\/revisions"}],"predecessor-version":[{"id":71349,"href":"https:\/\/www.he-arc.ch\/en\/wp-json\/wp\/v2\/pages\/71320\/revisions\/71349"}],"up":[{"embeddable":true,"href":"https:\/\/www.he-arc.ch\/en\/wp-json\/wp\/v2\/pages\/37947"}],"wp:attachment":[{"href":"https:\/\/www.he-arc.ch\/en\/wp-json\/wp\/v2\/media?parent=71320"}],"wp:term":[{"taxonomy":"he-arc_domain","embeddable":true,"href":"https:\/\/www.he-arc.ch\/en\/wp-json\/wp\/v2\/he-arc_domain?post=71320"}],"curies":[{"name":"wp","href":"https:\/\/api.w.org\/{rel}","templated":true}]}}